{"id":3417,"date":"2025-02-12T15:08:52","date_gmt":"2025-02-12T15:08:52","guid":{"rendered":"https:\/\/festival-factory.com\/?page_id=3417"},"modified":"2025-06-24T09:07:01","modified_gmt":"2025-06-24T09:07:01","slug":"cutting-room","status":"publish","type":"page","link":"https:\/\/festival-factory.com\/da\/cutting-room\/","title":{"rendered":"Sk\u00e6rerummet"},"content":{"rendered":"<div class=\"fusion-fullwidth fullwidth-box fusion-builder-row-1 fusion-flex-container has-pattern-background has-mask-background nonhundred-percent-fullwidth non-hundred-percent-height-scrolling\" style=\"--awb-border-radius-top-left:0px;--awb-border-radius-top-right:0px;--awb-border-radius-bottom-right:0px;--awb-border-radius-bottom-left:0px;--awb-flex-wrap:wrap;\" ><div class=\"fusion-builder-row fusion-row fusion-flex-align-items-flex-start fusion-flex-content-wrap\" style=\"max-width:1372.8px;margin-left: calc(-4% \/ 2 );margin-right: calc(-4% \/ 2 );\"><div class=\"fusion-layout-column fusion_builder_column fusion-builder-column-0 fusion_builder_column_1_1 1_1 fusion-flex-column\" style=\"--awb-bg-size:cover;--awb-width-large:100%;--awb-margin-top-large:0px;--awb-spacing-right-large:1.92%;--awb-margin-bottom-large:20px;--awb-spacing-left-large:1.92%;--awb-width-medium:100%;--awb-order-medium:0;--awb-spacing-right-medium:1.92%;--awb-spacing-left-medium:1.92%;--awb-width-small:100%;--awb-order-small:0;--awb-spacing-right-small:1.92%;--awb-spacing-left-small:1.92%;\"><div class=\"fusion-column-wrapper fusion-column-has-shadow fusion-flex-justify-content-flex-start fusion-content-layout-column\"><div class=\"fusion-text fusion-text-1\"><p><span style=\"color: var(--awb-text-color); font-family: var(--awb-text-font-family); font-size: var(--awb-font-size); font-style: var(--awb-text-font-style); font-weight: var(--awb-text-font-weight); letter-spacing: var(--awb-letter-spacing); text-align: var(--awb-content-alignment); text-transform: var(--awb-text-transform); background-color: var(--awb-bg-color-hover);\">Vores interne klipperum er udstyret med topmoderne maskiner, s\u00e5 vi kan opn\u00e5 enest\u00e5ende pr\u00e6cision og effektivitet i produktionen af t\u00f8j og kostumer.<\/span><\/p>\n<p>Til automatiseret sk\u00e6ring bruger vi 2 Lectra auto-cut maskiner, der giver pr\u00e6cis, automatiseret sk\u00e6ring til storskalaproduktion. Derudover tilbyder vores 3 b\u00e5ndknive alsidig stofsk\u00e6ring, mens vores 8 lige knive sikrer detaljerede og n\u00f8jagtige snit til indviklede designs.<\/p>\n<p>Vi har kapacitet til at sk\u00e6re alle typer stof med stor pr\u00e6cision, fra lette materialer til kraftige stoffer, s\u00e5 vi sikrer, at hvert stykke opfylder dine n\u00f8jagtige specifikationer.<\/p>\n<p>Vores lasersk\u00e6ringsteknologi omfatter 3 sublimeringslasersk\u00e6remaskiner, der er perfekte til h\u00f8jpr\u00e6cisionssk\u00e6ring p\u00e5 sublimerede stoffer, og 2 lasersk\u00e6remaskiner, der er designet til at sk\u00e6re sm\u00e5 dele med enest\u00e5ende detaljer og n\u00f8jagtighed.<\/p>\n<p>Med mulighed for at sk\u00e6re op til 6.000 stykker om dagen (afh\u00e6ngigt af stil og dele) underst\u00f8tter vores sk\u00e6rerum store produktionsm\u00e6ngder, hvilket sikrer hurtige omstillinger og samtidig opretholder de h\u00f8jeste kvalitetsstandarder p\u00e5 tv\u00e6rs af alle ordrer.<\/p>\n<\/div><\/div><\/div><\/div><\/div>","protected":false},"excerpt":{"rendered":"","protected":false},"author":1,"featured_media":0,"parent":0,"menu_order":0,"comment_status":"closed","ping_status":"closed","template":"100-width.php","meta":{"_acf_changed":false,"footnotes":""},"class_list":["post-3417","page","type-page","status-publish","hentry"],"acf":[],"yoast_head":"<!-- This site is optimized with the Yoast SEO plugin v27.4 - https:\/\/yoast.com\/product\/yoast-seo-wordpress\/ -->\n<title>Cutting Room - Festival Factory Madagascar<\/title>\n<meta name=\"description\" content=\"Festival Factory\u2019s Cutting Room\u2014automated Lectra, laser, and band-knife cutting with precision and speed, producing up to 6,000 pieces daily.\" \/>\n<meta name=\"robots\" content=\"index, follow, max-snippet:-1, max-image-preview:large, max-video-preview:-1\" \/>\n<link rel=\"canonical\" href=\"https:\/\/festival-factory.com\/da\/cutting-room\/\" \/>\n<meta property=\"og:locale\" content=\"da_DK\" \/>\n<meta property=\"og:type\" content=\"article\" \/>\n<meta property=\"og:title\" content=\"Cutting Room - Festival Factory Madagascar\" \/>\n<meta property=\"og:description\" content=\"Festival Factory\u2019s Cutting Room\u2014automated Lectra, laser, and band-knife cutting with precision and speed, producing up to 6,000 pieces daily.\" \/>\n<meta property=\"og:url\" content=\"https:\/\/festival-factory.com\/da\/cutting-room\/\" \/>\n<meta property=\"og:site_name\" content=\"Festival Factory Madagascar\" \/>\n<meta property=\"article:modified_time\" content=\"2025-06-24T09:07:01+00:00\" \/>\n<meta name=\"twitter:card\" content=\"summary_large_image\" \/>\n<meta name=\"twitter:label1\" content=\"Estimeret l\u00e6setid\" \/>\n\t<meta name=\"twitter:data1\" content=\"1 minut\" \/>\n<script type=\"application\/ld+json\" class=\"yoast-schema-graph\">{\"@context\":\"https:\\\/\\\/schema.org\",\"@graph\":[{\"@type\":\"WebPage\",\"@id\":\"https:\\\/\\\/festival-factory.com\\\/cutting-room\\\/\",\"url\":\"https:\\\/\\\/festival-factory.com\\\/cutting-room\\\/\",\"name\":\"Cutting Room - Festival Factory Madagascar\",\"isPartOf\":{\"@id\":\"https:\\\/\\\/festival-factory.com\\\/#website\"},\"datePublished\":\"2025-02-12T15:08:52+00:00\",\"dateModified\":\"2025-06-24T09:07:01+00:00\",\"description\":\"Festival Factory\u2019s Cutting Room\u2014automated Lectra, laser, and band-knife cutting with precision and speed, producing up to 6,000 pieces daily.\",\"breadcrumb\":{\"@id\":\"https:\\\/\\\/festival-factory.com\\\/cutting-room\\\/#breadcrumb\"},\"inLanguage\":\"da-DK\",\"potentialAction\":[{\"@type\":\"ReadAction\",\"target\":[\"https:\\\/\\\/festival-factory.com\\\/cutting-room\\\/\"]}]},{\"@type\":\"BreadcrumbList\",\"@id\":\"https:\\\/\\\/festival-factory.com\\\/cutting-room\\\/#breadcrumb\",\"itemListElement\":[{\"@type\":\"ListItem\",\"position\":1,\"name\":\"Home\",\"item\":\"https:\\\/\\\/festival-factory.com\\\/\"},{\"@type\":\"ListItem\",\"position\":2,\"name\":\"Cutting Room\"}]},{\"@type\":\"WebSite\",\"@id\":\"https:\\\/\\\/festival-factory.com\\\/#website\",\"url\":\"https:\\\/\\\/festival-factory.com\\\/\",\"name\":\"Festival Factory Madagascar\",\"description\":\"Manufacturing apparel &amp; Costumes with decades of experience\",\"publisher\":{\"@id\":\"https:\\\/\\\/festival-factory.com\\\/#organization\"},\"potentialAction\":[{\"@type\":\"SearchAction\",\"target\":{\"@type\":\"EntryPoint\",\"urlTemplate\":\"https:\\\/\\\/festival-factory.com\\\/?s={search_term_string}\"},\"query-input\":{\"@type\":\"PropertyValueSpecification\",\"valueRequired\":true,\"valueName\":\"search_term_string\"}}],\"inLanguage\":\"da-DK\"},{\"@type\":\"Organization\",\"@id\":\"https:\\\/\\\/festival-factory.com\\\/#organization\",\"name\":\"Festival Factory Madagascar\",\"url\":\"https:\\\/\\\/festival-factory.com\\\/\",\"logo\":{\"@type\":\"ImageObject\",\"inLanguage\":\"da-DK\",\"@id\":\"https:\\\/\\\/festival-factory.com\\\/#\\\/schema\\\/logo\\\/image\\\/\",\"url\":\"https:\\\/\\\/festival-factory.com\\\/wp-content\\\/uploads\\\/2025\\\/02\\\/Festival-Logo.png\",\"contentUrl\":\"https:\\\/\\\/festival-factory.com\\\/wp-content\\\/uploads\\\/2025\\\/02\\\/Festival-Logo.png\",\"width\":2000,\"height\":519,\"caption\":\"Festival Factory Madagascar\"},\"image\":{\"@id\":\"https:\\\/\\\/festival-factory.com\\\/#\\\/schema\\\/logo\\\/image\\\/\"}}]}<\/script>\n<!-- \/ Yoast SEO plugin. -->","yoast_head_json":{"title":"Sk\u00e6rerum - Festival Factory Madagaskar","description":"Festival Factory's Cutting Room - automatiseret Lectra-, laser- og b\u00e5ndknivssk\u00e6ring med pr\u00e6cision og hastighed, der producerer op til 6.000 stykker dagligt.","robots":{"index":"index","follow":"follow","max-snippet":"max-snippet:-1","max-image-preview":"max-image-preview:large","max-video-preview":"max-video-preview:-1"},"canonical":"https:\/\/festival-factory.com\/da\/cutting-room\/","og_locale":"da_DK","og_type":"article","og_title":"Cutting Room - Festival Factory Madagascar","og_description":"Festival Factory\u2019s Cutting Room\u2014automated Lectra, laser, and band-knife cutting with precision and speed, producing up to 6,000 pieces daily.","og_url":"https:\/\/festival-factory.com\/da\/cutting-room\/","og_site_name":"Festival Factory Madagascar","article_modified_time":"2025-06-24T09:07:01+00:00","twitter_card":"summary_large_image","twitter_misc":{"Estimeret l\u00e6setid":"1 minut"},"schema":{"@context":"https:\/\/schema.org","@graph":[{"@type":"WebPage","@id":"https:\/\/festival-factory.com\/cutting-room\/","url":"https:\/\/festival-factory.com\/cutting-room\/","name":"Sk\u00e6rerum - Festival Factory Madagaskar","isPartOf":{"@id":"https:\/\/festival-factory.com\/#website"},"datePublished":"2025-02-12T15:08:52+00:00","dateModified":"2025-06-24T09:07:01+00:00","description":"Festival Factory's Cutting Room - automatiseret Lectra-, laser- og b\u00e5ndknivssk\u00e6ring med pr\u00e6cision og hastighed, der producerer op til 6.000 stykker dagligt.","breadcrumb":{"@id":"https:\/\/festival-factory.com\/cutting-room\/#breadcrumb"},"inLanguage":"da-DK","potentialAction":[{"@type":"ReadAction","target":["https:\/\/festival-factory.com\/cutting-room\/"]}]},{"@type":"BreadcrumbList","@id":"https:\/\/festival-factory.com\/cutting-room\/#breadcrumb","itemListElement":[{"@type":"ListItem","position":1,"name":"Home","item":"https:\/\/festival-factory.com\/"},{"@type":"ListItem","position":2,"name":"Cutting Room"}]},{"@type":"WebSite","@id":"https:\/\/festival-factory.com\/#website","url":"https:\/\/festival-factory.com\/","name":"Festival Factory Madagaskar","description":"Produktion af t\u00f8j og kostumer med \u00e5rtiers erfaring","publisher":{"@id":"https:\/\/festival-factory.com\/#organization"},"potentialAction":[{"@type":"SearchAction","target":{"@type":"EntryPoint","urlTemplate":"https:\/\/festival-factory.com\/?s={search_term_string}"},"query-input":{"@type":"PropertyValueSpecification","valueRequired":true,"valueName":"search_term_string"}}],"inLanguage":"da-DK"},{"@type":"Organization","@id":"https:\/\/festival-factory.com\/#organization","name":"Festival Factory Madagaskar","url":"https:\/\/festival-factory.com\/","logo":{"@type":"ImageObject","inLanguage":"da-DK","@id":"https:\/\/festival-factory.com\/#\/schema\/logo\/image\/","url":"https:\/\/festival-factory.com\/wp-content\/uploads\/2025\/02\/Festival-Logo.png","contentUrl":"https:\/\/festival-factory.com\/wp-content\/uploads\/2025\/02\/Festival-Logo.png","width":2000,"height":519,"caption":"Festival Factory Madagascar"},"image":{"@id":"https:\/\/festival-factory.com\/#\/schema\/logo\/image\/"}}]}},"_links":{"self":[{"href":"https:\/\/festival-factory.com\/da\/wp-json\/wp\/v2\/pages\/3417","targetHints":{"allow":["GET"]}}],"collection":[{"href":"https:\/\/festival-factory.com\/da\/wp-json\/wp\/v2\/pages"}],"about":[{"href":"https:\/\/festival-factory.com\/da\/wp-json\/wp\/v2\/types\/page"}],"author":[{"embeddable":true,"href":"https:\/\/festival-factory.com\/da\/wp-json\/wp\/v2\/users\/1"}],"replies":[{"embeddable":true,"href":"https:\/\/festival-factory.com\/da\/wp-json\/wp\/v2\/comments?post=3417"}],"version-history":[{"count":9,"href":"https:\/\/festival-factory.com\/da\/wp-json\/wp\/v2\/pages\/3417\/revisions"}],"predecessor-version":[{"id":3815,"href":"https:\/\/festival-factory.com\/da\/wp-json\/wp\/v2\/pages\/3417\/revisions\/3815"}],"wp:attachment":[{"href":"https:\/\/festival-factory.com\/da\/wp-json\/wp\/v2\/media?parent=3417"}],"curies":[{"name":"wp","href":"https:\/\/api.w.org\/{rel}","templated":true}]}}