{"id":3421,"date":"2025-02-12T15:10:27","date_gmt":"2025-02-12T15:10:27","guid":{"rendered":"https:\/\/festival-factory.com\/?page_id=3421"},"modified":"2025-06-24T09:23:40","modified_gmt":"2025-06-24T09:23:40","slug":"quality-control","status":"publish","type":"page","link":"https:\/\/festival-factory.com\/da\/quality-control\/","title":{"rendered":"Kvalitetskontrol"},"content":{"rendered":"<p><div class=\"fusion-fullwidth fullwidth-box fusion-builder-row-1 fusion-flex-container has-pattern-background has-mask-background nonhundred-percent-fullwidth non-hundred-percent-height-scrolling\" style=\"--awb-border-radius-top-left:0px;--awb-border-radius-top-right:0px;--awb-border-radius-bottom-right:0px;--awb-border-radius-bottom-left:0px;--awb-flex-wrap:wrap;\" ><div class=\"fusion-builder-row fusion-row fusion-flex-align-items-flex-start fusion-flex-content-wrap\" style=\"max-width:1372.8px;margin-left: calc(-4% \/ 2 );margin-right: calc(-4% \/ 2 );\"><div class=\"fusion-layout-column fusion_builder_column fusion-builder-column-0 fusion_builder_column_1_1 1_1 fusion-flex-column\" style=\"--awb-bg-size:cover;--awb-width-large:100%;--awb-margin-top-large:0px;--awb-spacing-right-large:1.92%;--awb-margin-bottom-large:20px;--awb-spacing-left-large:1.92%;--awb-width-medium:100%;--awb-order-medium:0;--awb-spacing-right-medium:1.92%;--awb-spacing-left-medium:1.92%;--awb-width-small:100%;--awb-order-small:0;--awb-spacing-right-small:1.92%;--awb-spacing-left-small:1.92%;\"><div class=\"fusion-column-wrapper fusion-column-has-shadow fusion-flex-justify-content-flex-start fusion-content-layout-column\"><div class=\"fusion-text fusion-text-1\"><p><span style=\"color: var(--awb-text-color); font-family: var(--awb-text-font-family); font-size: var(--awb-font-size); font-style: var(--awb-text-font-style); font-weight: var(--awb-text-font-weight); letter-spacing: var(--awb-letter-spacing); text-align: var(--awb-content-alignment); text-transform: var(--awb-text-transform); background-color: var(--awb-bg-color-hover);\">Vores produktionslinjer er designet til at sikre kvalitetskontrol i hvert trin, fra stofudv\u00e6lgelse til pakning, med in-line kontrol til l\u00f8bende overv\u00e5gning under hele fremstillingsprocessen. Denne omhyggelige tilgang garanterer, at hvert stykke t\u00f8j lever op til vores h\u00f8je kvalitetsstandarder.<\/span><\/p>\n<p>Alle produkter gennemg\u00e5r grundige tests for at overholde reglerne for b\u00f8rnesikkerhed, hvilket sikrer overholdelse p\u00e5 alle markeder og opretholder de h\u00f8jeste sikkerhedsstandarder for dine kunder.<\/p>\n<p>For at give ekstra ro i sindet bliver alle indk\u00f8bsordrer (PO'er) sendt gennem metaldetektorer og underkastet en endelig revision f\u00f8r afsendelse. Under hele produktionsprocessen foretager vi l\u00f8bende revisioner og kontroller for at sikre fejlfri udf\u00f8relse og produktintegritet.<\/p>\n<p>Vi er SMETA-certificeret for etisk forretningspraksis og overholdelse af regler, og vores fabrik er Tesco-auditeret, hvilket yderligere viser vores engagement i branchens f\u00f8rende standarder for produktion og sikkerhed.<\/p>\n<\/div><\/div><\/div><\/div><\/div><div class=\"fusion-fullwidth fullwidth-box fusion-builder-row-2 fusion-flex-container has-pattern-background has-mask-background nonhundred-percent-fullwidth non-hundred-percent-height-scrolling\" style=\"--awb-border-radius-top-left:0px;--awb-border-radius-top-right:0px;--awb-border-radius-bottom-right:0px;--awb-border-radius-bottom-left:0px;--awb-flex-wrap:wrap;\" ><div class=\"fusion-builder-row fusion-row fusion-flex-align-items-flex-start fusion-flex-content-wrap\" style=\"max-width:1372.8px;margin-left: calc(-4% \/ 2 );margin-right: calc(-4% \/ 2 );\"><div class=\"fusion-layout-column fusion_builder_column fusion-builder-column-1 fusion_builder_column_1_3 1_3 fusion-flex-column\" style=\"--awb-bg-size:cover;--awb-width-large:33.333333333333%;--awb-margin-top-large:0px;--awb-spacing-right-large:5.76%;--awb-margin-bottom-large:20px;--awb-spacing-left-large:5.76%;--awb-width-medium:33.333333333333%;--awb-order-medium:0;--awb-spacing-right-medium:5.76%;--awb-spacing-left-medium:5.76%;--awb-width-small:100%;--awb-order-small:0;--awb-spacing-right-small:1.92%;--awb-spacing-left-small:1.92%;\"><div class=\"fusion-column-wrapper fusion-column-has-shadow fusion-flex-justify-content-flex-start fusion-content-layout-column\"><div class=\"fusion-image-element\" style=\"--awb-caption-title-font-family:var(--h2_typography-font-family);--awb-caption-title-font-weight:var(--h2_typography-font-weight);--awb-caption-title-font-style:var(--h2_typography-font-style);--awb-caption-title-size:var(--h2_typography-font-size);--awb-caption-title-transform:var(--h2_typography-text-transform);--awb-caption-title-line-height:var(--h2_typography-line-height);--awb-caption-title-letter-spacing:var(--h2_typography-letter-spacing);\"><span class=\"fusion-imageframe imageframe-none imageframe-1 hover-type-none\"><a class=\"fusion-no-lightbox\" href=\"https:\/\/www.oeko-tex.com\/\" target=\"_blank\" aria-label=\"Oeko_tex_-_umbrella_brand_-_11_2022.svg\" rel=\"noopener noreferrer\"><img decoding=\"async\" width=\"300\" height=\"300\" src=\"https:\/\/festival-factory.com\/wp-content\/uploads\/2025\/04\/Oeko_tex_-_umbrella_brand_-_11_2022.svg.png\" data-orig-src=\"https:\/\/festival-factory.com\/wp-content\/uploads\/2025\/04\/Oeko_tex_-_umbrella_brand_-_11_2022.svg-300x300.png\" alt class=\"lazyload img-responsive wp-image-3680\" srcset=\"data:image\/svg+xml,%3Csvg%20xmlns%3D%27http%3A%2F%2Fwww.w3.org%2F2000%2Fsvg%27%20width%3D%271200%27%20height%3D%271200%27%20viewBox%3D%270%200%201200%201200%27%3E%3Crect%20width%3D%271200%27%20height%3D%271200%27%20fill-opacity%3D%220%22%2F%3E%3C%2Fsvg%3E\" data-srcset=\"https:\/\/festival-factory.com\/wp-content\/uploads\/2025\/04\/Oeko_tex_-_umbrella_brand_-_11_2022.svg-200x200.png 200w, https:\/\/festival-factory.com\/wp-content\/uploads\/2025\/04\/Oeko_tex_-_umbrella_brand_-_11_2022.svg-400x400.png 400w, https:\/\/festival-factory.com\/wp-content\/uploads\/2025\/04\/Oeko_tex_-_umbrella_brand_-_11_2022.svg-600x600.png 600w, https:\/\/festival-factory.com\/wp-content\/uploads\/2025\/04\/Oeko_tex_-_umbrella_brand_-_11_2022.svg-800x800.png 800w, https:\/\/festival-factory.com\/wp-content\/uploads\/2025\/04\/Oeko_tex_-_umbrella_brand_-_11_2022.svg.png 1200w\" data-sizes=\"auto\" data-orig-sizes=\"(max-width: 850px) 100vw, 400px\" \/><\/a><\/span><\/div><\/div><\/div><div class=\"fusion-layout-column fusion_builder_column fusion-builder-column-2 fusion_builder_column_2_3 2_3 fusion-flex-column\" style=\"--awb-bg-size:cover;--awb-width-large:66.666666666667%;--awb-margin-top-large:0px;--awb-spacing-right-large:2.88%;--awb-margin-bottom-large:20px;--awb-spacing-left-large:2.88%;--awb-width-medium:66.666666666667%;--awb-order-medium:0;--awb-spacing-right-medium:2.88%;--awb-spacing-left-medium:2.88%;--awb-width-small:100%;--awb-order-small:0;--awb-spacing-right-small:1.92%;--awb-spacing-left-small:1.92%;\"><div class=\"fusion-column-wrapper fusion-column-has-shadow fusion-flex-justify-content-flex-start fusion-content-layout-column\"><div class=\"fusion-text fusion-text-2\"><p><b>Forpligtelse til kvalitet og sikkerhed med OEKO-TEX\u00ae-certificering<\/b><\/p>\n<p>Hos Festival Factory er vi forpligtet til at sikre de h\u00f8jeste standarder for kvalitet og sikkerhed i alle de produkter, vi fremstiller. Som en del af vores engagement i ansvarlig produktion er vi stolte af at b\u00e6re OEKO-TEX\u00ae-certificeringen, en internationalt anerkendt standard for tekstiler.<\/p>\n<p>OEKO-TEX\u00ae er et certificeringssystem, der sikrer, at vores produkter er fri for skadelige stoffer og sikre for menneskers sundhed. Denne certificering garanterer, at de materialer, der bruges i vores t\u00f8j og produkter, gennemg\u00e5r strenge tests for skadelige kemikalier, hvilket sikrer, at de opfylder strenge sikkerheds- og milj\u00f8kriterier. Uanset om det drejer sig om stof, farvestoffer eller f\u00e6rdige produkter, testes alle vores OEKO-TEX\u00ae-certificerede varer for skadelige stoffer, hvilket giver vores kunder ro i sindet og sikkerhed for, at de v\u00e6lger produkter, der er fremstillet med omtanke for b\u00e5de mennesker og planeten.<\/p>\n<p>N\u00e5r du v\u00e6lger OEKO-TEX\u00ae-certificerede produkter fra Festival Factory, kan du stole p\u00e5, at du v\u00e6lger b\u00e6redygtige varer af h\u00f8j kvalitet, som prioriterer b\u00e5de sikkerhed og milj\u00f8p\u00e5virkning.<\/p>\n<\/div><\/div><\/div><\/div><\/div><div class=\"fusion-fullwidth fullwidth-box fusion-builder-row-3 fusion-flex-container has-pattern-background has-mask-background nonhundred-percent-fullwidth non-hundred-percent-height-scrolling\" style=\"--awb-border-radius-top-left:0px;--awb-border-radius-top-right:0px;--awb-border-radius-bottom-right:0px;--awb-border-radius-bottom-left:0px;--awb-flex-wrap:wrap;\" ><div class=\"fusion-builder-row fusion-row fusion-flex-align-items-flex-start fusion-flex-content-wrap\" style=\"max-width:1372.8px;margin-left: calc(-4% \/ 2 );margin-right: calc(-4% \/ 2 );\"><div class=\"fusion-layout-column fusion_builder_column fusion-builder-column-3 fusion_builder_column_1_3 1_3 fusion-flex-column\" style=\"--awb-bg-size:cover;--awb-width-large:33.333333333333%;--awb-margin-top-large:0px;--awb-spacing-right-large:5.76%;--awb-margin-bottom-large:20px;--awb-spacing-left-large:5.76%;--awb-width-medium:33.333333333333%;--awb-order-medium:0;--awb-spacing-right-medium:5.76%;--awb-spacing-left-medium:5.76%;--awb-width-small:100%;--awb-order-small:0;--awb-spacing-right-small:1.92%;--awb-spacing-left-small:1.92%;\"><div class=\"fusion-column-wrapper fusion-column-has-shadow fusion-flex-justify-content-flex-start fusion-content-layout-column\"><div class=\"fusion-image-element\" style=\"--awb-caption-title-font-family:var(--h2_typography-font-family);--awb-caption-title-font-weight:var(--h2_typography-font-weight);--awb-caption-title-font-style:var(--h2_typography-font-style);--awb-caption-title-size:var(--h2_typography-font-size);--awb-caption-title-transform:var(--h2_typography-text-transform);--awb-caption-title-line-height:var(--h2_typography-line-height);--awb-caption-title-letter-spacing:var(--h2_typography-letter-spacing);\"><span class=\"fusion-imageframe imageframe-none imageframe-2 hover-type-none\"><a class=\"fusion-no-lightbox\" href=\"https:\/\/www.sedex.com\/\" target=\"_blank\" aria-label=\"smeta-logo\" rel=\"noopener noreferrer\"><img decoding=\"async\" width=\"300\" height=\"158\" src=\"https:\/\/festival-factory.com\/wp-content\/uploads\/2025\/04\/smeta-logo.jpeg\" data-orig-src=\"https:\/\/festival-factory.com\/wp-content\/uploads\/2025\/04\/smeta-logo-300x158.jpeg\" alt class=\"lazyload img-responsive wp-image-3679\" srcset=\"data:image\/svg+xml,%3Csvg%20xmlns%3D%27http%3A%2F%2Fwww.w3.org%2F2000%2Fsvg%27%20width%3D%271200%27%20height%3D%27630%27%20viewBox%3D%270%200%201200%20630%27%3E%3Crect%20width%3D%271200%27%20height%3D%27630%27%20fill-opacity%3D%220%22%2F%3E%3C%2Fsvg%3E\" data-srcset=\"https:\/\/festival-factory.com\/wp-content\/uploads\/2025\/04\/smeta-logo-200x105.jpeg 200w, https:\/\/festival-factory.com\/wp-content\/uploads\/2025\/04\/smeta-logo-400x210.jpeg 400w, https:\/\/festival-factory.com\/wp-content\/uploads\/2025\/04\/smeta-logo-600x315.jpeg 600w, https:\/\/festival-factory.com\/wp-content\/uploads\/2025\/04\/smeta-logo-800x420.jpeg 800w, https:\/\/festival-factory.com\/wp-content\/uploads\/2025\/04\/smeta-logo.jpeg 1200w\" data-sizes=\"auto\" data-orig-sizes=\"(max-width: 850px) 100vw, 400px\" \/><\/a><\/span><\/div><\/div><\/div><div class=\"fusion-layout-column fusion_builder_column fusion-builder-column-4 fusion_builder_column_2_3 2_3 fusion-flex-column\" style=\"--awb-bg-size:cover;--awb-width-large:66.666666666667%;--awb-margin-top-large:0px;--awb-spacing-right-large:2.88%;--awb-margin-bottom-large:20px;--awb-spacing-left-large:2.88%;--awb-width-medium:66.666666666667%;--awb-order-medium:0;--awb-spacing-right-medium:2.88%;--awb-spacing-left-medium:2.88%;--awb-width-small:100%;--awb-order-small:0;--awb-spacing-right-small:1.92%;--awb-spacing-left-small:1.92%;\"><div class=\"fusion-column-wrapper fusion-column-has-shadow fusion-flex-justify-content-flex-start fusion-content-layout-column\"><div class=\"fusion-text fusion-text-3\"><p><b>Vores forpligtelse til etisk forretningspraksis med SMETA-certificering<\/b><\/p>\n<p>Hos Festival Factory er vi dedikerede til at opretholde de h\u00f8jeste etiske standarder i alle aspekter af vores aktiviteter. Som en del af vores engagement i socialt ansvar er vi stolte af at v\u00e6re SMETA-certificerede, hvilket viser, at vi overholder de strenge etiske standarder, der er fastsat af Sedex Members Ethical Trade Audit (SMETA).<\/p>\n<p>SMETA er en af de mest udbredte rammer for social auditering i verden. Den fokuserer p\u00e5 fire n\u00f8gleomr\u00e5der: arbejdsstandarder, sundhed og sikkerhed, milj\u00f8p\u00e5virkning og forretningsetik. Gennem SMETA-auditprocessen sikrer vi, at vores fabrik fungerer p\u00e5 en retf\u00e6rdig, sikker og b\u00e6redygtig m\u00e5de, hvor vi behandler vores medarbejdere med v\u00e6rdighed og respekt, samtidig med at vi minimerer vores milj\u00f8p\u00e5virkning og sikrer overholdelse af alle lovkrav.<\/p>\n<p>Vores SMETA-certificering afspejler vores l\u00f8bende indsats for at opretholde principperne om fair trade, arbejdstagerrettigheder og milj\u00f8ansvar og sikrer, at alle vores produkter er fremstillet i overensstemmelse med etisk praksis. Med SMETA styrker vi vores engagement i gennemsigtighed, l\u00f8bende forbedringer og levering af produkter, der ikke kun er af h\u00f8jeste kvalitet, men ogs\u00e5 er etisk produceret.<\/p>\n<\/div><\/div><\/div><\/div><\/div><\/p>","protected":false},"excerpt":{"rendered":"","protected":false},"author":1,"featured_media":0,"parent":0,"menu_order":0,"comment_status":"closed","ping_status":"closed","template":"100-width.php","meta":{"_acf_changed":false,"footnotes":""},"class_list":["post-3421","page","type-page","status-publish","hentry"],"acf":[],"yoast_head":"<!-- This site is optimized with the Yoast SEO plugin v27.4 - https:\/\/yoast.com\/product\/yoast-seo-wordpress\/ -->\n<title>Quality Control - Festival Factory Madagascar<\/title>\n<meta name=\"description\" content=\"Festival Factory ensures top-quality apparel through comprehensive in-line checks, child safety testing, metal detection, OEKO-TEX\u00ae and SMETA certifications.\" \/>\n<meta name=\"robots\" content=\"index, follow, max-snippet:-1, max-image-preview:large, max-video-preview:-1\" \/>\n<link rel=\"canonical\" href=\"https:\/\/festival-factory.com\/da\/quality-control\/\" \/>\n<meta property=\"og:locale\" content=\"da_DK\" \/>\n<meta property=\"og:type\" content=\"article\" \/>\n<meta property=\"og:title\" content=\"Quality Control - Festival Factory Madagascar\" \/>\n<meta property=\"og:description\" content=\"Festival Factory ensures top-quality apparel through comprehensive in-line checks, child safety testing, metal detection, OEKO-TEX\u00ae and SMETA certifications.\" \/>\n<meta property=\"og:url\" content=\"https:\/\/festival-factory.com\/da\/quality-control\/\" \/>\n<meta property=\"og:site_name\" content=\"Festival Factory Madagascar\" \/>\n<meta property=\"article:modified_time\" content=\"2025-06-24T09:23:40+00:00\" \/>\n<meta name=\"twitter:card\" content=\"summary_large_image\" \/>\n<meta name=\"twitter:label1\" content=\"Estimeret l\u00e6setid\" \/>\n\t<meta name=\"twitter:data1\" content=\"3 minutter\" \/>\n<script type=\"application\/ld+json\" class=\"yoast-schema-graph\">{\"@context\":\"https:\\\/\\\/schema.org\",\"@graph\":[{\"@type\":\"WebPage\",\"@id\":\"https:\\\/\\\/festival-factory.com\\\/quality-control\\\/\",\"url\":\"https:\\\/\\\/festival-factory.com\\\/quality-control\\\/\",\"name\":\"Quality Control - Festival Factory Madagascar\",\"isPartOf\":{\"@id\":\"https:\\\/\\\/festival-factory.com\\\/#website\"},\"datePublished\":\"2025-02-12T15:10:27+00:00\",\"dateModified\":\"2025-06-24T09:23:40+00:00\",\"description\":\"Festival Factory ensures top-quality apparel through comprehensive in-line checks, child safety testing, metal detection, OEKO-TEX\u00ae and SMETA certifications.\",\"breadcrumb\":{\"@id\":\"https:\\\/\\\/festival-factory.com\\\/quality-control\\\/#breadcrumb\"},\"inLanguage\":\"da-DK\",\"potentialAction\":[{\"@type\":\"ReadAction\",\"target\":[\"https:\\\/\\\/festival-factory.com\\\/quality-control\\\/\"]}]},{\"@type\":\"BreadcrumbList\",\"@id\":\"https:\\\/\\\/festival-factory.com\\\/quality-control\\\/#breadcrumb\",\"itemListElement\":[{\"@type\":\"ListItem\",\"position\":1,\"name\":\"Home\",\"item\":\"https:\\\/\\\/festival-factory.com\\\/\"},{\"@type\":\"ListItem\",\"position\":2,\"name\":\"Quality Control\"}]},{\"@type\":\"WebSite\",\"@id\":\"https:\\\/\\\/festival-factory.com\\\/#website\",\"url\":\"https:\\\/\\\/festival-factory.com\\\/\",\"name\":\"Festival Factory Madagascar\",\"description\":\"Manufacturing apparel &amp; Costumes with decades of experience\",\"publisher\":{\"@id\":\"https:\\\/\\\/festival-factory.com\\\/#organization\"},\"potentialAction\":[{\"@type\":\"SearchAction\",\"target\":{\"@type\":\"EntryPoint\",\"urlTemplate\":\"https:\\\/\\\/festival-factory.com\\\/?s={search_term_string}\"},\"query-input\":{\"@type\":\"PropertyValueSpecification\",\"valueRequired\":true,\"valueName\":\"search_term_string\"}}],\"inLanguage\":\"da-DK\"},{\"@type\":\"Organization\",\"@id\":\"https:\\\/\\\/festival-factory.com\\\/#organization\",\"name\":\"Festival Factory Madagascar\",\"url\":\"https:\\\/\\\/festival-factory.com\\\/\",\"logo\":{\"@type\":\"ImageObject\",\"inLanguage\":\"da-DK\",\"@id\":\"https:\\\/\\\/festival-factory.com\\\/#\\\/schema\\\/logo\\\/image\\\/\",\"url\":\"https:\\\/\\\/festival-factory.com\\\/wp-content\\\/uploads\\\/2025\\\/02\\\/Festival-Logo.png\",\"contentUrl\":\"https:\\\/\\\/festival-factory.com\\\/wp-content\\\/uploads\\\/2025\\\/02\\\/Festival-Logo.png\",\"width\":2000,\"height\":519,\"caption\":\"Festival Factory Madagascar\"},\"image\":{\"@id\":\"https:\\\/\\\/festival-factory.com\\\/#\\\/schema\\\/logo\\\/image\\\/\"}}]}<\/script>\n<!-- \/ Yoast SEO plugin. -->","yoast_head_json":{"title":"Kvalitetskontrol - Festival Factory Madagaskar","description":"Festival Factory sikrer t\u00f8j i topkvalitet gennem omfattende in-line kontrol, b\u00f8rnesikkerhedstest, metaldetektering, OEKO-TEX\u00ae- og SMETA-certificeringer.","robots":{"index":"index","follow":"follow","max-snippet":"max-snippet:-1","max-image-preview":"max-image-preview:large","max-video-preview":"max-video-preview:-1"},"canonical":"https:\/\/festival-factory.com\/da\/quality-control\/","og_locale":"da_DK","og_type":"article","og_title":"Quality Control - Festival Factory Madagascar","og_description":"Festival Factory ensures top-quality apparel through comprehensive in-line checks, child safety testing, metal detection, OEKO-TEX\u00ae and SMETA certifications.","og_url":"https:\/\/festival-factory.com\/da\/quality-control\/","og_site_name":"Festival Factory Madagascar","article_modified_time":"2025-06-24T09:23:40+00:00","twitter_card":"summary_large_image","twitter_misc":{"Estimeret l\u00e6setid":"3 minutter"},"schema":{"@context":"https:\/\/schema.org","@graph":[{"@type":"WebPage","@id":"https:\/\/festival-factory.com\/quality-control\/","url":"https:\/\/festival-factory.com\/quality-control\/","name":"Kvalitetskontrol - Festival Factory Madagaskar","isPartOf":{"@id":"https:\/\/festival-factory.com\/#website"},"datePublished":"2025-02-12T15:10:27+00:00","dateModified":"2025-06-24T09:23:40+00:00","description":"Festival Factory sikrer t\u00f8j i topkvalitet gennem omfattende in-line kontrol, b\u00f8rnesikkerhedstest, metaldetektering, OEKO-TEX\u00ae- og SMETA-certificeringer.","breadcrumb":{"@id":"https:\/\/festival-factory.com\/quality-control\/#breadcrumb"},"inLanguage":"da-DK","potentialAction":[{"@type":"ReadAction","target":["https:\/\/festival-factory.com\/quality-control\/"]}]},{"@type":"BreadcrumbList","@id":"https:\/\/festival-factory.com\/quality-control\/#breadcrumb","itemListElement":[{"@type":"ListItem","position":1,"name":"Home","item":"https:\/\/festival-factory.com\/"},{"@type":"ListItem","position":2,"name":"Quality Control"}]},{"@type":"WebSite","@id":"https:\/\/festival-factory.com\/#website","url":"https:\/\/festival-factory.com\/","name":"Festival Factory Madagaskar","description":"Produktion af t\u00f8j og kostumer med \u00e5rtiers erfaring","publisher":{"@id":"https:\/\/festival-factory.com\/#organization"},"potentialAction":[{"@type":"SearchAction","target":{"@type":"EntryPoint","urlTemplate":"https:\/\/festival-factory.com\/?s={search_term_string}"},"query-input":{"@type":"PropertyValueSpecification","valueRequired":true,"valueName":"search_term_string"}}],"inLanguage":"da-DK"},{"@type":"Organization","@id":"https:\/\/festival-factory.com\/#organization","name":"Festival Factory Madagaskar","url":"https:\/\/festival-factory.com\/","logo":{"@type":"ImageObject","inLanguage":"da-DK","@id":"https:\/\/festival-factory.com\/#\/schema\/logo\/image\/","url":"https:\/\/festival-factory.com\/wp-content\/uploads\/2025\/02\/Festival-Logo.png","contentUrl":"https:\/\/festival-factory.com\/wp-content\/uploads\/2025\/02\/Festival-Logo.png","width":2000,"height":519,"caption":"Festival Factory Madagascar"},"image":{"@id":"https:\/\/festival-factory.com\/#\/schema\/logo\/image\/"}}]}},"_links":{"self":[{"href":"https:\/\/festival-factory.com\/da\/wp-json\/wp\/v2\/pages\/3421","targetHints":{"allow":["GET"]}}],"collection":[{"href":"https:\/\/festival-factory.com\/da\/wp-json\/wp\/v2\/pages"}],"about":[{"href":"https:\/\/festival-factory.com\/da\/wp-json\/wp\/v2\/types\/page"}],"author":[{"embeddable":true,"href":"https:\/\/festival-factory.com\/da\/wp-json\/wp\/v2\/users\/1"}],"replies":[{"embeddable":true,"href":"https:\/\/festival-factory.com\/da\/wp-json\/wp\/v2\/comments?post=3421"}],"version-history":[{"count":12,"href":"https:\/\/festival-factory.com\/da\/wp-json\/wp\/v2\/pages\/3421\/revisions"}],"predecessor-version":[{"id":3821,"href":"https:\/\/festival-factory.com\/da\/wp-json\/wp\/v2\/pages\/3421\/revisions\/3821"}],"wp:attachment":[{"href":"https:\/\/festival-factory.com\/da\/wp-json\/wp\/v2\/media?parent=3421"}],"curies":[{"name":"wp","href":"https:\/\/api.w.org\/{rel}","templated":true}]}}