{"id":3427,"date":"2025-02-12T15:17:53","date_gmt":"2025-02-12T15:17:53","guid":{"rendered":"https:\/\/festival-factory.com\/?page_id=3427"},"modified":"2025-06-24T09:16:18","modified_gmt":"2025-06-24T09:16:18","slug":"production","status":"publish","type":"page","link":"https:\/\/festival-factory.com\/da\/production\/","title":{"rendered":"Fremstilling og produktion"},"content":{"rendered":"<div class=\"fusion-fullwidth fullwidth-box fusion-builder-row-1 fusion-flex-container has-pattern-background has-mask-background nonhundred-percent-fullwidth non-hundred-percent-height-scrolling\" style=\"--awb-border-radius-top-left:0px;--awb-border-radius-top-right:0px;--awb-border-radius-bottom-right:0px;--awb-border-radius-bottom-left:0px;--awb-flex-wrap:wrap;\" ><div class=\"fusion-builder-row fusion-row fusion-flex-align-items-flex-start fusion-flex-content-wrap\" style=\"max-width:1372.8px;margin-left: calc(-4% \/ 2 );margin-right: calc(-4% \/ 2 );\"><div class=\"fusion-layout-column fusion_builder_column fusion-builder-column-0 fusion_builder_column_1_1 1_1 fusion-flex-column\" style=\"--awb-bg-size:cover;--awb-width-large:100%;--awb-margin-top-large:0px;--awb-spacing-right-large:1.92%;--awb-margin-bottom-large:20px;--awb-spacing-left-large:1.92%;--awb-width-medium:100%;--awb-order-medium:0;--awb-spacing-right-medium:1.92%;--awb-spacing-left-medium:1.92%;--awb-width-small:100%;--awb-order-small:0;--awb-spacing-right-small:1.92%;--awb-spacing-left-small:1.92%;\"><div class=\"fusion-column-wrapper fusion-column-has-shadow fusion-flex-justify-content-flex-start fusion-content-layout-column\"><div class=\"fusion-text fusion-text-1\"><p><span style=\"color: var(--awb-text-color); font-family: var(--awb-text-font-family); font-size: var(--awb-font-size); font-style: var(--awb-text-font-style); font-weight: var(--awb-text-font-weight); letter-spacing: var(--awb-letter-spacing); text-align: var(--awb-content-alignment); text-transform: var(--awb-text-transform); background-color: var(--awb-bg-color);\">P\u00e5 vores Madagaskar-baserede fabrik sikrer vores dygtige team en fleksibel produktionskapacitet, der kan h\u00e5ndtere en lang r\u00e6kke forskellige bekl\u00e6dningstyper. Med 23 dygtige maskinarbejdere p\u00e5 hver af vores 30 produktionslinjer opretholder vi et h\u00f8jt output og en h\u00f8j effektivitet, s\u00e5 vi kan opfylde kravene til ethvert bekl\u00e6dnings- eller kostumeprojekt.<\/span><\/p>\n<p>Ved hj\u00e6lp af avancerede produktionsteknikker leverer vi pr\u00e6cise syninger og holdbarhed, hvilket g\u00f8r os til eksperter i at producere specialiserede kostumer og bekl\u00e6dning af h\u00f8j kvalitet. Vores fokus p\u00e5 pr\u00e6cision sikrer, at hvert eneste stykke t\u00f8j lever op til de h\u00f8jeste h\u00e5ndv\u00e6rksm\u00e6ssige standarder.<\/p>\n<p>Ved at optimere vores arbejdsgange og anvende lean-produktionsprincipper minimerer vi nedetid og maksimerer produktiviteten, hvilket sikrer vores kunder hurtige leveringstider. Vi er forpligtet til l\u00f8bende forbedringer og uddanner altid vores medarbejdere for at sikre en effektiv og fejlfri produktion hver gang.<\/p>\n<\/div><\/div><\/div><\/div><\/div>","protected":false},"excerpt":{"rendered":"","protected":false},"author":1,"featured_media":0,"parent":0,"menu_order":0,"comment_status":"closed","ping_status":"closed","template":"100-width.php","meta":{"_acf_changed":false,"footnotes":""},"class_list":["post-3427","page","type-page","status-publish","hentry"],"acf":[],"yoast_head":"<!-- This site is optimized with the Yoast SEO plugin v27.4 - https:\/\/yoast.com\/product\/yoast-seo-wordpress\/ -->\n<title>Manufacturing &amp; Production - Festival Factory Madagascar<\/title>\n<meta name=\"description\" content=\"Discover Festival Factory\u2019s full-scale production: from pattern-making and sample runs to mass manufacturing, with rigorous quality control and fast turnarounds.\" \/>\n<meta name=\"robots\" content=\"index, follow, max-snippet:-1, max-image-preview:large, max-video-preview:-1\" \/>\n<link rel=\"canonical\" href=\"https:\/\/festival-factory.com\/da\/production\/\" \/>\n<meta property=\"og:locale\" content=\"da_DK\" \/>\n<meta property=\"og:type\" content=\"article\" \/>\n<meta property=\"og:title\" content=\"Manufacturing &amp; Production - Festival Factory Madagascar\" \/>\n<meta property=\"og:description\" content=\"Discover Festival Factory\u2019s full-scale production: from pattern-making and sample runs to mass manufacturing, with rigorous quality control and fast turnarounds.\" \/>\n<meta property=\"og:url\" content=\"https:\/\/festival-factory.com\/da\/production\/\" \/>\n<meta property=\"og:site_name\" content=\"Festival Factory Madagascar\" \/>\n<meta property=\"article:modified_time\" content=\"2025-06-24T09:16:18+00:00\" \/>\n<meta name=\"twitter:card\" content=\"summary_large_image\" \/>\n<meta name=\"twitter:label1\" content=\"Estimeret l\u00e6setid\" \/>\n\t<meta name=\"twitter:data1\" content=\"1 minut\" \/>\n<script type=\"application\/ld+json\" class=\"yoast-schema-graph\">{\"@context\":\"https:\\\/\\\/schema.org\",\"@graph\":[{\"@type\":\"WebPage\",\"@id\":\"https:\\\/\\\/festival-factory.com\\\/production\\\/\",\"url\":\"https:\\\/\\\/festival-factory.com\\\/production\\\/\",\"name\":\"Manufacturing & Production - Festival Factory Madagascar\",\"isPartOf\":{\"@id\":\"https:\\\/\\\/festival-factory.com\\\/#website\"},\"datePublished\":\"2025-02-12T15:17:53+00:00\",\"dateModified\":\"2025-06-24T09:16:18+00:00\",\"description\":\"Discover Festival Factory\u2019s full-scale production: from pattern-making and sample runs to mass manufacturing, with rigorous quality control and fast turnarounds.\",\"breadcrumb\":{\"@id\":\"https:\\\/\\\/festival-factory.com\\\/production\\\/#breadcrumb\"},\"inLanguage\":\"da-DK\",\"potentialAction\":[{\"@type\":\"ReadAction\",\"target\":[\"https:\\\/\\\/festival-factory.com\\\/production\\\/\"]}]},{\"@type\":\"BreadcrumbList\",\"@id\":\"https:\\\/\\\/festival-factory.com\\\/production\\\/#breadcrumb\",\"itemListElement\":[{\"@type\":\"ListItem\",\"position\":1,\"name\":\"Home\",\"item\":\"https:\\\/\\\/festival-factory.com\\\/\"},{\"@type\":\"ListItem\",\"position\":2,\"name\":\"Manufacturing &#038; Production\"}]},{\"@type\":\"WebSite\",\"@id\":\"https:\\\/\\\/festival-factory.com\\\/#website\",\"url\":\"https:\\\/\\\/festival-factory.com\\\/\",\"name\":\"Festival Factory Madagascar\",\"description\":\"Manufacturing apparel &amp; Costumes with decades of experience\",\"publisher\":{\"@id\":\"https:\\\/\\\/festival-factory.com\\\/#organization\"},\"potentialAction\":[{\"@type\":\"SearchAction\",\"target\":{\"@type\":\"EntryPoint\",\"urlTemplate\":\"https:\\\/\\\/festival-factory.com\\\/?s={search_term_string}\"},\"query-input\":{\"@type\":\"PropertyValueSpecification\",\"valueRequired\":true,\"valueName\":\"search_term_string\"}}],\"inLanguage\":\"da-DK\"},{\"@type\":\"Organization\",\"@id\":\"https:\\\/\\\/festival-factory.com\\\/#organization\",\"name\":\"Festival Factory Madagascar\",\"url\":\"https:\\\/\\\/festival-factory.com\\\/\",\"logo\":{\"@type\":\"ImageObject\",\"inLanguage\":\"da-DK\",\"@id\":\"https:\\\/\\\/festival-factory.com\\\/#\\\/schema\\\/logo\\\/image\\\/\",\"url\":\"https:\\\/\\\/festival-factory.com\\\/wp-content\\\/uploads\\\/2025\\\/02\\\/Festival-Logo.png\",\"contentUrl\":\"https:\\\/\\\/festival-factory.com\\\/wp-content\\\/uploads\\\/2025\\\/02\\\/Festival-Logo.png\",\"width\":2000,\"height\":519,\"caption\":\"Festival Factory Madagascar\"},\"image\":{\"@id\":\"https:\\\/\\\/festival-factory.com\\\/#\\\/schema\\\/logo\\\/image\\\/\"}}]}<\/script>\n<!-- \/ Yoast SEO plugin. -->","yoast_head_json":{"title":"Fremstilling og produktion - Festival Factory Madagascar","description":"Oplev Festival Factory's fuldskalaproduktion: fra m\u00f8nsterfremstilling og pr\u00f8vek\u00f8rsler til masseproduktion med streng kvalitetskontrol og hurtige leveringstider.","robots":{"index":"index","follow":"follow","max-snippet":"max-snippet:-1","max-image-preview":"max-image-preview:large","max-video-preview":"max-video-preview:-1"},"canonical":"https:\/\/festival-factory.com\/da\/production\/","og_locale":"da_DK","og_type":"article","og_title":"Manufacturing & Production - Festival Factory Madagascar","og_description":"Discover Festival Factory\u2019s full-scale production: from pattern-making and sample runs to mass manufacturing, with rigorous quality control and fast turnarounds.","og_url":"https:\/\/festival-factory.com\/da\/production\/","og_site_name":"Festival Factory Madagascar","article_modified_time":"2025-06-24T09:16:18+00:00","twitter_card":"summary_large_image","twitter_misc":{"Estimeret l\u00e6setid":"1 minut"},"schema":{"@context":"https:\/\/schema.org","@graph":[{"@type":"WebPage","@id":"https:\/\/festival-factory.com\/production\/","url":"https:\/\/festival-factory.com\/production\/","name":"Fremstilling og produktion - Festival Factory Madagascar","isPartOf":{"@id":"https:\/\/festival-factory.com\/#website"},"datePublished":"2025-02-12T15:17:53+00:00","dateModified":"2025-06-24T09:16:18+00:00","description":"Oplev Festival Factory's fuldskalaproduktion: fra m\u00f8nsterfremstilling og pr\u00f8vek\u00f8rsler til masseproduktion med streng kvalitetskontrol og hurtige leveringstider.","breadcrumb":{"@id":"https:\/\/festival-factory.com\/production\/#breadcrumb"},"inLanguage":"da-DK","potentialAction":[{"@type":"ReadAction","target":["https:\/\/festival-factory.com\/production\/"]}]},{"@type":"BreadcrumbList","@id":"https:\/\/festival-factory.com\/production\/#breadcrumb","itemListElement":[{"@type":"ListItem","position":1,"name":"Home","item":"https:\/\/festival-factory.com\/"},{"@type":"ListItem","position":2,"name":"Manufacturing &#038; Production"}]},{"@type":"WebSite","@id":"https:\/\/festival-factory.com\/#website","url":"https:\/\/festival-factory.com\/","name":"Festival Factory Madagaskar","description":"Produktion af t\u00f8j og kostumer med \u00e5rtiers erfaring","publisher":{"@id":"https:\/\/festival-factory.com\/#organization"},"potentialAction":[{"@type":"SearchAction","target":{"@type":"EntryPoint","urlTemplate":"https:\/\/festival-factory.com\/?s={search_term_string}"},"query-input":{"@type":"PropertyValueSpecification","valueRequired":true,"valueName":"search_term_string"}}],"inLanguage":"da-DK"},{"@type":"Organization","@id":"https:\/\/festival-factory.com\/#organization","name":"Festival Factory Madagaskar","url":"https:\/\/festival-factory.com\/","logo":{"@type":"ImageObject","inLanguage":"da-DK","@id":"https:\/\/festival-factory.com\/#\/schema\/logo\/image\/","url":"https:\/\/festival-factory.com\/wp-content\/uploads\/2025\/02\/Festival-Logo.png","contentUrl":"https:\/\/festival-factory.com\/wp-content\/uploads\/2025\/02\/Festival-Logo.png","width":2000,"height":519,"caption":"Festival Factory Madagascar"},"image":{"@id":"https:\/\/festival-factory.com\/#\/schema\/logo\/image\/"}}]}},"_links":{"self":[{"href":"https:\/\/festival-factory.com\/da\/wp-json\/wp\/v2\/pages\/3427","targetHints":{"allow":["GET"]}}],"collection":[{"href":"https:\/\/festival-factory.com\/da\/wp-json\/wp\/v2\/pages"}],"about":[{"href":"https:\/\/festival-factory.com\/da\/wp-json\/wp\/v2\/types\/page"}],"author":[{"embeddable":true,"href":"https:\/\/festival-factory.com\/da\/wp-json\/wp\/v2\/users\/1"}],"replies":[{"embeddable":true,"href":"https:\/\/festival-factory.com\/da\/wp-json\/wp\/v2\/comments?post=3427"}],"version-history":[{"count":10,"href":"https:\/\/festival-factory.com\/da\/wp-json\/wp\/v2\/pages\/3427\/revisions"}],"predecessor-version":[{"id":3819,"href":"https:\/\/festival-factory.com\/da\/wp-json\/wp\/v2\/pages\/3427\/revisions\/3819"}],"wp:attachment":[{"href":"https:\/\/festival-factory.com\/da\/wp-json\/wp\/v2\/media?parent=3427"}],"curies":[{"name":"wp","href":"https:\/\/api.w.org\/{rel}","templated":true}]}}