{"id":3606,"date":"2025-04-01T15:10:06","date_gmt":"2025-04-01T15:10:06","guid":{"rendered":"https:\/\/festival-factory.com\/?page_id=3606"},"modified":"2025-06-24T09:10:21","modified_gmt":"2025-06-24T09:10:21","slug":"employee-welfare","status":"publish","type":"page","link":"https:\/\/festival-factory.com\/da\/employee-welfare\/","title":{"rendered":"Medarbejdernes velf\u00e6rd"},"content":{"rendered":"<div class=\"fusion-fullwidth fullwidth-box fusion-builder-row-1 fusion-flex-container has-pattern-background has-mask-background nonhundred-percent-fullwidth non-hundred-percent-height-scrolling\" style=\"--awb-border-radius-top-left:0px;--awb-border-radius-top-right:0px;--awb-border-radius-bottom-right:0px;--awb-border-radius-bottom-left:0px;--awb-flex-wrap:wrap;\" ><div class=\"fusion-builder-row fusion-row fusion-flex-align-items-flex-start fusion-flex-content-wrap\" style=\"max-width:1372.8px;margin-left: calc(-4% \/ 2 );margin-right: calc(-4% \/ 2 );\"><div class=\"fusion-layout-column fusion_builder_column fusion-builder-column-0 fusion_builder_column_1_1 1_1 fusion-flex-column\" style=\"--awb-bg-size:cover;--awb-width-large:100%;--awb-margin-top-large:0px;--awb-spacing-right-large:1.92%;--awb-margin-bottom-large:20px;--awb-spacing-left-large:1.92%;--awb-width-medium:100%;--awb-order-medium:0;--awb-spacing-right-medium:1.92%;--awb-spacing-left-medium:1.92%;--awb-width-small:100%;--awb-order-small:0;--awb-spacing-right-small:1.92%;--awb-spacing-left-small:1.92%;\"><div class=\"fusion-column-wrapper fusion-column-has-shadow fusion-flex-justify-content-flex-start fusion-content-layout-column\"><div class=\"fusion-text fusion-text-1\"><h3 class=\"\" data-start=\"233\" data-end=\"298\"><strong data-start=\"237\" data-end=\"298\">Teambuilding-aktiviteter til at fremme et st\u00e6rkere samarbejde<\/strong><\/h3>\n<p class=\"\" data-start=\"299\" data-end=\"853\">P\u00e5 Festival Factory prioriterer vi at skabe en st\u00e6rk og samment\u00f8mret arbejdsstyrke. For at opn\u00e5 dette organiserer vi \u00e5rlige <strong data-start=\"412\" data-end=\"451\">Teambuilding-arrangementer og -aktiviteter<\/strong> der opmuntrer til samarbejde og fremmer et positivt arbejdsmilj\u00f8. Disse arrangementer er ikke kun designet til at styrke forholdet mellem medarbejderne, men ogs\u00e5 til at forbedre den generelle hold\u00e5nd, produktivitet og moral. Vi tror p\u00e5, at et forenet team er grundlaget for en succesfuld organisation, og vores <strong data-start=\"754\" data-end=\"789\">initiativer til medarbejderengagement<\/strong> sikre, at vores medarbejdere forbliver motiverede, fokuserede og inspirerede.<\/p>\n<h3 class=\"\" data-start=\"956\" data-end=\"1004\"><strong data-start=\"960\" data-end=\"1004\">Anerkendelsesprogram for \u00e5rets medarbejder<\/strong><\/h3>\n<p class=\"\" data-start=\"1005\" data-end=\"1598\">Vores forpligtelse til at v\u00e6re fremragende afspejles i den anerkendelse og de bel\u00f8nninger, vi tilbyder vores dedikerede medarbejdere. Hvert \u00e5r h\u00e6drer vi enest\u00e5ende enkeltpersoner og <strong data-start=\"1163\" data-end=\"1183\">produktionslinjer<\/strong> gennem vores <strong data-start=\"1196\" data-end=\"1220\">\u00c5rets medarbejder<\/strong> priser. Dette program anerkender fremragende pr\u00e6stationer, h\u00f8jt fremm\u00f8de og produktion af <strong data-start=\"1317\" data-end=\"1342\">Produkter af h\u00f8j kvalitet<\/strong>. Ved at bel\u00f8nne dedikation og engagement motiverer vi vores medarbejdere til at opretholde de h\u00f8jeste standarder, arbejde effektivt og bidrage til vores virksomheds succes. Denne anerkendelse styrker ogs\u00e5 vores tro p\u00e5 at fremme en kultur med pr\u00e6stationer og ekspertise.<\/p>\n<h3 class=\"\" data-start=\"1730\" data-end=\"1784\"><strong data-start=\"1734\" data-end=\"1784\">Sundhed og velv\u00e6re p\u00e5 stedet med egen klinik<\/strong><\/h3>\n<p class=\"\" data-start=\"1785\" data-end=\"2364\">Vores medarbejderes sundhed og velbefindende er centralt for vores aktiviteter p\u00e5 Festival Factory. For at st\u00f8tte vores arbejdsstyrke tilbyder vi en <strong data-start=\"1917\" data-end=\"1936\">Intern klinik<\/strong>Det bemandes dagligt af kvalificeret sundhedspersonale. Denne facilitet er tilg\u00e6ngelig for alle medarbejdere og sikrer, at de har adgang til vigtige sundhedsydelser, n\u00e5r de har brug for det. Klinikken spiller en afg\u00f8rende rolle for at opretholde en sund arbejdsstyrke, behandle medicinske problemer hurtigt og bidrage til den generelle medarbejdertilfredshed og produktivitet. P\u00e5 Festival Factory tror vi p\u00e5, at en sund medarbejder er en glad og produktiv medarbejder.<\/p>\n<h3 class=\"\" data-start=\"2470\" data-end=\"2526\"><strong data-start=\"2474\" data-end=\"2526\">Ern\u00e6ringsrigtig daglig kantine for medarbejdernes velbefindende<\/strong><\/h3>\n<p class=\"\" data-start=\"2527\" data-end=\"3073\">P\u00e5 Festival Factory tror vi p\u00e5, at en veln\u00e6ret medarbejder er en produktiv medarbejder. For at st\u00f8tte vores teams velbefindende tilbyder vi en <strong data-start=\"2652\" data-end=\"2667\">daglig frokost<\/strong> til alle medarbejdere gennem vores kantine p\u00e5 stedet. Vi er forpligtet til at opretholde h\u00f8je standarder for f\u00f8devarekvalitet, og vores kantinefaciliteter testes regelm\u00e6ssigt for at sikre, at maden og vandet lever op til de h\u00f8jeste hygiejne- og ern\u00e6ringsm\u00e6ssige standarder. N\u00e6rende m\u00e5ltider bidrager ikke kun til en sundere arbejdsstyrke, men sikrer ogs\u00e5, at vores medarbejdere forbliver energiske og fokuserede i l\u00f8bet af arbejdsdagen.<\/p>\n<\/div><\/div><\/div><\/div><\/div>","protected":false},"excerpt":{"rendered":"","protected":false},"author":2,"featured_media":0,"parent":0,"menu_order":0,"comment_status":"closed","ping_status":"closed","template":"100-width.php","meta":{"_acf_changed":false,"footnotes":""},"class_list":["post-3606","page","type-page","status-publish","hentry"],"acf":[],"yoast_head":"<!-- This site is optimized with the Yoast SEO plugin v27.4 - https:\/\/yoast.com\/product\/yoast-seo-wordpress\/ -->\n<title>Employee Welfare - Festival Factory Madagascar<\/title>\n<meta name=\"description\" content=\"Discover Festival Factory\u2019s employee-first approach: mental health support, fair benefits, safe workplaces, regular wellness programs and staff growth initiatives.\" \/>\n<meta name=\"robots\" content=\"index, follow, max-snippet:-1, max-image-preview:large, max-video-preview:-1\" \/>\n<link rel=\"canonical\" href=\"https:\/\/festival-factory.com\/da\/employee-welfare\/\" \/>\n<meta property=\"og:locale\" content=\"da_DK\" \/>\n<meta property=\"og:type\" content=\"article\" \/>\n<meta property=\"og:title\" content=\"Employee Welfare - Festival Factory Madagascar\" \/>\n<meta property=\"og:description\" content=\"Discover Festival Factory\u2019s employee-first approach: mental health support, fair benefits, safe workplaces, regular wellness programs and staff growth initiatives.\" \/>\n<meta property=\"og:url\" content=\"https:\/\/festival-factory.com\/da\/employee-welfare\/\" \/>\n<meta property=\"og:site_name\" content=\"Festival Factory Madagascar\" \/>\n<meta property=\"article:modified_time\" content=\"2025-06-24T09:10:21+00:00\" \/>\n<meta name=\"twitter:card\" content=\"summary_large_image\" \/>\n<meta name=\"twitter:label1\" content=\"Estimeret l\u00e6setid\" \/>\n\t<meta name=\"twitter:data1\" content=\"2 minutter\" \/>\n<script type=\"application\/ld+json\" class=\"yoast-schema-graph\">{\"@context\":\"https:\\\/\\\/schema.org\",\"@graph\":[{\"@type\":\"WebPage\",\"@id\":\"https:\\\/\\\/festival-factory.com\\\/employee-welfare\\\/\",\"url\":\"https:\\\/\\\/festival-factory.com\\\/employee-welfare\\\/\",\"name\":\"Employee Welfare - Festival Factory Madagascar\",\"isPartOf\":{\"@id\":\"https:\\\/\\\/festival-factory.com\\\/#website\"},\"datePublished\":\"2025-04-01T15:10:06+00:00\",\"dateModified\":\"2025-06-24T09:10:21+00:00\",\"description\":\"Discover Festival Factory\u2019s employee-first approach: mental health support, fair benefits, safe workplaces, regular wellness programs and staff growth initiatives.\",\"breadcrumb\":{\"@id\":\"https:\\\/\\\/festival-factory.com\\\/employee-welfare\\\/#breadcrumb\"},\"inLanguage\":\"da-DK\",\"potentialAction\":[{\"@type\":\"ReadAction\",\"target\":[\"https:\\\/\\\/festival-factory.com\\\/employee-welfare\\\/\"]}]},{\"@type\":\"BreadcrumbList\",\"@id\":\"https:\\\/\\\/festival-factory.com\\\/employee-welfare\\\/#breadcrumb\",\"itemListElement\":[{\"@type\":\"ListItem\",\"position\":1,\"name\":\"Home\",\"item\":\"https:\\\/\\\/festival-factory.com\\\/\"},{\"@type\":\"ListItem\",\"position\":2,\"name\":\"Employee Welfare\"}]},{\"@type\":\"WebSite\",\"@id\":\"https:\\\/\\\/festival-factory.com\\\/#website\",\"url\":\"https:\\\/\\\/festival-factory.com\\\/\",\"name\":\"Festival Factory Madagascar\",\"description\":\"Manufacturing apparel &amp; Costumes with decades of experience\",\"publisher\":{\"@id\":\"https:\\\/\\\/festival-factory.com\\\/#organization\"},\"potentialAction\":[{\"@type\":\"SearchAction\",\"target\":{\"@type\":\"EntryPoint\",\"urlTemplate\":\"https:\\\/\\\/festival-factory.com\\\/?s={search_term_string}\"},\"query-input\":{\"@type\":\"PropertyValueSpecification\",\"valueRequired\":true,\"valueName\":\"search_term_string\"}}],\"inLanguage\":\"da-DK\"},{\"@type\":\"Organization\",\"@id\":\"https:\\\/\\\/festival-factory.com\\\/#organization\",\"name\":\"Festival Factory Madagascar\",\"url\":\"https:\\\/\\\/festival-factory.com\\\/\",\"logo\":{\"@type\":\"ImageObject\",\"inLanguage\":\"da-DK\",\"@id\":\"https:\\\/\\\/festival-factory.com\\\/#\\\/schema\\\/logo\\\/image\\\/\",\"url\":\"https:\\\/\\\/festival-factory.com\\\/wp-content\\\/uploads\\\/2025\\\/02\\\/Festival-Logo.png\",\"contentUrl\":\"https:\\\/\\\/festival-factory.com\\\/wp-content\\\/uploads\\\/2025\\\/02\\\/Festival-Logo.png\",\"width\":2000,\"height\":519,\"caption\":\"Festival Factory Madagascar\"},\"image\":{\"@id\":\"https:\\\/\\\/festival-factory.com\\\/#\\\/schema\\\/logo\\\/image\\\/\"}}]}<\/script>\n<!-- \/ Yoast SEO plugin. -->","yoast_head_json":{"title":"Medarbejdernes velf\u00e6rd - Festival Factory Madagaskar","description":"Oplev Festival Factorys tilgang, hvor medarbejderne kommer i f\u00f8rste r\u00e6kke: st\u00f8tte til mental sundhed, fair fordele, sikre arbejdspladser, regelm\u00e6ssige wellness-programmer og initiativer til medarbejderudvikling.","robots":{"index":"index","follow":"follow","max-snippet":"max-snippet:-1","max-image-preview":"max-image-preview:large","max-video-preview":"max-video-preview:-1"},"canonical":"https:\/\/festival-factory.com\/da\/employee-welfare\/","og_locale":"da_DK","og_type":"article","og_title":"Employee Welfare - Festival Factory Madagascar","og_description":"Discover Festival Factory\u2019s employee-first approach: mental health support, fair benefits, safe workplaces, regular wellness programs and staff growth initiatives.","og_url":"https:\/\/festival-factory.com\/da\/employee-welfare\/","og_site_name":"Festival Factory Madagascar","article_modified_time":"2025-06-24T09:10:21+00:00","twitter_card":"summary_large_image","twitter_misc":{"Estimeret l\u00e6setid":"2 minutter"},"schema":{"@context":"https:\/\/schema.org","@graph":[{"@type":"WebPage","@id":"https:\/\/festival-factory.com\/employee-welfare\/","url":"https:\/\/festival-factory.com\/employee-welfare\/","name":"Medarbejdernes velf\u00e6rd - Festival Factory Madagaskar","isPartOf":{"@id":"https:\/\/festival-factory.com\/#website"},"datePublished":"2025-04-01T15:10:06+00:00","dateModified":"2025-06-24T09:10:21+00:00","description":"Oplev Festival Factorys tilgang, hvor medarbejderne kommer i f\u00f8rste r\u00e6kke: st\u00f8tte til mental sundhed, fair fordele, sikre arbejdspladser, regelm\u00e6ssige wellness-programmer og initiativer til medarbejderudvikling.","breadcrumb":{"@id":"https:\/\/festival-factory.com\/employee-welfare\/#breadcrumb"},"inLanguage":"da-DK","potentialAction":[{"@type":"ReadAction","target":["https:\/\/festival-factory.com\/employee-welfare\/"]}]},{"@type":"BreadcrumbList","@id":"https:\/\/festival-factory.com\/employee-welfare\/#breadcrumb","itemListElement":[{"@type":"ListItem","position":1,"name":"Home","item":"https:\/\/festival-factory.com\/"},{"@type":"ListItem","position":2,"name":"Employee Welfare"}]},{"@type":"WebSite","@id":"https:\/\/festival-factory.com\/#website","url":"https:\/\/festival-factory.com\/","name":"Festival Factory Madagaskar","description":"Produktion af t\u00f8j og kostumer med \u00e5rtiers erfaring","publisher":{"@id":"https:\/\/festival-factory.com\/#organization"},"potentialAction":[{"@type":"SearchAction","target":{"@type":"EntryPoint","urlTemplate":"https:\/\/festival-factory.com\/?s={search_term_string}"},"query-input":{"@type":"PropertyValueSpecification","valueRequired":true,"valueName":"search_term_string"}}],"inLanguage":"da-DK"},{"@type":"Organization","@id":"https:\/\/festival-factory.com\/#organization","name":"Festival Factory Madagaskar","url":"https:\/\/festival-factory.com\/","logo":{"@type":"ImageObject","inLanguage":"da-DK","@id":"https:\/\/festival-factory.com\/#\/schema\/logo\/image\/","url":"https:\/\/festival-factory.com\/wp-content\/uploads\/2025\/02\/Festival-Logo.png","contentUrl":"https:\/\/festival-factory.com\/wp-content\/uploads\/2025\/02\/Festival-Logo.png","width":2000,"height":519,"caption":"Festival Factory Madagascar"},"image":{"@id":"https:\/\/festival-factory.com\/#\/schema\/logo\/image\/"}}]}},"_links":{"self":[{"href":"https:\/\/festival-factory.com\/da\/wp-json\/wp\/v2\/pages\/3606","targetHints":{"allow":["GET"]}}],"collection":[{"href":"https:\/\/festival-factory.com\/da\/wp-json\/wp\/v2\/pages"}],"about":[{"href":"https:\/\/festival-factory.com\/da\/wp-json\/wp\/v2\/types\/page"}],"author":[{"embeddable":true,"href":"https:\/\/festival-factory.com\/da\/wp-json\/wp\/v2\/users\/2"}],"replies":[{"embeddable":true,"href":"https:\/\/festival-factory.com\/da\/wp-json\/wp\/v2\/comments?post=3606"}],"version-history":[{"count":5,"href":"https:\/\/festival-factory.com\/da\/wp-json\/wp\/v2\/pages\/3606\/revisions"}],"predecessor-version":[{"id":3817,"href":"https:\/\/festival-factory.com\/da\/wp-json\/wp\/v2\/pages\/3606\/revisions\/3817"}],"wp:attachment":[{"href":"https:\/\/festival-factory.com\/da\/wp-json\/wp\/v2\/media?parent=3606"}],"curies":[{"name":"wp","href":"https:\/\/api.w.org\/{rel}","templated":true}]}}