{"id":3608,"date":"2025-04-01T15:10:46","date_gmt":"2025-04-01T15:10:46","guid":{"rendered":"https:\/\/festival-factory.com\/?page_id=3608"},"modified":"2025-06-24T09:04:35","modified_gmt":"2025-06-24T09:04:35","slug":"community-projects","status":"publish","type":"page","link":"https:\/\/festival-factory.com\/da\/community-projects\/","title":{"rendered":"F\u00e6llesskabsprojekter"},"content":{"rendered":"<div class=\"fusion-fullwidth fullwidth-box fusion-builder-row-1 fusion-flex-container has-pattern-background has-mask-background nonhundred-percent-fullwidth non-hundred-percent-height-scrolling\" style=\"--awb-border-radius-top-left:0px;--awb-border-radius-top-right:0px;--awb-border-radius-bottom-right:0px;--awb-border-radius-bottom-left:0px;--awb-flex-wrap:wrap;\" ><div class=\"fusion-builder-row fusion-row fusion-flex-align-items-flex-start fusion-flex-content-wrap\" style=\"max-width:1372.8px;margin-left: calc(-4% \/ 2 );margin-right: calc(-4% \/ 2 );\"><div class=\"fusion-layout-column fusion_builder_column fusion-builder-column-0 fusion_builder_column_1_1 1_1 fusion-flex-column\" style=\"--awb-bg-size:cover;--awb-width-large:100%;--awb-margin-top-large:0px;--awb-spacing-right-large:1.92%;--awb-margin-bottom-large:20px;--awb-spacing-left-large:1.92%;--awb-width-medium:100%;--awb-order-medium:0;--awb-spacing-right-medium:1.92%;--awb-spacing-left-medium:1.92%;--awb-width-small:100%;--awb-order-small:0;--awb-spacing-right-small:1.92%;--awb-spacing-left-small:1.92%;\"><div class=\"fusion-column-wrapper fusion-column-has-shadow fusion-flex-justify-content-flex-start fusion-content-layout-column\"><div class=\"fusion-text fusion-text-1\"><h3 class=\"\" data-start=\"77\" data-end=\"137\"><strong data-start=\"81\" data-end=\"137\">Genplantningsinitiativer for at beskytte milj\u00f8et<\/strong><\/h3>\n<p class=\"\" data-start=\"138\" data-end=\"779\">Hos Festival Factory er vi stolte af vores l\u00f8bende engagement i at <strong data-start=\"202\" data-end=\"234\">milj\u00f8m\u00e6ssig b\u00e6redygtighed<\/strong>. Et af vores vigtigste initiativer er vores <strong data-start=\"270\" data-end=\"304\">\u00c5rligt tr\u00e6plantningsprogram<\/strong> i samarbejde med <strong data-start=\"331\" data-end=\"362\">Milj\u00f8ministeriet<\/strong>. Hvert \u00e5r engagerer vi vores medarbejdere i at plante og overv\u00e5ge tr\u00e6er, bidrage til at genoprette naturlige levesteder og hj\u00e6lpe med at bek\u00e6mpe afskovning. I gennemsnit, <strong data-start=\"531\" data-end=\"558\">1.500 tr\u00e6er er plantet<\/strong> \u00e5rligt, med en bem\u00e6rkelsesv\u00e6rdig <strong data-start=\"587\" data-end=\"608\">86% overlevelsesrate<\/strong> for de tr\u00e6er, der plantes i 2024. Dette initiativ er blot en af de m\u00e5der, hvorp\u00e5 vi aktivt fremmer en <strong data-start=\"702\" data-end=\"720\">gr\u00f8nnere fremtid<\/strong> samtidig med at vi involverer vores team i praktisk milj\u00f8arbejde.<\/p>\n<h3 class=\"\" data-start=\"921\" data-end=\"972\"><strong data-start=\"925\" data-end=\"972\">Genbrugsprogram for at reducere fabriksaffald<\/strong><\/h3>\n<p class=\"\" data-start=\"973\" data-end=\"1590\">Som en del af vores engagement i b\u00e6redygtighed, <strong data-start=\"1018\" data-end=\"1038\">Festivalfabrikken<\/strong> har implementeret en omfattende <strong data-start=\"1071\" data-end=\"1094\">Genbrugsprogram<\/strong> med det form\u00e5l at reducere vores milj\u00f8p\u00e5virkning. Vi sikrer, at alt fabriksaffald sorteres korrekt og genanvendes gennem partnerskaber med flere <strong data-start=\"1239\" data-end=\"1281\">regeringsgodkendte genbrugspartnere<\/strong>. Dette initiativ hj\u00e6lper os med at minimere affald, bevare ressourcer og bidrage til en <strong data-start=\"1364\" data-end=\"1384\">cirkul\u00e6r \u00f8konomi<\/strong>Vi g\u00f8r alt for at sikre, at vores produktionsprocesser er s\u00e5 milj\u00f8venlige som muligt. Vores genbrugsindsats er en vigtig del af vores bredere mission om at skabe en mere b\u00e6redygtig og ansvarlig produktionsproces.<\/p>\n<h3 class=\"\" data-start=\"1721\" data-end=\"1781\"><strong data-start=\"1725\" data-end=\"1781\">Medarbejdernes deltagelse i lokale traill\u00f8bsarrangementer<\/strong><\/h3>\n<p class=\"\" data-start=\"1782\" data-end=\"2314\">Festival Factory er stolt af at opmuntre til en aktiv og sund livsstil blandt vores medarbejdere. Hvert \u00e5r deltager et hold af vores dedikerede medarbejdere i den lokale <strong data-start=\"1945\" data-end=\"1962\">L\u00f8b i terr\u00e6n<\/strong> l\u00f8b og viste deres engagement i fitness og teamwork. I 2024 deltog seks af vores medarbejdere i l\u00f8bet, og de sluttede p\u00e5 f\u00f8rstepladsen. <strong data-start=\"2092\" data-end=\"2126\">top 65 ud af 240 deltagere<\/strong>-Et sandt bevis p\u00e5 deres udholdenhed og engagement. Denne \u00e5rlige begivenhed fremmer ikke kun det fysiske velbefindende, men styrker ogs\u00e5 f\u00e6llesskabsf\u00f8lelsen og kammeratskabet blandt vores medarbejdere.<\/p>\n<h3 class=\"\" data-start=\"2442\" data-end=\"2498\"><strong data-start=\"2446\" data-end=\"2498\">Opbygning af st\u00e6rke samfundspartnerskaber med NGO'er<\/strong><\/h3>\n<p class=\"\" data-start=\"2499\" data-end=\"3097\">Hos Festival Factory tror vi p\u00e5 at give tilbage til det samfund, der st\u00f8tter os. Vi er stolte af at samarbejde med lokale <strong data-start=\"2616\" data-end=\"2657\">ikke-statslige organisationer (NGO'er)<\/strong> for at g\u00f8re en positiv forskel i regionen. Vores samarbejde omfatter arbejde med <strong data-start=\"2739\" data-end=\"2763\">B\u00f8rnehjem, krisecentre<\/strong>og <strong data-start=\"2773\" data-end=\"2804\">Forening for \u00e6ldre mennesker<\/strong>, hvor vi regelm\u00e6ssigt donerer vigtige ting som <strong data-start=\"2853\" data-end=\"2901\">t\u00f8j, uniformer, ris, t\u00e6pper og leget\u00f8j<\/strong>. Disse partnerskaber giver os mulighed for at bidrage til velf\u00e6rd for dem, der har brug for det, styrke den sociale struktur i samfundet og styrke vores v\u00e6rdier om medf\u00f8lelse og socialt ansvar.<\/p>\n<\/div><\/div><\/div><\/div><\/div>","protected":false},"excerpt":{"rendered":"","protected":false},"author":2,"featured_media":0,"parent":0,"menu_order":0,"comment_status":"closed","ping_status":"closed","template":"100-width.php","meta":{"_acf_changed":false,"footnotes":""},"class_list":["post-3608","page","type-page","status-publish","hentry"],"acf":[],"yoast_head":"<!-- This site is optimized with the Yoast SEO plugin v27.4 - https:\/\/yoast.com\/product\/yoast-seo-wordpress\/ -->\n<title>Community Projects - Festival Factory Madagascar<\/title>\n<meta name=\"description\" content=\"Discover how Festival Factory supports communities through social impact initiatives, employee empowerment, and creative local partnerships\" \/>\n<meta name=\"robots\" content=\"index, follow, max-snippet:-1, max-image-preview:large, max-video-preview:-1\" \/>\n<link rel=\"canonical\" href=\"https:\/\/festival-factory.com\/da\/community-projects\/\" \/>\n<meta property=\"og:locale\" content=\"da_DK\" \/>\n<meta property=\"og:type\" content=\"article\" \/>\n<meta property=\"og:title\" content=\"Community Projects - Festival Factory Madagascar\" \/>\n<meta property=\"og:description\" content=\"Discover how Festival Factory supports communities through social impact initiatives, employee empowerment, and creative local partnerships\" \/>\n<meta property=\"og:url\" content=\"https:\/\/festival-factory.com\/da\/community-projects\/\" \/>\n<meta property=\"og:site_name\" content=\"Festival Factory Madagascar\" \/>\n<meta property=\"article:modified_time\" content=\"2025-06-24T09:04:35+00:00\" \/>\n<meta name=\"twitter:card\" content=\"summary_large_image\" \/>\n<meta name=\"twitter:label1\" content=\"Estimeret l\u00e6setid\" \/>\n\t<meta name=\"twitter:data1\" content=\"2 minutter\" \/>\n<script type=\"application\/ld+json\" class=\"yoast-schema-graph\">{\"@context\":\"https:\\\/\\\/schema.org\",\"@graph\":[{\"@type\":\"WebPage\",\"@id\":\"https:\\\/\\\/festival-factory.com\\\/community-projects\\\/\",\"url\":\"https:\\\/\\\/festival-factory.com\\\/community-projects\\\/\",\"name\":\"Community Projects - Festival Factory Madagascar\",\"isPartOf\":{\"@id\":\"https:\\\/\\\/festival-factory.com\\\/#website\"},\"datePublished\":\"2025-04-01T15:10:46+00:00\",\"dateModified\":\"2025-06-24T09:04:35+00:00\",\"description\":\"Discover how Festival Factory supports communities through social impact initiatives, employee empowerment, and creative local partnerships\",\"breadcrumb\":{\"@id\":\"https:\\\/\\\/festival-factory.com\\\/community-projects\\\/#breadcrumb\"},\"inLanguage\":\"da-DK\",\"potentialAction\":[{\"@type\":\"ReadAction\",\"target\":[\"https:\\\/\\\/festival-factory.com\\\/community-projects\\\/\"]}]},{\"@type\":\"BreadcrumbList\",\"@id\":\"https:\\\/\\\/festival-factory.com\\\/community-projects\\\/#breadcrumb\",\"itemListElement\":[{\"@type\":\"ListItem\",\"position\":1,\"name\":\"Home\",\"item\":\"https:\\\/\\\/festival-factory.com\\\/\"},{\"@type\":\"ListItem\",\"position\":2,\"name\":\"Community Projects\"}]},{\"@type\":\"WebSite\",\"@id\":\"https:\\\/\\\/festival-factory.com\\\/#website\",\"url\":\"https:\\\/\\\/festival-factory.com\\\/\",\"name\":\"Festival Factory Madagascar\",\"description\":\"Manufacturing apparel &amp; Costumes with decades of experience\",\"publisher\":{\"@id\":\"https:\\\/\\\/festival-factory.com\\\/#organization\"},\"potentialAction\":[{\"@type\":\"SearchAction\",\"target\":{\"@type\":\"EntryPoint\",\"urlTemplate\":\"https:\\\/\\\/festival-factory.com\\\/?s={search_term_string}\"},\"query-input\":{\"@type\":\"PropertyValueSpecification\",\"valueRequired\":true,\"valueName\":\"search_term_string\"}}],\"inLanguage\":\"da-DK\"},{\"@type\":\"Organization\",\"@id\":\"https:\\\/\\\/festival-factory.com\\\/#organization\",\"name\":\"Festival Factory Madagascar\",\"url\":\"https:\\\/\\\/festival-factory.com\\\/\",\"logo\":{\"@type\":\"ImageObject\",\"inLanguage\":\"da-DK\",\"@id\":\"https:\\\/\\\/festival-factory.com\\\/#\\\/schema\\\/logo\\\/image\\\/\",\"url\":\"https:\\\/\\\/festival-factory.com\\\/wp-content\\\/uploads\\\/2025\\\/02\\\/Festival-Logo.png\",\"contentUrl\":\"https:\\\/\\\/festival-factory.com\\\/wp-content\\\/uploads\\\/2025\\\/02\\\/Festival-Logo.png\",\"width\":2000,\"height\":519,\"caption\":\"Festival Factory Madagascar\"},\"image\":{\"@id\":\"https:\\\/\\\/festival-factory.com\\\/#\\\/schema\\\/logo\\\/image\\\/\"}}]}<\/script>\n<!-- \/ Yoast SEO plugin. -->","yoast_head_json":{"title":"F\u00e6llesskabsprojekter - Festival Factory Madagaskar","description":"Opdag, hvordan Festival Factory st\u00f8tter lokalsamfund gennem initiativer med social indflydelse, medarbejderindflydelse og kreative lokale partnerskaber.","robots":{"index":"index","follow":"follow","max-snippet":"max-snippet:-1","max-image-preview":"max-image-preview:large","max-video-preview":"max-video-preview:-1"},"canonical":"https:\/\/festival-factory.com\/da\/community-projects\/","og_locale":"da_DK","og_type":"article","og_title":"Community Projects - Festival Factory Madagascar","og_description":"Discover how Festival Factory supports communities through social impact initiatives, employee empowerment, and creative local partnerships","og_url":"https:\/\/festival-factory.com\/da\/community-projects\/","og_site_name":"Festival Factory Madagascar","article_modified_time":"2025-06-24T09:04:35+00:00","twitter_card":"summary_large_image","twitter_misc":{"Estimeret l\u00e6setid":"2 minutter"},"schema":{"@context":"https:\/\/schema.org","@graph":[{"@type":"WebPage","@id":"https:\/\/festival-factory.com\/community-projects\/","url":"https:\/\/festival-factory.com\/community-projects\/","name":"F\u00e6llesskabsprojekter - Festival Factory Madagaskar","isPartOf":{"@id":"https:\/\/festival-factory.com\/#website"},"datePublished":"2025-04-01T15:10:46+00:00","dateModified":"2025-06-24T09:04:35+00:00","description":"Opdag, hvordan Festival Factory st\u00f8tter lokalsamfund gennem initiativer med social indflydelse, medarbejderindflydelse og kreative lokale partnerskaber.","breadcrumb":{"@id":"https:\/\/festival-factory.com\/community-projects\/#breadcrumb"},"inLanguage":"da-DK","potentialAction":[{"@type":"ReadAction","target":["https:\/\/festival-factory.com\/community-projects\/"]}]},{"@type":"BreadcrumbList","@id":"https:\/\/festival-factory.com\/community-projects\/#breadcrumb","itemListElement":[{"@type":"ListItem","position":1,"name":"Home","item":"https:\/\/festival-factory.com\/"},{"@type":"ListItem","position":2,"name":"Community Projects"}]},{"@type":"WebSite","@id":"https:\/\/festival-factory.com\/#website","url":"https:\/\/festival-factory.com\/","name":"Festival Factory Madagaskar","description":"Produktion af t\u00f8j og kostumer med \u00e5rtiers erfaring","publisher":{"@id":"https:\/\/festival-factory.com\/#organization"},"potentialAction":[{"@type":"SearchAction","target":{"@type":"EntryPoint","urlTemplate":"https:\/\/festival-factory.com\/?s={search_term_string}"},"query-input":{"@type":"PropertyValueSpecification","valueRequired":true,"valueName":"search_term_string"}}],"inLanguage":"da-DK"},{"@type":"Organization","@id":"https:\/\/festival-factory.com\/#organization","name":"Festival Factory Madagaskar","url":"https:\/\/festival-factory.com\/","logo":{"@type":"ImageObject","inLanguage":"da-DK","@id":"https:\/\/festival-factory.com\/#\/schema\/logo\/image\/","url":"https:\/\/festival-factory.com\/wp-content\/uploads\/2025\/02\/Festival-Logo.png","contentUrl":"https:\/\/festival-factory.com\/wp-content\/uploads\/2025\/02\/Festival-Logo.png","width":2000,"height":519,"caption":"Festival Factory Madagascar"},"image":{"@id":"https:\/\/festival-factory.com\/#\/schema\/logo\/image\/"}}]}},"_links":{"self":[{"href":"https:\/\/festival-factory.com\/da\/wp-json\/wp\/v2\/pages\/3608","targetHints":{"allow":["GET"]}}],"collection":[{"href":"https:\/\/festival-factory.com\/da\/wp-json\/wp\/v2\/pages"}],"about":[{"href":"https:\/\/festival-factory.com\/da\/wp-json\/wp\/v2\/types\/page"}],"author":[{"embeddable":true,"href":"https:\/\/festival-factory.com\/da\/wp-json\/wp\/v2\/users\/2"}],"replies":[{"embeddable":true,"href":"https:\/\/festival-factory.com\/da\/wp-json\/wp\/v2\/comments?post=3608"}],"version-history":[{"count":3,"href":"https:\/\/festival-factory.com\/da\/wp-json\/wp\/v2\/pages\/3608\/revisions"}],"predecessor-version":[{"id":3814,"href":"https:\/\/festival-factory.com\/da\/wp-json\/wp\/v2\/pages\/3608\/revisions\/3814"}],"wp:attachment":[{"href":"https:\/\/festival-factory.com\/da\/wp-json\/wp\/v2\/media?parent=3608"}],"curies":[{"name":"wp","href":"https:\/\/api.w.org\/{rel}","templated":true}]}}