{"id":3413,"date":"2025-02-12T15:07:38","date_gmt":"2025-02-12T15:07:38","guid":{"rendered":"https:\/\/festival-factory.com\/?page_id=3413"},"modified":"2025-06-24T09:33:48","modified_gmt":"2025-06-24T09:33:48","slug":"sample-room-pre-production","status":"publish","type":"page","link":"https:\/\/festival-factory.com\/de\/sample-room-pre-production\/","title":{"rendered":"Musterraum &amp; Vorproduktion"},"content":{"rendered":"<p><div class=\"fusion-fullwidth fullwidth-box fusion-builder-row-1 fusion-flex-container has-pattern-background has-mask-background nonhundred-percent-fullwidth non-hundred-percent-height-scrolling\" style=\"--awb-border-radius-top-left:0px;--awb-border-radius-top-right:0px;--awb-border-radius-bottom-right:0px;--awb-border-radius-bottom-left:0px;--awb-flex-wrap:wrap;\" ><div class=\"fusion-builder-row fusion-row fusion-flex-align-items-flex-start fusion-flex-content-wrap\" style=\"max-width:1372.8px;margin-left: calc(-4% \/ 2 );margin-right: calc(-4% \/ 2 );\"><div class=\"fusion-layout-column fusion_builder_column fusion-builder-column-0 fusion_builder_column_1_1 1_1 fusion-flex-column\" style=\"--awb-bg-size:cover;--awb-width-large:100%;--awb-margin-top-large:0px;--awb-spacing-right-large:1.92%;--awb-margin-bottom-large:20px;--awb-spacing-left-large:1.92%;--awb-width-medium:100%;--awb-order-medium:0;--awb-spacing-right-medium:1.92%;--awb-spacing-left-medium:1.92%;--awb-width-small:100%;--awb-order-small:0;--awb-spacing-right-small:1.92%;--awb-spacing-left-small:1.92%;\"><div class=\"fusion-column-wrapper fusion-column-has-shadow fusion-flex-justify-content-flex-start fusion-content-layout-column\"><div class=\"fusion-text fusion-text-1\"><p>Unser Musterverfahren vor der Produktion garantiert, dass Ihre individuellen Bekleidungs- und Kost\u00fcmentw\u00fcrfe f\u00fcr die Produktion perfekt sind. Mit einer schnellen 2-w\u00f6chigen Bearbeitungszeit f\u00fcr Muster sorgen wir f\u00fcr einen reibungslosen und effizienten \u00dcbergang zur Serienproduktion und helfen Ihnen, knappe Fristen und Erwartungen einzuhalten.<\/p>\n<p>Jedes Muster und jedes technische Paket, das wir erhalten, wird von unserem qualifizierten Vorproduktionsteam gr\u00fcndlich analysiert, um Pr\u00e4zision und Qualit\u00e4t in jeder Phase zu gew\u00e4hrleisten. Unser Expertenteam aus erfahrenen N\u00e4herinnen und N\u00e4hern ist sehr stolz auf seine Arbeit und bietet eine unvergleichliche Liebe zum Detail, die sicherstellt, dass jedes Produkt den h\u00f6chsten Standards entspricht.<\/p>\n<p>In unserer Fabrik in Madagaskar sind wir bestrebt, Kleidung und Kost\u00fcme von h\u00f6chster Qualit\u00e4t zu liefern und dabei kosteneffizient zu arbeiten. Unser Ziel ist es, Ihnen das bestm\u00f6gliche Produkt zum wettbewerbsf\u00e4higsten Preis zu liefern und Sie in jeder Phase zufriedenzustellen.<\/p>\n<\/div><\/div><\/div><\/div><\/div><div class=\"fusion-fullwidth fullwidth-box fusion-builder-row-2 fusion-flex-container has-pattern-background has-mask-background nonhundred-percent-fullwidth non-hundred-percent-height-scrolling\" style=\"--awb-border-radius-top-left:0px;--awb-border-radius-top-right:0px;--awb-border-radius-bottom-right:0px;--awb-border-radius-bottom-left:0px;--awb-flex-wrap:wrap;\" ><div class=\"fusion-builder-row fusion-row fusion-flex-align-items-flex-start fusion-flex-content-wrap\" style=\"max-width:1372.8px;margin-left: calc(-4% \/ 2 );margin-right: calc(-4% \/ 2 );\"><div class=\"fusion-layout-column fusion_builder_column fusion-builder-column-1 fusion_builder_column_1_3 1_3 fusion-flex-column\" style=\"--awb-bg-size:cover;--awb-width-large:33.333333333333%;--awb-margin-top-large:0px;--awb-spacing-right-large:5.76%;--awb-margin-bottom-large:20px;--awb-spacing-left-large:5.76%;--awb-width-medium:33.333333333333%;--awb-order-medium:0;--awb-spacing-right-medium:5.76%;--awb-spacing-left-medium:5.76%;--awb-width-small:100%;--awb-order-small:0;--awb-spacing-right-small:1.92%;--awb-spacing-left-small:1.92%;\"><div class=\"fusion-column-wrapper fusion-column-has-shadow fusion-flex-justify-content-flex-start fusion-content-layout-column\"><div class=\"fusion-image-element\" style=\"text-align:center;--awb-caption-title-font-family:var(--h2_typography-font-family);--awb-caption-title-font-weight:var(--h2_typography-font-weight);--awb-caption-title-font-style:var(--h2_typography-font-style);--awb-caption-title-size:var(--h2_typography-font-size);--awb-caption-title-transform:var(--h2_typography-text-transform);--awb-caption-title-line-height:var(--h2_typography-line-height);--awb-caption-title-letter-spacing:var(--h2_typography-letter-spacing);\"><span class=\"fusion-imageframe imageframe-none imageframe-1 hover-type-none\"><img decoding=\"async\" width=\"300\" height=\"300\" alt=\"Sample Room\" title=\"Musterzimmer\" src=\"https:\/\/festival-factory.com\/wp-content\/uploads\/2025\/04\/IMG_6887-e1743692328956.jpeg\" data-orig-src=\"https:\/\/festival-factory.com\/wp-content\/uploads\/2025\/04\/IMG_6887-e1743692328956-300x300.jpeg\" class=\"lazyload img-responsive wp-image-3645\" srcset=\"data:image\/svg+xml,%3Csvg%20xmlns%3D%27http%3A%2F%2Fwww.w3.org%2F2000%2Fsvg%27%20width%3D%271536%27%20height%3D%271536%27%20viewBox%3D%270%200%201536%201536%27%3E%3Crect%20width%3D%271536%27%20height%3D%271536%27%20fill-opacity%3D%220%22%2F%3E%3C%2Fsvg%3E\" data-srcset=\"https:\/\/festival-factory.com\/wp-content\/uploads\/2025\/04\/IMG_6887-e1743692328956-200x200.jpeg 200w, https:\/\/festival-factory.com\/wp-content\/uploads\/2025\/04\/IMG_6887-e1743692328956-400x400.jpeg 400w, https:\/\/festival-factory.com\/wp-content\/uploads\/2025\/04\/IMG_6887-e1743692328956-600x600.jpeg 600w, https:\/\/festival-factory.com\/wp-content\/uploads\/2025\/04\/IMG_6887-e1743692328956-800x800.jpeg 800w, https:\/\/festival-factory.com\/wp-content\/uploads\/2025\/04\/IMG_6887-e1743692328956-1200x1200.jpeg 1200w, https:\/\/festival-factory.com\/wp-content\/uploads\/2025\/04\/IMG_6887-e1743692328956.jpeg 1536w\" data-sizes=\"auto\" data-orig-sizes=\"(max-width: 850px) 100vw, 400px\" \/><\/span><\/div><\/div><\/div><\/div><\/div><\/p>","protected":false},"excerpt":{"rendered":"","protected":false},"author":1,"featured_media":0,"parent":0,"menu_order":0,"comment_status":"closed","ping_status":"closed","template":"100-width.php","meta":{"_acf_changed":false,"footnotes":""},"class_list":["post-3413","page","type-page","status-publish","hentry"],"acf":[],"yoast_head":"<!-- This site is optimized with the Yoast SEO plugin v27.4 - https:\/\/yoast.com\/product\/yoast-seo-wordpress\/ -->\n<title>Sample Room &amp; Pre-Production - Festival Factory Madagascar<\/title>\n<meta name=\"description\" content=\"Festival Factory\u2019s Sample Room in Madagascar ensures precision in custom apparel and costume designs, offering a swift 2-week turnaround for flawless production.\" \/>\n<meta name=\"robots\" content=\"index, follow, max-snippet:-1, max-image-preview:large, max-video-preview:-1\" \/>\n<link rel=\"canonical\" href=\"https:\/\/festival-factory.com\/de\/sample-room-pre-production\/\" \/>\n<meta property=\"og:locale\" content=\"de_DE\" \/>\n<meta property=\"og:type\" content=\"article\" \/>\n<meta property=\"og:title\" content=\"Sample Room &amp; Pre-Production - Festival Factory Madagascar\" \/>\n<meta property=\"og:description\" content=\"Festival Factory\u2019s Sample Room in Madagascar ensures precision in custom apparel and costume designs, offering a swift 2-week turnaround for flawless production.\" \/>\n<meta property=\"og:url\" content=\"https:\/\/festival-factory.com\/de\/sample-room-pre-production\/\" \/>\n<meta property=\"og:site_name\" content=\"Festival Factory Madagascar\" \/>\n<meta property=\"article:modified_time\" content=\"2025-06-24T09:33:48+00:00\" \/>\n<meta name=\"twitter:card\" content=\"summary_large_image\" \/>\n<meta name=\"twitter:label1\" content=\"Gesch\u00e4tzte Lesezeit\" \/>\n\t<meta name=\"twitter:data1\" content=\"1\u00a0Minute\" \/>\n<script type=\"application\/ld+json\" class=\"yoast-schema-graph\">{\"@context\":\"https:\\\/\\\/schema.org\",\"@graph\":[{\"@type\":\"WebPage\",\"@id\":\"https:\\\/\\\/festival-factory.com\\\/sample-room-pre-production\\\/\",\"url\":\"https:\\\/\\\/festival-factory.com\\\/sample-room-pre-production\\\/\",\"name\":\"Sample Room & Pre-Production - Festival Factory Madagascar\",\"isPartOf\":{\"@id\":\"https:\\\/\\\/festival-factory.com\\\/#website\"},\"datePublished\":\"2025-02-12T15:07:38+00:00\",\"dateModified\":\"2025-06-24T09:33:48+00:00\",\"description\":\"Festival Factory\u2019s Sample Room in Madagascar ensures precision in custom apparel and costume designs, offering a swift 2-week turnaround for flawless production.\",\"breadcrumb\":{\"@id\":\"https:\\\/\\\/festival-factory.com\\\/sample-room-pre-production\\\/#breadcrumb\"},\"inLanguage\":\"de\",\"potentialAction\":[{\"@type\":\"ReadAction\",\"target\":[\"https:\\\/\\\/festival-factory.com\\\/sample-room-pre-production\\\/\"]}]},{\"@type\":\"BreadcrumbList\",\"@id\":\"https:\\\/\\\/festival-factory.com\\\/sample-room-pre-production\\\/#breadcrumb\",\"itemListElement\":[{\"@type\":\"ListItem\",\"position\":1,\"name\":\"Home\",\"item\":\"https:\\\/\\\/festival-factory.com\\\/\"},{\"@type\":\"ListItem\",\"position\":2,\"name\":\"Sample Room &#038; Pre-Production\"}]},{\"@type\":\"WebSite\",\"@id\":\"https:\\\/\\\/festival-factory.com\\\/#website\",\"url\":\"https:\\\/\\\/festival-factory.com\\\/\",\"name\":\"Festival Factory Madagascar\",\"description\":\"Manufacturing apparel &amp; Costumes with decades of experience\",\"publisher\":{\"@id\":\"https:\\\/\\\/festival-factory.com\\\/#organization\"},\"potentialAction\":[{\"@type\":\"SearchAction\",\"target\":{\"@type\":\"EntryPoint\",\"urlTemplate\":\"https:\\\/\\\/festival-factory.com\\\/?s={search_term_string}\"},\"query-input\":{\"@type\":\"PropertyValueSpecification\",\"valueRequired\":true,\"valueName\":\"search_term_string\"}}],\"inLanguage\":\"de\"},{\"@type\":\"Organization\",\"@id\":\"https:\\\/\\\/festival-factory.com\\\/#organization\",\"name\":\"Festival Factory Madagascar\",\"url\":\"https:\\\/\\\/festival-factory.com\\\/\",\"logo\":{\"@type\":\"ImageObject\",\"inLanguage\":\"de\",\"@id\":\"https:\\\/\\\/festival-factory.com\\\/#\\\/schema\\\/logo\\\/image\\\/\",\"url\":\"https:\\\/\\\/festival-factory.com\\\/wp-content\\\/uploads\\\/2025\\\/02\\\/Festival-Logo.png\",\"contentUrl\":\"https:\\\/\\\/festival-factory.com\\\/wp-content\\\/uploads\\\/2025\\\/02\\\/Festival-Logo.png\",\"width\":2000,\"height\":519,\"caption\":\"Festival Factory Madagascar\"},\"image\":{\"@id\":\"https:\\\/\\\/festival-factory.com\\\/#\\\/schema\\\/logo\\\/image\\\/\"}}]}<\/script>\n<!-- \/ Yoast SEO plugin. -->","yoast_head_json":{"title":"Probenraum &amp; Vorproduktion - Festivalfabrik Madagaskar","description":"Der Sample Room von Festival Factory in Madagaskar gew\u00e4hrleistet Pr\u00e4zision bei der Herstellung von ma\u00dfgeschneiderter Kleidung und Kost\u00fcmen und bietet eine schnelle 2-w\u00f6chige Bearbeitungszeit f\u00fcr eine einwandfreie Produktion.","robots":{"index":"index","follow":"follow","max-snippet":"max-snippet:-1","max-image-preview":"max-image-preview:large","max-video-preview":"max-video-preview:-1"},"canonical":"https:\/\/festival-factory.com\/de\/sample-room-pre-production\/","og_locale":"de_DE","og_type":"article","og_title":"Sample Room & Pre-Production - Festival Factory Madagascar","og_description":"Festival Factory\u2019s Sample Room in Madagascar ensures precision in custom apparel and costume designs, offering a swift 2-week turnaround for flawless production.","og_url":"https:\/\/festival-factory.com\/de\/sample-room-pre-production\/","og_site_name":"Festival Factory Madagascar","article_modified_time":"2025-06-24T09:33:48+00:00","twitter_card":"summary_large_image","twitter_misc":{"Gesch\u00e4tzte Lesezeit":"1\u00a0Minute"},"schema":{"@context":"https:\/\/schema.org","@graph":[{"@type":"WebPage","@id":"https:\/\/festival-factory.com\/sample-room-pre-production\/","url":"https:\/\/festival-factory.com\/sample-room-pre-production\/","name":"Probenraum &amp; Vorproduktion - Festivalfabrik Madagaskar","isPartOf":{"@id":"https:\/\/festival-factory.com\/#website"},"datePublished":"2025-02-12T15:07:38+00:00","dateModified":"2025-06-24T09:33:48+00:00","description":"Der Sample Room von Festival Factory in Madagaskar gew\u00e4hrleistet Pr\u00e4zision bei der Herstellung von ma\u00dfgeschneiderter Kleidung und Kost\u00fcmen und bietet eine schnelle 2-w\u00f6chige Bearbeitungszeit f\u00fcr eine einwandfreie Produktion.","breadcrumb":{"@id":"https:\/\/festival-factory.com\/sample-room-pre-production\/#breadcrumb"},"inLanguage":"de","potentialAction":[{"@type":"ReadAction","target":["https:\/\/festival-factory.com\/sample-room-pre-production\/"]}]},{"@type":"BreadcrumbList","@id":"https:\/\/festival-factory.com\/sample-room-pre-production\/#breadcrumb","itemListElement":[{"@type":"ListItem","position":1,"name":"Home","item":"https:\/\/festival-factory.com\/"},{"@type":"ListItem","position":2,"name":"Sample Room &#038; Pre-Production"}]},{"@type":"WebSite","@id":"https:\/\/festival-factory.com\/#website","url":"https:\/\/festival-factory.com\/","name":"Festivalfabrik Madagaskar","description":"Herstellung von Bekleidung und Kost\u00fcmen mit jahrzehntelanger Erfahrung","publisher":{"@id":"https:\/\/festival-factory.com\/#organization"},"potentialAction":[{"@type":"SearchAction","target":{"@type":"EntryPoint","urlTemplate":"https:\/\/festival-factory.com\/?s={search_term_string}"},"query-input":{"@type":"PropertyValueSpecification","valueRequired":true,"valueName":"search_term_string"}}],"inLanguage":"de"},{"@type":"Organization","@id":"https:\/\/festival-factory.com\/#organization","name":"Festivalfabrik Madagaskar","url":"https:\/\/festival-factory.com\/","logo":{"@type":"ImageObject","inLanguage":"de","@id":"https:\/\/festival-factory.com\/#\/schema\/logo\/image\/","url":"https:\/\/festival-factory.com\/wp-content\/uploads\/2025\/02\/Festival-Logo.png","contentUrl":"https:\/\/festival-factory.com\/wp-content\/uploads\/2025\/02\/Festival-Logo.png","width":2000,"height":519,"caption":"Festival Factory Madagascar"},"image":{"@id":"https:\/\/festival-factory.com\/#\/schema\/logo\/image\/"}}]}},"_links":{"self":[{"href":"https:\/\/festival-factory.com\/de\/wp-json\/wp\/v2\/pages\/3413","targetHints":{"allow":["GET"]}}],"collection":[{"href":"https:\/\/festival-factory.com\/de\/wp-json\/wp\/v2\/pages"}],"about":[{"href":"https:\/\/festival-factory.com\/de\/wp-json\/wp\/v2\/types\/page"}],"author":[{"embeddable":true,"href":"https:\/\/festival-factory.com\/de\/wp-json\/wp\/v2\/users\/1"}],"replies":[{"embeddable":true,"href":"https:\/\/festival-factory.com\/de\/wp-json\/wp\/v2\/comments?post=3413"}],"version-history":[{"count":12,"href":"https:\/\/festival-factory.com\/de\/wp-json\/wp\/v2\/pages\/3413\/revisions"}],"predecessor-version":[{"id":3823,"href":"https:\/\/festival-factory.com\/de\/wp-json\/wp\/v2\/pages\/3413\/revisions\/3823"}],"wp:attachment":[{"href":"https:\/\/festival-factory.com\/de\/wp-json\/wp\/v2\/media?parent=3413"}],"curies":[{"name":"wp","href":"https:\/\/api.w.org\/{rel}","templated":true}]}}