{"id":3608,"date":"2025-04-01T15:10:46","date_gmt":"2025-04-01T15:10:46","guid":{"rendered":"https:\/\/festival-factory.com\/?page_id=3608"},"modified":"2025-06-24T09:04:35","modified_gmt":"2025-06-24T09:04:35","slug":"community-projects","status":"publish","type":"page","link":"https:\/\/festival-factory.com\/de\/community-projects\/","title":{"rendered":"Gemeinschaftliche Projekte"},"content":{"rendered":"<div class=\"fusion-fullwidth fullwidth-box fusion-builder-row-1 fusion-flex-container has-pattern-background has-mask-background nonhundred-percent-fullwidth non-hundred-percent-height-scrolling\" style=\"--awb-border-radius-top-left:0px;--awb-border-radius-top-right:0px;--awb-border-radius-bottom-right:0px;--awb-border-radius-bottom-left:0px;--awb-flex-wrap:wrap;\" ><div class=\"fusion-builder-row fusion-row fusion-flex-align-items-flex-start fusion-flex-content-wrap\" style=\"max-width:1372.8px;margin-left: calc(-4% \/ 2 );margin-right: calc(-4% \/ 2 );\"><div class=\"fusion-layout-column fusion_builder_column fusion-builder-column-0 fusion_builder_column_1_1 1_1 fusion-flex-column\" style=\"--awb-bg-size:cover;--awb-width-large:100%;--awb-margin-top-large:0px;--awb-spacing-right-large:1.92%;--awb-margin-bottom-large:20px;--awb-spacing-left-large:1.92%;--awb-width-medium:100%;--awb-order-medium:0;--awb-spacing-right-medium:1.92%;--awb-spacing-left-medium:1.92%;--awb-width-small:100%;--awb-order-small:0;--awb-spacing-right-small:1.92%;--awb-spacing-left-small:1.92%;\"><div class=\"fusion-column-wrapper fusion-column-has-shadow fusion-flex-justify-content-flex-start fusion-content-layout-column\"><div class=\"fusion-text fusion-text-1\"><h3 class=\"\" data-start=\"77\" data-end=\"137\"><strong data-start=\"81\" data-end=\"137\">Aufforstungsinitiativen zum Schutz der Umwelt<\/strong><\/h3>\n<p class=\"\" data-start=\"138\" data-end=\"779\">Wir von Festival Factory sind stolz auf unser kontinuierliches Engagement f\u00fcr <strong data-start=\"202\" data-end=\"234\">Umweltvertr\u00e4glichkeit<\/strong>. Eine unserer wichtigsten Initiativen ist unser <strong data-start=\"270\" data-end=\"304\">J\u00e4hrliches Baumpflanzungsprogramm<\/strong> in Zusammenarbeit mit dem <strong data-start=\"331\" data-end=\"362\">Ministerium f\u00fcr Umwelt<\/strong>. Jedes Jahr engagieren wir unsere Mitarbeiter beim Pflanzen und \u00dcberwachen von B\u00e4umen und tragen so zur Wiederherstellung nat\u00fcrlicher Lebensr\u00e4ume und zur Bek\u00e4mpfung der Entwaldung bei. Im Durchschnitt, <strong data-start=\"531\" data-end=\"558\">1.500 B\u00e4ume werden gepflanzt<\/strong> j\u00e4hrlich, mit einer bemerkenswerten <strong data-start=\"587\" data-end=\"608\">86% \u00dcberlebensrate<\/strong> f\u00fcr die im Jahr 2024 gepflanzten B\u00e4ume. Diese Initiative ist nur eine der M\u00f6glichkeiten, wie wir aktiv eine <strong data-start=\"702\" data-end=\"720\">gr\u00fcnere Zukunft<\/strong> und gleichzeitig unser Team in praktische Umweltaktionen einbinden.<\/p>\n<h3 class=\"\" data-start=\"921\" data-end=\"972\"><strong data-start=\"925\" data-end=\"972\">Recycling-Programm zur Verringerung von Fabrikabf\u00e4llen<\/strong><\/h3>\n<p class=\"\" data-start=\"973\" data-end=\"1590\">Als Teil unserer Verpflichtung zur Nachhaltigkeit, <strong data-start=\"1018\" data-end=\"1038\">Festival-Fabrik<\/strong> hat ein umfassendes <strong data-start=\"1071\" data-end=\"1094\">Recyclingprogramm<\/strong> die darauf abzielen, unsere Auswirkungen auf die Umwelt zu verringern. Wir stellen sicher, dass alle Fabrikabf\u00e4lle ordnungsgem\u00e4\u00df sortiert und recycelt werden, indem wir Partnerschaften mit mehreren <strong data-start=\"1239\" data-end=\"1281\">staatlich anerkannte Recycling-Partner<\/strong>. Diese Initiative hilft uns, Abf\u00e4lle zu minimieren, Ressourcen zu schonen und einen Beitrag zu einer <strong data-start=\"1364\" data-end=\"1384\">Kreislaufwirtschaft<\/strong>Wir sorgen daf\u00fcr, dass unsere Produktionsprozesse so umweltfreundlich wie m\u00f6glich sind. Unsere Recycling-Bem\u00fchungen sind ein wichtiger Teil unserer umfassenderen Mission, einen nachhaltigeren und verantwortungsvolleren Herstellungsprozess zu schaffen.<\/p>\n<h3 class=\"\" data-start=\"1721\" data-end=\"1781\"><strong data-start=\"1725\" data-end=\"1781\">Teilnahme von Mitarbeitern an lokalen Trailrunning-Veranstaltungen<\/strong><\/h3>\n<p class=\"\" data-start=\"1782\" data-end=\"2314\">Festival Factory ist stolz darauf, einen aktiven und gesunden Lebensstil unter seinen Mitarbeitern zu f\u00f6rdern. Jedes Jahr beteiligt sich ein Team unserer engagierten Mitarbeiter an der lokalen <strong data-start=\"1945\" data-end=\"1962\">Trail Running<\/strong> und stellten damit ihr Engagement f\u00fcr Fitness und Teamwork unter Beweis. Im Jahr 2024 nahmen sechs unserer Mitarbeiter an dem Rennen teil und belegten den ersten Platz. <strong data-start=\"2092\" data-end=\"2126\">die besten 65 von 240 Teilnehmern<\/strong>-ein echtes Zeugnis f\u00fcr ihre Ausdauer und ihr Engagement. Diese j\u00e4hrliche Veranstaltung f\u00f6rdert nicht nur das k\u00f6rperliche Wohlbefinden, sondern st\u00e4rkt auch den Gemeinschaftssinn und die Kameradschaft unter unseren Mitarbeitern.<\/p>\n<h3 class=\"\" data-start=\"2442\" data-end=\"2498\"><strong data-start=\"2446\" data-end=\"2498\">Aufbau starker Gemeinschaftspartnerschaften mit NROs<\/strong><\/h3>\n<p class=\"\" data-start=\"2499\" data-end=\"3097\">Wir von Festival Factory glauben daran, der Gemeinschaft, die uns unterst\u00fctzt, etwas zur\u00fcckzugeben. Wir sind stolz auf unsere Partnerschaft mit lokalen <strong data-start=\"2616\" data-end=\"2657\">Nichtregierungsorganisationen (NGOs)<\/strong> um in der Region etwas zu bewirken. Unsere Kooperationen umfassen die Zusammenarbeit mit <strong data-start=\"2739\" data-end=\"2763\">Waisenh\u00e4user, Heime<\/strong>und die <strong data-start=\"2773\" data-end=\"2804\">Verband \u00e4lterer Menschen<\/strong>wo wir regelm\u00e4\u00dfig lebenswichtige Dinge spenden wie <strong data-start=\"2853\" data-end=\"2901\">Kleidungsst\u00fccke, Uniformen, Reis, Decken und Spielzeug<\/strong>. Diese Partnerschaften erm\u00f6glichen es uns, zum Wohlergehen der Bed\u00fcrftigen beizutragen, das soziale Gef\u00fcge der Gemeinschaft zu st\u00e4rken und unsere Werte des Mitgef\u00fchls und der sozialen Verantwortung zu bekr\u00e4ftigen.<\/p>\n<\/div><\/div><\/div><\/div><\/div>","protected":false},"excerpt":{"rendered":"","protected":false},"author":2,"featured_media":0,"parent":0,"menu_order":0,"comment_status":"closed","ping_status":"closed","template":"100-width.php","meta":{"_acf_changed":false,"footnotes":""},"class_list":["post-3608","page","type-page","status-publish","hentry"],"acf":[],"yoast_head":"<!-- This site is optimized with the Yoast SEO plugin v27.4 - https:\/\/yoast.com\/product\/yoast-seo-wordpress\/ -->\n<title>Community Projects - Festival Factory Madagascar<\/title>\n<meta name=\"description\" content=\"Discover how Festival Factory supports communities through social impact initiatives, employee empowerment, and creative local partnerships\" \/>\n<meta name=\"robots\" content=\"index, follow, max-snippet:-1, max-image-preview:large, max-video-preview:-1\" \/>\n<link rel=\"canonical\" href=\"https:\/\/festival-factory.com\/de\/community-projects\/\" \/>\n<meta property=\"og:locale\" content=\"de_DE\" \/>\n<meta property=\"og:type\" content=\"article\" \/>\n<meta property=\"og:title\" content=\"Community Projects - Festival Factory Madagascar\" \/>\n<meta property=\"og:description\" content=\"Discover how Festival Factory supports communities through social impact initiatives, employee empowerment, and creative local partnerships\" \/>\n<meta property=\"og:url\" content=\"https:\/\/festival-factory.com\/de\/community-projects\/\" \/>\n<meta property=\"og:site_name\" content=\"Festival Factory Madagascar\" \/>\n<meta property=\"article:modified_time\" content=\"2025-06-24T09:04:35+00:00\" \/>\n<meta name=\"twitter:card\" content=\"summary_large_image\" \/>\n<meta name=\"twitter:label1\" content=\"Gesch\u00e4tzte Lesezeit\" \/>\n\t<meta name=\"twitter:data1\" content=\"2\u00a0Minuten\" \/>\n<script type=\"application\/ld+json\" class=\"yoast-schema-graph\">{\"@context\":\"https:\\\/\\\/schema.org\",\"@graph\":[{\"@type\":\"WebPage\",\"@id\":\"https:\\\/\\\/festival-factory.com\\\/community-projects\\\/\",\"url\":\"https:\\\/\\\/festival-factory.com\\\/community-projects\\\/\",\"name\":\"Community Projects - Festival Factory Madagascar\",\"isPartOf\":{\"@id\":\"https:\\\/\\\/festival-factory.com\\\/#website\"},\"datePublished\":\"2025-04-01T15:10:46+00:00\",\"dateModified\":\"2025-06-24T09:04:35+00:00\",\"description\":\"Discover how Festival Factory supports communities through social impact initiatives, employee empowerment, and creative local partnerships\",\"breadcrumb\":{\"@id\":\"https:\\\/\\\/festival-factory.com\\\/community-projects\\\/#breadcrumb\"},\"inLanguage\":\"de\",\"potentialAction\":[{\"@type\":\"ReadAction\",\"target\":[\"https:\\\/\\\/festival-factory.com\\\/community-projects\\\/\"]}]},{\"@type\":\"BreadcrumbList\",\"@id\":\"https:\\\/\\\/festival-factory.com\\\/community-projects\\\/#breadcrumb\",\"itemListElement\":[{\"@type\":\"ListItem\",\"position\":1,\"name\":\"Home\",\"item\":\"https:\\\/\\\/festival-factory.com\\\/\"},{\"@type\":\"ListItem\",\"position\":2,\"name\":\"Community Projects\"}]},{\"@type\":\"WebSite\",\"@id\":\"https:\\\/\\\/festival-factory.com\\\/#website\",\"url\":\"https:\\\/\\\/festival-factory.com\\\/\",\"name\":\"Festival Factory Madagascar\",\"description\":\"Manufacturing apparel &amp; Costumes with decades of experience\",\"publisher\":{\"@id\":\"https:\\\/\\\/festival-factory.com\\\/#organization\"},\"potentialAction\":[{\"@type\":\"SearchAction\",\"target\":{\"@type\":\"EntryPoint\",\"urlTemplate\":\"https:\\\/\\\/festival-factory.com\\\/?s={search_term_string}\"},\"query-input\":{\"@type\":\"PropertyValueSpecification\",\"valueRequired\":true,\"valueName\":\"search_term_string\"}}],\"inLanguage\":\"de\"},{\"@type\":\"Organization\",\"@id\":\"https:\\\/\\\/festival-factory.com\\\/#organization\",\"name\":\"Festival Factory Madagascar\",\"url\":\"https:\\\/\\\/festival-factory.com\\\/\",\"logo\":{\"@type\":\"ImageObject\",\"inLanguage\":\"de\",\"@id\":\"https:\\\/\\\/festival-factory.com\\\/#\\\/schema\\\/logo\\\/image\\\/\",\"url\":\"https:\\\/\\\/festival-factory.com\\\/wp-content\\\/uploads\\\/2025\\\/02\\\/Festival-Logo.png\",\"contentUrl\":\"https:\\\/\\\/festival-factory.com\\\/wp-content\\\/uploads\\\/2025\\\/02\\\/Festival-Logo.png\",\"width\":2000,\"height\":519,\"caption\":\"Festival Factory Madagascar\"},\"image\":{\"@id\":\"https:\\\/\\\/festival-factory.com\\\/#\\\/schema\\\/logo\\\/image\\\/\"}}]}<\/script>\n<!-- \/ Yoast SEO plugin. -->","yoast_head_json":{"title":"Gemeinschaftsprojekte - Festival Factory Madagaskar","description":"Entdecken Sie, wie die Festival Factory Gemeinden durch soziale Initiativen, die St\u00e4rkung der Mitarbeiter und kreative lokale Partnerschaften unterst\u00fctzt.","robots":{"index":"index","follow":"follow","max-snippet":"max-snippet:-1","max-image-preview":"max-image-preview:large","max-video-preview":"max-video-preview:-1"},"canonical":"https:\/\/festival-factory.com\/de\/community-projects\/","og_locale":"de_DE","og_type":"article","og_title":"Community Projects - Festival Factory Madagascar","og_description":"Discover how Festival Factory supports communities through social impact initiatives, employee empowerment, and creative local partnerships","og_url":"https:\/\/festival-factory.com\/de\/community-projects\/","og_site_name":"Festival Factory Madagascar","article_modified_time":"2025-06-24T09:04:35+00:00","twitter_card":"summary_large_image","twitter_misc":{"Gesch\u00e4tzte Lesezeit":"2\u00a0Minuten"},"schema":{"@context":"https:\/\/schema.org","@graph":[{"@type":"WebPage","@id":"https:\/\/festival-factory.com\/community-projects\/","url":"https:\/\/festival-factory.com\/community-projects\/","name":"Gemeinschaftsprojekte - Festival Factory Madagaskar","isPartOf":{"@id":"https:\/\/festival-factory.com\/#website"},"datePublished":"2025-04-01T15:10:46+00:00","dateModified":"2025-06-24T09:04:35+00:00","description":"Entdecken Sie, wie die Festival Factory Gemeinden durch soziale Initiativen, die St\u00e4rkung der Mitarbeiter und kreative lokale Partnerschaften unterst\u00fctzt.","breadcrumb":{"@id":"https:\/\/festival-factory.com\/community-projects\/#breadcrumb"},"inLanguage":"de","potentialAction":[{"@type":"ReadAction","target":["https:\/\/festival-factory.com\/community-projects\/"]}]},{"@type":"BreadcrumbList","@id":"https:\/\/festival-factory.com\/community-projects\/#breadcrumb","itemListElement":[{"@type":"ListItem","position":1,"name":"Home","item":"https:\/\/festival-factory.com\/"},{"@type":"ListItem","position":2,"name":"Community Projects"}]},{"@type":"WebSite","@id":"https:\/\/festival-factory.com\/#website","url":"https:\/\/festival-factory.com\/","name":"Festivalfabrik Madagaskar","description":"Herstellung von Bekleidung und Kost\u00fcmen mit jahrzehntelanger Erfahrung","publisher":{"@id":"https:\/\/festival-factory.com\/#organization"},"potentialAction":[{"@type":"SearchAction","target":{"@type":"EntryPoint","urlTemplate":"https:\/\/festival-factory.com\/?s={search_term_string}"},"query-input":{"@type":"PropertyValueSpecification","valueRequired":true,"valueName":"search_term_string"}}],"inLanguage":"de"},{"@type":"Organization","@id":"https:\/\/festival-factory.com\/#organization","name":"Festivalfabrik Madagaskar","url":"https:\/\/festival-factory.com\/","logo":{"@type":"ImageObject","inLanguage":"de","@id":"https:\/\/festival-factory.com\/#\/schema\/logo\/image\/","url":"https:\/\/festival-factory.com\/wp-content\/uploads\/2025\/02\/Festival-Logo.png","contentUrl":"https:\/\/festival-factory.com\/wp-content\/uploads\/2025\/02\/Festival-Logo.png","width":2000,"height":519,"caption":"Festival Factory Madagascar"},"image":{"@id":"https:\/\/festival-factory.com\/#\/schema\/logo\/image\/"}}]}},"_links":{"self":[{"href":"https:\/\/festival-factory.com\/de\/wp-json\/wp\/v2\/pages\/3608","targetHints":{"allow":["GET"]}}],"collection":[{"href":"https:\/\/festival-factory.com\/de\/wp-json\/wp\/v2\/pages"}],"about":[{"href":"https:\/\/festival-factory.com\/de\/wp-json\/wp\/v2\/types\/page"}],"author":[{"embeddable":true,"href":"https:\/\/festival-factory.com\/de\/wp-json\/wp\/v2\/users\/2"}],"replies":[{"embeddable":true,"href":"https:\/\/festival-factory.com\/de\/wp-json\/wp\/v2\/comments?post=3608"}],"version-history":[{"count":3,"href":"https:\/\/festival-factory.com\/de\/wp-json\/wp\/v2\/pages\/3608\/revisions"}],"predecessor-version":[{"id":3814,"href":"https:\/\/festival-factory.com\/de\/wp-json\/wp\/v2\/pages\/3608\/revisions\/3814"}],"wp:attachment":[{"href":"https:\/\/festival-factory.com\/de\/wp-json\/wp\/v2\/media?parent=3608"}],"curies":[{"name":"wp","href":"https:\/\/api.w.org\/{rel}","templated":true}]}}