{"id":3911,"date":"2025-07-18T14:38:28","date_gmt":"2025-07-18T14:38:28","guid":{"rendered":"https:\/\/festival-factory.com\/?page_id=3911"},"modified":"2025-07-22T08:30:52","modified_gmt":"2025-07-22T08:30:52","slug":"agoa-us","status":"publish","type":"page","link":"https:\/\/festival-factory.com\/de\/duty-free-shipping\/agoa-us\/","title":{"rendered":"AGOA - Zollfreier Versand in die Vereinigten Staaten"},"content":{"rendered":"<div class=\"fusion-fullwidth fullwidth-box fusion-builder-row-1 fusion-flex-container nonhundred-percent-fullwidth non-hundred-percent-height-scrolling\" style=\"--awb-border-radius-top-left:0px;--awb-border-radius-top-right:0px;--awb-border-radius-bottom-right:0px;--awb-border-radius-bottom-left:0px;--awb-flex-wrap:wrap;\" ><div class=\"fusion-builder-row fusion-row fusion-flex-align-items-flex-start fusion-flex-content-wrap\" style=\"max-width:1372.8px;margin-left: calc(-4% \/ 2 );margin-right: calc(-4% \/ 2 );\"><div class=\"fusion-layout-column fusion_builder_column fusion-builder-column-0 fusion_builder_column_1_1 1_1 fusion-flex-column\" style=\"--awb-bg-size:cover;--awb-width-large:100%;--awb-margin-top-large:0px;--awb-spacing-right-large:1.92%;--awb-margin-bottom-large:0px;--awb-spacing-left-large:1.92%;--awb-width-medium:100%;--awb-spacing-right-medium:1.92%;--awb-spacing-left-medium:1.92%;--awb-width-small:100%;--awb-spacing-right-small:1.92%;--awb-spacing-left-small:1.92%;\"><div class=\"fusion-column-wrapper fusion-flex-justify-content-flex-start fusion-content-layout-column\"><div class=\"fusion-text fusion-text-1\"><h3 data-start=\"1509\" data-end=\"1526\">Was ist AGOA?<\/h3>\n<p data-start=\"1528\" data-end=\"1882\">Die <strong data-start=\"1532\" data-end=\"1577\">Gesetz \u00fcber afrikanisches Wachstum und Chancengleichheit (AGOA)<\/strong> ist ein US-amerikanisches Handelsprogramm aus dem Jahr 2000, das Folgendes vorsieht <strong data-start=\"1632\" data-end=\"1674\">f\u00f6rderf\u00e4hige afrikanische L\u00e4nder s\u00fcdlich der Sahara<\/strong> mit <strong data-start=\"1680\" data-end=\"1700\">zollfreier Zugang<\/strong> auf dem amerikanischen Markt f\u00fcr \u00fcber 6.500 Produktlinien. Dies umfasst eine breite Kategorie von <strong data-start=\"1788\" data-end=\"1817\">Textil- und Bekleidungswaren<\/strong>die oft hohen Z\u00f6llen unterliegen, wenn sie anderswo bezogen werden.<\/p>\n<p data-start=\"1884\" data-end=\"1906\"><strong data-start=\"1884\" data-end=\"1906\">Hauptziele des AGOA:<\/strong><\/p>\n<ul data-start=\"1907\" data-end=\"2074\">\n<li data-start=\"1907\" data-end=\"1956\">\n<p data-start=\"1909\" data-end=\"1956\">F\u00f6rderung des Wirtschaftswachstums in Afrika durch Handel<\/p>\n<\/li>\n<li data-start=\"1957\" data-end=\"2018\">\n<p data-start=\"1959\" data-end=\"2018\">U.S.-Unternehmen kosteng\u00fcnstige Beschaffungsm\u00f6glichkeiten zu bieten<\/p>\n<\/li>\n<li data-start=\"2019\" data-end=\"2074\">\n<p data-start=\"2021\" data-end=\"2074\">F\u00f6rderung von langfristigen Handels- und Investitionspartnerschaften<\/p>\n<\/li>\n<\/ul>\n<hr data-start=\"2076\" data-end=\"2079\" \/>\n<h3 data-start=\"2081\" data-end=\"2125\">Madagaskar: Ein zertifizierter AGOA-Beg\u00fcnstigter<\/h3>\n<p data-start=\"2127\" data-end=\"2388\">Madagaskar ist seit 2014 wieder AGOA-f\u00e4hig, nachdem es bei den politischen und wirtschaftlichen Reformen gro\u00dfe Fortschritte gemacht hat. Infolgedessen, <strong data-start=\"2257\" data-end=\"2294\">Hersteller mit Sitz in Madagaskar<\/strong> - wie Festival Factory - kann qualifizierte Produkte in die Vereinigten Staaten exportieren <strong>zollfrei (ausgenommen Z\u00f6lle)<\/strong>.<\/p>\n<p data-start=\"2390\" data-end=\"2458\">F\u00fcr US-Importeure ist dies eine seltene Gelegenheit, von der sie profitieren k\u00f6nnen:<\/p>\n<ul data-start=\"2459\" data-end=\"2624\">\n<li data-start=\"2459\" data-end=\"2504\">\n<p data-start=\"2461\" data-end=\"2504\"><strong data-start=\"2461\" data-end=\"2504\">Zollfreie Einfuhren von qualifizierten Bekleidungsst\u00fccken<\/strong><\/p>\n<\/li>\n<li data-start=\"2505\" data-end=\"2564\">\n<p data-start=\"2507\" data-end=\"2564\"><strong data-start=\"2507\" data-end=\"2538\">K\u00fcrzere Lieferfristen<\/strong> im Vergleich zu den asiatischen M\u00e4rkten<\/p>\n<\/li>\n<li data-start=\"2565\" data-end=\"2624\">\n<p data-start=\"2567\" data-end=\"2624\"><strong data-start=\"2567\" data-end=\"2594\">Ethische Arbeitsstandards<\/strong> und transparente Lieferketten<\/p>\n<\/li>\n<\/ul>\n<hr data-start=\"2626\" data-end=\"2629\" \/>\n<h3 data-start=\"2631\" data-end=\"2668\">Welche Produkte sind unter AGOA qualifiziert?<\/h3>\n<p data-start=\"2670\" data-end=\"2842\">AGOA unterst\u00fctzt eine breite Palette von f\u00f6rderungsw\u00fcrdigen Produkten, aber <strong data-start=\"2723\" data-end=\"2752\">Bekleidungs- und Kost\u00fcmartikel<\/strong> Die in Madagaskar hergestellten Produkte sind besonders gut positioniert, um von dem Programm zu profitieren.<\/p>\n<p data-start=\"2844\" data-end=\"2909\">Festival Factory hat sich auf AGOA-f\u00e4hige Kategorien wie z. B.:<\/p>\n<ul data-start=\"2910\" data-end=\"3052\">\n<li data-start=\"2910\" data-end=\"2962\">\n<p data-start=\"2912\" data-end=\"2962\">Kost\u00fcmbekleidung f\u00fcr Veranstaltungen, Paraden und Feste<\/p>\n<\/li>\n<li data-start=\"2963\" data-end=\"2990\">\n<p data-start=\"2965\" data-end=\"2990\">Uniformen und Markenkleidung<\/p>\n<\/li>\n<li data-start=\"2991\" data-end=\"3025\">\n<p data-start=\"2993\" data-end=\"3025\">Bekleidungsst\u00fccke f\u00fcr den Masseneinzelhandel<\/p>\n<\/li>\n<li data-start=\"3026\" data-end=\"3052\">\n<p data-start=\"3028\" data-end=\"3052\">Kleidung f\u00fcr Kinder<\/p>\n<\/li>\n<\/ul>\n<p data-start=\"3054\" data-end=\"3183\">Wir bearbeiten die <strong data-start=\"3068\" data-end=\"3113\">AGOA-Dokumentation und Konformit\u00e4tsverfahren<\/strong>So k\u00f6nnen sich unsere Kunden in den USA auf Wachstum und Marketing konzentrieren, nicht auf B\u00fcrokratie.<\/p>\n<hr data-start=\"3185\" data-end=\"3188\" \/>\n<h3 data-start=\"3190\" data-end=\"3234\">Compliance und Dokumentation leicht gemacht<\/h3>\n<p data-start=\"3236\" data-end=\"3378\">Um in den Genuss der AGOA-Vorteile zu kommen, m\u00fcssen die Sendungen folgende Bedingungen erf\u00fcllen <strong data-start=\"3292\" data-end=\"3324\">Anforderungen an die Ursprungsregeln<\/strong> und von spezifischen Unterlagen begleitet sein, wie z. B:<\/p>\n<ul data-start=\"3379\" data-end=\"3483\">\n<li data-start=\"3379\" data-end=\"3406\">\n<p data-start=\"3381\" data-end=\"3406\"><strong data-start=\"3381\" data-end=\"3406\">Ursprungszeugnis<\/strong><\/p>\n<\/li>\n<li data-start=\"3407\" data-end=\"3428\">\n<p data-start=\"3409\" data-end=\"3428\"><strong data-start=\"3409\" data-end=\"3428\">AGOA-Visumstempel<\/strong><\/p>\n<\/li>\n<li data-start=\"3429\" data-end=\"3483\">\n<p data-start=\"3431\" data-end=\"3483\"><strong data-start=\"3431\" data-end=\"3483\">Handelsrechnung mit qualifizierten Produktcodes<\/strong><\/p>\n<\/li>\n<\/ul>\n<p data-start=\"3485\" data-end=\"3765\">Unser Export- und Logistikteam bei Festival Factory ist erfahren in der Vorbereitung aller notwendigen Papiere, um die vollst\u00e4ndige Einhaltung der AGOA-Bestimmungen zu gew\u00e4hrleisten. Wir arbeiten eng mit Zollmaklern und Spediteuren zusammen, um sicherzustellen, dass Ihre Waren den US-Zoll passieren. <strong data-start=\"3734\" data-end=\"3764\">schnell und ohne Verz\u00f6gerungen<\/strong>.<\/p>\n<hr data-start=\"3767\" data-end=\"3770\" \/>\n<h3 data-start=\"3772\" data-end=\"3823\">Warum Madagaskar anderen Beschaffungszentren vorziehen?<\/h3>\n<p data-start=\"3825\" data-end=\"3932\">W\u00e4hrend viele US-Importeure aus Kostengr\u00fcnden auf asiatische Fabriken ausweichen, bietet Madagaskar einzigartige Vorteile:<\/p>\n<ul data-start=\"3933\" data-end=\"4166\">\n<li data-start=\"3933\" data-end=\"4015\">\n<p data-start=\"3935\" data-end=\"4015\"><strong data-start=\"3935\" data-end=\"3960\">AGOA-Zollbefreiung<\/strong> (vs. 17-32% U.S.-Bekleidungsz\u00f6lle aus Nicht-AGOA-Staaten)<\/p>\n<\/li>\n<li data-start=\"4016\" data-end=\"4066\">\n<p data-start=\"4018\" data-end=\"4066\"><strong data-start=\"4018\" data-end=\"4066\">K\u00fcrzere Lieferketten an die Ostk\u00fcste der USA<\/strong><\/p>\n<\/li>\n<li data-start=\"4067\" data-end=\"4118\">\n<p data-start=\"4069\" data-end=\"4118\"><strong data-start=\"4069\" data-end=\"4118\">Ethische Arbeitspraktiken und Einhaltung sozialer Standards<\/strong><\/p>\n<\/li>\n<li data-start=\"4119\" data-end=\"4166\">\n<p data-start=\"4121\" data-end=\"4166\"><strong data-start=\"4121\" data-end=\"4166\">Franz\u00f6sisch und Englisch sprechende Support-Teams<\/strong><\/p>\n<\/li>\n<\/ul>\n<p data-start=\"4168\" data-end=\"4340\">Mit Festival Factory profitieren Sie von folgenden Vorteilen <strong data-start=\"4215\" data-end=\"4242\">Kleinserien-Flexibilit\u00e4t<\/strong>, <strong data-start=\"4244\" data-end=\"4270\">kundenspezifische Designdienstleistungen<\/strong>und <strong data-start=\"4276\" data-end=\"4301\">schnelle Durchlaufzeiten<\/strong>-und das alles bei wettbewerbsf\u00e4higen Preisen.<\/p>\n<hr data-start=\"4342\" data-end=\"4345\" \/>\n<h3 data-start=\"4347\" data-end=\"4393\">Praktische Anwendungen f\u00fcr US-Importeure<\/h3>\n<p data-start=\"4395\" data-end=\"4428\">AGOA-basierte Beschaffung ist ideal f\u00fcr:<\/p>\n<ul data-start=\"4429\" data-end=\"4734\">\n<li data-start=\"4429\" data-end=\"4505\">\n<p data-start=\"4431\" data-end=\"4505\"><strong data-start=\"4431\" data-end=\"4455\">Kleine Modemarken<\/strong> die eine Produktion mit niedrigen Mindestbestellmengen und besseren Gewinnspannen ben\u00f6tigen<\/p>\n<\/li>\n<li data-start=\"4506\" data-end=\"4594\">\n<p data-start=\"4508\" data-end=\"4594\"><strong data-start=\"4508\" data-end=\"4525\">Einzelhandelsketten<\/strong> die ihre Lieferbasis diversifizieren und ihre Abh\u00e4ngigkeit von Asien verringern wollen<\/p>\n<\/li>\n<li data-start=\"4595\" data-end=\"4666\">\n<p data-start=\"4597\" data-end=\"4666\"><strong data-start=\"4597\" data-end=\"4618\">E-Commerce-Marken<\/strong> die Wert auf Schnelligkeit, Qualit\u00e4t und ethische Beschaffung legen<\/p>\n<\/li>\n<li data-start=\"4667\" data-end=\"4734\">\n<p data-start=\"4669\" data-end=\"4734\"><strong data-start=\"4669\" data-end=\"4695\">Unternehmen f\u00fcr Veranstaltungsbedarf<\/strong> Bestellung von saisonalen Kost\u00fcmen oder Uniformen<\/p>\n<\/li>\n<\/ul>\n<p data-start=\"4736\" data-end=\"4881\">Unsere Kunden nutzen die AGOA-Vorteile, um die Einsparungen in Marketing, Lagerhaltung oder Produktentwicklung zu reinvestieren - und verschaffen sich so einen entscheidenden Vorteil auf \u00fcberf\u00fcllten M\u00e4rkten.<\/p>\n<hr data-start=\"4883\" data-end=\"4886\" \/>\n<h3 data-start=\"4888\" data-end=\"4937\">Einstieg in die AGOA-gef\u00f6rderte Fertigung<\/h3>\n<p data-start=\"4939\" data-end=\"5039\">Wir haben Dutzenden von Unternehmen in den USA geholfen <strong data-start=\"4978\" data-end=\"5004\">Maximierung der AGOA-Vorteile<\/strong> w\u00e4hrend Sie Festival Factory's genie\u00dfen:<\/p>\n<ul data-start=\"5040\" data-end=\"5166\">\n<li data-start=\"5040\" data-end=\"5074\">\n<p data-start=\"5042\" data-end=\"5074\">Full-Service-Produktentwicklung<\/p>\n<\/li>\n<li data-start=\"5075\" data-end=\"5096\">\n<p data-start=\"5077\" data-end=\"5096\">Transparente Preisgestaltung<\/p>\n<\/li>\n<li data-start=\"5097\" data-end=\"5121\">\n<p data-start=\"5099\" data-end=\"5121\">Schnelle Produktionszyklen<\/p>\n<\/li>\n<li data-start=\"5122\" data-end=\"5166\">\n<p data-start=\"5124\" data-end=\"5166\">Logistische Unterst\u00fctzung und Zollkoordination<\/p>\n<\/li>\n<\/ul>\n<p data-start=\"5168\" data-end=\"5326\">Wenn Sie Ihre Waren aus China oder S\u00fcdasien beziehen, ist jetzt der richtige Zeitpunkt, um <strong data-start=\"5231\" data-end=\"5260\">\u00dcberdenken Sie Ihre Lieferkette<\/strong>. Madagaskar bietet im Rahmen des AGOA einen intelligenteren, schlankeren Weg zum Wachstum.<\/p>\n<hr data-start=\"5328\" data-end=\"5331\" \/>\n<h3 data-start=\"5333\" data-end=\"5353\">Kontaktieren Sie uns heute<\/h3>\n<p data-start=\"5355\" data-end=\"5570\">Ganz gleich, ob Sie Ihren ersten Auftrag erteilen oder Ihre bestehende Produktion nach Madagaskar verlagern m\u00f6chten, unser Team steht Ihnen gerne zur Seite. Wir zeigen Ihnen, wie Sie mit AGOA Ihre Einstandskosten senken und Ihren Betrieb rationalisieren k\u00f6nnen.<\/p>\n<p data-start=\"5355\" data-end=\"5570\">Wenden Sie sich an uns, um mehr \u00fcber den zollfreien Versand im Rahmen des AGOA zu erfahren.<\/p>\n<\/div><\/div><\/div><\/div><\/div>","protected":false},"excerpt":{"rendered":"","protected":false},"author":2,"featured_media":0,"parent":3512,"menu_order":0,"comment_status":"closed","ping_status":"closed","template":"","meta":{"_acf_changed":false,"footnotes":""},"class_list":["post-3911","page","type-page","status-publish","hentry"],"acf":[],"yoast_head":"<!-- This site is optimized with the Yoast SEO plugin v27.4 - https:\/\/yoast.com\/product\/yoast-seo-wordpress\/ -->\n<title>Exporting to the USA with AGOA \u2013 Duty-Free Access from Madagascar<\/title>\n<meta name=\"description\" content=\"Learn how Festival Factory uses the AGOA trade agreement to ship apparel duty-free to the U.S. from Madagascar. Lower costs, smoother imports.\" \/>\n<meta name=\"robots\" content=\"index, follow, max-snippet:-1, max-image-preview:large, max-video-preview:-1\" \/>\n<link rel=\"canonical\" href=\"https:\/\/festival-factory.com\/de\/duty-free-shipping\/agoa-us\/\" \/>\n<meta property=\"og:locale\" content=\"de_DE\" \/>\n<meta property=\"og:type\" content=\"article\" \/>\n<meta property=\"og:title\" content=\"Exporting to the USA with AGOA \u2013 Duty-Free Access from Madagascar\" \/>\n<meta property=\"og:description\" content=\"Learn how Festival Factory uses the AGOA trade agreement to ship apparel duty-free to the U.S. from Madagascar. Lower costs, smoother imports.\" \/>\n<meta property=\"og:url\" content=\"https:\/\/festival-factory.com\/de\/duty-free-shipping\/agoa-us\/\" \/>\n<meta property=\"og:site_name\" content=\"Festival Factory Madagascar\" \/>\n<meta property=\"article:modified_time\" content=\"2025-07-22T08:30:52+00:00\" \/>\n<meta name=\"twitter:card\" content=\"summary_large_image\" \/>\n<meta name=\"twitter:label1\" content=\"Gesch\u00e4tzte Lesezeit\" \/>\n\t<meta name=\"twitter:data1\" content=\"3\u00a0Minuten\" \/>\n<script type=\"application\/ld+json\" class=\"yoast-schema-graph\">{\"@context\":\"https:\\\/\\\/schema.org\",\"@graph\":[{\"@type\":\"WebPage\",\"@id\":\"https:\\\/\\\/festival-factory.com\\\/duty-free-shipping\\\/agoa-us\\\/\",\"url\":\"https:\\\/\\\/festival-factory.com\\\/duty-free-shipping\\\/agoa-us\\\/\",\"name\":\"Exporting to the USA with AGOA \u2013 Duty-Free Access from Madagascar\",\"isPartOf\":{\"@id\":\"https:\\\/\\\/festival-factory.com\\\/#website\"},\"datePublished\":\"2025-07-18T14:38:28+00:00\",\"dateModified\":\"2025-07-22T08:30:52+00:00\",\"description\":\"Learn how Festival Factory uses the AGOA trade agreement to ship apparel duty-free to the U.S. from Madagascar. Lower costs, smoother imports.\",\"breadcrumb\":{\"@id\":\"https:\\\/\\\/festival-factory.com\\\/duty-free-shipping\\\/agoa-us\\\/#breadcrumb\"},\"inLanguage\":\"de\",\"potentialAction\":[{\"@type\":\"ReadAction\",\"target\":[\"https:\\\/\\\/festival-factory.com\\\/duty-free-shipping\\\/agoa-us\\\/\"]}]},{\"@type\":\"BreadcrumbList\",\"@id\":\"https:\\\/\\\/festival-factory.com\\\/duty-free-shipping\\\/agoa-us\\\/#breadcrumb\",\"itemListElement\":[{\"@type\":\"ListItem\",\"position\":1,\"name\":\"Home\",\"item\":\"https:\\\/\\\/festival-factory.com\\\/\"},{\"@type\":\"ListItem\",\"position\":2,\"name\":\"Duty-Free Shipping from Madagascar\",\"item\":\"https:\\\/\\\/festival-factory.com\\\/duty-free-shipping\\\/\"},{\"@type\":\"ListItem\",\"position\":3,\"name\":\"AGOA \u2013 Duty-Free Shipping to the United States\"}]},{\"@type\":\"WebSite\",\"@id\":\"https:\\\/\\\/festival-factory.com\\\/#website\",\"url\":\"https:\\\/\\\/festival-factory.com\\\/\",\"name\":\"Festival Factory Madagascar\",\"description\":\"Manufacturing apparel &amp; Costumes with decades of experience\",\"publisher\":{\"@id\":\"https:\\\/\\\/festival-factory.com\\\/#organization\"},\"potentialAction\":[{\"@type\":\"SearchAction\",\"target\":{\"@type\":\"EntryPoint\",\"urlTemplate\":\"https:\\\/\\\/festival-factory.com\\\/?s={search_term_string}\"},\"query-input\":{\"@type\":\"PropertyValueSpecification\",\"valueRequired\":true,\"valueName\":\"search_term_string\"}}],\"inLanguage\":\"de\"},{\"@type\":\"Organization\",\"@id\":\"https:\\\/\\\/festival-factory.com\\\/#organization\",\"name\":\"Festival Factory Madagascar\",\"url\":\"https:\\\/\\\/festival-factory.com\\\/\",\"logo\":{\"@type\":\"ImageObject\",\"inLanguage\":\"de\",\"@id\":\"https:\\\/\\\/festival-factory.com\\\/#\\\/schema\\\/logo\\\/image\\\/\",\"url\":\"https:\\\/\\\/festival-factory.com\\\/wp-content\\\/uploads\\\/2025\\\/02\\\/Festival-Logo.png\",\"contentUrl\":\"https:\\\/\\\/festival-factory.com\\\/wp-content\\\/uploads\\\/2025\\\/02\\\/Festival-Logo.png\",\"width\":2000,\"height\":519,\"caption\":\"Festival Factory Madagascar\"},\"image\":{\"@id\":\"https:\\\/\\\/festival-factory.com\\\/#\\\/schema\\\/logo\\\/image\\\/\"}}]}<\/script>\n<!-- \/ Yoast SEO plugin. -->","yoast_head_json":{"title":"Mit AGOA in die USA exportieren - zollfreier Zugang aus Madagaskar","description":"Erfahren Sie, wie Festival Factory das AGOA-Handelsabkommen nutzt, um Bekleidung aus Madagaskar zollfrei in die USA zu liefern. Niedrigere Kosten, reibungslosere Importe.","robots":{"index":"index","follow":"follow","max-snippet":"max-snippet:-1","max-image-preview":"max-image-preview:large","max-video-preview":"max-video-preview:-1"},"canonical":"https:\/\/festival-factory.com\/de\/duty-free-shipping\/agoa-us\/","og_locale":"de_DE","og_type":"article","og_title":"Exporting to the USA with AGOA \u2013 Duty-Free Access from Madagascar","og_description":"Learn how Festival Factory uses the AGOA trade agreement to ship apparel duty-free to the U.S. from Madagascar. Lower costs, smoother imports.","og_url":"https:\/\/festival-factory.com\/de\/duty-free-shipping\/agoa-us\/","og_site_name":"Festival Factory Madagascar","article_modified_time":"2025-07-22T08:30:52+00:00","twitter_card":"summary_large_image","twitter_misc":{"Gesch\u00e4tzte Lesezeit":"3\u00a0Minuten"},"schema":{"@context":"https:\/\/schema.org","@graph":[{"@type":"WebPage","@id":"https:\/\/festival-factory.com\/duty-free-shipping\/agoa-us\/","url":"https:\/\/festival-factory.com\/duty-free-shipping\/agoa-us\/","name":"Mit AGOA in die USA exportieren - zollfreier Zugang aus Madagaskar","isPartOf":{"@id":"https:\/\/festival-factory.com\/#website"},"datePublished":"2025-07-18T14:38:28+00:00","dateModified":"2025-07-22T08:30:52+00:00","description":"Erfahren Sie, wie Festival Factory das AGOA-Handelsabkommen nutzt, um Bekleidung aus Madagaskar zollfrei in die USA zu liefern. Niedrigere Kosten, reibungslosere Importe.","breadcrumb":{"@id":"https:\/\/festival-factory.com\/duty-free-shipping\/agoa-us\/#breadcrumb"},"inLanguage":"de","potentialAction":[{"@type":"ReadAction","target":["https:\/\/festival-factory.com\/duty-free-shipping\/agoa-us\/"]}]},{"@type":"BreadcrumbList","@id":"https:\/\/festival-factory.com\/duty-free-shipping\/agoa-us\/#breadcrumb","itemListElement":[{"@type":"ListItem","position":1,"name":"Home","item":"https:\/\/festival-factory.com\/"},{"@type":"ListItem","position":2,"name":"Duty-Free Shipping from Madagascar","item":"https:\/\/festival-factory.com\/duty-free-shipping\/"},{"@type":"ListItem","position":3,"name":"AGOA \u2013 Duty-Free Shipping to the United States"}]},{"@type":"WebSite","@id":"https:\/\/festival-factory.com\/#website","url":"https:\/\/festival-factory.com\/","name":"Festivalfabrik Madagaskar","description":"Herstellung von Bekleidung und Kost\u00fcmen mit jahrzehntelanger Erfahrung","publisher":{"@id":"https:\/\/festival-factory.com\/#organization"},"potentialAction":[{"@type":"SearchAction","target":{"@type":"EntryPoint","urlTemplate":"https:\/\/festival-factory.com\/?s={search_term_string}"},"query-input":{"@type":"PropertyValueSpecification","valueRequired":true,"valueName":"search_term_string"}}],"inLanguage":"de"},{"@type":"Organization","@id":"https:\/\/festival-factory.com\/#organization","name":"Festivalfabrik Madagaskar","url":"https:\/\/festival-factory.com\/","logo":{"@type":"ImageObject","inLanguage":"de","@id":"https:\/\/festival-factory.com\/#\/schema\/logo\/image\/","url":"https:\/\/festival-factory.com\/wp-content\/uploads\/2025\/02\/Festival-Logo.png","contentUrl":"https:\/\/festival-factory.com\/wp-content\/uploads\/2025\/02\/Festival-Logo.png","width":2000,"height":519,"caption":"Festival Factory Madagascar"},"image":{"@id":"https:\/\/festival-factory.com\/#\/schema\/logo\/image\/"}}]}},"_links":{"self":[{"href":"https:\/\/festival-factory.com\/de\/wp-json\/wp\/v2\/pages\/3911","targetHints":{"allow":["GET"]}}],"collection":[{"href":"https:\/\/festival-factory.com\/de\/wp-json\/wp\/v2\/pages"}],"about":[{"href":"https:\/\/festival-factory.com\/de\/wp-json\/wp\/v2\/types\/page"}],"author":[{"embeddable":true,"href":"https:\/\/festival-factory.com\/de\/wp-json\/wp\/v2\/users\/2"}],"replies":[{"embeddable":true,"href":"https:\/\/festival-factory.com\/de\/wp-json\/wp\/v2\/comments?post=3911"}],"version-history":[{"count":7,"href":"https:\/\/festival-factory.com\/de\/wp-json\/wp\/v2\/pages\/3911\/revisions"}],"predecessor-version":[{"id":3947,"href":"https:\/\/festival-factory.com\/de\/wp-json\/wp\/v2\/pages\/3911\/revisions\/3947"}],"up":[{"embeddable":true,"href":"https:\/\/festival-factory.com\/de\/wp-json\/wp\/v2\/pages\/3512"}],"wp:attachment":[{"href":"https:\/\/festival-factory.com\/de\/wp-json\/wp\/v2\/media?parent=3911"}],"curies":[{"name":"wp","href":"https:\/\/api.w.org\/{rel}","templated":true}]}}