{"id":3916,"date":"2025-07-18T14:44:27","date_gmt":"2025-07-18T14:44:27","guid":{"rendered":"https:\/\/festival-factory.com\/?page_id=3916"},"modified":"2025-07-18T15:14:54","modified_gmt":"2025-07-18T15:14:54","slug":"eur1-eu","status":"publish","type":"page","link":"https:\/\/festival-factory.com\/de\/duty-free-shipping\/eur1-eu\/","title":{"rendered":"EUR.1 - Zollfreier Versand in die Europ\u00e4ische Union"},"content":{"rendered":"<h3 data-start=\"643\" data-end=\"704\">Einleitung: Die Macht des pr\u00e4ferentiellen Handels mit Europa<\/h3>\n<p data-start=\"706\" data-end=\"1018\">Einfuhrz\u00f6lle k\u00f6nnen Ihre Warenkosten erheblich erh\u00f6hen, insbesondere in der Textil- und Bekleidungsindustrie. F\u00fcr europ\u00e4ische Marken und Einzelh\u00e4ndler, die international einkaufen, ist es wichtig, mit Lieferanten zusammenzuarbeiten, die Folgendes bieten k\u00f6nnen <strong data-start=\"914\" data-end=\"936\">zollfreier Versand<\/strong> \u00fcber <strong data-start=\"945\" data-end=\"978\">pr\u00e4ferenzielle Handelsabkommen<\/strong> bietet einen klaren Wettbewerbsvorteil.<\/p>\n<p data-start=\"1020\" data-end=\"1280\">Unter <strong data-start=\"1023\" data-end=\"1043\">Festival-Fabrik<\/strong>helfen wir unseren Kunden in der EU, ihre Anlandekosten zu senken und die Zollabfertigung zu vereinfachen, indem wir die <strong data-start=\"1134\" data-end=\"1165\">EUR.1 Ursprungszeugnis<\/strong> - ein Schl\u00fcsseldokument, das Folgendes gew\u00e4hrleistet <strong data-start=\"1196\" data-end=\"1235\">zollfreier Zugang f\u00fcr f\u00f6rderf\u00e4hige Waren<\/strong> von Madagaskar in die <strong data-start=\"1261\" data-end=\"1279\">Europ\u00e4ische Union<\/strong>.<\/p>\n<hr data-start=\"1282\" data-end=\"1285\" \/>\n<h3 data-start=\"1287\" data-end=\"1321\">Was ist das EUR.1-Zertifikat?<\/h3>\n<p data-start=\"1323\" data-end=\"1637\">Die <strong data-start=\"1327\" data-end=\"1348\">EUR.1-Bescheinigung<\/strong> ist ein Zolldokument, das im Rahmen von Handelsabkommen zwischen der Europ\u00e4ischen Union und bestimmten Nicht-EU-L\u00e4ndern verwendet wird, wie z. B. <strong data-start=\"1482\" data-end=\"1496\">Madagaskar<\/strong>. Sie dient als <strong data-start=\"1511\" data-end=\"1530\">Herkunftsnachweis<\/strong> f\u00fcr Waren, mit denen best\u00e4tigt wird, dass sie in einem Land hergestellt wurden, das f\u00fcr eine Zollpr\u00e4ferenzbehandlung in Frage kommt.<\/p>\n<p data-start=\"1639\" data-end=\"1702\">Wenn Sie Produkte mit einer EUR.1-Bescheinigung in die EU einf\u00fchren:<\/p>\n<ul data-start=\"1703\" data-end=\"1870\">\n<li data-start=\"1703\" data-end=\"1738\">\n<p data-start=\"1705\" data-end=\"1738\">Sie <strong data-start=\"1709\" data-end=\"1738\">keine Z\u00f6lle zahlen<\/strong><\/p>\n<\/li>\n<li data-start=\"1739\" data-end=\"1786\">\n<p data-start=\"1741\" data-end=\"1786\">Die Zollverfahren sind <strong data-start=\"1764\" data-end=\"1786\">schneller und einfacher<\/strong><\/p>\n<\/li>\n<li data-start=\"1787\" data-end=\"1870\">\n<p data-start=\"1789\" data-end=\"1870\">Sie profitieren von den Bedingungen der <strong data-start=\"1823\" data-end=\"1870\">Die Wirtschaftspartnerschaftsabkommen (WPA) der EU<\/strong><\/p>\n<\/li>\n<\/ul>\n<hr data-start=\"1872\" data-end=\"1875\" \/>\n<h3 data-start=\"1877\" data-end=\"1931\">Madagaskar und die EU: Eine starke Handelsbeziehung<\/h3>\n<p data-start=\"1933\" data-end=\"2089\">Madagaskar ist eines der L\u00e4nder Afrikas, der Karibik und des Pazifiks (AKP) mit einem <strong data-start=\"2013\" data-end=\"2042\">g\u00fcnstiges Handelsabkommen<\/strong> das mit der EU geschlossen wurde. Dieses Abkommen sieht vor:<\/p>\n<ul data-start=\"2090\" data-end=\"2299\">\n<li data-start=\"2090\" data-end=\"2159\">\n<p data-start=\"2092\" data-end=\"2159\"><strong data-start=\"2092\" data-end=\"2117\">Vollst\u00e4ndiger zollfreier Zugang<\/strong> zu den EU-M\u00e4rkten f\u00fcr die meisten Industrieg\u00fcter<\/p>\n<\/li>\n<li data-start=\"2160\" data-end=\"2233\">\n<p data-start=\"2162\" data-end=\"2233\"><strong data-start=\"2162\" data-end=\"2181\">Ursprungsregeln<\/strong> die einen regionalen Input unter flexiblen Bedingungen erm\u00f6glichen<\/p>\n<\/li>\n<li data-start=\"2234\" data-end=\"2299\">\n<p data-start=\"2236\" data-end=\"2299\">Ein klarer Rechtsrahmen f\u00fcr gro\u00dfe und kleine Importeure<\/p>\n<\/li>\n<\/ul>\n<p data-start=\"2301\" data-end=\"2515\">Als Hersteller aus Madagaskar, <strong data-start=\"2337\" data-end=\"2357\">Festival-Fabrik<\/strong> stellt f\u00fcr jede f\u00f6rderf\u00e4hige Sendung EUR.1-Zertifikate aus und hilft so den Unternehmen in der EU zu sparen <strong data-start=\"2441\" data-end=\"2454\">bis zu 12%<\/strong> oder mehr an Einfuhrz\u00f6llen, je nach Produktkategorie.<\/p>\n<hr data-start=\"2517\" data-end=\"2520\" \/>\n<h3 data-start=\"2522\" data-end=\"2570\">F\u00fcr welche Produkte gilt der zollfreie Status?<\/h3>\n<p data-start=\"2572\" data-end=\"2743\">Die meisten von Festival Factory hergestellten Kleidungsst\u00fccke und Kost\u00fcme k\u00f6nnen zollfrei in die EU eingef\u00fchrt werden, sofern sie die Ursprungskriterien erf\u00fcllen. Dies schlie\u00dft ein:<\/p>\n<ul data-start=\"2744\" data-end=\"2909\">\n<li data-start=\"2744\" data-end=\"2778\">\n<p data-start=\"2746\" data-end=\"2778\">Eventkost\u00fcme und Themenkleidung<\/p>\n<\/li>\n<li data-start=\"2779\" data-end=\"2817\">\n<p data-start=\"2781\" data-end=\"2817\">Ma\u00dfgeschneiderte Uniformen und Markenkleidung<\/p>\n<\/li>\n<li data-start=\"2818\" data-end=\"2860\">\n<p data-start=\"2820\" data-end=\"2860\">Kost\u00fcme und Verkleidungen f\u00fcr Kinder<\/p>\n<\/li>\n<li data-start=\"2861\" data-end=\"2909\">\n<p data-start=\"2863\" data-end=\"2909\">Leichte Kleidung f\u00fcr Einzelhandel und E-Commerce<\/p>\n<\/li>\n<\/ul>\n<p data-start=\"2911\" data-end=\"3091\">Wenn Ihr Produkt in Madagaskar entworfen und unter Verwendung zugelassener regionaler Vorleistungen hergestellt wurde, ist es wahrscheinlich f\u00f6rderf\u00e4hig. Unser Team hilft Ihnen bei der \u00dcberpr\u00fcfung der F\u00f6rderf\u00e4higkeit und der Erstellung der richtigen Unterlagen.<\/p>\n<hr data-start=\"3093\" data-end=\"3096\" \/>\n<h3 data-start=\"3098\" data-end=\"3136\">Vorteile von EUR.1 f\u00fcr EU-Importeure<\/h3>\n<p data-start=\"3138\" data-end=\"3226\">Die Einfuhr \u00fcber EUR.1 bietet f\u00fcr Unternehmen in ganz Europa mehrere Vorteile:<\/p>\n<h4 data-start=\"3228\" data-end=\"3258\">1. <strong data-start=\"3236\" data-end=\"3258\">Niedrigere Importkosten<\/strong><\/h4>\n<p data-start=\"3259\" data-end=\"3393\">Ohne Einfuhrz\u00f6lle k\u00f6nnen Sie die Einsparungen in Marketing, Produkterweiterung oder Preisstrategien reinvestieren, um der Konkurrenz voraus zu sein.<\/p>\n<h4 data-start=\"3395\" data-end=\"3435\">2. <strong data-start=\"3403\" data-end=\"3435\">Vereinfachte Zollabfertigung<\/strong><\/h4>\n<p data-start=\"3436\" data-end=\"3568\">Die EU-Zollbeh\u00f6rden erkennen die EUR.1-Dokumente an und bearbeiten solche Sendungen effizienter, was Verz\u00f6gerungen und Verwaltungskosten reduziert.<\/p>\n<h4 data-start=\"3570\" data-end=\"3606\">3. <strong data-start=\"3578\" data-end=\"3606\">Diversifizierung der Beschaffung<\/strong><\/h4>\n<p data-start=\"3607\" data-end=\"3750\">In einem globalen Umfeld, das von St\u00f6rungen und einer \u00fcberm\u00e4\u00dfigen Abh\u00e4ngigkeit von Asien gepr\u00e4gt ist, tr\u00e4gt die Beschaffung aus Madagaskar dazu bei, Risiken zu verringern und die Flexibilit\u00e4t zu erh\u00f6hen.<\/p>\n<hr data-start=\"3752\" data-end=\"3755\" \/>\n<h3 data-start=\"3757\" data-end=\"3786\">EU-L\u00e4nder, die davon profitieren<\/h3>\n<p data-start=\"3788\" data-end=\"3881\">Jedes Land in der Europ\u00e4ischen Union akzeptiert EUR.1 zertifizierte Waren aus Madagaskar, einschlie\u00dflich:<\/p>\n<ul data-start=\"3883\" data-end=\"4036\">\n<li data-start=\"3883\" data-end=\"3893\">\n<p data-start=\"3885\" data-end=\"3893\">Frankreich<\/p>\n<\/li>\n<li data-start=\"3894\" data-end=\"3905\">\n<p data-start=\"3896\" data-end=\"3905\">Deutschland<\/p>\n<\/li>\n<li data-start=\"3906\" data-end=\"3915\">\n<p data-start=\"3908\" data-end=\"3915\">Italien<\/p>\n<\/li>\n<li data-start=\"3916\" data-end=\"3925\">\n<p data-start=\"3918\" data-end=\"3925\">Spanien<\/p>\n<\/li>\n<li data-start=\"3926\" data-end=\"3945\">\n<p data-start=\"3928\" data-end=\"3945\">Die Niederlande<\/p>\n<\/li>\n<li data-start=\"3946\" data-end=\"3956\">\n<p data-start=\"3948\" data-end=\"3956\">Schweden<\/p>\n<\/li>\n<li data-start=\"3957\" data-end=\"3968\">\n<p data-start=\"3959\" data-end=\"3968\">Belgien<\/p>\n<\/li>\n<li data-start=\"3969\" data-end=\"3980\">\n<p data-start=\"3971\" data-end=\"3980\">\u00d6sterreich<\/p>\n<\/li>\n<li data-start=\"3981\" data-end=\"3992\">\n<p data-start=\"3983\" data-end=\"3992\">Irland<\/p>\n<\/li>\n<li data-start=\"3993\" data-end=\"4036\">\n<p data-start=\"3995\" data-end=\"4036\">Polen<br data-start=\"4001\" data-end=\"4004\" \/>...und alle anderen EU-Mitgliedstaaten.<\/p>\n<\/li>\n<\/ul>\n<p data-start=\"4038\" data-end=\"4153\">Ob Sie nun eine franz\u00f6sische Modemarke oder ein deutsches E-Commerce-Gesch\u00e4ft sind, die Kosteneinsparungen sind unmittelbar und erheblich.<\/p>\n<hr data-start=\"4155\" data-end=\"4158\" \/>\n<h3 data-start=\"4160\" data-end=\"4218\">Die Rolle der Festivalfabrik: Von der Herstellung zum Zoll<\/h3>\n<p data-start=\"4220\" data-end=\"4360\">Bei Festival Factory gehen wir \u00fcber die Herstellung hinaus - wir sind Ihr Full-Service-Exportpartner. Das bieten wir Ihnen bei jeder Lieferung in die EU:<\/p>\n<ul data-start=\"4362\" data-end=\"4565\">\n<li data-start=\"4362\" data-end=\"4406\">\n<p data-start=\"4364\" data-end=\"4406\"><strong data-start=\"4364\" data-end=\"4406\">Genaue Vorbereitung der EUR.1-Bescheinigung<\/strong><\/p>\n<\/li>\n<li data-start=\"4407\" data-end=\"4446\">\n<p data-start=\"4409\" data-end=\"4446\"><strong data-start=\"4409\" data-end=\"4446\">Kontrolle der Einhaltung der Ursprungsregeln<\/strong><\/p>\n<\/li>\n<li data-start=\"4447\" data-end=\"4509\">\n<p data-start=\"4449\" data-end=\"4509\">Koordinierung mit <strong data-start=\"4467\" data-end=\"4509\">Spediteure und Zollmakler<\/strong><\/p>\n<\/li>\n<li data-start=\"4510\" data-end=\"4565\">\n<p data-start=\"4512\" data-end=\"4565\"><strong data-start=\"4512\" data-end=\"4545\">Verl\u00e4ssliche Produktionsfristen<\/strong> und Qualit\u00e4tskontrolle<\/p>\n<\/li>\n<\/ul>\n<p data-start=\"4567\" data-end=\"4686\">Unser Team kennt die Erwartungen des europ\u00e4ischen Marktes und hilft Ihnen, dass Ihre Produkte sowohl die Design- als auch die gesetzlichen Anforderungen erf\u00fcllen.<\/p>\n<hr data-start=\"4688\" data-end=\"4691\" \/>\n<h3 data-start=\"4693\" data-end=\"4732\">Wer sollte EUR.1 Sourcing in Betracht ziehen?<\/h3>\n<p data-start=\"4734\" data-end=\"4779\">Unser zollfreier EU-Export-Service ist ideal f\u00fcr:<\/p>\n<ul data-start=\"4781\" data-end=\"5013\">\n<li data-start=\"4781\" data-end=\"4845\">\n<p data-start=\"4783\" data-end=\"4845\"><strong data-start=\"4783\" data-end=\"4813\">Europ\u00e4ische Bekleidungseinzelh\u00e4ndler<\/strong> Beschaffung von H\u00e4ndlermarkenprodukten<\/p>\n<\/li>\n<li data-start=\"4846\" data-end=\"4882\">\n<p data-start=\"4848\" data-end=\"4882\"><strong data-start=\"4848\" data-end=\"4882\">Gro\u00dfh\u00e4ndler f\u00fcr Kinderkost\u00fcme<\/strong><\/p>\n<\/li>\n<li data-start=\"4883\" data-end=\"4945\">\n<p data-start=\"4885\" data-end=\"4945\"><strong data-start=\"4885\" data-end=\"4916\">E-Commerce Mode-Startups<\/strong> Bedarf an erschwinglichem Inventar<\/p>\n<\/li>\n<li data-start=\"4946\" data-end=\"5013\">\n<p data-start=\"4948\" data-end=\"5013\"><strong data-start=\"4948\" data-end=\"4967\">Anbieter von Veranstaltungen<\/strong> die mit Firmenkunden in ganz Europa zusammenarbeiten<\/p>\n<\/li>\n<\/ul>\n<p data-start=\"5015\" data-end=\"5161\">Mit niedrigen Mindestbestellmengen, schnellen Lieferzeiten und dem zus\u00e4tzlichen Vorteil des zollfreien Versands sind wir ein zuverl\u00e4ssiger Partner f\u00fcr wachsende und etablierte Marken.<\/p>\n<hr data-start=\"5163\" data-end=\"5166\" \/>\n<h3 data-start=\"5168\" data-end=\"5208\">Nutzen Sie den EUR.1-Vorteil<\/h3>\n<p data-start=\"5210\" data-end=\"5506\">Ganz gleich, ob Sie kleine Mengen oder Massensendungen importieren - wenn Sie die EUR.1-Handelspr\u00e4ferenz nutzen, k\u00f6nnen Sie Ihre Anlandungskosten erheblich senken und Ihren Gewinn steigern. Festival Factory wickelt jeden Schritt - vom Design und der Bemusterung bis zur Dokumentation und Logistik - mit Pr\u00e4zision und Sorgfalt ab.<\/p>\n<hr data-start=\"5508\" data-end=\"5511\" \/>\n<h3 data-start=\"5513\" data-end=\"5534\">Fangen wir an<\/h3>\n<p data-start=\"5536\" data-end=\"5735\">M\u00f6chten Sie Ihre Pr\u00e4senz in Europa ausbauen, ohne Ihre Kosten in die H\u00f6he zu treiben? Kontaktieren Sie Festival Factory noch heute und erfahren Sie mehr \u00fcber unser <strong data-start=\"5661\" data-end=\"5708\">zollfreie Herstellungs- und Exportdienstleistungen<\/strong> im Rahmen des EUR.1-Abkommens.<\/p>\n<p data-start=\"5737\" data-end=\"5863\"><a href=\"https:\/\/festival-factory.com\/de\/contact-us\/\">Erreichen Sie uns<\/a> f\u00fcr ein individuelles Angebot oder eine Konformit\u00e4tspr\u00fcfung.<\/p>","protected":false},"excerpt":{"rendered":"<p>Introduction: The Power of Preferential Trade with Europe Import duties  [&#8230;]<\/p>\n","protected":false},"author":2,"featured_media":0,"parent":3512,"menu_order":0,"comment_status":"closed","ping_status":"closed","template":"","meta":{"_acf_changed":false,"footnotes":""},"class_list":["post-3916","page","type-page","status-publish","hentry"],"acf":[],"yoast_head":"<!-- This site is optimized with the Yoast SEO plugin v27.4 - https:\/\/yoast.com\/product\/yoast-seo-wordpress\/ -->\n<title>EUR.1 Certificate \u2013 Duty-Free Trade Between Madagascar and the EU<\/title>\n<meta name=\"description\" content=\"Festival Factory offers duty-free shipping to EU countries using the EUR.1 certificate. Explore how your business can benefit from reduced import costs.\" \/>\n<meta name=\"robots\" content=\"index, follow, max-snippet:-1, max-image-preview:large, max-video-preview:-1\" \/>\n<link rel=\"canonical\" href=\"https:\/\/festival-factory.com\/de\/duty-free-shipping\/eur1-eu\/\" \/>\n<meta property=\"og:locale\" content=\"de_DE\" \/>\n<meta property=\"og:type\" content=\"article\" \/>\n<meta property=\"og:title\" content=\"EUR.1 Certificate \u2013 Duty-Free Trade Between Madagascar and the EU\" \/>\n<meta property=\"og:description\" content=\"Festival Factory offers duty-free shipping to EU countries using the EUR.1 certificate. Explore how your business can benefit from reduced import costs.\" \/>\n<meta property=\"og:url\" content=\"https:\/\/festival-factory.com\/de\/duty-free-shipping\/eur1-eu\/\" \/>\n<meta property=\"og:site_name\" content=\"Festival Factory Madagascar\" \/>\n<meta property=\"article:modified_time\" content=\"2025-07-18T15:14:54+00:00\" \/>\n<meta name=\"twitter:card\" content=\"summary_large_image\" \/>\n<meta name=\"twitter:label1\" content=\"Gesch\u00e4tzte Lesezeit\" \/>\n\t<meta name=\"twitter:data1\" content=\"4\u00a0Minuten\" \/>\n<script type=\"application\/ld+json\" class=\"yoast-schema-graph\">{\"@context\":\"https:\\\/\\\/schema.org\",\"@graph\":[{\"@type\":\"WebPage\",\"@id\":\"https:\\\/\\\/festival-factory.com\\\/duty-free-shipping\\\/eur1-eu\\\/\",\"url\":\"https:\\\/\\\/festival-factory.com\\\/duty-free-shipping\\\/eur1-eu\\\/\",\"name\":\"EUR.1 Certificate \u2013 Duty-Free Trade Between Madagascar and the EU\",\"isPartOf\":{\"@id\":\"https:\\\/\\\/festival-factory.com\\\/#website\"},\"datePublished\":\"2025-07-18T14:44:27+00:00\",\"dateModified\":\"2025-07-18T15:14:54+00:00\",\"description\":\"Festival Factory offers duty-free shipping to EU countries using the EUR.1 certificate. Explore how your business can benefit from reduced import costs.\",\"breadcrumb\":{\"@id\":\"https:\\\/\\\/festival-factory.com\\\/duty-free-shipping\\\/eur1-eu\\\/#breadcrumb\"},\"inLanguage\":\"de\",\"potentialAction\":[{\"@type\":\"ReadAction\",\"target\":[\"https:\\\/\\\/festival-factory.com\\\/duty-free-shipping\\\/eur1-eu\\\/\"]}]},{\"@type\":\"BreadcrumbList\",\"@id\":\"https:\\\/\\\/festival-factory.com\\\/duty-free-shipping\\\/eur1-eu\\\/#breadcrumb\",\"itemListElement\":[{\"@type\":\"ListItem\",\"position\":1,\"name\":\"Home\",\"item\":\"https:\\\/\\\/festival-factory.com\\\/\"},{\"@type\":\"ListItem\",\"position\":2,\"name\":\"Duty-Free Shipping from Madagascar\",\"item\":\"https:\\\/\\\/festival-factory.com\\\/duty-free-shipping\\\/\"},{\"@type\":\"ListItem\",\"position\":3,\"name\":\"EUR.1 \u2013 Duty-Free Shipping to the European Union\"}]},{\"@type\":\"WebSite\",\"@id\":\"https:\\\/\\\/festival-factory.com\\\/#website\",\"url\":\"https:\\\/\\\/festival-factory.com\\\/\",\"name\":\"Festival Factory Madagascar\",\"description\":\"Manufacturing apparel &amp; Costumes with decades of experience\",\"publisher\":{\"@id\":\"https:\\\/\\\/festival-factory.com\\\/#organization\"},\"potentialAction\":[{\"@type\":\"SearchAction\",\"target\":{\"@type\":\"EntryPoint\",\"urlTemplate\":\"https:\\\/\\\/festival-factory.com\\\/?s={search_term_string}\"},\"query-input\":{\"@type\":\"PropertyValueSpecification\",\"valueRequired\":true,\"valueName\":\"search_term_string\"}}],\"inLanguage\":\"de\"},{\"@type\":\"Organization\",\"@id\":\"https:\\\/\\\/festival-factory.com\\\/#organization\",\"name\":\"Festival Factory Madagascar\",\"url\":\"https:\\\/\\\/festival-factory.com\\\/\",\"logo\":{\"@type\":\"ImageObject\",\"inLanguage\":\"de\",\"@id\":\"https:\\\/\\\/festival-factory.com\\\/#\\\/schema\\\/logo\\\/image\\\/\",\"url\":\"https:\\\/\\\/festival-factory.com\\\/wp-content\\\/uploads\\\/2025\\\/02\\\/Festival-Logo.png\",\"contentUrl\":\"https:\\\/\\\/festival-factory.com\\\/wp-content\\\/uploads\\\/2025\\\/02\\\/Festival-Logo.png\",\"width\":2000,\"height\":519,\"caption\":\"Festival Factory Madagascar\"},\"image\":{\"@id\":\"https:\\\/\\\/festival-factory.com\\\/#\\\/schema\\\/logo\\\/image\\\/\"}}]}<\/script>\n<!-- \/ Yoast SEO plugin. -->","yoast_head_json":{"title":"EUR.1 Bescheinigung - zollfreier Handel zwischen Madagaskar und der EU","description":"Festival Factory bietet zollfreien Versand in EU-L\u00e4nder mit dem EUR.1-Zertifikat. Finden Sie heraus, wie Ihr Unternehmen von reduzierten Importkosten profitieren kann.","robots":{"index":"index","follow":"follow","max-snippet":"max-snippet:-1","max-image-preview":"max-image-preview:large","max-video-preview":"max-video-preview:-1"},"canonical":"https:\/\/festival-factory.com\/de\/duty-free-shipping\/eur1-eu\/","og_locale":"de_DE","og_type":"article","og_title":"EUR.1 Certificate \u2013 Duty-Free Trade Between Madagascar and the EU","og_description":"Festival Factory offers duty-free shipping to EU countries using the EUR.1 certificate. Explore how your business can benefit from reduced import costs.","og_url":"https:\/\/festival-factory.com\/de\/duty-free-shipping\/eur1-eu\/","og_site_name":"Festival Factory Madagascar","article_modified_time":"2025-07-18T15:14:54+00:00","twitter_card":"summary_large_image","twitter_misc":{"Gesch\u00e4tzte Lesezeit":"4\u00a0Minuten"},"schema":{"@context":"https:\/\/schema.org","@graph":[{"@type":"WebPage","@id":"https:\/\/festival-factory.com\/duty-free-shipping\/eur1-eu\/","url":"https:\/\/festival-factory.com\/duty-free-shipping\/eur1-eu\/","name":"EUR.1 Bescheinigung - zollfreier Handel zwischen Madagaskar und der EU","isPartOf":{"@id":"https:\/\/festival-factory.com\/#website"},"datePublished":"2025-07-18T14:44:27+00:00","dateModified":"2025-07-18T15:14:54+00:00","description":"Festival Factory bietet zollfreien Versand in EU-L\u00e4nder mit dem EUR.1-Zertifikat. Finden Sie heraus, wie Ihr Unternehmen von reduzierten Importkosten profitieren kann.","breadcrumb":{"@id":"https:\/\/festival-factory.com\/duty-free-shipping\/eur1-eu\/#breadcrumb"},"inLanguage":"de","potentialAction":[{"@type":"ReadAction","target":["https:\/\/festival-factory.com\/duty-free-shipping\/eur1-eu\/"]}]},{"@type":"BreadcrumbList","@id":"https:\/\/festival-factory.com\/duty-free-shipping\/eur1-eu\/#breadcrumb","itemListElement":[{"@type":"ListItem","position":1,"name":"Home","item":"https:\/\/festival-factory.com\/"},{"@type":"ListItem","position":2,"name":"Duty-Free Shipping from Madagascar","item":"https:\/\/festival-factory.com\/duty-free-shipping\/"},{"@type":"ListItem","position":3,"name":"EUR.1 \u2013 Duty-Free Shipping to the European Union"}]},{"@type":"WebSite","@id":"https:\/\/festival-factory.com\/#website","url":"https:\/\/festival-factory.com\/","name":"Festivalfabrik Madagaskar","description":"Herstellung von Bekleidung und Kost\u00fcmen mit jahrzehntelanger Erfahrung","publisher":{"@id":"https:\/\/festival-factory.com\/#organization"},"potentialAction":[{"@type":"SearchAction","target":{"@type":"EntryPoint","urlTemplate":"https:\/\/festival-factory.com\/?s={search_term_string}"},"query-input":{"@type":"PropertyValueSpecification","valueRequired":true,"valueName":"search_term_string"}}],"inLanguage":"de"},{"@type":"Organization","@id":"https:\/\/festival-factory.com\/#organization","name":"Festivalfabrik Madagaskar","url":"https:\/\/festival-factory.com\/","logo":{"@type":"ImageObject","inLanguage":"de","@id":"https:\/\/festival-factory.com\/#\/schema\/logo\/image\/","url":"https:\/\/festival-factory.com\/wp-content\/uploads\/2025\/02\/Festival-Logo.png","contentUrl":"https:\/\/festival-factory.com\/wp-content\/uploads\/2025\/02\/Festival-Logo.png","width":2000,"height":519,"caption":"Festival Factory Madagascar"},"image":{"@id":"https:\/\/festival-factory.com\/#\/schema\/logo\/image\/"}}]}},"_links":{"self":[{"href":"https:\/\/festival-factory.com\/de\/wp-json\/wp\/v2\/pages\/3916","targetHints":{"allow":["GET"]}}],"collection":[{"href":"https:\/\/festival-factory.com\/de\/wp-json\/wp\/v2\/pages"}],"about":[{"href":"https:\/\/festival-factory.com\/de\/wp-json\/wp\/v2\/types\/page"}],"author":[{"embeddable":true,"href":"https:\/\/festival-factory.com\/de\/wp-json\/wp\/v2\/users\/2"}],"replies":[{"embeddable":true,"href":"https:\/\/festival-factory.com\/de\/wp-json\/wp\/v2\/comments?post=3916"}],"version-history":[{"count":5,"href":"https:\/\/festival-factory.com\/de\/wp-json\/wp\/v2\/pages\/3916\/revisions"}],"predecessor-version":[{"id":3939,"href":"https:\/\/festival-factory.com\/de\/wp-json\/wp\/v2\/pages\/3916\/revisions\/3939"}],"up":[{"embeddable":true,"href":"https:\/\/festival-factory.com\/de\/wp-json\/wp\/v2\/pages\/3512"}],"wp:attachment":[{"href":"https:\/\/festival-factory.com\/de\/wp-json\/wp\/v2\/media?parent=3916"}],"curies":[{"name":"wp","href":"https:\/\/api.w.org\/{rel}","templated":true}]}}