{"id":3920,"date":"2025-07-18T14:46:21","date_gmt":"2025-07-18T14:46:21","guid":{"rendered":"https:\/\/festival-factory.com\/?page_id=3920"},"modified":"2025-07-18T15:14:47","modified_gmt":"2025-07-18T15:14:47","slug":"dcd-australia","status":"publish","type":"page","link":"https:\/\/festival-factory.com\/de\/duty-free-shipping\/dcd-australia\/","title":{"rendered":"DCD - zollfreier Versand nach Australien"},"content":{"rendered":"<h3 data-start=\"4347\" data-end=\"4416\">Einleitung: Senkung der Importkosten f\u00fcr australische Bekleidungseink\u00e4ufer<\/h3>\n<p data-start=\"4418\" data-end=\"4751\">In einem Land wie <strong data-start=\"4436\" data-end=\"4449\">Australien<\/strong>Da die meisten Kleidungsst\u00fccke aus Madagaskar importiert werden, ist die Handhabung von Einfuhrz\u00f6llen ein wichtiger Bestandteil jeder Beschaffungsstrategie. F\u00fcr Eink\u00e4ufer, die \u00fcber Asien hinausblicken, bietet die Beschaffung aus Madagaskar eine verlockende Gelegenheit - vor allem im Rahmen der <strong data-start=\"4661\" data-end=\"4675\">DCD-System<\/strong>die es erm\u00f6glicht <strong data-start=\"4694\" data-end=\"4715\">zollfreie Einfuhren<\/strong> aus f\u00f6rderf\u00e4higen Entwicklungsl\u00e4ndern.<\/p>\n<p data-start=\"4753\" data-end=\"4959\">Unter <strong data-start=\"4756\" data-end=\"4776\">Festival-Fabrik<\/strong>Wir helfen australischen Modemarken, Einzelh\u00e4ndlern und Kost\u00fcmlieferanten, ihre Kosten zu senken, indem wir die Vorteile der <strong data-start=\"4890\" data-end=\"4920\">Zollkreditdokument (DCD)<\/strong> beim Versand von Kleidung aus Madagaskar.<\/p>\n<hr data-start=\"4961\" data-end=\"4964\" \/>\n<h3 data-start=\"4966\" data-end=\"4986\">Was ist das DCD?<\/h3>\n<p data-start=\"4988\" data-end=\"5316\">Die <strong data-start=\"4992\" data-end=\"5022\">Zollkreditdokument (DCD)<\/strong> ist ein System, das den zollfreien oder zollerm\u00e4\u00dfigten Zugang zum australischen Markt f\u00fcr Waren mit Ursprung in <strong data-start=\"5133\" data-end=\"5162\">am wenigsten entwickelte L\u00e4nder<\/strong>. Ziel ist es, den Handel mit Entwicklungsl\u00e4ndern zu f\u00f6rdern und gleichzeitig den australischen Importeuren <strong data-start=\"5255\" data-end=\"5286\">kosteng\u00fcnstige Alternativen<\/strong> zu den traditionellen Beschaffungszentren.<\/p>\n<p data-start=\"5318\" data-end=\"5452\">Madagaskar ist im Rahmen dieses Systems anerkannt, so dass die Waren von Festival Factory <strong data-start=\"5394\" data-end=\"5425\">die f\u00fcr eine Zollbefreiung in Frage kommen<\/strong> bei der Ankunft in Australien.<\/p>\n<hr data-start=\"5454\" data-end=\"5457\" \/>\n<h3 data-start=\"5459\" data-end=\"5500\">Die wichtigsten Vorteile f\u00fcr australische Importeure<\/h3>\n<p data-start=\"5502\" data-end=\"5562\">Die Arbeit mit Festival Factory im Rahmen des DCD-Systems bietet:<\/p>\n<ul data-start=\"5564\" data-end=\"5762\">\n<li data-start=\"5564\" data-end=\"5608\">\n<p data-start=\"5566\" data-end=\"5608\"><strong data-start=\"5566\" data-end=\"5588\">Einfuhrz\u00f6lle zum Nulltarif<\/strong> auf berechtigte Kleidung<\/p>\n<\/li>\n<li data-start=\"5609\" data-end=\"5639\">\n<p data-start=\"5611\" data-end=\"5639\">Niedrigere Gesamtkosten pro Einheit<\/p>\n<\/li>\n<li data-start=\"5640\" data-end=\"5690\">\n<p data-start=\"5642\" data-end=\"5690\">K\u00fcrzere Lieferketten als in Asien oder Lateinamerika<\/p>\n<\/li>\n<li data-start=\"5691\" data-end=\"5762\">\n<p data-start=\"5693\" data-end=\"5762\">Zugang zu einem einzigartigen, ethischen Produktionspartner im Indischen Ozean<\/p>\n<\/li>\n<\/ul>\n<p data-start=\"5764\" data-end=\"5918\">Ob Sie ein <strong data-start=\"5781\" data-end=\"5807\">Boutique-Modemarke<\/strong>, a <strong data-start=\"5811\" data-end=\"5843\">Saisonkost\u00fcmverteiler<\/strong>oder ein <strong data-start=\"5851\" data-end=\"5873\">E-Commerce-Startup<\/strong>DCD kann Ihr Unternehmen rentabler machen.<\/p>\n<hr data-start=\"5920\" data-end=\"5923\" \/>\n<h3 data-start=\"5925\" data-end=\"5970\">Produkte, die f\u00fcr die zollfreie Einfuhr im Rahmen des DCD in Frage kommen<\/h3>\n<p data-start=\"5972\" data-end=\"6058\">Festival Factory stellt eine breite Palette von Kleidungsst\u00fccken her, die f\u00fcr DCD-Vorteile in Frage kommen:<\/p>\n<ul data-start=\"6059\" data-end=\"6200\">\n<li data-start=\"6059\" data-end=\"6089\">\n<p data-start=\"6061\" data-end=\"6089\">Kost\u00fcme f\u00fcr Kinder<\/p>\n<\/li>\n<li data-start=\"6090\" data-end=\"6116\">\n<p data-start=\"6092\" data-end=\"6116\">Schul- und Festkleidung<\/p>\n<\/li>\n<li data-start=\"6117\" data-end=\"6139\">\n<p data-start=\"6119\" data-end=\"6139\">Uniformen f\u00fcr das Gastgewerbe<\/p>\n<\/li>\n<li data-start=\"6140\" data-end=\"6174\">\n<p data-start=\"6142\" data-end=\"6174\">Leichte Werbekleidung<\/p>\n<\/li>\n<li data-start=\"6175\" data-end=\"6200\">\n<p data-start=\"6177\" data-end=\"6200\">Ma\u00dfgeschneiderte Markenkleidung<\/p>\n<\/li>\n<\/ul>\n<p data-start=\"6202\" data-end=\"6338\">Wir stellen auch alle erforderlichen Exportdokumente zur Verf\u00fcgung, um den zollfreien Status gem\u00e4\u00df DCD zu unterst\u00fctzen und helfen Ihrem Zollagenten bei der Einhaltung der Vorschriften.<\/p>\n<hr data-start=\"6340\" data-end=\"6343\" \/>\n<h3 data-start=\"6345\" data-end=\"6384\">Warum Madagaskar als Beschaffungsland w\u00e4hlen?<\/h3>\n<p data-start=\"6386\" data-end=\"6473\">W\u00e4hrend Australien traditionell aus China und S\u00fcdostasien importiert, bietet Madagaskar diese M\u00f6glichkeit:<\/p>\n<ul data-start=\"6474\" data-end=\"6675\">\n<li data-start=\"6474\" data-end=\"6506\">\n<p data-start=\"6476\" data-end=\"6506\">DCD-f\u00e4higer zollfreier Versand<\/p>\n<\/li>\n<li data-start=\"6507\" data-end=\"6569\">\n<p data-start=\"6509\" data-end=\"6569\">Hochwertige Bekleidungsproduktion mit ethischen Arbeitspraktiken<\/p>\n<\/li>\n<li data-start=\"6570\" data-end=\"6625\">\n<p data-start=\"6572\" data-end=\"6625\">Wettbewerbsf\u00e4hige Vorlaufzeiten f\u00fcr kleine bis mittlere Auftragsvolumina<\/p>\n<\/li>\n<li data-start=\"6626\" data-end=\"6675\">\n<p data-start=\"6628\" data-end=\"6675\">Direkter Seefrachtzugang zu australischen H\u00e4fen<\/p>\n<\/li>\n<\/ul>\n<hr data-start=\"6677\" data-end=\"6680\" \/>\n<h3 data-start=\"6682\" data-end=\"6740\">Das Know-how von Festival Factory f\u00fcr den australischen Markt<\/h3>\n<p data-start=\"6742\" data-end=\"6802\">Wir verstehen die Bed\u00fcrfnisse der australischen Importeure und bieten:<\/p>\n<ul data-start=\"6803\" data-end=\"6987\">\n<li data-start=\"6803\" data-end=\"6840\">\n<p data-start=\"6805\" data-end=\"6840\">Englischsprachige Kundenbetreuung<\/p>\n<\/li>\n<li data-start=\"6841\" data-end=\"6883\">\n<p data-start=\"6843\" data-end=\"6883\">Kundenspezifische Probenahme und Entwicklungsdienste<\/p>\n<\/li>\n<li data-start=\"6884\" data-end=\"6925\">\n<p data-start=\"6886\" data-end=\"6925\">Zuverl\u00e4ssige Produktion und Qualit\u00e4tskontrolle<\/p>\n<\/li>\n<li data-start=\"6926\" data-end=\"6987\">\n<p data-start=\"6928\" data-end=\"6987\">Nahtlose Koordination mit internationalen Spediteuren<\/p>\n<\/li>\n<\/ul>\n<hr data-start=\"6989\" data-end=\"6992\" \/>\n<h3 data-start=\"6994\" data-end=\"7022\">Sind Sie bereit f\u00fcr eine intelligentere Beschaffung?<\/h3>\n<p data-start=\"7024\" data-end=\"7154\">Unser Team hilft Ihnen, die Vorteile von DCD zu nutzen und Ihr Gesch\u00e4ft in Australien auszubauen. <strong data-start=\"7116\" data-end=\"7137\">zollfreie Einfuhren<\/strong> aus Madagaskar.<\/p>\n<p data-start=\"7156\" data-end=\"7285\"><a href=\"https:\/\/festival-factory.com\/de\/contact-us\/\">Kontakt aufnehmen<\/a> f\u00fcr Informationen \u00fcber die F\u00f6rderf\u00e4higkeit von Produkten und Preise.<\/p>","protected":false},"excerpt":{"rendered":"<p>Introduction: Reducing Import Costs for Australian Apparel Buyers In a  [&#8230;]<\/p>\n","protected":false},"author":2,"featured_media":0,"parent":3512,"menu_order":0,"comment_status":"closed","ping_status":"closed","template":"","meta":{"_acf_changed":false,"footnotes":""},"class_list":["post-3920","page","type-page","status-publish","hentry"],"acf":[],"yoast_head":"<!-- This site is optimized with the Yoast SEO plugin v27.4 - https:\/\/yoast.com\/product\/yoast-seo-wordpress\/ -->\n<title>DCD Agreement \u2013 Affordable Imports to Australia from Madagascar<\/title>\n<meta name=\"description\" content=\"Save on import costs with Festival Factory through Madagascar\u2019s DCD agreement with Australia. Enjoy duty-free apparel and costume shipments.\" \/>\n<meta name=\"robots\" content=\"index, follow, max-snippet:-1, max-image-preview:large, max-video-preview:-1\" \/>\n<link rel=\"canonical\" href=\"https:\/\/festival-factory.com\/de\/duty-free-shipping\/dcd-australia\/\" \/>\n<meta property=\"og:locale\" content=\"de_DE\" \/>\n<meta property=\"og:type\" content=\"article\" \/>\n<meta property=\"og:title\" content=\"DCD Agreement \u2013 Affordable Imports to Australia from Madagascar\" \/>\n<meta property=\"og:description\" content=\"Save on import costs with Festival Factory through Madagascar\u2019s DCD agreement with Australia. Enjoy duty-free apparel and costume shipments.\" \/>\n<meta property=\"og:url\" content=\"https:\/\/festival-factory.com\/de\/duty-free-shipping\/dcd-australia\/\" \/>\n<meta property=\"og:site_name\" content=\"Festival Factory Madagascar\" \/>\n<meta property=\"article:modified_time\" content=\"2025-07-18T15:14:47+00:00\" \/>\n<meta name=\"twitter:card\" content=\"summary_large_image\" \/>\n<meta name=\"twitter:label1\" content=\"Gesch\u00e4tzte Lesezeit\" \/>\n\t<meta name=\"twitter:data1\" content=\"2\u00a0Minuten\" \/>\n<script type=\"application\/ld+json\" class=\"yoast-schema-graph\">{\"@context\":\"https:\\\/\\\/schema.org\",\"@graph\":[{\"@type\":\"WebPage\",\"@id\":\"https:\\\/\\\/festival-factory.com\\\/duty-free-shipping\\\/dcd-australia\\\/\",\"url\":\"https:\\\/\\\/festival-factory.com\\\/duty-free-shipping\\\/dcd-australia\\\/\",\"name\":\"DCD Agreement \u2013 Affordable Imports to Australia from Madagascar\",\"isPartOf\":{\"@id\":\"https:\\\/\\\/festival-factory.com\\\/#website\"},\"datePublished\":\"2025-07-18T14:46:21+00:00\",\"dateModified\":\"2025-07-18T15:14:47+00:00\",\"description\":\"Save on import costs with Festival Factory through Madagascar\u2019s DCD agreement with Australia. Enjoy duty-free apparel and costume shipments.\",\"breadcrumb\":{\"@id\":\"https:\\\/\\\/festival-factory.com\\\/duty-free-shipping\\\/dcd-australia\\\/#breadcrumb\"},\"inLanguage\":\"de\",\"potentialAction\":[{\"@type\":\"ReadAction\",\"target\":[\"https:\\\/\\\/festival-factory.com\\\/duty-free-shipping\\\/dcd-australia\\\/\"]}]},{\"@type\":\"BreadcrumbList\",\"@id\":\"https:\\\/\\\/festival-factory.com\\\/duty-free-shipping\\\/dcd-australia\\\/#breadcrumb\",\"itemListElement\":[{\"@type\":\"ListItem\",\"position\":1,\"name\":\"Home\",\"item\":\"https:\\\/\\\/festival-factory.com\\\/\"},{\"@type\":\"ListItem\",\"position\":2,\"name\":\"Duty-Free Shipping from Madagascar\",\"item\":\"https:\\\/\\\/festival-factory.com\\\/duty-free-shipping\\\/\"},{\"@type\":\"ListItem\",\"position\":3,\"name\":\"DCD \u2013 Duty-Free Shipping to Australia\"}]},{\"@type\":\"WebSite\",\"@id\":\"https:\\\/\\\/festival-factory.com\\\/#website\",\"url\":\"https:\\\/\\\/festival-factory.com\\\/\",\"name\":\"Festival Factory Madagascar\",\"description\":\"Manufacturing apparel &amp; Costumes with decades of experience\",\"publisher\":{\"@id\":\"https:\\\/\\\/festival-factory.com\\\/#organization\"},\"potentialAction\":[{\"@type\":\"SearchAction\",\"target\":{\"@type\":\"EntryPoint\",\"urlTemplate\":\"https:\\\/\\\/festival-factory.com\\\/?s={search_term_string}\"},\"query-input\":{\"@type\":\"PropertyValueSpecification\",\"valueRequired\":true,\"valueName\":\"search_term_string\"}}],\"inLanguage\":\"de\"},{\"@type\":\"Organization\",\"@id\":\"https:\\\/\\\/festival-factory.com\\\/#organization\",\"name\":\"Festival Factory Madagascar\",\"url\":\"https:\\\/\\\/festival-factory.com\\\/\",\"logo\":{\"@type\":\"ImageObject\",\"inLanguage\":\"de\",\"@id\":\"https:\\\/\\\/festival-factory.com\\\/#\\\/schema\\\/logo\\\/image\\\/\",\"url\":\"https:\\\/\\\/festival-factory.com\\\/wp-content\\\/uploads\\\/2025\\\/02\\\/Festival-Logo.png\",\"contentUrl\":\"https:\\\/\\\/festival-factory.com\\\/wp-content\\\/uploads\\\/2025\\\/02\\\/Festival-Logo.png\",\"width\":2000,\"height\":519,\"caption\":\"Festival Factory Madagascar\"},\"image\":{\"@id\":\"https:\\\/\\\/festival-factory.com\\\/#\\\/schema\\\/logo\\\/image\\\/\"}}]}<\/script>\n<!-- \/ Yoast SEO plugin. -->","yoast_head_json":{"title":"DCD-Abkommen - Erschwingliche Einfuhren nach Australien aus Madagaskar","description":"Sparen Sie mit Festival Factory durch das DCD-Abkommen zwischen Madagaskar und Australien bei den Importkosten. Genie\u00dfen Sie zollfreie Lieferungen von Kleidung und Kost\u00fcmen.","robots":{"index":"index","follow":"follow","max-snippet":"max-snippet:-1","max-image-preview":"max-image-preview:large","max-video-preview":"max-video-preview:-1"},"canonical":"https:\/\/festival-factory.com\/de\/duty-free-shipping\/dcd-australia\/","og_locale":"de_DE","og_type":"article","og_title":"DCD Agreement \u2013 Affordable Imports to Australia from Madagascar","og_description":"Save on import costs with Festival Factory through Madagascar\u2019s DCD agreement with Australia. Enjoy duty-free apparel and costume shipments.","og_url":"https:\/\/festival-factory.com\/de\/duty-free-shipping\/dcd-australia\/","og_site_name":"Festival Factory Madagascar","article_modified_time":"2025-07-18T15:14:47+00:00","twitter_card":"summary_large_image","twitter_misc":{"Gesch\u00e4tzte Lesezeit":"2\u00a0Minuten"},"schema":{"@context":"https:\/\/schema.org","@graph":[{"@type":"WebPage","@id":"https:\/\/festival-factory.com\/duty-free-shipping\/dcd-australia\/","url":"https:\/\/festival-factory.com\/duty-free-shipping\/dcd-australia\/","name":"DCD-Abkommen - Erschwingliche Einfuhren nach Australien aus Madagaskar","isPartOf":{"@id":"https:\/\/festival-factory.com\/#website"},"datePublished":"2025-07-18T14:46:21+00:00","dateModified":"2025-07-18T15:14:47+00:00","description":"Sparen Sie mit Festival Factory durch das DCD-Abkommen zwischen Madagaskar und Australien bei den Importkosten. Genie\u00dfen Sie zollfreie Lieferungen von Kleidung und Kost\u00fcmen.","breadcrumb":{"@id":"https:\/\/festival-factory.com\/duty-free-shipping\/dcd-australia\/#breadcrumb"},"inLanguage":"de","potentialAction":[{"@type":"ReadAction","target":["https:\/\/festival-factory.com\/duty-free-shipping\/dcd-australia\/"]}]},{"@type":"BreadcrumbList","@id":"https:\/\/festival-factory.com\/duty-free-shipping\/dcd-australia\/#breadcrumb","itemListElement":[{"@type":"ListItem","position":1,"name":"Home","item":"https:\/\/festival-factory.com\/"},{"@type":"ListItem","position":2,"name":"Duty-Free Shipping from Madagascar","item":"https:\/\/festival-factory.com\/duty-free-shipping\/"},{"@type":"ListItem","position":3,"name":"DCD \u2013 Duty-Free Shipping to Australia"}]},{"@type":"WebSite","@id":"https:\/\/festival-factory.com\/#website","url":"https:\/\/festival-factory.com\/","name":"Festivalfabrik Madagaskar","description":"Herstellung von Bekleidung und Kost\u00fcmen mit jahrzehntelanger Erfahrung","publisher":{"@id":"https:\/\/festival-factory.com\/#organization"},"potentialAction":[{"@type":"SearchAction","target":{"@type":"EntryPoint","urlTemplate":"https:\/\/festival-factory.com\/?s={search_term_string}"},"query-input":{"@type":"PropertyValueSpecification","valueRequired":true,"valueName":"search_term_string"}}],"inLanguage":"de"},{"@type":"Organization","@id":"https:\/\/festival-factory.com\/#organization","name":"Festivalfabrik Madagaskar","url":"https:\/\/festival-factory.com\/","logo":{"@type":"ImageObject","inLanguage":"de","@id":"https:\/\/festival-factory.com\/#\/schema\/logo\/image\/","url":"https:\/\/festival-factory.com\/wp-content\/uploads\/2025\/02\/Festival-Logo.png","contentUrl":"https:\/\/festival-factory.com\/wp-content\/uploads\/2025\/02\/Festival-Logo.png","width":2000,"height":519,"caption":"Festival Factory Madagascar"},"image":{"@id":"https:\/\/festival-factory.com\/#\/schema\/logo\/image\/"}}]}},"_links":{"self":[{"href":"https:\/\/festival-factory.com\/de\/wp-json\/wp\/v2\/pages\/3920","targetHints":{"allow":["GET"]}}],"collection":[{"href":"https:\/\/festival-factory.com\/de\/wp-json\/wp\/v2\/pages"}],"about":[{"href":"https:\/\/festival-factory.com\/de\/wp-json\/wp\/v2\/types\/page"}],"author":[{"embeddable":true,"href":"https:\/\/festival-factory.com\/de\/wp-json\/wp\/v2\/users\/2"}],"replies":[{"embeddable":true,"href":"https:\/\/festival-factory.com\/de\/wp-json\/wp\/v2\/comments?post=3920"}],"version-history":[{"count":4,"href":"https:\/\/festival-factory.com\/de\/wp-json\/wp\/v2\/pages\/3920\/revisions"}],"predecessor-version":[{"id":3936,"href":"https:\/\/festival-factory.com\/de\/wp-json\/wp\/v2\/pages\/3920\/revisions\/3936"}],"up":[{"embeddable":true,"href":"https:\/\/festival-factory.com\/de\/wp-json\/wp\/v2\/pages\/3512"}],"wp:attachment":[{"href":"https:\/\/festival-factory.com\/de\/wp-json\/wp\/v2\/media?parent=3920"}],"curies":[{"name":"wp","href":"https:\/\/api.w.org\/{rel}","templated":true}]}}