{"id":3922,"date":"2025-07-18T14:47:30","date_gmt":"2025-07-18T14:47:30","guid":{"rendered":"https:\/\/festival-factory.com\/?page_id=3922"},"modified":"2025-07-18T19:41:07","modified_gmt":"2025-07-18T19:41:07","slug":"dcts-uk","status":"publish","type":"page","link":"https:\/\/festival-factory.com\/de\/duty-free-shipping\/dcts-uk\/","title":{"rendered":"DCTS - zollfreier Versand nach Gro\u00dfbritannien"},"content":{"rendered":"<h3 data-start=\"7646\" data-end=\"7712\">Einleitung: Eine neue \u00c4ra des Handels zwischen dem Vereinigten K\u00f6nigreich und Madagaskar<\/h3>\n<p data-start=\"7714\" data-end=\"7954\">Seit dem Brexit hat das Vereinigte K\u00f6nigreich neue handelspolitische Ma\u00dfnahmen ergriffen, um die Beschaffung aus Entwicklungsl\u00e4ndern zu f\u00f6rdern. Eines der wichtigsten Instrumente f\u00fcr Importeure ist die <strong data-start=\"7869\" data-end=\"7915\">Handelssystem f\u00fcr Entwicklungsl\u00e4nder (DCTS)<\/strong> - und Madagaskar ist einer der Hauptbeg\u00fcnstigten.<\/p>\n<p data-start=\"7956\" data-end=\"8216\">Unter <strong data-start=\"7959\" data-end=\"7979\">Festival-Fabrik<\/strong>verwenden wir DCTS, um unseren Kunden im Vereinigten K\u00f6nigreich Folgendes zu bieten <strong data-start=\"8030\" data-end=\"8099\">zollfreier Zugang zu ma\u00dfgefertigten Bekleidungs-, Kost\u00fcm- und Textilwaren<\/strong>. Wenn Sie aus Madagaskar importieren, ist DCTS Ihre Abk\u00fcrzung zu <strong data-start=\"8163\" data-end=\"8215\">erhebliche Einsparungen und reibungslose Zollabfertigung<\/strong>.<\/p>\n<hr data-start=\"8218\" data-end=\"8221\" \/>\n<h3 data-start=\"8223\" data-end=\"8244\">Was ist das DCTS?<\/h3>\n<p data-start=\"8246\" data-end=\"8515\">Im Jahr 2023 wird das <strong data-start=\"8268\" data-end=\"8314\">Handelssystem f\u00fcr Entwicklungsl\u00e4nder (DCTS)<\/strong> ersetzt das APS-System der EU f\u00fcr den Handel mit Entwicklungsl\u00e4ndern. Es erm\u00f6glicht <strong data-start=\"8390\" data-end=\"8431\">L\u00e4nder mit niedrigem und niedrigem bis mittlerem Einkommen<\/strong> f\u00fcr die Ausfuhr von Waren in die <strong data-start=\"8455\" data-end=\"8478\">UK-Markt zollfrei<\/strong>sofern sie den Ursprungsregeln entsprechen.<\/p>\n<p data-start=\"8517\" data-end=\"8626\">Madagaskar f\u00e4llt unter die <strong data-start=\"8548\" data-end=\"8577\">Erweitertes Pr\u00e4ferenzsystem<\/strong>die f\u00fcr die meisten Bekleidungs- und Textilprodukte gilt.<\/p>\n<hr data-start=\"8628\" data-end=\"8631\" \/>\n<h3 data-start=\"8633\" data-end=\"8670\">Vorteile von DCTS f\u00fcr britische Importeure<\/h3>\n<p data-start=\"8672\" data-end=\"8718\">Mit DCTS bietet Festival Factory Kunden aus dem Vereinigten K\u00f6nigreich:<\/p>\n<ul data-start=\"8719\" data-end=\"8909\">\n<li data-start=\"8719\" data-end=\"8766\">\n<p data-start=\"8721\" data-end=\"8766\"><strong data-start=\"8721\" data-end=\"8743\">Einfuhrz\u00f6lle zum Nulltarif<\/strong> auf qualifizierte Kleidungsst\u00fccke<\/p>\n<\/li>\n<li data-start=\"8767\" data-end=\"8802\">\n<p data-start=\"8769\" data-end=\"8802\">B\u00fcrokratieabbau an der britischen Grenze<\/p>\n<\/li>\n<li data-start=\"8803\" data-end=\"8855\">\n<p data-start=\"8805\" data-end=\"8855\">Bessere Preisgestaltung im Vergleich zu nicht pr\u00e4ferenziellen Handelspartnern<\/p>\n<\/li>\n<li data-start=\"8856\" data-end=\"8909\">\n<p data-start=\"8858\" data-end=\"8909\">Schnelle und zuverl\u00e4ssige Unterst\u00fctzung bei Papierkram und Logistik<\/p>\n<\/li>\n<\/ul>\n<hr data-start=\"8911\" data-end=\"8914\" \/>\n<h3 data-start=\"8916\" data-end=\"8944\">Wer sollte das DCTS nutzen?<\/h3>\n<p data-start=\"8946\" data-end=\"8973\">DCTS ist ideal f\u00fcr im Vereinigten K\u00f6nigreich ans\u00e4ssige Unternehmen:<\/p>\n<ul data-start=\"8974\" data-end=\"9122\">\n<li data-start=\"8974\" data-end=\"9014\">\n<p data-start=\"8976\" data-end=\"9014\">Mode-Start-ups und Streetwear-Marken<\/p>\n<\/li>\n<li data-start=\"9015\" data-end=\"9051\">\n<p data-start=\"9017\" data-end=\"9051\">Online-H\u00e4ndler und Kost\u00fcmgesch\u00e4fte<\/p>\n<\/li>\n<li data-start=\"9052\" data-end=\"9084\">\n<p data-start=\"9054\" data-end=\"9084\">Unternehmen f\u00fcr Werbebekleidung<\/p>\n<\/li>\n<li data-start=\"9085\" data-end=\"9122\">\n<p data-start=\"9087\" data-end=\"9122\">Organisatoren von Veranstaltungen und Theatergruppen<\/p>\n<\/li>\n<\/ul>\n<p data-start=\"9124\" data-end=\"9251\">Wenn Sie es leid sind, hohe Z\u00f6lle aus Asien zu zahlen oder mit den EU-Beschaffungsregeln nach dem Brexit zu k\u00e4mpfen, ist Madagaskar Ihre L\u00f6sung.<\/p>\n<hr data-start=\"9253\" data-end=\"9256\" \/>\n<h3 data-start=\"9258\" data-end=\"9317\">Festival Fabrik: Ihr auf Gro\u00dfbritannien fokussierter Produktionspartner<\/h3>\n<p data-start=\"9319\" data-end=\"9371\">Wir sind vollst\u00e4ndig auf die Bed\u00fcrfnisse britischer K\u00e4ufer eingestellt und bieten:<\/p>\n<ul data-start=\"9372\" data-end=\"9521\">\n<li data-start=\"9372\" data-end=\"9406\">\n<p data-start=\"9374\" data-end=\"9406\">Muster und Kleinserienproduktion<\/p>\n<\/li>\n<li data-start=\"9407\" data-end=\"9442\">\n<p data-start=\"9409\" data-end=\"9442\">Englischsprachige Kundenbetreuung<\/p>\n<\/li>\n<li data-start=\"9443\" data-end=\"9480\">\n<p data-start=\"9445\" data-end=\"9480\">DCTS-konforme Exportdokumente<\/p>\n<\/li>\n<li data-start=\"9481\" data-end=\"9521\">\n<p data-start=\"9483\" data-end=\"9521\">P\u00fcnktliche Lieferung und Qualit\u00e4tssicherung<\/p>\n<\/li>\n<\/ul>\n<hr data-start=\"9523\" data-end=\"9526\" \/>\n<h3 data-start=\"9528\" data-end=\"9554\">Welche Produkte sind geeignet?<\/h3>\n<p data-start=\"9556\" data-end=\"9625\">Die meisten unserer Kleidungsst\u00fccke geh\u00f6ren zu den DCTS-f\u00e4higen Kategorien, darunter<\/p>\n<ul data-start=\"9626\" data-end=\"9741\">\n<li data-start=\"9626\" data-end=\"9655\">\n<p data-start=\"9628\" data-end=\"9655\">Kost\u00fcme f\u00fcr Feste und Veranstaltungen<\/p>\n<\/li>\n<li data-start=\"9656\" data-end=\"9684\">\n<p data-start=\"9658\" data-end=\"9684\">Thematische Kinderkleidung<\/p>\n<\/li>\n<li data-start=\"9685\" data-end=\"9712\">\n<p data-start=\"9687\" data-end=\"9712\">Schul- und Gruppenuniformen<\/p>\n<\/li>\n<li data-start=\"9713\" data-end=\"9741\">\n<p data-start=\"9715\" data-end=\"9741\">Individuelle Werbebekleidung<\/p>\n<\/li>\n<\/ul>\n<p data-start=\"9743\" data-end=\"9845\">Unser Team stellt sicher, dass jede Sendung die korrekten Ursprungserkl\u00e4rungen enth\u00e4lt, um eine vollst\u00e4ndige Zollbefreiung zu erhalten.<\/p>\n<hr data-start=\"9847\" data-end=\"9850\" \/>\n<h3 data-start=\"9852\" data-end=\"9888\">Wir wollen Ihre Kosten nach dem Brexit senken<\/h3>\n<p data-start=\"9890\" data-end=\"10082\">Da viele britische Importeure ihre Lieferketten diversifizieren wollen, bietet Madagaskar eine <strong data-start=\"9978\" data-end=\"9999\">frische Alternative<\/strong> mit echten wirtschaftlichen Vorteilen. DCTS ist die Br\u00fccke - Festival Factory ist der Partner.<\/p>\n<p data-start=\"10084\" data-end=\"10223\"><a href=\"https:\/\/festival-factory.com\/de\/contact-us\/\">Nachricht an uns<\/a> um die F\u00f6rderungsw\u00fcrdigkeit zu best\u00e4tigen und Ihren n\u00e4chsten Produktionslauf zu erkunden.<\/p>","protected":false},"excerpt":{"rendered":"<p>Introduction: A New Era of Trade Between the UK and  [&#8230;]<\/p>\n","protected":false},"author":2,"featured_media":0,"parent":3512,"menu_order":0,"comment_status":"closed","ping_status":"closed","template":"","meta":{"_acf_changed":false,"footnotes":""},"class_list":["post-3922","page","type-page","status-publish","hentry"],"acf":[],"yoast_head":"<!-- This site is optimized with the Yoast SEO plugin v27.4 - https:\/\/yoast.com\/product\/yoast-seo-wordpress\/ -->\n<title>DCTS Agreement \u2013 Duty-Free Trade with the UK Post-Brexit<\/title>\n<meta name=\"description\" content=\"Ship apparel duty-free to the UK with Festival Factory under the DCTS. Learn how this agreement simplifies imports for British buyers.\" \/>\n<meta name=\"robots\" content=\"index, follow, max-snippet:-1, max-image-preview:large, max-video-preview:-1\" \/>\n<link rel=\"canonical\" href=\"https:\/\/festival-factory.com\/de\/duty-free-shipping\/dcts-uk\/\" \/>\n<meta property=\"og:locale\" content=\"de_DE\" \/>\n<meta property=\"og:type\" content=\"article\" \/>\n<meta property=\"og:title\" content=\"DCTS Agreement \u2013 Duty-Free Trade with the UK Post-Brexit\" \/>\n<meta property=\"og:description\" content=\"Ship apparel duty-free to the UK with Festival Factory under the DCTS. Learn how this agreement simplifies imports for British buyers.\" \/>\n<meta property=\"og:url\" content=\"https:\/\/festival-factory.com\/de\/duty-free-shipping\/dcts-uk\/\" \/>\n<meta property=\"og:site_name\" content=\"Festival Factory Madagascar\" \/>\n<meta property=\"article:modified_time\" content=\"2025-07-18T19:41:07+00:00\" \/>\n<meta name=\"twitter:card\" content=\"summary_large_image\" \/>\n<meta name=\"twitter:label1\" content=\"Gesch\u00e4tzte Lesezeit\" \/>\n\t<meta name=\"twitter:data1\" content=\"2\u00a0Minuten\" \/>\n<script type=\"application\/ld+json\" class=\"yoast-schema-graph\">{\"@context\":\"https:\\\/\\\/schema.org\",\"@graph\":[{\"@type\":\"WebPage\",\"@id\":\"https:\\\/\\\/festival-factory.com\\\/duty-free-shipping\\\/dcts-uk\\\/\",\"url\":\"https:\\\/\\\/festival-factory.com\\\/duty-free-shipping\\\/dcts-uk\\\/\",\"name\":\"DCTS Agreement \u2013 Duty-Free Trade with the UK Post-Brexit\",\"isPartOf\":{\"@id\":\"https:\\\/\\\/festival-factory.com\\\/#website\"},\"datePublished\":\"2025-07-18T14:47:30+00:00\",\"dateModified\":\"2025-07-18T19:41:07+00:00\",\"description\":\"Ship apparel duty-free to the UK with Festival Factory under the DCTS. Learn how this agreement simplifies imports for British buyers.\",\"breadcrumb\":{\"@id\":\"https:\\\/\\\/festival-factory.com\\\/duty-free-shipping\\\/dcts-uk\\\/#breadcrumb\"},\"inLanguage\":\"de\",\"potentialAction\":[{\"@type\":\"ReadAction\",\"target\":[\"https:\\\/\\\/festival-factory.com\\\/duty-free-shipping\\\/dcts-uk\\\/\"]}]},{\"@type\":\"BreadcrumbList\",\"@id\":\"https:\\\/\\\/festival-factory.com\\\/duty-free-shipping\\\/dcts-uk\\\/#breadcrumb\",\"itemListElement\":[{\"@type\":\"ListItem\",\"position\":1,\"name\":\"Home\",\"item\":\"https:\\\/\\\/festival-factory.com\\\/\"},{\"@type\":\"ListItem\",\"position\":2,\"name\":\"Duty-Free Shipping from Madagascar\",\"item\":\"https:\\\/\\\/festival-factory.com\\\/duty-free-shipping\\\/\"},{\"@type\":\"ListItem\",\"position\":3,\"name\":\"DCTS \u2013 Duty-Free Shipping to Great Britain\"}]},{\"@type\":\"WebSite\",\"@id\":\"https:\\\/\\\/festival-factory.com\\\/#website\",\"url\":\"https:\\\/\\\/festival-factory.com\\\/\",\"name\":\"Festival Factory Madagascar\",\"description\":\"Manufacturing apparel &amp; Costumes with decades of experience\",\"publisher\":{\"@id\":\"https:\\\/\\\/festival-factory.com\\\/#organization\"},\"potentialAction\":[{\"@type\":\"SearchAction\",\"target\":{\"@type\":\"EntryPoint\",\"urlTemplate\":\"https:\\\/\\\/festival-factory.com\\\/?s={search_term_string}\"},\"query-input\":{\"@type\":\"PropertyValueSpecification\",\"valueRequired\":true,\"valueName\":\"search_term_string\"}}],\"inLanguage\":\"de\"},{\"@type\":\"Organization\",\"@id\":\"https:\\\/\\\/festival-factory.com\\\/#organization\",\"name\":\"Festival Factory Madagascar\",\"url\":\"https:\\\/\\\/festival-factory.com\\\/\",\"logo\":{\"@type\":\"ImageObject\",\"inLanguage\":\"de\",\"@id\":\"https:\\\/\\\/festival-factory.com\\\/#\\\/schema\\\/logo\\\/image\\\/\",\"url\":\"https:\\\/\\\/festival-factory.com\\\/wp-content\\\/uploads\\\/2025\\\/02\\\/Festival-Logo.png\",\"contentUrl\":\"https:\\\/\\\/festival-factory.com\\\/wp-content\\\/uploads\\\/2025\\\/02\\\/Festival-Logo.png\",\"width\":2000,\"height\":519,\"caption\":\"Festival Factory Madagascar\"},\"image\":{\"@id\":\"https:\\\/\\\/festival-factory.com\\\/#\\\/schema\\\/logo\\\/image\\\/\"}}]}<\/script>\n<!-- \/ Yoast SEO plugin. -->","yoast_head_json":{"title":"DCTS-Abkommen - zollfreier Handel mit dem Vereinigten K\u00f6nigreich nach dem Brexit","description":"Versenden Sie mit Festival Factory im Rahmen des DCTS Bekleidung zollfrei nach Gro\u00dfbritannien. Erfahren Sie, wie dieses Abkommen die Importe f\u00fcr britische K\u00e4ufer vereinfacht.","robots":{"index":"index","follow":"follow","max-snippet":"max-snippet:-1","max-image-preview":"max-image-preview:large","max-video-preview":"max-video-preview:-1"},"canonical":"https:\/\/festival-factory.com\/de\/duty-free-shipping\/dcts-uk\/","og_locale":"de_DE","og_type":"article","og_title":"DCTS Agreement \u2013 Duty-Free Trade with the UK Post-Brexit","og_description":"Ship apparel duty-free to the UK with Festival Factory under the DCTS. Learn how this agreement simplifies imports for British buyers.","og_url":"https:\/\/festival-factory.com\/de\/duty-free-shipping\/dcts-uk\/","og_site_name":"Festival Factory Madagascar","article_modified_time":"2025-07-18T19:41:07+00:00","twitter_card":"summary_large_image","twitter_misc":{"Gesch\u00e4tzte Lesezeit":"2\u00a0Minuten"},"schema":{"@context":"https:\/\/schema.org","@graph":[{"@type":"WebPage","@id":"https:\/\/festival-factory.com\/duty-free-shipping\/dcts-uk\/","url":"https:\/\/festival-factory.com\/duty-free-shipping\/dcts-uk\/","name":"DCTS-Abkommen - zollfreier Handel mit dem Vereinigten K\u00f6nigreich nach dem Brexit","isPartOf":{"@id":"https:\/\/festival-factory.com\/#website"},"datePublished":"2025-07-18T14:47:30+00:00","dateModified":"2025-07-18T19:41:07+00:00","description":"Versenden Sie mit Festival Factory im Rahmen des DCTS Bekleidung zollfrei nach Gro\u00dfbritannien. Erfahren Sie, wie dieses Abkommen die Importe f\u00fcr britische K\u00e4ufer vereinfacht.","breadcrumb":{"@id":"https:\/\/festival-factory.com\/duty-free-shipping\/dcts-uk\/#breadcrumb"},"inLanguage":"de","potentialAction":[{"@type":"ReadAction","target":["https:\/\/festival-factory.com\/duty-free-shipping\/dcts-uk\/"]}]},{"@type":"BreadcrumbList","@id":"https:\/\/festival-factory.com\/duty-free-shipping\/dcts-uk\/#breadcrumb","itemListElement":[{"@type":"ListItem","position":1,"name":"Home","item":"https:\/\/festival-factory.com\/"},{"@type":"ListItem","position":2,"name":"Duty-Free Shipping from Madagascar","item":"https:\/\/festival-factory.com\/duty-free-shipping\/"},{"@type":"ListItem","position":3,"name":"DCTS \u2013 Duty-Free Shipping to Great Britain"}]},{"@type":"WebSite","@id":"https:\/\/festival-factory.com\/#website","url":"https:\/\/festival-factory.com\/","name":"Festivalfabrik Madagaskar","description":"Herstellung von Bekleidung und Kost\u00fcmen mit jahrzehntelanger Erfahrung","publisher":{"@id":"https:\/\/festival-factory.com\/#organization"},"potentialAction":[{"@type":"SearchAction","target":{"@type":"EntryPoint","urlTemplate":"https:\/\/festival-factory.com\/?s={search_term_string}"},"query-input":{"@type":"PropertyValueSpecification","valueRequired":true,"valueName":"search_term_string"}}],"inLanguage":"de"},{"@type":"Organization","@id":"https:\/\/festival-factory.com\/#organization","name":"Festivalfabrik Madagaskar","url":"https:\/\/festival-factory.com\/","logo":{"@type":"ImageObject","inLanguage":"de","@id":"https:\/\/festival-factory.com\/#\/schema\/logo\/image\/","url":"https:\/\/festival-factory.com\/wp-content\/uploads\/2025\/02\/Festival-Logo.png","contentUrl":"https:\/\/festival-factory.com\/wp-content\/uploads\/2025\/02\/Festival-Logo.png","width":2000,"height":519,"caption":"Festival Factory Madagascar"},"image":{"@id":"https:\/\/festival-factory.com\/#\/schema\/logo\/image\/"}}]}},"_links":{"self":[{"href":"https:\/\/festival-factory.com\/de\/wp-json\/wp\/v2\/pages\/3922","targetHints":{"allow":["GET"]}}],"collection":[{"href":"https:\/\/festival-factory.com\/de\/wp-json\/wp\/v2\/pages"}],"about":[{"href":"https:\/\/festival-factory.com\/de\/wp-json\/wp\/v2\/types\/page"}],"author":[{"embeddable":true,"href":"https:\/\/festival-factory.com\/de\/wp-json\/wp\/v2\/users\/2"}],"replies":[{"embeddable":true,"href":"https:\/\/festival-factory.com\/de\/wp-json\/wp\/v2\/comments?post=3922"}],"version-history":[{"count":3,"href":"https:\/\/festival-factory.com\/de\/wp-json\/wp\/v2\/pages\/3922\/revisions"}],"predecessor-version":[{"id":3934,"href":"https:\/\/festival-factory.com\/de\/wp-json\/wp\/v2\/pages\/3922\/revisions\/3934"}],"up":[{"embeddable":true,"href":"https:\/\/festival-factory.com\/de\/wp-json\/wp\/v2\/pages\/3512"}],"wp:attachment":[{"href":"https:\/\/festival-factory.com\/de\/wp-json\/wp\/v2\/media?parent=3922"}],"curies":[{"name":"wp","href":"https:\/\/api.w.org\/{rel}","templated":true}]}}