{"id":3421,"date":"2025-02-12T15:10:27","date_gmt":"2025-02-12T15:10:27","guid":{"rendered":"https:\/\/festival-factory.com\/?page_id=3421"},"modified":"2025-06-24T09:23:40","modified_gmt":"2025-06-24T09:23:40","slug":"quality-control","status":"publish","type":"page","link":"https:\/\/festival-factory.com\/es\/quality-control\/","title":{"rendered":"Control de calidad"},"content":{"rendered":"<p><div class=\"fusion-fullwidth fullwidth-box fusion-builder-row-1 fusion-flex-container has-pattern-background has-mask-background nonhundred-percent-fullwidth non-hundred-percent-height-scrolling\" style=\"--awb-border-radius-top-left:0px;--awb-border-radius-top-right:0px;--awb-border-radius-bottom-right:0px;--awb-border-radius-bottom-left:0px;--awb-flex-wrap:wrap;\" ><div class=\"fusion-builder-row fusion-row fusion-flex-align-items-flex-start fusion-flex-content-wrap\" style=\"max-width:1372.8px;margin-left: calc(-4% \/ 2 );margin-right: calc(-4% \/ 2 );\"><div class=\"fusion-layout-column fusion_builder_column fusion-builder-column-0 fusion_builder_column_1_1 1_1 fusion-flex-column\" style=\"--awb-bg-size:cover;--awb-width-large:100%;--awb-margin-top-large:0px;--awb-spacing-right-large:1.92%;--awb-margin-bottom-large:20px;--awb-spacing-left-large:1.92%;--awb-width-medium:100%;--awb-order-medium:0;--awb-spacing-right-medium:1.92%;--awb-spacing-left-medium:1.92%;--awb-width-small:100%;--awb-order-small:0;--awb-spacing-right-small:1.92%;--awb-spacing-left-small:1.92%;\"><div class=\"fusion-column-wrapper fusion-column-has-shadow fusion-flex-justify-content-flex-start fusion-content-layout-column\"><div class=\"fusion-text fusion-text-1\"><p><span style=\"color: var(--awb-text-color); font-family: var(--awb-text-font-family); font-size: var(--awb-font-size); font-style: var(--awb-text-font-style); font-weight: var(--awb-text-font-weight); letter-spacing: var(--awb-letter-spacing); text-align: var(--awb-content-alignment); text-transform: var(--awb-text-transform); background-color: var(--awb-bg-color-hover);\">Nuestras l\u00edneas de producci\u00f3n est\u00e1n dise\u00f1adas para garantizar el control de calidad en cada paso, desde la selecci\u00f3n del tejido hasta el encajado, con controles en l\u00ednea para una supervisi\u00f3n continua durante todo el proceso de fabricaci\u00f3n. Este meticuloso enfoque garantiza que cada pieza cumpla nuestros elevados est\u00e1ndares de calidad.<\/span><\/p>\n<p>Todos los productos se someten a pruebas exhaustivas para cumplir la normativa de seguridad infantil, lo que garantiza su conformidad en todos los mercados y el mantenimiento de los m\u00e1s altos niveles de seguridad para sus clientes.<\/p>\n<p>Para mayor tranquilidad, todas las \u00f3rdenes de compra (PO) pasan por detectores de metales y se someten a una auditor\u00eda final antes de su env\u00edo. A lo largo de todo el proceso de producci\u00f3n, realizamos auditor\u00edas y comprobaciones constantes para garantizar una ejecuci\u00f3n impecable y la integridad del producto.<\/p>\n<p>Contamos con la certificaci\u00f3n SMETA de cumplimiento y pr\u00e1cticas empresariales \u00e9ticas, y nuestra f\u00e1brica ha sido auditada por Tesco, lo que demuestra a\u00fan m\u00e1s nuestro compromiso con las normas l\u00edderes del sector en materia de fabricaci\u00f3n y seguridad.<\/p>\n<\/div><\/div><\/div><\/div><\/div><div class=\"fusion-fullwidth fullwidth-box fusion-builder-row-2 fusion-flex-container has-pattern-background has-mask-background nonhundred-percent-fullwidth non-hundred-percent-height-scrolling\" style=\"--awb-border-radius-top-left:0px;--awb-border-radius-top-right:0px;--awb-border-radius-bottom-right:0px;--awb-border-radius-bottom-left:0px;--awb-flex-wrap:wrap;\" ><div class=\"fusion-builder-row fusion-row fusion-flex-align-items-flex-start fusion-flex-content-wrap\" style=\"max-width:1372.8px;margin-left: calc(-4% \/ 2 );margin-right: calc(-4% \/ 2 );\"><div class=\"fusion-layout-column fusion_builder_column fusion-builder-column-1 fusion_builder_column_1_3 1_3 fusion-flex-column\" style=\"--awb-bg-size:cover;--awb-width-large:33.333333333333%;--awb-margin-top-large:0px;--awb-spacing-right-large:5.76%;--awb-margin-bottom-large:20px;--awb-spacing-left-large:5.76%;--awb-width-medium:33.333333333333%;--awb-order-medium:0;--awb-spacing-right-medium:5.76%;--awb-spacing-left-medium:5.76%;--awb-width-small:100%;--awb-order-small:0;--awb-spacing-right-small:1.92%;--awb-spacing-left-small:1.92%;\"><div class=\"fusion-column-wrapper fusion-column-has-shadow fusion-flex-justify-content-flex-start fusion-content-layout-column\"><div class=\"fusion-image-element\" style=\"--awb-caption-title-font-family:var(--h2_typography-font-family);--awb-caption-title-font-weight:var(--h2_typography-font-weight);--awb-caption-title-font-style:var(--h2_typography-font-style);--awb-caption-title-size:var(--h2_typography-font-size);--awb-caption-title-transform:var(--h2_typography-text-transform);--awb-caption-title-line-height:var(--h2_typography-line-height);--awb-caption-title-letter-spacing:var(--h2_typography-letter-spacing);\"><span class=\"fusion-imageframe imageframe-none imageframe-1 hover-type-none\"><a class=\"fusion-no-lightbox\" href=\"https:\/\/www.oeko-tex.com\/\" target=\"_blank\" aria-label=\"Oeko_tex_-_umbrella_brand_-_11_2022.svg\" rel=\"noopener noreferrer\"><img decoding=\"async\" width=\"300\" height=\"300\" src=\"https:\/\/festival-factory.com\/wp-content\/uploads\/2025\/04\/Oeko_tex_-_umbrella_brand_-_11_2022.svg.png\" data-orig-src=\"https:\/\/festival-factory.com\/wp-content\/uploads\/2025\/04\/Oeko_tex_-_umbrella_brand_-_11_2022.svg-300x300.png\" alt class=\"lazyload img-responsive wp-image-3680\" srcset=\"data:image\/svg+xml,%3Csvg%20xmlns%3D%27http%3A%2F%2Fwww.w3.org%2F2000%2Fsvg%27%20width%3D%271200%27%20height%3D%271200%27%20viewBox%3D%270%200%201200%201200%27%3E%3Crect%20width%3D%271200%27%20height%3D%271200%27%20fill-opacity%3D%220%22%2F%3E%3C%2Fsvg%3E\" data-srcset=\"https:\/\/festival-factory.com\/wp-content\/uploads\/2025\/04\/Oeko_tex_-_umbrella_brand_-_11_2022.svg-200x200.png 200w, https:\/\/festival-factory.com\/wp-content\/uploads\/2025\/04\/Oeko_tex_-_umbrella_brand_-_11_2022.svg-400x400.png 400w, https:\/\/festival-factory.com\/wp-content\/uploads\/2025\/04\/Oeko_tex_-_umbrella_brand_-_11_2022.svg-600x600.png 600w, https:\/\/festival-factory.com\/wp-content\/uploads\/2025\/04\/Oeko_tex_-_umbrella_brand_-_11_2022.svg-800x800.png 800w, https:\/\/festival-factory.com\/wp-content\/uploads\/2025\/04\/Oeko_tex_-_umbrella_brand_-_11_2022.svg.png 1200w\" data-sizes=\"auto\" data-orig-sizes=\"(max-width: 850px) 100vw, 400px\" \/><\/a><\/span><\/div><\/div><\/div><div class=\"fusion-layout-column fusion_builder_column fusion-builder-column-2 fusion_builder_column_2_3 2_3 fusion-flex-column\" style=\"--awb-bg-size:cover;--awb-width-large:66.666666666667%;--awb-margin-top-large:0px;--awb-spacing-right-large:2.88%;--awb-margin-bottom-large:20px;--awb-spacing-left-large:2.88%;--awb-width-medium:66.666666666667%;--awb-order-medium:0;--awb-spacing-right-medium:2.88%;--awb-spacing-left-medium:2.88%;--awb-width-small:100%;--awb-order-small:0;--awb-spacing-right-small:1.92%;--awb-spacing-left-small:1.92%;\"><div class=\"fusion-column-wrapper fusion-column-has-shadow fusion-flex-justify-content-flex-start fusion-content-layout-column\"><div class=\"fusion-text fusion-text-2\"><p><b>Compromiso con la calidad y la seguridad gracias a la certificaci\u00f3n OEKO-TEX<\/b><\/p>\n<p>En Festival Factory, nos comprometemos a garantizar los m\u00e1s altos niveles de calidad y seguridad en todos los productos que fabricamos. Como parte de nuestra dedicaci\u00f3n a la fabricaci\u00f3n responsable, estamos orgullosos de contar con la certificaci\u00f3n OEKO-TEX\u00ae, una norma reconocida internacionalmente para productos textiles.<\/p>\n<p>OEKO-TEX\u00ae es un sistema de certificaci\u00f3n que garantiza que nuestros productos est\u00e1n libres de sustancias nocivas y son seguros para la salud humana. Esta certificaci\u00f3n garantiza que los materiales utilizados en nuestras prendas y productos se someten a rigurosas pruebas para detectar sustancias qu\u00edmicas nocivas, asegurando que cumplen estrictos criterios de seguridad y medioambientales. Ya se trate de tejidos, tintes o productos acabados, todos nuestros art\u00edculos con certificaci\u00f3n OEKO-TEX\u00ae se someten a pruebas para detectar sustancias nocivas, lo que da a nuestros clientes la tranquilidad de estar eligiendo productos fabricados cuidando tanto a las personas como al planeta.<\/p>\n<p>Al elegir productos certificados OEKO-TEX\u00ae de Festival Factory, puedes confiar en que est\u00e1s seleccionando productos sostenibles de alta calidad que dan prioridad tanto a la seguridad como al impacto medioambiental.<\/p>\n<\/div><\/div><\/div><\/div><\/div><div class=\"fusion-fullwidth fullwidth-box fusion-builder-row-3 fusion-flex-container has-pattern-background has-mask-background nonhundred-percent-fullwidth non-hundred-percent-height-scrolling\" style=\"--awb-border-radius-top-left:0px;--awb-border-radius-top-right:0px;--awb-border-radius-bottom-right:0px;--awb-border-radius-bottom-left:0px;--awb-flex-wrap:wrap;\" ><div class=\"fusion-builder-row fusion-row fusion-flex-align-items-flex-start fusion-flex-content-wrap\" style=\"max-width:1372.8px;margin-left: calc(-4% \/ 2 );margin-right: calc(-4% \/ 2 );\"><div class=\"fusion-layout-column fusion_builder_column fusion-builder-column-3 fusion_builder_column_1_3 1_3 fusion-flex-column\" style=\"--awb-bg-size:cover;--awb-width-large:33.333333333333%;--awb-margin-top-large:0px;--awb-spacing-right-large:5.76%;--awb-margin-bottom-large:20px;--awb-spacing-left-large:5.76%;--awb-width-medium:33.333333333333%;--awb-order-medium:0;--awb-spacing-right-medium:5.76%;--awb-spacing-left-medium:5.76%;--awb-width-small:100%;--awb-order-small:0;--awb-spacing-right-small:1.92%;--awb-spacing-left-small:1.92%;\"><div class=\"fusion-column-wrapper fusion-column-has-shadow fusion-flex-justify-content-flex-start fusion-content-layout-column\"><div class=\"fusion-image-element\" style=\"--awb-caption-title-font-family:var(--h2_typography-font-family);--awb-caption-title-font-weight:var(--h2_typography-font-weight);--awb-caption-title-font-style:var(--h2_typography-font-style);--awb-caption-title-size:var(--h2_typography-font-size);--awb-caption-title-transform:var(--h2_typography-text-transform);--awb-caption-title-line-height:var(--h2_typography-line-height);--awb-caption-title-letter-spacing:var(--h2_typography-letter-spacing);\"><span class=\"fusion-imageframe imageframe-none imageframe-2 hover-type-none\"><a class=\"fusion-no-lightbox\" href=\"https:\/\/www.sedex.com\/\" target=\"_blank\" aria-label=\"smeta-logo\" rel=\"noopener noreferrer\"><img decoding=\"async\" width=\"300\" height=\"158\" src=\"https:\/\/festival-factory.com\/wp-content\/uploads\/2025\/04\/smeta-logo.jpeg\" data-orig-src=\"https:\/\/festival-factory.com\/wp-content\/uploads\/2025\/04\/smeta-logo-300x158.jpeg\" alt class=\"lazyload img-responsive wp-image-3679\" srcset=\"data:image\/svg+xml,%3Csvg%20xmlns%3D%27http%3A%2F%2Fwww.w3.org%2F2000%2Fsvg%27%20width%3D%271200%27%20height%3D%27630%27%20viewBox%3D%270%200%201200%20630%27%3E%3Crect%20width%3D%271200%27%20height%3D%27630%27%20fill-opacity%3D%220%22%2F%3E%3C%2Fsvg%3E\" data-srcset=\"https:\/\/festival-factory.com\/wp-content\/uploads\/2025\/04\/smeta-logo-200x105.jpeg 200w, https:\/\/festival-factory.com\/wp-content\/uploads\/2025\/04\/smeta-logo-400x210.jpeg 400w, https:\/\/festival-factory.com\/wp-content\/uploads\/2025\/04\/smeta-logo-600x315.jpeg 600w, https:\/\/festival-factory.com\/wp-content\/uploads\/2025\/04\/smeta-logo-800x420.jpeg 800w, https:\/\/festival-factory.com\/wp-content\/uploads\/2025\/04\/smeta-logo.jpeg 1200w\" data-sizes=\"auto\" data-orig-sizes=\"(max-width: 850px) 100vw, 400px\" \/><\/a><\/span><\/div><\/div><\/div><div class=\"fusion-layout-column fusion_builder_column fusion-builder-column-4 fusion_builder_column_2_3 2_3 fusion-flex-column\" style=\"--awb-bg-size:cover;--awb-width-large:66.666666666667%;--awb-margin-top-large:0px;--awb-spacing-right-large:2.88%;--awb-margin-bottom-large:20px;--awb-spacing-left-large:2.88%;--awb-width-medium:66.666666666667%;--awb-order-medium:0;--awb-spacing-right-medium:2.88%;--awb-spacing-left-medium:2.88%;--awb-width-small:100%;--awb-order-small:0;--awb-spacing-right-small:1.92%;--awb-spacing-left-small:1.92%;\"><div class=\"fusion-column-wrapper fusion-column-has-shadow fusion-flex-justify-content-flex-start fusion-content-layout-column\"><div class=\"fusion-text fusion-text-3\"><p><b>Nuestro compromiso con las pr\u00e1cticas empresariales \u00e9ticas con la certificaci\u00f3n SMETA<\/b><\/p>\n<p>En Festival Factory, nos dedicamos a mantener los m\u00e1s altos est\u00e1ndares \u00e9ticos en todos los aspectos de nuestras operaciones. Como parte de nuestro compromiso con la responsabilidad social, estamos orgullosos de contar con la certificaci\u00f3n SMETA, que demuestra nuestra adhesi\u00f3n a las rigurosas normas \u00e9ticas establecidas por la Auditor\u00eda de Comercio \u00c9tico de los Miembros de Sedex (SMETA).<\/p>\n<p>SMETA es uno de los marcos de auditor\u00eda social m\u00e1s utilizados en el mundo. Se centra en cuatro \u00e1reas clave: normas laborales, salud y seguridad, impacto medioambiental y \u00e9tica empresarial. Mediante el proceso de auditor\u00eda SMETA, nos aseguramos de que nuestra f\u00e1brica funciona de manera justa, segura y sostenible, tratando a nuestros empleados con dignidad y respeto, al tiempo que minimizamos nuestro impacto medioambiental y garantizamos el cumplimiento de todos los requisitos legales.<\/p>\n<p>Nuestra certificaci\u00f3n SMETA refleja nuestros continuos esfuerzos por defender los principios del comercio justo, los derechos de los trabajadores y la responsabilidad medioambiental, garantizando que todos nuestros productos se fabrican de acuerdo con pr\u00e1cticas \u00e9ticas. Con SMETA, reforzamos nuestra dedicaci\u00f3n a la transparencia, la mejora continua y la entrega de productos que no s\u00f3lo son de la m\u00e1s alta calidad, sino tambi\u00e9n \u00e9ticamente producidos.<\/p>\n<\/div><\/div><\/div><\/div><\/div><\/p>","protected":false},"excerpt":{"rendered":"","protected":false},"author":1,"featured_media":0,"parent":0,"menu_order":0,"comment_status":"closed","ping_status":"closed","template":"100-width.php","meta":{"_acf_changed":false,"footnotes":""},"class_list":["post-3421","page","type-page","status-publish","hentry"],"acf":[],"yoast_head":"<!-- This site is optimized with the Yoast SEO plugin v27.4 - https:\/\/yoast.com\/product\/yoast-seo-wordpress\/ -->\n<title>Quality Control - Festival Factory Madagascar<\/title>\n<meta name=\"description\" content=\"Festival Factory ensures top-quality apparel through comprehensive in-line checks, child safety testing, metal detection, OEKO-TEX\u00ae and SMETA certifications.\" \/>\n<meta name=\"robots\" content=\"index, follow, max-snippet:-1, max-image-preview:large, max-video-preview:-1\" \/>\n<link rel=\"canonical\" href=\"https:\/\/festival-factory.com\/es\/quality-control\/\" \/>\n<meta property=\"og:locale\" content=\"es_ES\" \/>\n<meta property=\"og:type\" content=\"article\" \/>\n<meta property=\"og:title\" content=\"Quality Control - Festival Factory Madagascar\" \/>\n<meta property=\"og:description\" content=\"Festival Factory ensures top-quality apparel through comprehensive in-line checks, child safety testing, metal detection, OEKO-TEX\u00ae and SMETA certifications.\" \/>\n<meta property=\"og:url\" content=\"https:\/\/festival-factory.com\/es\/quality-control\/\" \/>\n<meta property=\"og:site_name\" content=\"Festival Factory Madagascar\" \/>\n<meta property=\"article:modified_time\" content=\"2025-06-24T09:23:40+00:00\" \/>\n<meta name=\"twitter:card\" content=\"summary_large_image\" \/>\n<meta name=\"twitter:label1\" content=\"Tiempo de lectura\" \/>\n\t<meta name=\"twitter:data1\" content=\"3 minutos\" \/>\n<script type=\"application\/ld+json\" class=\"yoast-schema-graph\">{\"@context\":\"https:\\\/\\\/schema.org\",\"@graph\":[{\"@type\":\"WebPage\",\"@id\":\"https:\\\/\\\/festival-factory.com\\\/quality-control\\\/\",\"url\":\"https:\\\/\\\/festival-factory.com\\\/quality-control\\\/\",\"name\":\"Quality Control - Festival Factory Madagascar\",\"isPartOf\":{\"@id\":\"https:\\\/\\\/festival-factory.com\\\/#website\"},\"datePublished\":\"2025-02-12T15:10:27+00:00\",\"dateModified\":\"2025-06-24T09:23:40+00:00\",\"description\":\"Festival Factory ensures top-quality apparel through comprehensive in-line checks, child safety testing, metal detection, OEKO-TEX\u00ae and SMETA certifications.\",\"breadcrumb\":{\"@id\":\"https:\\\/\\\/festival-factory.com\\\/quality-control\\\/#breadcrumb\"},\"inLanguage\":\"es\",\"potentialAction\":[{\"@type\":\"ReadAction\",\"target\":[\"https:\\\/\\\/festival-factory.com\\\/quality-control\\\/\"]}]},{\"@type\":\"BreadcrumbList\",\"@id\":\"https:\\\/\\\/festival-factory.com\\\/quality-control\\\/#breadcrumb\",\"itemListElement\":[{\"@type\":\"ListItem\",\"position\":1,\"name\":\"Home\",\"item\":\"https:\\\/\\\/festival-factory.com\\\/\"},{\"@type\":\"ListItem\",\"position\":2,\"name\":\"Quality Control\"}]},{\"@type\":\"WebSite\",\"@id\":\"https:\\\/\\\/festival-factory.com\\\/#website\",\"url\":\"https:\\\/\\\/festival-factory.com\\\/\",\"name\":\"Festival Factory Madagascar\",\"description\":\"Manufacturing apparel &amp; Costumes with decades of experience\",\"publisher\":{\"@id\":\"https:\\\/\\\/festival-factory.com\\\/#organization\"},\"potentialAction\":[{\"@type\":\"SearchAction\",\"target\":{\"@type\":\"EntryPoint\",\"urlTemplate\":\"https:\\\/\\\/festival-factory.com\\\/?s={search_term_string}\"},\"query-input\":{\"@type\":\"PropertyValueSpecification\",\"valueRequired\":true,\"valueName\":\"search_term_string\"}}],\"inLanguage\":\"es\"},{\"@type\":\"Organization\",\"@id\":\"https:\\\/\\\/festival-factory.com\\\/#organization\",\"name\":\"Festival Factory Madagascar\",\"url\":\"https:\\\/\\\/festival-factory.com\\\/\",\"logo\":{\"@type\":\"ImageObject\",\"inLanguage\":\"es\",\"@id\":\"https:\\\/\\\/festival-factory.com\\\/#\\\/schema\\\/logo\\\/image\\\/\",\"url\":\"https:\\\/\\\/festival-factory.com\\\/wp-content\\\/uploads\\\/2025\\\/02\\\/Festival-Logo.png\",\"contentUrl\":\"https:\\\/\\\/festival-factory.com\\\/wp-content\\\/uploads\\\/2025\\\/02\\\/Festival-Logo.png\",\"width\":2000,\"height\":519,\"caption\":\"Festival Factory Madagascar\"},\"image\":{\"@id\":\"https:\\\/\\\/festival-factory.com\\\/#\\\/schema\\\/logo\\\/image\\\/\"}}]}<\/script>\n<!-- \/ Yoast SEO plugin. -->","yoast_head_json":{"title":"Control de calidad - Festival Factory Madagascar","description":"Festival Factory garantiza la m\u00e1xima calidad de las prendas mediante exhaustivos controles en l\u00ednea, pruebas de seguridad infantil, detecci\u00f3n de metales y certificaciones OEKO-TEX\u00ae y SMETA.","robots":{"index":"index","follow":"follow","max-snippet":"max-snippet:-1","max-image-preview":"max-image-preview:large","max-video-preview":"max-video-preview:-1"},"canonical":"https:\/\/festival-factory.com\/es\/quality-control\/","og_locale":"es_ES","og_type":"article","og_title":"Quality Control - Festival Factory Madagascar","og_description":"Festival Factory ensures top-quality apparel through comprehensive in-line checks, child safety testing, metal detection, OEKO-TEX\u00ae and SMETA certifications.","og_url":"https:\/\/festival-factory.com\/es\/quality-control\/","og_site_name":"Festival Factory Madagascar","article_modified_time":"2025-06-24T09:23:40+00:00","twitter_card":"summary_large_image","twitter_misc":{"Tiempo de lectura":"3 minutos"},"schema":{"@context":"https:\/\/schema.org","@graph":[{"@type":"WebPage","@id":"https:\/\/festival-factory.com\/quality-control\/","url":"https:\/\/festival-factory.com\/quality-control\/","name":"Control de calidad - Festival Factory Madagascar","isPartOf":{"@id":"https:\/\/festival-factory.com\/#website"},"datePublished":"2025-02-12T15:10:27+00:00","dateModified":"2025-06-24T09:23:40+00:00","description":"Festival Factory garantiza la m\u00e1xima calidad de las prendas mediante exhaustivos controles en l\u00ednea, pruebas de seguridad infantil, detecci\u00f3n de metales y certificaciones OEKO-TEX\u00ae y SMETA.","breadcrumb":{"@id":"https:\/\/festival-factory.com\/quality-control\/#breadcrumb"},"inLanguage":"es","potentialAction":[{"@type":"ReadAction","target":["https:\/\/festival-factory.com\/quality-control\/"]}]},{"@type":"BreadcrumbList","@id":"https:\/\/festival-factory.com\/quality-control\/#breadcrumb","itemListElement":[{"@type":"ListItem","position":1,"name":"Home","item":"https:\/\/festival-factory.com\/"},{"@type":"ListItem","position":2,"name":"Quality Control"}]},{"@type":"WebSite","@id":"https:\/\/festival-factory.com\/#website","url":"https:\/\/festival-factory.com\/","name":"Festival Factory Madagascar","description":"Fabricaci\u00f3n de prendas de vestir y disfraces con d\u00e9cadas de experiencia","publisher":{"@id":"https:\/\/festival-factory.com\/#organization"},"potentialAction":[{"@type":"SearchAction","target":{"@type":"EntryPoint","urlTemplate":"https:\/\/festival-factory.com\/?s={search_term_string}"},"query-input":{"@type":"PropertyValueSpecification","valueRequired":true,"valueName":"search_term_string"}}],"inLanguage":"es"},{"@type":"Organization","@id":"https:\/\/festival-factory.com\/#organization","name":"Festival Factory Madagascar","url":"https:\/\/festival-factory.com\/","logo":{"@type":"ImageObject","inLanguage":"es","@id":"https:\/\/festival-factory.com\/#\/schema\/logo\/image\/","url":"https:\/\/festival-factory.com\/wp-content\/uploads\/2025\/02\/Festival-Logo.png","contentUrl":"https:\/\/festival-factory.com\/wp-content\/uploads\/2025\/02\/Festival-Logo.png","width":2000,"height":519,"caption":"Festival Factory Madagascar"},"image":{"@id":"https:\/\/festival-factory.com\/#\/schema\/logo\/image\/"}}]}},"_links":{"self":[{"href":"https:\/\/festival-factory.com\/es\/wp-json\/wp\/v2\/pages\/3421","targetHints":{"allow":["GET"]}}],"collection":[{"href":"https:\/\/festival-factory.com\/es\/wp-json\/wp\/v2\/pages"}],"about":[{"href":"https:\/\/festival-factory.com\/es\/wp-json\/wp\/v2\/types\/page"}],"author":[{"embeddable":true,"href":"https:\/\/festival-factory.com\/es\/wp-json\/wp\/v2\/users\/1"}],"replies":[{"embeddable":true,"href":"https:\/\/festival-factory.com\/es\/wp-json\/wp\/v2\/comments?post=3421"}],"version-history":[{"count":12,"href":"https:\/\/festival-factory.com\/es\/wp-json\/wp\/v2\/pages\/3421\/revisions"}],"predecessor-version":[{"id":3821,"href":"https:\/\/festival-factory.com\/es\/wp-json\/wp\/v2\/pages\/3421\/revisions\/3821"}],"wp:attachment":[{"href":"https:\/\/festival-factory.com\/es\/wp-json\/wp\/v2\/media?parent=3421"}],"curies":[{"name":"wp","href":"https:\/\/api.w.org\/{rel}","templated":true}]}}