{"id":3606,"date":"2025-04-01T15:10:06","date_gmt":"2025-04-01T15:10:06","guid":{"rendered":"https:\/\/festival-factory.com\/?page_id=3606"},"modified":"2025-06-24T09:10:21","modified_gmt":"2025-06-24T09:10:21","slug":"employee-welfare","status":"publish","type":"page","link":"https:\/\/festival-factory.com\/es\/employee-welfare\/","title":{"rendered":"Bienestar de los trabajadores"},"content":{"rendered":"<div class=\"fusion-fullwidth fullwidth-box fusion-builder-row-1 fusion-flex-container has-pattern-background has-mask-background nonhundred-percent-fullwidth non-hundred-percent-height-scrolling\" style=\"--awb-border-radius-top-left:0px;--awb-border-radius-top-right:0px;--awb-border-radius-bottom-right:0px;--awb-border-radius-bottom-left:0px;--awb-flex-wrap:wrap;\" ><div class=\"fusion-builder-row fusion-row fusion-flex-align-items-flex-start fusion-flex-content-wrap\" style=\"max-width:1372.8px;margin-left: calc(-4% \/ 2 );margin-right: calc(-4% \/ 2 );\"><div class=\"fusion-layout-column fusion_builder_column fusion-builder-column-0 fusion_builder_column_1_1 1_1 fusion-flex-column\" style=\"--awb-bg-size:cover;--awb-width-large:100%;--awb-margin-top-large:0px;--awb-spacing-right-large:1.92%;--awb-margin-bottom-large:20px;--awb-spacing-left-large:1.92%;--awb-width-medium:100%;--awb-order-medium:0;--awb-spacing-right-medium:1.92%;--awb-spacing-left-medium:1.92%;--awb-width-small:100%;--awb-order-small:0;--awb-spacing-right-small:1.92%;--awb-spacing-left-small:1.92%;\"><div class=\"fusion-column-wrapper fusion-column-has-shadow fusion-flex-justify-content-flex-start fusion-content-layout-column\"><div class=\"fusion-text fusion-text-1\"><h3 class=\"\" data-start=\"233\" data-end=\"298\"><strong data-start=\"237\" data-end=\"298\">Actividades de creaci\u00f3n de equipos para fomentar una mayor colaboraci\u00f3n<\/strong><\/h3>\n<p class=\"\" data-start=\"299\" data-end=\"853\">En Festival Factory, damos prioridad a la creaci\u00f3n de una plantilla fuerte y cohesionada. Para lograrlo, organizamos anualmente <strong data-start=\"412\" data-end=\"451\">eventos y actividades para fomentar el esp\u00edritu de equipo<\/strong> que fomentan la colaboraci\u00f3n y promueven un entorno de trabajo positivo. Estos eventos est\u00e1n dise\u00f1ados no s\u00f3lo para fortalecer las relaciones entre los empleados, sino tambi\u00e9n para mejorar el esp\u00edritu de equipo, la productividad y la moral en general. Creemos que un equipo unido es la base del \u00e9xito de una organizaci\u00f3n, y nuestros <strong data-start=\"754\" data-end=\"789\">iniciativas de compromiso de los empleados<\/strong> garantizar que nuestro personal siga motivado, centrado e inspirado.<\/p>\n<h3 class=\"\" data-start=\"956\" data-end=\"1004\"><strong data-start=\"960\" data-end=\"1004\">Programa de reconocimiento al Empleado del A\u00f1o<\/strong><\/h3>\n<p class=\"\" data-start=\"1005\" data-end=\"1598\">Nuestro compromiso con la excelencia se refleja en el reconocimiento y las recompensas que ofrecemos a nuestros dedicados empleados. Cada a\u00f1o, honramos a personas excepcionales y <strong data-start=\"1163\" data-end=\"1183\">l\u00edneas de producci\u00f3n<\/strong> a trav\u00e9s de nuestro <strong data-start=\"1196\" data-end=\"1220\">Empleado del a\u00f1o<\/strong> premios. Este programa reconoce el rendimiento sobresaliente, la alta asistencia y la producci\u00f3n de <strong data-start=\"1317\" data-end=\"1342\">productos de calidad<\/strong>. Al recompensar la dedicaci\u00f3n y el compromiso, motivamos a nuestros empleados para que mantengan el m\u00e1ximo nivel, trabajen con eficacia y contribuyan al \u00e9xito de nuestra empresa. Este reconocimiento tambi\u00e9n refuerza nuestra convicci\u00f3n de fomentar una cultura de logros y excelencia.<\/p>\n<h3 class=\"\" data-start=\"1730\" data-end=\"1784\"><strong data-start=\"1734\" data-end=\"1784\">Salud y bienestar in situ con cl\u00ednica interna<\/strong><\/h3>\n<p class=\"\" data-start=\"1785\" data-end=\"2364\">La salud y el bienestar de nuestros empleados son fundamentales para nuestras operaciones en Festival Factory. Para apoyar a nuestra plantilla, ofrecemos un <strong data-start=\"1917\" data-end=\"1936\">cl\u00ednica interna<\/strong>, atendido diariamente por profesionales sanitarios cualificados. Esta instalaci\u00f3n est\u00e1 a disposici\u00f3n de todos los empleados, garantizando que tengan acceso a servicios sanitarios esenciales cuando los necesiten. La cl\u00ednica desempe\u00f1a un papel crucial en el mantenimiento de una plantilla sana, atendiendo los problemas m\u00e9dicos con prontitud y contribuyendo a la satisfacci\u00f3n y productividad general de los empleados. En Festival Factory, creemos que un empleado sano es un empleado feliz y productivo.<\/p>\n<h3 class=\"\" data-start=\"2470\" data-end=\"2526\"><strong data-start=\"2474\" data-end=\"2526\">Comedor diario nutritivo para el bienestar de los empleados<\/strong><\/h3>\n<p class=\"\" data-start=\"2527\" data-end=\"3073\">En Festival Factory creemos que un empleado bien alimentado es un empleado productivo. Para apoyar el bienestar de nuestro equipo, ofrecemos una <strong data-start=\"2652\" data-end=\"2667\">almuerzo diario<\/strong> a todos los empleados a trav\u00e9s de nuestro comedor. Nos comprometemos a mantener un alto nivel de calidad de los alimentos, y las instalaciones de nuestro comedor se someten a pruebas peri\u00f3dicas para garantizar que los alimentos y el agua cumplen las normas m\u00e1s estrictas de higiene y nutrici\u00f3n. Ofrecer comidas nutritivas no s\u00f3lo contribuye a una plantilla m\u00e1s sana, sino que tambi\u00e9n garantiza que nuestros empleados mantengan la energ\u00eda y la concentraci\u00f3n durante toda la jornada laboral.<\/p>\n<\/div><\/div><\/div><\/div><\/div>","protected":false},"excerpt":{"rendered":"","protected":false},"author":2,"featured_media":0,"parent":0,"menu_order":0,"comment_status":"closed","ping_status":"closed","template":"100-width.php","meta":{"_acf_changed":false,"footnotes":""},"class_list":["post-3606","page","type-page","status-publish","hentry"],"acf":[],"yoast_head":"<!-- This site is optimized with the Yoast SEO plugin v27.4 - https:\/\/yoast.com\/product\/yoast-seo-wordpress\/ -->\n<title>Employee Welfare - Festival Factory Madagascar<\/title>\n<meta name=\"description\" content=\"Discover Festival Factory\u2019s employee-first approach: mental health support, fair benefits, safe workplaces, regular wellness programs and staff growth initiatives.\" \/>\n<meta name=\"robots\" content=\"index, follow, max-snippet:-1, max-image-preview:large, max-video-preview:-1\" \/>\n<link rel=\"canonical\" href=\"https:\/\/festival-factory.com\/es\/employee-welfare\/\" \/>\n<meta property=\"og:locale\" content=\"es_ES\" \/>\n<meta property=\"og:type\" content=\"article\" \/>\n<meta property=\"og:title\" content=\"Employee Welfare - Festival Factory Madagascar\" \/>\n<meta property=\"og:description\" content=\"Discover Festival Factory\u2019s employee-first approach: mental health support, fair benefits, safe workplaces, regular wellness programs and staff growth initiatives.\" \/>\n<meta property=\"og:url\" content=\"https:\/\/festival-factory.com\/es\/employee-welfare\/\" \/>\n<meta property=\"og:site_name\" content=\"Festival Factory Madagascar\" \/>\n<meta property=\"article:modified_time\" content=\"2025-06-24T09:10:21+00:00\" \/>\n<meta name=\"twitter:card\" content=\"summary_large_image\" \/>\n<meta name=\"twitter:label1\" content=\"Tiempo de lectura\" \/>\n\t<meta name=\"twitter:data1\" content=\"2 minutos\" \/>\n<script type=\"application\/ld+json\" class=\"yoast-schema-graph\">{\"@context\":\"https:\\\/\\\/schema.org\",\"@graph\":[{\"@type\":\"WebPage\",\"@id\":\"https:\\\/\\\/festival-factory.com\\\/employee-welfare\\\/\",\"url\":\"https:\\\/\\\/festival-factory.com\\\/employee-welfare\\\/\",\"name\":\"Employee Welfare - Festival Factory Madagascar\",\"isPartOf\":{\"@id\":\"https:\\\/\\\/festival-factory.com\\\/#website\"},\"datePublished\":\"2025-04-01T15:10:06+00:00\",\"dateModified\":\"2025-06-24T09:10:21+00:00\",\"description\":\"Discover Festival Factory\u2019s employee-first approach: mental health support, fair benefits, safe workplaces, regular wellness programs and staff growth initiatives.\",\"breadcrumb\":{\"@id\":\"https:\\\/\\\/festival-factory.com\\\/employee-welfare\\\/#breadcrumb\"},\"inLanguage\":\"es\",\"potentialAction\":[{\"@type\":\"ReadAction\",\"target\":[\"https:\\\/\\\/festival-factory.com\\\/employee-welfare\\\/\"]}]},{\"@type\":\"BreadcrumbList\",\"@id\":\"https:\\\/\\\/festival-factory.com\\\/employee-welfare\\\/#breadcrumb\",\"itemListElement\":[{\"@type\":\"ListItem\",\"position\":1,\"name\":\"Home\",\"item\":\"https:\\\/\\\/festival-factory.com\\\/\"},{\"@type\":\"ListItem\",\"position\":2,\"name\":\"Employee Welfare\"}]},{\"@type\":\"WebSite\",\"@id\":\"https:\\\/\\\/festival-factory.com\\\/#website\",\"url\":\"https:\\\/\\\/festival-factory.com\\\/\",\"name\":\"Festival Factory Madagascar\",\"description\":\"Manufacturing apparel &amp; Costumes with decades of experience\",\"publisher\":{\"@id\":\"https:\\\/\\\/festival-factory.com\\\/#organization\"},\"potentialAction\":[{\"@type\":\"SearchAction\",\"target\":{\"@type\":\"EntryPoint\",\"urlTemplate\":\"https:\\\/\\\/festival-factory.com\\\/?s={search_term_string}\"},\"query-input\":{\"@type\":\"PropertyValueSpecification\",\"valueRequired\":true,\"valueName\":\"search_term_string\"}}],\"inLanguage\":\"es\"},{\"@type\":\"Organization\",\"@id\":\"https:\\\/\\\/festival-factory.com\\\/#organization\",\"name\":\"Festival Factory Madagascar\",\"url\":\"https:\\\/\\\/festival-factory.com\\\/\",\"logo\":{\"@type\":\"ImageObject\",\"inLanguage\":\"es\",\"@id\":\"https:\\\/\\\/festival-factory.com\\\/#\\\/schema\\\/logo\\\/image\\\/\",\"url\":\"https:\\\/\\\/festival-factory.com\\\/wp-content\\\/uploads\\\/2025\\\/02\\\/Festival-Logo.png\",\"contentUrl\":\"https:\\\/\\\/festival-factory.com\\\/wp-content\\\/uploads\\\/2025\\\/02\\\/Festival-Logo.png\",\"width\":2000,\"height\":519,\"caption\":\"Festival Factory Madagascar\"},\"image\":{\"@id\":\"https:\\\/\\\/festival-factory.com\\\/#\\\/schema\\\/logo\\\/image\\\/\"}}]}<\/script>\n<!-- \/ Yoast SEO plugin. -->","yoast_head_json":{"title":"Bienestar de los empleados - Festival Factory Madagascar","description":"Descubra el enfoque de Festival Factory de dar prioridad a los empleados: apoyo a la salud mental, prestaciones justas, lugares de trabajo seguros, programas regulares de bienestar e iniciativas de crecimiento del personal.","robots":{"index":"index","follow":"follow","max-snippet":"max-snippet:-1","max-image-preview":"max-image-preview:large","max-video-preview":"max-video-preview:-1"},"canonical":"https:\/\/festival-factory.com\/es\/employee-welfare\/","og_locale":"es_ES","og_type":"article","og_title":"Employee Welfare - Festival Factory Madagascar","og_description":"Discover Festival Factory\u2019s employee-first approach: mental health support, fair benefits, safe workplaces, regular wellness programs and staff growth initiatives.","og_url":"https:\/\/festival-factory.com\/es\/employee-welfare\/","og_site_name":"Festival Factory Madagascar","article_modified_time":"2025-06-24T09:10:21+00:00","twitter_card":"summary_large_image","twitter_misc":{"Tiempo de lectura":"2 minutos"},"schema":{"@context":"https:\/\/schema.org","@graph":[{"@type":"WebPage","@id":"https:\/\/festival-factory.com\/employee-welfare\/","url":"https:\/\/festival-factory.com\/employee-welfare\/","name":"Bienestar de los empleados - Festival Factory Madagascar","isPartOf":{"@id":"https:\/\/festival-factory.com\/#website"},"datePublished":"2025-04-01T15:10:06+00:00","dateModified":"2025-06-24T09:10:21+00:00","description":"Descubra el enfoque de Festival Factory de dar prioridad a los empleados: apoyo a la salud mental, prestaciones justas, lugares de trabajo seguros, programas regulares de bienestar e iniciativas de crecimiento del personal.","breadcrumb":{"@id":"https:\/\/festival-factory.com\/employee-welfare\/#breadcrumb"},"inLanguage":"es","potentialAction":[{"@type":"ReadAction","target":["https:\/\/festival-factory.com\/employee-welfare\/"]}]},{"@type":"BreadcrumbList","@id":"https:\/\/festival-factory.com\/employee-welfare\/#breadcrumb","itemListElement":[{"@type":"ListItem","position":1,"name":"Home","item":"https:\/\/festival-factory.com\/"},{"@type":"ListItem","position":2,"name":"Employee Welfare"}]},{"@type":"WebSite","@id":"https:\/\/festival-factory.com\/#website","url":"https:\/\/festival-factory.com\/","name":"Festival Factory Madagascar","description":"Fabricaci\u00f3n de prendas de vestir y disfraces con d\u00e9cadas de experiencia","publisher":{"@id":"https:\/\/festival-factory.com\/#organization"},"potentialAction":[{"@type":"SearchAction","target":{"@type":"EntryPoint","urlTemplate":"https:\/\/festival-factory.com\/?s={search_term_string}"},"query-input":{"@type":"PropertyValueSpecification","valueRequired":true,"valueName":"search_term_string"}}],"inLanguage":"es"},{"@type":"Organization","@id":"https:\/\/festival-factory.com\/#organization","name":"Festival Factory Madagascar","url":"https:\/\/festival-factory.com\/","logo":{"@type":"ImageObject","inLanguage":"es","@id":"https:\/\/festival-factory.com\/#\/schema\/logo\/image\/","url":"https:\/\/festival-factory.com\/wp-content\/uploads\/2025\/02\/Festival-Logo.png","contentUrl":"https:\/\/festival-factory.com\/wp-content\/uploads\/2025\/02\/Festival-Logo.png","width":2000,"height":519,"caption":"Festival Factory Madagascar"},"image":{"@id":"https:\/\/festival-factory.com\/#\/schema\/logo\/image\/"}}]}},"_links":{"self":[{"href":"https:\/\/festival-factory.com\/es\/wp-json\/wp\/v2\/pages\/3606","targetHints":{"allow":["GET"]}}],"collection":[{"href":"https:\/\/festival-factory.com\/es\/wp-json\/wp\/v2\/pages"}],"about":[{"href":"https:\/\/festival-factory.com\/es\/wp-json\/wp\/v2\/types\/page"}],"author":[{"embeddable":true,"href":"https:\/\/festival-factory.com\/es\/wp-json\/wp\/v2\/users\/2"}],"replies":[{"embeddable":true,"href":"https:\/\/festival-factory.com\/es\/wp-json\/wp\/v2\/comments?post=3606"}],"version-history":[{"count":5,"href":"https:\/\/festival-factory.com\/es\/wp-json\/wp\/v2\/pages\/3606\/revisions"}],"predecessor-version":[{"id":3817,"href":"https:\/\/festival-factory.com\/es\/wp-json\/wp\/v2\/pages\/3606\/revisions\/3817"}],"wp:attachment":[{"href":"https:\/\/festival-factory.com\/es\/wp-json\/wp\/v2\/media?parent=3606"}],"curies":[{"name":"wp","href":"https:\/\/api.w.org\/{rel}","templated":true}]}}