{"id":3608,"date":"2025-04-01T15:10:46","date_gmt":"2025-04-01T15:10:46","guid":{"rendered":"https:\/\/festival-factory.com\/?page_id=3608"},"modified":"2025-06-24T09:04:35","modified_gmt":"2025-06-24T09:04:35","slug":"community-projects","status":"publish","type":"page","link":"https:\/\/festival-factory.com\/es\/community-projects\/","title":{"rendered":"Proyectos comunitarios"},"content":{"rendered":"<div class=\"fusion-fullwidth fullwidth-box fusion-builder-row-1 fusion-flex-container has-pattern-background has-mask-background nonhundred-percent-fullwidth non-hundred-percent-height-scrolling\" style=\"--awb-border-radius-top-left:0px;--awb-border-radius-top-right:0px;--awb-border-radius-bottom-right:0px;--awb-border-radius-bottom-left:0px;--awb-flex-wrap:wrap;\" ><div class=\"fusion-builder-row fusion-row fusion-flex-align-items-flex-start fusion-flex-content-wrap\" style=\"max-width:1372.8px;margin-left: calc(-4% \/ 2 );margin-right: calc(-4% \/ 2 );\"><div class=\"fusion-layout-column fusion_builder_column fusion-builder-column-0 fusion_builder_column_1_1 1_1 fusion-flex-column\" style=\"--awb-bg-size:cover;--awb-width-large:100%;--awb-margin-top-large:0px;--awb-spacing-right-large:1.92%;--awb-margin-bottom-large:20px;--awb-spacing-left-large:1.92%;--awb-width-medium:100%;--awb-order-medium:0;--awb-spacing-right-medium:1.92%;--awb-spacing-left-medium:1.92%;--awb-width-small:100%;--awb-order-small:0;--awb-spacing-right-small:1.92%;--awb-spacing-left-small:1.92%;\"><div class=\"fusion-column-wrapper fusion-column-has-shadow fusion-flex-justify-content-flex-start fusion-content-layout-column\"><div class=\"fusion-text fusion-text-1\"><h3 class=\"\" data-start=\"77\" data-end=\"137\"><strong data-start=\"81\" data-end=\"137\">Iniciativas de reforestaci\u00f3n para proteger el medio ambiente<\/strong><\/h3>\n<p class=\"\" data-start=\"138\" data-end=\"779\">En Festival Factory, estamos orgullosos de nuestro compromiso permanente con <strong data-start=\"202\" data-end=\"234\">sostenibilidad medioambiental<\/strong>. Una de nuestras iniciativas clave es nuestro <strong data-start=\"270\" data-end=\"304\">programa anual de plantaci\u00f3n de \u00e1rboles<\/strong> en colaboraci\u00f3n con la <strong data-start=\"331\" data-end=\"362\">Ministerio de Medio Ambiente<\/strong>. Cada a\u00f1o, hacemos que nuestros empleados planten y vigilen \u00e1rboles, contribuyendo as\u00ed a la restauraci\u00f3n de h\u00e1bitats naturales y ayudando a combatir la deforestaci\u00f3n. Por t\u00e9rmino medio, <strong data-start=\"531\" data-end=\"558\">Se plantan 1.500 \u00e1rboles<\/strong> anualmente, con una notable <strong data-start=\"587\" data-end=\"608\">Tasa de supervivencia de 86%<\/strong> por los \u00e1rboles plantados en 2024. Esta iniciativa es solo una de las formas en que promovemos activamente una <strong data-start=\"702\" data-end=\"720\">un futuro m\u00e1s verde<\/strong> al tiempo que implicamos a nuestro equipo en acciones medioambientales pr\u00e1cticas.<\/p>\n<h3 class=\"\" data-start=\"921\" data-end=\"972\"><strong data-start=\"925\" data-end=\"972\">Programa de reciclaje para reducir los residuos de las f\u00e1bricas<\/strong><\/h3>\n<p class=\"\" data-start=\"973\" data-end=\"1590\">Como parte de nuestro compromiso con la sostenibilidad, <strong data-start=\"1018\" data-end=\"1038\">F\u00e1brica de festivales<\/strong> ha puesto en marcha un <strong data-start=\"1071\" data-end=\"1094\">programa de reciclaje<\/strong> destinadas a reducir nuestro impacto medioambiental. Garantizamos que todos los residuos de la f\u00e1brica se clasifican y reciclan adecuadamente mediante asociaciones con m\u00faltiples empresas. <strong data-start=\"1239\" data-end=\"1281\">socios de reciclado autorizados por el gobierno<\/strong>. Esta iniciativa nos ayuda a minimizar los residuos, conservar los recursos y contribuir a un desarrollo sostenible. <strong data-start=\"1364\" data-end=\"1384\">econom\u00eda circular<\/strong>La fabricaci\u00f3n de nuestros productos es una de nuestras principales prioridades, asegur\u00e1ndonos de que nuestros procesos de producci\u00f3n sean lo m\u00e1s ecol\u00f3gicos posible. Nuestros esfuerzos de reciclaje son una parte vital de nuestra misi\u00f3n m\u00e1s amplia de crear un proceso de fabricaci\u00f3n m\u00e1s sostenible y responsable.<\/p>\n<h3 class=\"\" data-start=\"1721\" data-end=\"1781\"><strong data-start=\"1725\" data-end=\"1781\">Participaci\u00f3n de los empleados en pruebas locales de Trail Running<\/strong><\/h3>\n<p class=\"\" data-start=\"1782\" data-end=\"2314\">Festival Factory se enorgullece de fomentar un estilo de vida activo y saludable entre nuestros empleados. Cada a\u00f1o, un equipo de nuestros dedicados empleados participa en la <strong data-start=\"1945\" data-end=\"1962\">Trail Running<\/strong> de la carrera, demostrando su compromiso con la forma f\u00edsica y el trabajo en equipo. En 2024, seis de nuestros empleados participaron en la carrera, terminando en el <strong data-start=\"2092\" data-end=\"2126\">65 primeros de 240 participantes<\/strong>-un verdadero testimonio de su perseverancia y dedicaci\u00f3n. Este evento anual no s\u00f3lo promueve el bienestar f\u00edsico, sino que tambi\u00e9n refuerza el sentido de comunidad y camarader\u00eda entre nuestro personal.<\/p>\n<h3 class=\"\" data-start=\"2442\" data-end=\"2498\"><strong data-start=\"2446\" data-end=\"2498\">Establecer s\u00f3lidas asociaciones comunitarias con las ONG<\/strong><\/h3>\n<p class=\"\" data-start=\"2499\" data-end=\"3097\">En Festival Factory, creemos que hay que devolver algo a la comunidad que nos apoya. Estamos orgullosos de colaborar con <strong data-start=\"2616\" data-end=\"2657\">organizaciones no gubernamentales (ONG)<\/strong> para influir positivamente en la regi\u00f3n. Nuestras colaboraciones incluyen el trabajo con <strong data-start=\"2739\" data-end=\"2763\">orfanatos, centros de acogida<\/strong>y el <strong data-start=\"2773\" data-end=\"2804\">Asociaci\u00f3n de Personas Mayores<\/strong>donde donamos regularmente art\u00edculos de primera necesidad como <strong data-start=\"2853\" data-end=\"2901\">prendas de vestir, uniformes, arroz, mantas y juguetes<\/strong>. Estas asociaciones nos permiten contribuir al bienestar de los necesitados, fortaleciendo el tejido social de la comunidad y reforzando nuestros valores de compasi\u00f3n y responsabilidad social.<\/p>\n<\/div><\/div><\/div><\/div><\/div>","protected":false},"excerpt":{"rendered":"","protected":false},"author":2,"featured_media":0,"parent":0,"menu_order":0,"comment_status":"closed","ping_status":"closed","template":"100-width.php","meta":{"_acf_changed":false,"footnotes":""},"class_list":["post-3608","page","type-page","status-publish","hentry"],"acf":[],"yoast_head":"<!-- This site is optimized with the Yoast SEO plugin v27.4 - https:\/\/yoast.com\/product\/yoast-seo-wordpress\/ -->\n<title>Community Projects - Festival Factory Madagascar<\/title>\n<meta name=\"description\" content=\"Discover how Festival Factory supports communities through social impact initiatives, employee empowerment, and creative local partnerships\" \/>\n<meta name=\"robots\" content=\"index, follow, max-snippet:-1, max-image-preview:large, max-video-preview:-1\" \/>\n<link rel=\"canonical\" href=\"https:\/\/festival-factory.com\/es\/community-projects\/\" \/>\n<meta property=\"og:locale\" content=\"es_ES\" \/>\n<meta property=\"og:type\" content=\"article\" \/>\n<meta property=\"og:title\" content=\"Community Projects - Festival Factory Madagascar\" \/>\n<meta property=\"og:description\" content=\"Discover how Festival Factory supports communities through social impact initiatives, employee empowerment, and creative local partnerships\" \/>\n<meta property=\"og:url\" content=\"https:\/\/festival-factory.com\/es\/community-projects\/\" \/>\n<meta property=\"og:site_name\" content=\"Festival Factory Madagascar\" \/>\n<meta property=\"article:modified_time\" content=\"2025-06-24T09:04:35+00:00\" \/>\n<meta name=\"twitter:card\" content=\"summary_large_image\" \/>\n<meta name=\"twitter:label1\" content=\"Tiempo de lectura\" \/>\n\t<meta name=\"twitter:data1\" content=\"2 minutos\" \/>\n<script type=\"application\/ld+json\" class=\"yoast-schema-graph\">{\"@context\":\"https:\\\/\\\/schema.org\",\"@graph\":[{\"@type\":\"WebPage\",\"@id\":\"https:\\\/\\\/festival-factory.com\\\/community-projects\\\/\",\"url\":\"https:\\\/\\\/festival-factory.com\\\/community-projects\\\/\",\"name\":\"Community Projects - Festival Factory Madagascar\",\"isPartOf\":{\"@id\":\"https:\\\/\\\/festival-factory.com\\\/#website\"},\"datePublished\":\"2025-04-01T15:10:46+00:00\",\"dateModified\":\"2025-06-24T09:04:35+00:00\",\"description\":\"Discover how Festival Factory supports communities through social impact initiatives, employee empowerment, and creative local partnerships\",\"breadcrumb\":{\"@id\":\"https:\\\/\\\/festival-factory.com\\\/community-projects\\\/#breadcrumb\"},\"inLanguage\":\"es\",\"potentialAction\":[{\"@type\":\"ReadAction\",\"target\":[\"https:\\\/\\\/festival-factory.com\\\/community-projects\\\/\"]}]},{\"@type\":\"BreadcrumbList\",\"@id\":\"https:\\\/\\\/festival-factory.com\\\/community-projects\\\/#breadcrumb\",\"itemListElement\":[{\"@type\":\"ListItem\",\"position\":1,\"name\":\"Home\",\"item\":\"https:\\\/\\\/festival-factory.com\\\/\"},{\"@type\":\"ListItem\",\"position\":2,\"name\":\"Community Projects\"}]},{\"@type\":\"WebSite\",\"@id\":\"https:\\\/\\\/festival-factory.com\\\/#website\",\"url\":\"https:\\\/\\\/festival-factory.com\\\/\",\"name\":\"Festival Factory Madagascar\",\"description\":\"Manufacturing apparel &amp; Costumes with decades of experience\",\"publisher\":{\"@id\":\"https:\\\/\\\/festival-factory.com\\\/#organization\"},\"potentialAction\":[{\"@type\":\"SearchAction\",\"target\":{\"@type\":\"EntryPoint\",\"urlTemplate\":\"https:\\\/\\\/festival-factory.com\\\/?s={search_term_string}\"},\"query-input\":{\"@type\":\"PropertyValueSpecification\",\"valueRequired\":true,\"valueName\":\"search_term_string\"}}],\"inLanguage\":\"es\"},{\"@type\":\"Organization\",\"@id\":\"https:\\\/\\\/festival-factory.com\\\/#organization\",\"name\":\"Festival Factory Madagascar\",\"url\":\"https:\\\/\\\/festival-factory.com\\\/\",\"logo\":{\"@type\":\"ImageObject\",\"inLanguage\":\"es\",\"@id\":\"https:\\\/\\\/festival-factory.com\\\/#\\\/schema\\\/logo\\\/image\\\/\",\"url\":\"https:\\\/\\\/festival-factory.com\\\/wp-content\\\/uploads\\\/2025\\\/02\\\/Festival-Logo.png\",\"contentUrl\":\"https:\\\/\\\/festival-factory.com\\\/wp-content\\\/uploads\\\/2025\\\/02\\\/Festival-Logo.png\",\"width\":2000,\"height\":519,\"caption\":\"Festival Factory Madagascar\"},\"image\":{\"@id\":\"https:\\\/\\\/festival-factory.com\\\/#\\\/schema\\\/logo\\\/image\\\/\"}}]}<\/script>\n<!-- \/ Yoast SEO plugin. -->","yoast_head_json":{"title":"Proyectos comunitarios - Festival Factory Madagascar","description":"Descubra c\u00f3mo Festival Factory apoya a las comunidades a trav\u00e9s de iniciativas de impacto social, la capacitaci\u00f3n de los empleados y asociaciones locales creativas.","robots":{"index":"index","follow":"follow","max-snippet":"max-snippet:-1","max-image-preview":"max-image-preview:large","max-video-preview":"max-video-preview:-1"},"canonical":"https:\/\/festival-factory.com\/es\/community-projects\/","og_locale":"es_ES","og_type":"article","og_title":"Community Projects - Festival Factory Madagascar","og_description":"Discover how Festival Factory supports communities through social impact initiatives, employee empowerment, and creative local partnerships","og_url":"https:\/\/festival-factory.com\/es\/community-projects\/","og_site_name":"Festival Factory Madagascar","article_modified_time":"2025-06-24T09:04:35+00:00","twitter_card":"summary_large_image","twitter_misc":{"Tiempo de lectura":"2 minutos"},"schema":{"@context":"https:\/\/schema.org","@graph":[{"@type":"WebPage","@id":"https:\/\/festival-factory.com\/community-projects\/","url":"https:\/\/festival-factory.com\/community-projects\/","name":"Proyectos comunitarios - Festival Factory Madagascar","isPartOf":{"@id":"https:\/\/festival-factory.com\/#website"},"datePublished":"2025-04-01T15:10:46+00:00","dateModified":"2025-06-24T09:04:35+00:00","description":"Descubra c\u00f3mo Festival Factory apoya a las comunidades a trav\u00e9s de iniciativas de impacto social, la capacitaci\u00f3n de los empleados y asociaciones locales creativas.","breadcrumb":{"@id":"https:\/\/festival-factory.com\/community-projects\/#breadcrumb"},"inLanguage":"es","potentialAction":[{"@type":"ReadAction","target":["https:\/\/festival-factory.com\/community-projects\/"]}]},{"@type":"BreadcrumbList","@id":"https:\/\/festival-factory.com\/community-projects\/#breadcrumb","itemListElement":[{"@type":"ListItem","position":1,"name":"Home","item":"https:\/\/festival-factory.com\/"},{"@type":"ListItem","position":2,"name":"Community Projects"}]},{"@type":"WebSite","@id":"https:\/\/festival-factory.com\/#website","url":"https:\/\/festival-factory.com\/","name":"Festival Factory Madagascar","description":"Fabricaci\u00f3n de prendas de vestir y disfraces con d\u00e9cadas de experiencia","publisher":{"@id":"https:\/\/festival-factory.com\/#organization"},"potentialAction":[{"@type":"SearchAction","target":{"@type":"EntryPoint","urlTemplate":"https:\/\/festival-factory.com\/?s={search_term_string}"},"query-input":{"@type":"PropertyValueSpecification","valueRequired":true,"valueName":"search_term_string"}}],"inLanguage":"es"},{"@type":"Organization","@id":"https:\/\/festival-factory.com\/#organization","name":"Festival Factory Madagascar","url":"https:\/\/festival-factory.com\/","logo":{"@type":"ImageObject","inLanguage":"es","@id":"https:\/\/festival-factory.com\/#\/schema\/logo\/image\/","url":"https:\/\/festival-factory.com\/wp-content\/uploads\/2025\/02\/Festival-Logo.png","contentUrl":"https:\/\/festival-factory.com\/wp-content\/uploads\/2025\/02\/Festival-Logo.png","width":2000,"height":519,"caption":"Festival Factory Madagascar"},"image":{"@id":"https:\/\/festival-factory.com\/#\/schema\/logo\/image\/"}}]}},"_links":{"self":[{"href":"https:\/\/festival-factory.com\/es\/wp-json\/wp\/v2\/pages\/3608","targetHints":{"allow":["GET"]}}],"collection":[{"href":"https:\/\/festival-factory.com\/es\/wp-json\/wp\/v2\/pages"}],"about":[{"href":"https:\/\/festival-factory.com\/es\/wp-json\/wp\/v2\/types\/page"}],"author":[{"embeddable":true,"href":"https:\/\/festival-factory.com\/es\/wp-json\/wp\/v2\/users\/2"}],"replies":[{"embeddable":true,"href":"https:\/\/festival-factory.com\/es\/wp-json\/wp\/v2\/comments?post=3608"}],"version-history":[{"count":3,"href":"https:\/\/festival-factory.com\/es\/wp-json\/wp\/v2\/pages\/3608\/revisions"}],"predecessor-version":[{"id":3814,"href":"https:\/\/festival-factory.com\/es\/wp-json\/wp\/v2\/pages\/3608\/revisions\/3814"}],"wp:attachment":[{"href":"https:\/\/festival-factory.com\/es\/wp-json\/wp\/v2\/media?parent=3608"}],"curies":[{"name":"wp","href":"https:\/\/api.w.org\/{rel}","templated":true}]}}