{"id":3911,"date":"2025-07-18T14:38:28","date_gmt":"2025-07-18T14:38:28","guid":{"rendered":"https:\/\/festival-factory.com\/?page_id=3911"},"modified":"2025-07-22T08:30:52","modified_gmt":"2025-07-22T08:30:52","slug":"agoa-us","status":"publish","type":"page","link":"https:\/\/festival-factory.com\/es\/duty-free-shipping\/agoa-us\/","title":{"rendered":"AGOA - Env\u00edo libre de impuestos a Estados Unidos"},"content":{"rendered":"<div class=\"fusion-fullwidth fullwidth-box fusion-builder-row-1 fusion-flex-container nonhundred-percent-fullwidth non-hundred-percent-height-scrolling\" style=\"--awb-border-radius-top-left:0px;--awb-border-radius-top-right:0px;--awb-border-radius-bottom-right:0px;--awb-border-radius-bottom-left:0px;--awb-flex-wrap:wrap;\" ><div class=\"fusion-builder-row fusion-row fusion-flex-align-items-flex-start fusion-flex-content-wrap\" style=\"max-width:1372.8px;margin-left: calc(-4% \/ 2 );margin-right: calc(-4% \/ 2 );\"><div class=\"fusion-layout-column fusion_builder_column fusion-builder-column-0 fusion_builder_column_1_1 1_1 fusion-flex-column\" style=\"--awb-bg-size:cover;--awb-width-large:100%;--awb-margin-top-large:0px;--awb-spacing-right-large:1.92%;--awb-margin-bottom-large:0px;--awb-spacing-left-large:1.92%;--awb-width-medium:100%;--awb-spacing-right-medium:1.92%;--awb-spacing-left-medium:1.92%;--awb-width-small:100%;--awb-spacing-right-small:1.92%;--awb-spacing-left-small:1.92%;\"><div class=\"fusion-column-wrapper fusion-flex-justify-content-flex-start fusion-content-layout-column\"><div class=\"fusion-text fusion-text-1\"><h3 data-start=\"1509\" data-end=\"1526\">\u00bfQu\u00e9 es la AGOA?<\/h3>\n<p data-start=\"1528\" data-end=\"1882\">En <strong data-start=\"1532\" data-end=\"1577\">Ley de Crecimiento y Oportunidades para \u00c1frica (AGOA)<\/strong> es un programa comercial estadounidense promulgado en 2000 que ofrece <strong data-start=\"1632\" data-end=\"1674\">pa\u00edses elegibles del \u00c1frica subsahariana<\/strong> con <strong data-start=\"1680\" data-end=\"1700\">acceso libre de impuestos<\/strong> al mercado estadounidense m\u00e1s de 6.500 l\u00edneas de productos. Esto incluye una amplia categor\u00eda de <strong data-start=\"1788\" data-end=\"1817\">productos textiles y de confecci\u00f3n<\/strong>que suelen estar sujetos a aranceles elevados cuando se adquieren en otros pa\u00edses.<\/p>\n<p data-start=\"1884\" data-end=\"1906\"><strong data-start=\"1884\" data-end=\"1906\">Objetivos clave de la AGOA:<\/strong><\/p>\n<ul data-start=\"1907\" data-end=\"2074\">\n<li data-start=\"1907\" data-end=\"1956\">\n<p data-start=\"1909\" data-end=\"1956\">Fomentar el crecimiento econ\u00f3mico de \u00c1frica a trav\u00e9s del comercio<\/p>\n<\/li>\n<li data-start=\"1957\" data-end=\"2018\">\n<p data-start=\"1959\" data-end=\"2018\">Ofrecer a las empresas estadounidenses opciones de abastecimiento rentables<\/p>\n<\/li>\n<li data-start=\"2019\" data-end=\"2074\">\n<p data-start=\"2021\" data-end=\"2074\">Fomentar asociaciones comerciales y de inversi\u00f3n a largo plazo<\/p>\n<\/li>\n<\/ul>\n<hr data-start=\"2076\" data-end=\"2079\" \/>\n<h3 data-start=\"2081\" data-end=\"2125\">Madagascar: Beneficiario certificado de la AGOA<\/h3>\n<p data-start=\"2127\" data-end=\"2388\">Madagascar recuper\u00f3 su elegibilidad para la AGOA en 2014 tras realizar importantes avances en las reformas pol\u00edticas y econ\u00f3micas. Gracias a ello, <strong data-start=\"2257\" data-end=\"2294\">fabricantes con sede en Madagascar<\/strong> - como Festival Factory - puede exportar productos cualificados a Estados Unidos <strong>libre de impuestos (excluidos aranceles)<\/strong>.<\/p>\n<p data-start=\"2390\" data-end=\"2458\">Para los importadores estadounidenses, esto supone una rara oportunidad de la que beneficiarse:<\/p>\n<ul data-start=\"2459\" data-end=\"2624\">\n<li data-start=\"2459\" data-end=\"2504\">\n<p data-start=\"2461\" data-end=\"2504\"><strong data-start=\"2461\" data-end=\"2504\">Importaciones con derecho cero de prendas de vestir admisibles<\/strong><\/p>\n<\/li>\n<li data-start=\"2505\" data-end=\"2564\">\n<p data-start=\"2507\" data-end=\"2564\"><strong data-start=\"2507\" data-end=\"2538\">Plazos de entrega m\u00e1s cortos<\/strong> en comparaci\u00f3n con los mercados asi\u00e1ticos<\/p>\n<\/li>\n<li data-start=\"2565\" data-end=\"2624\">\n<p data-start=\"2567\" data-end=\"2624\"><strong data-start=\"2567\" data-end=\"2594\">Normas laborales \u00e9ticas<\/strong> y cadenas de suministro transparentes<\/p>\n<\/li>\n<\/ul>\n<hr data-start=\"2626\" data-end=\"2629\" \/>\n<h3 data-start=\"2631\" data-end=\"2668\">\u00bfQu\u00e9 productos pueden acogerse a la AGOA?<\/h3>\n<p data-start=\"2670\" data-end=\"2842\">La AGOA apoya una amplia gama de productos subvencionables, pero <strong data-start=\"2723\" data-end=\"2752\">prendas de vestir y disfraces<\/strong> fabricados en Madagascar est\u00e1n especialmente bien situados para beneficiarse del programa.<\/p>\n<p data-start=\"2844\" data-end=\"2909\">Festival Factory se especializa en categor\u00edas subvencionables por la AGOA, como:<\/p>\n<ul data-start=\"2910\" data-end=\"3052\">\n<li data-start=\"2910\" data-end=\"2962\">\n<p data-start=\"2912\" data-end=\"2962\">Vestuario para eventos, desfiles y festivales<\/p>\n<\/li>\n<li data-start=\"2963\" data-end=\"2990\">\n<p data-start=\"2965\" data-end=\"2990\">Uniformes y ropa de marca<\/p>\n<\/li>\n<li data-start=\"2991\" data-end=\"3025\">\n<p data-start=\"2993\" data-end=\"3025\">Prendas de moda para la gran distribuci\u00f3n<\/p>\n<\/li>\n<li data-start=\"3026\" data-end=\"3052\">\n<p data-start=\"3028\" data-end=\"3052\">Ropa de disfraces para ni\u00f1os<\/p>\n<\/li>\n<\/ul>\n<p data-start=\"3054\" data-end=\"3183\">Nos encargamos de la <strong data-start=\"3068\" data-end=\"3113\">Documentaci\u00f3n AGOA y proceso de conformidad<\/strong>para que nuestros clientes estadounidenses puedan centrarse en el crecimiento y el marketing, no en la burocracia.<\/p>\n<hr data-start=\"3185\" data-end=\"3188\" \/>\n<h3 data-start=\"3190\" data-end=\"3234\">Cumplimiento y documentaci\u00f3n simplificados<\/h3>\n<p data-start=\"3236\" data-end=\"3378\">Para beneficiarse de las ventajas de la AGOA, los env\u00edos deben cumplir los siguientes requisitos <strong data-start=\"3292\" data-end=\"3324\">requisitos de las normas de origen<\/strong> e ir acompa\u00f1ada de documentaci\u00f3n espec\u00edfica como:<\/p>\n<ul data-start=\"3379\" data-end=\"3483\">\n<li data-start=\"3379\" data-end=\"3406\">\n<p data-start=\"3381\" data-end=\"3406\"><strong data-start=\"3381\" data-end=\"3406\">Certificado de origen<\/strong><\/p>\n<\/li>\n<li data-start=\"3407\" data-end=\"3428\">\n<p data-start=\"3409\" data-end=\"3428\"><strong data-start=\"3409\" data-end=\"3428\">Sello de visado AGOA<\/strong><\/p>\n<\/li>\n<li data-start=\"3429\" data-end=\"3483\">\n<p data-start=\"3431\" data-end=\"3483\"><strong data-start=\"3431\" data-end=\"3483\">Factura comercial con c\u00f3digos de producto cualificados<\/strong><\/p>\n<\/li>\n<\/ul>\n<p data-start=\"3485\" data-end=\"3765\">En Festival Factory, nuestro equipo de exportaci\u00f3n y log\u00edstica tiene experiencia en la preparaci\u00f3n de toda la documentaci\u00f3n necesaria para garantizar el pleno cumplimiento de las normas AGOA. Trabajamos estrechamente con agentes de aduanas y transitarios para asegurarnos de que sus mercanc\u00edas pasan la aduana de EE.UU. <strong data-start=\"3734\" data-end=\"3764\">r\u00e1pidamente y sin retrasos<\/strong>.<\/p>\n<hr data-start=\"3767\" data-end=\"3770\" \/>\n<h3 data-start=\"3772\" data-end=\"3823\">\u00bfPor qu\u00e9 elegir Madagascar en lugar de otros centros de aprovisionamiento?<\/h3>\n<p data-start=\"3825\" data-end=\"3932\">Aunque muchos importadores estadounidenses recurren a f\u00e1bricas asi\u00e1ticas por razones de coste, Madagascar ofrece ventajas \u00fanicas:<\/p>\n<ul data-start=\"3933\" data-end=\"4166\">\n<li data-start=\"3933\" data-end=\"4015\">\n<p data-start=\"3935\" data-end=\"4015\"><strong data-start=\"3935\" data-end=\"3960\">Exenci\u00f3n arancelaria AGOA<\/strong> (vs. 17-32% Derechos sobre las prendas estadounidenses procedentes de pa\u00edses no pertenecientes a la AGOA)<\/p>\n<\/li>\n<li data-start=\"4016\" data-end=\"4066\">\n<p data-start=\"4018\" data-end=\"4066\"><strong data-start=\"4018\" data-end=\"4066\">Cadenas de suministro m\u00e1s cortas a la costa este de EE.UU.<\/strong><\/p>\n<\/li>\n<li data-start=\"4067\" data-end=\"4118\">\n<p data-start=\"4069\" data-end=\"4118\"><strong data-start=\"4069\" data-end=\"4118\">Pr\u00e1cticas laborales \u00e9ticas y cumplimiento social<\/strong><\/p>\n<\/li>\n<li data-start=\"4119\" data-end=\"4166\">\n<p data-start=\"4121\" data-end=\"4166\"><strong data-start=\"4121\" data-end=\"4166\">Equipos de asistencia en franc\u00e9s e ingl\u00e9s<\/strong><\/p>\n<\/li>\n<\/ul>\n<p data-start=\"4168\" data-end=\"4340\">Con Festival Factory, se beneficiar\u00e1 de <strong data-start=\"4215\" data-end=\"4242\">flexibilidad para lotes peque\u00f1os<\/strong>, <strong data-start=\"4244\" data-end=\"4270\">servicios de dise\u00f1o a medida<\/strong>y <strong data-start=\"4276\" data-end=\"4301\">plazos de entrega r\u00e1pidos<\/strong>-sin dejar de ser competitivos en precios.<\/p>\n<hr data-start=\"4342\" data-end=\"4345\" \/>\n<h3 data-start=\"4347\" data-end=\"4393\">Aplicaciones reales para los importadores estadounidenses<\/h3>\n<p data-start=\"4395\" data-end=\"4428\">El abastecimiento basado en la AGOA es ideal para:<\/p>\n<ul data-start=\"4429\" data-end=\"4734\">\n<li data-start=\"4429\" data-end=\"4505\">\n<p data-start=\"4431\" data-end=\"4505\"><strong data-start=\"4431\" data-end=\"4455\">Peque\u00f1as marcas de moda<\/strong> que necesitan una fabricaci\u00f3n de bajo MOQ con mejores m\u00e1rgenes<\/p>\n<\/li>\n<li data-start=\"4506\" data-end=\"4594\">\n<p data-start=\"4508\" data-end=\"4594\"><strong data-start=\"4508\" data-end=\"4525\">Cadenas minoristas<\/strong> buscan diversificar su base de suministro y reducir su dependencia de Asia<\/p>\n<\/li>\n<li data-start=\"4595\" data-end=\"4666\">\n<p data-start=\"4597\" data-end=\"4666\"><strong data-start=\"4597\" data-end=\"4618\">Marcas de comercio electr\u00f3nico<\/strong> que valoran la rapidez, la calidad y el abastecimiento \u00e9tico<\/p>\n<\/li>\n<li data-start=\"4667\" data-end=\"4734\">\n<p data-start=\"4669\" data-end=\"4734\"><strong data-start=\"4669\" data-end=\"4695\">Empresas de suministros para eventos<\/strong> encargar trajes o uniformes de temporada<\/p>\n<\/li>\n<\/ul>\n<p data-start=\"4736\" data-end=\"4881\">Nuestros clientes aprovechan los beneficios de la AGOA para reinvertir lo ahorrado en marketing, inventario o desarrollo de productos, lo que les proporciona una poderosa ventaja en mercados saturados.<\/p>\n<hr data-start=\"4883\" data-end=\"4886\" \/>\n<h3 data-start=\"4888\" data-end=\"4937\">Empezar a fabricar con ayuda de la AGOA<\/h3>\n<p data-start=\"4939\" data-end=\"5039\">Hemos ayudado a decenas de empresas estadounidenses a <strong data-start=\"4978\" data-end=\"5004\">maximizar los beneficios de la AGOA<\/strong> mientras disfrutas del Festival Factory's:<\/p>\n<ul data-start=\"5040\" data-end=\"5166\">\n<li data-start=\"5040\" data-end=\"5074\">\n<p data-start=\"5042\" data-end=\"5074\">Servicio completo de desarrollo de productos<\/p>\n<\/li>\n<li data-start=\"5075\" data-end=\"5096\">\n<p data-start=\"5077\" data-end=\"5096\">Precios transparentes<\/p>\n<\/li>\n<li data-start=\"5097\" data-end=\"5121\">\n<p data-start=\"5099\" data-end=\"5121\">Ciclos de producci\u00f3n r\u00e1pidos<\/p>\n<\/li>\n<li data-start=\"5122\" data-end=\"5166\">\n<p data-start=\"5124\" data-end=\"5166\">Apoyo log\u00edstico y coordinaci\u00f3n aduanera<\/p>\n<\/li>\n<\/ul>\n<p data-start=\"5168\" data-end=\"5326\">Si se abastece en China o el sur de Asia, ahora es el momento de <strong data-start=\"5231\" data-end=\"5260\">reconsidere su cadena de suministro<\/strong>. Madagascar, en el marco de la AGOA, ofrece una v\u00eda de crecimiento m\u00e1s inteligente y \u00e1gil.<\/p>\n<hr data-start=\"5328\" data-end=\"5331\" \/>\n<h3 data-start=\"5333\" data-end=\"5353\">P\u00f3ngase en contacto con nosotros<\/h3>\n<p data-start=\"5355\" data-end=\"5570\">Tanto si se trata de su primer pedido como de trasladar su producci\u00f3n a Madagascar, nuestro equipo est\u00e1 preparado para ayudarle. D\u00e9jenos explicarle c\u00f3mo AGOA puede reducir sus costes en destino y agilizar sus operaciones.<\/p>\n<p data-start=\"5355\" data-end=\"5570\">P\u00f3ngase en contacto con nosotros para obtener m\u00e1s informaci\u00f3n sobre los env\u00edos libres de impuestos en el marco de la AGOA.<\/p>\n<\/div><\/div><\/div><\/div><\/div>","protected":false},"excerpt":{"rendered":"","protected":false},"author":2,"featured_media":0,"parent":3512,"menu_order":0,"comment_status":"closed","ping_status":"closed","template":"","meta":{"_acf_changed":false,"footnotes":""},"class_list":["post-3911","page","type-page","status-publish","hentry"],"acf":[],"yoast_head":"<!-- This site is optimized with the Yoast SEO plugin v27.4 - https:\/\/yoast.com\/product\/yoast-seo-wordpress\/ -->\n<title>Exporting to the USA with AGOA \u2013 Duty-Free Access from Madagascar<\/title>\n<meta name=\"description\" content=\"Learn how Festival Factory uses the AGOA trade agreement to ship apparel duty-free to the U.S. from Madagascar. Lower costs, smoother imports.\" \/>\n<meta name=\"robots\" content=\"index, follow, max-snippet:-1, max-image-preview:large, max-video-preview:-1\" \/>\n<link rel=\"canonical\" href=\"https:\/\/festival-factory.com\/es\/duty-free-shipping\/agoa-us\/\" \/>\n<meta property=\"og:locale\" content=\"es_ES\" \/>\n<meta property=\"og:type\" content=\"article\" \/>\n<meta property=\"og:title\" content=\"Exporting to the USA with AGOA \u2013 Duty-Free Access from Madagascar\" \/>\n<meta property=\"og:description\" content=\"Learn how Festival Factory uses the AGOA trade agreement to ship apparel duty-free to the U.S. from Madagascar. Lower costs, smoother imports.\" \/>\n<meta property=\"og:url\" content=\"https:\/\/festival-factory.com\/es\/duty-free-shipping\/agoa-us\/\" \/>\n<meta property=\"og:site_name\" content=\"Festival Factory Madagascar\" \/>\n<meta property=\"article:modified_time\" content=\"2025-07-22T08:30:52+00:00\" \/>\n<meta name=\"twitter:card\" content=\"summary_large_image\" \/>\n<meta name=\"twitter:label1\" content=\"Tiempo de lectura\" \/>\n\t<meta name=\"twitter:data1\" content=\"3 minutos\" \/>\n<script type=\"application\/ld+json\" class=\"yoast-schema-graph\">{\"@context\":\"https:\\\/\\\/schema.org\",\"@graph\":[{\"@type\":\"WebPage\",\"@id\":\"https:\\\/\\\/festival-factory.com\\\/duty-free-shipping\\\/agoa-us\\\/\",\"url\":\"https:\\\/\\\/festival-factory.com\\\/duty-free-shipping\\\/agoa-us\\\/\",\"name\":\"Exporting to the USA with AGOA \u2013 Duty-Free Access from Madagascar\",\"isPartOf\":{\"@id\":\"https:\\\/\\\/festival-factory.com\\\/#website\"},\"datePublished\":\"2025-07-18T14:38:28+00:00\",\"dateModified\":\"2025-07-22T08:30:52+00:00\",\"description\":\"Learn how Festival Factory uses the AGOA trade agreement to ship apparel duty-free to the U.S. from Madagascar. Lower costs, smoother imports.\",\"breadcrumb\":{\"@id\":\"https:\\\/\\\/festival-factory.com\\\/duty-free-shipping\\\/agoa-us\\\/#breadcrumb\"},\"inLanguage\":\"es\",\"potentialAction\":[{\"@type\":\"ReadAction\",\"target\":[\"https:\\\/\\\/festival-factory.com\\\/duty-free-shipping\\\/agoa-us\\\/\"]}]},{\"@type\":\"BreadcrumbList\",\"@id\":\"https:\\\/\\\/festival-factory.com\\\/duty-free-shipping\\\/agoa-us\\\/#breadcrumb\",\"itemListElement\":[{\"@type\":\"ListItem\",\"position\":1,\"name\":\"Home\",\"item\":\"https:\\\/\\\/festival-factory.com\\\/\"},{\"@type\":\"ListItem\",\"position\":2,\"name\":\"Duty-Free Shipping from Madagascar\",\"item\":\"https:\\\/\\\/festival-factory.com\\\/duty-free-shipping\\\/\"},{\"@type\":\"ListItem\",\"position\":3,\"name\":\"AGOA \u2013 Duty-Free Shipping to the United States\"}]},{\"@type\":\"WebSite\",\"@id\":\"https:\\\/\\\/festival-factory.com\\\/#website\",\"url\":\"https:\\\/\\\/festival-factory.com\\\/\",\"name\":\"Festival Factory Madagascar\",\"description\":\"Manufacturing apparel &amp; Costumes with decades of experience\",\"publisher\":{\"@id\":\"https:\\\/\\\/festival-factory.com\\\/#organization\"},\"potentialAction\":[{\"@type\":\"SearchAction\",\"target\":{\"@type\":\"EntryPoint\",\"urlTemplate\":\"https:\\\/\\\/festival-factory.com\\\/?s={search_term_string}\"},\"query-input\":{\"@type\":\"PropertyValueSpecification\",\"valueRequired\":true,\"valueName\":\"search_term_string\"}}],\"inLanguage\":\"es\"},{\"@type\":\"Organization\",\"@id\":\"https:\\\/\\\/festival-factory.com\\\/#organization\",\"name\":\"Festival Factory Madagascar\",\"url\":\"https:\\\/\\\/festival-factory.com\\\/\",\"logo\":{\"@type\":\"ImageObject\",\"inLanguage\":\"es\",\"@id\":\"https:\\\/\\\/festival-factory.com\\\/#\\\/schema\\\/logo\\\/image\\\/\",\"url\":\"https:\\\/\\\/festival-factory.com\\\/wp-content\\\/uploads\\\/2025\\\/02\\\/Festival-Logo.png\",\"contentUrl\":\"https:\\\/\\\/festival-factory.com\\\/wp-content\\\/uploads\\\/2025\\\/02\\\/Festival-Logo.png\",\"width\":2000,\"height\":519,\"caption\":\"Festival Factory Madagascar\"},\"image\":{\"@id\":\"https:\\\/\\\/festival-factory.com\\\/#\\\/schema\\\/logo\\\/image\\\/\"}}]}<\/script>\n<!-- \/ Yoast SEO plugin. -->","yoast_head_json":{"title":"Exportar a EE.UU. con la AGOA - Acceso libre de derechos desde Madagascar","description":"Descubra c\u00f3mo Festival Factory utiliza el acuerdo comercial AGOA para enviar ropa libre de impuestos a EE.UU. desde Madagascar. Costes m\u00e1s bajos, importaciones m\u00e1s fluidas.","robots":{"index":"index","follow":"follow","max-snippet":"max-snippet:-1","max-image-preview":"max-image-preview:large","max-video-preview":"max-video-preview:-1"},"canonical":"https:\/\/festival-factory.com\/es\/duty-free-shipping\/agoa-us\/","og_locale":"es_ES","og_type":"article","og_title":"Exporting to the USA with AGOA \u2013 Duty-Free Access from Madagascar","og_description":"Learn how Festival Factory uses the AGOA trade agreement to ship apparel duty-free to the U.S. from Madagascar. Lower costs, smoother imports.","og_url":"https:\/\/festival-factory.com\/es\/duty-free-shipping\/agoa-us\/","og_site_name":"Festival Factory Madagascar","article_modified_time":"2025-07-22T08:30:52+00:00","twitter_card":"summary_large_image","twitter_misc":{"Tiempo de lectura":"3 minutos"},"schema":{"@context":"https:\/\/schema.org","@graph":[{"@type":"WebPage","@id":"https:\/\/festival-factory.com\/duty-free-shipping\/agoa-us\/","url":"https:\/\/festival-factory.com\/duty-free-shipping\/agoa-us\/","name":"Exportar a EE.UU. con la AGOA - Acceso libre de derechos desde Madagascar","isPartOf":{"@id":"https:\/\/festival-factory.com\/#website"},"datePublished":"2025-07-18T14:38:28+00:00","dateModified":"2025-07-22T08:30:52+00:00","description":"Descubra c\u00f3mo Festival Factory utiliza el acuerdo comercial AGOA para enviar ropa libre de impuestos a EE.UU. desde Madagascar. Costes m\u00e1s bajos, importaciones m\u00e1s fluidas.","breadcrumb":{"@id":"https:\/\/festival-factory.com\/duty-free-shipping\/agoa-us\/#breadcrumb"},"inLanguage":"es","potentialAction":[{"@type":"ReadAction","target":["https:\/\/festival-factory.com\/duty-free-shipping\/agoa-us\/"]}]},{"@type":"BreadcrumbList","@id":"https:\/\/festival-factory.com\/duty-free-shipping\/agoa-us\/#breadcrumb","itemListElement":[{"@type":"ListItem","position":1,"name":"Home","item":"https:\/\/festival-factory.com\/"},{"@type":"ListItem","position":2,"name":"Duty-Free Shipping from Madagascar","item":"https:\/\/festival-factory.com\/duty-free-shipping\/"},{"@type":"ListItem","position":3,"name":"AGOA \u2013 Duty-Free Shipping to the United States"}]},{"@type":"WebSite","@id":"https:\/\/festival-factory.com\/#website","url":"https:\/\/festival-factory.com\/","name":"Festival Factory Madagascar","description":"Fabricaci\u00f3n de prendas de vestir y disfraces con d\u00e9cadas de experiencia","publisher":{"@id":"https:\/\/festival-factory.com\/#organization"},"potentialAction":[{"@type":"SearchAction","target":{"@type":"EntryPoint","urlTemplate":"https:\/\/festival-factory.com\/?s={search_term_string}"},"query-input":{"@type":"PropertyValueSpecification","valueRequired":true,"valueName":"search_term_string"}}],"inLanguage":"es"},{"@type":"Organization","@id":"https:\/\/festival-factory.com\/#organization","name":"Festival Factory Madagascar","url":"https:\/\/festival-factory.com\/","logo":{"@type":"ImageObject","inLanguage":"es","@id":"https:\/\/festival-factory.com\/#\/schema\/logo\/image\/","url":"https:\/\/festival-factory.com\/wp-content\/uploads\/2025\/02\/Festival-Logo.png","contentUrl":"https:\/\/festival-factory.com\/wp-content\/uploads\/2025\/02\/Festival-Logo.png","width":2000,"height":519,"caption":"Festival Factory Madagascar"},"image":{"@id":"https:\/\/festival-factory.com\/#\/schema\/logo\/image\/"}}]}},"_links":{"self":[{"href":"https:\/\/festival-factory.com\/es\/wp-json\/wp\/v2\/pages\/3911","targetHints":{"allow":["GET"]}}],"collection":[{"href":"https:\/\/festival-factory.com\/es\/wp-json\/wp\/v2\/pages"}],"about":[{"href":"https:\/\/festival-factory.com\/es\/wp-json\/wp\/v2\/types\/page"}],"author":[{"embeddable":true,"href":"https:\/\/festival-factory.com\/es\/wp-json\/wp\/v2\/users\/2"}],"replies":[{"embeddable":true,"href":"https:\/\/festival-factory.com\/es\/wp-json\/wp\/v2\/comments?post=3911"}],"version-history":[{"count":7,"href":"https:\/\/festival-factory.com\/es\/wp-json\/wp\/v2\/pages\/3911\/revisions"}],"predecessor-version":[{"id":3947,"href":"https:\/\/festival-factory.com\/es\/wp-json\/wp\/v2\/pages\/3911\/revisions\/3947"}],"up":[{"embeddable":true,"href":"https:\/\/festival-factory.com\/es\/wp-json\/wp\/v2\/pages\/3512"}],"wp:attachment":[{"href":"https:\/\/festival-factory.com\/es\/wp-json\/wp\/v2\/media?parent=3911"}],"curies":[{"name":"wp","href":"https:\/\/api.w.org\/{rel}","templated":true}]}}