{"id":3916,"date":"2025-07-18T14:44:27","date_gmt":"2025-07-18T14:44:27","guid":{"rendered":"https:\/\/festival-factory.com\/?page_id=3916"},"modified":"2025-07-18T15:14:54","modified_gmt":"2025-07-18T15:14:54","slug":"eur1-eu","status":"publish","type":"page","link":"https:\/\/festival-factory.com\/es\/duty-free-shipping\/eur1-eu\/","title":{"rendered":"EUR.1 - Env\u00edos libres de impuestos a la Uni\u00f3n Europea"},"content":{"rendered":"<h3 data-start=\"643\" data-end=\"704\">Introducci\u00f3n: El poder del comercio preferencial con Europa<\/h3>\n<p data-start=\"706\" data-end=\"1018\">Los derechos de importaci\u00f3n pueden aumentar considerablemente el coste de los productos, especialmente en los sectores textil y de la confecci\u00f3n. Para las marcas y los minoristas europeos que se abastecen a escala internacional, trabajar con proveedores que puedan ofrecer <strong data-start=\"914\" data-end=\"936\">env\u00edo libre de impuestos<\/strong> a trav\u00e9s de <strong data-start=\"945\" data-end=\"978\">acuerdos comerciales preferenciales<\/strong> proporciona una clara ventaja competitiva.<\/p>\n<p data-start=\"1020\" data-end=\"1280\">En <strong data-start=\"1023\" data-end=\"1043\">F\u00e1brica de festivales<\/strong>ayudamos a nuestros clientes de la UE a reducir sus costes de desembarque y a agilizar las aduanas aprovechando la <strong data-start=\"1134\" data-end=\"1165\">EUR.1 Certificado de origen<\/strong> - un documento clave que garantiza <strong data-start=\"1196\" data-end=\"1235\">acceso libre de derechos para las mercanc\u00edas que cumplan los requisitos<\/strong> de Madagascar al <strong data-start=\"1261\" data-end=\"1279\">Uni\u00f3n Europea<\/strong>.<\/p>\n<hr data-start=\"1282\" data-end=\"1285\" \/>\n<h3 data-start=\"1287\" data-end=\"1321\">\u00bfQu\u00e9 es el certificado EUR.1?<\/h3>\n<p data-start=\"1323\" data-end=\"1637\">En <strong data-start=\"1327\" data-end=\"1348\">Certificado EUR.1<\/strong> es un documento aduanero utilizado en el marco de los acuerdos comerciales entre la Uni\u00f3n Europea y determinados pa\u00edses no pertenecientes a la UE, como por ejemplo <strong data-start=\"1482\" data-end=\"1496\">Madagascar<\/strong>. Sirve de <strong data-start=\"1511\" data-end=\"1530\">prueba de origen<\/strong> para las mercanc\u00edas, confirmando que han sido fabricadas en un pa\u00eds que puede beneficiarse de un tratamiento arancelario preferencial.<\/p>\n<p data-start=\"1639\" data-end=\"1702\">Cuando importe productos a la UE con un certificado EUR.1:<\/p>\n<ul data-start=\"1703\" data-end=\"1870\">\n<li data-start=\"1703\" data-end=\"1738\">\n<p data-start=\"1705\" data-end=\"1738\">Usted <strong data-start=\"1709\" data-end=\"1738\">no pagar derechos de aduana<\/strong><\/p>\n<\/li>\n<li data-start=\"1739\" data-end=\"1786\">\n<p data-start=\"1741\" data-end=\"1786\">Los procedimientos aduaneros son <strong data-start=\"1764\" data-end=\"1786\">m\u00e1s r\u00e1pido y sencillo<\/strong><\/p>\n<\/li>\n<li data-start=\"1787\" data-end=\"1870\">\n<p data-start=\"1789\" data-end=\"1870\">Usted se beneficia de las condiciones del <strong data-start=\"1823\" data-end=\"1870\">Acuerdos de Asociaci\u00f3n Econ\u00f3mica (AAE) de la UE<\/strong><\/p>\n<\/li>\n<\/ul>\n<hr data-start=\"1872\" data-end=\"1875\" \/>\n<h3 data-start=\"1877\" data-end=\"1931\">Madagascar y la UE: Una s\u00f3lida relaci\u00f3n comercial<\/h3>\n<p data-start=\"1933\" data-end=\"2089\">Madagascar es uno de los pa\u00edses de \u00c1frica, el Caribe y el Pac\u00edfico (ACP) con un <strong data-start=\"2013\" data-end=\"2042\">acuerdo comercial favorable<\/strong> en vigor con la UE. Este acuerdo establece:<\/p>\n<ul data-start=\"2090\" data-end=\"2299\">\n<li data-start=\"2090\" data-end=\"2159\">\n<p data-start=\"2092\" data-end=\"2159\"><strong data-start=\"2092\" data-end=\"2117\">Acceso libre de impuestos<\/strong> a los mercados de la UE para la mayor\u00eda de los productos manufacturados<\/p>\n<\/li>\n<li data-start=\"2160\" data-end=\"2233\">\n<p data-start=\"2162\" data-end=\"2233\"><strong data-start=\"2162\" data-end=\"2181\">Normas de origen<\/strong> que permiten la aportaci\u00f3n regional en condiciones flexibles<\/p>\n<\/li>\n<li data-start=\"2234\" data-end=\"2299\">\n<p data-start=\"2236\" data-end=\"2299\">Un marco normativo claro para importadores grandes y peque\u00f1os<\/p>\n<\/li>\n<\/ul>\n<p data-start=\"2301\" data-end=\"2515\">Como fabricante de Madagascar, <strong data-start=\"2337\" data-end=\"2357\">F\u00e1brica de festivales<\/strong> expide certificados de 1 euro con cada env\u00edo subvencionable, lo que ayuda a las empresas de la UE a ahorrar <strong data-start=\"2441\" data-end=\"2454\">hasta 12%<\/strong> o m\u00e1s en derechos de importaci\u00f3n, seg\u00fan la categor\u00eda del producto.<\/p>\n<hr data-start=\"2517\" data-end=\"2520\" \/>\n<h3 data-start=\"2522\" data-end=\"2570\">\u00bfQu\u00e9 productos pueden acogerse a la franquicia aduanera?<\/h3>\n<p data-start=\"2572\" data-end=\"2743\">La mayor\u00eda de los productos de confecci\u00f3n y vestuario fabricados por Festival Factory pueden importarse a la UE libres de impuestos con arreglo a la norma EUR.1, siempre que cumplan los criterios de origen. Esto incluye:<\/p>\n<ul data-start=\"2744\" data-end=\"2909\">\n<li data-start=\"2744\" data-end=\"2778\">\n<p data-start=\"2746\" data-end=\"2778\">Disfraces para eventos y ropa tem\u00e1tica<\/p>\n<\/li>\n<li data-start=\"2779\" data-end=\"2817\">\n<p data-start=\"2781\" data-end=\"2817\">Uniformes personalizados y ropa de marca<\/p>\n<\/li>\n<li data-start=\"2818\" data-end=\"2860\">\n<p data-start=\"2820\" data-end=\"2860\">Trajes y disfraces para ni\u00f1os<\/p>\n<\/li>\n<li data-start=\"2861\" data-end=\"2909\">\n<p data-start=\"2863\" data-end=\"2909\">Prendas ligeras para el comercio minorista y electr\u00f3nico<\/p>\n<\/li>\n<\/ul>\n<p data-start=\"2911\" data-end=\"3091\">Si su producto est\u00e1 dise\u00f1ado y fabricado en Madagascar con insumos regionales aprobados, es probable que cumpla los requisitos. Nuestro equipo le ayuda a verificar la elegibilidad y a preparar la documentaci\u00f3n correcta.<\/p>\n<hr data-start=\"3093\" data-end=\"3096\" \/>\n<h3 data-start=\"3098\" data-end=\"3136\">Ventajas de EUR.1 para los importadores de la UE<\/h3>\n<p data-start=\"3138\" data-end=\"3226\">Importar a trav\u00e9s de EUR.1 ofrece varias ventajas claras a las empresas de toda Europa:<\/p>\n<h4 data-start=\"3228\" data-end=\"3258\">1. <strong data-start=\"3236\" data-end=\"3258\">Menores costes de importaci\u00f3n<\/strong><\/h4>\n<p data-start=\"3259\" data-end=\"3393\">Sin aranceles de importaci\u00f3n, puede reinvertir el ahorro en marketing, expansi\u00f3n de productos o estrategias de precios para adelantarse a la competencia.<\/p>\n<h4 data-start=\"3395\" data-end=\"3435\">2. <strong data-start=\"3403\" data-end=\"3435\">Despacho de aduanas simplificado<\/strong><\/h4>\n<p data-start=\"3436\" data-end=\"3568\">Las aduanas de la UE reconocen la documentaci\u00f3n EUR.1 y tramitan estos env\u00edos con mayor eficacia, lo que reduce los retrasos y los costes administrativos.<\/p>\n<h4 data-start=\"3570\" data-end=\"3606\">3. <strong data-start=\"3578\" data-end=\"3606\">Diversificaci\u00f3n del abastecimiento<\/strong><\/h4>\n<p data-start=\"3607\" data-end=\"3750\">En un entorno mundial marcado por las perturbaciones y la excesiva dependencia de Asia, abastecerse en Madagascar ayuda a reducir el riesgo y aumenta la flexibilidad.<\/p>\n<hr data-start=\"3752\" data-end=\"3755\" \/>\n<h3 data-start=\"3757\" data-end=\"3786\">Pa\u00edses de la UE que se benefician<\/h3>\n<p data-start=\"3788\" data-end=\"3881\">Todos los pa\u00edses de la Uni\u00f3n Europea aceptan mercanc\u00edas certificadas EUR.1 procedentes de Madagascar, incluidos:<\/p>\n<ul data-start=\"3883\" data-end=\"4036\">\n<li data-start=\"3883\" data-end=\"3893\">\n<p data-start=\"3885\" data-end=\"3893\">Francia<\/p>\n<\/li>\n<li data-start=\"3894\" data-end=\"3905\">\n<p data-start=\"3896\" data-end=\"3905\">Alemania<\/p>\n<\/li>\n<li data-start=\"3906\" data-end=\"3915\">\n<p data-start=\"3908\" data-end=\"3915\">Italia<\/p>\n<\/li>\n<li data-start=\"3916\" data-end=\"3925\">\n<p data-start=\"3918\" data-end=\"3925\">Espa\u00f1a<\/p>\n<\/li>\n<li data-start=\"3926\" data-end=\"3945\">\n<p data-start=\"3928\" data-end=\"3945\">Pa\u00edses Bajos<\/p>\n<\/li>\n<li data-start=\"3946\" data-end=\"3956\">\n<p data-start=\"3948\" data-end=\"3956\">Suecia<\/p>\n<\/li>\n<li data-start=\"3957\" data-end=\"3968\">\n<p data-start=\"3959\" data-end=\"3968\">B\u00e9lgica<\/p>\n<\/li>\n<li data-start=\"3969\" data-end=\"3980\">\n<p data-start=\"3971\" data-end=\"3980\">Austria<\/p>\n<\/li>\n<li data-start=\"3981\" data-end=\"3992\">\n<p data-start=\"3983\" data-end=\"3992\">Irlanda<\/p>\n<\/li>\n<li data-start=\"3993\" data-end=\"4036\">\n<p data-start=\"3995\" data-end=\"4036\">Polonia<br data-start=\"4001\" data-end=\"4004\" \/>...y todos los dem\u00e1s Estados miembros de la UE.<\/p>\n<\/li>\n<\/ul>\n<p data-start=\"4038\" data-end=\"4153\">Ya sea una marca de moda francesa o una tienda de comercio electr\u00f3nico alemana, el ahorro de costes es inmediato y sustancial.<\/p>\n<hr data-start=\"4155\" data-end=\"4158\" \/>\n<h3 data-start=\"4160\" data-end=\"4218\">El papel de la f\u00e1brica de festivales: De la fabricaci\u00f3n a la aduana<\/h3>\n<p data-start=\"4220\" data-end=\"4360\">En Festival Factory, vamos m\u00e1s all\u00e1 de la fabricaci\u00f3n: somos su socio de exportaci\u00f3n de servicio completo. Esto es lo que ofrecemos con cada env\u00edo a la UE:<\/p>\n<ul data-start=\"4362\" data-end=\"4565\">\n<li data-start=\"4362\" data-end=\"4406\">\n<p data-start=\"4364\" data-end=\"4406\"><strong data-start=\"4364\" data-end=\"4406\">Preparaci\u00f3n precisa del certificado EUR.1<\/strong><\/p>\n<\/li>\n<li data-start=\"4407\" data-end=\"4446\">\n<p data-start=\"4409\" data-end=\"4446\"><strong data-start=\"4409\" data-end=\"4446\">Control del cumplimiento de las normas de origen<\/strong><\/p>\n<\/li>\n<li data-start=\"4447\" data-end=\"4509\">\n<p data-start=\"4449\" data-end=\"4509\">Coordinaci\u00f3n con <strong data-start=\"4467\" data-end=\"4509\">transitarios y agentes de aduanas<\/strong><\/p>\n<\/li>\n<li data-start=\"4510\" data-end=\"4565\">\n<p data-start=\"4512\" data-end=\"4565\"><strong data-start=\"4512\" data-end=\"4545\">Plazos de producci\u00f3n fiables<\/strong> y control de calidad<\/p>\n<\/li>\n<\/ul>\n<p data-start=\"4567\" data-end=\"4686\">Nuestro equipo entiende las expectativas del mercado europeo y ayuda a sus productos a cumplir tanto los requisitos de dise\u00f1o como los reglamentarios.<\/p>\n<hr data-start=\"4688\" data-end=\"4691\" \/>\n<h3 data-start=\"4693\" data-end=\"4732\">\u00bfQui\u00e9n deber\u00eda plantearse la contrataci\u00f3n EUR.1?<\/h3>\n<p data-start=\"4734\" data-end=\"4779\">Nuestro servicio de exportaci\u00f3n a la UE libre de impuestos es ideal para:<\/p>\n<ul data-start=\"4781\" data-end=\"5013\">\n<li data-start=\"4781\" data-end=\"4845\">\n<p data-start=\"4783\" data-end=\"4845\"><strong data-start=\"4783\" data-end=\"4813\">Minoristas europeos de ropa<\/strong> abastecimiento de productos de marca blanca<\/p>\n<\/li>\n<li data-start=\"4846\" data-end=\"4882\">\n<p data-start=\"4848\" data-end=\"4882\"><strong data-start=\"4848\" data-end=\"4882\">Mayoristas de disfraces infantiles<\/strong><\/p>\n<\/li>\n<li data-start=\"4883\" data-end=\"4945\">\n<p data-start=\"4885\" data-end=\"4945\"><strong data-start=\"4885\" data-end=\"4916\">Nuevas empresas de comercio electr\u00f3nico de moda<\/strong> necesidad de inventario asequible<\/p>\n<\/li>\n<li data-start=\"4946\" data-end=\"5013\">\n<p data-start=\"4948\" data-end=\"5013\"><strong data-start=\"4948\" data-end=\"4967\">Proveedores de eventos<\/strong> que trabajan con empresas de toda Europa<\/p>\n<\/li>\n<\/ul>\n<p data-start=\"5015\" data-end=\"5161\">Con m\u00ednimos bajos, plazos de entrega r\u00e1pidos y la ventaja a\u00f1adida de los env\u00edos libres de impuestos, somos un socio fiable tanto para las marcas en crecimiento como para las ya establecidas.<\/p>\n<hr data-start=\"5163\" data-end=\"5166\" \/>\n<h3 data-start=\"5168\" data-end=\"5208\">Aproveche al m\u00e1ximo la ventaja EUR.1<\/h3>\n<p data-start=\"5210\" data-end=\"5506\">Tanto si importa peque\u00f1as cantidades como si realiza env\u00edos masivos, aprovechar la preferencia comercial EUR.1 puede reducir significativamente sus costes en destino y aumentar su cuenta de resultados. Festival Factory se encarga de cada paso, desde el dise\u00f1o y la toma de muestras hasta la documentaci\u00f3n y la log\u00edstica, con precisi\u00f3n y cuidado.<\/p>\n<hr data-start=\"5508\" data-end=\"5511\" \/>\n<h3 data-start=\"5513\" data-end=\"5534\">Empecemos<\/h3>\n<p data-start=\"5536\" data-end=\"5735\">\u00bfQuiere aumentar su presencia en Europa sin inflar sus costes? P\u00f3ngase en contacto con Festival Factory hoy mismo para obtener m\u00e1s informaci\u00f3n sobre <strong data-start=\"5661\" data-end=\"5708\">servicios de fabricaci\u00f3n y exportaci\u00f3n libres de impuestos<\/strong> en virtud del acuerdo EUR.1.<\/p>\n<p data-start=\"5737\" data-end=\"5863\"><a href=\"https:\/\/festival-factory.com\/es\/contact-us\/\">P\u00f3ngase en contacto con nosotros<\/a> para un presupuesto personalizado o una comprobaci\u00f3n de conformidad.<\/p>","protected":false},"excerpt":{"rendered":"<p>Introduction: The Power of Preferential Trade with Europe Import duties  [&#8230;]<\/p>\n","protected":false},"author":2,"featured_media":0,"parent":3512,"menu_order":0,"comment_status":"closed","ping_status":"closed","template":"","meta":{"_acf_changed":false,"footnotes":""},"class_list":["post-3916","page","type-page","status-publish","hentry"],"acf":[],"yoast_head":"<!-- This site is optimized with the Yoast SEO plugin v27.4 - https:\/\/yoast.com\/product\/yoast-seo-wordpress\/ -->\n<title>EUR.1 Certificate \u2013 Duty-Free Trade Between Madagascar and the EU<\/title>\n<meta name=\"description\" content=\"Festival Factory offers duty-free shipping to EU countries using the EUR.1 certificate. Explore how your business can benefit from reduced import costs.\" \/>\n<meta name=\"robots\" content=\"index, follow, max-snippet:-1, max-image-preview:large, max-video-preview:-1\" \/>\n<link rel=\"canonical\" href=\"https:\/\/festival-factory.com\/es\/duty-free-shipping\/eur1-eu\/\" \/>\n<meta property=\"og:locale\" content=\"es_ES\" \/>\n<meta property=\"og:type\" content=\"article\" \/>\n<meta property=\"og:title\" content=\"EUR.1 Certificate \u2013 Duty-Free Trade Between Madagascar and the EU\" \/>\n<meta property=\"og:description\" content=\"Festival Factory offers duty-free shipping to EU countries using the EUR.1 certificate. Explore how your business can benefit from reduced import costs.\" \/>\n<meta property=\"og:url\" content=\"https:\/\/festival-factory.com\/es\/duty-free-shipping\/eur1-eu\/\" \/>\n<meta property=\"og:site_name\" content=\"Festival Factory Madagascar\" \/>\n<meta property=\"article:modified_time\" content=\"2025-07-18T15:14:54+00:00\" \/>\n<meta name=\"twitter:card\" content=\"summary_large_image\" \/>\n<meta name=\"twitter:label1\" content=\"Tiempo de lectura\" \/>\n\t<meta name=\"twitter:data1\" content=\"4 minutos\" \/>\n<script type=\"application\/ld+json\" class=\"yoast-schema-graph\">{\"@context\":\"https:\\\/\\\/schema.org\",\"@graph\":[{\"@type\":\"WebPage\",\"@id\":\"https:\\\/\\\/festival-factory.com\\\/duty-free-shipping\\\/eur1-eu\\\/\",\"url\":\"https:\\\/\\\/festival-factory.com\\\/duty-free-shipping\\\/eur1-eu\\\/\",\"name\":\"EUR.1 Certificate \u2013 Duty-Free Trade Between Madagascar and the EU\",\"isPartOf\":{\"@id\":\"https:\\\/\\\/festival-factory.com\\\/#website\"},\"datePublished\":\"2025-07-18T14:44:27+00:00\",\"dateModified\":\"2025-07-18T15:14:54+00:00\",\"description\":\"Festival Factory offers duty-free shipping to EU countries using the EUR.1 certificate. Explore how your business can benefit from reduced import costs.\",\"breadcrumb\":{\"@id\":\"https:\\\/\\\/festival-factory.com\\\/duty-free-shipping\\\/eur1-eu\\\/#breadcrumb\"},\"inLanguage\":\"es\",\"potentialAction\":[{\"@type\":\"ReadAction\",\"target\":[\"https:\\\/\\\/festival-factory.com\\\/duty-free-shipping\\\/eur1-eu\\\/\"]}]},{\"@type\":\"BreadcrumbList\",\"@id\":\"https:\\\/\\\/festival-factory.com\\\/duty-free-shipping\\\/eur1-eu\\\/#breadcrumb\",\"itemListElement\":[{\"@type\":\"ListItem\",\"position\":1,\"name\":\"Home\",\"item\":\"https:\\\/\\\/festival-factory.com\\\/\"},{\"@type\":\"ListItem\",\"position\":2,\"name\":\"Duty-Free Shipping from Madagascar\",\"item\":\"https:\\\/\\\/festival-factory.com\\\/duty-free-shipping\\\/\"},{\"@type\":\"ListItem\",\"position\":3,\"name\":\"EUR.1 \u2013 Duty-Free Shipping to the European Union\"}]},{\"@type\":\"WebSite\",\"@id\":\"https:\\\/\\\/festival-factory.com\\\/#website\",\"url\":\"https:\\\/\\\/festival-factory.com\\\/\",\"name\":\"Festival Factory Madagascar\",\"description\":\"Manufacturing apparel &amp; Costumes with decades of experience\",\"publisher\":{\"@id\":\"https:\\\/\\\/festival-factory.com\\\/#organization\"},\"potentialAction\":[{\"@type\":\"SearchAction\",\"target\":{\"@type\":\"EntryPoint\",\"urlTemplate\":\"https:\\\/\\\/festival-factory.com\\\/?s={search_term_string}\"},\"query-input\":{\"@type\":\"PropertyValueSpecification\",\"valueRequired\":true,\"valueName\":\"search_term_string\"}}],\"inLanguage\":\"es\"},{\"@type\":\"Organization\",\"@id\":\"https:\\\/\\\/festival-factory.com\\\/#organization\",\"name\":\"Festival Factory Madagascar\",\"url\":\"https:\\\/\\\/festival-factory.com\\\/\",\"logo\":{\"@type\":\"ImageObject\",\"inLanguage\":\"es\",\"@id\":\"https:\\\/\\\/festival-factory.com\\\/#\\\/schema\\\/logo\\\/image\\\/\",\"url\":\"https:\\\/\\\/festival-factory.com\\\/wp-content\\\/uploads\\\/2025\\\/02\\\/Festival-Logo.png\",\"contentUrl\":\"https:\\\/\\\/festival-factory.com\\\/wp-content\\\/uploads\\\/2025\\\/02\\\/Festival-Logo.png\",\"width\":2000,\"height\":519,\"caption\":\"Festival Factory Madagascar\"},\"image\":{\"@id\":\"https:\\\/\\\/festival-factory.com\\\/#\\\/schema\\\/logo\\\/image\\\/\"}}]}<\/script>\n<!-- \/ Yoast SEO plugin. -->","yoast_head_json":{"title":"EUR.1 Certificado - Comercio libre de derechos entre Madagascar y la UE","description":"Festival Factory ofrece env\u00edos libres de impuestos a pa\u00edses de la UE utilizando el certificado EUR.1. Explore c\u00f3mo su empresa puede beneficiarse de unos costes de importaci\u00f3n reducidos.","robots":{"index":"index","follow":"follow","max-snippet":"max-snippet:-1","max-image-preview":"max-image-preview:large","max-video-preview":"max-video-preview:-1"},"canonical":"https:\/\/festival-factory.com\/es\/duty-free-shipping\/eur1-eu\/","og_locale":"es_ES","og_type":"article","og_title":"EUR.1 Certificate \u2013 Duty-Free Trade Between Madagascar and the EU","og_description":"Festival Factory offers duty-free shipping to EU countries using the EUR.1 certificate. Explore how your business can benefit from reduced import costs.","og_url":"https:\/\/festival-factory.com\/es\/duty-free-shipping\/eur1-eu\/","og_site_name":"Festival Factory Madagascar","article_modified_time":"2025-07-18T15:14:54+00:00","twitter_card":"summary_large_image","twitter_misc":{"Tiempo de lectura":"4 minutos"},"schema":{"@context":"https:\/\/schema.org","@graph":[{"@type":"WebPage","@id":"https:\/\/festival-factory.com\/duty-free-shipping\/eur1-eu\/","url":"https:\/\/festival-factory.com\/duty-free-shipping\/eur1-eu\/","name":"EUR.1 Certificado - Comercio libre de derechos entre Madagascar y la UE","isPartOf":{"@id":"https:\/\/festival-factory.com\/#website"},"datePublished":"2025-07-18T14:44:27+00:00","dateModified":"2025-07-18T15:14:54+00:00","description":"Festival Factory ofrece env\u00edos libres de impuestos a pa\u00edses de la UE utilizando el certificado EUR.1. Explore c\u00f3mo su empresa puede beneficiarse de unos costes de importaci\u00f3n reducidos.","breadcrumb":{"@id":"https:\/\/festival-factory.com\/duty-free-shipping\/eur1-eu\/#breadcrumb"},"inLanguage":"es","potentialAction":[{"@type":"ReadAction","target":["https:\/\/festival-factory.com\/duty-free-shipping\/eur1-eu\/"]}]},{"@type":"BreadcrumbList","@id":"https:\/\/festival-factory.com\/duty-free-shipping\/eur1-eu\/#breadcrumb","itemListElement":[{"@type":"ListItem","position":1,"name":"Home","item":"https:\/\/festival-factory.com\/"},{"@type":"ListItem","position":2,"name":"Duty-Free Shipping from Madagascar","item":"https:\/\/festival-factory.com\/duty-free-shipping\/"},{"@type":"ListItem","position":3,"name":"EUR.1 \u2013 Duty-Free Shipping to the European Union"}]},{"@type":"WebSite","@id":"https:\/\/festival-factory.com\/#website","url":"https:\/\/festival-factory.com\/","name":"Festival Factory Madagascar","description":"Fabricaci\u00f3n de prendas de vestir y disfraces con d\u00e9cadas de experiencia","publisher":{"@id":"https:\/\/festival-factory.com\/#organization"},"potentialAction":[{"@type":"SearchAction","target":{"@type":"EntryPoint","urlTemplate":"https:\/\/festival-factory.com\/?s={search_term_string}"},"query-input":{"@type":"PropertyValueSpecification","valueRequired":true,"valueName":"search_term_string"}}],"inLanguage":"es"},{"@type":"Organization","@id":"https:\/\/festival-factory.com\/#organization","name":"Festival Factory Madagascar","url":"https:\/\/festival-factory.com\/","logo":{"@type":"ImageObject","inLanguage":"es","@id":"https:\/\/festival-factory.com\/#\/schema\/logo\/image\/","url":"https:\/\/festival-factory.com\/wp-content\/uploads\/2025\/02\/Festival-Logo.png","contentUrl":"https:\/\/festival-factory.com\/wp-content\/uploads\/2025\/02\/Festival-Logo.png","width":2000,"height":519,"caption":"Festival Factory Madagascar"},"image":{"@id":"https:\/\/festival-factory.com\/#\/schema\/logo\/image\/"}}]}},"_links":{"self":[{"href":"https:\/\/festival-factory.com\/es\/wp-json\/wp\/v2\/pages\/3916","targetHints":{"allow":["GET"]}}],"collection":[{"href":"https:\/\/festival-factory.com\/es\/wp-json\/wp\/v2\/pages"}],"about":[{"href":"https:\/\/festival-factory.com\/es\/wp-json\/wp\/v2\/types\/page"}],"author":[{"embeddable":true,"href":"https:\/\/festival-factory.com\/es\/wp-json\/wp\/v2\/users\/2"}],"replies":[{"embeddable":true,"href":"https:\/\/festival-factory.com\/es\/wp-json\/wp\/v2\/comments?post=3916"}],"version-history":[{"count":5,"href":"https:\/\/festival-factory.com\/es\/wp-json\/wp\/v2\/pages\/3916\/revisions"}],"predecessor-version":[{"id":3939,"href":"https:\/\/festival-factory.com\/es\/wp-json\/wp\/v2\/pages\/3916\/revisions\/3939"}],"up":[{"embeddable":true,"href":"https:\/\/festival-factory.com\/es\/wp-json\/wp\/v2\/pages\/3512"}],"wp:attachment":[{"href":"https:\/\/festival-factory.com\/es\/wp-json\/wp\/v2\/media?parent=3916"}],"curies":[{"name":"wp","href":"https:\/\/api.w.org\/{rel}","templated":true}]}}