{"id":3920,"date":"2025-07-18T14:46:21","date_gmt":"2025-07-18T14:46:21","guid":{"rendered":"https:\/\/festival-factory.com\/?page_id=3920"},"modified":"2025-07-18T15:14:47","modified_gmt":"2025-07-18T15:14:47","slug":"dcd-australia","status":"publish","type":"page","link":"https:\/\/festival-factory.com\/es\/duty-free-shipping\/dcd-australia\/","title":{"rendered":"DCD - Env\u00edos libres de impuestos a Australia"},"content":{"rendered":"<h3 data-start=\"4347\" data-end=\"4416\">Introducci\u00f3n: Reducci\u00f3n de los costes de importaci\u00f3n para los compradores australianos de ropa<\/h3>\n<p data-start=\"4418\" data-end=\"4751\">En un pa\u00eds como <strong data-start=\"4436\" data-end=\"4449\">Australia<\/strong>En un pa\u00eds como Madagascar, donde se importan la mayor\u00eda de las prendas de vestir, la gesti\u00f3n de los derechos de importaci\u00f3n es una parte fundamental de cualquier estrategia de aprovisionamiento. Para los compradores que miran m\u00e1s all\u00e1 de Asia, abastecerse en Madagascar ofrece una oportunidad atractiva, especialmente en el marco de la crisis econ\u00f3mica mundial. <strong data-start=\"4661\" data-end=\"4675\">Sistema DCD<\/strong>que permite <strong data-start=\"4694\" data-end=\"4715\">importaciones libres de impuestos<\/strong> de los pa\u00edses en desarrollo elegibles.<\/p>\n<p data-start=\"4753\" data-end=\"4959\">En <strong data-start=\"4756\" data-end=\"4776\">F\u00e1brica de festivales<\/strong>ayudamos a las marcas de moda australianas, a los minoristas y a los proveedores de vestuario a reducir sus costes de desembarque aprovechando la <strong data-start=\"4890\" data-end=\"4920\">Documento de cr\u00e9dito de derechos (DCD)<\/strong> al enviar ropa desde Madagascar.<\/p>\n<hr data-start=\"4961\" data-end=\"4964\" \/>\n<h3 data-start=\"4966\" data-end=\"4986\">\u00bfQu\u00e9 es la DCD?<\/h3>\n<p data-start=\"4988\" data-end=\"5316\">En <strong data-start=\"4992\" data-end=\"5022\">Documento de cr\u00e9dito de derechos (DCD)<\/strong> es un sistema que permite el acceso libre de derechos o con derechos reducidos al mercado australiano de mercanc\u00edas originarias de <strong data-start=\"5133\" data-end=\"5162\">pa\u00edses menos desarrollados<\/strong>. El objetivo es fomentar el comercio con las econom\u00edas en desarrollo, ofreciendo al mismo tiempo a los importadores australianos <strong data-start=\"5255\" data-end=\"5286\">alternativas rentables<\/strong> a los centros de aprovisionamiento tradicionales.<\/p>\n<p data-start=\"5318\" data-end=\"5452\">Madagascar est\u00e1 reconocido en este sistema, por lo que los productos de Festival Factory <strong data-start=\"5394\" data-end=\"5425\">con derecho a exenci\u00f3n de derechos<\/strong> a su llegada a Australia.<\/p>\n<hr data-start=\"5454\" data-end=\"5457\" \/>\n<h3 data-start=\"5459\" data-end=\"5500\">Principales ventajas para los importadores australianos<\/h3>\n<p data-start=\"5502\" data-end=\"5562\">Trabajar con Festival Factory bajo el sistema DCD proporciona:<\/p>\n<ul data-start=\"5564\" data-end=\"5762\">\n<li data-start=\"5564\" data-end=\"5608\">\n<p data-start=\"5566\" data-end=\"5608\"><strong data-start=\"5566\" data-end=\"5588\">Derechos de importaci\u00f3n cero<\/strong> en prendas elegibles<\/p>\n<\/li>\n<li data-start=\"5609\" data-end=\"5639\">\n<p data-start=\"5611\" data-end=\"5639\">Menores costes globales por unidad<\/p>\n<\/li>\n<li data-start=\"5640\" data-end=\"5690\">\n<p data-start=\"5642\" data-end=\"5690\">Cadenas de suministro m\u00e1s cortas que en Asia o Am\u00e9rica Latina<\/p>\n<\/li>\n<li data-start=\"5691\" data-end=\"5762\">\n<p data-start=\"5693\" data-end=\"5762\">Acceso a un socio de fabricaci\u00f3n \u00fanico y \u00e9tico en el Oc\u00e9ano \u00cdndico<\/p>\n<\/li>\n<\/ul>\n<p data-start=\"5764\" data-end=\"5918\">Tanto si eres un <strong data-start=\"5781\" data-end=\"5807\">marca de moda boutique<\/strong>, a <strong data-start=\"5811\" data-end=\"5843\">distribuidor de disfraces de temporada<\/strong>o un <strong data-start=\"5851\" data-end=\"5873\">startup de comercio electr\u00f3nico<\/strong>La DCD puede hacer que su empresa sea m\u00e1s rentable.<\/p>\n<hr data-start=\"5920\" data-end=\"5923\" \/>\n<h3 data-start=\"5925\" data-end=\"5970\">Productos que pueden acogerse a la franquicia aduanera de la DCD<\/h3>\n<p data-start=\"5972\" data-end=\"6058\">Festival Factory fabrica una amplia gama de prendas que pueden acogerse a los beneficios de la DCD:<\/p>\n<ul data-start=\"6059\" data-end=\"6200\">\n<li data-start=\"6059\" data-end=\"6089\">\n<p data-start=\"6061\" data-end=\"6089\">Disfraces infantiles<\/p>\n<\/li>\n<li data-start=\"6090\" data-end=\"6116\">\n<p data-start=\"6092\" data-end=\"6116\">Ropa escolar y para festivales<\/p>\n<\/li>\n<li data-start=\"6117\" data-end=\"6139\">\n<p data-start=\"6119\" data-end=\"6139\">Uniformes de hosteler\u00eda<\/p>\n<\/li>\n<li data-start=\"6140\" data-end=\"6174\">\n<p data-start=\"6142\" data-end=\"6174\">Ropa promocional ligera<\/p>\n<\/li>\n<li data-start=\"6175\" data-end=\"6200\">\n<p data-start=\"6177\" data-end=\"6200\">Prendas de marca personalizadas<\/p>\n<\/li>\n<\/ul>\n<p data-start=\"6202\" data-end=\"6338\">Tambi\u00e9n proporcionamos toda la documentaci\u00f3n de exportaci\u00f3n necesaria para respaldar la exenci\u00f3n de derechos de aduana en virtud de la DCD y ayudamos a su agente de aduanas a cumplir la normativa.<\/p>\n<hr data-start=\"6340\" data-end=\"6343\" \/>\n<h3 data-start=\"6345\" data-end=\"6384\">\u00bfPor qu\u00e9 elegir Madagascar para abastecerse?<\/h3>\n<p data-start=\"6386\" data-end=\"6473\">Mientras Australia importa tradicionalmente de China y el sudeste asi\u00e1tico, Madagascar ofrece:<\/p>\n<ul data-start=\"6474\" data-end=\"6675\">\n<li data-start=\"6474\" data-end=\"6506\">\n<p data-start=\"6476\" data-end=\"6506\">Env\u00edo libre de impuestos con DCD<\/p>\n<\/li>\n<li data-start=\"6507\" data-end=\"6569\">\n<p data-start=\"6509\" data-end=\"6569\">Producci\u00f3n de prendas de alta calidad con pr\u00e1cticas laborales \u00e9ticas<\/p>\n<\/li>\n<li data-start=\"6570\" data-end=\"6625\">\n<p data-start=\"6572\" data-end=\"6625\">Plazos de entrega competitivos para pedidos de peque\u00f1o y mediano volumen<\/p>\n<\/li>\n<li data-start=\"6626\" data-end=\"6675\">\n<p data-start=\"6628\" data-end=\"6675\">Acceso directo a los puertos australianos<\/p>\n<\/li>\n<\/ul>\n<hr data-start=\"6677\" data-end=\"6680\" \/>\n<h3 data-start=\"6682\" data-end=\"6740\">La experiencia de Festival Factory para el mercado australiano<\/h3>\n<p data-start=\"6742\" data-end=\"6802\">Entendemos las necesidades de los importadores australianos y proporcionamos:<\/p>\n<ul data-start=\"6803\" data-end=\"6987\">\n<li data-start=\"6803\" data-end=\"6840\">\n<p data-start=\"6805\" data-end=\"6840\">Gesti\u00f3n de cuentas en ingl\u00e9s<\/p>\n<\/li>\n<li data-start=\"6841\" data-end=\"6883\">\n<p data-start=\"6843\" data-end=\"6883\">Servicios personalizados de muestreo y desarrollo<\/p>\n<\/li>\n<li data-start=\"6884\" data-end=\"6925\">\n<p data-start=\"6886\" data-end=\"6925\">Producci\u00f3n fiable y control de calidad<\/p>\n<\/li>\n<li data-start=\"6926\" data-end=\"6987\">\n<p data-start=\"6928\" data-end=\"6987\">Coordinaci\u00f3n sin fisuras con los transitarios internacionales<\/p>\n<\/li>\n<\/ul>\n<hr data-start=\"6989\" data-end=\"6992\" \/>\n<h3 data-start=\"6994\" data-end=\"7022\">\u00bfEst\u00e1 listo para abastecerse mejor?<\/h3>\n<p data-start=\"7024\" data-end=\"7154\">Nuestro equipo est\u00e1 aqu\u00ed para ayudarle a desbloquear las ventajas de la DCD y hacer crecer su negocio en Australia con <strong data-start=\"7116\" data-end=\"7137\">importaciones libres de impuestos<\/strong> de Madagascar.<\/p>\n<p data-start=\"7156\" data-end=\"7285\"><a href=\"https:\/\/festival-factory.com\/es\/contact-us\/\">P\u00f3ngase en contacto<\/a> para obtener informaci\u00f3n sobre los requisitos y precios de los productos.<\/p>","protected":false},"excerpt":{"rendered":"<p>Introduction: Reducing Import Costs for Australian Apparel Buyers In a  [&#8230;]<\/p>\n","protected":false},"author":2,"featured_media":0,"parent":3512,"menu_order":0,"comment_status":"closed","ping_status":"closed","template":"","meta":{"_acf_changed":false,"footnotes":""},"class_list":["post-3920","page","type-page","status-publish","hentry"],"acf":[],"yoast_head":"<!-- This site is optimized with the Yoast SEO plugin v27.4 - https:\/\/yoast.com\/product\/yoast-seo-wordpress\/ -->\n<title>DCD Agreement \u2013 Affordable Imports to Australia from Madagascar<\/title>\n<meta name=\"description\" content=\"Save on import costs with Festival Factory through Madagascar\u2019s DCD agreement with Australia. Enjoy duty-free apparel and costume shipments.\" \/>\n<meta name=\"robots\" content=\"index, follow, max-snippet:-1, max-image-preview:large, max-video-preview:-1\" \/>\n<link rel=\"canonical\" href=\"https:\/\/festival-factory.com\/es\/duty-free-shipping\/dcd-australia\/\" \/>\n<meta property=\"og:locale\" content=\"es_ES\" \/>\n<meta property=\"og:type\" content=\"article\" \/>\n<meta property=\"og:title\" content=\"DCD Agreement \u2013 Affordable Imports to Australia from Madagascar\" \/>\n<meta property=\"og:description\" content=\"Save on import costs with Festival Factory through Madagascar\u2019s DCD agreement with Australia. Enjoy duty-free apparel and costume shipments.\" \/>\n<meta property=\"og:url\" content=\"https:\/\/festival-factory.com\/es\/duty-free-shipping\/dcd-australia\/\" \/>\n<meta property=\"og:site_name\" content=\"Festival Factory Madagascar\" \/>\n<meta property=\"article:modified_time\" content=\"2025-07-18T15:14:47+00:00\" \/>\n<meta name=\"twitter:card\" content=\"summary_large_image\" \/>\n<meta name=\"twitter:label1\" content=\"Tiempo de lectura\" \/>\n\t<meta name=\"twitter:data1\" content=\"2 minutos\" \/>\n<script type=\"application\/ld+json\" class=\"yoast-schema-graph\">{\"@context\":\"https:\\\/\\\/schema.org\",\"@graph\":[{\"@type\":\"WebPage\",\"@id\":\"https:\\\/\\\/festival-factory.com\\\/duty-free-shipping\\\/dcd-australia\\\/\",\"url\":\"https:\\\/\\\/festival-factory.com\\\/duty-free-shipping\\\/dcd-australia\\\/\",\"name\":\"DCD Agreement \u2013 Affordable Imports to Australia from Madagascar\",\"isPartOf\":{\"@id\":\"https:\\\/\\\/festival-factory.com\\\/#website\"},\"datePublished\":\"2025-07-18T14:46:21+00:00\",\"dateModified\":\"2025-07-18T15:14:47+00:00\",\"description\":\"Save on import costs with Festival Factory through Madagascar\u2019s DCD agreement with Australia. Enjoy duty-free apparel and costume shipments.\",\"breadcrumb\":{\"@id\":\"https:\\\/\\\/festival-factory.com\\\/duty-free-shipping\\\/dcd-australia\\\/#breadcrumb\"},\"inLanguage\":\"es\",\"potentialAction\":[{\"@type\":\"ReadAction\",\"target\":[\"https:\\\/\\\/festival-factory.com\\\/duty-free-shipping\\\/dcd-australia\\\/\"]}]},{\"@type\":\"BreadcrumbList\",\"@id\":\"https:\\\/\\\/festival-factory.com\\\/duty-free-shipping\\\/dcd-australia\\\/#breadcrumb\",\"itemListElement\":[{\"@type\":\"ListItem\",\"position\":1,\"name\":\"Home\",\"item\":\"https:\\\/\\\/festival-factory.com\\\/\"},{\"@type\":\"ListItem\",\"position\":2,\"name\":\"Duty-Free Shipping from Madagascar\",\"item\":\"https:\\\/\\\/festival-factory.com\\\/duty-free-shipping\\\/\"},{\"@type\":\"ListItem\",\"position\":3,\"name\":\"DCD \u2013 Duty-Free Shipping to Australia\"}]},{\"@type\":\"WebSite\",\"@id\":\"https:\\\/\\\/festival-factory.com\\\/#website\",\"url\":\"https:\\\/\\\/festival-factory.com\\\/\",\"name\":\"Festival Factory Madagascar\",\"description\":\"Manufacturing apparel &amp; Costumes with decades of experience\",\"publisher\":{\"@id\":\"https:\\\/\\\/festival-factory.com\\\/#organization\"},\"potentialAction\":[{\"@type\":\"SearchAction\",\"target\":{\"@type\":\"EntryPoint\",\"urlTemplate\":\"https:\\\/\\\/festival-factory.com\\\/?s={search_term_string}\"},\"query-input\":{\"@type\":\"PropertyValueSpecification\",\"valueRequired\":true,\"valueName\":\"search_term_string\"}}],\"inLanguage\":\"es\"},{\"@type\":\"Organization\",\"@id\":\"https:\\\/\\\/festival-factory.com\\\/#organization\",\"name\":\"Festival Factory Madagascar\",\"url\":\"https:\\\/\\\/festival-factory.com\\\/\",\"logo\":{\"@type\":\"ImageObject\",\"inLanguage\":\"es\",\"@id\":\"https:\\\/\\\/festival-factory.com\\\/#\\\/schema\\\/logo\\\/image\\\/\",\"url\":\"https:\\\/\\\/festival-factory.com\\\/wp-content\\\/uploads\\\/2025\\\/02\\\/Festival-Logo.png\",\"contentUrl\":\"https:\\\/\\\/festival-factory.com\\\/wp-content\\\/uploads\\\/2025\\\/02\\\/Festival-Logo.png\",\"width\":2000,\"height\":519,\"caption\":\"Festival Factory Madagascar\"},\"image\":{\"@id\":\"https:\\\/\\\/festival-factory.com\\\/#\\\/schema\\\/logo\\\/image\\\/\"}}]}<\/script>\n<!-- \/ Yoast SEO plugin. -->","yoast_head_json":{"title":"Acuerdo de DCD - Importaciones asequibles a Australia desde Madagascar","description":"Ahorre en costes de importaci\u00f3n con Festival Factory gracias al acuerdo DCD de Madagascar con Australia. Disfruta de env\u00edos de ropa y disfraces libres de impuestos.","robots":{"index":"index","follow":"follow","max-snippet":"max-snippet:-1","max-image-preview":"max-image-preview:large","max-video-preview":"max-video-preview:-1"},"canonical":"https:\/\/festival-factory.com\/es\/duty-free-shipping\/dcd-australia\/","og_locale":"es_ES","og_type":"article","og_title":"DCD Agreement \u2013 Affordable Imports to Australia from Madagascar","og_description":"Save on import costs with Festival Factory through Madagascar\u2019s DCD agreement with Australia. Enjoy duty-free apparel and costume shipments.","og_url":"https:\/\/festival-factory.com\/es\/duty-free-shipping\/dcd-australia\/","og_site_name":"Festival Factory Madagascar","article_modified_time":"2025-07-18T15:14:47+00:00","twitter_card":"summary_large_image","twitter_misc":{"Tiempo de lectura":"2 minutos"},"schema":{"@context":"https:\/\/schema.org","@graph":[{"@type":"WebPage","@id":"https:\/\/festival-factory.com\/duty-free-shipping\/dcd-australia\/","url":"https:\/\/festival-factory.com\/duty-free-shipping\/dcd-australia\/","name":"Acuerdo de DCD - Importaciones asequibles a Australia desde Madagascar","isPartOf":{"@id":"https:\/\/festival-factory.com\/#website"},"datePublished":"2025-07-18T14:46:21+00:00","dateModified":"2025-07-18T15:14:47+00:00","description":"Ahorre en costes de importaci\u00f3n con Festival Factory gracias al acuerdo DCD de Madagascar con Australia. Disfruta de env\u00edos de ropa y disfraces libres de impuestos.","breadcrumb":{"@id":"https:\/\/festival-factory.com\/duty-free-shipping\/dcd-australia\/#breadcrumb"},"inLanguage":"es","potentialAction":[{"@type":"ReadAction","target":["https:\/\/festival-factory.com\/duty-free-shipping\/dcd-australia\/"]}]},{"@type":"BreadcrumbList","@id":"https:\/\/festival-factory.com\/duty-free-shipping\/dcd-australia\/#breadcrumb","itemListElement":[{"@type":"ListItem","position":1,"name":"Home","item":"https:\/\/festival-factory.com\/"},{"@type":"ListItem","position":2,"name":"Duty-Free Shipping from Madagascar","item":"https:\/\/festival-factory.com\/duty-free-shipping\/"},{"@type":"ListItem","position":3,"name":"DCD \u2013 Duty-Free Shipping to Australia"}]},{"@type":"WebSite","@id":"https:\/\/festival-factory.com\/#website","url":"https:\/\/festival-factory.com\/","name":"Festival Factory Madagascar","description":"Fabricaci\u00f3n de prendas de vestir y disfraces con d\u00e9cadas de experiencia","publisher":{"@id":"https:\/\/festival-factory.com\/#organization"},"potentialAction":[{"@type":"SearchAction","target":{"@type":"EntryPoint","urlTemplate":"https:\/\/festival-factory.com\/?s={search_term_string}"},"query-input":{"@type":"PropertyValueSpecification","valueRequired":true,"valueName":"search_term_string"}}],"inLanguage":"es"},{"@type":"Organization","@id":"https:\/\/festival-factory.com\/#organization","name":"Festival Factory Madagascar","url":"https:\/\/festival-factory.com\/","logo":{"@type":"ImageObject","inLanguage":"es","@id":"https:\/\/festival-factory.com\/#\/schema\/logo\/image\/","url":"https:\/\/festival-factory.com\/wp-content\/uploads\/2025\/02\/Festival-Logo.png","contentUrl":"https:\/\/festival-factory.com\/wp-content\/uploads\/2025\/02\/Festival-Logo.png","width":2000,"height":519,"caption":"Festival Factory Madagascar"},"image":{"@id":"https:\/\/festival-factory.com\/#\/schema\/logo\/image\/"}}]}},"_links":{"self":[{"href":"https:\/\/festival-factory.com\/es\/wp-json\/wp\/v2\/pages\/3920","targetHints":{"allow":["GET"]}}],"collection":[{"href":"https:\/\/festival-factory.com\/es\/wp-json\/wp\/v2\/pages"}],"about":[{"href":"https:\/\/festival-factory.com\/es\/wp-json\/wp\/v2\/types\/page"}],"author":[{"embeddable":true,"href":"https:\/\/festival-factory.com\/es\/wp-json\/wp\/v2\/users\/2"}],"replies":[{"embeddable":true,"href":"https:\/\/festival-factory.com\/es\/wp-json\/wp\/v2\/comments?post=3920"}],"version-history":[{"count":4,"href":"https:\/\/festival-factory.com\/es\/wp-json\/wp\/v2\/pages\/3920\/revisions"}],"predecessor-version":[{"id":3936,"href":"https:\/\/festival-factory.com\/es\/wp-json\/wp\/v2\/pages\/3920\/revisions\/3936"}],"up":[{"embeddable":true,"href":"https:\/\/festival-factory.com\/es\/wp-json\/wp\/v2\/pages\/3512"}],"wp:attachment":[{"href":"https:\/\/festival-factory.com\/es\/wp-json\/wp\/v2\/media?parent=3920"}],"curies":[{"name":"wp","href":"https:\/\/api.w.org\/{rel}","templated":true}]}}