{"id":3922,"date":"2025-07-18T14:47:30","date_gmt":"2025-07-18T14:47:30","guid":{"rendered":"https:\/\/festival-factory.com\/?page_id=3922"},"modified":"2025-07-18T19:41:07","modified_gmt":"2025-07-18T19:41:07","slug":"dcts-uk","status":"publish","type":"page","link":"https:\/\/festival-factory.com\/es\/duty-free-shipping\/dcts-uk\/","title":{"rendered":"DCTS - Env\u00edos libres de impuestos a Gran Breta\u00f1a"},"content":{"rendered":"<h3 data-start=\"7646\" data-end=\"7712\">Introducci\u00f3n: Una nueva era de comercio entre el Reino Unido y Madagascar<\/h3>\n<p data-start=\"7714\" data-end=\"7954\">Desde el Brexit, el Reino Unido ha puesto en marcha nuevas pol\u00edticas comerciales para apoyar el abastecimiento desde pa\u00edses en desarrollo. Una de las herramientas m\u00e1s potentes para los importadores es la <strong data-start=\"7869\" data-end=\"7915\">R\u00e9gimen de Comercio de los Pa\u00edses en Desarrollo (DCTS)<\/strong> - y Madagascar es uno de los principales beneficiarios.<\/p>\n<p data-start=\"7956\" data-end=\"8216\">En <strong data-start=\"7959\" data-end=\"7979\">F\u00e1brica de festivales<\/strong>Utilizamos DCTS para ofrecer a nuestros clientes del Reino Unido <strong data-start=\"8030\" data-end=\"8099\">acceso libre de derechos de aduana a prendas de vestir, disfraces y productos textiles a medida<\/strong>. Si importa desde Madagascar, DCTS es su atajo para <strong data-start=\"8163\" data-end=\"8215\">ahorro significativo y despacho de aduanas sin problemas<\/strong>.<\/p>\n<hr data-start=\"8218\" data-end=\"8221\" \/>\n<h3 data-start=\"8223\" data-end=\"8244\">\u00bfQu\u00e9 es el DCTS?<\/h3>\n<p data-start=\"8246\" data-end=\"8515\">Lanzado en 2023, el <strong data-start=\"8268\" data-end=\"8314\">R\u00e9gimen de Comercio de los Pa\u00edses en Desarrollo (DCTS)<\/strong> sustituye al sistema SPG de la UE para el comercio con los pa\u00edses en desarrollo. Permite <strong data-start=\"8390\" data-end=\"8431\">pa\u00edses de renta baja y media-baja<\/strong> exportar mercanc\u00edas al <strong data-start=\"8455\" data-end=\"8478\">Mercado brit\u00e1nico libre de impuestos<\/strong>siempre que cumplan las normas de origen.<\/p>\n<p data-start=\"8517\" data-end=\"8626\">Madagascar cumple los requisitos de la <strong data-start=\"8548\" data-end=\"8577\">Escal\u00f3n de preferencias reforzadas<\/strong>que cubre la mayor\u00eda de las prendas de vestir y los productos textiles.<\/p>\n<hr data-start=\"8628\" data-end=\"8631\" \/>\n<h3 data-start=\"8633\" data-end=\"8670\">Ventajas del DCTS para los importadores brit\u00e1nicos<\/h3>\n<p data-start=\"8672\" data-end=\"8718\">Con DCTS, Festival Factory ofrece a los clientes del Reino Unido:<\/p>\n<ul data-start=\"8719\" data-end=\"8909\">\n<li data-start=\"8719\" data-end=\"8766\">\n<p data-start=\"8721\" data-end=\"8766\"><strong data-start=\"8721\" data-end=\"8743\">Derechos de importaci\u00f3n cero<\/strong> en prendas que cumplan los requisitos<\/p>\n<\/li>\n<li data-start=\"8767\" data-end=\"8802\">\n<p data-start=\"8769\" data-end=\"8802\">Reducci\u00f3n de los tr\u00e1mites burocr\u00e1ticos en la frontera brit\u00e1nica<\/p>\n<\/li>\n<li data-start=\"8803\" data-end=\"8855\">\n<p data-start=\"8805\" data-end=\"8855\">Mejores precios frente a socios comerciales no preferenciales<\/p>\n<\/li>\n<li data-start=\"8856\" data-end=\"8909\">\n<p data-start=\"8858\" data-end=\"8909\">Asistencia r\u00e1pida y fiable en tr\u00e1mites y log\u00edstica<\/p>\n<\/li>\n<\/ul>\n<hr data-start=\"8911\" data-end=\"8914\" \/>\n<h3 data-start=\"8916\" data-end=\"8944\">\u00bfQui\u00e9n debe utilizar el DCTS?<\/h3>\n<p data-start=\"8946\" data-end=\"8973\">El DCTS es ideal para los residentes en el Reino Unido:<\/p>\n<ul data-start=\"8974\" data-end=\"9122\">\n<li data-start=\"8974\" data-end=\"9014\">\n<p data-start=\"8976\" data-end=\"9014\">Nuevas empresas de moda y marcas de ropa de calle<\/p>\n<\/li>\n<li data-start=\"9015\" data-end=\"9051\">\n<p data-start=\"9017\" data-end=\"9051\">Minoristas en l\u00ednea y tiendas de disfraces<\/p>\n<\/li>\n<li data-start=\"9052\" data-end=\"9084\">\n<p data-start=\"9054\" data-end=\"9084\">Empresas de ropa promocional<\/p>\n<\/li>\n<li data-start=\"9085\" data-end=\"9122\">\n<p data-start=\"9087\" data-end=\"9122\">Organizadores de eventos y grupos de teatro<\/p>\n<\/li>\n<\/ul>\n<p data-start=\"9124\" data-end=\"9251\">Si est\u00e1 cansado de pagar aranceles elevados desde Asia o de lidiar con las normas de abastecimiento de la UE tras el Brexit, Madagascar es su soluci\u00f3n.<\/p>\n<hr data-start=\"9253\" data-end=\"9256\" \/>\n<h3 data-start=\"9258\" data-end=\"9317\">Festival Factory: Su socio de fabricaci\u00f3n en el Reino Unido<\/h3>\n<p data-start=\"9319\" data-end=\"9371\">Estamos totalmente preparados para satisfacer las necesidades de los compradores brit\u00e1nicos, ofreciendo:<\/p>\n<ul data-start=\"9372\" data-end=\"9521\">\n<li data-start=\"9372\" data-end=\"9406\">\n<p data-start=\"9374\" data-end=\"9406\">Muestras y series cortas<\/p>\n<\/li>\n<li data-start=\"9407\" data-end=\"9442\">\n<p data-start=\"9409\" data-end=\"9442\">Atenci\u00f3n al cliente en ingl\u00e9s<\/p>\n<\/li>\n<li data-start=\"9443\" data-end=\"9480\">\n<p data-start=\"9445\" data-end=\"9480\">Documentaci\u00f3n de exportaci\u00f3n conforme al DCTS<\/p>\n<\/li>\n<li data-start=\"9481\" data-end=\"9521\">\n<p data-start=\"9483\" data-end=\"9521\">Entrega puntual y garant\u00eda de calidad<\/p>\n<\/li>\n<\/ul>\n<hr data-start=\"9523\" data-end=\"9526\" \/>\n<h3 data-start=\"9528\" data-end=\"9554\">\u00bfQu\u00e9 productos cumplen los requisitos?<\/h3>\n<p data-start=\"9556\" data-end=\"9625\">La mayor\u00eda de nuestras prendas entran dentro de las categor\u00edas subvencionables por el DCTS, entre las que se incluyen:<\/p>\n<ul data-start=\"9626\" data-end=\"9741\">\n<li data-start=\"9626\" data-end=\"9655\">\n<p data-start=\"9628\" data-end=\"9655\">Trajes para festivales y eventos<\/p>\n<\/li>\n<li data-start=\"9656\" data-end=\"9684\">\n<p data-start=\"9658\" data-end=\"9684\">Ropa infantil tem\u00e1tica<\/p>\n<\/li>\n<li data-start=\"9685\" data-end=\"9712\">\n<p data-start=\"9687\" data-end=\"9712\">Uniformes escolares y de grupo<\/p>\n<\/li>\n<li data-start=\"9713\" data-end=\"9741\">\n<p data-start=\"9715\" data-end=\"9741\">Ropa promocional personalizada<\/p>\n<\/li>\n<\/ul>\n<p data-start=\"9743\" data-end=\"9845\">Nuestro equipo se asegura de que cada env\u00edo incluya las declaraciones de origen correctas para recibir la exenci\u00f3n arancelaria completa.<\/p>\n<hr data-start=\"9847\" data-end=\"9850\" \/>\n<h3 data-start=\"9852\" data-end=\"9888\">Reduzcamos sus costes tras el Brexit<\/h3>\n<p data-start=\"9890\" data-end=\"10082\">Con tantos importadores brit\u00e1nicos que buscan diversificar sus cadenas de suministro, Madagascar ofrece una <strong data-start=\"9978\" data-end=\"9999\">alternativa fresca<\/strong> con ventajas econ\u00f3micas reales. DCTS es el puente-Festival Factory es el socio.<\/p>\n<p data-start=\"10084\" data-end=\"10223\"><a href=\"https:\/\/festival-factory.com\/es\/contact-us\/\">Env\u00edenos un mensaje<\/a> para confirmar la elegibilidad y explorar su pr\u00f3xima tirada de producci\u00f3n.<\/p>","protected":false},"excerpt":{"rendered":"<p>Introduction: A New Era of Trade Between the UK and  [&#8230;]<\/p>\n","protected":false},"author":2,"featured_media":0,"parent":3512,"menu_order":0,"comment_status":"closed","ping_status":"closed","template":"","meta":{"_acf_changed":false,"footnotes":""},"class_list":["post-3922","page","type-page","status-publish","hentry"],"acf":[],"yoast_head":"<!-- This site is optimized with the Yoast SEO plugin v27.4 - https:\/\/yoast.com\/product\/yoast-seo-wordpress\/ -->\n<title>DCTS Agreement \u2013 Duty-Free Trade with the UK Post-Brexit<\/title>\n<meta name=\"description\" content=\"Ship apparel duty-free to the UK with Festival Factory under the DCTS. Learn how this agreement simplifies imports for British buyers.\" \/>\n<meta name=\"robots\" content=\"index, follow, max-snippet:-1, max-image-preview:large, max-video-preview:-1\" \/>\n<link rel=\"canonical\" href=\"https:\/\/festival-factory.com\/es\/duty-free-shipping\/dcts-uk\/\" \/>\n<meta property=\"og:locale\" content=\"es_ES\" \/>\n<meta property=\"og:type\" content=\"article\" \/>\n<meta property=\"og:title\" content=\"DCTS Agreement \u2013 Duty-Free Trade with the UK Post-Brexit\" \/>\n<meta property=\"og:description\" content=\"Ship apparel duty-free to the UK with Festival Factory under the DCTS. Learn how this agreement simplifies imports for British buyers.\" \/>\n<meta property=\"og:url\" content=\"https:\/\/festival-factory.com\/es\/duty-free-shipping\/dcts-uk\/\" \/>\n<meta property=\"og:site_name\" content=\"Festival Factory Madagascar\" \/>\n<meta property=\"article:modified_time\" content=\"2025-07-18T19:41:07+00:00\" \/>\n<meta name=\"twitter:card\" content=\"summary_large_image\" \/>\n<meta name=\"twitter:label1\" content=\"Tiempo de lectura\" \/>\n\t<meta name=\"twitter:data1\" content=\"2 minutos\" \/>\n<script type=\"application\/ld+json\" class=\"yoast-schema-graph\">{\"@context\":\"https:\\\/\\\/schema.org\",\"@graph\":[{\"@type\":\"WebPage\",\"@id\":\"https:\\\/\\\/festival-factory.com\\\/duty-free-shipping\\\/dcts-uk\\\/\",\"url\":\"https:\\\/\\\/festival-factory.com\\\/duty-free-shipping\\\/dcts-uk\\\/\",\"name\":\"DCTS Agreement \u2013 Duty-Free Trade with the UK Post-Brexit\",\"isPartOf\":{\"@id\":\"https:\\\/\\\/festival-factory.com\\\/#website\"},\"datePublished\":\"2025-07-18T14:47:30+00:00\",\"dateModified\":\"2025-07-18T19:41:07+00:00\",\"description\":\"Ship apparel duty-free to the UK with Festival Factory under the DCTS. Learn how this agreement simplifies imports for British buyers.\",\"breadcrumb\":{\"@id\":\"https:\\\/\\\/festival-factory.com\\\/duty-free-shipping\\\/dcts-uk\\\/#breadcrumb\"},\"inLanguage\":\"es\",\"potentialAction\":[{\"@type\":\"ReadAction\",\"target\":[\"https:\\\/\\\/festival-factory.com\\\/duty-free-shipping\\\/dcts-uk\\\/\"]}]},{\"@type\":\"BreadcrumbList\",\"@id\":\"https:\\\/\\\/festival-factory.com\\\/duty-free-shipping\\\/dcts-uk\\\/#breadcrumb\",\"itemListElement\":[{\"@type\":\"ListItem\",\"position\":1,\"name\":\"Home\",\"item\":\"https:\\\/\\\/festival-factory.com\\\/\"},{\"@type\":\"ListItem\",\"position\":2,\"name\":\"Duty-Free Shipping from Madagascar\",\"item\":\"https:\\\/\\\/festival-factory.com\\\/duty-free-shipping\\\/\"},{\"@type\":\"ListItem\",\"position\":3,\"name\":\"DCTS \u2013 Duty-Free Shipping to Great Britain\"}]},{\"@type\":\"WebSite\",\"@id\":\"https:\\\/\\\/festival-factory.com\\\/#website\",\"url\":\"https:\\\/\\\/festival-factory.com\\\/\",\"name\":\"Festival Factory Madagascar\",\"description\":\"Manufacturing apparel &amp; Costumes with decades of experience\",\"publisher\":{\"@id\":\"https:\\\/\\\/festival-factory.com\\\/#organization\"},\"potentialAction\":[{\"@type\":\"SearchAction\",\"target\":{\"@type\":\"EntryPoint\",\"urlTemplate\":\"https:\\\/\\\/festival-factory.com\\\/?s={search_term_string}\"},\"query-input\":{\"@type\":\"PropertyValueSpecification\",\"valueRequired\":true,\"valueName\":\"search_term_string\"}}],\"inLanguage\":\"es\"},{\"@type\":\"Organization\",\"@id\":\"https:\\\/\\\/festival-factory.com\\\/#organization\",\"name\":\"Festival Factory Madagascar\",\"url\":\"https:\\\/\\\/festival-factory.com\\\/\",\"logo\":{\"@type\":\"ImageObject\",\"inLanguage\":\"es\",\"@id\":\"https:\\\/\\\/festival-factory.com\\\/#\\\/schema\\\/logo\\\/image\\\/\",\"url\":\"https:\\\/\\\/festival-factory.com\\\/wp-content\\\/uploads\\\/2025\\\/02\\\/Festival-Logo.png\",\"contentUrl\":\"https:\\\/\\\/festival-factory.com\\\/wp-content\\\/uploads\\\/2025\\\/02\\\/Festival-Logo.png\",\"width\":2000,\"height\":519,\"caption\":\"Festival Factory Madagascar\"},\"image\":{\"@id\":\"https:\\\/\\\/festival-factory.com\\\/#\\\/schema\\\/logo\\\/image\\\/\"}}]}<\/script>\n<!-- \/ Yoast SEO plugin. -->","yoast_head_json":{"title":"Acuerdo DCTS - Comercio libre de aranceles con el Reino Unido tras el Brexit","description":"Env\u00ede ropa libre de impuestos al Reino Unido con Festival Factory en el marco del DCTS. Descubra c\u00f3mo este acuerdo simplifica las importaciones para los compradores brit\u00e1nicos.","robots":{"index":"index","follow":"follow","max-snippet":"max-snippet:-1","max-image-preview":"max-image-preview:large","max-video-preview":"max-video-preview:-1"},"canonical":"https:\/\/festival-factory.com\/es\/duty-free-shipping\/dcts-uk\/","og_locale":"es_ES","og_type":"article","og_title":"DCTS Agreement \u2013 Duty-Free Trade with the UK Post-Brexit","og_description":"Ship apparel duty-free to the UK with Festival Factory under the DCTS. Learn how this agreement simplifies imports for British buyers.","og_url":"https:\/\/festival-factory.com\/es\/duty-free-shipping\/dcts-uk\/","og_site_name":"Festival Factory Madagascar","article_modified_time":"2025-07-18T19:41:07+00:00","twitter_card":"summary_large_image","twitter_misc":{"Tiempo de lectura":"2 minutos"},"schema":{"@context":"https:\/\/schema.org","@graph":[{"@type":"WebPage","@id":"https:\/\/festival-factory.com\/duty-free-shipping\/dcts-uk\/","url":"https:\/\/festival-factory.com\/duty-free-shipping\/dcts-uk\/","name":"Acuerdo DCTS - Comercio libre de aranceles con el Reino Unido tras el Brexit","isPartOf":{"@id":"https:\/\/festival-factory.com\/#website"},"datePublished":"2025-07-18T14:47:30+00:00","dateModified":"2025-07-18T19:41:07+00:00","description":"Env\u00ede ropa libre de impuestos al Reino Unido con Festival Factory en el marco del DCTS. Descubra c\u00f3mo este acuerdo simplifica las importaciones para los compradores brit\u00e1nicos.","breadcrumb":{"@id":"https:\/\/festival-factory.com\/duty-free-shipping\/dcts-uk\/#breadcrumb"},"inLanguage":"es","potentialAction":[{"@type":"ReadAction","target":["https:\/\/festival-factory.com\/duty-free-shipping\/dcts-uk\/"]}]},{"@type":"BreadcrumbList","@id":"https:\/\/festival-factory.com\/duty-free-shipping\/dcts-uk\/#breadcrumb","itemListElement":[{"@type":"ListItem","position":1,"name":"Home","item":"https:\/\/festival-factory.com\/"},{"@type":"ListItem","position":2,"name":"Duty-Free Shipping from Madagascar","item":"https:\/\/festival-factory.com\/duty-free-shipping\/"},{"@type":"ListItem","position":3,"name":"DCTS \u2013 Duty-Free Shipping to Great Britain"}]},{"@type":"WebSite","@id":"https:\/\/festival-factory.com\/#website","url":"https:\/\/festival-factory.com\/","name":"Festival Factory Madagascar","description":"Fabricaci\u00f3n de prendas de vestir y disfraces con d\u00e9cadas de experiencia","publisher":{"@id":"https:\/\/festival-factory.com\/#organization"},"potentialAction":[{"@type":"SearchAction","target":{"@type":"EntryPoint","urlTemplate":"https:\/\/festival-factory.com\/?s={search_term_string}"},"query-input":{"@type":"PropertyValueSpecification","valueRequired":true,"valueName":"search_term_string"}}],"inLanguage":"es"},{"@type":"Organization","@id":"https:\/\/festival-factory.com\/#organization","name":"Festival Factory Madagascar","url":"https:\/\/festival-factory.com\/","logo":{"@type":"ImageObject","inLanguage":"es","@id":"https:\/\/festival-factory.com\/#\/schema\/logo\/image\/","url":"https:\/\/festival-factory.com\/wp-content\/uploads\/2025\/02\/Festival-Logo.png","contentUrl":"https:\/\/festival-factory.com\/wp-content\/uploads\/2025\/02\/Festival-Logo.png","width":2000,"height":519,"caption":"Festival Factory Madagascar"},"image":{"@id":"https:\/\/festival-factory.com\/#\/schema\/logo\/image\/"}}]}},"_links":{"self":[{"href":"https:\/\/festival-factory.com\/es\/wp-json\/wp\/v2\/pages\/3922","targetHints":{"allow":["GET"]}}],"collection":[{"href":"https:\/\/festival-factory.com\/es\/wp-json\/wp\/v2\/pages"}],"about":[{"href":"https:\/\/festival-factory.com\/es\/wp-json\/wp\/v2\/types\/page"}],"author":[{"embeddable":true,"href":"https:\/\/festival-factory.com\/es\/wp-json\/wp\/v2\/users\/2"}],"replies":[{"embeddable":true,"href":"https:\/\/festival-factory.com\/es\/wp-json\/wp\/v2\/comments?post=3922"}],"version-history":[{"count":3,"href":"https:\/\/festival-factory.com\/es\/wp-json\/wp\/v2\/pages\/3922\/revisions"}],"predecessor-version":[{"id":3934,"href":"https:\/\/festival-factory.com\/es\/wp-json\/wp\/v2\/pages\/3922\/revisions\/3934"}],"up":[{"embeddable":true,"href":"https:\/\/festival-factory.com\/es\/wp-json\/wp\/v2\/pages\/3512"}],"wp:attachment":[{"href":"https:\/\/festival-factory.com\/es\/wp-json\/wp\/v2\/media?parent=3922"}],"curies":[{"name":"wp","href":"https:\/\/api.w.org\/{rel}","templated":true}]}}