{"id":3421,"date":"2025-02-12T15:10:27","date_gmt":"2025-02-12T15:10:27","guid":{"rendered":"https:\/\/festival-factory.com\/?page_id=3421"},"modified":"2025-06-24T09:23:40","modified_gmt":"2025-06-24T09:23:40","slug":"quality-control","status":"publish","type":"page","link":"https:\/\/festival-factory.com\/fr\/quality-control\/","title":{"rendered":"Contr\u00f4le de la qualit\u00e9"},"content":{"rendered":"<p><div class=\"fusion-fullwidth fullwidth-box fusion-builder-row-1 fusion-flex-container has-pattern-background has-mask-background nonhundred-percent-fullwidth non-hundred-percent-height-scrolling\" style=\"--awb-border-radius-top-left:0px;--awb-border-radius-top-right:0px;--awb-border-radius-bottom-right:0px;--awb-border-radius-bottom-left:0px;--awb-flex-wrap:wrap;\" ><div class=\"fusion-builder-row fusion-row fusion-flex-align-items-flex-start fusion-flex-content-wrap\" style=\"max-width:1372.8px;margin-left: calc(-4% \/ 2 );margin-right: calc(-4% \/ 2 );\"><div class=\"fusion-layout-column fusion_builder_column fusion-builder-column-0 fusion_builder_column_1_1 1_1 fusion-flex-column\" style=\"--awb-bg-size:cover;--awb-width-large:100%;--awb-margin-top-large:0px;--awb-spacing-right-large:1.92%;--awb-margin-bottom-large:20px;--awb-spacing-left-large:1.92%;--awb-width-medium:100%;--awb-order-medium:0;--awb-spacing-right-medium:1.92%;--awb-spacing-left-medium:1.92%;--awb-width-small:100%;--awb-order-small:0;--awb-spacing-right-small:1.92%;--awb-spacing-left-small:1.92%;\"><div class=\"fusion-column-wrapper fusion-column-has-shadow fusion-flex-justify-content-flex-start fusion-content-layout-column\"><div class=\"fusion-text fusion-text-1\"><p><span style=\"color: var(--awb-text-color); font-family: var(--awb-text-font-family); font-size: var(--awb-font-size); font-style: var(--awb-text-font-style); font-weight: var(--awb-text-font-weight); letter-spacing: var(--awb-letter-spacing); text-align: var(--awb-content-alignment); text-transform: var(--awb-text-transform); background-color: var(--awb-bg-color-hover);\">Nos lignes de production sont con\u00e7ues pour assurer un contr\u00f4le de qualit\u00e9 \u00e0 chaque \u00e9tape, de la s\u00e9lection des tissus \u00e0 la mise en bo\u00eete, avec des contr\u00f4les en ligne pour une surveillance continue tout au long du processus de fabrication. Cette approche m\u00e9ticuleuse garantit que chaque pi\u00e8ce r\u00e9pond \u00e0 nos normes de qualit\u00e9 \u00e9lev\u00e9es.<\/span><\/p>\n<p>Tous les produits sont soumis \u00e0 des tests approfondis afin de respecter les r\u00e9glementations relatives \u00e0 la s\u00e9curit\u00e9 des enfants, ce qui permet de garantir la conformit\u00e9 sur tous les march\u00e9s et de maintenir les normes de s\u00e9curit\u00e9 les plus \u00e9lev\u00e9es pour vos clients.<\/p>\n<p>Pour une plus grande tranquillit\u00e9 d'esprit, tous les bons de commande passent par des d\u00e9tecteurs de m\u00e9taux et font l'objet d'un audit final avant d'\u00eatre exp\u00e9di\u00e9s. Tout au long du processus de production, nous effectuons des audits et des contr\u00f4les r\u00e9guliers afin de garantir une ex\u00e9cution sans faille et l'int\u00e9grit\u00e9 du produit.<\/p>\n<p>Nous sommes certifi\u00e9s SMETA pour nos pratiques commerciales \u00e9thiques et notre conformit\u00e9, et notre usine fait l'objet d'un audit Tesco, ce qui t\u00e9moigne de notre engagement \u00e0 respecter les normes les plus strictes en mati\u00e8re de fabrication et de s\u00e9curit\u00e9.<\/p>\n<\/div><\/div><\/div><\/div><\/div><div class=\"fusion-fullwidth fullwidth-box fusion-builder-row-2 fusion-flex-container has-pattern-background has-mask-background nonhundred-percent-fullwidth non-hundred-percent-height-scrolling\" style=\"--awb-border-radius-top-left:0px;--awb-border-radius-top-right:0px;--awb-border-radius-bottom-right:0px;--awb-border-radius-bottom-left:0px;--awb-flex-wrap:wrap;\" ><div class=\"fusion-builder-row fusion-row fusion-flex-align-items-flex-start fusion-flex-content-wrap\" style=\"max-width:1372.8px;margin-left: calc(-4% \/ 2 );margin-right: calc(-4% \/ 2 );\"><div class=\"fusion-layout-column fusion_builder_column fusion-builder-column-1 fusion_builder_column_1_3 1_3 fusion-flex-column\" style=\"--awb-bg-size:cover;--awb-width-large:33.333333333333%;--awb-margin-top-large:0px;--awb-spacing-right-large:5.76%;--awb-margin-bottom-large:20px;--awb-spacing-left-large:5.76%;--awb-width-medium:33.333333333333%;--awb-order-medium:0;--awb-spacing-right-medium:5.76%;--awb-spacing-left-medium:5.76%;--awb-width-small:100%;--awb-order-small:0;--awb-spacing-right-small:1.92%;--awb-spacing-left-small:1.92%;\"><div class=\"fusion-column-wrapper fusion-column-has-shadow fusion-flex-justify-content-flex-start fusion-content-layout-column\"><div class=\"fusion-image-element\" style=\"--awb-caption-title-font-family:var(--h2_typography-font-family);--awb-caption-title-font-weight:var(--h2_typography-font-weight);--awb-caption-title-font-style:var(--h2_typography-font-style);--awb-caption-title-size:var(--h2_typography-font-size);--awb-caption-title-transform:var(--h2_typography-text-transform);--awb-caption-title-line-height:var(--h2_typography-line-height);--awb-caption-title-letter-spacing:var(--h2_typography-letter-spacing);\"><span class=\"fusion-imageframe imageframe-none imageframe-1 hover-type-none\"><a class=\"fusion-no-lightbox\" href=\"https:\/\/www.oeko-tex.com\/\" target=\"_blank\" aria-label=\"Oeko_tex_-_umbrella_brand_-_11_2022.svg\" rel=\"noopener noreferrer\"><img decoding=\"async\" width=\"300\" height=\"300\" src=\"https:\/\/festival-factory.com\/wp-content\/uploads\/2025\/04\/Oeko_tex_-_umbrella_brand_-_11_2022.svg.png\" data-orig-src=\"https:\/\/festival-factory.com\/wp-content\/uploads\/2025\/04\/Oeko_tex_-_umbrella_brand_-_11_2022.svg-300x300.png\" alt class=\"lazyload img-responsive wp-image-3680\" srcset=\"data:image\/svg+xml,%3Csvg%20xmlns%3D%27http%3A%2F%2Fwww.w3.org%2F2000%2Fsvg%27%20width%3D%271200%27%20height%3D%271200%27%20viewBox%3D%270%200%201200%201200%27%3E%3Crect%20width%3D%271200%27%20height%3D%271200%27%20fill-opacity%3D%220%22%2F%3E%3C%2Fsvg%3E\" data-srcset=\"https:\/\/festival-factory.com\/wp-content\/uploads\/2025\/04\/Oeko_tex_-_umbrella_brand_-_11_2022.svg-200x200.png 200w, https:\/\/festival-factory.com\/wp-content\/uploads\/2025\/04\/Oeko_tex_-_umbrella_brand_-_11_2022.svg-400x400.png 400w, https:\/\/festival-factory.com\/wp-content\/uploads\/2025\/04\/Oeko_tex_-_umbrella_brand_-_11_2022.svg-600x600.png 600w, https:\/\/festival-factory.com\/wp-content\/uploads\/2025\/04\/Oeko_tex_-_umbrella_brand_-_11_2022.svg-800x800.png 800w, https:\/\/festival-factory.com\/wp-content\/uploads\/2025\/04\/Oeko_tex_-_umbrella_brand_-_11_2022.svg.png 1200w\" data-sizes=\"auto\" data-orig-sizes=\"(max-width: 850px) 100vw, 400px\" \/><\/a><\/span><\/div><\/div><\/div><div class=\"fusion-layout-column fusion_builder_column fusion-builder-column-2 fusion_builder_column_2_3 2_3 fusion-flex-column\" style=\"--awb-bg-size:cover;--awb-width-large:66.666666666667%;--awb-margin-top-large:0px;--awb-spacing-right-large:2.88%;--awb-margin-bottom-large:20px;--awb-spacing-left-large:2.88%;--awb-width-medium:66.666666666667%;--awb-order-medium:0;--awb-spacing-right-medium:2.88%;--awb-spacing-left-medium:2.88%;--awb-width-small:100%;--awb-order-small:0;--awb-spacing-right-small:1.92%;--awb-spacing-left-small:1.92%;\"><div class=\"fusion-column-wrapper fusion-column-has-shadow fusion-flex-justify-content-flex-start fusion-content-layout-column\"><div class=\"fusion-text fusion-text-2\"><p><b>Engagement en faveur de la qualit\u00e9 et de la s\u00e9curit\u00e9 avec la certification OEKO-TEX<\/b><\/p>\n<p>Chez Festival Factory, nous nous engageons \u00e0 garantir les normes de qualit\u00e9 et de s\u00e9curit\u00e9 les plus \u00e9lev\u00e9es pour chaque produit que nous fabriquons. Dans le cadre de notre engagement en faveur d'une fabrication responsable, nous sommes fiers de porter la certification OEKO-TEX\u00ae, une norme internationalement reconnue pour les textiles.<\/p>\n<p>OEKO-TEX\u00ae est un syst\u00e8me de certification qui garantit que nos produits sont exempts de substances nocives et sans danger pour la sant\u00e9 humaine. Cette certification garantit que les mat\u00e9riaux utilis\u00e9s dans nos v\u00eatements et nos produits sont soumis \u00e0 des tests rigoureux de d\u00e9tection des substances chimiques nocives, afin de s'assurer qu'ils r\u00e9pondent \u00e0 des crit\u00e8res stricts en mati\u00e8re de s\u00e9curit\u00e9 et d'environnement. Qu'il s'agisse de tissus, de teintures ou de produits finis, tous nos articles certifi\u00e9s OEKO-TEX\u00ae sont soumis \u00e0 des tests de d\u00e9tection des substances nocives, ce qui permet \u00e0 nos clients de choisir en toute tranquillit\u00e9 des produits fabriqu\u00e9s dans le respect de l'homme et de la plan\u00e8te.<\/p>\n<p>En choisissant les produits certifi\u00e9s OEKO-TEX\u00ae de Festival Factory, vous avez la certitude de s\u00e9lectionner des produits de haute qualit\u00e9 et durables qui accordent la priorit\u00e9 \u00e0 la s\u00e9curit\u00e9 et \u00e0 l'impact sur l'environnement.<\/p>\n<\/div><\/div><\/div><\/div><\/div><div class=\"fusion-fullwidth fullwidth-box fusion-builder-row-3 fusion-flex-container has-pattern-background has-mask-background nonhundred-percent-fullwidth non-hundred-percent-height-scrolling\" style=\"--awb-border-radius-top-left:0px;--awb-border-radius-top-right:0px;--awb-border-radius-bottom-right:0px;--awb-border-radius-bottom-left:0px;--awb-flex-wrap:wrap;\" ><div class=\"fusion-builder-row fusion-row fusion-flex-align-items-flex-start fusion-flex-content-wrap\" style=\"max-width:1372.8px;margin-left: calc(-4% \/ 2 );margin-right: calc(-4% \/ 2 );\"><div class=\"fusion-layout-column fusion_builder_column fusion-builder-column-3 fusion_builder_column_1_3 1_3 fusion-flex-column\" style=\"--awb-bg-size:cover;--awb-width-large:33.333333333333%;--awb-margin-top-large:0px;--awb-spacing-right-large:5.76%;--awb-margin-bottom-large:20px;--awb-spacing-left-large:5.76%;--awb-width-medium:33.333333333333%;--awb-order-medium:0;--awb-spacing-right-medium:5.76%;--awb-spacing-left-medium:5.76%;--awb-width-small:100%;--awb-order-small:0;--awb-spacing-right-small:1.92%;--awb-spacing-left-small:1.92%;\"><div class=\"fusion-column-wrapper fusion-column-has-shadow fusion-flex-justify-content-flex-start fusion-content-layout-column\"><div class=\"fusion-image-element\" style=\"--awb-caption-title-font-family:var(--h2_typography-font-family);--awb-caption-title-font-weight:var(--h2_typography-font-weight);--awb-caption-title-font-style:var(--h2_typography-font-style);--awb-caption-title-size:var(--h2_typography-font-size);--awb-caption-title-transform:var(--h2_typography-text-transform);--awb-caption-title-line-height:var(--h2_typography-line-height);--awb-caption-title-letter-spacing:var(--h2_typography-letter-spacing);\"><span class=\"fusion-imageframe imageframe-none imageframe-2 hover-type-none\"><a class=\"fusion-no-lightbox\" href=\"https:\/\/www.sedex.com\/\" target=\"_blank\" aria-label=\"smeta-logo\" rel=\"noopener noreferrer\"><img decoding=\"async\" width=\"300\" height=\"158\" src=\"https:\/\/festival-factory.com\/wp-content\/uploads\/2025\/04\/smeta-logo.jpeg\" data-orig-src=\"https:\/\/festival-factory.com\/wp-content\/uploads\/2025\/04\/smeta-logo-300x158.jpeg\" alt class=\"lazyload img-responsive wp-image-3679\" srcset=\"data:image\/svg+xml,%3Csvg%20xmlns%3D%27http%3A%2F%2Fwww.w3.org%2F2000%2Fsvg%27%20width%3D%271200%27%20height%3D%27630%27%20viewBox%3D%270%200%201200%20630%27%3E%3Crect%20width%3D%271200%27%20height%3D%27630%27%20fill-opacity%3D%220%22%2F%3E%3C%2Fsvg%3E\" data-srcset=\"https:\/\/festival-factory.com\/wp-content\/uploads\/2025\/04\/smeta-logo-200x105.jpeg 200w, https:\/\/festival-factory.com\/wp-content\/uploads\/2025\/04\/smeta-logo-400x210.jpeg 400w, https:\/\/festival-factory.com\/wp-content\/uploads\/2025\/04\/smeta-logo-600x315.jpeg 600w, https:\/\/festival-factory.com\/wp-content\/uploads\/2025\/04\/smeta-logo-800x420.jpeg 800w, https:\/\/festival-factory.com\/wp-content\/uploads\/2025\/04\/smeta-logo.jpeg 1200w\" data-sizes=\"auto\" data-orig-sizes=\"(max-width: 850px) 100vw, 400px\" \/><\/a><\/span><\/div><\/div><\/div><div class=\"fusion-layout-column fusion_builder_column fusion-builder-column-4 fusion_builder_column_2_3 2_3 fusion-flex-column\" style=\"--awb-bg-size:cover;--awb-width-large:66.666666666667%;--awb-margin-top-large:0px;--awb-spacing-right-large:2.88%;--awb-margin-bottom-large:20px;--awb-spacing-left-large:2.88%;--awb-width-medium:66.666666666667%;--awb-order-medium:0;--awb-spacing-right-medium:2.88%;--awb-spacing-left-medium:2.88%;--awb-width-small:100%;--awb-order-small:0;--awb-spacing-right-small:1.92%;--awb-spacing-left-small:1.92%;\"><div class=\"fusion-column-wrapper fusion-column-has-shadow fusion-flex-justify-content-flex-start fusion-content-layout-column\"><div class=\"fusion-text fusion-text-3\"><p><b>Notre engagement en faveur de pratiques commerciales \u00e9thiques avec la certification SMETA<\/b><\/p>\n<p>Chez Festival Factory, nous nous engageons \u00e0 respecter les normes \u00e9thiques les plus strictes dans tous les aspects de nos activit\u00e9s. Dans le cadre de notre engagement en mati\u00e8re de responsabilit\u00e9 sociale, nous sommes fiers d'\u00eatre certifi\u00e9s SMETA, ce qui d\u00e9montre notre adh\u00e9sion aux normes \u00e9thiques rigoureuses \u00e9tablies par le Sedex Members Ethical Trade Audit (SMETA).<\/p>\n<p>SMETA est l'un des cadres d'audit social les plus utilis\u00e9s dans le monde. Il se concentre sur quatre domaines cl\u00e9s : les normes du travail, la sant\u00e9 et la s\u00e9curit\u00e9, l'impact sur l'environnement et l'\u00e9thique des affaires. Gr\u00e2ce au processus d'audit SMETA, nous nous assurons que notre usine fonctionne de mani\u00e8re \u00e9quitable, s\u00fbre et durable, en traitant nos employ\u00e9s avec dignit\u00e9 et respect, tout en minimisant notre impact sur l'environnement et en veillant au respect de toutes les exigences l\u00e9gales.<\/p>\n<p>Notre certification SMETA refl\u00e8te nos efforts continus pour faire respecter les principes du commerce \u00e9quitable, des droits des travailleurs et de la responsabilit\u00e9 environnementale, en garantissant que tous nos produits sont fabriqu\u00e9s dans le respect des pratiques \u00e9thiques. Avec la certification SMETA, nous renfor\u00e7ons notre engagement en faveur de la transparence, de l'am\u00e9lioration continue et de la fourniture de produits qui sont non seulement de la plus haute qualit\u00e9, mais aussi fabriqu\u00e9s de mani\u00e8re \u00e9thique.<\/p>\n<\/div><\/div><\/div><\/div><\/div><\/p>","protected":false},"excerpt":{"rendered":"","protected":false},"author":1,"featured_media":0,"parent":0,"menu_order":0,"comment_status":"closed","ping_status":"closed","template":"100-width.php","meta":{"_acf_changed":false,"footnotes":""},"class_list":["post-3421","page","type-page","status-publish","hentry"],"acf":[],"yoast_head":"<!-- This site is optimized with the Yoast SEO plugin v27.4 - https:\/\/yoast.com\/product\/yoast-seo-wordpress\/ -->\n<title>Quality Control - Festival Factory Madagascar<\/title>\n<meta name=\"description\" content=\"Festival Factory ensures top-quality apparel through comprehensive in-line checks, child safety testing, metal detection, OEKO-TEX\u00ae and SMETA certifications.\" \/>\n<meta name=\"robots\" content=\"index, follow, max-snippet:-1, max-image-preview:large, max-video-preview:-1\" \/>\n<link rel=\"canonical\" href=\"https:\/\/festival-factory.com\/fr\/quality-control\/\" \/>\n<meta property=\"og:locale\" content=\"fr_FR\" \/>\n<meta property=\"og:type\" content=\"article\" \/>\n<meta property=\"og:title\" content=\"Quality Control - Festival Factory Madagascar\" \/>\n<meta property=\"og:description\" content=\"Festival Factory ensures top-quality apparel through comprehensive in-line checks, child safety testing, metal detection, OEKO-TEX\u00ae and SMETA certifications.\" \/>\n<meta property=\"og:url\" content=\"https:\/\/festival-factory.com\/fr\/quality-control\/\" \/>\n<meta property=\"og:site_name\" content=\"Festival Factory Madagascar\" \/>\n<meta property=\"article:modified_time\" content=\"2025-06-24T09:23:40+00:00\" \/>\n<meta name=\"twitter:card\" content=\"summary_large_image\" \/>\n<meta name=\"twitter:label1\" content=\"Dur\u00e9e de lecture estim\u00e9e\" \/>\n\t<meta name=\"twitter:data1\" content=\"3 minutes\" \/>\n<script type=\"application\/ld+json\" class=\"yoast-schema-graph\">{\"@context\":\"https:\\\/\\\/schema.org\",\"@graph\":[{\"@type\":\"WebPage\",\"@id\":\"https:\\\/\\\/festival-factory.com\\\/quality-control\\\/\",\"url\":\"https:\\\/\\\/festival-factory.com\\\/quality-control\\\/\",\"name\":\"Quality Control - Festival Factory Madagascar\",\"isPartOf\":{\"@id\":\"https:\\\/\\\/festival-factory.com\\\/#website\"},\"datePublished\":\"2025-02-12T15:10:27+00:00\",\"dateModified\":\"2025-06-24T09:23:40+00:00\",\"description\":\"Festival Factory ensures top-quality apparel through comprehensive in-line checks, child safety testing, metal detection, OEKO-TEX\u00ae and SMETA certifications.\",\"breadcrumb\":{\"@id\":\"https:\\\/\\\/festival-factory.com\\\/quality-control\\\/#breadcrumb\"},\"inLanguage\":\"fr-FR\",\"potentialAction\":[{\"@type\":\"ReadAction\",\"target\":[\"https:\\\/\\\/festival-factory.com\\\/quality-control\\\/\"]}]},{\"@type\":\"BreadcrumbList\",\"@id\":\"https:\\\/\\\/festival-factory.com\\\/quality-control\\\/#breadcrumb\",\"itemListElement\":[{\"@type\":\"ListItem\",\"position\":1,\"name\":\"Home\",\"item\":\"https:\\\/\\\/festival-factory.com\\\/\"},{\"@type\":\"ListItem\",\"position\":2,\"name\":\"Quality Control\"}]},{\"@type\":\"WebSite\",\"@id\":\"https:\\\/\\\/festival-factory.com\\\/#website\",\"url\":\"https:\\\/\\\/festival-factory.com\\\/\",\"name\":\"Festival Factory Madagascar\",\"description\":\"Manufacturing apparel &amp; Costumes with decades of experience\",\"publisher\":{\"@id\":\"https:\\\/\\\/festival-factory.com\\\/#organization\"},\"potentialAction\":[{\"@type\":\"SearchAction\",\"target\":{\"@type\":\"EntryPoint\",\"urlTemplate\":\"https:\\\/\\\/festival-factory.com\\\/?s={search_term_string}\"},\"query-input\":{\"@type\":\"PropertyValueSpecification\",\"valueRequired\":true,\"valueName\":\"search_term_string\"}}],\"inLanguage\":\"fr-FR\"},{\"@type\":\"Organization\",\"@id\":\"https:\\\/\\\/festival-factory.com\\\/#organization\",\"name\":\"Festival Factory Madagascar\",\"url\":\"https:\\\/\\\/festival-factory.com\\\/\",\"logo\":{\"@type\":\"ImageObject\",\"inLanguage\":\"fr-FR\",\"@id\":\"https:\\\/\\\/festival-factory.com\\\/#\\\/schema\\\/logo\\\/image\\\/\",\"url\":\"https:\\\/\\\/festival-factory.com\\\/wp-content\\\/uploads\\\/2025\\\/02\\\/Festival-Logo.png\",\"contentUrl\":\"https:\\\/\\\/festival-factory.com\\\/wp-content\\\/uploads\\\/2025\\\/02\\\/Festival-Logo.png\",\"width\":2000,\"height\":519,\"caption\":\"Festival Factory Madagascar\"},\"image\":{\"@id\":\"https:\\\/\\\/festival-factory.com\\\/#\\\/schema\\\/logo\\\/image\\\/\"}}]}<\/script>\n<!-- \/ Yoast SEO plugin. -->","yoast_head_json":{"title":"Contr\u00f4le de qualit\u00e9 - Festival Factory Madagascar","description":"Festival Factory garantit des v\u00eatements de qualit\u00e9 sup\u00e9rieure gr\u00e2ce \u00e0 des contr\u00f4les complets en ligne, des tests de s\u00e9curit\u00e9 pour les enfants, la d\u00e9tection de m\u00e9taux et les certifications OEKO-TEX\u00ae et SMETA.","robots":{"index":"index","follow":"follow","max-snippet":"max-snippet:-1","max-image-preview":"max-image-preview:large","max-video-preview":"max-video-preview:-1"},"canonical":"https:\/\/festival-factory.com\/fr\/quality-control\/","og_locale":"fr_FR","og_type":"article","og_title":"Quality Control - Festival Factory Madagascar","og_description":"Festival Factory ensures top-quality apparel through comprehensive in-line checks, child safety testing, metal detection, OEKO-TEX\u00ae and SMETA certifications.","og_url":"https:\/\/festival-factory.com\/fr\/quality-control\/","og_site_name":"Festival Factory Madagascar","article_modified_time":"2025-06-24T09:23:40+00:00","twitter_card":"summary_large_image","twitter_misc":{"Dur\u00e9e de lecture estim\u00e9e":"3 minutes"},"schema":{"@context":"https:\/\/schema.org","@graph":[{"@type":"WebPage","@id":"https:\/\/festival-factory.com\/quality-control\/","url":"https:\/\/festival-factory.com\/quality-control\/","name":"Contr\u00f4le de qualit\u00e9 - Festival Factory Madagascar","isPartOf":{"@id":"https:\/\/festival-factory.com\/#website"},"datePublished":"2025-02-12T15:10:27+00:00","dateModified":"2025-06-24T09:23:40+00:00","description":"Festival Factory garantit des v\u00eatements de qualit\u00e9 sup\u00e9rieure gr\u00e2ce \u00e0 des contr\u00f4les complets en ligne, des tests de s\u00e9curit\u00e9 pour les enfants, la d\u00e9tection de m\u00e9taux et les certifications OEKO-TEX\u00ae et SMETA.","breadcrumb":{"@id":"https:\/\/festival-factory.com\/quality-control\/#breadcrumb"},"inLanguage":"fr-FR","potentialAction":[{"@type":"ReadAction","target":["https:\/\/festival-factory.com\/quality-control\/"]}]},{"@type":"BreadcrumbList","@id":"https:\/\/festival-factory.com\/quality-control\/#breadcrumb","itemListElement":[{"@type":"ListItem","position":1,"name":"Home","item":"https:\/\/festival-factory.com\/"},{"@type":"ListItem","position":2,"name":"Quality Control"}]},{"@type":"WebSite","@id":"https:\/\/festival-factory.com\/#website","url":"https:\/\/festival-factory.com\/","name":"Festival Factory Madagascar","description":"Fabrication de v\u00eatements et de costumes avec des d\u00e9cennies d'exp\u00e9rience","publisher":{"@id":"https:\/\/festival-factory.com\/#organization"},"potentialAction":[{"@type":"SearchAction","target":{"@type":"EntryPoint","urlTemplate":"https:\/\/festival-factory.com\/?s={search_term_string}"},"query-input":{"@type":"PropertyValueSpecification","valueRequired":true,"valueName":"search_term_string"}}],"inLanguage":"fr-FR"},{"@type":"Organization","@id":"https:\/\/festival-factory.com\/#organization","name":"Festival Factory Madagascar","url":"https:\/\/festival-factory.com\/","logo":{"@type":"ImageObject","inLanguage":"fr-FR","@id":"https:\/\/festival-factory.com\/#\/schema\/logo\/image\/","url":"https:\/\/festival-factory.com\/wp-content\/uploads\/2025\/02\/Festival-Logo.png","contentUrl":"https:\/\/festival-factory.com\/wp-content\/uploads\/2025\/02\/Festival-Logo.png","width":2000,"height":519,"caption":"Festival Factory Madagascar"},"image":{"@id":"https:\/\/festival-factory.com\/#\/schema\/logo\/image\/"}}]}},"_links":{"self":[{"href":"https:\/\/festival-factory.com\/fr\/wp-json\/wp\/v2\/pages\/3421","targetHints":{"allow":["GET"]}}],"collection":[{"href":"https:\/\/festival-factory.com\/fr\/wp-json\/wp\/v2\/pages"}],"about":[{"href":"https:\/\/festival-factory.com\/fr\/wp-json\/wp\/v2\/types\/page"}],"author":[{"embeddable":true,"href":"https:\/\/festival-factory.com\/fr\/wp-json\/wp\/v2\/users\/1"}],"replies":[{"embeddable":true,"href":"https:\/\/festival-factory.com\/fr\/wp-json\/wp\/v2\/comments?post=3421"}],"version-history":[{"count":12,"href":"https:\/\/festival-factory.com\/fr\/wp-json\/wp\/v2\/pages\/3421\/revisions"}],"predecessor-version":[{"id":3821,"href":"https:\/\/festival-factory.com\/fr\/wp-json\/wp\/v2\/pages\/3421\/revisions\/3821"}],"wp:attachment":[{"href":"https:\/\/festival-factory.com\/fr\/wp-json\/wp\/v2\/media?parent=3421"}],"curies":[{"name":"wp","href":"https:\/\/api.w.org\/{rel}","templated":true}]}}