{"id":3606,"date":"2025-04-01T15:10:06","date_gmt":"2025-04-01T15:10:06","guid":{"rendered":"https:\/\/festival-factory.com\/?page_id=3606"},"modified":"2025-06-24T09:10:21","modified_gmt":"2025-06-24T09:10:21","slug":"employee-welfare","status":"publish","type":"page","link":"https:\/\/festival-factory.com\/fr\/employee-welfare\/","title":{"rendered":"Bien-\u00eatre des employ\u00e9s"},"content":{"rendered":"<div class=\"fusion-fullwidth fullwidth-box fusion-builder-row-1 fusion-flex-container has-pattern-background has-mask-background nonhundred-percent-fullwidth non-hundred-percent-height-scrolling\" style=\"--awb-border-radius-top-left:0px;--awb-border-radius-top-right:0px;--awb-border-radius-bottom-right:0px;--awb-border-radius-bottom-left:0px;--awb-flex-wrap:wrap;\" ><div class=\"fusion-builder-row fusion-row fusion-flex-align-items-flex-start fusion-flex-content-wrap\" style=\"max-width:1372.8px;margin-left: calc(-4% \/ 2 );margin-right: calc(-4% \/ 2 );\"><div class=\"fusion-layout-column fusion_builder_column fusion-builder-column-0 fusion_builder_column_1_1 1_1 fusion-flex-column\" style=\"--awb-bg-size:cover;--awb-width-large:100%;--awb-margin-top-large:0px;--awb-spacing-right-large:1.92%;--awb-margin-bottom-large:20px;--awb-spacing-left-large:1.92%;--awb-width-medium:100%;--awb-order-medium:0;--awb-spacing-right-medium:1.92%;--awb-spacing-left-medium:1.92%;--awb-width-small:100%;--awb-order-small:0;--awb-spacing-right-small:1.92%;--awb-spacing-left-small:1.92%;\"><div class=\"fusion-column-wrapper fusion-column-has-shadow fusion-flex-justify-content-flex-start fusion-content-layout-column\"><div class=\"fusion-text fusion-text-1\"><h3 class=\"\" data-start=\"233\" data-end=\"298\"><strong data-start=\"237\" data-end=\"298\">Activit\u00e9s de renforcement de l'esprit d'\u00e9quipe pour favoriser une meilleure collaboration<\/strong><\/h3>\n<p class=\"\" data-start=\"299\" data-end=\"853\">Chez Festival Factory, nous accordons la priorit\u00e9 \u00e0 la cr\u00e9ation d'un personnel fort et soud\u00e9. Pour ce faire, nous organisons chaque ann\u00e9e des <strong data-start=\"412\" data-end=\"451\">\u00e9v\u00e9nements et activit\u00e9s de renforcement de l'esprit d'\u00e9quipe<\/strong> qui encouragent la collaboration et favorisent un environnement de travail positif. Ces \u00e9v\u00e9nements sont con\u00e7us non seulement pour renforcer les relations entre les employ\u00e9s, mais aussi pour am\u00e9liorer l'esprit d'\u00e9quipe, la productivit\u00e9 et le moral. Nous pensons qu'une \u00e9quipe unie est le fondement d'une organisation r\u00e9ussie, et notre <strong data-start=\"754\" data-end=\"789\">initiatives en faveur de l'engagement des salari\u00e9s<\/strong> veiller \u00e0 ce que notre personnel reste motiv\u00e9, concentr\u00e9 et inspir\u00e9.<\/p>\n<h3 class=\"\" data-start=\"956\" data-end=\"1004\"><strong data-start=\"960\" data-end=\"1004\">Programme de reconnaissance de l'employ\u00e9 de l'ann\u00e9e<\/strong><\/h3>\n<p class=\"\" data-start=\"1005\" data-end=\"1598\">Notre engagement en faveur de l'excellence se refl\u00e8te dans la reconnaissance et les r\u00e9compenses que nous offrons \u00e0 nos employ\u00e9s d\u00e9vou\u00e9s. Chaque ann\u00e9e, nous honorons des personnes exceptionnelles et <strong data-start=\"1163\" data-end=\"1183\">lignes de production<\/strong> par le biais de notre <strong data-start=\"1196\" data-end=\"1220\">Employ\u00e9 de l'ann\u00e9e<\/strong> des prix. Ce programme r\u00e9compense les performances exceptionnelles, l'assiduit\u00e9 et la production de <strong data-start=\"1317\" data-end=\"1342\">des produits de haute qualit\u00e9<\/strong>. En r\u00e9compensant le d\u00e9vouement et l'engagement, nous motivons nos employ\u00e9s \u00e0 maintenir des normes \u00e9lev\u00e9es, \u00e0 travailler efficacement et \u00e0 contribuer au succ\u00e8s de notre entreprise. Cette reconnaissance renforce \u00e9galement notre conviction de favoriser une culture de la r\u00e9ussite et de l'excellence.<\/p>\n<h3 class=\"\" data-start=\"1730\" data-end=\"1784\"><strong data-start=\"1734\" data-end=\"1784\">Sant\u00e9 et bien-\u00eatre sur place avec une clinique interne<\/strong><\/h3>\n<p class=\"\" data-start=\"1785\" data-end=\"2364\">La sant\u00e9 et le bien-\u00eatre de nos employ\u00e9s sont au c\u0153ur de nos activit\u00e9s \u00e0 Festival Factory. Pour soutenir notre main-d'\u0153uvre, nous offrons un <strong data-start=\"1917\" data-end=\"1936\">clinique interne<\/strong>Ce service est accessible \u00e0 tous les employ\u00e9s, ce qui leur permet d'avoir acc\u00e8s \u00e0 des services de sant\u00e9 essentiels en cas de besoin. Cet \u00e9tablissement est \u00e0 la disposition de tous les employ\u00e9s, ce qui leur permet d'avoir acc\u00e8s \u00e0 des services de sant\u00e9 essentiels en cas de besoin. La clinique joue un r\u00f4le crucial dans le maintien d'une main-d'\u0153uvre en bonne sant\u00e9, en r\u00e9pondant rapidement aux pr\u00e9occupations m\u00e9dicales et en contribuant \u00e0 la satisfaction et \u00e0 la productivit\u00e9 globales des employ\u00e9s. Chez Festival Factory, nous pensons qu'un employ\u00e9 en bonne sant\u00e9 est un employ\u00e9 heureux et productif.<\/p>\n<h3 class=\"\" data-start=\"2470\" data-end=\"2526\"><strong data-start=\"2474\" data-end=\"2526\">Une cantine quotidienne nutritive pour le bien-\u00eatre des employ\u00e9s<\/strong><\/h3>\n<p class=\"\" data-start=\"2527\" data-end=\"3073\">Chez Festival Factory, nous pensons qu'un employ\u00e9 bien nourri est un employ\u00e9 productif. Pour favoriser le bien-\u00eatre de notre \u00e9quipe, nous fournissons un service de restauration. <strong data-start=\"2652\" data-end=\"2667\">d\u00e9jeuner quotidien<\/strong> \u00e0 tous les employ\u00e9s par l'interm\u00e9diaire de notre cantine sur place. Nous nous engageons \u00e0 maintenir des normes \u00e9lev\u00e9es en mati\u00e8re de qualit\u00e9 alimentaire, et les installations de notre cantine sont r\u00e9guli\u00e8rement test\u00e9es pour s'assurer que la nourriture et l'eau r\u00e9pondent aux normes les plus strictes en mati\u00e8re d'hygi\u00e8ne et de nutrition. La fourniture de repas nutritifs contribue non seulement \u00e0 une meilleure sant\u00e9 du personnel, mais permet \u00e9galement \u00e0 nos employ\u00e9s de rester \u00e9nergiques et concentr\u00e9s tout au long de la journ\u00e9e de travail.<\/p>\n<\/div><\/div><\/div><\/div><\/div>","protected":false},"excerpt":{"rendered":"","protected":false},"author":2,"featured_media":0,"parent":0,"menu_order":0,"comment_status":"closed","ping_status":"closed","template":"100-width.php","meta":{"_acf_changed":false,"footnotes":""},"class_list":["post-3606","page","type-page","status-publish","hentry"],"acf":[],"yoast_head":"<!-- This site is optimized with the Yoast SEO plugin v27.4 - https:\/\/yoast.com\/product\/yoast-seo-wordpress\/ -->\n<title>Employee Welfare - Festival Factory Madagascar<\/title>\n<meta name=\"description\" content=\"Discover Festival Factory\u2019s employee-first approach: mental health support, fair benefits, safe workplaces, regular wellness programs and staff growth initiatives.\" \/>\n<meta name=\"robots\" content=\"index, follow, max-snippet:-1, max-image-preview:large, max-video-preview:-1\" \/>\n<link rel=\"canonical\" href=\"https:\/\/festival-factory.com\/fr\/employee-welfare\/\" \/>\n<meta property=\"og:locale\" content=\"fr_FR\" \/>\n<meta property=\"og:type\" content=\"article\" \/>\n<meta property=\"og:title\" content=\"Employee Welfare - Festival Factory Madagascar\" \/>\n<meta property=\"og:description\" content=\"Discover Festival Factory\u2019s employee-first approach: mental health support, fair benefits, safe workplaces, regular wellness programs and staff growth initiatives.\" \/>\n<meta property=\"og:url\" content=\"https:\/\/festival-factory.com\/fr\/employee-welfare\/\" \/>\n<meta property=\"og:site_name\" content=\"Festival Factory Madagascar\" \/>\n<meta property=\"article:modified_time\" content=\"2025-06-24T09:10:21+00:00\" \/>\n<meta name=\"twitter:card\" content=\"summary_large_image\" \/>\n<meta name=\"twitter:label1\" content=\"Dur\u00e9e de lecture estim\u00e9e\" \/>\n\t<meta name=\"twitter:data1\" content=\"2 minutes\" \/>\n<script type=\"application\/ld+json\" class=\"yoast-schema-graph\">{\"@context\":\"https:\\\/\\\/schema.org\",\"@graph\":[{\"@type\":\"WebPage\",\"@id\":\"https:\\\/\\\/festival-factory.com\\\/employee-welfare\\\/\",\"url\":\"https:\\\/\\\/festival-factory.com\\\/employee-welfare\\\/\",\"name\":\"Employee Welfare - Festival Factory Madagascar\",\"isPartOf\":{\"@id\":\"https:\\\/\\\/festival-factory.com\\\/#website\"},\"datePublished\":\"2025-04-01T15:10:06+00:00\",\"dateModified\":\"2025-06-24T09:10:21+00:00\",\"description\":\"Discover Festival Factory\u2019s employee-first approach: mental health support, fair benefits, safe workplaces, regular wellness programs and staff growth initiatives.\",\"breadcrumb\":{\"@id\":\"https:\\\/\\\/festival-factory.com\\\/employee-welfare\\\/#breadcrumb\"},\"inLanguage\":\"fr-FR\",\"potentialAction\":[{\"@type\":\"ReadAction\",\"target\":[\"https:\\\/\\\/festival-factory.com\\\/employee-welfare\\\/\"]}]},{\"@type\":\"BreadcrumbList\",\"@id\":\"https:\\\/\\\/festival-factory.com\\\/employee-welfare\\\/#breadcrumb\",\"itemListElement\":[{\"@type\":\"ListItem\",\"position\":1,\"name\":\"Home\",\"item\":\"https:\\\/\\\/festival-factory.com\\\/\"},{\"@type\":\"ListItem\",\"position\":2,\"name\":\"Employee Welfare\"}]},{\"@type\":\"WebSite\",\"@id\":\"https:\\\/\\\/festival-factory.com\\\/#website\",\"url\":\"https:\\\/\\\/festival-factory.com\\\/\",\"name\":\"Festival Factory Madagascar\",\"description\":\"Manufacturing apparel &amp; Costumes with decades of experience\",\"publisher\":{\"@id\":\"https:\\\/\\\/festival-factory.com\\\/#organization\"},\"potentialAction\":[{\"@type\":\"SearchAction\",\"target\":{\"@type\":\"EntryPoint\",\"urlTemplate\":\"https:\\\/\\\/festival-factory.com\\\/?s={search_term_string}\"},\"query-input\":{\"@type\":\"PropertyValueSpecification\",\"valueRequired\":true,\"valueName\":\"search_term_string\"}}],\"inLanguage\":\"fr-FR\"},{\"@type\":\"Organization\",\"@id\":\"https:\\\/\\\/festival-factory.com\\\/#organization\",\"name\":\"Festival Factory Madagascar\",\"url\":\"https:\\\/\\\/festival-factory.com\\\/\",\"logo\":{\"@type\":\"ImageObject\",\"inLanguage\":\"fr-FR\",\"@id\":\"https:\\\/\\\/festival-factory.com\\\/#\\\/schema\\\/logo\\\/image\\\/\",\"url\":\"https:\\\/\\\/festival-factory.com\\\/wp-content\\\/uploads\\\/2025\\\/02\\\/Festival-Logo.png\",\"contentUrl\":\"https:\\\/\\\/festival-factory.com\\\/wp-content\\\/uploads\\\/2025\\\/02\\\/Festival-Logo.png\",\"width\":2000,\"height\":519,\"caption\":\"Festival Factory Madagascar\"},\"image\":{\"@id\":\"https:\\\/\\\/festival-factory.com\\\/#\\\/schema\\\/logo\\\/image\\\/\"}}]}<\/script>\n<!-- \/ Yoast SEO plugin. -->","yoast_head_json":{"title":"Bien-\u00eatre des employ\u00e9s - Festival Factory Madagascar","description":"D\u00e9couvrez l'approche de Festival Factory qui donne la priorit\u00e9 aux employ\u00e9s : soutien \u00e0 la sant\u00e9 mentale, avantages sociaux \u00e9quitables, lieux de travail s\u00fbrs, programmes r\u00e9guliers de bien-\u00eatre et initiatives de d\u00e9veloppement du personnel.","robots":{"index":"index","follow":"follow","max-snippet":"max-snippet:-1","max-image-preview":"max-image-preview:large","max-video-preview":"max-video-preview:-1"},"canonical":"https:\/\/festival-factory.com\/fr\/employee-welfare\/","og_locale":"fr_FR","og_type":"article","og_title":"Employee Welfare - Festival Factory Madagascar","og_description":"Discover Festival Factory\u2019s employee-first approach: mental health support, fair benefits, safe workplaces, regular wellness programs and staff growth initiatives.","og_url":"https:\/\/festival-factory.com\/fr\/employee-welfare\/","og_site_name":"Festival Factory Madagascar","article_modified_time":"2025-06-24T09:10:21+00:00","twitter_card":"summary_large_image","twitter_misc":{"Dur\u00e9e de lecture estim\u00e9e":"2 minutes"},"schema":{"@context":"https:\/\/schema.org","@graph":[{"@type":"WebPage","@id":"https:\/\/festival-factory.com\/employee-welfare\/","url":"https:\/\/festival-factory.com\/employee-welfare\/","name":"Bien-\u00eatre des employ\u00e9s - Festival Factory Madagascar","isPartOf":{"@id":"https:\/\/festival-factory.com\/#website"},"datePublished":"2025-04-01T15:10:06+00:00","dateModified":"2025-06-24T09:10:21+00:00","description":"D\u00e9couvrez l'approche de Festival Factory qui donne la priorit\u00e9 aux employ\u00e9s : soutien \u00e0 la sant\u00e9 mentale, avantages sociaux \u00e9quitables, lieux de travail s\u00fbrs, programmes r\u00e9guliers de bien-\u00eatre et initiatives de d\u00e9veloppement du personnel.","breadcrumb":{"@id":"https:\/\/festival-factory.com\/employee-welfare\/#breadcrumb"},"inLanguage":"fr-FR","potentialAction":[{"@type":"ReadAction","target":["https:\/\/festival-factory.com\/employee-welfare\/"]}]},{"@type":"BreadcrumbList","@id":"https:\/\/festival-factory.com\/employee-welfare\/#breadcrumb","itemListElement":[{"@type":"ListItem","position":1,"name":"Home","item":"https:\/\/festival-factory.com\/"},{"@type":"ListItem","position":2,"name":"Employee Welfare"}]},{"@type":"WebSite","@id":"https:\/\/festival-factory.com\/#website","url":"https:\/\/festival-factory.com\/","name":"Festival Factory Madagascar","description":"Fabrication de v\u00eatements et de costumes avec des d\u00e9cennies d'exp\u00e9rience","publisher":{"@id":"https:\/\/festival-factory.com\/#organization"},"potentialAction":[{"@type":"SearchAction","target":{"@type":"EntryPoint","urlTemplate":"https:\/\/festival-factory.com\/?s={search_term_string}"},"query-input":{"@type":"PropertyValueSpecification","valueRequired":true,"valueName":"search_term_string"}}],"inLanguage":"fr-FR"},{"@type":"Organization","@id":"https:\/\/festival-factory.com\/#organization","name":"Festival Factory Madagascar","url":"https:\/\/festival-factory.com\/","logo":{"@type":"ImageObject","inLanguage":"fr-FR","@id":"https:\/\/festival-factory.com\/#\/schema\/logo\/image\/","url":"https:\/\/festival-factory.com\/wp-content\/uploads\/2025\/02\/Festival-Logo.png","contentUrl":"https:\/\/festival-factory.com\/wp-content\/uploads\/2025\/02\/Festival-Logo.png","width":2000,"height":519,"caption":"Festival Factory Madagascar"},"image":{"@id":"https:\/\/festival-factory.com\/#\/schema\/logo\/image\/"}}]}},"_links":{"self":[{"href":"https:\/\/festival-factory.com\/fr\/wp-json\/wp\/v2\/pages\/3606","targetHints":{"allow":["GET"]}}],"collection":[{"href":"https:\/\/festival-factory.com\/fr\/wp-json\/wp\/v2\/pages"}],"about":[{"href":"https:\/\/festival-factory.com\/fr\/wp-json\/wp\/v2\/types\/page"}],"author":[{"embeddable":true,"href":"https:\/\/festival-factory.com\/fr\/wp-json\/wp\/v2\/users\/2"}],"replies":[{"embeddable":true,"href":"https:\/\/festival-factory.com\/fr\/wp-json\/wp\/v2\/comments?post=3606"}],"version-history":[{"count":5,"href":"https:\/\/festival-factory.com\/fr\/wp-json\/wp\/v2\/pages\/3606\/revisions"}],"predecessor-version":[{"id":3817,"href":"https:\/\/festival-factory.com\/fr\/wp-json\/wp\/v2\/pages\/3606\/revisions\/3817"}],"wp:attachment":[{"href":"https:\/\/festival-factory.com\/fr\/wp-json\/wp\/v2\/media?parent=3606"}],"curies":[{"name":"wp","href":"https:\/\/api.w.org\/{rel}","templated":true}]}}