{"id":3608,"date":"2025-04-01T15:10:46","date_gmt":"2025-04-01T15:10:46","guid":{"rendered":"https:\/\/festival-factory.com\/?page_id=3608"},"modified":"2025-06-24T09:04:35","modified_gmt":"2025-06-24T09:04:35","slug":"community-projects","status":"publish","type":"page","link":"https:\/\/festival-factory.com\/fr\/community-projects\/","title":{"rendered":"Projets communautaires"},"content":{"rendered":"<div class=\"fusion-fullwidth fullwidth-box fusion-builder-row-1 fusion-flex-container has-pattern-background has-mask-background nonhundred-percent-fullwidth non-hundred-percent-height-scrolling\" style=\"--awb-border-radius-top-left:0px;--awb-border-radius-top-right:0px;--awb-border-radius-bottom-right:0px;--awb-border-radius-bottom-left:0px;--awb-flex-wrap:wrap;\" ><div class=\"fusion-builder-row fusion-row fusion-flex-align-items-flex-start fusion-flex-content-wrap\" style=\"max-width:1372.8px;margin-left: calc(-4% \/ 2 );margin-right: calc(-4% \/ 2 );\"><div class=\"fusion-layout-column fusion_builder_column fusion-builder-column-0 fusion_builder_column_1_1 1_1 fusion-flex-column\" style=\"--awb-bg-size:cover;--awb-width-large:100%;--awb-margin-top-large:0px;--awb-spacing-right-large:1.92%;--awb-margin-bottom-large:20px;--awb-spacing-left-large:1.92%;--awb-width-medium:100%;--awb-order-medium:0;--awb-spacing-right-medium:1.92%;--awb-spacing-left-medium:1.92%;--awb-width-small:100%;--awb-order-small:0;--awb-spacing-right-small:1.92%;--awb-spacing-left-small:1.92%;\"><div class=\"fusion-column-wrapper fusion-column-has-shadow fusion-flex-justify-content-flex-start fusion-content-layout-column\"><div class=\"fusion-text fusion-text-1\"><h3 class=\"\" data-start=\"77\" data-end=\"137\"><strong data-start=\"81\" data-end=\"137\">Initiatives de reboisement pour prot\u00e9ger l'environnement<\/strong><\/h3>\n<p class=\"\" data-start=\"138\" data-end=\"779\">Chez Festival Factory, nous sommes fiers de notre engagement permanent \u00e0 <strong data-start=\"202\" data-end=\"234\">la durabilit\u00e9 environnementale<\/strong>. L'une de nos principales initiatives est notre <strong data-start=\"270\" data-end=\"304\">programme annuel de plantation d'arbres<\/strong> en collaboration avec la <strong data-start=\"331\" data-end=\"362\">Minist\u00e8re de l'environnement<\/strong>. Chaque ann\u00e9e, nous faisons participer nos employ\u00e9s \u00e0 la plantation et au suivi des arbres, contribuant ainsi \u00e0 la restauration des habitats naturels et \u00e0 la lutte contre la d\u00e9forestation. En moyenne, <strong data-start=\"531\" data-end=\"558\">1 500 arbres sont plant\u00e9s<\/strong> annuellement, avec un taux remarquable de <strong data-start=\"587\" data-end=\"608\">86% taux de survie<\/strong> pour les arbres plant\u00e9s en 2024. Cette initiative n'est que l'un des moyens que nous utilisons pour promouvoir activement un environnement durable. <strong data-start=\"702\" data-end=\"720\">un avenir plus vert<\/strong> tout en impliquant notre \u00e9quipe dans une action environnementale concr\u00e8te.<\/p>\n<h3 class=\"\" data-start=\"921\" data-end=\"972\"><strong data-start=\"925\" data-end=\"972\">Programme de recyclage pour r\u00e9duire les d\u00e9chets d'usine<\/strong><\/h3>\n<p class=\"\" data-start=\"973\" data-end=\"1590\">Dans le cadre de notre engagement en faveur du d\u00e9veloppement durable, <strong data-start=\"1018\" data-end=\"1038\">Festival Factory<\/strong> a mis en \u0153uvre un programme complet de <strong data-start=\"1071\" data-end=\"1094\">programme de recyclage<\/strong> visant \u00e0 r\u00e9duire notre impact sur l'environnement. Nous veillons \u00e0 ce que tous les d\u00e9chets de l'usine soient correctement tri\u00e9s et recycl\u00e9s gr\u00e2ce \u00e0 des partenariats avec de nombreuses entreprises. <strong data-start=\"1239\" data-end=\"1281\">les partenaires de recyclage agr\u00e9\u00e9s par les pouvoirs publics<\/strong>. Cette initiative nous aide \u00e0 minimiser les d\u00e9chets, \u00e0 pr\u00e9server les ressources et \u00e0 contribuer \u00e0 un d\u00e9veloppement durable. <strong data-start=\"1364\" data-end=\"1384\">\u00e9conomie circulaire<\/strong>Le recyclage est un \u00e9l\u00e9ment essentiel de notre mission qui consiste \u00e0 cr\u00e9er un processus de fabrication plus durable et plus responsable. Nos efforts de recyclage sont une partie essentielle de notre mission plus large qui consiste \u00e0 cr\u00e9er un processus de fabrication plus durable et plus responsable.<\/p>\n<h3 class=\"\" data-start=\"1721\" data-end=\"1781\"><strong data-start=\"1725\" data-end=\"1781\">Participation des employ\u00e9s \u00e0 des \u00e9v\u00e9nements locaux de course \u00e0 pied<\/strong><\/h3>\n<p class=\"\" data-start=\"1782\" data-end=\"2314\">Festival Factory est fier d'encourager un mode de vie actif et sain parmi ses employ\u00e9s. Chaque ann\u00e9e, une \u00e9quipe de nos employ\u00e9s d\u00e9vou\u00e9s participe \u00e0 l'\u00e9v\u00e9nement local du festival. <strong data-start=\"1945\" data-end=\"1962\">Course \u00e0 pied sur sentier<\/strong> et de mettre en avant leur engagement en faveur de la forme physique et du travail d'\u00e9quipe. En 2024, six de nos employ\u00e9s ont particip\u00e9 \u00e0 la course et ont termin\u00e9 dans la premi\u00e8re place. <strong data-start=\"2092\" data-end=\"2126\">65 premiers sur 240 participants<\/strong>-un v\u00e9ritable t\u00e9moignage de leur pers\u00e9v\u00e9rance et de leur d\u00e9vouement. Cet \u00e9v\u00e9nement annuel favorise non seulement le bien-\u00eatre physique, mais renforce \u00e9galement le sens de la communaut\u00e9 et de la camaraderie au sein de notre personnel.<\/p>\n<h3 class=\"\" data-start=\"2442\" data-end=\"2498\"><strong data-start=\"2446\" data-end=\"2498\">Construire des partenariats communautaires solides avec les ONG<\/strong><\/h3>\n<p class=\"\" data-start=\"2499\" data-end=\"3097\">Chez Festival Factory, nous croyons qu'il est important de redonner \u00e0 la communaut\u00e9 qui nous soutient. Nous sommes fiers de nous associer \u00e0 des <strong data-start=\"2616\" data-end=\"2657\">les organisations non gouvernementales (ONG)<\/strong> pour avoir un impact positif dans la r\u00e9gion. Nous collaborons notamment avec <strong data-start=\"2739\" data-end=\"2763\">orphelinats, refuges<\/strong>et le <strong data-start=\"2773\" data-end=\"2804\">Association des personnes \u00e2g\u00e9es<\/strong>o\u00f9 nous donnons r\u00e9guli\u00e8rement des produits de premi\u00e8re n\u00e9cessit\u00e9 tels que <strong data-start=\"2853\" data-end=\"2901\">v\u00eatements, uniformes, riz, couvertures et jouets<\/strong>. Ces partenariats nous permettent de contribuer au bien-\u00eatre des personnes dans le besoin, de renforcer le tissu social de la communaut\u00e9 et de consolider nos valeurs de compassion et de responsabilit\u00e9 sociale.<\/p>\n<\/div><\/div><\/div><\/div><\/div>","protected":false},"excerpt":{"rendered":"","protected":false},"author":2,"featured_media":0,"parent":0,"menu_order":0,"comment_status":"closed","ping_status":"closed","template":"100-width.php","meta":{"_acf_changed":false,"footnotes":""},"class_list":["post-3608","page","type-page","status-publish","hentry"],"acf":[],"yoast_head":"<!-- This site is optimized with the Yoast SEO plugin v27.4 - https:\/\/yoast.com\/product\/yoast-seo-wordpress\/ -->\n<title>Community Projects - Festival Factory Madagascar<\/title>\n<meta name=\"description\" content=\"Discover how Festival Factory supports communities through social impact initiatives, employee empowerment, and creative local partnerships\" \/>\n<meta name=\"robots\" content=\"index, follow, max-snippet:-1, max-image-preview:large, max-video-preview:-1\" \/>\n<link rel=\"canonical\" href=\"https:\/\/festival-factory.com\/fr\/community-projects\/\" \/>\n<meta property=\"og:locale\" content=\"fr_FR\" \/>\n<meta property=\"og:type\" content=\"article\" \/>\n<meta property=\"og:title\" content=\"Community Projects - Festival Factory Madagascar\" \/>\n<meta property=\"og:description\" content=\"Discover how Festival Factory supports communities through social impact initiatives, employee empowerment, and creative local partnerships\" \/>\n<meta property=\"og:url\" content=\"https:\/\/festival-factory.com\/fr\/community-projects\/\" \/>\n<meta property=\"og:site_name\" content=\"Festival Factory Madagascar\" \/>\n<meta property=\"article:modified_time\" content=\"2025-06-24T09:04:35+00:00\" \/>\n<meta name=\"twitter:card\" content=\"summary_large_image\" \/>\n<meta name=\"twitter:label1\" content=\"Dur\u00e9e de lecture estim\u00e9e\" \/>\n\t<meta name=\"twitter:data1\" content=\"2 minutes\" \/>\n<script type=\"application\/ld+json\" class=\"yoast-schema-graph\">{\"@context\":\"https:\\\/\\\/schema.org\",\"@graph\":[{\"@type\":\"WebPage\",\"@id\":\"https:\\\/\\\/festival-factory.com\\\/community-projects\\\/\",\"url\":\"https:\\\/\\\/festival-factory.com\\\/community-projects\\\/\",\"name\":\"Community Projects - Festival Factory Madagascar\",\"isPartOf\":{\"@id\":\"https:\\\/\\\/festival-factory.com\\\/#website\"},\"datePublished\":\"2025-04-01T15:10:46+00:00\",\"dateModified\":\"2025-06-24T09:04:35+00:00\",\"description\":\"Discover how Festival Factory supports communities through social impact initiatives, employee empowerment, and creative local partnerships\",\"breadcrumb\":{\"@id\":\"https:\\\/\\\/festival-factory.com\\\/community-projects\\\/#breadcrumb\"},\"inLanguage\":\"fr-FR\",\"potentialAction\":[{\"@type\":\"ReadAction\",\"target\":[\"https:\\\/\\\/festival-factory.com\\\/community-projects\\\/\"]}]},{\"@type\":\"BreadcrumbList\",\"@id\":\"https:\\\/\\\/festival-factory.com\\\/community-projects\\\/#breadcrumb\",\"itemListElement\":[{\"@type\":\"ListItem\",\"position\":1,\"name\":\"Home\",\"item\":\"https:\\\/\\\/festival-factory.com\\\/\"},{\"@type\":\"ListItem\",\"position\":2,\"name\":\"Community Projects\"}]},{\"@type\":\"WebSite\",\"@id\":\"https:\\\/\\\/festival-factory.com\\\/#website\",\"url\":\"https:\\\/\\\/festival-factory.com\\\/\",\"name\":\"Festival Factory Madagascar\",\"description\":\"Manufacturing apparel &amp; Costumes with decades of experience\",\"publisher\":{\"@id\":\"https:\\\/\\\/festival-factory.com\\\/#organization\"},\"potentialAction\":[{\"@type\":\"SearchAction\",\"target\":{\"@type\":\"EntryPoint\",\"urlTemplate\":\"https:\\\/\\\/festival-factory.com\\\/?s={search_term_string}\"},\"query-input\":{\"@type\":\"PropertyValueSpecification\",\"valueRequired\":true,\"valueName\":\"search_term_string\"}}],\"inLanguage\":\"fr-FR\"},{\"@type\":\"Organization\",\"@id\":\"https:\\\/\\\/festival-factory.com\\\/#organization\",\"name\":\"Festival Factory Madagascar\",\"url\":\"https:\\\/\\\/festival-factory.com\\\/\",\"logo\":{\"@type\":\"ImageObject\",\"inLanguage\":\"fr-FR\",\"@id\":\"https:\\\/\\\/festival-factory.com\\\/#\\\/schema\\\/logo\\\/image\\\/\",\"url\":\"https:\\\/\\\/festival-factory.com\\\/wp-content\\\/uploads\\\/2025\\\/02\\\/Festival-Logo.png\",\"contentUrl\":\"https:\\\/\\\/festival-factory.com\\\/wp-content\\\/uploads\\\/2025\\\/02\\\/Festival-Logo.png\",\"width\":2000,\"height\":519,\"caption\":\"Festival Factory Madagascar\"},\"image\":{\"@id\":\"https:\\\/\\\/festival-factory.com\\\/#\\\/schema\\\/logo\\\/image\\\/\"}}]}<\/script>\n<!-- \/ Yoast SEO plugin. -->","yoast_head_json":{"title":"Projets communautaires - Festival Factory Madagascar","description":"D\u00e9couvrez comment Festival Factory soutient les communaut\u00e9s par le biais d'initiatives \u00e0 impact social, de l'autonomisation des employ\u00e9s et de partenariats locaux cr\u00e9atifs.","robots":{"index":"index","follow":"follow","max-snippet":"max-snippet:-1","max-image-preview":"max-image-preview:large","max-video-preview":"max-video-preview:-1"},"canonical":"https:\/\/festival-factory.com\/fr\/community-projects\/","og_locale":"fr_FR","og_type":"article","og_title":"Community Projects - Festival Factory Madagascar","og_description":"Discover how Festival Factory supports communities through social impact initiatives, employee empowerment, and creative local partnerships","og_url":"https:\/\/festival-factory.com\/fr\/community-projects\/","og_site_name":"Festival Factory Madagascar","article_modified_time":"2025-06-24T09:04:35+00:00","twitter_card":"summary_large_image","twitter_misc":{"Dur\u00e9e de lecture estim\u00e9e":"2 minutes"},"schema":{"@context":"https:\/\/schema.org","@graph":[{"@type":"WebPage","@id":"https:\/\/festival-factory.com\/community-projects\/","url":"https:\/\/festival-factory.com\/community-projects\/","name":"Projets communautaires - Festival Factory Madagascar","isPartOf":{"@id":"https:\/\/festival-factory.com\/#website"},"datePublished":"2025-04-01T15:10:46+00:00","dateModified":"2025-06-24T09:04:35+00:00","description":"D\u00e9couvrez comment Festival Factory soutient les communaut\u00e9s par le biais d'initiatives \u00e0 impact social, de l'autonomisation des employ\u00e9s et de partenariats locaux cr\u00e9atifs.","breadcrumb":{"@id":"https:\/\/festival-factory.com\/community-projects\/#breadcrumb"},"inLanguage":"fr-FR","potentialAction":[{"@type":"ReadAction","target":["https:\/\/festival-factory.com\/community-projects\/"]}]},{"@type":"BreadcrumbList","@id":"https:\/\/festival-factory.com\/community-projects\/#breadcrumb","itemListElement":[{"@type":"ListItem","position":1,"name":"Home","item":"https:\/\/festival-factory.com\/"},{"@type":"ListItem","position":2,"name":"Community Projects"}]},{"@type":"WebSite","@id":"https:\/\/festival-factory.com\/#website","url":"https:\/\/festival-factory.com\/","name":"Festival Factory Madagascar","description":"Fabrication de v\u00eatements et de costumes avec des d\u00e9cennies d'exp\u00e9rience","publisher":{"@id":"https:\/\/festival-factory.com\/#organization"},"potentialAction":[{"@type":"SearchAction","target":{"@type":"EntryPoint","urlTemplate":"https:\/\/festival-factory.com\/?s={search_term_string}"},"query-input":{"@type":"PropertyValueSpecification","valueRequired":true,"valueName":"search_term_string"}}],"inLanguage":"fr-FR"},{"@type":"Organization","@id":"https:\/\/festival-factory.com\/#organization","name":"Festival Factory Madagascar","url":"https:\/\/festival-factory.com\/","logo":{"@type":"ImageObject","inLanguage":"fr-FR","@id":"https:\/\/festival-factory.com\/#\/schema\/logo\/image\/","url":"https:\/\/festival-factory.com\/wp-content\/uploads\/2025\/02\/Festival-Logo.png","contentUrl":"https:\/\/festival-factory.com\/wp-content\/uploads\/2025\/02\/Festival-Logo.png","width":2000,"height":519,"caption":"Festival Factory Madagascar"},"image":{"@id":"https:\/\/festival-factory.com\/#\/schema\/logo\/image\/"}}]}},"_links":{"self":[{"href":"https:\/\/festival-factory.com\/fr\/wp-json\/wp\/v2\/pages\/3608","targetHints":{"allow":["GET"]}}],"collection":[{"href":"https:\/\/festival-factory.com\/fr\/wp-json\/wp\/v2\/pages"}],"about":[{"href":"https:\/\/festival-factory.com\/fr\/wp-json\/wp\/v2\/types\/page"}],"author":[{"embeddable":true,"href":"https:\/\/festival-factory.com\/fr\/wp-json\/wp\/v2\/users\/2"}],"replies":[{"embeddable":true,"href":"https:\/\/festival-factory.com\/fr\/wp-json\/wp\/v2\/comments?post=3608"}],"version-history":[{"count":3,"href":"https:\/\/festival-factory.com\/fr\/wp-json\/wp\/v2\/pages\/3608\/revisions"}],"predecessor-version":[{"id":3814,"href":"https:\/\/festival-factory.com\/fr\/wp-json\/wp\/v2\/pages\/3608\/revisions\/3814"}],"wp:attachment":[{"href":"https:\/\/festival-factory.com\/fr\/wp-json\/wp\/v2\/media?parent=3608"}],"curies":[{"name":"wp","href":"https:\/\/api.w.org\/{rel}","templated":true}]}}