{"id":3911,"date":"2025-07-18T14:38:28","date_gmt":"2025-07-18T14:38:28","guid":{"rendered":"https:\/\/festival-factory.com\/?page_id=3911"},"modified":"2025-07-22T08:30:52","modified_gmt":"2025-07-22T08:30:52","slug":"agoa-us","status":"publish","type":"page","link":"https:\/\/festival-factory.com\/fr\/duty-free-shipping\/agoa-us\/","title":{"rendered":"AGOA - Exp\u00e9dition en franchise de droits vers les \u00c9tats-Unis"},"content":{"rendered":"<div class=\"fusion-fullwidth fullwidth-box fusion-builder-row-1 fusion-flex-container nonhundred-percent-fullwidth non-hundred-percent-height-scrolling\" style=\"--awb-border-radius-top-left:0px;--awb-border-radius-top-right:0px;--awb-border-radius-bottom-right:0px;--awb-border-radius-bottom-left:0px;--awb-flex-wrap:wrap;\" ><div class=\"fusion-builder-row fusion-row fusion-flex-align-items-flex-start fusion-flex-content-wrap\" style=\"max-width:1372.8px;margin-left: calc(-4% \/ 2 );margin-right: calc(-4% \/ 2 );\"><div class=\"fusion-layout-column fusion_builder_column fusion-builder-column-0 fusion_builder_column_1_1 1_1 fusion-flex-column\" style=\"--awb-bg-size:cover;--awb-width-large:100%;--awb-margin-top-large:0px;--awb-spacing-right-large:1.92%;--awb-margin-bottom-large:0px;--awb-spacing-left-large:1.92%;--awb-width-medium:100%;--awb-spacing-right-medium:1.92%;--awb-spacing-left-medium:1.92%;--awb-width-small:100%;--awb-spacing-right-small:1.92%;--awb-spacing-left-small:1.92%;\"><div class=\"fusion-column-wrapper fusion-flex-justify-content-flex-start fusion-content-layout-column\"><div class=\"fusion-text fusion-text-1\"><h3 data-start=\"1509\" data-end=\"1526\">Qu'est-ce que l'AGOA ?<\/h3>\n<p data-start=\"1528\" data-end=\"1882\">Le <strong data-start=\"1532\" data-end=\"1577\">Loi sur la croissance et les possibilit\u00e9s \u00e9conomiques en Afrique (AGOA)<\/strong> est un programme commercial am\u00e9ricain promulgu\u00e9 en 2000 qui pr\u00e9voit <strong data-start=\"1632\" data-end=\"1674\">pays \u00e9ligibles d'Afrique subsaharienne<\/strong> avec <strong data-start=\"1680\" data-end=\"1700\">acc\u00e8s en franchise de droits<\/strong> sur le march\u00e9 am\u00e9ricain pour plus de 6 500 lignes de produits. Cela comprend une large cat\u00e9gorie de <strong data-start=\"1788\" data-end=\"1817\">produits textiles et habillement<\/strong>qui sont souvent soumis \u00e0 des droits de douane \u00e9lev\u00e9s lorsqu'ils sont achet\u00e9s ailleurs.<\/p>\n<p data-start=\"1884\" data-end=\"1906\"><strong data-start=\"1884\" data-end=\"1906\">Objectifs cl\u00e9s de l'AGOA :<\/strong><\/p>\n<ul data-start=\"1907\" data-end=\"2074\">\n<li data-start=\"1907\" data-end=\"1956\">\n<p data-start=\"1909\" data-end=\"1956\">Promouvoir la croissance \u00e9conomique en Afrique par le biais du commerce<\/p>\n<\/li>\n<li data-start=\"1957\" data-end=\"2018\">\n<p data-start=\"1959\" data-end=\"2018\">Offrir aux entreprises am\u00e9ricaines des options d'approvisionnement rentables<\/p>\n<\/li>\n<li data-start=\"2019\" data-end=\"2074\">\n<p data-start=\"2021\" data-end=\"2074\">Encourager les partenariats \u00e0 long terme en mati\u00e8re de commerce et d'investissement<\/p>\n<\/li>\n<\/ul>\n<hr data-start=\"2076\" data-end=\"2079\" \/>\n<h3 data-start=\"2081\" data-end=\"2125\">Madagascar : Un b\u00e9n\u00e9ficiaire certifi\u00e9 de l'AGOA<\/h3>\n<p data-start=\"2127\" data-end=\"2388\">Madagascar a retrouv\u00e9 son \u00e9ligibilit\u00e9 \u00e0 l'AGOA en 2014 apr\u00e8s avoir r\u00e9alis\u00e9 des progr\u00e8s significatifs en mati\u00e8re de r\u00e9formes politiques et \u00e9conomiques. En cons\u00e9quence, <strong data-start=\"2257\" data-end=\"2294\">fabricants bas\u00e9s \u00e0 Madagascar<\/strong> - comme Festival Factory - peut exporter des produits qualifi\u00e9s vers les \u00c9tats-Unis <strong>en franchise de droits (\u00e0 l'exclusion des droits de douane)<\/strong>.<\/p>\n<p data-start=\"2390\" data-end=\"2458\">Pour les importateurs am\u00e9ricains, il s'agit d'une occasion rare \u00e0 saisir :<\/p>\n<ul data-start=\"2459\" data-end=\"2624\">\n<li data-start=\"2459\" data-end=\"2504\">\n<p data-start=\"2461\" data-end=\"2504\"><strong data-start=\"2461\" data-end=\"2504\">Importations \u00e0 droit nul sur les v\u00eatements \u00e9ligibles<\/strong><\/p>\n<\/li>\n<li data-start=\"2505\" data-end=\"2564\">\n<p data-start=\"2507\" data-end=\"2564\"><strong data-start=\"2507\" data-end=\"2538\">Des d\u00e9lais d'exp\u00e9dition plus courts<\/strong> par rapport aux march\u00e9s asiatiques<\/p>\n<\/li>\n<li data-start=\"2565\" data-end=\"2624\">\n<p data-start=\"2567\" data-end=\"2624\"><strong data-start=\"2567\" data-end=\"2594\">Normes de travail \u00e9thiques<\/strong> et des cha\u00eenes d'approvisionnement transparentes<\/p>\n<\/li>\n<\/ul>\n<hr data-start=\"2626\" data-end=\"2629\" \/>\n<h3 data-start=\"2631\" data-end=\"2668\">Quels sont les produits admissibles dans le cadre de l'AGOA ?<\/h3>\n<p data-start=\"2670\" data-end=\"2842\">L'AGOA soutient une large gamme de produits \u00e9ligibles, mais <strong data-start=\"2723\" data-end=\"2752\">v\u00eatements et articles de fantaisie<\/strong> fabriqu\u00e9s \u00e0 Madagascar sont particuli\u00e8rement bien plac\u00e9s pour b\u00e9n\u00e9ficier du programme.<\/p>\n<p data-start=\"2844\" data-end=\"2909\">Festival Factory se sp\u00e9cialise dans les cat\u00e9gories \u00e9ligibles \u00e0 l'AGOA, telles que<\/p>\n<ul data-start=\"2910\" data-end=\"3052\">\n<li data-start=\"2910\" data-end=\"2962\">\n<p data-start=\"2912\" data-end=\"2962\">V\u00eatements de costumes pour les \u00e9v\u00e9nements, les parades et les festivals<\/p>\n<\/li>\n<li data-start=\"2963\" data-end=\"2990\">\n<p data-start=\"2965\" data-end=\"2990\">Uniformes et v\u00eatements de marque<\/p>\n<\/li>\n<li data-start=\"2991\" data-end=\"3025\">\n<p data-start=\"2993\" data-end=\"3025\">V\u00eatements de mode pour la grande distribution<\/p>\n<\/li>\n<li data-start=\"3026\" data-end=\"3052\">\n<p data-start=\"3028\" data-end=\"3052\">V\u00eatements pour enfants<\/p>\n<\/li>\n<\/ul>\n<p data-start=\"3054\" data-end=\"3183\">Nous nous occupons de la <strong data-start=\"3068\" data-end=\"3113\">Processus de documentation et de conformit\u00e9 de l'AGOA<\/strong>Nos clients am\u00e9ricains peuvent ainsi se concentrer sur la croissance et le marketing, et non sur les formalit\u00e9s administratives.<\/p>\n<hr data-start=\"3185\" data-end=\"3188\" \/>\n<h3 data-start=\"3190\" data-end=\"3234\">La conformit\u00e9 et la documentation simplifi\u00e9es<\/h3>\n<p data-start=\"3236\" data-end=\"3378\">Pour b\u00e9n\u00e9ficier des avantages de l'AGOA, les exp\u00e9ditions doivent r\u00e9pondre aux crit\u00e8res suivants <strong data-start=\"3292\" data-end=\"3324\">r\u00e8gles d'origine exigences<\/strong> et \u00eatre accompagn\u00e9 de documents sp\u00e9cifiques tels que<\/p>\n<ul data-start=\"3379\" data-end=\"3483\">\n<li data-start=\"3379\" data-end=\"3406\">\n<p data-start=\"3381\" data-end=\"3406\"><strong data-start=\"3381\" data-end=\"3406\">Certificat d'origine<\/strong><\/p>\n<\/li>\n<li data-start=\"3407\" data-end=\"3428\">\n<p data-start=\"3409\" data-end=\"3428\"><strong data-start=\"3409\" data-end=\"3428\">Timbre de visa AGOA<\/strong><\/p>\n<\/li>\n<li data-start=\"3429\" data-end=\"3483\">\n<p data-start=\"3431\" data-end=\"3483\"><strong data-start=\"3431\" data-end=\"3483\">Facture commerciale avec codes de produits qualifi\u00e9s<\/strong><\/p>\n<\/li>\n<\/ul>\n<p data-start=\"3485\" data-end=\"3765\">Chez Festival Factory, notre \u00e9quipe d'exportateurs et de logisticiens est exp\u00e9riment\u00e9e dans la pr\u00e9paration de tous les documents n\u00e9cessaires pour garantir une conformit\u00e9 totale avec les r\u00e8gles de l'AGOA. Nous travaillons en \u00e9troite collaboration avec les courtiers en douane et les transitaires pour nous assurer que vos marchandises sont d\u00e9douan\u00e9es aux \u00c9tats-Unis. <strong data-start=\"3734\" data-end=\"3764\">rapidement et sans d\u00e9lai<\/strong>.<\/p>\n<hr data-start=\"3767\" data-end=\"3770\" \/>\n<h3 data-start=\"3772\" data-end=\"3823\">Pourquoi choisir Madagascar plut\u00f4t que d'autres centres d'approvisionnement ?<\/h3>\n<p data-start=\"3825\" data-end=\"3932\">Alors que de nombreux importateurs am\u00e9ricains se tournent vers les usines asiatiques pour des raisons de co\u00fbt, Madagascar offre des avantages uniques :<\/p>\n<ul data-start=\"3933\" data-end=\"4166\">\n<li data-start=\"3933\" data-end=\"4015\">\n<p data-start=\"3935\" data-end=\"4015\"><strong data-start=\"3935\" data-end=\"3960\">Exemption tarifaire au titre de l'AGOA<\/strong> (vs. 17-32% Droits am\u00e9ricains sur les v\u00eatements provenant de pays non membres de l'AGOA)<\/p>\n<\/li>\n<li data-start=\"4016\" data-end=\"4066\">\n<p data-start=\"4018\" data-end=\"4066\"><strong data-start=\"4018\" data-end=\"4066\">Des cha\u00eenes d'approvisionnement plus courtes vers la c\u00f4te est des \u00c9tats-Unis<\/strong><\/p>\n<\/li>\n<li data-start=\"4067\" data-end=\"4118\">\n<p data-start=\"4069\" data-end=\"4118\"><strong data-start=\"4069\" data-end=\"4118\">Pratiques de travail \u00e9thiques et conformit\u00e9 sociale<\/strong><\/p>\n<\/li>\n<li data-start=\"4119\" data-end=\"4166\">\n<p data-start=\"4121\" data-end=\"4166\"><strong data-start=\"4121\" data-end=\"4166\">Des \u00e9quipes d'assistance francophones et anglophones<\/strong><\/p>\n<\/li>\n<\/ul>\n<p data-start=\"4168\" data-end=\"4340\">Avec Festival Factory, vous b\u00e9n\u00e9ficiez de <strong data-start=\"4215\" data-end=\"4242\">flexibilit\u00e9 des petits lots<\/strong>, <strong data-start=\"4244\" data-end=\"4270\">services de conception sur mesure<\/strong>et <strong data-start=\"4276\" data-end=\"4301\">des d\u00e9lais d'ex\u00e9cution rapides<\/strong>-tout en restant comp\u00e9titifs en termes de prix.<\/p>\n<hr data-start=\"4342\" data-end=\"4345\" \/>\n<h3 data-start=\"4347\" data-end=\"4393\">Applications concr\u00e8tes pour les importateurs am\u00e9ricains<\/h3>\n<p data-start=\"4395\" data-end=\"4428\">L'approvisionnement bas\u00e9 sur l'AGOA est id\u00e9al pour :<\/p>\n<ul data-start=\"4429\" data-end=\"4734\">\n<li data-start=\"4429\" data-end=\"4505\">\n<p data-start=\"4431\" data-end=\"4505\"><strong data-start=\"4431\" data-end=\"4455\">Petites marques de mode<\/strong> besoin d'une fabrication \u00e0 faible QMT avec de meilleures marges<\/p>\n<\/li>\n<li data-start=\"4506\" data-end=\"4594\">\n<p data-start=\"4508\" data-end=\"4594\"><strong data-start=\"4508\" data-end=\"4525\">Cha\u00eenes de distribution<\/strong> cherchent \u00e0 diversifier leur base d'approvisionnement et \u00e0 r\u00e9duire leur d\u00e9pendance \u00e0 l'\u00e9gard de l'Asie<\/p>\n<\/li>\n<li data-start=\"4595\" data-end=\"4666\">\n<p data-start=\"4597\" data-end=\"4666\"><strong data-start=\"4597\" data-end=\"4618\">Marques de commerce \u00e9lectronique<\/strong> qui privil\u00e9gient la rapidit\u00e9, la qualit\u00e9 et l'approvisionnement \u00e9thique<\/p>\n<\/li>\n<li data-start=\"4667\" data-end=\"4734\">\n<p data-start=\"4669\" data-end=\"4734\"><strong data-start=\"4669\" data-end=\"4695\">Entreprises de fournitures pour l'\u00e9v\u00e9nementiel<\/strong> la commande de costumes ou d'uniformes saisonniers<\/p>\n<\/li>\n<\/ul>\n<p data-start=\"4736\" data-end=\"4881\">Nos clients utilisent les avantages de l'AGOA pour r\u00e9investir les \u00e9conomies r\u00e9alis\u00e9es dans le marketing, les stocks ou le d\u00e9veloppement de produits, ce qui leur conf\u00e8re un avantage certain sur des march\u00e9s encombr\u00e9s.<\/p>\n<hr data-start=\"4883\" data-end=\"4886\" \/>\n<h3 data-start=\"4888\" data-end=\"4937\">Commencer \u00e0 fabriquer avec l'aide de l'AGOA<\/h3>\n<p data-start=\"4939\" data-end=\"5039\">Nous avons aid\u00e9 des dizaines d'entreprises am\u00e9ricaines \u00e0 <strong data-start=\"4978\" data-end=\"5004\">maximiser les avantages de l'AGOA<\/strong> tout en profitant de Festival Factory's :<\/p>\n<ul data-start=\"5040\" data-end=\"5166\">\n<li data-start=\"5040\" data-end=\"5074\">\n<p data-start=\"5042\" data-end=\"5074\">D\u00e9veloppement de produits \u00e0 service complet<\/p>\n<\/li>\n<li data-start=\"5075\" data-end=\"5096\">\n<p data-start=\"5077\" data-end=\"5096\">Une tarification transparente<\/p>\n<\/li>\n<li data-start=\"5097\" data-end=\"5121\">\n<p data-start=\"5099\" data-end=\"5121\">Cycles de production rapides<\/p>\n<\/li>\n<li data-start=\"5122\" data-end=\"5166\">\n<p data-start=\"5124\" data-end=\"5166\">Soutien logistique et coordination douani\u00e8re<\/p>\n<\/li>\n<\/ul>\n<p data-start=\"5168\" data-end=\"5326\">Si vous vous approvisionnez en Chine ou en Asie du Sud, c'est le moment de le faire. <strong data-start=\"5231\" data-end=\"5260\">repensez votre cha\u00eene d'approvisionnement<\/strong>. Madagascar, dans le cadre de l'AGOA, offre une voie plus intelligente et plus l\u00e9g\u00e8re vers la croissance.<\/p>\n<hr data-start=\"5328\" data-end=\"5331\" \/>\n<h3 data-start=\"5333\" data-end=\"5353\">Contactez-nous d\u00e8s aujourd'hui<\/h3>\n<p data-start=\"5355\" data-end=\"5570\">Que vous passiez votre premi\u00e8re commande ou que vous cherchiez \u00e0 transf\u00e9rer votre production existante \u00e0 Madagascar, notre \u00e9quipe est pr\u00eate \u00e0 vous aider. Laissez-nous vous expliquer comment l'AGOA peut r\u00e9duire vos co\u00fbts au d\u00e9barquement et rationaliser vos op\u00e9rations.<\/p>\n<p data-start=\"5355\" data-end=\"5570\">Contactez-nous pour en savoir plus sur l'exp\u00e9dition en franchise de droits dans le cadre de l'AGOA.<\/p>\n<\/div><\/div><\/div><\/div><\/div>","protected":false},"excerpt":{"rendered":"","protected":false},"author":2,"featured_media":0,"parent":3512,"menu_order":0,"comment_status":"closed","ping_status":"closed","template":"","meta":{"_acf_changed":false,"footnotes":""},"class_list":["post-3911","page","type-page","status-publish","hentry"],"acf":[],"yoast_head":"<!-- This site is optimized with the Yoast SEO plugin v27.4 - https:\/\/yoast.com\/product\/yoast-seo-wordpress\/ -->\n<title>Exporting to the USA with AGOA \u2013 Duty-Free Access from Madagascar<\/title>\n<meta name=\"description\" content=\"Learn how Festival Factory uses the AGOA trade agreement to ship apparel duty-free to the U.S. from Madagascar. Lower costs, smoother imports.\" \/>\n<meta name=\"robots\" content=\"index, follow, max-snippet:-1, max-image-preview:large, max-video-preview:-1\" \/>\n<link rel=\"canonical\" href=\"https:\/\/festival-factory.com\/fr\/duty-free-shipping\/agoa-us\/\" \/>\n<meta property=\"og:locale\" content=\"fr_FR\" \/>\n<meta property=\"og:type\" content=\"article\" \/>\n<meta property=\"og:title\" content=\"Exporting to the USA with AGOA \u2013 Duty-Free Access from Madagascar\" \/>\n<meta property=\"og:description\" content=\"Learn how Festival Factory uses the AGOA trade agreement to ship apparel duty-free to the U.S. from Madagascar. Lower costs, smoother imports.\" \/>\n<meta property=\"og:url\" content=\"https:\/\/festival-factory.com\/fr\/duty-free-shipping\/agoa-us\/\" \/>\n<meta property=\"og:site_name\" content=\"Festival Factory Madagascar\" \/>\n<meta property=\"article:modified_time\" content=\"2025-07-22T08:30:52+00:00\" \/>\n<meta name=\"twitter:card\" content=\"summary_large_image\" \/>\n<meta name=\"twitter:label1\" content=\"Dur\u00e9e de lecture estim\u00e9e\" \/>\n\t<meta name=\"twitter:data1\" content=\"3 minutes\" \/>\n<script type=\"application\/ld+json\" class=\"yoast-schema-graph\">{\"@context\":\"https:\\\/\\\/schema.org\",\"@graph\":[{\"@type\":\"WebPage\",\"@id\":\"https:\\\/\\\/festival-factory.com\\\/duty-free-shipping\\\/agoa-us\\\/\",\"url\":\"https:\\\/\\\/festival-factory.com\\\/duty-free-shipping\\\/agoa-us\\\/\",\"name\":\"Exporting to the USA with AGOA \u2013 Duty-Free Access from Madagascar\",\"isPartOf\":{\"@id\":\"https:\\\/\\\/festival-factory.com\\\/#website\"},\"datePublished\":\"2025-07-18T14:38:28+00:00\",\"dateModified\":\"2025-07-22T08:30:52+00:00\",\"description\":\"Learn how Festival Factory uses the AGOA trade agreement to ship apparel duty-free to the U.S. from Madagascar. Lower costs, smoother imports.\",\"breadcrumb\":{\"@id\":\"https:\\\/\\\/festival-factory.com\\\/duty-free-shipping\\\/agoa-us\\\/#breadcrumb\"},\"inLanguage\":\"fr-FR\",\"potentialAction\":[{\"@type\":\"ReadAction\",\"target\":[\"https:\\\/\\\/festival-factory.com\\\/duty-free-shipping\\\/agoa-us\\\/\"]}]},{\"@type\":\"BreadcrumbList\",\"@id\":\"https:\\\/\\\/festival-factory.com\\\/duty-free-shipping\\\/agoa-us\\\/#breadcrumb\",\"itemListElement\":[{\"@type\":\"ListItem\",\"position\":1,\"name\":\"Home\",\"item\":\"https:\\\/\\\/festival-factory.com\\\/\"},{\"@type\":\"ListItem\",\"position\":2,\"name\":\"Duty-Free Shipping from Madagascar\",\"item\":\"https:\\\/\\\/festival-factory.com\\\/duty-free-shipping\\\/\"},{\"@type\":\"ListItem\",\"position\":3,\"name\":\"AGOA \u2013 Duty-Free Shipping to the United States\"}]},{\"@type\":\"WebSite\",\"@id\":\"https:\\\/\\\/festival-factory.com\\\/#website\",\"url\":\"https:\\\/\\\/festival-factory.com\\\/\",\"name\":\"Festival Factory Madagascar\",\"description\":\"Manufacturing apparel &amp; Costumes with decades of experience\",\"publisher\":{\"@id\":\"https:\\\/\\\/festival-factory.com\\\/#organization\"},\"potentialAction\":[{\"@type\":\"SearchAction\",\"target\":{\"@type\":\"EntryPoint\",\"urlTemplate\":\"https:\\\/\\\/festival-factory.com\\\/?s={search_term_string}\"},\"query-input\":{\"@type\":\"PropertyValueSpecification\",\"valueRequired\":true,\"valueName\":\"search_term_string\"}}],\"inLanguage\":\"fr-FR\"},{\"@type\":\"Organization\",\"@id\":\"https:\\\/\\\/festival-factory.com\\\/#organization\",\"name\":\"Festival Factory Madagascar\",\"url\":\"https:\\\/\\\/festival-factory.com\\\/\",\"logo\":{\"@type\":\"ImageObject\",\"inLanguage\":\"fr-FR\",\"@id\":\"https:\\\/\\\/festival-factory.com\\\/#\\\/schema\\\/logo\\\/image\\\/\",\"url\":\"https:\\\/\\\/festival-factory.com\\\/wp-content\\\/uploads\\\/2025\\\/02\\\/Festival-Logo.png\",\"contentUrl\":\"https:\\\/\\\/festival-factory.com\\\/wp-content\\\/uploads\\\/2025\\\/02\\\/Festival-Logo.png\",\"width\":2000,\"height\":519,\"caption\":\"Festival Factory Madagascar\"},\"image\":{\"@id\":\"https:\\\/\\\/festival-factory.com\\\/#\\\/schema\\\/logo\\\/image\\\/\"}}]}<\/script>\n<!-- \/ Yoast SEO plugin. -->","yoast_head_json":{"title":"Exporter vers les \u00c9tats-Unis avec l'AGOA - Acc\u00e8s en franchise de droits de Madagascar","description":"D\u00e9couvrez comment Festival Factory utilise l'accord commercial AGOA pour exp\u00e9dier des v\u00eatements en franchise de droits aux \u00c9tats-Unis depuis Madagascar. Des co\u00fbts r\u00e9duits, des importations plus fluides.","robots":{"index":"index","follow":"follow","max-snippet":"max-snippet:-1","max-image-preview":"max-image-preview:large","max-video-preview":"max-video-preview:-1"},"canonical":"https:\/\/festival-factory.com\/fr\/duty-free-shipping\/agoa-us\/","og_locale":"fr_FR","og_type":"article","og_title":"Exporting to the USA with AGOA \u2013 Duty-Free Access from Madagascar","og_description":"Learn how Festival Factory uses the AGOA trade agreement to ship apparel duty-free to the U.S. from Madagascar. Lower costs, smoother imports.","og_url":"https:\/\/festival-factory.com\/fr\/duty-free-shipping\/agoa-us\/","og_site_name":"Festival Factory Madagascar","article_modified_time":"2025-07-22T08:30:52+00:00","twitter_card":"summary_large_image","twitter_misc":{"Dur\u00e9e de lecture estim\u00e9e":"3 minutes"},"schema":{"@context":"https:\/\/schema.org","@graph":[{"@type":"WebPage","@id":"https:\/\/festival-factory.com\/duty-free-shipping\/agoa-us\/","url":"https:\/\/festival-factory.com\/duty-free-shipping\/agoa-us\/","name":"Exporter vers les \u00c9tats-Unis avec l'AGOA - Acc\u00e8s en franchise de droits de Madagascar","isPartOf":{"@id":"https:\/\/festival-factory.com\/#website"},"datePublished":"2025-07-18T14:38:28+00:00","dateModified":"2025-07-22T08:30:52+00:00","description":"D\u00e9couvrez comment Festival Factory utilise l'accord commercial AGOA pour exp\u00e9dier des v\u00eatements en franchise de droits aux \u00c9tats-Unis depuis Madagascar. Des co\u00fbts r\u00e9duits, des importations plus fluides.","breadcrumb":{"@id":"https:\/\/festival-factory.com\/duty-free-shipping\/agoa-us\/#breadcrumb"},"inLanguage":"fr-FR","potentialAction":[{"@type":"ReadAction","target":["https:\/\/festival-factory.com\/duty-free-shipping\/agoa-us\/"]}]},{"@type":"BreadcrumbList","@id":"https:\/\/festival-factory.com\/duty-free-shipping\/agoa-us\/#breadcrumb","itemListElement":[{"@type":"ListItem","position":1,"name":"Home","item":"https:\/\/festival-factory.com\/"},{"@type":"ListItem","position":2,"name":"Duty-Free Shipping from Madagascar","item":"https:\/\/festival-factory.com\/duty-free-shipping\/"},{"@type":"ListItem","position":3,"name":"AGOA \u2013 Duty-Free Shipping to the United States"}]},{"@type":"WebSite","@id":"https:\/\/festival-factory.com\/#website","url":"https:\/\/festival-factory.com\/","name":"Festival Factory Madagascar","description":"Fabrication de v\u00eatements et de costumes avec des d\u00e9cennies d'exp\u00e9rience","publisher":{"@id":"https:\/\/festival-factory.com\/#organization"},"potentialAction":[{"@type":"SearchAction","target":{"@type":"EntryPoint","urlTemplate":"https:\/\/festival-factory.com\/?s={search_term_string}"},"query-input":{"@type":"PropertyValueSpecification","valueRequired":true,"valueName":"search_term_string"}}],"inLanguage":"fr-FR"},{"@type":"Organization","@id":"https:\/\/festival-factory.com\/#organization","name":"Festival Factory Madagascar","url":"https:\/\/festival-factory.com\/","logo":{"@type":"ImageObject","inLanguage":"fr-FR","@id":"https:\/\/festival-factory.com\/#\/schema\/logo\/image\/","url":"https:\/\/festival-factory.com\/wp-content\/uploads\/2025\/02\/Festival-Logo.png","contentUrl":"https:\/\/festival-factory.com\/wp-content\/uploads\/2025\/02\/Festival-Logo.png","width":2000,"height":519,"caption":"Festival Factory Madagascar"},"image":{"@id":"https:\/\/festival-factory.com\/#\/schema\/logo\/image\/"}}]}},"_links":{"self":[{"href":"https:\/\/festival-factory.com\/fr\/wp-json\/wp\/v2\/pages\/3911","targetHints":{"allow":["GET"]}}],"collection":[{"href":"https:\/\/festival-factory.com\/fr\/wp-json\/wp\/v2\/pages"}],"about":[{"href":"https:\/\/festival-factory.com\/fr\/wp-json\/wp\/v2\/types\/page"}],"author":[{"embeddable":true,"href":"https:\/\/festival-factory.com\/fr\/wp-json\/wp\/v2\/users\/2"}],"replies":[{"embeddable":true,"href":"https:\/\/festival-factory.com\/fr\/wp-json\/wp\/v2\/comments?post=3911"}],"version-history":[{"count":7,"href":"https:\/\/festival-factory.com\/fr\/wp-json\/wp\/v2\/pages\/3911\/revisions"}],"predecessor-version":[{"id":3947,"href":"https:\/\/festival-factory.com\/fr\/wp-json\/wp\/v2\/pages\/3911\/revisions\/3947"}],"up":[{"embeddable":true,"href":"https:\/\/festival-factory.com\/fr\/wp-json\/wp\/v2\/pages\/3512"}],"wp:attachment":[{"href":"https:\/\/festival-factory.com\/fr\/wp-json\/wp\/v2\/media?parent=3911"}],"curies":[{"name":"wp","href":"https:\/\/api.w.org\/{rel}","templated":true}]}}