{"id":3916,"date":"2025-07-18T14:44:27","date_gmt":"2025-07-18T14:44:27","guid":{"rendered":"https:\/\/festival-factory.com\/?page_id=3916"},"modified":"2025-07-18T15:14:54","modified_gmt":"2025-07-18T15:14:54","slug":"eur1-eu","status":"publish","type":"page","link":"https:\/\/festival-factory.com\/fr\/duty-free-shipping\/eur1-eu\/","title":{"rendered":"EUR.1 - Exp\u00e9dition hors taxes vers l'Union europ\u00e9enne"},"content":{"rendered":"<h3 data-start=\"643\" data-end=\"704\">Introduction : Le pouvoir du commerce pr\u00e9f\u00e9rentiel avec l'Europe<\/h3>\n<p data-start=\"706\" data-end=\"1018\">Les droits d'importation peuvent augmenter consid\u00e9rablement le co\u00fbt des marchandises, en particulier dans les secteurs du textile et de l'habillement. Pour les marques et les d\u00e9taillants europ\u00e9ens qui s'approvisionnent \u00e0 l'\u00e9tranger, il est important de travailler avec des fournisseurs qui peuvent offrir <strong data-start=\"914\" data-end=\"936\">exp\u00e9dition en franchise de droits<\/strong> \u00e0 travers <strong data-start=\"945\" data-end=\"978\">accords commerciaux pr\u00e9f\u00e9rentiels<\/strong> offre un avantage concurrentiel \u00e9vident.<\/p>\n<p data-start=\"1020\" data-end=\"1280\">Au <strong data-start=\"1023\" data-end=\"1043\">Festival Factory<\/strong>Nous aidons nos clients de l'UE \u00e0 r\u00e9duire leurs co\u00fbts au d\u00e9barquement et \u00e0 rationaliser les formalit\u00e9s douani\u00e8res en tirant parti du syst\u00e8me de gestion de l'information de l'UE. <strong data-start=\"1134\" data-end=\"1165\">EUR.1 Certificat d'origine<\/strong> - un document cl\u00e9 qui garantit <strong data-start=\"1196\" data-end=\"1235\">acc\u00e8s en franchise de droits pour les marchandises \u00e9ligibles<\/strong> de Madagascar \u00e0 l'int\u00e9rieur de l'Union europ\u00e9enne. <strong data-start=\"1261\" data-end=\"1279\">Union europ\u00e9enne<\/strong>.<\/p>\n<hr data-start=\"1282\" data-end=\"1285\" \/>\n<h3 data-start=\"1287\" data-end=\"1321\">Qu'est-ce que le certificat EUR.1 ?<\/h3>\n<p data-start=\"1323\" data-end=\"1637\">Le <strong data-start=\"1327\" data-end=\"1348\">Certificat EUR.1<\/strong> est un document douanier utilis\u00e9 dans le cadre des accords commerciaux entre l'Union europ\u00e9enne et certains pays non membres de l'UE, tels que <strong data-start=\"1482\" data-end=\"1496\">Madagascar<\/strong>. Il sert de <strong data-start=\"1511\" data-end=\"1530\">preuve d'origine<\/strong> pour les marchandises, confirmant qu'elles ont \u00e9t\u00e9 fabriqu\u00e9es dans un pays \u00e9ligible au traitement tarifaire pr\u00e9f\u00e9rentiel.<\/p>\n<p data-start=\"1639\" data-end=\"1702\">Lorsque vous importez des produits dans l'UE avec un certificat EUR.1 :<\/p>\n<ul data-start=\"1703\" data-end=\"1870\">\n<li data-start=\"1703\" data-end=\"1738\">\n<p data-start=\"1705\" data-end=\"1738\">Vous <strong data-start=\"1709\" data-end=\"1738\">ne pas payer de droits de douane<\/strong><\/p>\n<\/li>\n<li data-start=\"1739\" data-end=\"1786\">\n<p data-start=\"1741\" data-end=\"1786\">Les proc\u00e9dures douani\u00e8res sont <strong data-start=\"1764\" data-end=\"1786\">plus rapide et plus simple<\/strong><\/p>\n<\/li>\n<li data-start=\"1787\" data-end=\"1870\">\n<p data-start=\"1789\" data-end=\"1870\">Vous b\u00e9n\u00e9ficiez des conditions de la <strong data-start=\"1823\" data-end=\"1870\">Accords de partenariat \u00e9conomique (APE) de l'UE<\/strong><\/p>\n<\/li>\n<\/ul>\n<hr data-start=\"1872\" data-end=\"1875\" \/>\n<h3 data-start=\"1877\" data-end=\"1931\">Madagascar et l'UE : Une relation commerciale forte<\/h3>\n<p data-start=\"1933\" data-end=\"2089\">Madagascar est l'un des pays d'Afrique, des Cara\u00efbes et du Pacifique (ACP) ayant une population d'environ 1,5 million d'habitants. <strong data-start=\"2013\" data-end=\"2042\">accord commercial favorable<\/strong> en place avec l'UE. Cet accord pr\u00e9voit :<\/p>\n<ul data-start=\"2090\" data-end=\"2299\">\n<li data-start=\"2090\" data-end=\"2159\">\n<p data-start=\"2092\" data-end=\"2159\"><strong data-start=\"2092\" data-end=\"2117\">Acc\u00e8s en franchise totale de droits<\/strong> aux march\u00e9s de l'UE pour la plupart des produits manufactur\u00e9s<\/p>\n<\/li>\n<li data-start=\"2160\" data-end=\"2233\">\n<p data-start=\"2162\" data-end=\"2233\"><strong data-start=\"2162\" data-end=\"2181\">R\u00e8gles d'origine<\/strong> qui permettent une contribution r\u00e9gionale dans des conditions souples<\/p>\n<\/li>\n<li data-start=\"2234\" data-end=\"2299\">\n<p data-start=\"2236\" data-end=\"2299\">Un cadre r\u00e9glementaire clair pour les petits et les grands importateurs<\/p>\n<\/li>\n<\/ul>\n<p data-start=\"2301\" data-end=\"2515\">En tant que fabricant bas\u00e9 \u00e0 Madagascar, <strong data-start=\"2337\" data-end=\"2357\">Festival Factory<\/strong> d\u00e9livre des certificats EUR.1 pour chaque envoi \u00e9ligible, aidant ainsi les entreprises de l'UE \u00e0 \u00e9conomiser <strong data-start=\"2441\" data-end=\"2454\">jusqu'\u00e0 12%<\/strong> ou plus de droits d'importation, en fonction de la cat\u00e9gorie de produits.<\/p>\n<hr data-start=\"2517\" data-end=\"2520\" \/>\n<h3 data-start=\"2522\" data-end=\"2570\">Quels sont les produits pouvant b\u00e9n\u00e9ficier d'une franchise de droits ?<\/h3>\n<p data-start=\"2572\" data-end=\"2743\">La plupart des v\u00eatements et des costumes fabriqu\u00e9s par Festival Factory peuvent \u00eatre import\u00e9s en franchise de droits dans l'UE sur la base de l'EUR.1, \u00e0 condition qu'ils r\u00e9pondent aux crit\u00e8res d'origine. Il s'agit notamment de :<\/p>\n<ul data-start=\"2744\" data-end=\"2909\">\n<li data-start=\"2744\" data-end=\"2778\">\n<p data-start=\"2746\" data-end=\"2778\">Costumes d'\u00e9v\u00e9nements et v\u00eatements \u00e0 th\u00e8me<\/p>\n<\/li>\n<li data-start=\"2779\" data-end=\"2817\">\n<p data-start=\"2781\" data-end=\"2817\">Uniformes personnalis\u00e9s et v\u00eatements de marque<\/p>\n<\/li>\n<li data-start=\"2818\" data-end=\"2860\">\n<p data-start=\"2820\" data-end=\"2860\">Costumes et d\u00e9guisements pour enfants<\/p>\n<\/li>\n<li data-start=\"2861\" data-end=\"2909\">\n<p data-start=\"2863\" data-end=\"2909\">V\u00eatements l\u00e9gers pour la vente au d\u00e9tail et le commerce \u00e9lectronique<\/p>\n<\/li>\n<\/ul>\n<p data-start=\"2911\" data-end=\"3091\">Si votre produit est con\u00e7u et fabriqu\u00e9 \u00e0 Madagascar \u00e0 l'aide d'intrants r\u00e9gionaux approuv\u00e9s, il est probablement \u00e9ligible. Notre \u00e9quipe vous aide \u00e0 v\u00e9rifier l'\u00e9ligibilit\u00e9 et \u00e0 pr\u00e9parer la documentation ad\u00e9quate.<\/p>\n<hr data-start=\"3093\" data-end=\"3096\" \/>\n<h3 data-start=\"3098\" data-end=\"3136\">Avantages d'EUR.1 pour les importateurs de l'UE<\/h3>\n<p data-start=\"3138\" data-end=\"3226\">L'importation par l'interm\u00e9diaire d'EUR.1 offre plusieurs avantages distincts aux entreprises de toute l'Europe :<\/p>\n<h4 data-start=\"3228\" data-end=\"3258\">1. <strong data-start=\"3236\" data-end=\"3258\">Diminution des co\u00fbts d'importation<\/strong><\/h4>\n<p data-start=\"3259\" data-end=\"3393\">En l'absence de droits d'importation, vous pouvez r\u00e9investir les \u00e9conomies r\u00e9alis\u00e9es dans des strat\u00e9gies de marketing, d'expansion des produits ou de fixation des prix afin de garder une longueur d'avance sur vos concurrents.<\/p>\n<h4 data-start=\"3395\" data-end=\"3435\">2. <strong data-start=\"3403\" data-end=\"3435\">D\u00e9douanement simplifi\u00e9<\/strong><\/h4>\n<p data-start=\"3436\" data-end=\"3568\">Les douanes de l'UE reconnaissent les documents EUR.1 et traitent ces envois plus efficacement, ce qui r\u00e9duit les retards et les co\u00fbts administratifs.<\/p>\n<h4 data-start=\"3570\" data-end=\"3606\">3. <strong data-start=\"3578\" data-end=\"3606\">Diversification des sources d'approvisionnement<\/strong><\/h4>\n<p data-start=\"3607\" data-end=\"3750\">Dans un environnement mondial marqu\u00e9 par des perturbations et une d\u00e9pendance excessive \u00e0 l'\u00e9gard de l'Asie, l'approvisionnement \u00e0 Madagascar permet de r\u00e9duire les risques et d'accro\u00eetre la flexibilit\u00e9.<\/p>\n<hr data-start=\"3752\" data-end=\"3755\" \/>\n<h3 data-start=\"3757\" data-end=\"3786\">Pays de l'UE b\u00e9n\u00e9ficiaires<\/h3>\n<p data-start=\"3788\" data-end=\"3881\">Tous les pays de l'Union europ\u00e9enne acceptent les marchandises certifi\u00e9es EUR.1 en provenance de Madagascar, y compris :<\/p>\n<ul data-start=\"3883\" data-end=\"4036\">\n<li data-start=\"3883\" data-end=\"3893\">\n<p data-start=\"3885\" data-end=\"3893\">France<\/p>\n<\/li>\n<li data-start=\"3894\" data-end=\"3905\">\n<p data-start=\"3896\" data-end=\"3905\">Allemagne<\/p>\n<\/li>\n<li data-start=\"3906\" data-end=\"3915\">\n<p data-start=\"3908\" data-end=\"3915\">Italie<\/p>\n<\/li>\n<li data-start=\"3916\" data-end=\"3925\">\n<p data-start=\"3918\" data-end=\"3925\">Espagne<\/p>\n<\/li>\n<li data-start=\"3926\" data-end=\"3945\">\n<p data-start=\"3928\" data-end=\"3945\">Les Pays-Bas<\/p>\n<\/li>\n<li data-start=\"3946\" data-end=\"3956\">\n<p data-start=\"3948\" data-end=\"3956\">Su\u00e8de<\/p>\n<\/li>\n<li data-start=\"3957\" data-end=\"3968\">\n<p data-start=\"3959\" data-end=\"3968\">Belgique<\/p>\n<\/li>\n<li data-start=\"3969\" data-end=\"3980\">\n<p data-start=\"3971\" data-end=\"3980\">Autriche<\/p>\n<\/li>\n<li data-start=\"3981\" data-end=\"3992\">\n<p data-start=\"3983\" data-end=\"3992\">Irlande<\/p>\n<\/li>\n<li data-start=\"3993\" data-end=\"4036\">\n<p data-start=\"3995\" data-end=\"4036\">Pologne<br data-start=\"4001\" data-end=\"4004\" \/>...et tous les autres \u00c9tats membres de l'UE.<\/p>\n<\/li>\n<\/ul>\n<p data-start=\"4038\" data-end=\"4153\">Qu'il s'agisse d'une marque de mode fran\u00e7aise ou d'une boutique de commerce \u00e9lectronique allemande, les \u00e9conomies sont imm\u00e9diates et substantielles.<\/p>\n<hr data-start=\"4155\" data-end=\"4158\" \/>\n<h3 data-start=\"4160\" data-end=\"4218\">Le r\u00f4le de l'usine du festival : De la fabrication \u00e0 la douane<\/h3>\n<p data-start=\"4220\" data-end=\"4360\">Chez Festival Factory, nous allons au-del\u00e0 de la fabrication - nous sommes votre partenaire d'exportation \u00e0 part enti\u00e8re. Voici ce que nous offrons pour chaque envoi \u00e0 destination de l'UE :<\/p>\n<ul data-start=\"4362\" data-end=\"4565\">\n<li data-start=\"4362\" data-end=\"4406\">\n<p data-start=\"4364\" data-end=\"4406\"><strong data-start=\"4364\" data-end=\"4406\">Pr\u00e9paration pr\u00e9cise du certificat EUR.1<\/strong><\/p>\n<\/li>\n<li data-start=\"4407\" data-end=\"4446\">\n<p data-start=\"4409\" data-end=\"4446\"><strong data-start=\"4409\" data-end=\"4446\">Contr\u00f4les de conformit\u00e9 aux r\u00e8gles d'origine<\/strong><\/p>\n<\/li>\n<li data-start=\"4447\" data-end=\"4509\">\n<p data-start=\"4449\" data-end=\"4509\">Coordination avec <strong data-start=\"4467\" data-end=\"4509\">transitaires et courtiers en douane<\/strong><\/p>\n<\/li>\n<li data-start=\"4510\" data-end=\"4565\">\n<p data-start=\"4512\" data-end=\"4565\"><strong data-start=\"4512\" data-end=\"4545\">Des d\u00e9lais de production fiables<\/strong> et le contr\u00f4le de la qualit\u00e9<\/p>\n<\/li>\n<\/ul>\n<p data-start=\"4567\" data-end=\"4686\">Notre \u00e9quipe comprend les attentes du march\u00e9 europ\u00e9en et aide vos produits \u00e0 r\u00e9pondre aux exigences en mati\u00e8re de conception et de r\u00e9glementation.<\/p>\n<hr data-start=\"4688\" data-end=\"4691\" \/>\n<h3 data-start=\"4693\" data-end=\"4732\">\u00c0 qui s'adresse le sourcing EUR.1 ?<\/h3>\n<p data-start=\"4734\" data-end=\"4779\">Notre service d'exportation de l'UE en franchise de droits est id\u00e9al pour :<\/p>\n<ul data-start=\"4781\" data-end=\"5013\">\n<li data-start=\"4781\" data-end=\"4845\">\n<p data-start=\"4783\" data-end=\"4845\"><strong data-start=\"4783\" data-end=\"4813\">D\u00e9taillants europ\u00e9ens de l'habillement<\/strong> l'approvisionnement en produits de marque priv\u00e9e<\/p>\n<\/li>\n<li data-start=\"4846\" data-end=\"4882\">\n<p data-start=\"4848\" data-end=\"4882\"><strong data-start=\"4848\" data-end=\"4882\">Grossistes en costumes pour enfants<\/strong><\/p>\n<\/li>\n<li data-start=\"4883\" data-end=\"4945\">\n<p data-start=\"4885\" data-end=\"4945\"><strong data-start=\"4885\" data-end=\"4916\">Startups du commerce \u00e9lectronique de la mode<\/strong> besoin d'un stock abordable<\/p>\n<\/li>\n<li data-start=\"4946\" data-end=\"5013\">\n<p data-start=\"4948\" data-end=\"5013\"><strong data-start=\"4948\" data-end=\"4967\">Fournisseurs d'\u00e9v\u00e9nements<\/strong> qui travaillent avec des entreprises clientes dans toute l'Europe<\/p>\n<\/li>\n<\/ul>\n<p data-start=\"5015\" data-end=\"5161\">Avec des minimums peu \u00e9lev\u00e9s, des d\u00e9lais d'ex\u00e9cution rapides et l'avantage suppl\u00e9mentaire d'une livraison hors taxes, nous sommes un partenaire fiable pour les marques en croissance comme pour les marques \u00e9tablies.<\/p>\n<hr data-start=\"5163\" data-end=\"5166\" \/>\n<h3 data-start=\"5168\" data-end=\"5208\">Tirer le meilleur parti de l'avantage EUR.1<\/h3>\n<p data-start=\"5210\" data-end=\"5506\">Que vous importiez de petites s\u00e9ries ou des envois en masse, le fait de tirer parti de la pr\u00e9f\u00e9rence commerciale EUR.1 peut r\u00e9duire consid\u00e9rablement vos co\u00fbts au d\u00e9barquement et augmenter votre r\u00e9sultat net. Festival Factory prend en charge chaque \u00e9tape - de la conception et de l'\u00e9chantillonnage \u00e0 la documentation et \u00e0 la logistique - avec pr\u00e9cision et soin.<\/p>\n<hr data-start=\"5508\" data-end=\"5511\" \/>\n<h3 data-start=\"5513\" data-end=\"5534\">Commen\u00e7ons<\/h3>\n<p data-start=\"5536\" data-end=\"5735\">Vous souhaitez d\u00e9velopper votre pr\u00e9sence en Europe sans gonfler vos co\u00fbts ? Contactez Festival Factory d\u00e8s aujourd'hui pour en savoir plus sur notre <strong data-start=\"5661\" data-end=\"5708\">services de fabrication et d'exportation en franchise de droits<\/strong> dans le cadre de l'accord EUR.1.<\/p>\n<p data-start=\"5737\" data-end=\"5863\"><a href=\"https:\/\/festival-factory.com\/fr\/contact-us\/\">Nous contacter<\/a> pour un devis personnalis\u00e9 ou un contr\u00f4le de conformit\u00e9.<\/p>","protected":false},"excerpt":{"rendered":"<p>Introduction: The Power of Preferential Trade with Europe Import duties  [&#8230;]<\/p>\n","protected":false},"author":2,"featured_media":0,"parent":3512,"menu_order":0,"comment_status":"closed","ping_status":"closed","template":"","meta":{"_acf_changed":false,"footnotes":""},"class_list":["post-3916","page","type-page","status-publish","hentry"],"acf":[],"yoast_head":"<!-- This site is optimized with the Yoast SEO plugin v27.4 - https:\/\/yoast.com\/product\/yoast-seo-wordpress\/ -->\n<title>EUR.1 Certificate \u2013 Duty-Free Trade Between Madagascar and the EU<\/title>\n<meta name=\"description\" content=\"Festival Factory offers duty-free shipping to EU countries using the EUR.1 certificate. Explore how your business can benefit from reduced import costs.\" \/>\n<meta name=\"robots\" content=\"index, follow, max-snippet:-1, max-image-preview:large, max-video-preview:-1\" \/>\n<link rel=\"canonical\" href=\"https:\/\/festival-factory.com\/fr\/duty-free-shipping\/eur1-eu\/\" \/>\n<meta property=\"og:locale\" content=\"fr_FR\" \/>\n<meta property=\"og:type\" content=\"article\" \/>\n<meta property=\"og:title\" content=\"EUR.1 Certificate \u2013 Duty-Free Trade Between Madagascar and the EU\" \/>\n<meta property=\"og:description\" content=\"Festival Factory offers duty-free shipping to EU countries using the EUR.1 certificate. Explore how your business can benefit from reduced import costs.\" \/>\n<meta property=\"og:url\" content=\"https:\/\/festival-factory.com\/fr\/duty-free-shipping\/eur1-eu\/\" \/>\n<meta property=\"og:site_name\" content=\"Festival Factory Madagascar\" \/>\n<meta property=\"article:modified_time\" content=\"2025-07-18T15:14:54+00:00\" \/>\n<meta name=\"twitter:card\" content=\"summary_large_image\" \/>\n<meta name=\"twitter:label1\" content=\"Dur\u00e9e de lecture estim\u00e9e\" \/>\n\t<meta name=\"twitter:data1\" content=\"4 minutes\" \/>\n<script type=\"application\/ld+json\" class=\"yoast-schema-graph\">{\"@context\":\"https:\\\/\\\/schema.org\",\"@graph\":[{\"@type\":\"WebPage\",\"@id\":\"https:\\\/\\\/festival-factory.com\\\/duty-free-shipping\\\/eur1-eu\\\/\",\"url\":\"https:\\\/\\\/festival-factory.com\\\/duty-free-shipping\\\/eur1-eu\\\/\",\"name\":\"EUR.1 Certificate \u2013 Duty-Free Trade Between Madagascar and the EU\",\"isPartOf\":{\"@id\":\"https:\\\/\\\/festival-factory.com\\\/#website\"},\"datePublished\":\"2025-07-18T14:44:27+00:00\",\"dateModified\":\"2025-07-18T15:14:54+00:00\",\"description\":\"Festival Factory offers duty-free shipping to EU countries using the EUR.1 certificate. Explore how your business can benefit from reduced import costs.\",\"breadcrumb\":{\"@id\":\"https:\\\/\\\/festival-factory.com\\\/duty-free-shipping\\\/eur1-eu\\\/#breadcrumb\"},\"inLanguage\":\"fr-FR\",\"potentialAction\":[{\"@type\":\"ReadAction\",\"target\":[\"https:\\\/\\\/festival-factory.com\\\/duty-free-shipping\\\/eur1-eu\\\/\"]}]},{\"@type\":\"BreadcrumbList\",\"@id\":\"https:\\\/\\\/festival-factory.com\\\/duty-free-shipping\\\/eur1-eu\\\/#breadcrumb\",\"itemListElement\":[{\"@type\":\"ListItem\",\"position\":1,\"name\":\"Home\",\"item\":\"https:\\\/\\\/festival-factory.com\\\/\"},{\"@type\":\"ListItem\",\"position\":2,\"name\":\"Duty-Free Shipping from Madagascar\",\"item\":\"https:\\\/\\\/festival-factory.com\\\/duty-free-shipping\\\/\"},{\"@type\":\"ListItem\",\"position\":3,\"name\":\"EUR.1 \u2013 Duty-Free Shipping to the European Union\"}]},{\"@type\":\"WebSite\",\"@id\":\"https:\\\/\\\/festival-factory.com\\\/#website\",\"url\":\"https:\\\/\\\/festival-factory.com\\\/\",\"name\":\"Festival Factory Madagascar\",\"description\":\"Manufacturing apparel &amp; Costumes with decades of experience\",\"publisher\":{\"@id\":\"https:\\\/\\\/festival-factory.com\\\/#organization\"},\"potentialAction\":[{\"@type\":\"SearchAction\",\"target\":{\"@type\":\"EntryPoint\",\"urlTemplate\":\"https:\\\/\\\/festival-factory.com\\\/?s={search_term_string}\"},\"query-input\":{\"@type\":\"PropertyValueSpecification\",\"valueRequired\":true,\"valueName\":\"search_term_string\"}}],\"inLanguage\":\"fr-FR\"},{\"@type\":\"Organization\",\"@id\":\"https:\\\/\\\/festival-factory.com\\\/#organization\",\"name\":\"Festival Factory Madagascar\",\"url\":\"https:\\\/\\\/festival-factory.com\\\/\",\"logo\":{\"@type\":\"ImageObject\",\"inLanguage\":\"fr-FR\",\"@id\":\"https:\\\/\\\/festival-factory.com\\\/#\\\/schema\\\/logo\\\/image\\\/\",\"url\":\"https:\\\/\\\/festival-factory.com\\\/wp-content\\\/uploads\\\/2025\\\/02\\\/Festival-Logo.png\",\"contentUrl\":\"https:\\\/\\\/festival-factory.com\\\/wp-content\\\/uploads\\\/2025\\\/02\\\/Festival-Logo.png\",\"width\":2000,\"height\":519,\"caption\":\"Festival Factory Madagascar\"},\"image\":{\"@id\":\"https:\\\/\\\/festival-factory.com\\\/#\\\/schema\\\/logo\\\/image\\\/\"}}]}<\/script>\n<!-- \/ Yoast SEO plugin. -->","yoast_head_json":{"title":"EUR.1 Certificat - Commerce hors taxes entre Madagascar et l'UE","description":"Festival Factory propose l'exp\u00e9dition en franchise de droits vers les pays de l'UE en utilisant le certificat EUR.1. D\u00e9couvrez comment votre entreprise peut b\u00e9n\u00e9ficier d'une r\u00e9duction des co\u00fbts d'importation.","robots":{"index":"index","follow":"follow","max-snippet":"max-snippet:-1","max-image-preview":"max-image-preview:large","max-video-preview":"max-video-preview:-1"},"canonical":"https:\/\/festival-factory.com\/fr\/duty-free-shipping\/eur1-eu\/","og_locale":"fr_FR","og_type":"article","og_title":"EUR.1 Certificate \u2013 Duty-Free Trade Between Madagascar and the EU","og_description":"Festival Factory offers duty-free shipping to EU countries using the EUR.1 certificate. Explore how your business can benefit from reduced import costs.","og_url":"https:\/\/festival-factory.com\/fr\/duty-free-shipping\/eur1-eu\/","og_site_name":"Festival Factory Madagascar","article_modified_time":"2025-07-18T15:14:54+00:00","twitter_card":"summary_large_image","twitter_misc":{"Dur\u00e9e de lecture estim\u00e9e":"4 minutes"},"schema":{"@context":"https:\/\/schema.org","@graph":[{"@type":"WebPage","@id":"https:\/\/festival-factory.com\/duty-free-shipping\/eur1-eu\/","url":"https:\/\/festival-factory.com\/duty-free-shipping\/eur1-eu\/","name":"EUR.1 Certificat - Commerce hors taxes entre Madagascar et l'UE","isPartOf":{"@id":"https:\/\/festival-factory.com\/#website"},"datePublished":"2025-07-18T14:44:27+00:00","dateModified":"2025-07-18T15:14:54+00:00","description":"Festival Factory propose l'exp\u00e9dition en franchise de droits vers les pays de l'UE en utilisant le certificat EUR.1. D\u00e9couvrez comment votre entreprise peut b\u00e9n\u00e9ficier d'une r\u00e9duction des co\u00fbts d'importation.","breadcrumb":{"@id":"https:\/\/festival-factory.com\/duty-free-shipping\/eur1-eu\/#breadcrumb"},"inLanguage":"fr-FR","potentialAction":[{"@type":"ReadAction","target":["https:\/\/festival-factory.com\/duty-free-shipping\/eur1-eu\/"]}]},{"@type":"BreadcrumbList","@id":"https:\/\/festival-factory.com\/duty-free-shipping\/eur1-eu\/#breadcrumb","itemListElement":[{"@type":"ListItem","position":1,"name":"Home","item":"https:\/\/festival-factory.com\/"},{"@type":"ListItem","position":2,"name":"Duty-Free Shipping from Madagascar","item":"https:\/\/festival-factory.com\/duty-free-shipping\/"},{"@type":"ListItem","position":3,"name":"EUR.1 \u2013 Duty-Free Shipping to the European Union"}]},{"@type":"WebSite","@id":"https:\/\/festival-factory.com\/#website","url":"https:\/\/festival-factory.com\/","name":"Festival Factory Madagascar","description":"Fabrication de v\u00eatements et de costumes avec des d\u00e9cennies d'exp\u00e9rience","publisher":{"@id":"https:\/\/festival-factory.com\/#organization"},"potentialAction":[{"@type":"SearchAction","target":{"@type":"EntryPoint","urlTemplate":"https:\/\/festival-factory.com\/?s={search_term_string}"},"query-input":{"@type":"PropertyValueSpecification","valueRequired":true,"valueName":"search_term_string"}}],"inLanguage":"fr-FR"},{"@type":"Organization","@id":"https:\/\/festival-factory.com\/#organization","name":"Festival Factory Madagascar","url":"https:\/\/festival-factory.com\/","logo":{"@type":"ImageObject","inLanguage":"fr-FR","@id":"https:\/\/festival-factory.com\/#\/schema\/logo\/image\/","url":"https:\/\/festival-factory.com\/wp-content\/uploads\/2025\/02\/Festival-Logo.png","contentUrl":"https:\/\/festival-factory.com\/wp-content\/uploads\/2025\/02\/Festival-Logo.png","width":2000,"height":519,"caption":"Festival Factory Madagascar"},"image":{"@id":"https:\/\/festival-factory.com\/#\/schema\/logo\/image\/"}}]}},"_links":{"self":[{"href":"https:\/\/festival-factory.com\/fr\/wp-json\/wp\/v2\/pages\/3916","targetHints":{"allow":["GET"]}}],"collection":[{"href":"https:\/\/festival-factory.com\/fr\/wp-json\/wp\/v2\/pages"}],"about":[{"href":"https:\/\/festival-factory.com\/fr\/wp-json\/wp\/v2\/types\/page"}],"author":[{"embeddable":true,"href":"https:\/\/festival-factory.com\/fr\/wp-json\/wp\/v2\/users\/2"}],"replies":[{"embeddable":true,"href":"https:\/\/festival-factory.com\/fr\/wp-json\/wp\/v2\/comments?post=3916"}],"version-history":[{"count":5,"href":"https:\/\/festival-factory.com\/fr\/wp-json\/wp\/v2\/pages\/3916\/revisions"}],"predecessor-version":[{"id":3939,"href":"https:\/\/festival-factory.com\/fr\/wp-json\/wp\/v2\/pages\/3916\/revisions\/3939"}],"up":[{"embeddable":true,"href":"https:\/\/festival-factory.com\/fr\/wp-json\/wp\/v2\/pages\/3512"}],"wp:attachment":[{"href":"https:\/\/festival-factory.com\/fr\/wp-json\/wp\/v2\/media?parent=3916"}],"curies":[{"name":"wp","href":"https:\/\/api.w.org\/{rel}","templated":true}]}}