{"id":3918,"date":"2025-07-18T14:45:34","date_gmt":"2025-07-18T14:45:34","guid":{"rendered":"https:\/\/festival-factory.com\/?page_id=3918"},"modified":"2025-07-18T15:14:38","modified_gmt":"2025-07-18T15:14:38","slug":"sadc-africa-2","status":"publish","type":"page","link":"https:\/\/festival-factory.com\/fr\/duty-free-shipping\/sadc-africa-2\/","title":{"rendered":"SADC - Exp\u00e9dition en franchise de droits vers les pays africains"},"content":{"rendered":"<h3 data-start=\"629\" data-end=\"692\">Introduction : Le potentiel inexploit\u00e9 de l'Afrique en mati\u00e8re de commerce r\u00e9gional<\/h3>\n<p data-start=\"694\" data-end=\"1006\">\u00c0 mesure que les \u00e9conomies africaines se d\u00e9veloppent et que l'int\u00e9gration r\u00e9gionale s'approfondit, l'importance de la coop\u00e9ration entre l'UE et l'Afrique s'accro\u00eet. <strong data-start=\"772\" data-end=\"795\">commerce intra-africain<\/strong> n'a jamais \u00e9t\u00e9 aussi importante. Les <strong data-start=\"824\" data-end=\"848\">Zone de libre-\u00e9change de la SADC<\/strong> contribue \u00e0 \u00e9liminer les barri\u00e8res commerciales entre les \u00c9tats membres, ce qui permet aux entreprises de s'approvisionner, de produire et de vendre sur l'ensemble du continent <strong data-start=\"973\" data-end=\"1005\">sans payer de droits d'importation<\/strong>.<\/p>\n<p data-start=\"1008\" data-end=\"1204\">Pour les entreprises d'Afrique qui s'approvisionnent \u00e0 Madagascar, Festival Factory fournit <strong data-start=\"1084\" data-end=\"1128\">exp\u00e9dition en franchise de droits vers tous les pays de la SADC<\/strong>Les commandes de v\u00eatements et de d\u00e9guisements arrivent plus rapidement et co\u00fbtent moins cher.<\/p>\n<hr data-start=\"1206\" data-end=\"1209\" \/>\n<h3 data-start=\"1211\" data-end=\"1248\">Qu'est-ce que l'accord commercial de la SADC ?<\/h3>\n<p data-start=\"1250\" data-end=\"1592\">Le <strong data-start=\"1254\" data-end=\"1303\">Communaut\u00e9 de d\u00e9veloppement de l'Afrique australe (SADC)<\/strong> est un bloc r\u00e9gional de 16 pays africains engag\u00e9s dans la promotion d'une croissance \u00e9conomique et d'un d\u00e9veloppement durables. Dans le cadre du <strong data-start=\"1425\" data-end=\"1453\">Protocole de libre-\u00e9change de la CDAA<\/strong>, les \u00c9tats membres b\u00e9n\u00e9ficient <strong data-start=\"1475\" data-end=\"1502\">droits de douane r\u00e9duits ou nuls<\/strong> sur les marchandises \u00e9chang\u00e9es au sein de la r\u00e9gion, \u00e0 condition qu'elles respectent les exigences en mati\u00e8re d'origine et de conformit\u00e9.<\/p>\n<p data-start=\"1594\" data-end=\"1634\"><strong data-start=\"1594\" data-end=\"1634\">Objectifs cl\u00e9s de la coop\u00e9ration commerciale de la SADC :<\/strong><\/p>\n<ul data-start=\"1635\" data-end=\"1772\">\n<li data-start=\"1635\" data-end=\"1686\">\n<p data-start=\"1637\" data-end=\"1686\">Stimuler l'industrialisation et la fabrication en Afrique<\/p>\n<\/li>\n<li data-start=\"1687\" data-end=\"1732\">\n<p data-start=\"1689\" data-end=\"1732\">Faciliter l'efficacit\u00e9 des cha\u00eenes d'approvisionnement r\u00e9gionales<\/p>\n<\/li>\n<li data-start=\"1733\" data-end=\"1772\">\n<p data-start=\"1735\" data-end=\"1772\">R\u00e9duire le co\u00fbt des \u00e9changes transfrontaliers<\/p>\n<\/li>\n<\/ul>\n<hr data-start=\"1774\" data-end=\"1777\" \/>\n<h3 data-start=\"1779\" data-end=\"1808\">Le r\u00f4le de Madagascar dans la SADC<\/h3>\n<p data-start=\"1810\" data-end=\"1924\">En tant que membre \u00e0 part enti\u00e8re de la SADC, Madagascar peut exporter des produits qualifi\u00e9s <strong data-start=\"1875\" data-end=\"1912\">en franchise de droits pour les autres pays de la SADC<\/strong>y compris :<\/p>\n<ul data-start=\"1926\" data-end=\"2075\">\n<li data-start=\"1926\" data-end=\"1944\">\n<p data-start=\"1928\" data-end=\"1944\"><strong data-start=\"1928\" data-end=\"1944\">Afrique du Sud<\/strong><\/p>\n<\/li>\n<li data-start=\"1945\" data-end=\"1959\">\n<p data-start=\"1947\" data-end=\"1959\"><strong data-start=\"1947\" data-end=\"1959\">Botswana<\/strong><\/p>\n<\/li>\n<li data-start=\"1960\" data-end=\"1973\">\n<p data-start=\"1962\" data-end=\"1973\"><strong data-start=\"1962\" data-end=\"1973\">Namibie<\/strong><\/p>\n<\/li>\n<li data-start=\"1974\" data-end=\"1989\">\n<p data-start=\"1976\" data-end=\"1989\"><strong data-start=\"1976\" data-end=\"1989\">Maurice<\/strong><\/p>\n<\/li>\n<li data-start=\"1990\" data-end=\"2006\">\n<p data-start=\"1992\" data-end=\"2006\"><strong data-start=\"1992\" data-end=\"2006\">Mozambique<\/strong><\/p>\n<\/li>\n<li data-start=\"2007\" data-end=\"2019\">\n<p data-start=\"2009\" data-end=\"2019\"><strong data-start=\"2009\" data-end=\"2019\">Zambie<\/strong><\/p>\n<\/li>\n<li data-start=\"2020\" data-end=\"2034\">\n<p data-start=\"2022\" data-end=\"2034\"><strong data-start=\"2022\" data-end=\"2034\">Zimbabwe<\/strong><\/p>\n<\/li>\n<li data-start=\"2035\" data-end=\"2048\">\n<p data-start=\"2037\" data-end=\"2048\"><strong data-start=\"2037\" data-end=\"2048\">Lesotho<\/strong><\/p>\n<\/li>\n<li data-start=\"2049\" data-end=\"2075\">\n<p data-start=\"2051\" data-end=\"2075\"><strong data-start=\"2051\" data-end=\"2063\">Tanzanie<\/strong>et autres<\/p>\n<\/li>\n<\/ul>\n<p data-start=\"2077\" data-end=\"2228\">Festival Factory fournit tous les documents n\u00e9cessaires (y compris <strong data-start=\"2142\" data-end=\"2173\">Certificats d'origine SADC<\/strong>) afin de garantir un traitement douanier harmonieux et des droits de douane nuls.<\/p>\n<hr data-start=\"2230\" data-end=\"2233\" \/>\n<h3 data-start=\"2235\" data-end=\"2267\">L'importance de l'approvisionnement local<\/h3>\n<p data-start=\"2269\" data-end=\"2348\">En s'approvisionnant dans un pays membre de la SADC comme Madagascar, les entreprises africaines peuvent.. :<\/p>\n<ul data-start=\"2349\" data-end=\"2557\">\n<li data-start=\"2349\" data-end=\"2397\">\n<p data-start=\"2351\" data-end=\"2397\">\u00c9viter les droits d'importation co\u00fbteux en provenance d'Asie ou d'Europe<\/p>\n<\/li>\n<li data-start=\"2398\" data-end=\"2436\">\n<p data-start=\"2400\" data-end=\"2436\">R\u00e9duire les d\u00e9lais et les co\u00fbts d'exp\u00e9dition<\/p>\n<\/li>\n<li data-start=\"2437\" data-end=\"2490\">\n<p data-start=\"2439\" data-end=\"2490\">Soutenir les produits fabriqu\u00e9s en Afrique et le d\u00e9veloppement r\u00e9gional<\/p>\n<\/li>\n<li data-start=\"2491\" data-end=\"2557\">\n<p data-start=\"2493\" data-end=\"2557\">Maintenir des niveaux de stock flexibles avec de faibles quantit\u00e9s minimales de commande<\/p>\n<\/li>\n<\/ul>\n<p data-start=\"2559\" data-end=\"2682\">Cette approche est particuli\u00e8rement utile pour <strong data-start=\"2600\" data-end=\"2621\">D\u00e9taillants africains<\/strong>, <strong data-start=\"2623\" data-end=\"2641\">organisateurs d'\u00e9v\u00e9nements<\/strong>et <strong data-start=\"2647\" data-end=\"2681\">les bureaux de passation des march\u00e9s publics<\/strong>.<\/p>\n<hr data-start=\"2684\" data-end=\"2687\" \/>\n<h3 data-start=\"2689\" data-end=\"2741\">Quels sont les produits qui peuvent b\u00e9n\u00e9ficier du statut d'exemption de droits de la CDAA ?<\/h3>\n<p data-start=\"2743\" data-end=\"2826\">La plupart des produits fabriqu\u00e9s par Festival Factory sont couverts par les r\u00e8gles de la SADC :<\/p>\n<ul data-start=\"2827\" data-end=\"2964\">\n<li data-start=\"2827\" data-end=\"2855\">\n<p data-start=\"2829\" data-end=\"2855\">Uniformes d'entreprise \u00e0 l'effigie de la marque<\/p>\n<\/li>\n<li data-start=\"2856\" data-end=\"2883\">\n<p data-start=\"2858\" data-end=\"2883\">Costumes d'\u00e9cole et d'\u00e9v\u00e9nements<\/p>\n<\/li>\n<li data-start=\"2884\" data-end=\"2914\">\n<p data-start=\"2886\" data-end=\"2914\">V\u00eatements de mode l\u00e9gers<\/p>\n<\/li>\n<li data-start=\"2915\" data-end=\"2936\">\n<p data-start=\"2917\" data-end=\"2936\">V\u00eatements portant la marque d'une ONG<\/p>\n<\/li>\n<li data-start=\"2937\" data-end=\"2964\">\n<p data-start=\"2939\" data-end=\"2964\">V\u00eatements promotionnels saisonniers<\/p>\n<\/li>\n<\/ul>\n<p data-start=\"2966\" data-end=\"3112\">Notre production est enti\u00e8rement conforme \u00e0 <strong data-start=\"3005\" data-end=\"3024\">r\u00e8gles d'origine<\/strong> dans le cadre du protocole de la SADC, et nous fournissons un soutien logistique de bout en bout dans toute la r\u00e9gion.<\/p>\n<hr data-start=\"3114\" data-end=\"3117\" \/>\n<h3 data-start=\"3119\" data-end=\"3176\">Festival Factory : Votre partenaire r\u00e9gional en mati\u00e8re de fabrication<\/h3>\n<p data-start=\"3178\" data-end=\"3225\">Nous sommes sp\u00e9cialis\u00e9s dans l'approvisionnement des pays de la SADC :<\/p>\n<ul data-start=\"3226\" data-end=\"3400\">\n<li data-start=\"3226\" data-end=\"3272\">\n<p data-start=\"3228\" data-end=\"3272\">Production rapide et abordable de produits textiles<\/p>\n<\/li>\n<li data-start=\"3273\" data-end=\"3316\">\n<p data-start=\"3275\" data-end=\"3316\">Documentation et \u00e9tiquetage conformes \u00e0 la SADC<\/p>\n<\/li>\n<li data-start=\"3317\" data-end=\"3348\">\n<p data-start=\"3319\" data-end=\"3348\">Support en anglais et en fran\u00e7ais<\/p>\n<\/li>\n<li data-start=\"3349\" data-end=\"3400\">\n<p data-start=\"3351\" data-end=\"3400\">Des d\u00e9lais transparents et une communication en temps r\u00e9el<\/p>\n<\/li>\n<\/ul>\n<p data-start=\"3402\" data-end=\"3551\">Que vous soyez bas\u00e9 \u00e0 <strong data-start=\"3426\" data-end=\"3461\">Le Cap, Gaborone, Port Louis<\/strong>ou <strong data-start=\"3466\" data-end=\"3476\">Maputo<\/strong>Festival Factory veille \u00e0 ce que vos envois arrivent \u00e0 destination <strong data-start=\"3525\" data-end=\"3550\">en franchise de droits et dans les d\u00e9lais<\/strong>.<\/p>\n<hr data-start=\"3553\" data-end=\"3556\" \/>\n<h3 data-start=\"3558\" data-end=\"3598\">Faisons du commerce au niveau r\u00e9gional - et de mani\u00e8re plus intelligente<\/h3>\n<p data-start=\"3600\" data-end=\"3862\">Le commerce intra-africain \u00e9tant l'une des priorit\u00e9s de la zone de libre-\u00e9change continentale africaine (AfCFTA), le moment est id\u00e9al pour mettre en place des cha\u00eenes d'approvisionnement r\u00e9gionales solides. Festival Factory est pr\u00eat \u00e0 devenir votre partenaire de fabrication \u00e0 long terme au c\u0153ur de l'oc\u00e9an Indien.<\/p>\n<p data-start=\"3864\" data-end=\"3988\"><a href=\"https:\/\/festival-factory.com\/fr\/contact-us\/\">Contactez nous<\/a> pour savoir comment l'accord de la SADC peut r\u00e9duire vos co\u00fbts d'importation.<\/p>","protected":false},"excerpt":{"rendered":"<p>Introduction: Africa\u2019s Untapped Potential in Regional Trade As African economies  [&#8230;]<\/p>\n","protected":false},"author":2,"featured_media":0,"parent":3512,"menu_order":0,"comment_status":"closed","ping_status":"closed","template":"","meta":{"_acf_changed":false,"footnotes":""},"class_list":["post-3918","page","type-page","status-publish","hentry"],"acf":[],"yoast_head":"<!-- This site is optimized with the Yoast SEO plugin v27.4 - https:\/\/yoast.com\/product\/yoast-seo-wordpress\/ -->\n<title>SADC Trade Agreement \u2013 Duty-Free Shipping Across Africa<\/title>\n<meta name=\"description\" content=\"Festival Factory ships duty-free to African countries through the SADC trade agreement. Discover how this benefits businesses across the continent.\" \/>\n<meta name=\"robots\" content=\"index, follow, max-snippet:-1, max-image-preview:large, max-video-preview:-1\" \/>\n<link rel=\"canonical\" href=\"https:\/\/festival-factory.com\/fr\/duty-free-shipping\/sadc-africa-2\/\" \/>\n<meta property=\"og:locale\" content=\"fr_FR\" \/>\n<meta property=\"og:type\" content=\"article\" \/>\n<meta property=\"og:title\" content=\"SADC Trade Agreement \u2013 Duty-Free Shipping Across Africa\" \/>\n<meta property=\"og:description\" content=\"Festival Factory ships duty-free to African countries through the SADC trade agreement. Discover how this benefits businesses across the continent.\" \/>\n<meta property=\"og:url\" content=\"https:\/\/festival-factory.com\/fr\/duty-free-shipping\/sadc-africa-2\/\" \/>\n<meta property=\"og:site_name\" content=\"Festival Factory Madagascar\" \/>\n<meta property=\"article:modified_time\" content=\"2025-07-18T15:14:38+00:00\" \/>\n<meta name=\"twitter:card\" content=\"summary_large_image\" \/>\n<meta name=\"twitter:label1\" content=\"Dur\u00e9e de lecture estim\u00e9e\" \/>\n\t<meta name=\"twitter:data1\" content=\"2 minutes\" \/>\n<script type=\"application\/ld+json\" class=\"yoast-schema-graph\">{\"@context\":\"https:\\\/\\\/schema.org\",\"@graph\":[{\"@type\":\"WebPage\",\"@id\":\"https:\\\/\\\/festival-factory.com\\\/duty-free-shipping\\\/sadc-africa-2\\\/\",\"url\":\"https:\\\/\\\/festival-factory.com\\\/duty-free-shipping\\\/sadc-africa-2\\\/\",\"name\":\"SADC Trade Agreement \u2013 Duty-Free Shipping Across Africa\",\"isPartOf\":{\"@id\":\"https:\\\/\\\/festival-factory.com\\\/#website\"},\"datePublished\":\"2025-07-18T14:45:34+00:00\",\"dateModified\":\"2025-07-18T15:14:38+00:00\",\"description\":\"Festival Factory ships duty-free to African countries through the SADC trade agreement. Discover how this benefits businesses across the continent.\",\"breadcrumb\":{\"@id\":\"https:\\\/\\\/festival-factory.com\\\/duty-free-shipping\\\/sadc-africa-2\\\/#breadcrumb\"},\"inLanguage\":\"fr-FR\",\"potentialAction\":[{\"@type\":\"ReadAction\",\"target\":[\"https:\\\/\\\/festival-factory.com\\\/duty-free-shipping\\\/sadc-africa-2\\\/\"]}]},{\"@type\":\"BreadcrumbList\",\"@id\":\"https:\\\/\\\/festival-factory.com\\\/duty-free-shipping\\\/sadc-africa-2\\\/#breadcrumb\",\"itemListElement\":[{\"@type\":\"ListItem\",\"position\":1,\"name\":\"Home\",\"item\":\"https:\\\/\\\/festival-factory.com\\\/\"},{\"@type\":\"ListItem\",\"position\":2,\"name\":\"Duty-Free Shipping from Madagascar\",\"item\":\"https:\\\/\\\/festival-factory.com\\\/duty-free-shipping\\\/\"},{\"@type\":\"ListItem\",\"position\":3,\"name\":\"SADC \u2013 Duty-Free Shipping to African Countries\"}]},{\"@type\":\"WebSite\",\"@id\":\"https:\\\/\\\/festival-factory.com\\\/#website\",\"url\":\"https:\\\/\\\/festival-factory.com\\\/\",\"name\":\"Festival Factory Madagascar\",\"description\":\"Manufacturing apparel &amp; Costumes with decades of experience\",\"publisher\":{\"@id\":\"https:\\\/\\\/festival-factory.com\\\/#organization\"},\"potentialAction\":[{\"@type\":\"SearchAction\",\"target\":{\"@type\":\"EntryPoint\",\"urlTemplate\":\"https:\\\/\\\/festival-factory.com\\\/?s={search_term_string}\"},\"query-input\":{\"@type\":\"PropertyValueSpecification\",\"valueRequired\":true,\"valueName\":\"search_term_string\"}}],\"inLanguage\":\"fr-FR\"},{\"@type\":\"Organization\",\"@id\":\"https:\\\/\\\/festival-factory.com\\\/#organization\",\"name\":\"Festival Factory Madagascar\",\"url\":\"https:\\\/\\\/festival-factory.com\\\/\",\"logo\":{\"@type\":\"ImageObject\",\"inLanguage\":\"fr-FR\",\"@id\":\"https:\\\/\\\/festival-factory.com\\\/#\\\/schema\\\/logo\\\/image\\\/\",\"url\":\"https:\\\/\\\/festival-factory.com\\\/wp-content\\\/uploads\\\/2025\\\/02\\\/Festival-Logo.png\",\"contentUrl\":\"https:\\\/\\\/festival-factory.com\\\/wp-content\\\/uploads\\\/2025\\\/02\\\/Festival-Logo.png\",\"width\":2000,\"height\":519,\"caption\":\"Festival Factory Madagascar\"},\"image\":{\"@id\":\"https:\\\/\\\/festival-factory.com\\\/#\\\/schema\\\/logo\\\/image\\\/\"}}]}<\/script>\n<!-- \/ Yoast SEO plugin. -->","yoast_head_json":{"title":"Accord commercial de la SADC - Transport maritime hors taxes \u00e0 travers l'Afrique","description":"Festival Factory exp\u00e9die ses produits en franchise de droits dans les pays africains dans le cadre de l'accord commercial de la Communaut\u00e9 de d\u00e9veloppement de l'Afrique australe (SADC). D\u00e9couvrez comment cet accord profite aux entreprises du continent.","robots":{"index":"index","follow":"follow","max-snippet":"max-snippet:-1","max-image-preview":"max-image-preview:large","max-video-preview":"max-video-preview:-1"},"canonical":"https:\/\/festival-factory.com\/fr\/duty-free-shipping\/sadc-africa-2\/","og_locale":"fr_FR","og_type":"article","og_title":"SADC Trade Agreement \u2013 Duty-Free Shipping Across Africa","og_description":"Festival Factory ships duty-free to African countries through the SADC trade agreement. Discover how this benefits businesses across the continent.","og_url":"https:\/\/festival-factory.com\/fr\/duty-free-shipping\/sadc-africa-2\/","og_site_name":"Festival Factory Madagascar","article_modified_time":"2025-07-18T15:14:38+00:00","twitter_card":"summary_large_image","twitter_misc":{"Dur\u00e9e de lecture estim\u00e9e":"2 minutes"},"schema":{"@context":"https:\/\/schema.org","@graph":[{"@type":"WebPage","@id":"https:\/\/festival-factory.com\/duty-free-shipping\/sadc-africa-2\/","url":"https:\/\/festival-factory.com\/duty-free-shipping\/sadc-africa-2\/","name":"Accord commercial de la SADC - Transport maritime hors taxes \u00e0 travers l'Afrique","isPartOf":{"@id":"https:\/\/festival-factory.com\/#website"},"datePublished":"2025-07-18T14:45:34+00:00","dateModified":"2025-07-18T15:14:38+00:00","description":"Festival Factory exp\u00e9die ses produits en franchise de droits dans les pays africains dans le cadre de l'accord commercial de la Communaut\u00e9 de d\u00e9veloppement de l'Afrique australe (SADC). D\u00e9couvrez comment cet accord profite aux entreprises du continent.","breadcrumb":{"@id":"https:\/\/festival-factory.com\/duty-free-shipping\/sadc-africa-2\/#breadcrumb"},"inLanguage":"fr-FR","potentialAction":[{"@type":"ReadAction","target":["https:\/\/festival-factory.com\/duty-free-shipping\/sadc-africa-2\/"]}]},{"@type":"BreadcrumbList","@id":"https:\/\/festival-factory.com\/duty-free-shipping\/sadc-africa-2\/#breadcrumb","itemListElement":[{"@type":"ListItem","position":1,"name":"Home","item":"https:\/\/festival-factory.com\/"},{"@type":"ListItem","position":2,"name":"Duty-Free Shipping from Madagascar","item":"https:\/\/festival-factory.com\/duty-free-shipping\/"},{"@type":"ListItem","position":3,"name":"SADC \u2013 Duty-Free Shipping to African Countries"}]},{"@type":"WebSite","@id":"https:\/\/festival-factory.com\/#website","url":"https:\/\/festival-factory.com\/","name":"Festival Factory Madagascar","description":"Fabrication de v\u00eatements et de costumes avec des d\u00e9cennies d'exp\u00e9rience","publisher":{"@id":"https:\/\/festival-factory.com\/#organization"},"potentialAction":[{"@type":"SearchAction","target":{"@type":"EntryPoint","urlTemplate":"https:\/\/festival-factory.com\/?s={search_term_string}"},"query-input":{"@type":"PropertyValueSpecification","valueRequired":true,"valueName":"search_term_string"}}],"inLanguage":"fr-FR"},{"@type":"Organization","@id":"https:\/\/festival-factory.com\/#organization","name":"Festival Factory Madagascar","url":"https:\/\/festival-factory.com\/","logo":{"@type":"ImageObject","inLanguage":"fr-FR","@id":"https:\/\/festival-factory.com\/#\/schema\/logo\/image\/","url":"https:\/\/festival-factory.com\/wp-content\/uploads\/2025\/02\/Festival-Logo.png","contentUrl":"https:\/\/festival-factory.com\/wp-content\/uploads\/2025\/02\/Festival-Logo.png","width":2000,"height":519,"caption":"Festival Factory Madagascar"},"image":{"@id":"https:\/\/festival-factory.com\/#\/schema\/logo\/image\/"}}]}},"_links":{"self":[{"href":"https:\/\/festival-factory.com\/fr\/wp-json\/wp\/v2\/pages\/3918","targetHints":{"allow":["GET"]}}],"collection":[{"href":"https:\/\/festival-factory.com\/fr\/wp-json\/wp\/v2\/pages"}],"about":[{"href":"https:\/\/festival-factory.com\/fr\/wp-json\/wp\/v2\/types\/page"}],"author":[{"embeddable":true,"href":"https:\/\/festival-factory.com\/fr\/wp-json\/wp\/v2\/users\/2"}],"replies":[{"embeddable":true,"href":"https:\/\/festival-factory.com\/fr\/wp-json\/wp\/v2\/comments?post=3918"}],"version-history":[{"count":4,"href":"https:\/\/festival-factory.com\/fr\/wp-json\/wp\/v2\/pages\/3918\/revisions"}],"predecessor-version":[{"id":3937,"href":"https:\/\/festival-factory.com\/fr\/wp-json\/wp\/v2\/pages\/3918\/revisions\/3937"}],"up":[{"embeddable":true,"href":"https:\/\/festival-factory.com\/fr\/wp-json\/wp\/v2\/pages\/3512"}],"wp:attachment":[{"href":"https:\/\/festival-factory.com\/fr\/wp-json\/wp\/v2\/media?parent=3918"}],"curies":[{"name":"wp","href":"https:\/\/api.w.org\/{rel}","templated":true}]}}