{"id":3920,"date":"2025-07-18T14:46:21","date_gmt":"2025-07-18T14:46:21","guid":{"rendered":"https:\/\/festival-factory.com\/?page_id=3920"},"modified":"2025-07-18T15:14:47","modified_gmt":"2025-07-18T15:14:47","slug":"dcd-australia","status":"publish","type":"page","link":"https:\/\/festival-factory.com\/fr\/duty-free-shipping\/dcd-australia\/","title":{"rendered":"DCD - Exp\u00e9dition hors taxes vers l'Australie"},"content":{"rendered":"<h3 data-start=\"4347\" data-end=\"4416\">Introduction : R\u00e9duire les co\u00fbts d'importation pour les acheteurs australiens de v\u00eatements<\/h3>\n<p data-start=\"4418\" data-end=\"4751\">Dans un pays comme <strong data-start=\"4436\" data-end=\"4449\">Australie<\/strong>\u00c0 Madagascar, o\u00f9 la plupart des v\u00eatements sont import\u00e9s, la gestion des droits d'importation est un \u00e9l\u00e9ment essentiel de toute strat\u00e9gie d'approvisionnement. Pour les acheteurs qui regardent au-del\u00e0 de l'Asie, l'approvisionnement \u00e0 Madagascar offre une opportunit\u00e9 convaincante, en particulier dans le cadre de l'accord de libre-\u00e9change entre l'UE et Madagascar. <strong data-start=\"4661\" data-end=\"4675\">Syst\u00e8me DCD<\/strong>, ce qui permet de <strong data-start=\"4694\" data-end=\"4715\">importations en franchise de droits<\/strong> des pays en d\u00e9veloppement \u00e9ligibles.<\/p>\n<p data-start=\"4753\" data-end=\"4959\">Au <strong data-start=\"4756\" data-end=\"4776\">Festival Factory<\/strong>En Australie, nous aidons les marques de mode, les d\u00e9taillants et les fournisseurs de costumes \u00e0 r\u00e9duire leurs co\u00fbts au d\u00e9barquement en tirant parti de la technologie de l'information et de la communication (TIC). <strong data-start=\"4890\" data-end=\"4920\">Document de cr\u00e9dit de droits (DCD)<\/strong> lors de l'exp\u00e9dition de v\u00eatements en provenance de Madagascar.<\/p>\n<hr data-start=\"4961\" data-end=\"4964\" \/>\n<h3 data-start=\"4966\" data-end=\"4986\">Qu'est-ce que le DCD ?<\/h3>\n<p data-start=\"4988\" data-end=\"5316\">Le <strong data-start=\"4992\" data-end=\"5022\">Document de cr\u00e9dit de droits (DCD)<\/strong> est un syst\u00e8me qui permet l'acc\u00e8s en franchise de droits ou \u00e0 droits r\u00e9duits au march\u00e9 australien pour les marchandises originaires de <strong data-start=\"5133\" data-end=\"5162\">pays les moins avanc\u00e9s<\/strong>. L'objectif est de promouvoir le commerce avec les \u00e9conomies en d\u00e9veloppement tout en offrant aux importateurs australiens <strong data-start=\"5255\" data-end=\"5286\">des alternatives rentables<\/strong> vers les centres d'approvisionnement traditionnels.<\/p>\n<p data-start=\"5318\" data-end=\"5452\">Madagascar est reconnu par ce syst\u00e8me, ce qui permet aux produits de Festival Factory d'\u00eatre reconnus par la Commission europ\u00e9enne. <strong data-start=\"5394\" data-end=\"5425\">\u00e9ligibles \u00e0 l'exemption de droits<\/strong> \u00e0 l'arriv\u00e9e en Australie.<\/p>\n<hr data-start=\"5454\" data-end=\"5457\" \/>\n<h3 data-start=\"5459\" data-end=\"5500\">Principaux avantages pour les importateurs australiens<\/h3>\n<p data-start=\"5502\" data-end=\"5562\">Travailler avec Festival Factory dans le cadre du syst\u00e8me DCD permet :<\/p>\n<ul data-start=\"5564\" data-end=\"5762\">\n<li data-start=\"5564\" data-end=\"5608\">\n<p data-start=\"5566\" data-end=\"5608\"><strong data-start=\"5566\" data-end=\"5588\">Droits d'importation nuls<\/strong> sur les v\u00eatements \u00e9ligibles<\/p>\n<\/li>\n<li data-start=\"5609\" data-end=\"5639\">\n<p data-start=\"5611\" data-end=\"5639\">R\u00e9duction des co\u00fbts globaux par unit\u00e9<\/p>\n<\/li>\n<li data-start=\"5640\" data-end=\"5690\">\n<p data-start=\"5642\" data-end=\"5690\">Des cha\u00eenes d'approvisionnement plus courtes qu'en Asie ou en Am\u00e9rique latine<\/p>\n<\/li>\n<li data-start=\"5691\" data-end=\"5762\">\n<p data-start=\"5693\" data-end=\"5762\">Acc\u00e8s \u00e0 un partenaire de fabrication unique et \u00e9thique dans l'oc\u00e9an Indien<\/p>\n<\/li>\n<\/ul>\n<p data-start=\"5764\" data-end=\"5918\">Que vous soyez un <strong data-start=\"5781\" data-end=\"5807\">boutique de mode<\/strong>, a <strong data-start=\"5811\" data-end=\"5843\">distributeur de costumes saisonniers<\/strong>ou un <strong data-start=\"5851\" data-end=\"5873\">d\u00e9marrage du commerce \u00e9lectronique<\/strong>Le DCD peut rendre votre entreprise plus rentable.<\/p>\n<hr data-start=\"5920\" data-end=\"5923\" \/>\n<h3 data-start=\"5925\" data-end=\"5970\">Produits \u00e9ligibles \u00e0 l'entr\u00e9e en franchise de droits dans le cadre du DCD<\/h3>\n<p data-start=\"5972\" data-end=\"6058\">Festival Factory fabrique une large gamme de v\u00eatements qui donnent droit \u00e0 des avantages au titre de la directive sur le d\u00e9veloppement durable :<\/p>\n<ul data-start=\"6059\" data-end=\"6200\">\n<li data-start=\"6059\" data-end=\"6089\">\n<p data-start=\"6061\" data-end=\"6089\">Costumes pour enfants<\/p>\n<\/li>\n<li data-start=\"6090\" data-end=\"6116\">\n<p data-start=\"6092\" data-end=\"6116\">V\u00eatements pour l'\u00e9cole et les festivals<\/p>\n<\/li>\n<li data-start=\"6117\" data-end=\"6139\">\n<p data-start=\"6119\" data-end=\"6139\">Uniformes d'accueil<\/p>\n<\/li>\n<li data-start=\"6140\" data-end=\"6174\">\n<p data-start=\"6142\" data-end=\"6174\">V\u00eatements promotionnels l\u00e9gers<\/p>\n<\/li>\n<li data-start=\"6175\" data-end=\"6200\">\n<p data-start=\"6177\" data-end=\"6200\">V\u00eatements personnalis\u00e9s<\/p>\n<\/li>\n<\/ul>\n<p data-start=\"6202\" data-end=\"6338\">Nous fournissons \u00e9galement tous les documents d'exportation n\u00e9cessaires pour justifier l'exon\u00e9ration des droits de douane dans le cadre du DCD et aidons votre courtier en douane \u00e0 se mettre en conformit\u00e9.<\/p>\n<hr data-start=\"6340\" data-end=\"6343\" \/>\n<h3 data-start=\"6345\" data-end=\"6384\">Pourquoi choisir Madagascar pour le sourcing ?<\/h3>\n<p data-start=\"6386\" data-end=\"6473\">Alors que l'Australie importe traditionnellement de la Chine et de l'Asie du Sud-Est, Madagascar offre.. :<\/p>\n<ul data-start=\"6474\" data-end=\"6675\">\n<li data-start=\"6474\" data-end=\"6506\">\n<p data-start=\"6476\" data-end=\"6506\">Exp\u00e9dition en franchise de droits activ\u00e9e par le DCD<\/p>\n<\/li>\n<li data-start=\"6507\" data-end=\"6569\">\n<p data-start=\"6509\" data-end=\"6569\">Production de v\u00eatements de haute qualit\u00e9 avec des pratiques de travail \u00e9thiques<\/p>\n<\/li>\n<li data-start=\"6570\" data-end=\"6625\">\n<p data-start=\"6572\" data-end=\"6625\">D\u00e9lais comp\u00e9titifs pour les commandes de petits et moyens volumes<\/p>\n<\/li>\n<li data-start=\"6626\" data-end=\"6675\">\n<p data-start=\"6628\" data-end=\"6675\">Acc\u00e8s direct aux ports australiens pour le fret maritime<\/p>\n<\/li>\n<\/ul>\n<hr data-start=\"6677\" data-end=\"6680\" \/>\n<h3 data-start=\"6682\" data-end=\"6740\">L'expertise de Festival Factory pour le march\u00e9 australien<\/h3>\n<p data-start=\"6742\" data-end=\"6802\">Nous comprenons les besoins des importateurs australiens et nous leur fournissons :<\/p>\n<ul data-start=\"6803\" data-end=\"6987\">\n<li data-start=\"6803\" data-end=\"6840\">\n<p data-start=\"6805\" data-end=\"6840\">Gestion des comptes en anglais<\/p>\n<\/li>\n<li data-start=\"6841\" data-end=\"6883\">\n<p data-start=\"6843\" data-end=\"6883\">Services d'\u00e9chantillonnage et de d\u00e9veloppement sur mesure<\/p>\n<\/li>\n<li data-start=\"6884\" data-end=\"6925\">\n<p data-start=\"6886\" data-end=\"6925\">Une production et un contr\u00f4le de qualit\u00e9 fiables<\/p>\n<\/li>\n<li data-start=\"6926\" data-end=\"6987\">\n<p data-start=\"6928\" data-end=\"6987\">Coordination sans faille avec les transitaires internationaux<\/p>\n<\/li>\n<\/ul>\n<hr data-start=\"6989\" data-end=\"6992\" \/>\n<h3 data-start=\"6994\" data-end=\"7022\">Pr\u00eat pour un sourcing plus intelligent ?<\/h3>\n<p data-start=\"7024\" data-end=\"7154\">Notre \u00e9quipe est l\u00e0 pour vous aider \u00e0 d\u00e9bloquer les avantages du DCD et \u00e0 d\u00e9velopper votre activit\u00e9 en Australie gr\u00e2ce \u00e0 <strong data-start=\"7116\" data-end=\"7137\">importations en franchise de droits<\/strong> de Madagascar.<\/p>\n<p data-start=\"7156\" data-end=\"7285\"><a href=\"https:\/\/festival-factory.com\/fr\/contact-us\/\">Prendre contact<\/a> pour conna\u00eetre les conditions d'\u00e9ligibilit\u00e9 des produits et les tarifs.<\/p>","protected":false},"excerpt":{"rendered":"<p>Introduction: Reducing Import Costs for Australian Apparel Buyers In a  [&#8230;]<\/p>\n","protected":false},"author":2,"featured_media":0,"parent":3512,"menu_order":0,"comment_status":"closed","ping_status":"closed","template":"","meta":{"_acf_changed":false,"footnotes":""},"class_list":["post-3920","page","type-page","status-publish","hentry"],"acf":[],"yoast_head":"<!-- This site is optimized with the Yoast SEO plugin v27.4 - https:\/\/yoast.com\/product\/yoast-seo-wordpress\/ -->\n<title>DCD Agreement \u2013 Affordable Imports to Australia from Madagascar<\/title>\n<meta name=\"description\" content=\"Save on import costs with Festival Factory through Madagascar\u2019s DCD agreement with Australia. Enjoy duty-free apparel and costume shipments.\" \/>\n<meta name=\"robots\" content=\"index, follow, max-snippet:-1, max-image-preview:large, max-video-preview:-1\" \/>\n<link rel=\"canonical\" href=\"https:\/\/festival-factory.com\/fr\/duty-free-shipping\/dcd-australia\/\" \/>\n<meta property=\"og:locale\" content=\"fr_FR\" \/>\n<meta property=\"og:type\" content=\"article\" \/>\n<meta property=\"og:title\" content=\"DCD Agreement \u2013 Affordable Imports to Australia from Madagascar\" \/>\n<meta property=\"og:description\" content=\"Save on import costs with Festival Factory through Madagascar\u2019s DCD agreement with Australia. Enjoy duty-free apparel and costume shipments.\" \/>\n<meta property=\"og:url\" content=\"https:\/\/festival-factory.com\/fr\/duty-free-shipping\/dcd-australia\/\" \/>\n<meta property=\"og:site_name\" content=\"Festival Factory Madagascar\" \/>\n<meta property=\"article:modified_time\" content=\"2025-07-18T15:14:47+00:00\" \/>\n<meta name=\"twitter:card\" content=\"summary_large_image\" \/>\n<meta name=\"twitter:label1\" content=\"Dur\u00e9e de lecture estim\u00e9e\" \/>\n\t<meta name=\"twitter:data1\" content=\"2 minutes\" \/>\n<script type=\"application\/ld+json\" class=\"yoast-schema-graph\">{\"@context\":\"https:\\\/\\\/schema.org\",\"@graph\":[{\"@type\":\"WebPage\",\"@id\":\"https:\\\/\\\/festival-factory.com\\\/duty-free-shipping\\\/dcd-australia\\\/\",\"url\":\"https:\\\/\\\/festival-factory.com\\\/duty-free-shipping\\\/dcd-australia\\\/\",\"name\":\"DCD Agreement \u2013 Affordable Imports to Australia from Madagascar\",\"isPartOf\":{\"@id\":\"https:\\\/\\\/festival-factory.com\\\/#website\"},\"datePublished\":\"2025-07-18T14:46:21+00:00\",\"dateModified\":\"2025-07-18T15:14:47+00:00\",\"description\":\"Save on import costs with Festival Factory through Madagascar\u2019s DCD agreement with Australia. Enjoy duty-free apparel and costume shipments.\",\"breadcrumb\":{\"@id\":\"https:\\\/\\\/festival-factory.com\\\/duty-free-shipping\\\/dcd-australia\\\/#breadcrumb\"},\"inLanguage\":\"fr-FR\",\"potentialAction\":[{\"@type\":\"ReadAction\",\"target\":[\"https:\\\/\\\/festival-factory.com\\\/duty-free-shipping\\\/dcd-australia\\\/\"]}]},{\"@type\":\"BreadcrumbList\",\"@id\":\"https:\\\/\\\/festival-factory.com\\\/duty-free-shipping\\\/dcd-australia\\\/#breadcrumb\",\"itemListElement\":[{\"@type\":\"ListItem\",\"position\":1,\"name\":\"Home\",\"item\":\"https:\\\/\\\/festival-factory.com\\\/\"},{\"@type\":\"ListItem\",\"position\":2,\"name\":\"Duty-Free Shipping from Madagascar\",\"item\":\"https:\\\/\\\/festival-factory.com\\\/duty-free-shipping\\\/\"},{\"@type\":\"ListItem\",\"position\":3,\"name\":\"DCD \u2013 Duty-Free Shipping to Australia\"}]},{\"@type\":\"WebSite\",\"@id\":\"https:\\\/\\\/festival-factory.com\\\/#website\",\"url\":\"https:\\\/\\\/festival-factory.com\\\/\",\"name\":\"Festival Factory Madagascar\",\"description\":\"Manufacturing apparel &amp; Costumes with decades of experience\",\"publisher\":{\"@id\":\"https:\\\/\\\/festival-factory.com\\\/#organization\"},\"potentialAction\":[{\"@type\":\"SearchAction\",\"target\":{\"@type\":\"EntryPoint\",\"urlTemplate\":\"https:\\\/\\\/festival-factory.com\\\/?s={search_term_string}\"},\"query-input\":{\"@type\":\"PropertyValueSpecification\",\"valueRequired\":true,\"valueName\":\"search_term_string\"}}],\"inLanguage\":\"fr-FR\"},{\"@type\":\"Organization\",\"@id\":\"https:\\\/\\\/festival-factory.com\\\/#organization\",\"name\":\"Festival Factory Madagascar\",\"url\":\"https:\\\/\\\/festival-factory.com\\\/\",\"logo\":{\"@type\":\"ImageObject\",\"inLanguage\":\"fr-FR\",\"@id\":\"https:\\\/\\\/festival-factory.com\\\/#\\\/schema\\\/logo\\\/image\\\/\",\"url\":\"https:\\\/\\\/festival-factory.com\\\/wp-content\\\/uploads\\\/2025\\\/02\\\/Festival-Logo.png\",\"contentUrl\":\"https:\\\/\\\/festival-factory.com\\\/wp-content\\\/uploads\\\/2025\\\/02\\\/Festival-Logo.png\",\"width\":2000,\"height\":519,\"caption\":\"Festival Factory Madagascar\"},\"image\":{\"@id\":\"https:\\\/\\\/festival-factory.com\\\/#\\\/schema\\\/logo\\\/image\\\/\"}}]}<\/script>\n<!-- \/ Yoast SEO plugin. -->","yoast_head_json":{"title":"Accord DCD - Importations abordables de Madagascar vers l'Australie","description":"\u00c9conomisez sur les co\u00fbts d'importation avec Festival Factory gr\u00e2ce \u00e0 l'accord DCD de Madagascar avec l'Australie. B\u00e9n\u00e9ficiez d'exp\u00e9ditions de v\u00eatements et de costumes en franchise de droits.","robots":{"index":"index","follow":"follow","max-snippet":"max-snippet:-1","max-image-preview":"max-image-preview:large","max-video-preview":"max-video-preview:-1"},"canonical":"https:\/\/festival-factory.com\/fr\/duty-free-shipping\/dcd-australia\/","og_locale":"fr_FR","og_type":"article","og_title":"DCD Agreement \u2013 Affordable Imports to Australia from Madagascar","og_description":"Save on import costs with Festival Factory through Madagascar\u2019s DCD agreement with Australia. Enjoy duty-free apparel and costume shipments.","og_url":"https:\/\/festival-factory.com\/fr\/duty-free-shipping\/dcd-australia\/","og_site_name":"Festival Factory Madagascar","article_modified_time":"2025-07-18T15:14:47+00:00","twitter_card":"summary_large_image","twitter_misc":{"Dur\u00e9e de lecture estim\u00e9e":"2 minutes"},"schema":{"@context":"https:\/\/schema.org","@graph":[{"@type":"WebPage","@id":"https:\/\/festival-factory.com\/duty-free-shipping\/dcd-australia\/","url":"https:\/\/festival-factory.com\/duty-free-shipping\/dcd-australia\/","name":"Accord DCD - Importations abordables de Madagascar vers l'Australie","isPartOf":{"@id":"https:\/\/festival-factory.com\/#website"},"datePublished":"2025-07-18T14:46:21+00:00","dateModified":"2025-07-18T15:14:47+00:00","description":"\u00c9conomisez sur les co\u00fbts d'importation avec Festival Factory gr\u00e2ce \u00e0 l'accord DCD de Madagascar avec l'Australie. B\u00e9n\u00e9ficiez d'exp\u00e9ditions de v\u00eatements et de costumes en franchise de droits.","breadcrumb":{"@id":"https:\/\/festival-factory.com\/duty-free-shipping\/dcd-australia\/#breadcrumb"},"inLanguage":"fr-FR","potentialAction":[{"@type":"ReadAction","target":["https:\/\/festival-factory.com\/duty-free-shipping\/dcd-australia\/"]}]},{"@type":"BreadcrumbList","@id":"https:\/\/festival-factory.com\/duty-free-shipping\/dcd-australia\/#breadcrumb","itemListElement":[{"@type":"ListItem","position":1,"name":"Home","item":"https:\/\/festival-factory.com\/"},{"@type":"ListItem","position":2,"name":"Duty-Free Shipping from Madagascar","item":"https:\/\/festival-factory.com\/duty-free-shipping\/"},{"@type":"ListItem","position":3,"name":"DCD \u2013 Duty-Free Shipping to Australia"}]},{"@type":"WebSite","@id":"https:\/\/festival-factory.com\/#website","url":"https:\/\/festival-factory.com\/","name":"Festival Factory Madagascar","description":"Fabrication de v\u00eatements et de costumes avec des d\u00e9cennies d'exp\u00e9rience","publisher":{"@id":"https:\/\/festival-factory.com\/#organization"},"potentialAction":[{"@type":"SearchAction","target":{"@type":"EntryPoint","urlTemplate":"https:\/\/festival-factory.com\/?s={search_term_string}"},"query-input":{"@type":"PropertyValueSpecification","valueRequired":true,"valueName":"search_term_string"}}],"inLanguage":"fr-FR"},{"@type":"Organization","@id":"https:\/\/festival-factory.com\/#organization","name":"Festival Factory Madagascar","url":"https:\/\/festival-factory.com\/","logo":{"@type":"ImageObject","inLanguage":"fr-FR","@id":"https:\/\/festival-factory.com\/#\/schema\/logo\/image\/","url":"https:\/\/festival-factory.com\/wp-content\/uploads\/2025\/02\/Festival-Logo.png","contentUrl":"https:\/\/festival-factory.com\/wp-content\/uploads\/2025\/02\/Festival-Logo.png","width":2000,"height":519,"caption":"Festival Factory Madagascar"},"image":{"@id":"https:\/\/festival-factory.com\/#\/schema\/logo\/image\/"}}]}},"_links":{"self":[{"href":"https:\/\/festival-factory.com\/fr\/wp-json\/wp\/v2\/pages\/3920","targetHints":{"allow":["GET"]}}],"collection":[{"href":"https:\/\/festival-factory.com\/fr\/wp-json\/wp\/v2\/pages"}],"about":[{"href":"https:\/\/festival-factory.com\/fr\/wp-json\/wp\/v2\/types\/page"}],"author":[{"embeddable":true,"href":"https:\/\/festival-factory.com\/fr\/wp-json\/wp\/v2\/users\/2"}],"replies":[{"embeddable":true,"href":"https:\/\/festival-factory.com\/fr\/wp-json\/wp\/v2\/comments?post=3920"}],"version-history":[{"count":4,"href":"https:\/\/festival-factory.com\/fr\/wp-json\/wp\/v2\/pages\/3920\/revisions"}],"predecessor-version":[{"id":3936,"href":"https:\/\/festival-factory.com\/fr\/wp-json\/wp\/v2\/pages\/3920\/revisions\/3936"}],"up":[{"embeddable":true,"href":"https:\/\/festival-factory.com\/fr\/wp-json\/wp\/v2\/pages\/3512"}],"wp:attachment":[{"href":"https:\/\/festival-factory.com\/fr\/wp-json\/wp\/v2\/media?parent=3920"}],"curies":[{"name":"wp","href":"https:\/\/api.w.org\/{rel}","templated":true}]}}