{"id":3922,"date":"2025-07-18T14:47:30","date_gmt":"2025-07-18T14:47:30","guid":{"rendered":"https:\/\/festival-factory.com\/?page_id=3922"},"modified":"2025-07-18T19:41:07","modified_gmt":"2025-07-18T19:41:07","slug":"dcts-uk","status":"publish","type":"page","link":"https:\/\/festival-factory.com\/fr\/duty-free-shipping\/dcts-uk\/","title":{"rendered":"DCTS - Duty-Free Shipping to Great Britain (Exp\u00e9dition hors taxes vers la Grande-Bretagne)"},"content":{"rendered":"<h3 data-start=\"7646\" data-end=\"7712\">Introduction : Une nouvelle \u00e8re d'\u00e9changes commerciaux entre le Royaume-Uni et Madagascar<\/h3>\n<p data-start=\"7714\" data-end=\"7954\">Depuis le Brexit, le Royaume-Uni a mis en \u0153uvre de nouvelles politiques commerciales pour soutenir l'approvisionnement aupr\u00e8s des pays en d\u00e9veloppement. L'un des outils les plus puissants pour les importateurs est le <strong data-start=\"7869\" data-end=\"7915\">Syst\u00e8me d'\u00e9change des pays en d\u00e9veloppement (SCEP)<\/strong> - et Madagascar en est l'un des principaux b\u00e9n\u00e9ficiaires.<\/p>\n<p data-start=\"7956\" data-end=\"8216\">Au <strong data-start=\"7959\" data-end=\"7979\">Festival Factory<\/strong>Nous utilisons le DCTS pour fournir \u00e0 nos clients bas\u00e9s au Royaume-Uni les services suivants <strong data-start=\"8030\" data-end=\"8099\">acc\u00e8s en franchise de droits aux v\u00eatements, costumes et produits textiles personnalis\u00e9s<\/strong>. Si vous importez de Madagascar, le STCC est votre raccourci pour <strong data-start=\"8163\" data-end=\"8215\">des \u00e9conomies significatives et un d\u00e9douanement en douceur<\/strong>.<\/p>\n<hr data-start=\"8218\" data-end=\"8221\" \/>\n<h3 data-start=\"8223\" data-end=\"8244\">Qu'est-ce que le SCEQD ?<\/h3>\n<p data-start=\"8246\" data-end=\"8515\">Lanc\u00e9e en 2023, la <strong data-start=\"8268\" data-end=\"8314\">Syst\u00e8me d'\u00e9change des pays en d\u00e9veloppement (SCEP)<\/strong> remplace le syst\u00e8me SPG de l'UE pour le commerce avec les pays en d\u00e9veloppement. Il permet <strong data-start=\"8390\" data-end=\"8431\">pays \u00e0 revenu faible et moyen inf\u00e9rieur<\/strong> d'exporter des marchandises vers les <strong data-start=\"8455\" data-end=\"8478\">March\u00e9 britannique en franchise de droits<\/strong>\u00e0 condition qu'ils satisfassent aux r\u00e8gles d'origine.<\/p>\n<p data-start=\"8517\" data-end=\"8626\">Madagascar remplit les conditions requises pour b\u00e9n\u00e9ficier de l'aide de l <strong data-start=\"8548\" data-end=\"8577\">Niveau des pr\u00e9f\u00e9rences renforc\u00e9es<\/strong>qui couvre la plupart des produits textiles et d'habillement.<\/p>\n<hr data-start=\"8628\" data-end=\"8631\" \/>\n<h3 data-start=\"8633\" data-end=\"8670\">Avantages du SCEQD pour les importateurs britanniques<\/h3>\n<p data-start=\"8672\" data-end=\"8718\">Avec DCTS, Festival Factory offre aux clients du Royaume-Uni :<\/p>\n<ul data-start=\"8719\" data-end=\"8909\">\n<li data-start=\"8719\" data-end=\"8766\">\n<p data-start=\"8721\" data-end=\"8766\"><strong data-start=\"8721\" data-end=\"8743\">Droits d'importation nuls<\/strong> sur les v\u00eatements \u00e9ligibles<\/p>\n<\/li>\n<li data-start=\"8767\" data-end=\"8802\">\n<p data-start=\"8769\" data-end=\"8802\">R\u00e9duction des formalit\u00e9s administratives \u00e0 la fronti\u00e8re britannique<\/p>\n<\/li>\n<li data-start=\"8803\" data-end=\"8855\">\n<p data-start=\"8805\" data-end=\"8855\">Meilleure tarification par rapport aux partenaires commerciaux non pr\u00e9f\u00e9rentiels<\/p>\n<\/li>\n<li data-start=\"8856\" data-end=\"8909\">\n<p data-start=\"8858\" data-end=\"8909\">Une aide rapide et fiable pour les formalit\u00e9s administratives et la logistique<\/p>\n<\/li>\n<\/ul>\n<hr data-start=\"8911\" data-end=\"8914\" \/>\n<h3 data-start=\"8916\" data-end=\"8944\">Qui doit utiliser le SCEQD ?<\/h3>\n<p data-start=\"8946\" data-end=\"8973\">Le DCTS est id\u00e9al pour les entreprises bas\u00e9es au Royaume-Uni :<\/p>\n<ul data-start=\"8974\" data-end=\"9122\">\n<li data-start=\"8974\" data-end=\"9014\">\n<p data-start=\"8976\" data-end=\"9014\">Start-up de la mode et marques de streetwear<\/p>\n<\/li>\n<li data-start=\"9015\" data-end=\"9051\">\n<p data-start=\"9017\" data-end=\"9051\">D\u00e9taillants en ligne et magasins de costumes<\/p>\n<\/li>\n<li data-start=\"9052\" data-end=\"9084\">\n<p data-start=\"9054\" data-end=\"9084\">Entreprises de v\u00eatements promotionnels<\/p>\n<\/li>\n<li data-start=\"9085\" data-end=\"9122\">\n<p data-start=\"9087\" data-end=\"9122\">Organisateurs d'\u00e9v\u00e9nements et troupes de th\u00e9\u00e2tre<\/p>\n<\/li>\n<\/ul>\n<p data-start=\"9124\" data-end=\"9251\">Si vous en avez assez de payer des droits de douane \u00e9lev\u00e9s en provenance d'Asie ou de lutter contre les r\u00e8gles d'approvisionnement post-Brexit de l'UE, Madagascar est votre solution.<\/p>\n<hr data-start=\"9253\" data-end=\"9256\" \/>\n<h3 data-start=\"9258\" data-end=\"9317\">Festival Factory : Votre partenaire de fabrication centr\u00e9 sur le Royaume-Uni<\/h3>\n<p data-start=\"9319\" data-end=\"9371\">Nous sommes enti\u00e8rement \u00e9quip\u00e9s pour r\u00e9pondre aux besoins des acheteurs britanniques, en proposant les services suivants<\/p>\n<ul data-start=\"9372\" data-end=\"9521\">\n<li data-start=\"9372\" data-end=\"9406\">\n<p data-start=\"9374\" data-end=\"9406\">\u00c9chantillons et production \u00e0 court terme<\/p>\n<\/li>\n<li data-start=\"9407\" data-end=\"9442\">\n<p data-start=\"9409\" data-end=\"9442\">Support client en anglais<\/p>\n<\/li>\n<li data-start=\"9443\" data-end=\"9480\">\n<p data-start=\"9445\" data-end=\"9480\">Documentation d'exportation conforme au STCC<\/p>\n<\/li>\n<li data-start=\"9481\" data-end=\"9521\">\n<p data-start=\"9483\" data-end=\"9521\">Respect des d\u00e9lais et assurance de la qualit\u00e9<\/p>\n<\/li>\n<\/ul>\n<hr data-start=\"9523\" data-end=\"9526\" \/>\n<h3 data-start=\"9528\" data-end=\"9554\">Quels sont les produits admissibles ?<\/h3>\n<p data-start=\"9556\" data-end=\"9625\">La plupart de nos v\u00eatements entrent dans les cat\u00e9gories \u00e9ligibles au DCTS, notamment<\/p>\n<ul data-start=\"9626\" data-end=\"9741\">\n<li data-start=\"9626\" data-end=\"9655\">\n<p data-start=\"9628\" data-end=\"9655\">Costumes de festivals et d'\u00e9v\u00e9nements<\/p>\n<\/li>\n<li data-start=\"9656\" data-end=\"9684\">\n<p data-start=\"9658\" data-end=\"9684\">V\u00eatements \u00e0 th\u00e8me pour enfants<\/p>\n<\/li>\n<li data-start=\"9685\" data-end=\"9712\">\n<p data-start=\"9687\" data-end=\"9712\">Uniformes scolaires et collectifs<\/p>\n<\/li>\n<li data-start=\"9713\" data-end=\"9741\">\n<p data-start=\"9715\" data-end=\"9741\">V\u00eatements promotionnels personnalis\u00e9s<\/p>\n<\/li>\n<\/ul>\n<p data-start=\"9743\" data-end=\"9845\">Notre \u00e9quipe veille \u00e0 ce que chaque envoi comporte les d\u00e9clarations d'origine correctes afin de b\u00e9n\u00e9ficier d'une exon\u00e9ration tarifaire totale.<\/p>\n<hr data-start=\"9847\" data-end=\"9850\" \/>\n<h3 data-start=\"9852\" data-end=\"9888\">R\u00e9duisez vos co\u00fbts apr\u00e8s le Brexit<\/h3>\n<p data-start=\"9890\" data-end=\"10082\">De nombreux importateurs britanniques cherchent \u00e0 diversifier leurs cha\u00eenes d'approvisionnement. <strong data-start=\"9978\" data-end=\"9999\">alternative fra\u00eeche<\/strong> avec de r\u00e9els avantages \u00e9conomiques. DCTS est le pont - Festival Factory est le partenaire.<\/p>\n<p data-start=\"10084\" data-end=\"10223\"><a href=\"https:\/\/festival-factory.com\/fr\/contact-us\/\">Nous envoyer un message<\/a> pour confirmer l'\u00e9ligibilit\u00e9 et \u00e9tudier votre prochaine production.<\/p>","protected":false},"excerpt":{"rendered":"<p>Introduction: A New Era of Trade Between the UK and  [&#8230;]<\/p>\n","protected":false},"author":2,"featured_media":0,"parent":3512,"menu_order":0,"comment_status":"closed","ping_status":"closed","template":"","meta":{"_acf_changed":false,"footnotes":""},"class_list":["post-3922","page","type-page","status-publish","hentry"],"acf":[],"yoast_head":"<!-- This site is optimized with the Yoast SEO plugin v27.4 - https:\/\/yoast.com\/product\/yoast-seo-wordpress\/ -->\n<title>DCTS Agreement \u2013 Duty-Free Trade with the UK Post-Brexit<\/title>\n<meta name=\"description\" content=\"Ship apparel duty-free to the UK with Festival Factory under the DCTS. Learn how this agreement simplifies imports for British buyers.\" \/>\n<meta name=\"robots\" content=\"index, follow, max-snippet:-1, max-image-preview:large, max-video-preview:-1\" \/>\n<link rel=\"canonical\" href=\"https:\/\/festival-factory.com\/fr\/duty-free-shipping\/dcts-uk\/\" \/>\n<meta property=\"og:locale\" content=\"fr_FR\" \/>\n<meta property=\"og:type\" content=\"article\" \/>\n<meta property=\"og:title\" content=\"DCTS Agreement \u2013 Duty-Free Trade with the UK Post-Brexit\" \/>\n<meta property=\"og:description\" content=\"Ship apparel duty-free to the UK with Festival Factory under the DCTS. Learn how this agreement simplifies imports for British buyers.\" \/>\n<meta property=\"og:url\" content=\"https:\/\/festival-factory.com\/fr\/duty-free-shipping\/dcts-uk\/\" \/>\n<meta property=\"og:site_name\" content=\"Festival Factory Madagascar\" \/>\n<meta property=\"article:modified_time\" content=\"2025-07-18T19:41:07+00:00\" \/>\n<meta name=\"twitter:card\" content=\"summary_large_image\" \/>\n<meta name=\"twitter:label1\" content=\"Dur\u00e9e de lecture estim\u00e9e\" \/>\n\t<meta name=\"twitter:data1\" content=\"2 minutes\" \/>\n<script type=\"application\/ld+json\" class=\"yoast-schema-graph\">{\"@context\":\"https:\\\/\\\/schema.org\",\"@graph\":[{\"@type\":\"WebPage\",\"@id\":\"https:\\\/\\\/festival-factory.com\\\/duty-free-shipping\\\/dcts-uk\\\/\",\"url\":\"https:\\\/\\\/festival-factory.com\\\/duty-free-shipping\\\/dcts-uk\\\/\",\"name\":\"DCTS Agreement \u2013 Duty-Free Trade with the UK Post-Brexit\",\"isPartOf\":{\"@id\":\"https:\\\/\\\/festival-factory.com\\\/#website\"},\"datePublished\":\"2025-07-18T14:47:30+00:00\",\"dateModified\":\"2025-07-18T19:41:07+00:00\",\"description\":\"Ship apparel duty-free to the UK with Festival Factory under the DCTS. Learn how this agreement simplifies imports for British buyers.\",\"breadcrumb\":{\"@id\":\"https:\\\/\\\/festival-factory.com\\\/duty-free-shipping\\\/dcts-uk\\\/#breadcrumb\"},\"inLanguage\":\"fr-FR\",\"potentialAction\":[{\"@type\":\"ReadAction\",\"target\":[\"https:\\\/\\\/festival-factory.com\\\/duty-free-shipping\\\/dcts-uk\\\/\"]}]},{\"@type\":\"BreadcrumbList\",\"@id\":\"https:\\\/\\\/festival-factory.com\\\/duty-free-shipping\\\/dcts-uk\\\/#breadcrumb\",\"itemListElement\":[{\"@type\":\"ListItem\",\"position\":1,\"name\":\"Home\",\"item\":\"https:\\\/\\\/festival-factory.com\\\/\"},{\"@type\":\"ListItem\",\"position\":2,\"name\":\"Duty-Free Shipping from Madagascar\",\"item\":\"https:\\\/\\\/festival-factory.com\\\/duty-free-shipping\\\/\"},{\"@type\":\"ListItem\",\"position\":3,\"name\":\"DCTS \u2013 Duty-Free Shipping to Great Britain\"}]},{\"@type\":\"WebSite\",\"@id\":\"https:\\\/\\\/festival-factory.com\\\/#website\",\"url\":\"https:\\\/\\\/festival-factory.com\\\/\",\"name\":\"Festival Factory Madagascar\",\"description\":\"Manufacturing apparel &amp; Costumes with decades of experience\",\"publisher\":{\"@id\":\"https:\\\/\\\/festival-factory.com\\\/#organization\"},\"potentialAction\":[{\"@type\":\"SearchAction\",\"target\":{\"@type\":\"EntryPoint\",\"urlTemplate\":\"https:\\\/\\\/festival-factory.com\\\/?s={search_term_string}\"},\"query-input\":{\"@type\":\"PropertyValueSpecification\",\"valueRequired\":true,\"valueName\":\"search_term_string\"}}],\"inLanguage\":\"fr-FR\"},{\"@type\":\"Organization\",\"@id\":\"https:\\\/\\\/festival-factory.com\\\/#organization\",\"name\":\"Festival Factory Madagascar\",\"url\":\"https:\\\/\\\/festival-factory.com\\\/\",\"logo\":{\"@type\":\"ImageObject\",\"inLanguage\":\"fr-FR\",\"@id\":\"https:\\\/\\\/festival-factory.com\\\/#\\\/schema\\\/logo\\\/image\\\/\",\"url\":\"https:\\\/\\\/festival-factory.com\\\/wp-content\\\/uploads\\\/2025\\\/02\\\/Festival-Logo.png\",\"contentUrl\":\"https:\\\/\\\/festival-factory.com\\\/wp-content\\\/uploads\\\/2025\\\/02\\\/Festival-Logo.png\",\"width\":2000,\"height\":519,\"caption\":\"Festival Factory Madagascar\"},\"image\":{\"@id\":\"https:\\\/\\\/festival-factory.com\\\/#\\\/schema\\\/logo\\\/image\\\/\"}}]}<\/script>\n<!-- \/ Yoast SEO plugin. -->","yoast_head_json":{"title":"Accord DCTS - Commerce en franchise de droits avec le Royaume-Uni apr\u00e8s le Brexit","description":"Exp\u00e9diez des v\u00eatements en franchise de droits au Royaume-Uni avec Festival Factory dans le cadre du DCTS. D\u00e9couvrez comment cet accord simplifie les importations pour les acheteurs britanniques.","robots":{"index":"index","follow":"follow","max-snippet":"max-snippet:-1","max-image-preview":"max-image-preview:large","max-video-preview":"max-video-preview:-1"},"canonical":"https:\/\/festival-factory.com\/fr\/duty-free-shipping\/dcts-uk\/","og_locale":"fr_FR","og_type":"article","og_title":"DCTS Agreement \u2013 Duty-Free Trade with the UK Post-Brexit","og_description":"Ship apparel duty-free to the UK with Festival Factory under the DCTS. Learn how this agreement simplifies imports for British buyers.","og_url":"https:\/\/festival-factory.com\/fr\/duty-free-shipping\/dcts-uk\/","og_site_name":"Festival Factory Madagascar","article_modified_time":"2025-07-18T19:41:07+00:00","twitter_card":"summary_large_image","twitter_misc":{"Dur\u00e9e de lecture estim\u00e9e":"2 minutes"},"schema":{"@context":"https:\/\/schema.org","@graph":[{"@type":"WebPage","@id":"https:\/\/festival-factory.com\/duty-free-shipping\/dcts-uk\/","url":"https:\/\/festival-factory.com\/duty-free-shipping\/dcts-uk\/","name":"Accord DCTS - Commerce en franchise de droits avec le Royaume-Uni apr\u00e8s le Brexit","isPartOf":{"@id":"https:\/\/festival-factory.com\/#website"},"datePublished":"2025-07-18T14:47:30+00:00","dateModified":"2025-07-18T19:41:07+00:00","description":"Exp\u00e9diez des v\u00eatements en franchise de droits au Royaume-Uni avec Festival Factory dans le cadre du DCTS. D\u00e9couvrez comment cet accord simplifie les importations pour les acheteurs britanniques.","breadcrumb":{"@id":"https:\/\/festival-factory.com\/duty-free-shipping\/dcts-uk\/#breadcrumb"},"inLanguage":"fr-FR","potentialAction":[{"@type":"ReadAction","target":["https:\/\/festival-factory.com\/duty-free-shipping\/dcts-uk\/"]}]},{"@type":"BreadcrumbList","@id":"https:\/\/festival-factory.com\/duty-free-shipping\/dcts-uk\/#breadcrumb","itemListElement":[{"@type":"ListItem","position":1,"name":"Home","item":"https:\/\/festival-factory.com\/"},{"@type":"ListItem","position":2,"name":"Duty-Free Shipping from Madagascar","item":"https:\/\/festival-factory.com\/duty-free-shipping\/"},{"@type":"ListItem","position":3,"name":"DCTS \u2013 Duty-Free Shipping to Great Britain"}]},{"@type":"WebSite","@id":"https:\/\/festival-factory.com\/#website","url":"https:\/\/festival-factory.com\/","name":"Festival Factory Madagascar","description":"Fabrication de v\u00eatements et de costumes avec des d\u00e9cennies d'exp\u00e9rience","publisher":{"@id":"https:\/\/festival-factory.com\/#organization"},"potentialAction":[{"@type":"SearchAction","target":{"@type":"EntryPoint","urlTemplate":"https:\/\/festival-factory.com\/?s={search_term_string}"},"query-input":{"@type":"PropertyValueSpecification","valueRequired":true,"valueName":"search_term_string"}}],"inLanguage":"fr-FR"},{"@type":"Organization","@id":"https:\/\/festival-factory.com\/#organization","name":"Festival Factory Madagascar","url":"https:\/\/festival-factory.com\/","logo":{"@type":"ImageObject","inLanguage":"fr-FR","@id":"https:\/\/festival-factory.com\/#\/schema\/logo\/image\/","url":"https:\/\/festival-factory.com\/wp-content\/uploads\/2025\/02\/Festival-Logo.png","contentUrl":"https:\/\/festival-factory.com\/wp-content\/uploads\/2025\/02\/Festival-Logo.png","width":2000,"height":519,"caption":"Festival Factory Madagascar"},"image":{"@id":"https:\/\/festival-factory.com\/#\/schema\/logo\/image\/"}}]}},"_links":{"self":[{"href":"https:\/\/festival-factory.com\/fr\/wp-json\/wp\/v2\/pages\/3922","targetHints":{"allow":["GET"]}}],"collection":[{"href":"https:\/\/festival-factory.com\/fr\/wp-json\/wp\/v2\/pages"}],"about":[{"href":"https:\/\/festival-factory.com\/fr\/wp-json\/wp\/v2\/types\/page"}],"author":[{"embeddable":true,"href":"https:\/\/festival-factory.com\/fr\/wp-json\/wp\/v2\/users\/2"}],"replies":[{"embeddable":true,"href":"https:\/\/festival-factory.com\/fr\/wp-json\/wp\/v2\/comments?post=3922"}],"version-history":[{"count":3,"href":"https:\/\/festival-factory.com\/fr\/wp-json\/wp\/v2\/pages\/3922\/revisions"}],"predecessor-version":[{"id":3934,"href":"https:\/\/festival-factory.com\/fr\/wp-json\/wp\/v2\/pages\/3922\/revisions\/3934"}],"up":[{"embeddable":true,"href":"https:\/\/festival-factory.com\/fr\/wp-json\/wp\/v2\/pages\/3512"}],"wp:attachment":[{"href":"https:\/\/festival-factory.com\/fr\/wp-json\/wp\/v2\/media?parent=3922"}],"curies":[{"name":"wp","href":"https:\/\/api.w.org\/{rel}","templated":true}]}}