{"id":3421,"date":"2025-02-12T15:10:27","date_gmt":"2025-02-12T15:10:27","guid":{"rendered":"https:\/\/festival-factory.com\/?page_id=3421"},"modified":"2025-06-24T09:23:40","modified_gmt":"2025-06-24T09:23:40","slug":"quality-control","status":"publish","type":"page","link":"https:\/\/festival-factory.com\/it\/quality-control\/","title":{"rendered":"Controllo qualit\u00e0"},"content":{"rendered":"<p><div class=\"fusion-fullwidth fullwidth-box fusion-builder-row-1 fusion-flex-container has-pattern-background has-mask-background nonhundred-percent-fullwidth non-hundred-percent-height-scrolling\" style=\"--awb-border-radius-top-left:0px;--awb-border-radius-top-right:0px;--awb-border-radius-bottom-right:0px;--awb-border-radius-bottom-left:0px;--awb-flex-wrap:wrap;\" ><div class=\"fusion-builder-row fusion-row fusion-flex-align-items-flex-start fusion-flex-content-wrap\" style=\"max-width:1372.8px;margin-left: calc(-4% \/ 2 );margin-right: calc(-4% \/ 2 );\"><div class=\"fusion-layout-column fusion_builder_column fusion-builder-column-0 fusion_builder_column_1_1 1_1 fusion-flex-column\" style=\"--awb-bg-size:cover;--awb-width-large:100%;--awb-margin-top-large:0px;--awb-spacing-right-large:1.92%;--awb-margin-bottom-large:20px;--awb-spacing-left-large:1.92%;--awb-width-medium:100%;--awb-order-medium:0;--awb-spacing-right-medium:1.92%;--awb-spacing-left-medium:1.92%;--awb-width-small:100%;--awb-order-small:0;--awb-spacing-right-small:1.92%;--awb-spacing-left-small:1.92%;\"><div class=\"fusion-column-wrapper fusion-column-has-shadow fusion-flex-justify-content-flex-start fusion-content-layout-column\"><div class=\"fusion-text fusion-text-1\"><p><span style=\"color: var(--awb-text-color); font-family: var(--awb-text-font-family); font-size: var(--awb-font-size); font-style: var(--awb-text-font-style); font-weight: var(--awb-text-font-weight); letter-spacing: var(--awb-letter-spacing); text-align: var(--awb-content-alignment); text-transform: var(--awb-text-transform); background-color: var(--awb-bg-color-hover);\">Le nostre linee di produzione sono progettate per garantire il controllo della qualit\u00e0 in ogni fase, dalla selezione del tessuto all'inscatolamento, con controlli in linea per un monitoraggio continuo durante tutto il processo di produzione. Questo approccio meticoloso garantisce che ogni pezzo soddisfi i nostri elevati standard di qualit\u00e0.<\/span><\/p>\n<p>Tutti i prodotti sono sottoposti a test approfonditi per soddisfare le normative sulla sicurezza dei bambini, garantendo la conformit\u00e0 in tutti i mercati e mantenendo i pi\u00f9 alti standard di sicurezza per i vostri clienti.<\/p>\n<p>Per una maggiore tranquillit\u00e0, tutti gli ordini di acquisto (PO) vengono passati attraverso i metal detector e sottoposti a un controllo finale prima della spedizione. Durante l'intero processo di produzione, eseguiamo controlli e verifiche costanti per garantire un'esecuzione impeccabile e l'integrit\u00e0 del prodotto.<\/p>\n<p>Siamo certificati SMETA per le pratiche commerciali etiche e la conformit\u00e0, e il nostro stabilimento \u00e8 sottoposto a verifica Tesco, a ulteriore dimostrazione del nostro impegno verso standard di produzione e sicurezza all'avanguardia nel settore.<\/p>\n<\/div><\/div><\/div><\/div><\/div><div class=\"fusion-fullwidth fullwidth-box fusion-builder-row-2 fusion-flex-container has-pattern-background has-mask-background nonhundred-percent-fullwidth non-hundred-percent-height-scrolling\" style=\"--awb-border-radius-top-left:0px;--awb-border-radius-top-right:0px;--awb-border-radius-bottom-right:0px;--awb-border-radius-bottom-left:0px;--awb-flex-wrap:wrap;\" ><div class=\"fusion-builder-row fusion-row fusion-flex-align-items-flex-start fusion-flex-content-wrap\" style=\"max-width:1372.8px;margin-left: calc(-4% \/ 2 );margin-right: calc(-4% \/ 2 );\"><div class=\"fusion-layout-column fusion_builder_column fusion-builder-column-1 fusion_builder_column_1_3 1_3 fusion-flex-column\" style=\"--awb-bg-size:cover;--awb-width-large:33.333333333333%;--awb-margin-top-large:0px;--awb-spacing-right-large:5.76%;--awb-margin-bottom-large:20px;--awb-spacing-left-large:5.76%;--awb-width-medium:33.333333333333%;--awb-order-medium:0;--awb-spacing-right-medium:5.76%;--awb-spacing-left-medium:5.76%;--awb-width-small:100%;--awb-order-small:0;--awb-spacing-right-small:1.92%;--awb-spacing-left-small:1.92%;\"><div class=\"fusion-column-wrapper fusion-column-has-shadow fusion-flex-justify-content-flex-start fusion-content-layout-column\"><div class=\"fusion-image-element\" style=\"--awb-caption-title-font-family:var(--h2_typography-font-family);--awb-caption-title-font-weight:var(--h2_typography-font-weight);--awb-caption-title-font-style:var(--h2_typography-font-style);--awb-caption-title-size:var(--h2_typography-font-size);--awb-caption-title-transform:var(--h2_typography-text-transform);--awb-caption-title-line-height:var(--h2_typography-line-height);--awb-caption-title-letter-spacing:var(--h2_typography-letter-spacing);\"><span class=\"fusion-imageframe imageframe-none imageframe-1 hover-type-none\"><a class=\"fusion-no-lightbox\" href=\"https:\/\/www.oeko-tex.com\/\" target=\"_blank\" aria-label=\"Oeko_tex_-_umbrella_brand_-_11_2022.svg\" rel=\"noopener noreferrer\"><img decoding=\"async\" width=\"300\" height=\"300\" src=\"https:\/\/festival-factory.com\/wp-content\/uploads\/2025\/04\/Oeko_tex_-_umbrella_brand_-_11_2022.svg.png\" data-orig-src=\"https:\/\/festival-factory.com\/wp-content\/uploads\/2025\/04\/Oeko_tex_-_umbrella_brand_-_11_2022.svg-300x300.png\" alt class=\"lazyload img-responsive wp-image-3680\" srcset=\"data:image\/svg+xml,%3Csvg%20xmlns%3D%27http%3A%2F%2Fwww.w3.org%2F2000%2Fsvg%27%20width%3D%271200%27%20height%3D%271200%27%20viewBox%3D%270%200%201200%201200%27%3E%3Crect%20width%3D%271200%27%20height%3D%271200%27%20fill-opacity%3D%220%22%2F%3E%3C%2Fsvg%3E\" data-srcset=\"https:\/\/festival-factory.com\/wp-content\/uploads\/2025\/04\/Oeko_tex_-_umbrella_brand_-_11_2022.svg-200x200.png 200w, https:\/\/festival-factory.com\/wp-content\/uploads\/2025\/04\/Oeko_tex_-_umbrella_brand_-_11_2022.svg-400x400.png 400w, https:\/\/festival-factory.com\/wp-content\/uploads\/2025\/04\/Oeko_tex_-_umbrella_brand_-_11_2022.svg-600x600.png 600w, https:\/\/festival-factory.com\/wp-content\/uploads\/2025\/04\/Oeko_tex_-_umbrella_brand_-_11_2022.svg-800x800.png 800w, https:\/\/festival-factory.com\/wp-content\/uploads\/2025\/04\/Oeko_tex_-_umbrella_brand_-_11_2022.svg.png 1200w\" data-sizes=\"auto\" data-orig-sizes=\"(max-width: 850px) 100vw, 400px\" \/><\/a><\/span><\/div><\/div><\/div><div class=\"fusion-layout-column fusion_builder_column fusion-builder-column-2 fusion_builder_column_2_3 2_3 fusion-flex-column\" style=\"--awb-bg-size:cover;--awb-width-large:66.666666666667%;--awb-margin-top-large:0px;--awb-spacing-right-large:2.88%;--awb-margin-bottom-large:20px;--awb-spacing-left-large:2.88%;--awb-width-medium:66.666666666667%;--awb-order-medium:0;--awb-spacing-right-medium:2.88%;--awb-spacing-left-medium:2.88%;--awb-width-small:100%;--awb-order-small:0;--awb-spacing-right-small:1.92%;--awb-spacing-left-small:1.92%;\"><div class=\"fusion-column-wrapper fusion-column-has-shadow fusion-flex-justify-content-flex-start fusion-content-layout-column\"><div class=\"fusion-text fusion-text-2\"><p><b>L'impegno per la qualit\u00e0 e la sicurezza con la certificazione OEKO-TEX<\/b><\/p>\n<p>Noi di Festival Factory ci impegniamo a garantire i pi\u00f9 alti standard di qualit\u00e0 e sicurezza in ogni prodotto che realizziamo. Come parte della nostra dedizione alla produzione responsabile, siamo orgogliosi di avere la certificazione OEKO-TEX\u00ae, uno standard riconosciuto a livello internazionale per i prodotti tessili.<\/p>\n<p>OEKO-TEX\u00ae \u00e8 un sistema di certificazione che assicura che i nostri prodotti siano privi di sostanze nocive e sicuri per la salute umana. Questa certificazione garantisce che i materiali utilizzati nei nostri capi e prodotti siano sottoposti a rigorosi test per verificare la presenza di sostanze chimiche nocive, assicurando che soddisfino severi criteri di sicurezza e ambientali. Che si tratti di tessuti, tinture o prodotti finiti, tutti i nostri articoli certificati OEKO-TEX\u00ae sono testati per verificare l'assenza di sostanze nocive, dando ai nostri clienti la certezza di scegliere prodotti realizzati con attenzione alle persone e al pianeta.<\/p>\n<p>Scegliendo i prodotti certificati OEKO-TEX\u00ae di Festival Factory, potete essere certi di scegliere prodotti sostenibili e di alta qualit\u00e0, che danno priorit\u00e0 alla sicurezza e all'impatto ambientale.<\/p>\n<\/div><\/div><\/div><\/div><\/div><div class=\"fusion-fullwidth fullwidth-box fusion-builder-row-3 fusion-flex-container has-pattern-background has-mask-background nonhundred-percent-fullwidth non-hundred-percent-height-scrolling\" style=\"--awb-border-radius-top-left:0px;--awb-border-radius-top-right:0px;--awb-border-radius-bottom-right:0px;--awb-border-radius-bottom-left:0px;--awb-flex-wrap:wrap;\" ><div class=\"fusion-builder-row fusion-row fusion-flex-align-items-flex-start fusion-flex-content-wrap\" style=\"max-width:1372.8px;margin-left: calc(-4% \/ 2 );margin-right: calc(-4% \/ 2 );\"><div class=\"fusion-layout-column fusion_builder_column fusion-builder-column-3 fusion_builder_column_1_3 1_3 fusion-flex-column\" style=\"--awb-bg-size:cover;--awb-width-large:33.333333333333%;--awb-margin-top-large:0px;--awb-spacing-right-large:5.76%;--awb-margin-bottom-large:20px;--awb-spacing-left-large:5.76%;--awb-width-medium:33.333333333333%;--awb-order-medium:0;--awb-spacing-right-medium:5.76%;--awb-spacing-left-medium:5.76%;--awb-width-small:100%;--awb-order-small:0;--awb-spacing-right-small:1.92%;--awb-spacing-left-small:1.92%;\"><div class=\"fusion-column-wrapper fusion-column-has-shadow fusion-flex-justify-content-flex-start fusion-content-layout-column\"><div class=\"fusion-image-element\" style=\"--awb-caption-title-font-family:var(--h2_typography-font-family);--awb-caption-title-font-weight:var(--h2_typography-font-weight);--awb-caption-title-font-style:var(--h2_typography-font-style);--awb-caption-title-size:var(--h2_typography-font-size);--awb-caption-title-transform:var(--h2_typography-text-transform);--awb-caption-title-line-height:var(--h2_typography-line-height);--awb-caption-title-letter-spacing:var(--h2_typography-letter-spacing);\"><span class=\"fusion-imageframe imageframe-none imageframe-2 hover-type-none\"><a class=\"fusion-no-lightbox\" href=\"https:\/\/www.sedex.com\/\" target=\"_blank\" aria-label=\"smeta-logo\" rel=\"noopener noreferrer\"><img decoding=\"async\" width=\"300\" height=\"158\" src=\"https:\/\/festival-factory.com\/wp-content\/uploads\/2025\/04\/smeta-logo.jpeg\" data-orig-src=\"https:\/\/festival-factory.com\/wp-content\/uploads\/2025\/04\/smeta-logo-300x158.jpeg\" alt class=\"lazyload img-responsive wp-image-3679\" srcset=\"data:image\/svg+xml,%3Csvg%20xmlns%3D%27http%3A%2F%2Fwww.w3.org%2F2000%2Fsvg%27%20width%3D%271200%27%20height%3D%27630%27%20viewBox%3D%270%200%201200%20630%27%3E%3Crect%20width%3D%271200%27%20height%3D%27630%27%20fill-opacity%3D%220%22%2F%3E%3C%2Fsvg%3E\" data-srcset=\"https:\/\/festival-factory.com\/wp-content\/uploads\/2025\/04\/smeta-logo-200x105.jpeg 200w, https:\/\/festival-factory.com\/wp-content\/uploads\/2025\/04\/smeta-logo-400x210.jpeg 400w, https:\/\/festival-factory.com\/wp-content\/uploads\/2025\/04\/smeta-logo-600x315.jpeg 600w, https:\/\/festival-factory.com\/wp-content\/uploads\/2025\/04\/smeta-logo-800x420.jpeg 800w, https:\/\/festival-factory.com\/wp-content\/uploads\/2025\/04\/smeta-logo.jpeg 1200w\" data-sizes=\"auto\" data-orig-sizes=\"(max-width: 850px) 100vw, 400px\" \/><\/a><\/span><\/div><\/div><\/div><div class=\"fusion-layout-column fusion_builder_column fusion-builder-column-4 fusion_builder_column_2_3 2_3 fusion-flex-column\" style=\"--awb-bg-size:cover;--awb-width-large:66.666666666667%;--awb-margin-top-large:0px;--awb-spacing-right-large:2.88%;--awb-margin-bottom-large:20px;--awb-spacing-left-large:2.88%;--awb-width-medium:66.666666666667%;--awb-order-medium:0;--awb-spacing-right-medium:2.88%;--awb-spacing-left-medium:2.88%;--awb-width-small:100%;--awb-order-small:0;--awb-spacing-right-small:1.92%;--awb-spacing-left-small:1.92%;\"><div class=\"fusion-column-wrapper fusion-column-has-shadow fusion-flex-justify-content-flex-start fusion-content-layout-column\"><div class=\"fusion-text fusion-text-3\"><p><b>Il nostro impegno per le pratiche commerciali etiche con la certificazione SMETA<\/b><\/p>\n<p>Noi di Festival Factory ci impegniamo a mantenere i pi\u00f9 alti standard etici in ogni aspetto delle nostre attivit\u00e0. Nell'ambito del nostro impegno per la responsabilit\u00e0 sociale, siamo orgogliosi di aver ottenuto la certificazione SMETA, che dimostra la nostra adesione ai rigorosi standard etici stabiliti dal Sedex Members Ethical Trade Audit (SMETA).<\/p>\n<p>SMETA \u00e8 uno dei quadri di audit sociale pi\u00f9 utilizzati al mondo. Si concentra su quattro aree chiave: standard di lavoro, salute e sicurezza, impatto ambientale ed etica aziendale. Attraverso il processo di audit SMETA, ci assicuriamo che la nostra fabbrica operi in modo equo, sicuro e sostenibile, trattando i nostri dipendenti con dignit\u00e0 e rispetto, riducendo al minimo l'impatto ambientale e garantendo la conformit\u00e0 a tutti i requisiti legali.<\/p>\n<p>La nostra certificazione SMETA riflette i nostri continui sforzi per sostenere i principi del commercio equo e solidale, dei diritti dei lavoratori e della responsabilit\u00e0 ambientale, garantendo che tutti i nostri prodotti siano realizzati in linea con le pratiche etiche. Con SMETA, rafforziamo la nostra dedizione alla trasparenza, al miglioramento continuo e alla fornitura di prodotti non solo di altissima qualit\u00e0, ma anche prodotti eticamente.<\/p>\n<\/div><\/div><\/div><\/div><\/div><\/p>","protected":false},"excerpt":{"rendered":"","protected":false},"author":1,"featured_media":0,"parent":0,"menu_order":0,"comment_status":"closed","ping_status":"closed","template":"100-width.php","meta":{"_acf_changed":false,"footnotes":""},"class_list":["post-3421","page","type-page","status-publish","hentry"],"acf":[],"yoast_head":"<!-- This site is optimized with the Yoast SEO plugin v27.4 - https:\/\/yoast.com\/product\/yoast-seo-wordpress\/ -->\n<title>Quality Control - Festival Factory Madagascar<\/title>\n<meta name=\"description\" content=\"Festival Factory ensures top-quality apparel through comprehensive in-line checks, child safety testing, metal detection, OEKO-TEX\u00ae and SMETA certifications.\" \/>\n<meta name=\"robots\" content=\"index, follow, max-snippet:-1, max-image-preview:large, max-video-preview:-1\" \/>\n<link rel=\"canonical\" href=\"https:\/\/festival-factory.com\/it\/quality-control\/\" \/>\n<meta property=\"og:locale\" content=\"it_IT\" \/>\n<meta property=\"og:type\" content=\"article\" \/>\n<meta property=\"og:title\" content=\"Quality Control - Festival Factory Madagascar\" \/>\n<meta property=\"og:description\" content=\"Festival Factory ensures top-quality apparel through comprehensive in-line checks, child safety testing, metal detection, OEKO-TEX\u00ae and SMETA certifications.\" \/>\n<meta property=\"og:url\" content=\"https:\/\/festival-factory.com\/it\/quality-control\/\" \/>\n<meta property=\"og:site_name\" content=\"Festival Factory Madagascar\" \/>\n<meta property=\"article:modified_time\" content=\"2025-06-24T09:23:40+00:00\" \/>\n<meta name=\"twitter:card\" content=\"summary_large_image\" \/>\n<meta name=\"twitter:label1\" content=\"Tempo di lettura stimato\" \/>\n\t<meta name=\"twitter:data1\" content=\"3 minuti\" \/>\n<script type=\"application\/ld+json\" class=\"yoast-schema-graph\">{\"@context\":\"https:\\\/\\\/schema.org\",\"@graph\":[{\"@type\":\"WebPage\",\"@id\":\"https:\\\/\\\/festival-factory.com\\\/quality-control\\\/\",\"url\":\"https:\\\/\\\/festival-factory.com\\\/quality-control\\\/\",\"name\":\"Quality Control - Festival Factory Madagascar\",\"isPartOf\":{\"@id\":\"https:\\\/\\\/festival-factory.com\\\/#website\"},\"datePublished\":\"2025-02-12T15:10:27+00:00\",\"dateModified\":\"2025-06-24T09:23:40+00:00\",\"description\":\"Festival Factory ensures top-quality apparel through comprehensive in-line checks, child safety testing, metal detection, OEKO-TEX\u00ae and SMETA certifications.\",\"breadcrumb\":{\"@id\":\"https:\\\/\\\/festival-factory.com\\\/quality-control\\\/#breadcrumb\"},\"inLanguage\":\"it-IT\",\"potentialAction\":[{\"@type\":\"ReadAction\",\"target\":[\"https:\\\/\\\/festival-factory.com\\\/quality-control\\\/\"]}]},{\"@type\":\"BreadcrumbList\",\"@id\":\"https:\\\/\\\/festival-factory.com\\\/quality-control\\\/#breadcrumb\",\"itemListElement\":[{\"@type\":\"ListItem\",\"position\":1,\"name\":\"Home\",\"item\":\"https:\\\/\\\/festival-factory.com\\\/\"},{\"@type\":\"ListItem\",\"position\":2,\"name\":\"Quality Control\"}]},{\"@type\":\"WebSite\",\"@id\":\"https:\\\/\\\/festival-factory.com\\\/#website\",\"url\":\"https:\\\/\\\/festival-factory.com\\\/\",\"name\":\"Festival Factory Madagascar\",\"description\":\"Manufacturing apparel &amp; Costumes with decades of experience\",\"publisher\":{\"@id\":\"https:\\\/\\\/festival-factory.com\\\/#organization\"},\"potentialAction\":[{\"@type\":\"SearchAction\",\"target\":{\"@type\":\"EntryPoint\",\"urlTemplate\":\"https:\\\/\\\/festival-factory.com\\\/?s={search_term_string}\"},\"query-input\":{\"@type\":\"PropertyValueSpecification\",\"valueRequired\":true,\"valueName\":\"search_term_string\"}}],\"inLanguage\":\"it-IT\"},{\"@type\":\"Organization\",\"@id\":\"https:\\\/\\\/festival-factory.com\\\/#organization\",\"name\":\"Festival Factory Madagascar\",\"url\":\"https:\\\/\\\/festival-factory.com\\\/\",\"logo\":{\"@type\":\"ImageObject\",\"inLanguage\":\"it-IT\",\"@id\":\"https:\\\/\\\/festival-factory.com\\\/#\\\/schema\\\/logo\\\/image\\\/\",\"url\":\"https:\\\/\\\/festival-factory.com\\\/wp-content\\\/uploads\\\/2025\\\/02\\\/Festival-Logo.png\",\"contentUrl\":\"https:\\\/\\\/festival-factory.com\\\/wp-content\\\/uploads\\\/2025\\\/02\\\/Festival-Logo.png\",\"width\":2000,\"height\":519,\"caption\":\"Festival Factory Madagascar\"},\"image\":{\"@id\":\"https:\\\/\\\/festival-factory.com\\\/#\\\/schema\\\/logo\\\/image\\\/\"}}]}<\/script>\n<!-- \/ Yoast SEO plugin. -->","yoast_head_json":{"title":"Controllo qualit\u00e0 - Festival Factory Madagascar","description":"Festival Factory garantisce la massima qualit\u00e0 dei capi d'abbigliamento grazie a controlli completi in linea, test di sicurezza per i bambini, rilevamento dei metalli, certificazioni OEKO-TEX\u00ae e SMETA.","robots":{"index":"index","follow":"follow","max-snippet":"max-snippet:-1","max-image-preview":"max-image-preview:large","max-video-preview":"max-video-preview:-1"},"canonical":"https:\/\/festival-factory.com\/it\/quality-control\/","og_locale":"it_IT","og_type":"article","og_title":"Quality Control - Festival Factory Madagascar","og_description":"Festival Factory ensures top-quality apparel through comprehensive in-line checks, child safety testing, metal detection, OEKO-TEX\u00ae and SMETA certifications.","og_url":"https:\/\/festival-factory.com\/it\/quality-control\/","og_site_name":"Festival Factory Madagascar","article_modified_time":"2025-06-24T09:23:40+00:00","twitter_card":"summary_large_image","twitter_misc":{"Tempo di lettura stimato":"3 minuti"},"schema":{"@context":"https:\/\/schema.org","@graph":[{"@type":"WebPage","@id":"https:\/\/festival-factory.com\/quality-control\/","url":"https:\/\/festival-factory.com\/quality-control\/","name":"Controllo qualit\u00e0 - Festival Factory Madagascar","isPartOf":{"@id":"https:\/\/festival-factory.com\/#website"},"datePublished":"2025-02-12T15:10:27+00:00","dateModified":"2025-06-24T09:23:40+00:00","description":"Festival Factory garantisce la massima qualit\u00e0 dei capi d'abbigliamento grazie a controlli completi in linea, test di sicurezza per i bambini, rilevamento dei metalli, certificazioni OEKO-TEX\u00ae e SMETA.","breadcrumb":{"@id":"https:\/\/festival-factory.com\/quality-control\/#breadcrumb"},"inLanguage":"it-IT","potentialAction":[{"@type":"ReadAction","target":["https:\/\/festival-factory.com\/quality-control\/"]}]},{"@type":"BreadcrumbList","@id":"https:\/\/festival-factory.com\/quality-control\/#breadcrumb","itemListElement":[{"@type":"ListItem","position":1,"name":"Home","item":"https:\/\/festival-factory.com\/"},{"@type":"ListItem","position":2,"name":"Quality Control"}]},{"@type":"WebSite","@id":"https:\/\/festival-factory.com\/#website","url":"https:\/\/festival-factory.com\/","name":"Festival Factory Madagascar","description":"Produzione di abbigliamento e costumi con esperienza decennale","publisher":{"@id":"https:\/\/festival-factory.com\/#organization"},"potentialAction":[{"@type":"SearchAction","target":{"@type":"EntryPoint","urlTemplate":"https:\/\/festival-factory.com\/?s={search_term_string}"},"query-input":{"@type":"PropertyValueSpecification","valueRequired":true,"valueName":"search_term_string"}}],"inLanguage":"it-IT"},{"@type":"Organization","@id":"https:\/\/festival-factory.com\/#organization","name":"Festival Factory Madagascar","url":"https:\/\/festival-factory.com\/","logo":{"@type":"ImageObject","inLanguage":"it-IT","@id":"https:\/\/festival-factory.com\/#\/schema\/logo\/image\/","url":"https:\/\/festival-factory.com\/wp-content\/uploads\/2025\/02\/Festival-Logo.png","contentUrl":"https:\/\/festival-factory.com\/wp-content\/uploads\/2025\/02\/Festival-Logo.png","width":2000,"height":519,"caption":"Festival Factory Madagascar"},"image":{"@id":"https:\/\/festival-factory.com\/#\/schema\/logo\/image\/"}}]}},"_links":{"self":[{"href":"https:\/\/festival-factory.com\/it\/wp-json\/wp\/v2\/pages\/3421","targetHints":{"allow":["GET"]}}],"collection":[{"href":"https:\/\/festival-factory.com\/it\/wp-json\/wp\/v2\/pages"}],"about":[{"href":"https:\/\/festival-factory.com\/it\/wp-json\/wp\/v2\/types\/page"}],"author":[{"embeddable":true,"href":"https:\/\/festival-factory.com\/it\/wp-json\/wp\/v2\/users\/1"}],"replies":[{"embeddable":true,"href":"https:\/\/festival-factory.com\/it\/wp-json\/wp\/v2\/comments?post=3421"}],"version-history":[{"count":12,"href":"https:\/\/festival-factory.com\/it\/wp-json\/wp\/v2\/pages\/3421\/revisions"}],"predecessor-version":[{"id":3821,"href":"https:\/\/festival-factory.com\/it\/wp-json\/wp\/v2\/pages\/3421\/revisions\/3821"}],"wp:attachment":[{"href":"https:\/\/festival-factory.com\/it\/wp-json\/wp\/v2\/media?parent=3421"}],"curies":[{"name":"wp","href":"https:\/\/api.w.org\/{rel}","templated":true}]}}