{"id":3606,"date":"2025-04-01T15:10:06","date_gmt":"2025-04-01T15:10:06","guid":{"rendered":"https:\/\/festival-factory.com\/?page_id=3606"},"modified":"2025-06-24T09:10:21","modified_gmt":"2025-06-24T09:10:21","slug":"employee-welfare","status":"publish","type":"page","link":"https:\/\/festival-factory.com\/it\/employee-welfare\/","title":{"rendered":"Benessere dei dipendenti"},"content":{"rendered":"<div class=\"fusion-fullwidth fullwidth-box fusion-builder-row-1 fusion-flex-container has-pattern-background has-mask-background nonhundred-percent-fullwidth non-hundred-percent-height-scrolling\" style=\"--awb-border-radius-top-left:0px;--awb-border-radius-top-right:0px;--awb-border-radius-bottom-right:0px;--awb-border-radius-bottom-left:0px;--awb-flex-wrap:wrap;\" ><div class=\"fusion-builder-row fusion-row fusion-flex-align-items-flex-start fusion-flex-content-wrap\" style=\"max-width:1372.8px;margin-left: calc(-4% \/ 2 );margin-right: calc(-4% \/ 2 );\"><div class=\"fusion-layout-column fusion_builder_column fusion-builder-column-0 fusion_builder_column_1_1 1_1 fusion-flex-column\" style=\"--awb-bg-size:cover;--awb-width-large:100%;--awb-margin-top-large:0px;--awb-spacing-right-large:1.92%;--awb-margin-bottom-large:20px;--awb-spacing-left-large:1.92%;--awb-width-medium:100%;--awb-order-medium:0;--awb-spacing-right-medium:1.92%;--awb-spacing-left-medium:1.92%;--awb-width-small:100%;--awb-order-small:0;--awb-spacing-right-small:1.92%;--awb-spacing-left-small:1.92%;\"><div class=\"fusion-column-wrapper fusion-column-has-shadow fusion-flex-justify-content-flex-start fusion-content-layout-column\"><div class=\"fusion-text fusion-text-1\"><h3 class=\"\" data-start=\"233\" data-end=\"298\"><strong data-start=\"237\" data-end=\"298\">Attivit\u00e0 di team building per favorire una collaborazione pi\u00f9 forte<\/strong><\/h3>\n<p class=\"\" data-start=\"299\" data-end=\"853\">In Festival Factory diamo priorit\u00e0 alla creazione di una forza lavoro forte e coesa. Per raggiungere questo obiettivo, organizziamo annualmente <strong data-start=\"412\" data-end=\"451\">eventi e attivit\u00e0 di team building<\/strong> che incoraggiano la collaborazione e promuovono un ambiente di lavoro positivo. Questi eventi sono pensati non solo per rafforzare le relazioni tra i dipendenti, ma anche per migliorare lo spirito di squadra, la produttivit\u00e0 e il morale. Crediamo che un team unito sia il fondamento di un'organizzazione di successo, e il nostro <strong data-start=\"754\" data-end=\"789\">iniziative di coinvolgimento dei dipendenti<\/strong> garantire che il nostro personale rimanga motivato, concentrato e ispirato.<\/p>\n<h3 class=\"\" data-start=\"956\" data-end=\"1004\"><strong data-start=\"960\" data-end=\"1004\">Programma di riconoscimento del dipendente dell'anno<\/strong><\/h3>\n<p class=\"\" data-start=\"1005\" data-end=\"1598\">Il nostro impegno per l'eccellenza si riflette nei riconoscimenti e nei premi che offriamo ai nostri dipendenti dedicati. Ogni anno premiamo persone eccezionali e <strong data-start=\"1163\" data-end=\"1183\">linee di produzione<\/strong> attraverso il nostro <strong data-start=\"1196\" data-end=\"1220\">Dipendente dell'anno<\/strong> premi. Questo programma premia le prestazioni eccezionali, l'alta frequenza e la produzione di <strong data-start=\"1317\" data-end=\"1342\">prodotti di alta qualit\u00e0<\/strong>. Premiando la dedizione e l'impegno, motiviamo i nostri dipendenti a mantenere standard elevati, a lavorare in modo efficiente e a contribuire al successo della nostra azienda. Questo riconoscimento rafforza inoltre la nostra convinzione di promuovere una cultura del successo e dell'eccellenza.<\/p>\n<h3 class=\"\" data-start=\"1730\" data-end=\"1784\"><strong data-start=\"1734\" data-end=\"1784\">Salute e benessere in loco con clinica interna<\/strong><\/h3>\n<p class=\"\" data-start=\"1785\" data-end=\"2364\">La salute e il benessere dei nostri dipendenti sono fondamentali per le nostre attivit\u00e0 alla Festival Factory. Per sostenere la nostra forza lavoro, offriamo un <strong data-start=\"1917\" data-end=\"1936\">clinica interna<\/strong>Il servizio di assistenza sanitaria \u00e8 gestito quotidianamente da personale sanitario qualificato. Questa struttura \u00e8 a disposizione di tutti i dipendenti, garantendo loro l'accesso ai servizi sanitari essenziali in caso di necessit\u00e0. La clinica svolge un ruolo cruciale nel mantenere una forza lavoro sana, affrontando tempestivamente i problemi medici e contribuendo alla soddisfazione e alla produttivit\u00e0 generale dei dipendenti. Noi di Festival Factory crediamo che un dipendente sano sia un dipendente felice e produttivo.<\/p>\n<h3 class=\"\" data-start=\"2470\" data-end=\"2526\"><strong data-start=\"2474\" data-end=\"2526\">Mensa giornaliera nutriente per il benessere dei dipendenti<\/strong><\/h3>\n<p class=\"\" data-start=\"2527\" data-end=\"3073\">Alla Festival Factory crediamo che un dipendente ben nutrito sia un dipendente produttivo. Per sostenere il benessere del nostro team, forniamo un servizio di <strong data-start=\"2652\" data-end=\"2667\">pranzo giornaliero<\/strong> a tutti i dipendenti attraverso la nostra mensa in loco. Ci impegniamo a mantenere elevati standard di qualit\u00e0 del cibo e le strutture della nostra mensa vengono regolarmente controllate per garantire che il cibo e l'acqua soddisfino i pi\u00f9 alti standard igienici e nutrizionali. L'offerta di pasti nutrienti non solo contribuisce a rendere la forza lavoro pi\u00f9 sana, ma garantisce anche che i nostri dipendenti rimangano energici e concentrati per tutta la giornata lavorativa.<\/p>\n<\/div><\/div><\/div><\/div><\/div>","protected":false},"excerpt":{"rendered":"","protected":false},"author":2,"featured_media":0,"parent":0,"menu_order":0,"comment_status":"closed","ping_status":"closed","template":"100-width.php","meta":{"_acf_changed":false,"footnotes":""},"class_list":["post-3606","page","type-page","status-publish","hentry"],"acf":[],"yoast_head":"<!-- This site is optimized with the Yoast SEO plugin v27.4 - https:\/\/yoast.com\/product\/yoast-seo-wordpress\/ -->\n<title>Employee Welfare - Festival Factory Madagascar<\/title>\n<meta name=\"description\" content=\"Discover Festival Factory\u2019s employee-first approach: mental health support, fair benefits, safe workplaces, regular wellness programs and staff growth initiatives.\" \/>\n<meta name=\"robots\" content=\"index, follow, max-snippet:-1, max-image-preview:large, max-video-preview:-1\" \/>\n<link rel=\"canonical\" href=\"https:\/\/festival-factory.com\/it\/employee-welfare\/\" \/>\n<meta property=\"og:locale\" content=\"it_IT\" \/>\n<meta property=\"og:type\" content=\"article\" \/>\n<meta property=\"og:title\" content=\"Employee Welfare - Festival Factory Madagascar\" \/>\n<meta property=\"og:description\" content=\"Discover Festival Factory\u2019s employee-first approach: mental health support, fair benefits, safe workplaces, regular wellness programs and staff growth initiatives.\" \/>\n<meta property=\"og:url\" content=\"https:\/\/festival-factory.com\/it\/employee-welfare\/\" \/>\n<meta property=\"og:site_name\" content=\"Festival Factory Madagascar\" \/>\n<meta property=\"article:modified_time\" content=\"2025-06-24T09:10:21+00:00\" \/>\n<meta name=\"twitter:card\" content=\"summary_large_image\" \/>\n<meta name=\"twitter:label1\" content=\"Tempo di lettura stimato\" \/>\n\t<meta name=\"twitter:data1\" content=\"2 minuti\" \/>\n<script type=\"application\/ld+json\" class=\"yoast-schema-graph\">{\"@context\":\"https:\\\/\\\/schema.org\",\"@graph\":[{\"@type\":\"WebPage\",\"@id\":\"https:\\\/\\\/festival-factory.com\\\/employee-welfare\\\/\",\"url\":\"https:\\\/\\\/festival-factory.com\\\/employee-welfare\\\/\",\"name\":\"Employee Welfare - Festival Factory Madagascar\",\"isPartOf\":{\"@id\":\"https:\\\/\\\/festival-factory.com\\\/#website\"},\"datePublished\":\"2025-04-01T15:10:06+00:00\",\"dateModified\":\"2025-06-24T09:10:21+00:00\",\"description\":\"Discover Festival Factory\u2019s employee-first approach: mental health support, fair benefits, safe workplaces, regular wellness programs and staff growth initiatives.\",\"breadcrumb\":{\"@id\":\"https:\\\/\\\/festival-factory.com\\\/employee-welfare\\\/#breadcrumb\"},\"inLanguage\":\"it-IT\",\"potentialAction\":[{\"@type\":\"ReadAction\",\"target\":[\"https:\\\/\\\/festival-factory.com\\\/employee-welfare\\\/\"]}]},{\"@type\":\"BreadcrumbList\",\"@id\":\"https:\\\/\\\/festival-factory.com\\\/employee-welfare\\\/#breadcrumb\",\"itemListElement\":[{\"@type\":\"ListItem\",\"position\":1,\"name\":\"Home\",\"item\":\"https:\\\/\\\/festival-factory.com\\\/\"},{\"@type\":\"ListItem\",\"position\":2,\"name\":\"Employee Welfare\"}]},{\"@type\":\"WebSite\",\"@id\":\"https:\\\/\\\/festival-factory.com\\\/#website\",\"url\":\"https:\\\/\\\/festival-factory.com\\\/\",\"name\":\"Festival Factory Madagascar\",\"description\":\"Manufacturing apparel &amp; Costumes with decades of experience\",\"publisher\":{\"@id\":\"https:\\\/\\\/festival-factory.com\\\/#organization\"},\"potentialAction\":[{\"@type\":\"SearchAction\",\"target\":{\"@type\":\"EntryPoint\",\"urlTemplate\":\"https:\\\/\\\/festival-factory.com\\\/?s={search_term_string}\"},\"query-input\":{\"@type\":\"PropertyValueSpecification\",\"valueRequired\":true,\"valueName\":\"search_term_string\"}}],\"inLanguage\":\"it-IT\"},{\"@type\":\"Organization\",\"@id\":\"https:\\\/\\\/festival-factory.com\\\/#organization\",\"name\":\"Festival Factory Madagascar\",\"url\":\"https:\\\/\\\/festival-factory.com\\\/\",\"logo\":{\"@type\":\"ImageObject\",\"inLanguage\":\"it-IT\",\"@id\":\"https:\\\/\\\/festival-factory.com\\\/#\\\/schema\\\/logo\\\/image\\\/\",\"url\":\"https:\\\/\\\/festival-factory.com\\\/wp-content\\\/uploads\\\/2025\\\/02\\\/Festival-Logo.png\",\"contentUrl\":\"https:\\\/\\\/festival-factory.com\\\/wp-content\\\/uploads\\\/2025\\\/02\\\/Festival-Logo.png\",\"width\":2000,\"height\":519,\"caption\":\"Festival Factory Madagascar\"},\"image\":{\"@id\":\"https:\\\/\\\/festival-factory.com\\\/#\\\/schema\\\/logo\\\/image\\\/\"}}]}<\/script>\n<!-- \/ Yoast SEO plugin. -->","yoast_head_json":{"title":"Benessere dei dipendenti - Festival Factory Madagascar","description":"Scoprite l'approccio di Festival Factory che privilegia i dipendenti: supporto alla salute mentale, benefit equi, ambienti di lavoro sicuri, programmi di benessere regolari e iniziative di crescita del personale.","robots":{"index":"index","follow":"follow","max-snippet":"max-snippet:-1","max-image-preview":"max-image-preview:large","max-video-preview":"max-video-preview:-1"},"canonical":"https:\/\/festival-factory.com\/it\/employee-welfare\/","og_locale":"it_IT","og_type":"article","og_title":"Employee Welfare - Festival Factory Madagascar","og_description":"Discover Festival Factory\u2019s employee-first approach: mental health support, fair benefits, safe workplaces, regular wellness programs and staff growth initiatives.","og_url":"https:\/\/festival-factory.com\/it\/employee-welfare\/","og_site_name":"Festival Factory Madagascar","article_modified_time":"2025-06-24T09:10:21+00:00","twitter_card":"summary_large_image","twitter_misc":{"Tempo di lettura stimato":"2 minuti"},"schema":{"@context":"https:\/\/schema.org","@graph":[{"@type":"WebPage","@id":"https:\/\/festival-factory.com\/employee-welfare\/","url":"https:\/\/festival-factory.com\/employee-welfare\/","name":"Benessere dei dipendenti - Festival Factory Madagascar","isPartOf":{"@id":"https:\/\/festival-factory.com\/#website"},"datePublished":"2025-04-01T15:10:06+00:00","dateModified":"2025-06-24T09:10:21+00:00","description":"Scoprite l'approccio di Festival Factory che privilegia i dipendenti: supporto alla salute mentale, benefit equi, ambienti di lavoro sicuri, programmi di benessere regolari e iniziative di crescita del personale.","breadcrumb":{"@id":"https:\/\/festival-factory.com\/employee-welfare\/#breadcrumb"},"inLanguage":"it-IT","potentialAction":[{"@type":"ReadAction","target":["https:\/\/festival-factory.com\/employee-welfare\/"]}]},{"@type":"BreadcrumbList","@id":"https:\/\/festival-factory.com\/employee-welfare\/#breadcrumb","itemListElement":[{"@type":"ListItem","position":1,"name":"Home","item":"https:\/\/festival-factory.com\/"},{"@type":"ListItem","position":2,"name":"Employee Welfare"}]},{"@type":"WebSite","@id":"https:\/\/festival-factory.com\/#website","url":"https:\/\/festival-factory.com\/","name":"Festival Factory Madagascar","description":"Produzione di abbigliamento e costumi con esperienza decennale","publisher":{"@id":"https:\/\/festival-factory.com\/#organization"},"potentialAction":[{"@type":"SearchAction","target":{"@type":"EntryPoint","urlTemplate":"https:\/\/festival-factory.com\/?s={search_term_string}"},"query-input":{"@type":"PropertyValueSpecification","valueRequired":true,"valueName":"search_term_string"}}],"inLanguage":"it-IT"},{"@type":"Organization","@id":"https:\/\/festival-factory.com\/#organization","name":"Festival Factory Madagascar","url":"https:\/\/festival-factory.com\/","logo":{"@type":"ImageObject","inLanguage":"it-IT","@id":"https:\/\/festival-factory.com\/#\/schema\/logo\/image\/","url":"https:\/\/festival-factory.com\/wp-content\/uploads\/2025\/02\/Festival-Logo.png","contentUrl":"https:\/\/festival-factory.com\/wp-content\/uploads\/2025\/02\/Festival-Logo.png","width":2000,"height":519,"caption":"Festival Factory Madagascar"},"image":{"@id":"https:\/\/festival-factory.com\/#\/schema\/logo\/image\/"}}]}},"_links":{"self":[{"href":"https:\/\/festival-factory.com\/it\/wp-json\/wp\/v2\/pages\/3606","targetHints":{"allow":["GET"]}}],"collection":[{"href":"https:\/\/festival-factory.com\/it\/wp-json\/wp\/v2\/pages"}],"about":[{"href":"https:\/\/festival-factory.com\/it\/wp-json\/wp\/v2\/types\/page"}],"author":[{"embeddable":true,"href":"https:\/\/festival-factory.com\/it\/wp-json\/wp\/v2\/users\/2"}],"replies":[{"embeddable":true,"href":"https:\/\/festival-factory.com\/it\/wp-json\/wp\/v2\/comments?post=3606"}],"version-history":[{"count":5,"href":"https:\/\/festival-factory.com\/it\/wp-json\/wp\/v2\/pages\/3606\/revisions"}],"predecessor-version":[{"id":3817,"href":"https:\/\/festival-factory.com\/it\/wp-json\/wp\/v2\/pages\/3606\/revisions\/3817"}],"wp:attachment":[{"href":"https:\/\/festival-factory.com\/it\/wp-json\/wp\/v2\/media?parent=3606"}],"curies":[{"name":"wp","href":"https:\/\/api.w.org\/{rel}","templated":true}]}}