{"id":3916,"date":"2025-07-18T14:44:27","date_gmt":"2025-07-18T14:44:27","guid":{"rendered":"https:\/\/festival-factory.com\/?page_id=3916"},"modified":"2025-07-18T15:14:54","modified_gmt":"2025-07-18T15:14:54","slug":"eur1-eu","status":"publish","type":"page","link":"https:\/\/festival-factory.com\/it\/duty-free-shipping\/eur1-eu\/","title":{"rendered":"EUR.1 - Spedizione in esenzione doganale verso l'Unione Europea"},"content":{"rendered":"<h3 data-start=\"643\" data-end=\"704\">Introduzione: Il potere del commercio preferenziale con l'Europa<\/h3>\n<p data-start=\"706\" data-end=\"1018\">I dazi all'importazione possono aumentare significativamente il costo delle merci, soprattutto nel settore tessile e dell'abbigliamento. Per i marchi e i rivenditori europei che si riforniscono a livello internazionale, lavorare con fornitori che possono offrire <strong data-start=\"914\" data-end=\"936\">spedizione esente da dazi<\/strong> attraverso <strong data-start=\"945\" data-end=\"978\">accordi commerciali preferenziali<\/strong> fornisce un chiaro vantaggio competitivo.<\/p>\n<p data-start=\"1020\" data-end=\"1280\">A <strong data-start=\"1023\" data-end=\"1043\">Fabbrica del Festival<\/strong>Aiutiamo i nostri clienti dell'Unione Europea a ridurre i costi di sbarco e a snellire le operazioni doganali sfruttando la tecnologia di <strong data-start=\"1134\" data-end=\"1165\">EUR.1 Certificato di origine<\/strong> - un documento chiave che assicura <strong data-start=\"1196\" data-end=\"1235\">accesso in franchigia doganale per le merci ammissibili<\/strong> dal Madagascar alla <strong data-start=\"1261\" data-end=\"1279\">Unione Europea<\/strong>.<\/p>\n<hr data-start=\"1282\" data-end=\"1285\" \/>\n<h3 data-start=\"1287\" data-end=\"1321\">Cos'\u00e8 il certificato EUR.1?<\/h3>\n<p data-start=\"1323\" data-end=\"1637\">Il <strong data-start=\"1327\" data-end=\"1348\">Certificato EUR.1<\/strong> \u00e8 un documento doganale utilizzato nell'ambito degli accordi commerciali tra l'Unione europea e alcuni paesi terzi, come ad esempio <strong data-start=\"1482\" data-end=\"1496\">Madagascar<\/strong>. Serve come <strong data-start=\"1511\" data-end=\"1530\">prova di origine<\/strong> per le merci, confermando che sono state prodotte in un Paese ammissibile al trattamento tariffario preferenziale.<\/p>\n<p data-start=\"1639\" data-end=\"1702\">Quando si importano prodotti nell'UE con un certificato EUR.1:<\/p>\n<ul data-start=\"1703\" data-end=\"1870\">\n<li data-start=\"1703\" data-end=\"1738\">\n<p data-start=\"1705\" data-end=\"1738\">Tu <strong data-start=\"1709\" data-end=\"1738\">non pagare i dazi doganali<\/strong><\/p>\n<\/li>\n<li data-start=\"1739\" data-end=\"1786\">\n<p data-start=\"1741\" data-end=\"1786\">Le procedure doganali sono <strong data-start=\"1764\" data-end=\"1786\">pi\u00f9 veloce e pi\u00f9 semplice<\/strong><\/p>\n<\/li>\n<li data-start=\"1787\" data-end=\"1870\">\n<p data-start=\"1789\" data-end=\"1870\">Beneficiate dei termini del <strong data-start=\"1823\" data-end=\"1870\">Accordi di partenariato economico (APE) dell'UE<\/strong><\/p>\n<\/li>\n<\/ul>\n<hr data-start=\"1872\" data-end=\"1875\" \/>\n<h3 data-start=\"1877\" data-end=\"1931\">Madagascar e UE: Una forte relazione commerciale<\/h3>\n<p data-start=\"1933\" data-end=\"2089\">Il Madagascar \u00e8 uno dei paesi dell'Africa, dei Caraibi e del Pacifico (ACP) con un'economia di mercato. <strong data-start=\"2013\" data-end=\"2042\">accordo commerciale favorevole<\/strong> in vigore con l'UE. Questo accordo prevede:<\/p>\n<ul data-start=\"2090\" data-end=\"2299\">\n<li data-start=\"2090\" data-end=\"2159\">\n<p data-start=\"2092\" data-end=\"2159\"><strong data-start=\"2092\" data-end=\"2117\">Accesso completo al duty-free<\/strong> ai mercati dell'UE per la maggior parte dei prodotti manifatturieri<\/p>\n<\/li>\n<li data-start=\"2160\" data-end=\"2233\">\n<p data-start=\"2162\" data-end=\"2233\"><strong data-start=\"2162\" data-end=\"2181\">Regole di origine<\/strong> che consentono l'apporto regionale in condizioni di flessibilit\u00e0<\/p>\n<\/li>\n<li data-start=\"2234\" data-end=\"2299\">\n<p data-start=\"2236\" data-end=\"2299\">Un quadro normativo chiaro per i grandi e i piccoli importatori<\/p>\n<\/li>\n<\/ul>\n<p data-start=\"2301\" data-end=\"2515\">Come produttore con sede in Madagascar, <strong data-start=\"2337\" data-end=\"2357\">Fabbrica del Festival<\/strong> rilascia certificati da 1 euro per ogni spedizione idonea, aiutando le imprese dell'UE a risparmiare <strong data-start=\"2441\" data-end=\"2454\">fino a 12%<\/strong> o pi\u00f9 di dazi all'importazione, a seconda della categoria di prodotto.<\/p>\n<hr data-start=\"2517\" data-end=\"2520\" \/>\n<h3 data-start=\"2522\" data-end=\"2570\">Quali sono i prodotti che possono beneficiare dell'esenzione dai dazi doganali?<\/h3>\n<p data-start=\"2572\" data-end=\"2743\">La maggior parte dei prodotti di abbigliamento e costumi fabbricati da Festival Factory possono essere importati nell'UE in esenzione dai dazi doganali, a condizione che soddisfino i criteri di origine. Questo include:<\/p>\n<ul data-start=\"2744\" data-end=\"2909\">\n<li data-start=\"2744\" data-end=\"2778\">\n<p data-start=\"2746\" data-end=\"2778\">Costumi per eventi e abbigliamento a tema<\/p>\n<\/li>\n<li data-start=\"2779\" data-end=\"2817\">\n<p data-start=\"2781\" data-end=\"2817\">Uniformi personalizzate e abbigliamento di marca<\/p>\n<\/li>\n<li data-start=\"2818\" data-end=\"2860\">\n<p data-start=\"2820\" data-end=\"2860\">Costumi per bambini e abiti per travestimenti<\/p>\n<\/li>\n<li data-start=\"2861\" data-end=\"2909\">\n<p data-start=\"2863\" data-end=\"2909\">Capi leggeri per la vendita al dettaglio e l'e-commerce<\/p>\n<\/li>\n<\/ul>\n<p data-start=\"2911\" data-end=\"3091\">Se il vostro prodotto \u00e8 stato progettato e realizzato in Madagascar utilizzando fattori produttivi regionali approvati, \u00e8 probabile che sia idoneo. Il nostro team vi aiuta a verificare l'ammissibilit\u00e0 e a preparare la documentazione corretta.<\/p>\n<hr data-start=\"3093\" data-end=\"3096\" \/>\n<h3 data-start=\"3098\" data-end=\"3136\">Vantaggi dell'EUR.1 per gli importatori dell'UE<\/h3>\n<p data-start=\"3138\" data-end=\"3226\">Importare attraverso EUR.1 offre diversi vantaggi alle imprese di tutta Europa:<\/p>\n<h4 data-start=\"3228\" data-end=\"3258\">1. <strong data-start=\"3236\" data-end=\"3258\">Costi di importazione pi\u00f9 bassi<\/strong><\/h4>\n<p data-start=\"3259\" data-end=\"3393\">Senza dazi all'importazione, potete reinvestire i risparmi nel marketing, nell'espansione dei prodotti o nelle strategie di prezzo per rimanere davanti alla concorrenza.<\/p>\n<h4 data-start=\"3395\" data-end=\"3435\">2. <strong data-start=\"3403\" data-end=\"3435\">Sdoganamento semplificato<\/strong><\/h4>\n<p data-start=\"3436\" data-end=\"3568\">Le dogane dell'UE riconoscono la documentazione EUR.1 e trattano queste spedizioni in modo pi\u00f9 efficiente, riducendo i ritardi e i costi amministrativi.<\/p>\n<h4 data-start=\"3570\" data-end=\"3606\">3. <strong data-start=\"3578\" data-end=\"3606\">Diversificazione degli approvvigionamenti<\/strong><\/h4>\n<p data-start=\"3607\" data-end=\"3750\">In un contesto globale caratterizzato da interruzioni e da un'eccessiva dipendenza dall'Asia, l'approvvigionamento dal Madagascar contribuisce a ridurre i rischi e ad aumentare la flessibilit\u00e0.<\/p>\n<hr data-start=\"3752\" data-end=\"3755\" \/>\n<h3 data-start=\"3757\" data-end=\"3786\">Paesi UE che ne beneficiano<\/h3>\n<p data-start=\"3788\" data-end=\"3881\">Tutti i paesi dell'Unione Europea accettano merci certificate EUR.1 provenienti dal Madagascar, tra cui:<\/p>\n<ul data-start=\"3883\" data-end=\"4036\">\n<li data-start=\"3883\" data-end=\"3893\">\n<p data-start=\"3885\" data-end=\"3893\">Francia<\/p>\n<\/li>\n<li data-start=\"3894\" data-end=\"3905\">\n<p data-start=\"3896\" data-end=\"3905\">Germania<\/p>\n<\/li>\n<li data-start=\"3906\" data-end=\"3915\">\n<p data-start=\"3908\" data-end=\"3915\">Italia<\/p>\n<\/li>\n<li data-start=\"3916\" data-end=\"3925\">\n<p data-start=\"3918\" data-end=\"3925\">Spagna<\/p>\n<\/li>\n<li data-start=\"3926\" data-end=\"3945\">\n<p data-start=\"3928\" data-end=\"3945\">Paesi Bassi<\/p>\n<\/li>\n<li data-start=\"3946\" data-end=\"3956\">\n<p data-start=\"3948\" data-end=\"3956\">Svezia<\/p>\n<\/li>\n<li data-start=\"3957\" data-end=\"3968\">\n<p data-start=\"3959\" data-end=\"3968\">Belgio<\/p>\n<\/li>\n<li data-start=\"3969\" data-end=\"3980\">\n<p data-start=\"3971\" data-end=\"3980\">Austria<\/p>\n<\/li>\n<li data-start=\"3981\" data-end=\"3992\">\n<p data-start=\"3983\" data-end=\"3992\">Irlanda<\/p>\n<\/li>\n<li data-start=\"3993\" data-end=\"4036\">\n<p data-start=\"3995\" data-end=\"4036\">Polonia<br data-start=\"4001\" data-end=\"4004\" \/>...e tutti gli altri Stati membri dell'UE.<\/p>\n<\/li>\n<\/ul>\n<p data-start=\"4038\" data-end=\"4153\">Che si tratti di un marchio di moda francese o di un negozio di e-commerce tedesco, i risparmi sui costi sono immediati e sostanziali.<\/p>\n<hr data-start=\"4155\" data-end=\"4158\" \/>\n<h3 data-start=\"4160\" data-end=\"4218\">Il ruolo della fabbrica del festival: Dalla produzione alla dogana<\/h3>\n<p data-start=\"4220\" data-end=\"4360\">Noi di Festival Factory non ci limitiamo a produrre, ma siamo il vostro partner completo per le esportazioni. Ecco cosa offriamo per ogni spedizione verso l'UE:<\/p>\n<ul data-start=\"4362\" data-end=\"4565\">\n<li data-start=\"4362\" data-end=\"4406\">\n<p data-start=\"4364\" data-end=\"4406\"><strong data-start=\"4364\" data-end=\"4406\">Preparazione accurata del certificato EUR.1<\/strong><\/p>\n<\/li>\n<li data-start=\"4407\" data-end=\"4446\">\n<p data-start=\"4409\" data-end=\"4446\"><strong data-start=\"4409\" data-end=\"4446\">Controlli di conformit\u00e0 alle norme di origine<\/strong><\/p>\n<\/li>\n<li data-start=\"4447\" data-end=\"4509\">\n<p data-start=\"4449\" data-end=\"4509\">Coordinamento con <strong data-start=\"4467\" data-end=\"4509\">spedizionieri e intermediari doganali<\/strong><\/p>\n<\/li>\n<li data-start=\"4510\" data-end=\"4565\">\n<p data-start=\"4512\" data-end=\"4565\"><strong data-start=\"4512\" data-end=\"4545\">Tempistiche di produzione affidabili<\/strong> e controllo qualit\u00e0<\/p>\n<\/li>\n<\/ul>\n<p data-start=\"4567\" data-end=\"4686\">Il nostro team comprende le aspettative del mercato europeo e aiuta i vostri prodotti a soddisfare i requisiti di progettazione e normativi.<\/p>\n<hr data-start=\"4688\" data-end=\"4691\" \/>\n<h3 data-start=\"4693\" data-end=\"4732\">Chi dovrebbe prendere in considerazione il sourcing EUR.1?<\/h3>\n<p data-start=\"4734\" data-end=\"4779\">Il nostro servizio di esportazione UE esente da dazi \u00e8 ideale per:<\/p>\n<ul data-start=\"4781\" data-end=\"5013\">\n<li data-start=\"4781\" data-end=\"4845\">\n<p data-start=\"4783\" data-end=\"4845\"><strong data-start=\"4783\" data-end=\"4813\">Rivenditori europei di abbigliamento<\/strong> approvvigionamento di prodotti a marchio privato<\/p>\n<\/li>\n<li data-start=\"4846\" data-end=\"4882\">\n<p data-start=\"4848\" data-end=\"4882\"><strong data-start=\"4848\" data-end=\"4882\">Grossisti di costumi per bambini<\/strong><\/p>\n<\/li>\n<li data-start=\"4883\" data-end=\"4945\">\n<p data-start=\"4885\" data-end=\"4945\"><strong data-start=\"4885\" data-end=\"4916\">Startup di e-commerce di moda<\/strong> bisogno di un inventario accessibile<\/p>\n<\/li>\n<li data-start=\"4946\" data-end=\"5013\">\n<p data-start=\"4948\" data-end=\"5013\"><strong data-start=\"4948\" data-end=\"4967\">Fornitori di eventi<\/strong> che lavorano con clienti aziendali in tutta Europa<\/p>\n<\/li>\n<\/ul>\n<p data-start=\"5015\" data-end=\"5161\">Con minimi ridotti, tempi di consegna rapidi e l'ulteriore vantaggio della spedizione esente da dazi, siamo un partner affidabile sia per i marchi in crescita che per quelli affermati.<\/p>\n<hr data-start=\"5163\" data-end=\"5166\" \/>\n<h3 data-start=\"5168\" data-end=\"5208\">Sfruttare al massimo il vantaggio dell'EUR.1<\/h3>\n<p data-start=\"5210\" data-end=\"5506\">Che si tratti di importazioni di piccole serie o di spedizioni in blocco, sfruttare la preferenza commerciale EUR.1 pu\u00f2 ridurre significativamente i costi di sbarco e aumentare i profitti. Festival Factory gestisce ogni fase, dalla progettazione alla campionatura, dalla documentazione alla logistica, con precisione e attenzione.<\/p>\n<hr data-start=\"5508\" data-end=\"5511\" \/>\n<h3 data-start=\"5513\" data-end=\"5534\">Cominciamo<\/h3>\n<p data-start=\"5536\" data-end=\"5735\">Volete far crescere la vostra presenza in Europa senza gonfiare i costi? Contattate Festival Factory oggi stesso per saperne di pi\u00f9 sui nostri <strong data-start=\"5661\" data-end=\"5708\">servizi di produzione ed esportazione in franchigia doganale<\/strong> nell'ambito dell'accordo EUR.1.<\/p>\n<p data-start=\"5737\" data-end=\"5863\"><a href=\"https:\/\/festival-factory.com\/it\/contact-us\/\">Contattateci<\/a> per un preventivo personalizzato o un controllo di conformit\u00e0.<\/p>","protected":false},"excerpt":{"rendered":"<p>Introduction: The Power of Preferential Trade with Europe Import duties  [&#8230;]<\/p>\n","protected":false},"author":2,"featured_media":0,"parent":3512,"menu_order":0,"comment_status":"closed","ping_status":"closed","template":"","meta":{"_acf_changed":false,"footnotes":""},"class_list":["post-3916","page","type-page","status-publish","hentry"],"acf":[],"yoast_head":"<!-- This site is optimized with the Yoast SEO plugin v27.4 - https:\/\/yoast.com\/product\/yoast-seo-wordpress\/ -->\n<title>EUR.1 Certificate \u2013 Duty-Free Trade Between Madagascar and the EU<\/title>\n<meta name=\"description\" content=\"Festival Factory offers duty-free shipping to EU countries using the EUR.1 certificate. Explore how your business can benefit from reduced import costs.\" \/>\n<meta name=\"robots\" content=\"index, follow, max-snippet:-1, max-image-preview:large, max-video-preview:-1\" \/>\n<link rel=\"canonical\" href=\"https:\/\/festival-factory.com\/it\/duty-free-shipping\/eur1-eu\/\" \/>\n<meta property=\"og:locale\" content=\"it_IT\" \/>\n<meta property=\"og:type\" content=\"article\" \/>\n<meta property=\"og:title\" content=\"EUR.1 Certificate \u2013 Duty-Free Trade Between Madagascar and the EU\" \/>\n<meta property=\"og:description\" content=\"Festival Factory offers duty-free shipping to EU countries using the EUR.1 certificate. Explore how your business can benefit from reduced import costs.\" \/>\n<meta property=\"og:url\" content=\"https:\/\/festival-factory.com\/it\/duty-free-shipping\/eur1-eu\/\" \/>\n<meta property=\"og:site_name\" content=\"Festival Factory Madagascar\" \/>\n<meta property=\"article:modified_time\" content=\"2025-07-18T15:14:54+00:00\" \/>\n<meta name=\"twitter:card\" content=\"summary_large_image\" \/>\n<meta name=\"twitter:label1\" content=\"Tempo di lettura stimato\" \/>\n\t<meta name=\"twitter:data1\" content=\"4 minuti\" \/>\n<script type=\"application\/ld+json\" class=\"yoast-schema-graph\">{\"@context\":\"https:\\\/\\\/schema.org\",\"@graph\":[{\"@type\":\"WebPage\",\"@id\":\"https:\\\/\\\/festival-factory.com\\\/duty-free-shipping\\\/eur1-eu\\\/\",\"url\":\"https:\\\/\\\/festival-factory.com\\\/duty-free-shipping\\\/eur1-eu\\\/\",\"name\":\"EUR.1 Certificate \u2013 Duty-Free Trade Between Madagascar and the EU\",\"isPartOf\":{\"@id\":\"https:\\\/\\\/festival-factory.com\\\/#website\"},\"datePublished\":\"2025-07-18T14:44:27+00:00\",\"dateModified\":\"2025-07-18T15:14:54+00:00\",\"description\":\"Festival Factory offers duty-free shipping to EU countries using the EUR.1 certificate. Explore how your business can benefit from reduced import costs.\",\"breadcrumb\":{\"@id\":\"https:\\\/\\\/festival-factory.com\\\/duty-free-shipping\\\/eur1-eu\\\/#breadcrumb\"},\"inLanguage\":\"it-IT\",\"potentialAction\":[{\"@type\":\"ReadAction\",\"target\":[\"https:\\\/\\\/festival-factory.com\\\/duty-free-shipping\\\/eur1-eu\\\/\"]}]},{\"@type\":\"BreadcrumbList\",\"@id\":\"https:\\\/\\\/festival-factory.com\\\/duty-free-shipping\\\/eur1-eu\\\/#breadcrumb\",\"itemListElement\":[{\"@type\":\"ListItem\",\"position\":1,\"name\":\"Home\",\"item\":\"https:\\\/\\\/festival-factory.com\\\/\"},{\"@type\":\"ListItem\",\"position\":2,\"name\":\"Duty-Free Shipping from Madagascar\",\"item\":\"https:\\\/\\\/festival-factory.com\\\/duty-free-shipping\\\/\"},{\"@type\":\"ListItem\",\"position\":3,\"name\":\"EUR.1 \u2013 Duty-Free Shipping to the European Union\"}]},{\"@type\":\"WebSite\",\"@id\":\"https:\\\/\\\/festival-factory.com\\\/#website\",\"url\":\"https:\\\/\\\/festival-factory.com\\\/\",\"name\":\"Festival Factory Madagascar\",\"description\":\"Manufacturing apparel &amp; Costumes with decades of experience\",\"publisher\":{\"@id\":\"https:\\\/\\\/festival-factory.com\\\/#organization\"},\"potentialAction\":[{\"@type\":\"SearchAction\",\"target\":{\"@type\":\"EntryPoint\",\"urlTemplate\":\"https:\\\/\\\/festival-factory.com\\\/?s={search_term_string}\"},\"query-input\":{\"@type\":\"PropertyValueSpecification\",\"valueRequired\":true,\"valueName\":\"search_term_string\"}}],\"inLanguage\":\"it-IT\"},{\"@type\":\"Organization\",\"@id\":\"https:\\\/\\\/festival-factory.com\\\/#organization\",\"name\":\"Festival Factory Madagascar\",\"url\":\"https:\\\/\\\/festival-factory.com\\\/\",\"logo\":{\"@type\":\"ImageObject\",\"inLanguage\":\"it-IT\",\"@id\":\"https:\\\/\\\/festival-factory.com\\\/#\\\/schema\\\/logo\\\/image\\\/\",\"url\":\"https:\\\/\\\/festival-factory.com\\\/wp-content\\\/uploads\\\/2025\\\/02\\\/Festival-Logo.png\",\"contentUrl\":\"https:\\\/\\\/festival-factory.com\\\/wp-content\\\/uploads\\\/2025\\\/02\\\/Festival-Logo.png\",\"width\":2000,\"height\":519,\"caption\":\"Festival Factory Madagascar\"},\"image\":{\"@id\":\"https:\\\/\\\/festival-factory.com\\\/#\\\/schema\\\/logo\\\/image\\\/\"}}]}<\/script>\n<!-- \/ Yoast SEO plugin. -->","yoast_head_json":{"title":"EUR.1 Certificato - Esenzione dai dazi doganali tra il Madagascar e l'UE","description":"Festival Factory offre spedizioni esenti da dazi doganali nei Paesi dell'UE utilizzando il certificato EUR.1. Scoprite come la vostra azienda pu\u00f2 beneficiare di una riduzione dei costi di importazione.","robots":{"index":"index","follow":"follow","max-snippet":"max-snippet:-1","max-image-preview":"max-image-preview:large","max-video-preview":"max-video-preview:-1"},"canonical":"https:\/\/festival-factory.com\/it\/duty-free-shipping\/eur1-eu\/","og_locale":"it_IT","og_type":"article","og_title":"EUR.1 Certificate \u2013 Duty-Free Trade Between Madagascar and the EU","og_description":"Festival Factory offers duty-free shipping to EU countries using the EUR.1 certificate. Explore how your business can benefit from reduced import costs.","og_url":"https:\/\/festival-factory.com\/it\/duty-free-shipping\/eur1-eu\/","og_site_name":"Festival Factory Madagascar","article_modified_time":"2025-07-18T15:14:54+00:00","twitter_card":"summary_large_image","twitter_misc":{"Tempo di lettura stimato":"4 minuti"},"schema":{"@context":"https:\/\/schema.org","@graph":[{"@type":"WebPage","@id":"https:\/\/festival-factory.com\/duty-free-shipping\/eur1-eu\/","url":"https:\/\/festival-factory.com\/duty-free-shipping\/eur1-eu\/","name":"EUR.1 Certificato - Esenzione dai dazi doganali tra il Madagascar e l'UE","isPartOf":{"@id":"https:\/\/festival-factory.com\/#website"},"datePublished":"2025-07-18T14:44:27+00:00","dateModified":"2025-07-18T15:14:54+00:00","description":"Festival Factory offre spedizioni esenti da dazi doganali nei Paesi dell'UE utilizzando il certificato EUR.1. Scoprite come la vostra azienda pu\u00f2 beneficiare di una riduzione dei costi di importazione.","breadcrumb":{"@id":"https:\/\/festival-factory.com\/duty-free-shipping\/eur1-eu\/#breadcrumb"},"inLanguage":"it-IT","potentialAction":[{"@type":"ReadAction","target":["https:\/\/festival-factory.com\/duty-free-shipping\/eur1-eu\/"]}]},{"@type":"BreadcrumbList","@id":"https:\/\/festival-factory.com\/duty-free-shipping\/eur1-eu\/#breadcrumb","itemListElement":[{"@type":"ListItem","position":1,"name":"Home","item":"https:\/\/festival-factory.com\/"},{"@type":"ListItem","position":2,"name":"Duty-Free Shipping from Madagascar","item":"https:\/\/festival-factory.com\/duty-free-shipping\/"},{"@type":"ListItem","position":3,"name":"EUR.1 \u2013 Duty-Free Shipping to the European Union"}]},{"@type":"WebSite","@id":"https:\/\/festival-factory.com\/#website","url":"https:\/\/festival-factory.com\/","name":"Festival Factory Madagascar","description":"Produzione di abbigliamento e costumi con esperienza decennale","publisher":{"@id":"https:\/\/festival-factory.com\/#organization"},"potentialAction":[{"@type":"SearchAction","target":{"@type":"EntryPoint","urlTemplate":"https:\/\/festival-factory.com\/?s={search_term_string}"},"query-input":{"@type":"PropertyValueSpecification","valueRequired":true,"valueName":"search_term_string"}}],"inLanguage":"it-IT"},{"@type":"Organization","@id":"https:\/\/festival-factory.com\/#organization","name":"Festival Factory Madagascar","url":"https:\/\/festival-factory.com\/","logo":{"@type":"ImageObject","inLanguage":"it-IT","@id":"https:\/\/festival-factory.com\/#\/schema\/logo\/image\/","url":"https:\/\/festival-factory.com\/wp-content\/uploads\/2025\/02\/Festival-Logo.png","contentUrl":"https:\/\/festival-factory.com\/wp-content\/uploads\/2025\/02\/Festival-Logo.png","width":2000,"height":519,"caption":"Festival Factory Madagascar"},"image":{"@id":"https:\/\/festival-factory.com\/#\/schema\/logo\/image\/"}}]}},"_links":{"self":[{"href":"https:\/\/festival-factory.com\/it\/wp-json\/wp\/v2\/pages\/3916","targetHints":{"allow":["GET"]}}],"collection":[{"href":"https:\/\/festival-factory.com\/it\/wp-json\/wp\/v2\/pages"}],"about":[{"href":"https:\/\/festival-factory.com\/it\/wp-json\/wp\/v2\/types\/page"}],"author":[{"embeddable":true,"href":"https:\/\/festival-factory.com\/it\/wp-json\/wp\/v2\/users\/2"}],"replies":[{"embeddable":true,"href":"https:\/\/festival-factory.com\/it\/wp-json\/wp\/v2\/comments?post=3916"}],"version-history":[{"count":5,"href":"https:\/\/festival-factory.com\/it\/wp-json\/wp\/v2\/pages\/3916\/revisions"}],"predecessor-version":[{"id":3939,"href":"https:\/\/festival-factory.com\/it\/wp-json\/wp\/v2\/pages\/3916\/revisions\/3939"}],"up":[{"embeddable":true,"href":"https:\/\/festival-factory.com\/it\/wp-json\/wp\/v2\/pages\/3512"}],"wp:attachment":[{"href":"https:\/\/festival-factory.com\/it\/wp-json\/wp\/v2\/media?parent=3916"}],"curies":[{"name":"wp","href":"https:\/\/api.w.org\/{rel}","templated":true}]}}