{"id":3920,"date":"2025-07-18T14:46:21","date_gmt":"2025-07-18T14:46:21","guid":{"rendered":"https:\/\/festival-factory.com\/?page_id=3920"},"modified":"2025-07-18T15:14:47","modified_gmt":"2025-07-18T15:14:47","slug":"dcd-australia","status":"publish","type":"page","link":"https:\/\/festival-factory.com\/it\/duty-free-shipping\/dcd-australia\/","title":{"rendered":"DCD - Spedizione esente da dazi in Australia"},"content":{"rendered":"<h3 data-start=\"4347\" data-end=\"4416\">Introduzione: Ridurre i costi di importazione per gli acquirenti australiani di abbigliamento<\/h3>\n<p data-start=\"4418\" data-end=\"4751\">In un paese come <strong data-start=\"4436\" data-end=\"4449\">Australia<\/strong>In Madagascar, dove la maggior parte dei capi di abbigliamento viene importata, la gestione dei dazi all'importazione \u00e8 una parte fondamentale di qualsiasi strategia di sourcing. Per gli acquirenti che guardano al di l\u00e0 dell'Asia, l'approvvigionamento dal Madagascar offre un'opportunit\u00e0 interessante, soprattutto nell'ambito della <strong data-start=\"4661\" data-end=\"4675\">Sistema DCD<\/strong>, che consente di <strong data-start=\"4694\" data-end=\"4715\">importazioni in franchigia doganale<\/strong> dai Paesi in via di sviluppo ammissibili.<\/p>\n<p data-start=\"4753\" data-end=\"4959\">A <strong data-start=\"4756\" data-end=\"4776\">Fabbrica del Festival<\/strong>Aiutiamo i marchi di moda australiani, i rivenditori e i fornitori di costumi a ridurre i loro costi di produzione sfruttando il sistema di <strong data-start=\"4890\" data-end=\"4920\">Documento di credito doganale (DCD)<\/strong> quando si spediscono capi di abbigliamento dal Madagascar.<\/p>\n<hr data-start=\"4961\" data-end=\"4964\" \/>\n<h3 data-start=\"4966\" data-end=\"4986\">Che cos'\u00e8 il DCD?<\/h3>\n<p data-start=\"4988\" data-end=\"5316\">Il <strong data-start=\"4992\" data-end=\"5022\">Documento di credito doganale (DCD)<\/strong> \u00e8 un sistema che consente l'accesso al mercato australiano in esenzione dai dazi doganali o a dazi ridotti per le merci originarie di <strong data-start=\"5133\" data-end=\"5162\">Paesi meno sviluppati<\/strong>. L'obiettivo \u00e8 quello di promuovere il commercio con le economie in via di sviluppo, offrendo agli importatori australiani <strong data-start=\"5255\" data-end=\"5286\">alternative efficaci dal punto di vista dei costi<\/strong> ai tradizionali centri di sourcing.<\/p>\n<p data-start=\"5318\" data-end=\"5452\">Il Madagascar \u00e8 riconosciuto nell'ambito di questo sistema, rendendo le merci di Festival Factory <strong data-start=\"5394\" data-end=\"5425\">ammissibili all'esenzione dal dazio<\/strong> all'arrivo in Australia.<\/p>\n<hr data-start=\"5454\" data-end=\"5457\" \/>\n<h3 data-start=\"5459\" data-end=\"5500\">Vantaggi principali per gli importatori australiani<\/h3>\n<p data-start=\"5502\" data-end=\"5562\">Lavorare con Festival Factory nell'ambito del sistema DCD fornisce:<\/p>\n<ul data-start=\"5564\" data-end=\"5762\">\n<li data-start=\"5564\" data-end=\"5608\">\n<p data-start=\"5566\" data-end=\"5608\"><strong data-start=\"5566\" data-end=\"5588\">Zero dazi all'importazione<\/strong> sull'abbigliamento idoneo<\/p>\n<\/li>\n<li data-start=\"5609\" data-end=\"5639\">\n<p data-start=\"5611\" data-end=\"5639\">Costi complessivi inferiori per unit\u00e0<\/p>\n<\/li>\n<li data-start=\"5640\" data-end=\"5690\">\n<p data-start=\"5642\" data-end=\"5690\">Catene di approvvigionamento pi\u00f9 corte rispetto all'Asia o all'America Latina<\/p>\n<\/li>\n<li data-start=\"5691\" data-end=\"5762\">\n<p data-start=\"5693\" data-end=\"5762\">Accesso a un partner di produzione unico ed etico nell'Oceano Indiano<\/p>\n<\/li>\n<\/ul>\n<p data-start=\"5764\" data-end=\"5918\">Che si tratti di un <strong data-start=\"5781\" data-end=\"5807\">marchio di moda boutique<\/strong>, a <strong data-start=\"5811\" data-end=\"5843\">distributore di costumi stagionali<\/strong>, o un <strong data-start=\"5851\" data-end=\"5873\">startup di e-commerce<\/strong>Il DCD pu\u00f2 rendere pi\u00f9 redditizia la vostra attivit\u00e0.<\/p>\n<hr data-start=\"5920\" data-end=\"5923\" \/>\n<h3 data-start=\"5925\" data-end=\"5970\">Prodotti ammessi al regime di franchigia doganale DCD<\/h3>\n<p data-start=\"5972\" data-end=\"6058\">Festival Factory produce un'ampia gamma di capi di abbigliamento che si qualificano per i benefici del DCD:<\/p>\n<ul data-start=\"6059\" data-end=\"6200\">\n<li data-start=\"6059\" data-end=\"6089\">\n<p data-start=\"6061\" data-end=\"6089\">Costumi per bambini<\/p>\n<\/li>\n<li data-start=\"6090\" data-end=\"6116\">\n<p data-start=\"6092\" data-end=\"6116\">Abbigliamento per la scuola e per i festival<\/p>\n<\/li>\n<li data-start=\"6117\" data-end=\"6139\">\n<p data-start=\"6119\" data-end=\"6139\">Uniformi per l'ospitalit\u00e0<\/p>\n<\/li>\n<li data-start=\"6140\" data-end=\"6174\">\n<p data-start=\"6142\" data-end=\"6174\">Abbigliamento promozionale leggero<\/p>\n<\/li>\n<li data-start=\"6175\" data-end=\"6200\">\n<p data-start=\"6177\" data-end=\"6200\">Capi d'abbigliamento personalizzati<\/p>\n<\/li>\n<\/ul>\n<p data-start=\"6202\" data-end=\"6338\">Forniamo inoltre tutta la documentazione necessaria all'esportazione per supportare lo status di duty-free ai sensi della DCD e assistiamo il vostro intermediario doganale per la conformit\u00e0.<\/p>\n<hr data-start=\"6340\" data-end=\"6343\" \/>\n<h3 data-start=\"6345\" data-end=\"6384\">Perch\u00e9 scegliere il Madagascar per l'approvvigionamento?<\/h3>\n<p data-start=\"6386\" data-end=\"6473\">Mentre l'Australia importa tradizionalmente dalla Cina e dal sud-est asiatico, il Madagascar offre:<\/p>\n<ul data-start=\"6474\" data-end=\"6675\">\n<li data-start=\"6474\" data-end=\"6506\">\n<p data-start=\"6476\" data-end=\"6506\">Spedizione esente da dazi doganali abilitata al DCD<\/p>\n<\/li>\n<li data-start=\"6507\" data-end=\"6569\">\n<p data-start=\"6509\" data-end=\"6569\">Produzione di capi di alta qualit\u00e0 con pratiche di lavoro etiche<\/p>\n<\/li>\n<li data-start=\"6570\" data-end=\"6625\">\n<p data-start=\"6572\" data-end=\"6625\">Tempi di consegna competitivi per ordini di volumi medio-piccoli<\/p>\n<\/li>\n<li data-start=\"6626\" data-end=\"6675\">\n<p data-start=\"6628\" data-end=\"6675\">Accesso diretto ai porti australiani per il trasporto merci via mare<\/p>\n<\/li>\n<\/ul>\n<hr data-start=\"6677\" data-end=\"6680\" \/>\n<h3 data-start=\"6682\" data-end=\"6740\">La competenza di Festival Factory per il mercato australiano<\/h3>\n<p data-start=\"6742\" data-end=\"6802\">Comprendiamo le esigenze degli importatori australiani e le forniamo:<\/p>\n<ul data-start=\"6803\" data-end=\"6987\">\n<li data-start=\"6803\" data-end=\"6840\">\n<p data-start=\"6805\" data-end=\"6840\">Gestione dei conti in lingua inglese<\/p>\n<\/li>\n<li data-start=\"6841\" data-end=\"6883\">\n<p data-start=\"6843\" data-end=\"6883\">Servizi di campionamento e sviluppo personalizzati<\/p>\n<\/li>\n<li data-start=\"6884\" data-end=\"6925\">\n<p data-start=\"6886\" data-end=\"6925\">Produzione e controllo qualit\u00e0 affidabili<\/p>\n<\/li>\n<li data-start=\"6926\" data-end=\"6987\">\n<p data-start=\"6928\" data-end=\"6987\">Coordinamento senza soluzione di continuit\u00e0 con gli spedizionieri internazionali<\/p>\n<\/li>\n<\/ul>\n<hr data-start=\"6989\" data-end=\"6992\" \/>\n<h3 data-start=\"6994\" data-end=\"7022\">Siete pronti ad approvvigionarvi in modo pi\u00f9 intelligente?<\/h3>\n<p data-start=\"7024\" data-end=\"7154\">Il nostro team \u00e8 qui per aiutarvi a sbloccare i vantaggi del DCD e a far crescere la vostra attivit\u00e0 in Australia con <strong data-start=\"7116\" data-end=\"7137\">importazioni in franchigia doganale<\/strong> dal Madagascar.<\/p>\n<p data-start=\"7156\" data-end=\"7285\"><a href=\"https:\/\/festival-factory.com\/it\/contact-us\/\">Contattate<\/a> per informazioni sull'idoneit\u00e0 del prodotto e sui prezzi.<\/p>","protected":false},"excerpt":{"rendered":"<p>Introduction: Reducing Import Costs for Australian Apparel Buyers In a  [&#8230;]<\/p>\n","protected":false},"author":2,"featured_media":0,"parent":3512,"menu_order":0,"comment_status":"closed","ping_status":"closed","template":"","meta":{"_acf_changed":false,"footnotes":""},"class_list":["post-3920","page","type-page","status-publish","hentry"],"acf":[],"yoast_head":"<!-- This site is optimized with the Yoast SEO plugin v27.4 - https:\/\/yoast.com\/product\/yoast-seo-wordpress\/ -->\n<title>DCD Agreement \u2013 Affordable Imports to Australia from Madagascar<\/title>\n<meta name=\"description\" content=\"Save on import costs with Festival Factory through Madagascar\u2019s DCD agreement with Australia. Enjoy duty-free apparel and costume shipments.\" \/>\n<meta name=\"robots\" content=\"index, follow, max-snippet:-1, max-image-preview:large, max-video-preview:-1\" \/>\n<link rel=\"canonical\" href=\"https:\/\/festival-factory.com\/it\/duty-free-shipping\/dcd-australia\/\" \/>\n<meta property=\"og:locale\" content=\"it_IT\" \/>\n<meta property=\"og:type\" content=\"article\" \/>\n<meta property=\"og:title\" content=\"DCD Agreement \u2013 Affordable Imports to Australia from Madagascar\" \/>\n<meta property=\"og:description\" content=\"Save on import costs with Festival Factory through Madagascar\u2019s DCD agreement with Australia. Enjoy duty-free apparel and costume shipments.\" \/>\n<meta property=\"og:url\" content=\"https:\/\/festival-factory.com\/it\/duty-free-shipping\/dcd-australia\/\" \/>\n<meta property=\"og:site_name\" content=\"Festival Factory Madagascar\" \/>\n<meta property=\"article:modified_time\" content=\"2025-07-18T15:14:47+00:00\" \/>\n<meta name=\"twitter:card\" content=\"summary_large_image\" \/>\n<meta name=\"twitter:label1\" content=\"Tempo di lettura stimato\" \/>\n\t<meta name=\"twitter:data1\" content=\"2 minuti\" \/>\n<script type=\"application\/ld+json\" class=\"yoast-schema-graph\">{\"@context\":\"https:\\\/\\\/schema.org\",\"@graph\":[{\"@type\":\"WebPage\",\"@id\":\"https:\\\/\\\/festival-factory.com\\\/duty-free-shipping\\\/dcd-australia\\\/\",\"url\":\"https:\\\/\\\/festival-factory.com\\\/duty-free-shipping\\\/dcd-australia\\\/\",\"name\":\"DCD Agreement \u2013 Affordable Imports to Australia from Madagascar\",\"isPartOf\":{\"@id\":\"https:\\\/\\\/festival-factory.com\\\/#website\"},\"datePublished\":\"2025-07-18T14:46:21+00:00\",\"dateModified\":\"2025-07-18T15:14:47+00:00\",\"description\":\"Save on import costs with Festival Factory through Madagascar\u2019s DCD agreement with Australia. Enjoy duty-free apparel and costume shipments.\",\"breadcrumb\":{\"@id\":\"https:\\\/\\\/festival-factory.com\\\/duty-free-shipping\\\/dcd-australia\\\/#breadcrumb\"},\"inLanguage\":\"it-IT\",\"potentialAction\":[{\"@type\":\"ReadAction\",\"target\":[\"https:\\\/\\\/festival-factory.com\\\/duty-free-shipping\\\/dcd-australia\\\/\"]}]},{\"@type\":\"BreadcrumbList\",\"@id\":\"https:\\\/\\\/festival-factory.com\\\/duty-free-shipping\\\/dcd-australia\\\/#breadcrumb\",\"itemListElement\":[{\"@type\":\"ListItem\",\"position\":1,\"name\":\"Home\",\"item\":\"https:\\\/\\\/festival-factory.com\\\/\"},{\"@type\":\"ListItem\",\"position\":2,\"name\":\"Duty-Free Shipping from Madagascar\",\"item\":\"https:\\\/\\\/festival-factory.com\\\/duty-free-shipping\\\/\"},{\"@type\":\"ListItem\",\"position\":3,\"name\":\"DCD \u2013 Duty-Free Shipping to Australia\"}]},{\"@type\":\"WebSite\",\"@id\":\"https:\\\/\\\/festival-factory.com\\\/#website\",\"url\":\"https:\\\/\\\/festival-factory.com\\\/\",\"name\":\"Festival Factory Madagascar\",\"description\":\"Manufacturing apparel &amp; Costumes with decades of experience\",\"publisher\":{\"@id\":\"https:\\\/\\\/festival-factory.com\\\/#organization\"},\"potentialAction\":[{\"@type\":\"SearchAction\",\"target\":{\"@type\":\"EntryPoint\",\"urlTemplate\":\"https:\\\/\\\/festival-factory.com\\\/?s={search_term_string}\"},\"query-input\":{\"@type\":\"PropertyValueSpecification\",\"valueRequired\":true,\"valueName\":\"search_term_string\"}}],\"inLanguage\":\"it-IT\"},{\"@type\":\"Organization\",\"@id\":\"https:\\\/\\\/festival-factory.com\\\/#organization\",\"name\":\"Festival Factory Madagascar\",\"url\":\"https:\\\/\\\/festival-factory.com\\\/\",\"logo\":{\"@type\":\"ImageObject\",\"inLanguage\":\"it-IT\",\"@id\":\"https:\\\/\\\/festival-factory.com\\\/#\\\/schema\\\/logo\\\/image\\\/\",\"url\":\"https:\\\/\\\/festival-factory.com\\\/wp-content\\\/uploads\\\/2025\\\/02\\\/Festival-Logo.png\",\"contentUrl\":\"https:\\\/\\\/festival-factory.com\\\/wp-content\\\/uploads\\\/2025\\\/02\\\/Festival-Logo.png\",\"width\":2000,\"height\":519,\"caption\":\"Festival Factory Madagascar\"},\"image\":{\"@id\":\"https:\\\/\\\/festival-factory.com\\\/#\\\/schema\\\/logo\\\/image\\\/\"}}]}<\/script>\n<!-- \/ Yoast SEO plugin. -->","yoast_head_json":{"title":"Accordo DCD - Importazioni a prezzi accessibili in Australia dal Madagascar","description":"Risparmiate sui costi di importazione con Festival Factory grazie all'accordo DCD del Madagascar con l'Australia. Usufruite di spedizioni di abbigliamento e costumi in esenzione doganale.","robots":{"index":"index","follow":"follow","max-snippet":"max-snippet:-1","max-image-preview":"max-image-preview:large","max-video-preview":"max-video-preview:-1"},"canonical":"https:\/\/festival-factory.com\/it\/duty-free-shipping\/dcd-australia\/","og_locale":"it_IT","og_type":"article","og_title":"DCD Agreement \u2013 Affordable Imports to Australia from Madagascar","og_description":"Save on import costs with Festival Factory through Madagascar\u2019s DCD agreement with Australia. Enjoy duty-free apparel and costume shipments.","og_url":"https:\/\/festival-factory.com\/it\/duty-free-shipping\/dcd-australia\/","og_site_name":"Festival Factory Madagascar","article_modified_time":"2025-07-18T15:14:47+00:00","twitter_card":"summary_large_image","twitter_misc":{"Tempo di lettura stimato":"2 minuti"},"schema":{"@context":"https:\/\/schema.org","@graph":[{"@type":"WebPage","@id":"https:\/\/festival-factory.com\/duty-free-shipping\/dcd-australia\/","url":"https:\/\/festival-factory.com\/duty-free-shipping\/dcd-australia\/","name":"Accordo DCD - Importazioni a prezzi accessibili in Australia dal Madagascar","isPartOf":{"@id":"https:\/\/festival-factory.com\/#website"},"datePublished":"2025-07-18T14:46:21+00:00","dateModified":"2025-07-18T15:14:47+00:00","description":"Risparmiate sui costi di importazione con Festival Factory grazie all'accordo DCD del Madagascar con l'Australia. Usufruite di spedizioni di abbigliamento e costumi in esenzione doganale.","breadcrumb":{"@id":"https:\/\/festival-factory.com\/duty-free-shipping\/dcd-australia\/#breadcrumb"},"inLanguage":"it-IT","potentialAction":[{"@type":"ReadAction","target":["https:\/\/festival-factory.com\/duty-free-shipping\/dcd-australia\/"]}]},{"@type":"BreadcrumbList","@id":"https:\/\/festival-factory.com\/duty-free-shipping\/dcd-australia\/#breadcrumb","itemListElement":[{"@type":"ListItem","position":1,"name":"Home","item":"https:\/\/festival-factory.com\/"},{"@type":"ListItem","position":2,"name":"Duty-Free Shipping from Madagascar","item":"https:\/\/festival-factory.com\/duty-free-shipping\/"},{"@type":"ListItem","position":3,"name":"DCD \u2013 Duty-Free Shipping to Australia"}]},{"@type":"WebSite","@id":"https:\/\/festival-factory.com\/#website","url":"https:\/\/festival-factory.com\/","name":"Festival Factory Madagascar","description":"Produzione di abbigliamento e costumi con esperienza decennale","publisher":{"@id":"https:\/\/festival-factory.com\/#organization"},"potentialAction":[{"@type":"SearchAction","target":{"@type":"EntryPoint","urlTemplate":"https:\/\/festival-factory.com\/?s={search_term_string}"},"query-input":{"@type":"PropertyValueSpecification","valueRequired":true,"valueName":"search_term_string"}}],"inLanguage":"it-IT"},{"@type":"Organization","@id":"https:\/\/festival-factory.com\/#organization","name":"Festival Factory Madagascar","url":"https:\/\/festival-factory.com\/","logo":{"@type":"ImageObject","inLanguage":"it-IT","@id":"https:\/\/festival-factory.com\/#\/schema\/logo\/image\/","url":"https:\/\/festival-factory.com\/wp-content\/uploads\/2025\/02\/Festival-Logo.png","contentUrl":"https:\/\/festival-factory.com\/wp-content\/uploads\/2025\/02\/Festival-Logo.png","width":2000,"height":519,"caption":"Festival Factory Madagascar"},"image":{"@id":"https:\/\/festival-factory.com\/#\/schema\/logo\/image\/"}}]}},"_links":{"self":[{"href":"https:\/\/festival-factory.com\/it\/wp-json\/wp\/v2\/pages\/3920","targetHints":{"allow":["GET"]}}],"collection":[{"href":"https:\/\/festival-factory.com\/it\/wp-json\/wp\/v2\/pages"}],"about":[{"href":"https:\/\/festival-factory.com\/it\/wp-json\/wp\/v2\/types\/page"}],"author":[{"embeddable":true,"href":"https:\/\/festival-factory.com\/it\/wp-json\/wp\/v2\/users\/2"}],"replies":[{"embeddable":true,"href":"https:\/\/festival-factory.com\/it\/wp-json\/wp\/v2\/comments?post=3920"}],"version-history":[{"count":4,"href":"https:\/\/festival-factory.com\/it\/wp-json\/wp\/v2\/pages\/3920\/revisions"}],"predecessor-version":[{"id":3936,"href":"https:\/\/festival-factory.com\/it\/wp-json\/wp\/v2\/pages\/3920\/revisions\/3936"}],"up":[{"embeddable":true,"href":"https:\/\/festival-factory.com\/it\/wp-json\/wp\/v2\/pages\/3512"}],"wp:attachment":[{"href":"https:\/\/festival-factory.com\/it\/wp-json\/wp\/v2\/media?parent=3920"}],"curies":[{"name":"wp","href":"https:\/\/api.w.org\/{rel}","templated":true}]}}