{"id":3415,"date":"2025-02-12T15:08:17","date_gmt":"2025-02-12T15:08:17","guid":{"rendered":"https:\/\/festival-factory.com\/?page_id=3415"},"modified":"2025-06-24T09:12:54","modified_gmt":"2025-06-24T09:12:54","slug":"fabric-warehouse","status":"publish","type":"page","link":"https:\/\/festival-factory.com\/pt\/fabric-warehouse\/","title":{"rendered":"Armaz\u00e9m de tecidos"},"content":{"rendered":"<div class=\"fusion-fullwidth fullwidth-box fusion-builder-row-1 fusion-flex-container has-pattern-background has-mask-background nonhundred-percent-fullwidth non-hundred-percent-height-scrolling\" style=\"--awb-border-radius-top-left:0px;--awb-border-radius-top-right:0px;--awb-border-radius-bottom-right:0px;--awb-border-radius-bottom-left:0px;--awb-flex-wrap:wrap;\" ><div class=\"fusion-builder-row fusion-row fusion-flex-align-items-flex-start fusion-flex-content-wrap\" style=\"max-width:1372.8px;margin-left: calc(-4% \/ 2 );margin-right: calc(-4% \/ 2 );\"><div class=\"fusion-layout-column fusion_builder_column fusion-builder-column-0 fusion_builder_column_1_1 1_1 fusion-flex-column\" style=\"--awb-bg-size:cover;--awb-width-large:100%;--awb-margin-top-large:0px;--awb-spacing-right-large:1.92%;--awb-margin-bottom-large:20px;--awb-spacing-left-large:1.92%;--awb-width-medium:100%;--awb-order-medium:0;--awb-spacing-right-medium:1.92%;--awb-spacing-left-medium:1.92%;--awb-width-small:100%;--awb-order-small:0;--awb-spacing-right-small:1.92%;--awb-spacing-left-small:1.92%;\"><div class=\"fusion-column-wrapper fusion-column-has-shadow fusion-flex-justify-content-flex-start fusion-content-layout-column\"><div class=\"fusion-text fusion-text-1\"><p><span style=\"color: var(--awb-text-color); font-family: var(--awb-text-font-family); font-size: var(--awb-font-size); font-style: var(--awb-text-font-style); font-weight: var(--awb-text-font-weight); letter-spacing: var(--awb-letter-spacing); text-align: var(--awb-content-alignment); text-transform: var(--awb-text-transform); background-color: var(--awb-bg-color);\">O nosso armaz\u00e9m de tecidos e acess\u00f3rios em Madag\u00e1scar est\u00e1 totalmente abastecido com uma grande variedade de cores, padr\u00f5es e desenhos, oferecendo-lhe possibilidades infinitas para a produ\u00e7\u00e3o de vestu\u00e1rio e fatos personalizados.<\/span><\/p>\n<p>Com um armaz\u00e9m de tecidos bem organizado no local, reduzimos significativamente os prazos de entrega, garantindo um processo de produ\u00e7\u00e3o mais r\u00e1pido e eficiente para os nossos clientes.<\/p>\n<p>Ao utilizar os nossos tecidos e acabamentos de alta qualidade, fornecemos total rastreabilidade e acompanhamento em cada etapa do processo de produ\u00e7\u00e3o, dando-lhe total transpar\u00eancia e confian\u00e7a na qualidade e no prazo das suas encomendas.<\/p>\n<\/div><\/div><\/div><\/div><\/div>","protected":false},"excerpt":{"rendered":"","protected":false},"author":1,"featured_media":0,"parent":0,"menu_order":0,"comment_status":"closed","ping_status":"closed","template":"100-width.php","meta":{"_acf_changed":false,"footnotes":""},"class_list":["post-3415","page","type-page","status-publish","hentry"],"acf":[],"yoast_head":"<!-- This site is optimized with the Yoast SEO plugin v27.4 - https:\/\/yoast.com\/product\/yoast-seo-wordpress\/ -->\n<title>Fabric Warehouse - Festival Factory Madagascar<\/title>\n<meta name=\"description\" content=\"Explore Festival Factory\u2019s 2,600\u202fm\u00b2 fabric warehouse\u2014bulk fabric, trims &amp; accessories in stock, enabling fast sample creation and efficient production.\" \/>\n<meta name=\"robots\" content=\"index, follow, max-snippet:-1, max-image-preview:large, max-video-preview:-1\" \/>\n<link rel=\"canonical\" href=\"https:\/\/festival-factory.com\/pt\/fabric-warehouse\/\" \/>\n<meta property=\"og:locale\" content=\"pt_PT\" \/>\n<meta property=\"og:type\" content=\"article\" \/>\n<meta property=\"og:title\" content=\"Fabric Warehouse - Festival Factory Madagascar\" \/>\n<meta property=\"og:description\" content=\"Explore Festival Factory\u2019s 2,600\u202fm\u00b2 fabric warehouse\u2014bulk fabric, trims &amp; accessories in stock, enabling fast sample creation and efficient production.\" \/>\n<meta property=\"og:url\" content=\"https:\/\/festival-factory.com\/pt\/fabric-warehouse\/\" \/>\n<meta property=\"og:site_name\" content=\"Festival Factory Madagascar\" \/>\n<meta property=\"article:modified_time\" content=\"2025-06-24T09:12:54+00:00\" \/>\n<meta name=\"twitter:card\" content=\"summary_large_image\" \/>\n<meta name=\"twitter:label1\" content=\"Tempo estimado de leitura\" \/>\n\t<meta name=\"twitter:data1\" content=\"1 minuto\" \/>\n<script type=\"application\/ld+json\" class=\"yoast-schema-graph\">{\"@context\":\"https:\\\/\\\/schema.org\",\"@graph\":[{\"@type\":\"WebPage\",\"@id\":\"https:\\\/\\\/festival-factory.com\\\/fabric-warehouse\\\/\",\"url\":\"https:\\\/\\\/festival-factory.com\\\/fabric-warehouse\\\/\",\"name\":\"Fabric Warehouse - Festival Factory Madagascar\",\"isPartOf\":{\"@id\":\"https:\\\/\\\/festival-factory.com\\\/#website\"},\"datePublished\":\"2025-02-12T15:08:17+00:00\",\"dateModified\":\"2025-06-24T09:12:54+00:00\",\"description\":\"Explore Festival Factory\u2019s 2,600\u202fm\u00b2 fabric warehouse\u2014bulk fabric, trims & accessories in stock, enabling fast sample creation and efficient production.\",\"breadcrumb\":{\"@id\":\"https:\\\/\\\/festival-factory.com\\\/fabric-warehouse\\\/#breadcrumb\"},\"inLanguage\":\"pt-PT\",\"potentialAction\":[{\"@type\":\"ReadAction\",\"target\":[\"https:\\\/\\\/festival-factory.com\\\/fabric-warehouse\\\/\"]}]},{\"@type\":\"BreadcrumbList\",\"@id\":\"https:\\\/\\\/festival-factory.com\\\/fabric-warehouse\\\/#breadcrumb\",\"itemListElement\":[{\"@type\":\"ListItem\",\"position\":1,\"name\":\"Home\",\"item\":\"https:\\\/\\\/festival-factory.com\\\/\"},{\"@type\":\"ListItem\",\"position\":2,\"name\":\"Fabric Warehouse\"}]},{\"@type\":\"WebSite\",\"@id\":\"https:\\\/\\\/festival-factory.com\\\/#website\",\"url\":\"https:\\\/\\\/festival-factory.com\\\/\",\"name\":\"Festival Factory Madagascar\",\"description\":\"Manufacturing apparel &amp; Costumes with decades of experience\",\"publisher\":{\"@id\":\"https:\\\/\\\/festival-factory.com\\\/#organization\"},\"potentialAction\":[{\"@type\":\"SearchAction\",\"target\":{\"@type\":\"EntryPoint\",\"urlTemplate\":\"https:\\\/\\\/festival-factory.com\\\/?s={search_term_string}\"},\"query-input\":{\"@type\":\"PropertyValueSpecification\",\"valueRequired\":true,\"valueName\":\"search_term_string\"}}],\"inLanguage\":\"pt-PT\"},{\"@type\":\"Organization\",\"@id\":\"https:\\\/\\\/festival-factory.com\\\/#organization\",\"name\":\"Festival Factory Madagascar\",\"url\":\"https:\\\/\\\/festival-factory.com\\\/\",\"logo\":{\"@type\":\"ImageObject\",\"inLanguage\":\"pt-PT\",\"@id\":\"https:\\\/\\\/festival-factory.com\\\/#\\\/schema\\\/logo\\\/image\\\/\",\"url\":\"https:\\\/\\\/festival-factory.com\\\/wp-content\\\/uploads\\\/2025\\\/02\\\/Festival-Logo.png\",\"contentUrl\":\"https:\\\/\\\/festival-factory.com\\\/wp-content\\\/uploads\\\/2025\\\/02\\\/Festival-Logo.png\",\"width\":2000,\"height\":519,\"caption\":\"Festival Factory Madagascar\"},\"image\":{\"@id\":\"https:\\\/\\\/festival-factory.com\\\/#\\\/schema\\\/logo\\\/image\\\/\"}}]}<\/script>\n<!-- \/ Yoast SEO plugin. -->","yoast_head_json":{"title":"Armaz\u00e9m de tecidos - Festival Factory Madag\u00e1scar","description":"Explore o armaz\u00e9m de tecidos de 2600 m\u00b2 da Festival Factory - tecidos a granel, acabamentos e acess\u00f3rios em stock, permitindo a cria\u00e7\u00e3o r\u00e1pida de amostras e uma produ\u00e7\u00e3o eficiente.","robots":{"index":"index","follow":"follow","max-snippet":"max-snippet:-1","max-image-preview":"max-image-preview:large","max-video-preview":"max-video-preview:-1"},"canonical":"https:\/\/festival-factory.com\/pt\/fabric-warehouse\/","og_locale":"pt_PT","og_type":"article","og_title":"Fabric Warehouse - Festival Factory Madagascar","og_description":"Explore Festival Factory\u2019s 2,600\u202fm\u00b2 fabric warehouse\u2014bulk fabric, trims & accessories in stock, enabling fast sample creation and efficient production.","og_url":"https:\/\/festival-factory.com\/pt\/fabric-warehouse\/","og_site_name":"Festival Factory Madagascar","article_modified_time":"2025-06-24T09:12:54+00:00","twitter_card":"summary_large_image","twitter_misc":{"Tempo estimado de leitura":"1 minuto"},"schema":{"@context":"https:\/\/schema.org","@graph":[{"@type":"WebPage","@id":"https:\/\/festival-factory.com\/fabric-warehouse\/","url":"https:\/\/festival-factory.com\/fabric-warehouse\/","name":"Armaz\u00e9m de tecidos - Festival Factory Madag\u00e1scar","isPartOf":{"@id":"https:\/\/festival-factory.com\/#website"},"datePublished":"2025-02-12T15:08:17+00:00","dateModified":"2025-06-24T09:12:54+00:00","description":"Explore o armaz\u00e9m de tecidos de 2600 m\u00b2 da Festival Factory - tecidos a granel, acabamentos e acess\u00f3rios em stock, permitindo a cria\u00e7\u00e3o r\u00e1pida de amostras e uma produ\u00e7\u00e3o eficiente.","breadcrumb":{"@id":"https:\/\/festival-factory.com\/fabric-warehouse\/#breadcrumb"},"inLanguage":"pt-PT","potentialAction":[{"@type":"ReadAction","target":["https:\/\/festival-factory.com\/fabric-warehouse\/"]}]},{"@type":"BreadcrumbList","@id":"https:\/\/festival-factory.com\/fabric-warehouse\/#breadcrumb","itemListElement":[{"@type":"ListItem","position":1,"name":"Home","item":"https:\/\/festival-factory.com\/"},{"@type":"ListItem","position":2,"name":"Fabric Warehouse"}]},{"@type":"WebSite","@id":"https:\/\/festival-factory.com\/#website","url":"https:\/\/festival-factory.com\/","name":"Festival Factory Madag\u00e1scar","description":"Fabrico de vestu\u00e1rio e fatos com d\u00e9cadas de experi\u00eancia","publisher":{"@id":"https:\/\/festival-factory.com\/#organization"},"potentialAction":[{"@type":"SearchAction","target":{"@type":"EntryPoint","urlTemplate":"https:\/\/festival-factory.com\/?s={search_term_string}"},"query-input":{"@type":"PropertyValueSpecification","valueRequired":true,"valueName":"search_term_string"}}],"inLanguage":"pt-PT"},{"@type":"Organization","@id":"https:\/\/festival-factory.com\/#organization","name":"Festival Factory Madag\u00e1scar","url":"https:\/\/festival-factory.com\/","logo":{"@type":"ImageObject","inLanguage":"pt-PT","@id":"https:\/\/festival-factory.com\/#\/schema\/logo\/image\/","url":"https:\/\/festival-factory.com\/wp-content\/uploads\/2025\/02\/Festival-Logo.png","contentUrl":"https:\/\/festival-factory.com\/wp-content\/uploads\/2025\/02\/Festival-Logo.png","width":2000,"height":519,"caption":"Festival Factory Madagascar"},"image":{"@id":"https:\/\/festival-factory.com\/#\/schema\/logo\/image\/"}}]}},"_links":{"self":[{"href":"https:\/\/festival-factory.com\/pt\/wp-json\/wp\/v2\/pages\/3415","targetHints":{"allow":["GET"]}}],"collection":[{"href":"https:\/\/festival-factory.com\/pt\/wp-json\/wp\/v2\/pages"}],"about":[{"href":"https:\/\/festival-factory.com\/pt\/wp-json\/wp\/v2\/types\/page"}],"author":[{"embeddable":true,"href":"https:\/\/festival-factory.com\/pt\/wp-json\/wp\/v2\/users\/1"}],"replies":[{"embeddable":true,"href":"https:\/\/festival-factory.com\/pt\/wp-json\/wp\/v2\/comments?post=3415"}],"version-history":[{"count":8,"href":"https:\/\/festival-factory.com\/pt\/wp-json\/wp\/v2\/pages\/3415\/revisions"}],"predecessor-version":[{"id":3818,"href":"https:\/\/festival-factory.com\/pt\/wp-json\/wp\/v2\/pages\/3415\/revisions\/3818"}],"wp:attachment":[{"href":"https:\/\/festival-factory.com\/pt\/wp-json\/wp\/v2\/media?parent=3415"}],"curies":[{"name":"wp","href":"https:\/\/api.w.org\/{rel}","templated":true}]}}