{"id":3606,"date":"2025-04-01T15:10:06","date_gmt":"2025-04-01T15:10:06","guid":{"rendered":"https:\/\/festival-factory.com\/?page_id=3606"},"modified":"2025-06-24T09:10:21","modified_gmt":"2025-06-24T09:10:21","slug":"employee-welfare","status":"publish","type":"page","link":"https:\/\/festival-factory.com\/pt\/employee-welfare\/","title":{"rendered":"Bem-estar dos trabalhadores"},"content":{"rendered":"<div class=\"fusion-fullwidth fullwidth-box fusion-builder-row-1 fusion-flex-container has-pattern-background has-mask-background nonhundred-percent-fullwidth non-hundred-percent-height-scrolling\" style=\"--awb-border-radius-top-left:0px;--awb-border-radius-top-right:0px;--awb-border-radius-bottom-right:0px;--awb-border-radius-bottom-left:0px;--awb-flex-wrap:wrap;\" ><div class=\"fusion-builder-row fusion-row fusion-flex-align-items-flex-start fusion-flex-content-wrap\" style=\"max-width:1372.8px;margin-left: calc(-4% \/ 2 );margin-right: calc(-4% \/ 2 );\"><div class=\"fusion-layout-column fusion_builder_column fusion-builder-column-0 fusion_builder_column_1_1 1_1 fusion-flex-column\" style=\"--awb-bg-size:cover;--awb-width-large:100%;--awb-margin-top-large:0px;--awb-spacing-right-large:1.92%;--awb-margin-bottom-large:20px;--awb-spacing-left-large:1.92%;--awb-width-medium:100%;--awb-order-medium:0;--awb-spacing-right-medium:1.92%;--awb-spacing-left-medium:1.92%;--awb-width-small:100%;--awb-order-small:0;--awb-spacing-right-small:1.92%;--awb-spacing-left-small:1.92%;\"><div class=\"fusion-column-wrapper fusion-column-has-shadow fusion-flex-justify-content-flex-start fusion-content-layout-column\"><div class=\"fusion-text fusion-text-1\"><h3 class=\"\" data-start=\"233\" data-end=\"298\"><strong data-start=\"237\" data-end=\"298\">Actividades de Team Building para promover uma colabora\u00e7\u00e3o mais forte<\/strong><\/h3>\n<p class=\"\" data-start=\"299\" data-end=\"853\">Na Festival Factory, damos prioridade \u00e0 cria\u00e7\u00e3o de uma for\u00e7a de trabalho forte e coesa. Para o conseguir, organizamos anualmente <strong data-start=\"412\" data-end=\"451\">eventos e actividades de team-building<\/strong> que incentivam a colabora\u00e7\u00e3o e promovem um ambiente de trabalho positivo. Estes eventos s\u00e3o concebidos n\u00e3o s\u00f3 para refor\u00e7ar as rela\u00e7\u00f5es entre os funcion\u00e1rios, mas tamb\u00e9m para melhorar o esp\u00edrito de equipa, a produtividade e a moral em geral. Acreditamos que uma equipa unida \u00e9 a base de uma organiza\u00e7\u00e3o bem sucedida, e os nossos <strong data-start=\"754\" data-end=\"789\">iniciativas de envolvimento dos trabalhadores<\/strong> garantir que o nosso pessoal se mant\u00e9m motivado, concentrado e inspirado.<\/p>\n<h3 class=\"\" data-start=\"956\" data-end=\"1004\"><strong data-start=\"960\" data-end=\"1004\">Programa de reconhecimento do funcion\u00e1rio do ano<\/strong><\/h3>\n<p class=\"\" data-start=\"1005\" data-end=\"1598\">O nosso compromisso com a excel\u00eancia reflecte-se no reconhecimento e nas recompensas que oferecemos aos nossos funcion\u00e1rios dedicados. Todos os anos, homenageamos pessoas excepcionais e <strong data-start=\"1163\" data-end=\"1183\">linhas de produ\u00e7\u00e3o<\/strong> atrav\u00e9s da nossa <strong data-start=\"1196\" data-end=\"1220\">Empregado do Ano<\/strong> pr\u00e9mios. Este programa reconhece o desempenho excecional, a elevada assiduidade e a produ\u00e7\u00e3o de <strong data-start=\"1317\" data-end=\"1342\">produtos de alta qualidade<\/strong>. Ao recompensar a dedica\u00e7\u00e3o e o empenho, motivamos os nossos funcion\u00e1rios a manter os padr\u00f5es mais elevados, a trabalhar de forma eficiente e a contribuir para o sucesso da nossa empresa. Este reconhecimento tamb\u00e9m refor\u00e7a a nossa cren\u00e7a na promo\u00e7\u00e3o de uma cultura de sucesso e excel\u00eancia.<\/p>\n<h3 class=\"\" data-start=\"1730\" data-end=\"1784\"><strong data-start=\"1734\" data-end=\"1784\">Sa\u00fade e bem-estar no local com cl\u00ednica interna<\/strong><\/h3>\n<p class=\"\" data-start=\"1785\" data-end=\"2364\">A sa\u00fade e o bem-estar dos nossos funcion\u00e1rios s\u00e3o fundamentais para as nossas opera\u00e7\u00f5es na F\u00e1brica do Festival. Para apoiar a nossa for\u00e7a de trabalho, oferecemos um <strong data-start=\"1917\" data-end=\"1936\">cl\u00ednica interna<\/strong>O centro de sa\u00fade \u00e9 um centro de sa\u00fade de refer\u00eancia, que conta diariamente com a presen\u00e7a de profissionais de sa\u00fade qualificados. Esta instala\u00e7\u00e3o est\u00e1 dispon\u00edvel para todos os empregados, assegurando que t\u00eam acesso a servi\u00e7os de sa\u00fade essenciais quando necess\u00e1rio. A cl\u00ednica desempenha um papel crucial na manuten\u00e7\u00e3o de uma for\u00e7a de trabalho saud\u00e1vel, respondendo prontamente a preocupa\u00e7\u00f5es m\u00e9dicas e contribuindo para a satisfa\u00e7\u00e3o e produtividade geral dos funcion\u00e1rios. Na Festival Factory, acreditamos que um funcion\u00e1rio saud\u00e1vel \u00e9 um funcion\u00e1rio feliz e produtivo.<\/p>\n<h3 class=\"\" data-start=\"2470\" data-end=\"2526\"><strong data-start=\"2474\" data-end=\"2526\">Cantina di\u00e1ria nutritiva para o bem-estar dos empregados<\/strong><\/h3>\n<p class=\"\" data-start=\"2527\" data-end=\"3073\">Na Festival Factory, acreditamos que um colaborador bem alimentado \u00e9 um colaborador produtivo. Para apoiar o bem-estar da nossa equipa, disponibilizamos um <strong data-start=\"2652\" data-end=\"2667\">almo\u00e7o di\u00e1rio<\/strong> a todos os empregados atrav\u00e9s da nossa cantina no local. Estamos empenhados em manter elevados padr\u00f5es de qualidade alimentar e as instala\u00e7\u00f5es da nossa cantina s\u00e3o regularmente testadas para garantir que a comida e a \u00e1gua cumprem os mais elevados padr\u00f5es de higiene e nutri\u00e7\u00e3o. O fornecimento de refei\u00e7\u00f5es nutritivas n\u00e3o s\u00f3 contribui para uma for\u00e7a de trabalho mais saud\u00e1vel, como tamb\u00e9m assegura que os nossos funcion\u00e1rios se mant\u00eam energizados e concentrados durante todo o dia de trabalho.<\/p>\n<\/div><\/div><\/div><\/div><\/div>","protected":false},"excerpt":{"rendered":"","protected":false},"author":2,"featured_media":0,"parent":0,"menu_order":0,"comment_status":"closed","ping_status":"closed","template":"100-width.php","meta":{"_acf_changed":false,"footnotes":""},"class_list":["post-3606","page","type-page","status-publish","hentry"],"acf":[],"yoast_head":"<!-- This site is optimized with the Yoast SEO plugin v27.4 - https:\/\/yoast.com\/product\/yoast-seo-wordpress\/ -->\n<title>Employee Welfare - Festival Factory Madagascar<\/title>\n<meta name=\"description\" content=\"Discover Festival Factory\u2019s employee-first approach: mental health support, fair benefits, safe workplaces, regular wellness programs and staff growth initiatives.\" \/>\n<meta name=\"robots\" content=\"index, follow, max-snippet:-1, max-image-preview:large, max-video-preview:-1\" \/>\n<link rel=\"canonical\" href=\"https:\/\/festival-factory.com\/pt\/employee-welfare\/\" \/>\n<meta property=\"og:locale\" content=\"pt_PT\" \/>\n<meta property=\"og:type\" content=\"article\" \/>\n<meta property=\"og:title\" content=\"Employee Welfare - Festival Factory Madagascar\" \/>\n<meta property=\"og:description\" content=\"Discover Festival Factory\u2019s employee-first approach: mental health support, fair benefits, safe workplaces, regular wellness programs and staff growth initiatives.\" \/>\n<meta property=\"og:url\" content=\"https:\/\/festival-factory.com\/pt\/employee-welfare\/\" \/>\n<meta property=\"og:site_name\" content=\"Festival Factory Madagascar\" \/>\n<meta property=\"article:modified_time\" content=\"2025-06-24T09:10:21+00:00\" \/>\n<meta name=\"twitter:card\" content=\"summary_large_image\" \/>\n<meta name=\"twitter:label1\" content=\"Tempo estimado de leitura\" \/>\n\t<meta name=\"twitter:data1\" content=\"2 minutos\" \/>\n<script type=\"application\/ld+json\" class=\"yoast-schema-graph\">{\"@context\":\"https:\\\/\\\/schema.org\",\"@graph\":[{\"@type\":\"WebPage\",\"@id\":\"https:\\\/\\\/festival-factory.com\\\/employee-welfare\\\/\",\"url\":\"https:\\\/\\\/festival-factory.com\\\/employee-welfare\\\/\",\"name\":\"Employee Welfare - Festival Factory Madagascar\",\"isPartOf\":{\"@id\":\"https:\\\/\\\/festival-factory.com\\\/#website\"},\"datePublished\":\"2025-04-01T15:10:06+00:00\",\"dateModified\":\"2025-06-24T09:10:21+00:00\",\"description\":\"Discover Festival Factory\u2019s employee-first approach: mental health support, fair benefits, safe workplaces, regular wellness programs and staff growth initiatives.\",\"breadcrumb\":{\"@id\":\"https:\\\/\\\/festival-factory.com\\\/employee-welfare\\\/#breadcrumb\"},\"inLanguage\":\"pt-PT\",\"potentialAction\":[{\"@type\":\"ReadAction\",\"target\":[\"https:\\\/\\\/festival-factory.com\\\/employee-welfare\\\/\"]}]},{\"@type\":\"BreadcrumbList\",\"@id\":\"https:\\\/\\\/festival-factory.com\\\/employee-welfare\\\/#breadcrumb\",\"itemListElement\":[{\"@type\":\"ListItem\",\"position\":1,\"name\":\"Home\",\"item\":\"https:\\\/\\\/festival-factory.com\\\/\"},{\"@type\":\"ListItem\",\"position\":2,\"name\":\"Employee Welfare\"}]},{\"@type\":\"WebSite\",\"@id\":\"https:\\\/\\\/festival-factory.com\\\/#website\",\"url\":\"https:\\\/\\\/festival-factory.com\\\/\",\"name\":\"Festival Factory Madagascar\",\"description\":\"Manufacturing apparel &amp; Costumes with decades of experience\",\"publisher\":{\"@id\":\"https:\\\/\\\/festival-factory.com\\\/#organization\"},\"potentialAction\":[{\"@type\":\"SearchAction\",\"target\":{\"@type\":\"EntryPoint\",\"urlTemplate\":\"https:\\\/\\\/festival-factory.com\\\/?s={search_term_string}\"},\"query-input\":{\"@type\":\"PropertyValueSpecification\",\"valueRequired\":true,\"valueName\":\"search_term_string\"}}],\"inLanguage\":\"pt-PT\"},{\"@type\":\"Organization\",\"@id\":\"https:\\\/\\\/festival-factory.com\\\/#organization\",\"name\":\"Festival Factory Madagascar\",\"url\":\"https:\\\/\\\/festival-factory.com\\\/\",\"logo\":{\"@type\":\"ImageObject\",\"inLanguage\":\"pt-PT\",\"@id\":\"https:\\\/\\\/festival-factory.com\\\/#\\\/schema\\\/logo\\\/image\\\/\",\"url\":\"https:\\\/\\\/festival-factory.com\\\/wp-content\\\/uploads\\\/2025\\\/02\\\/Festival-Logo.png\",\"contentUrl\":\"https:\\\/\\\/festival-factory.com\\\/wp-content\\\/uploads\\\/2025\\\/02\\\/Festival-Logo.png\",\"width\":2000,\"height\":519,\"caption\":\"Festival Factory Madagascar\"},\"image\":{\"@id\":\"https:\\\/\\\/festival-factory.com\\\/#\\\/schema\\\/logo\\\/image\\\/\"}}]}<\/script>\n<!-- \/ Yoast SEO plugin. -->","yoast_head_json":{"title":"Bem-estar dos trabalhadores - Festival Factory Madag\u00e1scar","description":"Descubra a abordagem da F\u00e1brica do Festival que coloca os funcion\u00e1rios em primeiro lugar: apoio \u00e0 sa\u00fade mental, benef\u00edcios justos, locais de trabalho seguros, programas regulares de bem-estar e iniciativas de crescimento do pessoal.","robots":{"index":"index","follow":"follow","max-snippet":"max-snippet:-1","max-image-preview":"max-image-preview:large","max-video-preview":"max-video-preview:-1"},"canonical":"https:\/\/festival-factory.com\/pt\/employee-welfare\/","og_locale":"pt_PT","og_type":"article","og_title":"Employee Welfare - Festival Factory Madagascar","og_description":"Discover Festival Factory\u2019s employee-first approach: mental health support, fair benefits, safe workplaces, regular wellness programs and staff growth initiatives.","og_url":"https:\/\/festival-factory.com\/pt\/employee-welfare\/","og_site_name":"Festival Factory Madagascar","article_modified_time":"2025-06-24T09:10:21+00:00","twitter_card":"summary_large_image","twitter_misc":{"Tempo estimado de leitura":"2 minutos"},"schema":{"@context":"https:\/\/schema.org","@graph":[{"@type":"WebPage","@id":"https:\/\/festival-factory.com\/employee-welfare\/","url":"https:\/\/festival-factory.com\/employee-welfare\/","name":"Bem-estar dos trabalhadores - Festival Factory Madag\u00e1scar","isPartOf":{"@id":"https:\/\/festival-factory.com\/#website"},"datePublished":"2025-04-01T15:10:06+00:00","dateModified":"2025-06-24T09:10:21+00:00","description":"Descubra a abordagem da F\u00e1brica do Festival que coloca os funcion\u00e1rios em primeiro lugar: apoio \u00e0 sa\u00fade mental, benef\u00edcios justos, locais de trabalho seguros, programas regulares de bem-estar e iniciativas de crescimento do pessoal.","breadcrumb":{"@id":"https:\/\/festival-factory.com\/employee-welfare\/#breadcrumb"},"inLanguage":"pt-PT","potentialAction":[{"@type":"ReadAction","target":["https:\/\/festival-factory.com\/employee-welfare\/"]}]},{"@type":"BreadcrumbList","@id":"https:\/\/festival-factory.com\/employee-welfare\/#breadcrumb","itemListElement":[{"@type":"ListItem","position":1,"name":"Home","item":"https:\/\/festival-factory.com\/"},{"@type":"ListItem","position":2,"name":"Employee Welfare"}]},{"@type":"WebSite","@id":"https:\/\/festival-factory.com\/#website","url":"https:\/\/festival-factory.com\/","name":"Festival Factory Madag\u00e1scar","description":"Fabrico de vestu\u00e1rio e fatos com d\u00e9cadas de experi\u00eancia","publisher":{"@id":"https:\/\/festival-factory.com\/#organization"},"potentialAction":[{"@type":"SearchAction","target":{"@type":"EntryPoint","urlTemplate":"https:\/\/festival-factory.com\/?s={search_term_string}"},"query-input":{"@type":"PropertyValueSpecification","valueRequired":true,"valueName":"search_term_string"}}],"inLanguage":"pt-PT"},{"@type":"Organization","@id":"https:\/\/festival-factory.com\/#organization","name":"Festival Factory Madag\u00e1scar","url":"https:\/\/festival-factory.com\/","logo":{"@type":"ImageObject","inLanguage":"pt-PT","@id":"https:\/\/festival-factory.com\/#\/schema\/logo\/image\/","url":"https:\/\/festival-factory.com\/wp-content\/uploads\/2025\/02\/Festival-Logo.png","contentUrl":"https:\/\/festival-factory.com\/wp-content\/uploads\/2025\/02\/Festival-Logo.png","width":2000,"height":519,"caption":"Festival Factory Madagascar"},"image":{"@id":"https:\/\/festival-factory.com\/#\/schema\/logo\/image\/"}}]}},"_links":{"self":[{"href":"https:\/\/festival-factory.com\/pt\/wp-json\/wp\/v2\/pages\/3606","targetHints":{"allow":["GET"]}}],"collection":[{"href":"https:\/\/festival-factory.com\/pt\/wp-json\/wp\/v2\/pages"}],"about":[{"href":"https:\/\/festival-factory.com\/pt\/wp-json\/wp\/v2\/types\/page"}],"author":[{"embeddable":true,"href":"https:\/\/festival-factory.com\/pt\/wp-json\/wp\/v2\/users\/2"}],"replies":[{"embeddable":true,"href":"https:\/\/festival-factory.com\/pt\/wp-json\/wp\/v2\/comments?post=3606"}],"version-history":[{"count":5,"href":"https:\/\/festival-factory.com\/pt\/wp-json\/wp\/v2\/pages\/3606\/revisions"}],"predecessor-version":[{"id":3817,"href":"https:\/\/festival-factory.com\/pt\/wp-json\/wp\/v2\/pages\/3606\/revisions\/3817"}],"wp:attachment":[{"href":"https:\/\/festival-factory.com\/pt\/wp-json\/wp\/v2\/media?parent=3606"}],"curies":[{"name":"wp","href":"https:\/\/api.w.org\/{rel}","templated":true}]}}