{"id":3608,"date":"2025-04-01T15:10:46","date_gmt":"2025-04-01T15:10:46","guid":{"rendered":"https:\/\/festival-factory.com\/?page_id=3608"},"modified":"2025-06-24T09:04:35","modified_gmt":"2025-06-24T09:04:35","slug":"community-projects","status":"publish","type":"page","link":"https:\/\/festival-factory.com\/pt\/community-projects\/","title":{"rendered":"Projectos comunit\u00e1rios"},"content":{"rendered":"<div class=\"fusion-fullwidth fullwidth-box fusion-builder-row-1 fusion-flex-container has-pattern-background has-mask-background nonhundred-percent-fullwidth non-hundred-percent-height-scrolling\" style=\"--awb-border-radius-top-left:0px;--awb-border-radius-top-right:0px;--awb-border-radius-bottom-right:0px;--awb-border-radius-bottom-left:0px;--awb-flex-wrap:wrap;\" ><div class=\"fusion-builder-row fusion-row fusion-flex-align-items-flex-start fusion-flex-content-wrap\" style=\"max-width:1372.8px;margin-left: calc(-4% \/ 2 );margin-right: calc(-4% \/ 2 );\"><div class=\"fusion-layout-column fusion_builder_column fusion-builder-column-0 fusion_builder_column_1_1 1_1 fusion-flex-column\" style=\"--awb-bg-size:cover;--awb-width-large:100%;--awb-margin-top-large:0px;--awb-spacing-right-large:1.92%;--awb-margin-bottom-large:20px;--awb-spacing-left-large:1.92%;--awb-width-medium:100%;--awb-order-medium:0;--awb-spacing-right-medium:1.92%;--awb-spacing-left-medium:1.92%;--awb-width-small:100%;--awb-order-small:0;--awb-spacing-right-small:1.92%;--awb-spacing-left-small:1.92%;\"><div class=\"fusion-column-wrapper fusion-column-has-shadow fusion-flex-justify-content-flex-start fusion-content-layout-column\"><div class=\"fusion-text fusion-text-1\"><h3 class=\"\" data-start=\"77\" data-end=\"137\"><strong data-start=\"81\" data-end=\"137\">Iniciativas de refloresta\u00e7\u00e3o para proteger o ambiente<\/strong><\/h3>\n<p class=\"\" data-start=\"138\" data-end=\"779\">Na Festival Factory, orgulhamo-nos do nosso empenho cont\u00ednuo em <strong data-start=\"202\" data-end=\"234\">sustentabilidade ambiental<\/strong>. Uma das nossas principais iniciativas \u00e9 a nossa <strong data-start=\"270\" data-end=\"304\">programa anual de planta\u00e7\u00e3o de \u00e1rvores<\/strong> em colabora\u00e7\u00e3o com o <strong data-start=\"331\" data-end=\"362\">Minist\u00e9rio do Ambiente<\/strong>. Todos os anos, envolvemos os nossos colaboradores na planta\u00e7\u00e3o e monitoriza\u00e7\u00e3o de \u00e1rvores, contribuindo para a recupera\u00e7\u00e3o de habitats naturais e ajudando a combater a desfloresta\u00e7\u00e3o. Em m\u00e9dia, <strong data-start=\"531\" data-end=\"558\">1.500 \u00e1rvores s\u00e3o plantadas<\/strong> anualmente, com uma not\u00e1vel <strong data-start=\"587\" data-end=\"608\">Taxa de sobreviv\u00eancia do 86%<\/strong> para as \u00e1rvores plantadas em 2024. Esta iniciativa \u00e9 apenas uma das formas de promovermos ativamente uma <strong data-start=\"702\" data-end=\"720\">futuro mais verde<\/strong> ao mesmo tempo que envolve a nossa equipa em ac\u00e7\u00f5es ambientais pr\u00e1ticas.<\/p>\n<h3 class=\"\" data-start=\"921\" data-end=\"972\"><strong data-start=\"925\" data-end=\"972\">Programa de reciclagem para reduzir os res\u00edduos da f\u00e1brica<\/strong><\/h3>\n<p class=\"\" data-start=\"973\" data-end=\"1590\">Como parte do nosso compromisso com a sustentabilidade, <strong data-start=\"1018\" data-end=\"1038\">F\u00e1brica de Festas<\/strong> implementou um programa global <strong data-start=\"1071\" data-end=\"1094\">programa de reciclagem<\/strong> com o objetivo de reduzir o nosso impacto ambiental. Asseguramos que todos os res\u00edduos da f\u00e1brica s\u00e3o corretamente separados e reciclados atrav\u00e9s de parcerias com v\u00e1rios <strong data-start=\"1239\" data-end=\"1281\">parceiros de reciclagem aprovados pelo governo<\/strong>. Esta iniciativa ajuda-nos a minimizar os res\u00edduos, a conservar os recursos e a contribuir para uma <strong data-start=\"1364\" data-end=\"1384\">economia circular<\/strong>A nossa empresa est\u00e1 empenhada em garantir que os nossos processos de produ\u00e7\u00e3o s\u00e3o t\u00e3o ecol\u00f3gicos quanto poss\u00edvel. Os nossos esfor\u00e7os de reciclagem s\u00e3o uma parte vital da nossa miss\u00e3o mais alargada de criar um processo de fabrico mais sustent\u00e1vel e respons\u00e1vel.<\/p>\n<h3 class=\"\" data-start=\"1721\" data-end=\"1781\"><strong data-start=\"1725\" data-end=\"1781\">Participa\u00e7\u00e3o dos empregados em eventos locais de corrida em trilhos<\/strong><\/h3>\n<p class=\"\" data-start=\"1782\" data-end=\"2314\">A Festival Factory orgulha-se de incentivar um estilo de vida ativo e saud\u00e1vel entre os seus funcion\u00e1rios. Todos os anos, uma equipa dos nossos dedicados funcion\u00e1rios participa no <strong data-start=\"1945\" data-end=\"1962\">Trail Running<\/strong> demonstrando o seu empenho na boa forma f\u00edsica e no trabalho de equipa. Em 2024, seis dos nossos colaboradores participaram na corrida, terminando no <strong data-start=\"2092\" data-end=\"2126\">65 melhores de 240 participantes<\/strong>-um verdadeiro testemunho da sua perseveran\u00e7a e dedica\u00e7\u00e3o. Este evento anual n\u00e3o s\u00f3 promove o bem-estar f\u00edsico, como tamb\u00e9m refor\u00e7a o sentido de comunidade e camaradagem entre o nosso pessoal.<\/p>\n<h3 class=\"\" data-start=\"2442\" data-end=\"2498\"><strong data-start=\"2446\" data-end=\"2498\">Cria\u00e7\u00e3o de parcerias comunit\u00e1rias s\u00f3lidas com as ONG<\/strong><\/h3>\n<p class=\"\" data-start=\"2499\" data-end=\"3097\">Na Festival Factory, acreditamos em retribuir \u00e0 comunidade que nos apoia. Orgulhamo-nos de fazer parcerias com <strong data-start=\"2616\" data-end=\"2657\">organiza\u00e7\u00f5es n\u00e3o governamentais (ONG)<\/strong> para ter um impacto positivo na regi\u00e3o. As nossas colabora\u00e7\u00f5es incluem o trabalho com <strong data-start=\"2739\" data-end=\"2763\">orfanatos, abrigos<\/strong>e o <strong data-start=\"2773\" data-end=\"2804\">Associa\u00e7\u00e3o de pessoas idosas<\/strong>, onde doamos regularmente artigos essenciais como <strong data-start=\"2853\" data-end=\"2901\">vestu\u00e1rio, uniformes, arroz, cobertores e brinquedos<\/strong>. Estas parcerias permitem-nos contribuir para o bem-estar dos mais necessitados, fortalecendo o tecido social da comunidade e refor\u00e7ando os nossos valores de compaix\u00e3o e responsabilidade social.<\/p>\n<\/div><\/div><\/div><\/div><\/div>","protected":false},"excerpt":{"rendered":"","protected":false},"author":2,"featured_media":0,"parent":0,"menu_order":0,"comment_status":"closed","ping_status":"closed","template":"100-width.php","meta":{"_acf_changed":false,"footnotes":""},"class_list":["post-3608","page","type-page","status-publish","hentry"],"acf":[],"yoast_head":"<!-- This site is optimized with the Yoast SEO plugin v27.4 - https:\/\/yoast.com\/product\/yoast-seo-wordpress\/ -->\n<title>Community Projects - Festival Factory Madagascar<\/title>\n<meta name=\"description\" content=\"Discover how Festival Factory supports communities through social impact initiatives, employee empowerment, and creative local partnerships\" \/>\n<meta name=\"robots\" content=\"index, follow, max-snippet:-1, max-image-preview:large, max-video-preview:-1\" \/>\n<link rel=\"canonical\" href=\"https:\/\/festival-factory.com\/pt\/community-projects\/\" \/>\n<meta property=\"og:locale\" content=\"pt_PT\" \/>\n<meta property=\"og:type\" content=\"article\" \/>\n<meta property=\"og:title\" content=\"Community Projects - Festival Factory Madagascar\" \/>\n<meta property=\"og:description\" content=\"Discover how Festival Factory supports communities through social impact initiatives, employee empowerment, and creative local partnerships\" \/>\n<meta property=\"og:url\" content=\"https:\/\/festival-factory.com\/pt\/community-projects\/\" \/>\n<meta property=\"og:site_name\" content=\"Festival Factory Madagascar\" \/>\n<meta property=\"article:modified_time\" content=\"2025-06-24T09:04:35+00:00\" \/>\n<meta name=\"twitter:card\" content=\"summary_large_image\" \/>\n<meta name=\"twitter:label1\" content=\"Tempo estimado de leitura\" \/>\n\t<meta name=\"twitter:data1\" content=\"2 minutos\" \/>\n<script type=\"application\/ld+json\" class=\"yoast-schema-graph\">{\"@context\":\"https:\\\/\\\/schema.org\",\"@graph\":[{\"@type\":\"WebPage\",\"@id\":\"https:\\\/\\\/festival-factory.com\\\/community-projects\\\/\",\"url\":\"https:\\\/\\\/festival-factory.com\\\/community-projects\\\/\",\"name\":\"Community Projects - Festival Factory Madagascar\",\"isPartOf\":{\"@id\":\"https:\\\/\\\/festival-factory.com\\\/#website\"},\"datePublished\":\"2025-04-01T15:10:46+00:00\",\"dateModified\":\"2025-06-24T09:04:35+00:00\",\"description\":\"Discover how Festival Factory supports communities through social impact initiatives, employee empowerment, and creative local partnerships\",\"breadcrumb\":{\"@id\":\"https:\\\/\\\/festival-factory.com\\\/community-projects\\\/#breadcrumb\"},\"inLanguage\":\"pt-PT\",\"potentialAction\":[{\"@type\":\"ReadAction\",\"target\":[\"https:\\\/\\\/festival-factory.com\\\/community-projects\\\/\"]}]},{\"@type\":\"BreadcrumbList\",\"@id\":\"https:\\\/\\\/festival-factory.com\\\/community-projects\\\/#breadcrumb\",\"itemListElement\":[{\"@type\":\"ListItem\",\"position\":1,\"name\":\"Home\",\"item\":\"https:\\\/\\\/festival-factory.com\\\/\"},{\"@type\":\"ListItem\",\"position\":2,\"name\":\"Community Projects\"}]},{\"@type\":\"WebSite\",\"@id\":\"https:\\\/\\\/festival-factory.com\\\/#website\",\"url\":\"https:\\\/\\\/festival-factory.com\\\/\",\"name\":\"Festival Factory Madagascar\",\"description\":\"Manufacturing apparel &amp; Costumes with decades of experience\",\"publisher\":{\"@id\":\"https:\\\/\\\/festival-factory.com\\\/#organization\"},\"potentialAction\":[{\"@type\":\"SearchAction\",\"target\":{\"@type\":\"EntryPoint\",\"urlTemplate\":\"https:\\\/\\\/festival-factory.com\\\/?s={search_term_string}\"},\"query-input\":{\"@type\":\"PropertyValueSpecification\",\"valueRequired\":true,\"valueName\":\"search_term_string\"}}],\"inLanguage\":\"pt-PT\"},{\"@type\":\"Organization\",\"@id\":\"https:\\\/\\\/festival-factory.com\\\/#organization\",\"name\":\"Festival Factory Madagascar\",\"url\":\"https:\\\/\\\/festival-factory.com\\\/\",\"logo\":{\"@type\":\"ImageObject\",\"inLanguage\":\"pt-PT\",\"@id\":\"https:\\\/\\\/festival-factory.com\\\/#\\\/schema\\\/logo\\\/image\\\/\",\"url\":\"https:\\\/\\\/festival-factory.com\\\/wp-content\\\/uploads\\\/2025\\\/02\\\/Festival-Logo.png\",\"contentUrl\":\"https:\\\/\\\/festival-factory.com\\\/wp-content\\\/uploads\\\/2025\\\/02\\\/Festival-Logo.png\",\"width\":2000,\"height\":519,\"caption\":\"Festival Factory Madagascar\"},\"image\":{\"@id\":\"https:\\\/\\\/festival-factory.com\\\/#\\\/schema\\\/logo\\\/image\\\/\"}}]}<\/script>\n<!-- \/ Yoast SEO plugin. -->","yoast_head_json":{"title":"Projectos comunit\u00e1rios - Festival Factory Madagascar","description":"Descubra como a Festival Factory apoia as comunidades atrav\u00e9s de iniciativas de impacto social, capacita\u00e7\u00e3o dos funcion\u00e1rios e parcerias locais criativas","robots":{"index":"index","follow":"follow","max-snippet":"max-snippet:-1","max-image-preview":"max-image-preview:large","max-video-preview":"max-video-preview:-1"},"canonical":"https:\/\/festival-factory.com\/pt\/community-projects\/","og_locale":"pt_PT","og_type":"article","og_title":"Community Projects - Festival Factory Madagascar","og_description":"Discover how Festival Factory supports communities through social impact initiatives, employee empowerment, and creative local partnerships","og_url":"https:\/\/festival-factory.com\/pt\/community-projects\/","og_site_name":"Festival Factory Madagascar","article_modified_time":"2025-06-24T09:04:35+00:00","twitter_card":"summary_large_image","twitter_misc":{"Tempo estimado de leitura":"2 minutos"},"schema":{"@context":"https:\/\/schema.org","@graph":[{"@type":"WebPage","@id":"https:\/\/festival-factory.com\/community-projects\/","url":"https:\/\/festival-factory.com\/community-projects\/","name":"Projectos comunit\u00e1rios - Festival Factory Madagascar","isPartOf":{"@id":"https:\/\/festival-factory.com\/#website"},"datePublished":"2025-04-01T15:10:46+00:00","dateModified":"2025-06-24T09:04:35+00:00","description":"Descubra como a Festival Factory apoia as comunidades atrav\u00e9s de iniciativas de impacto social, capacita\u00e7\u00e3o dos funcion\u00e1rios e parcerias locais criativas","breadcrumb":{"@id":"https:\/\/festival-factory.com\/community-projects\/#breadcrumb"},"inLanguage":"pt-PT","potentialAction":[{"@type":"ReadAction","target":["https:\/\/festival-factory.com\/community-projects\/"]}]},{"@type":"BreadcrumbList","@id":"https:\/\/festival-factory.com\/community-projects\/#breadcrumb","itemListElement":[{"@type":"ListItem","position":1,"name":"Home","item":"https:\/\/festival-factory.com\/"},{"@type":"ListItem","position":2,"name":"Community Projects"}]},{"@type":"WebSite","@id":"https:\/\/festival-factory.com\/#website","url":"https:\/\/festival-factory.com\/","name":"Festival Factory Madag\u00e1scar","description":"Fabrico de vestu\u00e1rio e fatos com d\u00e9cadas de experi\u00eancia","publisher":{"@id":"https:\/\/festival-factory.com\/#organization"},"potentialAction":[{"@type":"SearchAction","target":{"@type":"EntryPoint","urlTemplate":"https:\/\/festival-factory.com\/?s={search_term_string}"},"query-input":{"@type":"PropertyValueSpecification","valueRequired":true,"valueName":"search_term_string"}}],"inLanguage":"pt-PT"},{"@type":"Organization","@id":"https:\/\/festival-factory.com\/#organization","name":"Festival Factory Madag\u00e1scar","url":"https:\/\/festival-factory.com\/","logo":{"@type":"ImageObject","inLanguage":"pt-PT","@id":"https:\/\/festival-factory.com\/#\/schema\/logo\/image\/","url":"https:\/\/festival-factory.com\/wp-content\/uploads\/2025\/02\/Festival-Logo.png","contentUrl":"https:\/\/festival-factory.com\/wp-content\/uploads\/2025\/02\/Festival-Logo.png","width":2000,"height":519,"caption":"Festival Factory Madagascar"},"image":{"@id":"https:\/\/festival-factory.com\/#\/schema\/logo\/image\/"}}]}},"_links":{"self":[{"href":"https:\/\/festival-factory.com\/pt\/wp-json\/wp\/v2\/pages\/3608","targetHints":{"allow":["GET"]}}],"collection":[{"href":"https:\/\/festival-factory.com\/pt\/wp-json\/wp\/v2\/pages"}],"about":[{"href":"https:\/\/festival-factory.com\/pt\/wp-json\/wp\/v2\/types\/page"}],"author":[{"embeddable":true,"href":"https:\/\/festival-factory.com\/pt\/wp-json\/wp\/v2\/users\/2"}],"replies":[{"embeddable":true,"href":"https:\/\/festival-factory.com\/pt\/wp-json\/wp\/v2\/comments?post=3608"}],"version-history":[{"count":3,"href":"https:\/\/festival-factory.com\/pt\/wp-json\/wp\/v2\/pages\/3608\/revisions"}],"predecessor-version":[{"id":3814,"href":"https:\/\/festival-factory.com\/pt\/wp-json\/wp\/v2\/pages\/3608\/revisions\/3814"}],"wp:attachment":[{"href":"https:\/\/festival-factory.com\/pt\/wp-json\/wp\/v2\/media?parent=3608"}],"curies":[{"name":"wp","href":"https:\/\/api.w.org\/{rel}","templated":true}]}}