{"id":3911,"date":"2025-07-18T14:38:28","date_gmt":"2025-07-18T14:38:28","guid":{"rendered":"https:\/\/festival-factory.com\/?page_id=3911"},"modified":"2025-07-22T08:30:52","modified_gmt":"2025-07-22T08:30:52","slug":"agoa-us","status":"publish","type":"page","link":"https:\/\/festival-factory.com\/pt\/duty-free-shipping\/agoa-us\/","title":{"rendered":"AGOA - Expedi\u00e7\u00e3o isenta de direitos para os Estados Unidos"},"content":{"rendered":"<div class=\"fusion-fullwidth fullwidth-box fusion-builder-row-1 fusion-flex-container nonhundred-percent-fullwidth non-hundred-percent-height-scrolling\" style=\"--awb-border-radius-top-left:0px;--awb-border-radius-top-right:0px;--awb-border-radius-bottom-right:0px;--awb-border-radius-bottom-left:0px;--awb-flex-wrap:wrap;\" ><div class=\"fusion-builder-row fusion-row fusion-flex-align-items-flex-start fusion-flex-content-wrap\" style=\"max-width:1372.8px;margin-left: calc(-4% \/ 2 );margin-right: calc(-4% \/ 2 );\"><div class=\"fusion-layout-column fusion_builder_column fusion-builder-column-0 fusion_builder_column_1_1 1_1 fusion-flex-column\" style=\"--awb-bg-size:cover;--awb-width-large:100%;--awb-margin-top-large:0px;--awb-spacing-right-large:1.92%;--awb-margin-bottom-large:0px;--awb-spacing-left-large:1.92%;--awb-width-medium:100%;--awb-spacing-right-medium:1.92%;--awb-spacing-left-medium:1.92%;--awb-width-small:100%;--awb-spacing-right-small:1.92%;--awb-spacing-left-small:1.92%;\"><div class=\"fusion-column-wrapper fusion-flex-justify-content-flex-start fusion-content-layout-column\"><div class=\"fusion-text fusion-text-1\"><h3 data-start=\"1509\" data-end=\"1526\">O que \u00e9 o AGOA?<\/h3>\n<p data-start=\"1528\" data-end=\"1882\">O <strong data-start=\"1532\" data-end=\"1577\">Lei sobre o Crescimento e as Oportunidades para \u00c1frica (AGOA)<\/strong> \u00e9 um programa comercial dos EUA adotado em 2000 que prev\u00ea <strong data-start=\"1632\" data-end=\"1674\">pa\u00edses eleg\u00edveis da \u00c1frica Subsariana<\/strong> com <strong data-start=\"1680\" data-end=\"1700\">acesso com isen\u00e7\u00e3o de direitos<\/strong> para o mercado americano para mais de 6.500 linhas de produtos. Isto inclui uma vasta categoria de <strong data-start=\"1788\" data-end=\"1817\">artigos t\u00eaxteis e de vestu\u00e1rio<\/strong>que s\u00e3o frequentemente sujeitos a direitos aduaneiros elevados quando adquiridos noutros locais.<\/p>\n<p data-start=\"1884\" data-end=\"1906\"><strong data-start=\"1884\" data-end=\"1906\">Principais objectivos da AGOA:<\/strong><\/p>\n<ul data-start=\"1907\" data-end=\"2074\">\n<li data-start=\"1907\" data-end=\"1956\">\n<p data-start=\"1909\" data-end=\"1956\">Promover o crescimento econ\u00f3mico em \u00c1frica atrav\u00e9s do com\u00e9rcio<\/p>\n<\/li>\n<li data-start=\"1957\" data-end=\"2018\">\n<p data-start=\"1959\" data-end=\"2018\">Proporcionar \u00e0s empresas americanas op\u00e7\u00f5es de aprovisionamento rent\u00e1veis<\/p>\n<\/li>\n<li data-start=\"2019\" data-end=\"2074\">\n<p data-start=\"2021\" data-end=\"2074\">Incentivar parcerias comerciais e de investimento a longo prazo<\/p>\n<\/li>\n<\/ul>\n<hr data-start=\"2076\" data-end=\"2079\" \/>\n<h3 data-start=\"2081\" data-end=\"2125\">Madag\u00e1scar: Um benefici\u00e1rio certificado da AGOA<\/h3>\n<p data-start=\"2127\" data-end=\"2388\">Madag\u00e1scar recuperou a sua elegibilidade para a AGOA em 2014, depois de ter feito progressos significativos nas reformas pol\u00edticas e econ\u00f3micas. Em consequ\u00eancia, <strong data-start=\"2257\" data-end=\"2294\">fabricantes estabelecidos em Madag\u00e1scar<\/strong> - como a Festival Factory - pode exportar produtos qualificados para os Estados Unidos <strong>isento de direitos (exceto direitos aduaneiros)<\/strong>.<\/p>\n<p data-start=\"2390\" data-end=\"2458\">Para os importadores dos EUA, esta situa\u00e7\u00e3o cria uma rara oportunidade de beneficiar:<\/p>\n<ul data-start=\"2459\" data-end=\"2624\">\n<li data-start=\"2459\" data-end=\"2504\">\n<p data-start=\"2461\" data-end=\"2504\"><strong data-start=\"2461\" data-end=\"2504\">Importa\u00e7\u00f5es com direito nulo de vestu\u00e1rio eleg\u00edvel<\/strong><\/p>\n<\/li>\n<li data-start=\"2505\" data-end=\"2564\">\n<p data-start=\"2507\" data-end=\"2564\"><strong data-start=\"2507\" data-end=\"2538\">Prazos de expedi\u00e7\u00e3o mais curtos<\/strong> em compara\u00e7\u00e3o com os mercados asi\u00e1ticos<\/p>\n<\/li>\n<li data-start=\"2565\" data-end=\"2624\">\n<p data-start=\"2567\" data-end=\"2624\"><strong data-start=\"2567\" data-end=\"2594\">Normas \u00e9ticas de trabalho<\/strong> e cadeias de abastecimento transparentes<\/p>\n<\/li>\n<\/ul>\n<hr data-start=\"2626\" data-end=\"2629\" \/>\n<h3 data-start=\"2631\" data-end=\"2668\">Que produtos s\u00e3o eleg\u00edveis ao abrigo do AGOA?<\/h3>\n<p data-start=\"2670\" data-end=\"2842\">O AGOA apoia uma vasta gama de produtos eleg\u00edveis, mas <strong data-start=\"2723\" data-end=\"2752\">artigos de vestu\u00e1rio e de fantasia<\/strong> Os produtos fabricados em Madag\u00e1scar est\u00e3o particularmente bem posicionados para beneficiar do programa.<\/p>\n<p data-start=\"2844\" data-end=\"2909\">A Festival Factory \u00e9 especializada em categorias eleg\u00edveis para o AGOA, tais como<\/p>\n<ul data-start=\"2910\" data-end=\"3052\">\n<li data-start=\"2910\" data-end=\"2962\">\n<p data-start=\"2912\" data-end=\"2962\">Vestu\u00e1rio de fantasia para eventos, desfiles e festivais<\/p>\n<\/li>\n<li data-start=\"2963\" data-end=\"2990\">\n<p data-start=\"2965\" data-end=\"2990\">Uniformes e vestu\u00e1rio de marca<\/p>\n<\/li>\n<li data-start=\"2991\" data-end=\"3025\">\n<p data-start=\"2993\" data-end=\"3025\">Vestu\u00e1rio de moda para a grande distribui\u00e7\u00e3o<\/p>\n<\/li>\n<li data-start=\"3026\" data-end=\"3052\">\n<p data-start=\"3028\" data-end=\"3052\">Roupa de vestir para crian\u00e7as<\/p>\n<\/li>\n<\/ul>\n<p data-start=\"3054\" data-end=\"3183\">Tratamos dos <strong data-start=\"3068\" data-end=\"3113\">Documenta\u00e7\u00e3o AGOA e processo de conformidade<\/strong>para que os nossos clientes americanos possam concentrar-se no crescimento e no marketing, e n\u00e3o na burocracia.<\/p>\n<hr data-start=\"3185\" data-end=\"3188\" \/>\n<h3 data-start=\"3190\" data-end=\"3234\">Conformidade e documenta\u00e7\u00e3o simplificadas<\/h3>\n<p data-start=\"3236\" data-end=\"3378\">Para beneficiar das vantagens do AGOA, as remessas devem satisfazer <strong data-start=\"3292\" data-end=\"3324\">requisitos das regras de origem<\/strong> e ser acompanhadas de documenta\u00e7\u00e3o espec\u00edfica, como por exemplo<\/p>\n<ul data-start=\"3379\" data-end=\"3483\">\n<li data-start=\"3379\" data-end=\"3406\">\n<p data-start=\"3381\" data-end=\"3406\"><strong data-start=\"3381\" data-end=\"3406\">Certificado de origem<\/strong><\/p>\n<\/li>\n<li data-start=\"3407\" data-end=\"3428\">\n<p data-start=\"3409\" data-end=\"3428\"><strong data-start=\"3409\" data-end=\"3428\">Carimbo de visto AGOA<\/strong><\/p>\n<\/li>\n<li data-start=\"3429\" data-end=\"3483\">\n<p data-start=\"3431\" data-end=\"3483\"><strong data-start=\"3431\" data-end=\"3483\">Fatura comercial com c\u00f3digos de produtos eleg\u00edveis<\/strong><\/p>\n<\/li>\n<\/ul>\n<p data-start=\"3485\" data-end=\"3765\">Na Festival Factory, a nossa equipa de exporta\u00e7\u00e3o e log\u00edstica tem experi\u00eancia na prepara\u00e7\u00e3o de toda a documenta\u00e7\u00e3o necess\u00e1ria para garantir a total conformidade com as regras da AGOA. Trabalhamos em estreita colabora\u00e7\u00e3o com despachantes aduaneiros e transit\u00e1rios para garantir que as suas mercadorias passam pela alf\u00e2ndega dos EUA <strong data-start=\"3734\" data-end=\"3764\">rapidamente e sem atrasos<\/strong>.<\/p>\n<hr data-start=\"3767\" data-end=\"3770\" \/>\n<h3 data-start=\"3772\" data-end=\"3823\">Porqu\u00ea escolher Madag\u00e1scar em vez de outros centros de abastecimento?<\/h3>\n<p data-start=\"3825\" data-end=\"3932\">Embora muitos importadores americanos n\u00e3o recorram \u00e0s f\u00e1bricas asi\u00e1ticas por raz\u00f5es de custos, Madag\u00e1scar oferece vantagens \u00fanicas:<\/p>\n<ul data-start=\"3933\" data-end=\"4166\">\n<li data-start=\"3933\" data-end=\"4015\">\n<p data-start=\"3935\" data-end=\"4015\"><strong data-start=\"3935\" data-end=\"3960\">Isen\u00e7\u00e3o pautal AGOA<\/strong> (vs. 17-32% Direitos aplic\u00e1veis aos produtos de vestu\u00e1rio dos EUA provenientes de pa\u00edses n\u00e3o membros da OAA)<\/p>\n<\/li>\n<li data-start=\"4016\" data-end=\"4066\">\n<p data-start=\"4018\" data-end=\"4066\"><strong data-start=\"4018\" data-end=\"4066\">Cadeias de abastecimento mais curtas para a costa leste dos EUA<\/strong><\/p>\n<\/li>\n<li data-start=\"4067\" data-end=\"4118\">\n<p data-start=\"4069\" data-end=\"4118\"><strong data-start=\"4069\" data-end=\"4118\">Pr\u00e1ticas laborais \u00e9ticas e conformidade social<\/strong><\/p>\n<\/li>\n<li data-start=\"4119\" data-end=\"4166\">\n<p data-start=\"4121\" data-end=\"4166\"><strong data-start=\"4121\" data-end=\"4166\">Equipas de apoio que falam franc\u00eas e ingl\u00eas<\/strong><\/p>\n<\/li>\n<\/ul>\n<p data-start=\"4168\" data-end=\"4340\">Com o Festival Factory, beneficia de <strong data-start=\"4215\" data-end=\"4242\">flexibilidade de pequenos lotes<\/strong>, <strong data-start=\"4244\" data-end=\"4270\">servi\u00e7os de conce\u00e7\u00e3o personalizados<\/strong>e <strong data-start=\"4276\" data-end=\"4301\">tempos de execu\u00e7\u00e3o r\u00e1pidos<\/strong>-, mantendo-se sempre competitiva em termos de pre\u00e7os.<\/p>\n<hr data-start=\"4342\" data-end=\"4345\" \/>\n<h3 data-start=\"4347\" data-end=\"4393\">Aplica\u00e7\u00f5es no mundo real para importadores dos EUA<\/h3>\n<p data-start=\"4395\" data-end=\"4428\">O aprovisionamento baseado na AGOA \u00e9 ideal para:<\/p>\n<ul data-start=\"4429\" data-end=\"4734\">\n<li data-start=\"4429\" data-end=\"4505\">\n<p data-start=\"4431\" data-end=\"4505\"><strong data-start=\"4431\" data-end=\"4455\">Pequenas marcas de moda<\/strong> necessidade de fabrico de baixa qualidade de fabrico com melhores margens<\/p>\n<\/li>\n<li data-start=\"4506\" data-end=\"4594\">\n<p data-start=\"4508\" data-end=\"4594\"><strong data-start=\"4508\" data-end=\"4525\">Cadeias de retalho<\/strong> procuram diversificar a sua base de abastecimento e reduzir a depend\u00eancia da \u00c1sia<\/p>\n<\/li>\n<li data-start=\"4595\" data-end=\"4666\">\n<p data-start=\"4597\" data-end=\"4666\"><strong data-start=\"4597\" data-end=\"4618\">Marcas de com\u00e9rcio eletr\u00f3nico<\/strong> que valorizam a rapidez, a qualidade e o abastecimento \u00e9tico<\/p>\n<\/li>\n<li data-start=\"4667\" data-end=\"4734\">\n<p data-start=\"4669\" data-end=\"4734\"><strong data-start=\"4669\" data-end=\"4695\">Empresas de fornecimento para eventos<\/strong> encomenda de fatos ou uniformes sazonais<\/p>\n<\/li>\n<\/ul>\n<p data-start=\"4736\" data-end=\"4881\">Os nossos clientes utilizam os benef\u00edcios da AGOA para reinvestir as poupan\u00e7as em marketing, invent\u00e1rio ou desenvolvimento de produtos - dando-lhes uma vantagem poderosa em mercados concorridos.<\/p>\n<hr data-start=\"4883\" data-end=\"4886\" \/>\n<h3 data-start=\"4888\" data-end=\"4937\">Come\u00e7ar a utilizar a produ\u00e7\u00e3o apoiada pela AGOA<\/h3>\n<p data-start=\"4939\" data-end=\"5039\">Ajud\u00e1mos dezenas de empresas americanas a <strong data-start=\"4978\" data-end=\"5004\">maximizar os benef\u00edcios do AGOA<\/strong> enquanto desfruta do Festival Factory's:<\/p>\n<ul data-start=\"5040\" data-end=\"5166\">\n<li data-start=\"5040\" data-end=\"5074\">\n<p data-start=\"5042\" data-end=\"5074\">Servi\u00e7o completo de desenvolvimento de produtos<\/p>\n<\/li>\n<li data-start=\"5075\" data-end=\"5096\">\n<p data-start=\"5077\" data-end=\"5096\">Pre\u00e7os transparentes<\/p>\n<\/li>\n<li data-start=\"5097\" data-end=\"5121\">\n<p data-start=\"5099\" data-end=\"5121\">Ciclos de produ\u00e7\u00e3o r\u00e1pidos<\/p>\n<\/li>\n<li data-start=\"5122\" data-end=\"5166\">\n<p data-start=\"5124\" data-end=\"5166\">Apoio log\u00edstico e coordena\u00e7\u00e3o aduaneira<\/p>\n<\/li>\n<\/ul>\n<p data-start=\"5168\" data-end=\"5326\">Se est\u00e1 a abastecer-se na China ou no Sul da \u00c1sia, chegou a altura de <strong data-start=\"5231\" data-end=\"5260\">repensar a sua cadeia de abastecimento<\/strong>. Madag\u00e1scar, ao abrigo do AGOA, oferece uma via de crescimento mais inteligente e mais simples.<\/p>\n<hr data-start=\"5328\" data-end=\"5331\" \/>\n<h3 data-start=\"5333\" data-end=\"5353\">Contacte-nos hoje<\/h3>\n<p data-start=\"5355\" data-end=\"5570\">Quer esteja a fazer a sua primeira encomenda ou a tentar transferir a produ\u00e7\u00e3o existente para Madag\u00e1scar, a nossa equipa est\u00e1 pronta a ajudar. Deixe-nos explicar-lhe como a AGOA pode reduzir os seus custos de importa\u00e7\u00e3o e simplificar as suas opera\u00e7\u00f5es.<\/p>\n<p data-start=\"5355\" data-end=\"5570\">Contacte-nos para saber mais sobre o envio isento de direitos ao abrigo da AGOA.<\/p>\n<\/div><\/div><\/div><\/div><\/div>","protected":false},"excerpt":{"rendered":"","protected":false},"author":2,"featured_media":0,"parent":3512,"menu_order":0,"comment_status":"closed","ping_status":"closed","template":"","meta":{"_acf_changed":false,"footnotes":""},"class_list":["post-3911","page","type-page","status-publish","hentry"],"acf":[],"yoast_head":"<!-- This site is optimized with the Yoast SEO plugin v27.4 - https:\/\/yoast.com\/product\/yoast-seo-wordpress\/ -->\n<title>Exporting to the USA with AGOA \u2013 Duty-Free Access from Madagascar<\/title>\n<meta name=\"description\" content=\"Learn how Festival Factory uses the AGOA trade agreement to ship apparel duty-free to the U.S. from Madagascar. Lower costs, smoother imports.\" \/>\n<meta name=\"robots\" content=\"index, follow, max-snippet:-1, max-image-preview:large, max-video-preview:-1\" \/>\n<link rel=\"canonical\" href=\"https:\/\/festival-factory.com\/pt\/duty-free-shipping\/agoa-us\/\" \/>\n<meta property=\"og:locale\" content=\"pt_PT\" \/>\n<meta property=\"og:type\" content=\"article\" \/>\n<meta property=\"og:title\" content=\"Exporting to the USA with AGOA \u2013 Duty-Free Access from Madagascar\" \/>\n<meta property=\"og:description\" content=\"Learn how Festival Factory uses the AGOA trade agreement to ship apparel duty-free to the U.S. from Madagascar. Lower costs, smoother imports.\" \/>\n<meta property=\"og:url\" content=\"https:\/\/festival-factory.com\/pt\/duty-free-shipping\/agoa-us\/\" \/>\n<meta property=\"og:site_name\" content=\"Festival Factory Madagascar\" \/>\n<meta property=\"article:modified_time\" content=\"2025-07-22T08:30:52+00:00\" \/>\n<meta name=\"twitter:card\" content=\"summary_large_image\" \/>\n<meta name=\"twitter:label1\" content=\"Tempo estimado de leitura\" \/>\n\t<meta name=\"twitter:data1\" content=\"3 minutos\" \/>\n<script type=\"application\/ld+json\" class=\"yoast-schema-graph\">{\"@context\":\"https:\\\/\\\/schema.org\",\"@graph\":[{\"@type\":\"WebPage\",\"@id\":\"https:\\\/\\\/festival-factory.com\\\/duty-free-shipping\\\/agoa-us\\\/\",\"url\":\"https:\\\/\\\/festival-factory.com\\\/duty-free-shipping\\\/agoa-us\\\/\",\"name\":\"Exporting to the USA with AGOA \u2013 Duty-Free Access from Madagascar\",\"isPartOf\":{\"@id\":\"https:\\\/\\\/festival-factory.com\\\/#website\"},\"datePublished\":\"2025-07-18T14:38:28+00:00\",\"dateModified\":\"2025-07-22T08:30:52+00:00\",\"description\":\"Learn how Festival Factory uses the AGOA trade agreement to ship apparel duty-free to the U.S. from Madagascar. Lower costs, smoother imports.\",\"breadcrumb\":{\"@id\":\"https:\\\/\\\/festival-factory.com\\\/duty-free-shipping\\\/agoa-us\\\/#breadcrumb\"},\"inLanguage\":\"pt-PT\",\"potentialAction\":[{\"@type\":\"ReadAction\",\"target\":[\"https:\\\/\\\/festival-factory.com\\\/duty-free-shipping\\\/agoa-us\\\/\"]}]},{\"@type\":\"BreadcrumbList\",\"@id\":\"https:\\\/\\\/festival-factory.com\\\/duty-free-shipping\\\/agoa-us\\\/#breadcrumb\",\"itemListElement\":[{\"@type\":\"ListItem\",\"position\":1,\"name\":\"Home\",\"item\":\"https:\\\/\\\/festival-factory.com\\\/\"},{\"@type\":\"ListItem\",\"position\":2,\"name\":\"Duty-Free Shipping from Madagascar\",\"item\":\"https:\\\/\\\/festival-factory.com\\\/duty-free-shipping\\\/\"},{\"@type\":\"ListItem\",\"position\":3,\"name\":\"AGOA \u2013 Duty-Free Shipping to the United States\"}]},{\"@type\":\"WebSite\",\"@id\":\"https:\\\/\\\/festival-factory.com\\\/#website\",\"url\":\"https:\\\/\\\/festival-factory.com\\\/\",\"name\":\"Festival Factory Madagascar\",\"description\":\"Manufacturing apparel &amp; Costumes with decades of experience\",\"publisher\":{\"@id\":\"https:\\\/\\\/festival-factory.com\\\/#organization\"},\"potentialAction\":[{\"@type\":\"SearchAction\",\"target\":{\"@type\":\"EntryPoint\",\"urlTemplate\":\"https:\\\/\\\/festival-factory.com\\\/?s={search_term_string}\"},\"query-input\":{\"@type\":\"PropertyValueSpecification\",\"valueRequired\":true,\"valueName\":\"search_term_string\"}}],\"inLanguage\":\"pt-PT\"},{\"@type\":\"Organization\",\"@id\":\"https:\\\/\\\/festival-factory.com\\\/#organization\",\"name\":\"Festival Factory Madagascar\",\"url\":\"https:\\\/\\\/festival-factory.com\\\/\",\"logo\":{\"@type\":\"ImageObject\",\"inLanguage\":\"pt-PT\",\"@id\":\"https:\\\/\\\/festival-factory.com\\\/#\\\/schema\\\/logo\\\/image\\\/\",\"url\":\"https:\\\/\\\/festival-factory.com\\\/wp-content\\\/uploads\\\/2025\\\/02\\\/Festival-Logo.png\",\"contentUrl\":\"https:\\\/\\\/festival-factory.com\\\/wp-content\\\/uploads\\\/2025\\\/02\\\/Festival-Logo.png\",\"width\":2000,\"height\":519,\"caption\":\"Festival Factory Madagascar\"},\"image\":{\"@id\":\"https:\\\/\\\/festival-factory.com\\\/#\\\/schema\\\/logo\\\/image\\\/\"}}]}<\/script>\n<!-- \/ Yoast SEO plugin. -->","yoast_head_json":{"title":"Exportar para os EUA com AGOA - Acesso isento de direitos de Madag\u00e1scar","description":"Saiba como a Festival Factory utiliza o acordo comercial AGOA para enviar vestu\u00e1rio de Madag\u00e1scar com isen\u00e7\u00e3o de direitos para os EUA. Custos mais baixos, importa\u00e7\u00f5es mais f\u00e1ceis.","robots":{"index":"index","follow":"follow","max-snippet":"max-snippet:-1","max-image-preview":"max-image-preview:large","max-video-preview":"max-video-preview:-1"},"canonical":"https:\/\/festival-factory.com\/pt\/duty-free-shipping\/agoa-us\/","og_locale":"pt_PT","og_type":"article","og_title":"Exporting to the USA with AGOA \u2013 Duty-Free Access from Madagascar","og_description":"Learn how Festival Factory uses the AGOA trade agreement to ship apparel duty-free to the U.S. from Madagascar. Lower costs, smoother imports.","og_url":"https:\/\/festival-factory.com\/pt\/duty-free-shipping\/agoa-us\/","og_site_name":"Festival Factory Madagascar","article_modified_time":"2025-07-22T08:30:52+00:00","twitter_card":"summary_large_image","twitter_misc":{"Tempo estimado de leitura":"3 minutos"},"schema":{"@context":"https:\/\/schema.org","@graph":[{"@type":"WebPage","@id":"https:\/\/festival-factory.com\/duty-free-shipping\/agoa-us\/","url":"https:\/\/festival-factory.com\/duty-free-shipping\/agoa-us\/","name":"Exportar para os EUA com AGOA - Acesso isento de direitos de Madag\u00e1scar","isPartOf":{"@id":"https:\/\/festival-factory.com\/#website"},"datePublished":"2025-07-18T14:38:28+00:00","dateModified":"2025-07-22T08:30:52+00:00","description":"Saiba como a Festival Factory utiliza o acordo comercial AGOA para enviar vestu\u00e1rio de Madag\u00e1scar com isen\u00e7\u00e3o de direitos para os EUA. Custos mais baixos, importa\u00e7\u00f5es mais f\u00e1ceis.","breadcrumb":{"@id":"https:\/\/festival-factory.com\/duty-free-shipping\/agoa-us\/#breadcrumb"},"inLanguage":"pt-PT","potentialAction":[{"@type":"ReadAction","target":["https:\/\/festival-factory.com\/duty-free-shipping\/agoa-us\/"]}]},{"@type":"BreadcrumbList","@id":"https:\/\/festival-factory.com\/duty-free-shipping\/agoa-us\/#breadcrumb","itemListElement":[{"@type":"ListItem","position":1,"name":"Home","item":"https:\/\/festival-factory.com\/"},{"@type":"ListItem","position":2,"name":"Duty-Free Shipping from Madagascar","item":"https:\/\/festival-factory.com\/duty-free-shipping\/"},{"@type":"ListItem","position":3,"name":"AGOA \u2013 Duty-Free Shipping to the United States"}]},{"@type":"WebSite","@id":"https:\/\/festival-factory.com\/#website","url":"https:\/\/festival-factory.com\/","name":"Festival Factory Madag\u00e1scar","description":"Fabrico de vestu\u00e1rio e fatos com d\u00e9cadas de experi\u00eancia","publisher":{"@id":"https:\/\/festival-factory.com\/#organization"},"potentialAction":[{"@type":"SearchAction","target":{"@type":"EntryPoint","urlTemplate":"https:\/\/festival-factory.com\/?s={search_term_string}"},"query-input":{"@type":"PropertyValueSpecification","valueRequired":true,"valueName":"search_term_string"}}],"inLanguage":"pt-PT"},{"@type":"Organization","@id":"https:\/\/festival-factory.com\/#organization","name":"Festival Factory Madag\u00e1scar","url":"https:\/\/festival-factory.com\/","logo":{"@type":"ImageObject","inLanguage":"pt-PT","@id":"https:\/\/festival-factory.com\/#\/schema\/logo\/image\/","url":"https:\/\/festival-factory.com\/wp-content\/uploads\/2025\/02\/Festival-Logo.png","contentUrl":"https:\/\/festival-factory.com\/wp-content\/uploads\/2025\/02\/Festival-Logo.png","width":2000,"height":519,"caption":"Festival Factory Madagascar"},"image":{"@id":"https:\/\/festival-factory.com\/#\/schema\/logo\/image\/"}}]}},"_links":{"self":[{"href":"https:\/\/festival-factory.com\/pt\/wp-json\/wp\/v2\/pages\/3911","targetHints":{"allow":["GET"]}}],"collection":[{"href":"https:\/\/festival-factory.com\/pt\/wp-json\/wp\/v2\/pages"}],"about":[{"href":"https:\/\/festival-factory.com\/pt\/wp-json\/wp\/v2\/types\/page"}],"author":[{"embeddable":true,"href":"https:\/\/festival-factory.com\/pt\/wp-json\/wp\/v2\/users\/2"}],"replies":[{"embeddable":true,"href":"https:\/\/festival-factory.com\/pt\/wp-json\/wp\/v2\/comments?post=3911"}],"version-history":[{"count":7,"href":"https:\/\/festival-factory.com\/pt\/wp-json\/wp\/v2\/pages\/3911\/revisions"}],"predecessor-version":[{"id":3947,"href":"https:\/\/festival-factory.com\/pt\/wp-json\/wp\/v2\/pages\/3911\/revisions\/3947"}],"up":[{"embeddable":true,"href":"https:\/\/festival-factory.com\/pt\/wp-json\/wp\/v2\/pages\/3512"}],"wp:attachment":[{"href":"https:\/\/festival-factory.com\/pt\/wp-json\/wp\/v2\/media?parent=3911"}],"curies":[{"name":"wp","href":"https:\/\/api.w.org\/{rel}","templated":true}]}}