{"id":3916,"date":"2025-07-18T14:44:27","date_gmt":"2025-07-18T14:44:27","guid":{"rendered":"https:\/\/festival-factory.com\/?page_id=3916"},"modified":"2025-07-18T15:14:54","modified_gmt":"2025-07-18T15:14:54","slug":"eur1-eu","status":"publish","type":"page","link":"https:\/\/festival-factory.com\/pt\/duty-free-shipping\/eur1-eu\/","title":{"rendered":"EUR.1 - Expedi\u00e7\u00e3o com isen\u00e7\u00e3o de direitos aduaneiros para a Uni\u00e3o Europeia"},"content":{"rendered":"<h3 data-start=\"643\" data-end=\"704\">Introdu\u00e7\u00e3o: O poder do com\u00e9rcio preferencial com a Europa<\/h3>\n<p data-start=\"706\" data-end=\"1018\">Os direitos de importa\u00e7\u00e3o podem aumentar significativamente o custo das mercadorias, especialmente nos sectores t\u00eaxtil e do vestu\u00e1rio. Para as marcas e retalhistas europeus que se abastecem internacionalmente, trabalhar com fornecedores que possam oferecer <strong data-start=\"914\" data-end=\"936\">expedi\u00e7\u00e3o com isen\u00e7\u00e3o de direitos<\/strong> atrav\u00e9s de <strong data-start=\"945\" data-end=\"978\">acordos comerciais preferenciais<\/strong> proporciona uma clara vantagem competitiva.<\/p>\n<p data-start=\"1020\" data-end=\"1280\">Em <strong data-start=\"1023\" data-end=\"1043\">F\u00e1brica de Festas<\/strong>Ajudamos os nossos clientes da UE a reduzir os seus custos de importa\u00e7\u00e3o e a simplificar as formalidades aduaneiras, tirando partido da <strong data-start=\"1134\" data-end=\"1165\">EUR.1 Certificado de origem<\/strong> - um documento fundamental que garante <strong data-start=\"1196\" data-end=\"1235\">acesso com isen\u00e7\u00e3o de direitos aduaneiros para as mercadorias eleg\u00edveis<\/strong> de Madag\u00e1scar para o <strong data-start=\"1261\" data-end=\"1279\">Uni\u00e3o Europeia<\/strong>.<\/p>\n<hr data-start=\"1282\" data-end=\"1285\" \/>\n<h3 data-start=\"1287\" data-end=\"1321\">O que \u00e9 o certificado EUR.1?<\/h3>\n<p data-start=\"1323\" data-end=\"1637\">O <strong data-start=\"1327\" data-end=\"1348\">Certificado EUR.1<\/strong> \u00e9 um documento aduaneiro utilizado no \u00e2mbito de acordos comerciais entre a Uni\u00e3o Europeia e determinados pa\u00edses terceiros, tais como <strong data-start=\"1482\" data-end=\"1496\">Madag\u00e1scar<\/strong>. Serve como <strong data-start=\"1511\" data-end=\"1530\">prova de origem<\/strong> para as mercadorias, confirmando que foram fabricadas num pa\u00eds eleg\u00edvel para tratamento pautal preferencial.<\/p>\n<p data-start=\"1639\" data-end=\"1702\">Quando se importam produtos para a UE com um certificado EUR.1:<\/p>\n<ul data-start=\"1703\" data-end=\"1870\">\n<li data-start=\"1703\" data-end=\"1738\">\n<p data-start=\"1705\" data-end=\"1738\">Voc\u00ea <strong data-start=\"1709\" data-end=\"1738\">n\u00e3o pagar direitos aduaneiros<\/strong><\/p>\n<\/li>\n<li data-start=\"1739\" data-end=\"1786\">\n<p data-start=\"1741\" data-end=\"1786\">Os procedimentos aduaneiros s\u00e3o <strong data-start=\"1764\" data-end=\"1786\">mais r\u00e1pido e mais simples<\/strong><\/p>\n<\/li>\n<li data-start=\"1787\" data-end=\"1870\">\n<p data-start=\"1789\" data-end=\"1870\">Beneficia das condi\u00e7\u00f5es do <strong data-start=\"1823\" data-end=\"1870\">Acordos de Parceria Econ\u00f3mica (APE) da UE<\/strong><\/p>\n<\/li>\n<\/ul>\n<hr data-start=\"1872\" data-end=\"1875\" \/>\n<h3 data-start=\"1877\" data-end=\"1931\">Madag\u00e1scar e a UE: Uma forte rela\u00e7\u00e3o comercial<\/h3>\n<p data-start=\"1933\" data-end=\"2089\">Madag\u00e1scar \u00e9 um dos pa\u00edses de \u00c1frica, das Cara\u00edbas e do Pac\u00edfico (ACP) com uma <strong data-start=\"2013\" data-end=\"2042\">acordo comercial favor\u00e1vel<\/strong> em vigor com a UE. Este acordo prev\u00ea:<\/p>\n<ul data-start=\"2090\" data-end=\"2299\">\n<li data-start=\"2090\" data-end=\"2159\">\n<p data-start=\"2092\" data-end=\"2159\"><strong data-start=\"2092\" data-end=\"2117\">Acesso com isen\u00e7\u00e3o de direitos<\/strong> aos mercados da UE para a maioria dos produtos manufacturados<\/p>\n<\/li>\n<li data-start=\"2160\" data-end=\"2233\">\n<p data-start=\"2162\" data-end=\"2233\"><strong data-start=\"2162\" data-end=\"2181\">Regras de origem<\/strong> que permitem a contribui\u00e7\u00e3o regional em condi\u00e7\u00f5es flex\u00edveis<\/p>\n<\/li>\n<li data-start=\"2234\" data-end=\"2299\">\n<p data-start=\"2236\" data-end=\"2299\">Um quadro regulamentar claro para os grandes e pequenos importadores<\/p>\n<\/li>\n<\/ul>\n<p data-start=\"2301\" data-end=\"2515\">Como fabricante sediado em Madag\u00e1scar, <strong data-start=\"2337\" data-end=\"2357\">F\u00e1brica de Festas<\/strong> emite certificados de 1 euro por cada remessa eleg\u00edvel, ajudando as empresas da UE a poupar <strong data-start=\"2441\" data-end=\"2454\">at\u00e9 12%<\/strong> ou mais em direitos de importa\u00e7\u00e3o, consoante a categoria do produto.<\/p>\n<hr data-start=\"2517\" data-end=\"2520\" \/>\n<h3 data-start=\"2522\" data-end=\"2570\">Que produtos s\u00e3o eleg\u00edveis para o estatuto de isen\u00e7\u00e3o de direitos aduaneiros?<\/h3>\n<p data-start=\"2572\" data-end=\"2743\">A maioria dos produtos de vestu\u00e1rio e de fantasia fabricados pela Festival Factory podem ser importados para a UE com isen\u00e7\u00e3o de direitos aduaneiros com base no EUR.1, desde que cumpram os crit\u00e9rios de origem. Isto inclui:<\/p>\n<ul data-start=\"2744\" data-end=\"2909\">\n<li data-start=\"2744\" data-end=\"2778\">\n<p data-start=\"2746\" data-end=\"2778\">Fatos para eventos e vestu\u00e1rio tem\u00e1tico<\/p>\n<\/li>\n<li data-start=\"2779\" data-end=\"2817\">\n<p data-start=\"2781\" data-end=\"2817\">Uniformes personalizados e vestu\u00e1rio de marca<\/p>\n<\/li>\n<li data-start=\"2818\" data-end=\"2860\">\n<p data-start=\"2820\" data-end=\"2860\">Fatos de crian\u00e7a e fatos de fantasia<\/p>\n<\/li>\n<li data-start=\"2861\" data-end=\"2909\">\n<p data-start=\"2863\" data-end=\"2909\">Vestu\u00e1rio leve para retalho e com\u00e9rcio eletr\u00f3nico<\/p>\n<\/li>\n<\/ul>\n<p data-start=\"2911\" data-end=\"3091\">Se o seu produto for concebido e fabricado em Madag\u00e1scar utilizando insumos regionais aprovados, \u00e9 prov\u00e1vel que seja eleg\u00edvel. A nossa equipa ajuda-o a verificar a elegibilidade e a preparar a documenta\u00e7\u00e3o correta.<\/p>\n<hr data-start=\"3093\" data-end=\"3096\" \/>\n<h3 data-start=\"3098\" data-end=\"3136\">Vantagens do EUR.1 para os importadores da UE<\/h3>\n<p data-start=\"3138\" data-end=\"3226\">A importa\u00e7\u00e3o atrav\u00e9s do EUR.1 oferece v\u00e1rias vantagens distintas \u00e0s empresas de toda a Europa:<\/p>\n<h4 data-start=\"3228\" data-end=\"3258\">1. <strong data-start=\"3236\" data-end=\"3258\">Custos de importa\u00e7\u00e3o mais baixos<\/strong><\/h4>\n<p data-start=\"3259\" data-end=\"3393\">Sem direitos de importa\u00e7\u00e3o, pode reinvestir as poupan\u00e7as em marketing, expans\u00e3o de produtos ou estrat\u00e9gias de pre\u00e7os para se manter \u00e0 frente da concorr\u00eancia.<\/p>\n<h4 data-start=\"3395\" data-end=\"3435\">2. <strong data-start=\"3403\" data-end=\"3435\">Desembara\u00e7o aduaneiro simplificado<\/strong><\/h4>\n<p data-start=\"3436\" data-end=\"3568\">As alf\u00e2ndegas da UE reconhecem a documenta\u00e7\u00e3o EUR.1 e processam essas remessas de forma mais eficiente, o que reduz os atrasos e os custos administrativos.<\/p>\n<h4 data-start=\"3570\" data-end=\"3606\">3. <strong data-start=\"3578\" data-end=\"3606\">Diversifica\u00e7\u00e3o das fontes de abastecimento<\/strong><\/h4>\n<p data-start=\"3607\" data-end=\"3750\">Num ambiente global marcado por perturba\u00e7\u00f5es e depend\u00eancia excessiva da \u00c1sia, o aprovisionamento em Madag\u00e1scar ajuda a reduzir o risco e aumenta a flexibilidade.<\/p>\n<hr data-start=\"3752\" data-end=\"3755\" \/>\n<h3 data-start=\"3757\" data-end=\"3786\">Pa\u00edses da UE que beneficiam<\/h3>\n<p data-start=\"3788\" data-end=\"3881\">Todos os pa\u00edses da Uni\u00e3o Europeia aceitam mercadorias certificadas EUR.1 provenientes de Madag\u00e1scar, incluindo<\/p>\n<ul data-start=\"3883\" data-end=\"4036\">\n<li data-start=\"3883\" data-end=\"3893\">\n<p data-start=\"3885\" data-end=\"3893\">Fran\u00e7a<\/p>\n<\/li>\n<li data-start=\"3894\" data-end=\"3905\">\n<p data-start=\"3896\" data-end=\"3905\">Alemanha<\/p>\n<\/li>\n<li data-start=\"3906\" data-end=\"3915\">\n<p data-start=\"3908\" data-end=\"3915\">It\u00e1lia<\/p>\n<\/li>\n<li data-start=\"3916\" data-end=\"3925\">\n<p data-start=\"3918\" data-end=\"3925\">Espanha<\/p>\n<\/li>\n<li data-start=\"3926\" data-end=\"3945\">\n<p data-start=\"3928\" data-end=\"3945\">Pa\u00edses Baixos<\/p>\n<\/li>\n<li data-start=\"3946\" data-end=\"3956\">\n<p data-start=\"3948\" data-end=\"3956\">Su\u00e9cia<\/p>\n<\/li>\n<li data-start=\"3957\" data-end=\"3968\">\n<p data-start=\"3959\" data-end=\"3968\">B\u00e9lgica<\/p>\n<\/li>\n<li data-start=\"3969\" data-end=\"3980\">\n<p data-start=\"3971\" data-end=\"3980\">\u00c1ustria<\/p>\n<\/li>\n<li data-start=\"3981\" data-end=\"3992\">\n<p data-start=\"3983\" data-end=\"3992\">Irlanda<\/p>\n<\/li>\n<li data-start=\"3993\" data-end=\"4036\">\n<p data-start=\"3995\" data-end=\"4036\">Pol\u00f3nia<br data-start=\"4001\" data-end=\"4004\" \/>...e todos os outros Estados-Membros da UE.<\/p>\n<\/li>\n<\/ul>\n<p data-start=\"4038\" data-end=\"4153\">Quer se trate de uma marca de moda francesa ou de uma loja de com\u00e9rcio eletr\u00f3nico alem\u00e3, as economias de custos s\u00e3o imediatas e substanciais.<\/p>\n<hr data-start=\"4155\" data-end=\"4158\" \/>\n<h3 data-start=\"4160\" data-end=\"4218\">O papel da F\u00e1brica do Festival: Do fabrico \u00e0 alf\u00e2ndega<\/h3>\n<p data-start=\"4220\" data-end=\"4360\">Na Festival Factory, vamos para al\u00e9m do fabrico - somos o seu parceiro de exporta\u00e7\u00e3o de servi\u00e7o completo. Eis o que oferecemos em cada envio para a UE:<\/p>\n<ul data-start=\"4362\" data-end=\"4565\">\n<li data-start=\"4362\" data-end=\"4406\">\n<p data-start=\"4364\" data-end=\"4406\"><strong data-start=\"4364\" data-end=\"4406\">Prepara\u00e7\u00e3o exacta do certificado EUR.1<\/strong><\/p>\n<\/li>\n<li data-start=\"4407\" data-end=\"4446\">\n<p data-start=\"4409\" data-end=\"4446\"><strong data-start=\"4409\" data-end=\"4446\">Controlos de conformidade com as regras de origem<\/strong><\/p>\n<\/li>\n<li data-start=\"4447\" data-end=\"4509\">\n<p data-start=\"4449\" data-end=\"4509\">Coordena\u00e7\u00e3o com <strong data-start=\"4467\" data-end=\"4509\">transit\u00e1rios e despachantes aduaneiros<\/strong><\/p>\n<\/li>\n<li data-start=\"4510\" data-end=\"4565\">\n<p data-start=\"4512\" data-end=\"4565\"><strong data-start=\"4512\" data-end=\"4545\">Prazos de produ\u00e7\u00e3o fi\u00e1veis<\/strong> e controlo de qualidade<\/p>\n<\/li>\n<\/ul>\n<p data-start=\"4567\" data-end=\"4686\">A nossa equipa compreende as expectativas do mercado europeu e ajuda os seus produtos a cumprir os requisitos regulamentares e de conce\u00e7\u00e3o.<\/p>\n<hr data-start=\"4688\" data-end=\"4691\" \/>\n<h3 data-start=\"4693\" data-end=\"4732\">Quem deve considerar o Sourcing EUR.1?<\/h3>\n<p data-start=\"4734\" data-end=\"4779\">O nosso servi\u00e7o de exporta\u00e7\u00e3o da UE com isen\u00e7\u00e3o de direitos \u00e9 ideal para:<\/p>\n<ul data-start=\"4781\" data-end=\"5013\">\n<li data-start=\"4781\" data-end=\"4845\">\n<p data-start=\"4783\" data-end=\"4845\"><strong data-start=\"4783\" data-end=\"4813\">Retalhistas europeus de vestu\u00e1rio<\/strong> aquisi\u00e7\u00e3o de produtos de marca pr\u00f3pria<\/p>\n<\/li>\n<li data-start=\"4846\" data-end=\"4882\">\n<p data-start=\"4848\" data-end=\"4882\"><strong data-start=\"4848\" data-end=\"4882\">Grossistas de fatos de crian\u00e7a<\/strong><\/p>\n<\/li>\n<li data-start=\"4883\" data-end=\"4945\">\n<p data-start=\"4885\" data-end=\"4945\"><strong data-start=\"4885\" data-end=\"4916\">Startups de moda de com\u00e9rcio eletr\u00f3nico<\/strong> necessidade de um invent\u00e1rio acess\u00edvel<\/p>\n<\/li>\n<li data-start=\"4946\" data-end=\"5013\">\n<p data-start=\"4948\" data-end=\"5013\"><strong data-start=\"4948\" data-end=\"4967\">Fornecedores de eventos<\/strong> que trabalham com clientes empresariais em toda a Europa<\/p>\n<\/li>\n<\/ul>\n<p data-start=\"5015\" data-end=\"5161\">Com m\u00ednimos reduzidos, prazos de entrega r\u00e1pidos e a vantagem adicional do envio isento de impostos, somos um parceiro fi\u00e1vel tanto para marcas em crescimento como para marcas estabelecidas.<\/p>\n<hr data-start=\"5163\" data-end=\"5166\" \/>\n<h3 data-start=\"5168\" data-end=\"5208\">Tire o m\u00e1ximo partido da vantagem EUR.1<\/h3>\n<p data-start=\"5210\" data-end=\"5506\">Quer esteja a importar pequenas s\u00e9ries ou remessas a granel, tirar partido da prefer\u00eancia comercial EUR.1 pode reduzir significativamente os seus custos de importa\u00e7\u00e3o e aumentar os seus resultados. A Festival Factory trata de todos os passos - desde a conce\u00e7\u00e3o e amostragem \u00e0 documenta\u00e7\u00e3o e log\u00edstica - com precis\u00e3o e cuidado.<\/p>\n<hr data-start=\"5508\" data-end=\"5511\" \/>\n<h3 data-start=\"5513\" data-end=\"5534\">Vamos come\u00e7ar<\/h3>\n<p data-start=\"5536\" data-end=\"5735\">Pretende aumentar a sua presen\u00e7a na Europa sem aumentar os seus custos? Contacte a Festival Factory hoje mesmo para saber mais sobre o nosso <strong data-start=\"5661\" data-end=\"5708\">servi\u00e7os de fabrico e exporta\u00e7\u00e3o com isen\u00e7\u00e3o de direitos<\/strong> no \u00e2mbito do acordo EUR.1.<\/p>\n<p data-start=\"5737\" data-end=\"5863\"><a href=\"https:\/\/festival-factory.com\/pt\/contact-us\/\">Entre em contacto connosco<\/a> para um or\u00e7amento personalizado ou uma verifica\u00e7\u00e3o de conformidade.<\/p>","protected":false},"excerpt":{"rendered":"<p>Introduction: The Power of Preferential Trade with Europe Import duties  [&#8230;]<\/p>\n","protected":false},"author":2,"featured_media":0,"parent":3512,"menu_order":0,"comment_status":"closed","ping_status":"closed","template":"","meta":{"_acf_changed":false,"footnotes":""},"class_list":["post-3916","page","type-page","status-publish","hentry"],"acf":[],"yoast_head":"<!-- This site is optimized with the Yoast SEO plugin v27.4 - https:\/\/yoast.com\/product\/yoast-seo-wordpress\/ -->\n<title>EUR.1 Certificate \u2013 Duty-Free Trade Between Madagascar and the EU<\/title>\n<meta name=\"description\" content=\"Festival Factory offers duty-free shipping to EU countries using the EUR.1 certificate. Explore how your business can benefit from reduced import costs.\" \/>\n<meta name=\"robots\" content=\"index, follow, max-snippet:-1, max-image-preview:large, max-video-preview:-1\" \/>\n<link rel=\"canonical\" href=\"https:\/\/festival-factory.com\/pt\/duty-free-shipping\/eur1-eu\/\" \/>\n<meta property=\"og:locale\" content=\"pt_PT\" \/>\n<meta property=\"og:type\" content=\"article\" \/>\n<meta property=\"og:title\" content=\"EUR.1 Certificate \u2013 Duty-Free Trade Between Madagascar and the EU\" \/>\n<meta property=\"og:description\" content=\"Festival Factory offers duty-free shipping to EU countries using the EUR.1 certificate. Explore how your business can benefit from reduced import costs.\" \/>\n<meta property=\"og:url\" content=\"https:\/\/festival-factory.com\/pt\/duty-free-shipping\/eur1-eu\/\" \/>\n<meta property=\"og:site_name\" content=\"Festival Factory Madagascar\" \/>\n<meta property=\"article:modified_time\" content=\"2025-07-18T15:14:54+00:00\" \/>\n<meta name=\"twitter:card\" content=\"summary_large_image\" \/>\n<meta name=\"twitter:label1\" content=\"Tempo estimado de leitura\" \/>\n\t<meta name=\"twitter:data1\" content=\"4 minutos\" \/>\n<script type=\"application\/ld+json\" class=\"yoast-schema-graph\">{\"@context\":\"https:\\\/\\\/schema.org\",\"@graph\":[{\"@type\":\"WebPage\",\"@id\":\"https:\\\/\\\/festival-factory.com\\\/duty-free-shipping\\\/eur1-eu\\\/\",\"url\":\"https:\\\/\\\/festival-factory.com\\\/duty-free-shipping\\\/eur1-eu\\\/\",\"name\":\"EUR.1 Certificate \u2013 Duty-Free Trade Between Madagascar and the EU\",\"isPartOf\":{\"@id\":\"https:\\\/\\\/festival-factory.com\\\/#website\"},\"datePublished\":\"2025-07-18T14:44:27+00:00\",\"dateModified\":\"2025-07-18T15:14:54+00:00\",\"description\":\"Festival Factory offers duty-free shipping to EU countries using the EUR.1 certificate. Explore how your business can benefit from reduced import costs.\",\"breadcrumb\":{\"@id\":\"https:\\\/\\\/festival-factory.com\\\/duty-free-shipping\\\/eur1-eu\\\/#breadcrumb\"},\"inLanguage\":\"pt-PT\",\"potentialAction\":[{\"@type\":\"ReadAction\",\"target\":[\"https:\\\/\\\/festival-factory.com\\\/duty-free-shipping\\\/eur1-eu\\\/\"]}]},{\"@type\":\"BreadcrumbList\",\"@id\":\"https:\\\/\\\/festival-factory.com\\\/duty-free-shipping\\\/eur1-eu\\\/#breadcrumb\",\"itemListElement\":[{\"@type\":\"ListItem\",\"position\":1,\"name\":\"Home\",\"item\":\"https:\\\/\\\/festival-factory.com\\\/\"},{\"@type\":\"ListItem\",\"position\":2,\"name\":\"Duty-Free Shipping from Madagascar\",\"item\":\"https:\\\/\\\/festival-factory.com\\\/duty-free-shipping\\\/\"},{\"@type\":\"ListItem\",\"position\":3,\"name\":\"EUR.1 \u2013 Duty-Free Shipping to the European Union\"}]},{\"@type\":\"WebSite\",\"@id\":\"https:\\\/\\\/festival-factory.com\\\/#website\",\"url\":\"https:\\\/\\\/festival-factory.com\\\/\",\"name\":\"Festival Factory Madagascar\",\"description\":\"Manufacturing apparel &amp; Costumes with decades of experience\",\"publisher\":{\"@id\":\"https:\\\/\\\/festival-factory.com\\\/#organization\"},\"potentialAction\":[{\"@type\":\"SearchAction\",\"target\":{\"@type\":\"EntryPoint\",\"urlTemplate\":\"https:\\\/\\\/festival-factory.com\\\/?s={search_term_string}\"},\"query-input\":{\"@type\":\"PropertyValueSpecification\",\"valueRequired\":true,\"valueName\":\"search_term_string\"}}],\"inLanguage\":\"pt-PT\"},{\"@type\":\"Organization\",\"@id\":\"https:\\\/\\\/festival-factory.com\\\/#organization\",\"name\":\"Festival Factory Madagascar\",\"url\":\"https:\\\/\\\/festival-factory.com\\\/\",\"logo\":{\"@type\":\"ImageObject\",\"inLanguage\":\"pt-PT\",\"@id\":\"https:\\\/\\\/festival-factory.com\\\/#\\\/schema\\\/logo\\\/image\\\/\",\"url\":\"https:\\\/\\\/festival-factory.com\\\/wp-content\\\/uploads\\\/2025\\\/02\\\/Festival-Logo.png\",\"contentUrl\":\"https:\\\/\\\/festival-factory.com\\\/wp-content\\\/uploads\\\/2025\\\/02\\\/Festival-Logo.png\",\"width\":2000,\"height\":519,\"caption\":\"Festival Factory Madagascar\"},\"image\":{\"@id\":\"https:\\\/\\\/festival-factory.com\\\/#\\\/schema\\\/logo\\\/image\\\/\"}}]}<\/script>\n<!-- \/ Yoast SEO plugin. -->","yoast_head_json":{"title":"EUR.1 Certificado - Com\u00e9rcio isento de direitos aduaneiros entre Madag\u00e1scar e a UE","description":"A Festival Factory oferece transporte isento de impostos para pa\u00edses da UE utilizando o certificado EUR.1. Explore a forma como a sua empresa pode beneficiar de custos de importa\u00e7\u00e3o reduzidos.","robots":{"index":"index","follow":"follow","max-snippet":"max-snippet:-1","max-image-preview":"max-image-preview:large","max-video-preview":"max-video-preview:-1"},"canonical":"https:\/\/festival-factory.com\/pt\/duty-free-shipping\/eur1-eu\/","og_locale":"pt_PT","og_type":"article","og_title":"EUR.1 Certificate \u2013 Duty-Free Trade Between Madagascar and the EU","og_description":"Festival Factory offers duty-free shipping to EU countries using the EUR.1 certificate. Explore how your business can benefit from reduced import costs.","og_url":"https:\/\/festival-factory.com\/pt\/duty-free-shipping\/eur1-eu\/","og_site_name":"Festival Factory Madagascar","article_modified_time":"2025-07-18T15:14:54+00:00","twitter_card":"summary_large_image","twitter_misc":{"Tempo estimado de leitura":"4 minutos"},"schema":{"@context":"https:\/\/schema.org","@graph":[{"@type":"WebPage","@id":"https:\/\/festival-factory.com\/duty-free-shipping\/eur1-eu\/","url":"https:\/\/festival-factory.com\/duty-free-shipping\/eur1-eu\/","name":"EUR.1 Certificado - Com\u00e9rcio isento de direitos aduaneiros entre Madag\u00e1scar e a UE","isPartOf":{"@id":"https:\/\/festival-factory.com\/#website"},"datePublished":"2025-07-18T14:44:27+00:00","dateModified":"2025-07-18T15:14:54+00:00","description":"A Festival Factory oferece transporte isento de impostos para pa\u00edses da UE utilizando o certificado EUR.1. Explore a forma como a sua empresa pode beneficiar de custos de importa\u00e7\u00e3o reduzidos.","breadcrumb":{"@id":"https:\/\/festival-factory.com\/duty-free-shipping\/eur1-eu\/#breadcrumb"},"inLanguage":"pt-PT","potentialAction":[{"@type":"ReadAction","target":["https:\/\/festival-factory.com\/duty-free-shipping\/eur1-eu\/"]}]},{"@type":"BreadcrumbList","@id":"https:\/\/festival-factory.com\/duty-free-shipping\/eur1-eu\/#breadcrumb","itemListElement":[{"@type":"ListItem","position":1,"name":"Home","item":"https:\/\/festival-factory.com\/"},{"@type":"ListItem","position":2,"name":"Duty-Free Shipping from Madagascar","item":"https:\/\/festival-factory.com\/duty-free-shipping\/"},{"@type":"ListItem","position":3,"name":"EUR.1 \u2013 Duty-Free Shipping to the European Union"}]},{"@type":"WebSite","@id":"https:\/\/festival-factory.com\/#website","url":"https:\/\/festival-factory.com\/","name":"Festival Factory Madag\u00e1scar","description":"Fabrico de vestu\u00e1rio e fatos com d\u00e9cadas de experi\u00eancia","publisher":{"@id":"https:\/\/festival-factory.com\/#organization"},"potentialAction":[{"@type":"SearchAction","target":{"@type":"EntryPoint","urlTemplate":"https:\/\/festival-factory.com\/?s={search_term_string}"},"query-input":{"@type":"PropertyValueSpecification","valueRequired":true,"valueName":"search_term_string"}}],"inLanguage":"pt-PT"},{"@type":"Organization","@id":"https:\/\/festival-factory.com\/#organization","name":"Festival Factory Madag\u00e1scar","url":"https:\/\/festival-factory.com\/","logo":{"@type":"ImageObject","inLanguage":"pt-PT","@id":"https:\/\/festival-factory.com\/#\/schema\/logo\/image\/","url":"https:\/\/festival-factory.com\/wp-content\/uploads\/2025\/02\/Festival-Logo.png","contentUrl":"https:\/\/festival-factory.com\/wp-content\/uploads\/2025\/02\/Festival-Logo.png","width":2000,"height":519,"caption":"Festival Factory Madagascar"},"image":{"@id":"https:\/\/festival-factory.com\/#\/schema\/logo\/image\/"}}]}},"_links":{"self":[{"href":"https:\/\/festival-factory.com\/pt\/wp-json\/wp\/v2\/pages\/3916","targetHints":{"allow":["GET"]}}],"collection":[{"href":"https:\/\/festival-factory.com\/pt\/wp-json\/wp\/v2\/pages"}],"about":[{"href":"https:\/\/festival-factory.com\/pt\/wp-json\/wp\/v2\/types\/page"}],"author":[{"embeddable":true,"href":"https:\/\/festival-factory.com\/pt\/wp-json\/wp\/v2\/users\/2"}],"replies":[{"embeddable":true,"href":"https:\/\/festival-factory.com\/pt\/wp-json\/wp\/v2\/comments?post=3916"}],"version-history":[{"count":5,"href":"https:\/\/festival-factory.com\/pt\/wp-json\/wp\/v2\/pages\/3916\/revisions"}],"predecessor-version":[{"id":3939,"href":"https:\/\/festival-factory.com\/pt\/wp-json\/wp\/v2\/pages\/3916\/revisions\/3939"}],"up":[{"embeddable":true,"href":"https:\/\/festival-factory.com\/pt\/wp-json\/wp\/v2\/pages\/3512"}],"wp:attachment":[{"href":"https:\/\/festival-factory.com\/pt\/wp-json\/wp\/v2\/media?parent=3916"}],"curies":[{"name":"wp","href":"https:\/\/api.w.org\/{rel}","templated":true}]}}