{"id":3918,"date":"2025-07-18T14:45:34","date_gmt":"2025-07-18T14:45:34","guid":{"rendered":"https:\/\/festival-factory.com\/?page_id=3918"},"modified":"2025-07-18T15:14:38","modified_gmt":"2025-07-18T15:14:38","slug":"sadc-africa-2","status":"publish","type":"page","link":"https:\/\/festival-factory.com\/pt\/duty-free-shipping\/sadc-africa-2\/","title":{"rendered":"SADC - Expedi\u00e7\u00e3o isenta de direitos aduaneiros para pa\u00edses africanos"},"content":{"rendered":"<h3 data-start=\"629\" data-end=\"692\">Introdu\u00e7\u00e3o: O potencial inexplorado de \u00c1frica no com\u00e9rcio regional<\/h3>\n<p data-start=\"694\" data-end=\"1006\">medida que as economias africanas crescem e a integra\u00e7\u00e3o regional se aprofunda, a import\u00e2ncia da <strong data-start=\"772\" data-end=\"795\">com\u00e9rcio intra-africano<\/strong> nunca foi t\u00e3o grande. O <strong data-start=\"824\" data-end=\"848\">Zona de Com\u00e9rcio Livre da SADC<\/strong> ajuda a eliminar as barreiras comerciais entre os Estados-Membros, permitindo \u00e0s empresas adquirir, produzir e vender em todo o continente <strong data-start=\"973\" data-end=\"1005\">sem pagar direitos de importa\u00e7\u00e3o<\/strong>.<\/p>\n<p data-start=\"1008\" data-end=\"1204\">Para as empresas em \u00c1frica que se abastecem em Madag\u00e1scar, a Festival Factory fornece <strong data-start=\"1084\" data-end=\"1128\">transporte mar\u00edtimo isento de direitos para todos os pa\u00edses da SADC<\/strong>garantindo que as suas encomendas de vestu\u00e1rio e fatos chegam mais rapidamente e custam menos.<\/p>\n<hr data-start=\"1206\" data-end=\"1209\" \/>\n<h3 data-start=\"1211\" data-end=\"1248\">O que \u00e9 o Acordo Comercial da SADC?<\/h3>\n<p data-start=\"1250\" data-end=\"1592\">O <strong data-start=\"1254\" data-end=\"1303\">Comunidade de Desenvolvimento da \u00c1frica Austral (SADC)<\/strong> \u00e9 um bloco regional de 16 pa\u00edses africanos empenhados em promover o crescimento econ\u00f3mico e o desenvolvimento sustent\u00e1veis. No \u00e2mbito do <strong data-start=\"1425\" data-end=\"1453\">Protocolo de Com\u00e9rcio Livre da SADC<\/strong>Os Estados-Membros beneficiam de <strong data-start=\"1475\" data-end=\"1502\">direitos aduaneiros reduzidos ou nulos<\/strong> sobre as mercadorias comercializadas na regi\u00e3o, desde que cumpram os requisitos de origem e de conformidade.<\/p>\n<p data-start=\"1594\" data-end=\"1634\"><strong data-start=\"1594\" data-end=\"1634\">Principais objectivos da coopera\u00e7\u00e3o comercial da SADC:<\/strong><\/p>\n<ul data-start=\"1635\" data-end=\"1772\">\n<li data-start=\"1635\" data-end=\"1686\">\n<p data-start=\"1637\" data-end=\"1686\">Impulsionar a industrializa\u00e7\u00e3o e o fabrico em \u00c1frica<\/p>\n<\/li>\n<li data-start=\"1687\" data-end=\"1732\">\n<p data-start=\"1689\" data-end=\"1732\">Facilitar cadeias de abastecimento regionais eficientes<\/p>\n<\/li>\n<li data-start=\"1733\" data-end=\"1772\">\n<p data-start=\"1735\" data-end=\"1772\">Reduzir os custos do com\u00e9rcio transfronteiri\u00e7o<\/p>\n<\/li>\n<\/ul>\n<hr data-start=\"1774\" data-end=\"1777\" \/>\n<h3 data-start=\"1779\" data-end=\"1808\">O papel de Madag\u00e1scar na SADC<\/h3>\n<p data-start=\"1810\" data-end=\"1924\">Enquanto membro de pleno direito da SADC, Madag\u00e1scar pode exportar mercadorias eleg\u00edveis <strong data-start=\"1875\" data-end=\"1912\">com isen\u00e7\u00e3o de direitos para outros pa\u00edses da SADC<\/strong>, incluindo:<\/p>\n<ul data-start=\"1926\" data-end=\"2075\">\n<li data-start=\"1926\" data-end=\"1944\">\n<p data-start=\"1928\" data-end=\"1944\"><strong data-start=\"1928\" data-end=\"1944\">\u00c1frica do Sul<\/strong><\/p>\n<\/li>\n<li data-start=\"1945\" data-end=\"1959\">\n<p data-start=\"1947\" data-end=\"1959\"><strong data-start=\"1947\" data-end=\"1959\">Botsuana<\/strong><\/p>\n<\/li>\n<li data-start=\"1960\" data-end=\"1973\">\n<p data-start=\"1962\" data-end=\"1973\"><strong data-start=\"1962\" data-end=\"1973\">Nam\u00edbia<\/strong><\/p>\n<\/li>\n<li data-start=\"1974\" data-end=\"1989\">\n<p data-start=\"1976\" data-end=\"1989\"><strong data-start=\"1976\" data-end=\"1989\">Maur\u00edcia<\/strong><\/p>\n<\/li>\n<li data-start=\"1990\" data-end=\"2006\">\n<p data-start=\"1992\" data-end=\"2006\"><strong data-start=\"1992\" data-end=\"2006\">Mo\u00e7ambique<\/strong><\/p>\n<\/li>\n<li data-start=\"2007\" data-end=\"2019\">\n<p data-start=\"2009\" data-end=\"2019\"><strong data-start=\"2009\" data-end=\"2019\">Z\u00e2mbia<\/strong><\/p>\n<\/li>\n<li data-start=\"2020\" data-end=\"2034\">\n<p data-start=\"2022\" data-end=\"2034\"><strong data-start=\"2022\" data-end=\"2034\">Zimbabu\u00e9<\/strong><\/p>\n<\/li>\n<li data-start=\"2035\" data-end=\"2048\">\n<p data-start=\"2037\" data-end=\"2048\"><strong data-start=\"2037\" data-end=\"2048\">Lesoto<\/strong><\/p>\n<\/li>\n<li data-start=\"2049\" data-end=\"2075\">\n<p data-start=\"2051\" data-end=\"2075\"><strong data-start=\"2051\" data-end=\"2063\">Tanz\u00e2nia<\/strong>e outros<\/p>\n<\/li>\n<\/ul>\n<p data-start=\"2077\" data-end=\"2228\">A F\u00e1brica do Festival fornece toda a documenta\u00e7\u00e3o necess\u00e1ria (incluindo <strong data-start=\"2142\" data-end=\"2173\">Certificados de origem da SADC<\/strong>), a fim de assegurar um tratamento aduaneiro harmonioso e a aplica\u00e7\u00e3o de direitos aduaneiros nulos.<\/p>\n<hr data-start=\"2230\" data-end=\"2233\" \/>\n<h3 data-start=\"2235\" data-end=\"2267\">Porque \u00e9 que o abastecimento local \u00e9 importante<\/h3>\n<p data-start=\"2269\" data-end=\"2348\">Ao abastecerem-se num pa\u00eds membro da SADC como Madag\u00e1scar, as empresas africanas podem:<\/p>\n<ul data-start=\"2349\" data-end=\"2557\">\n<li data-start=\"2349\" data-end=\"2397\">\n<p data-start=\"2351\" data-end=\"2397\">Evitar direitos de importa\u00e7\u00e3o dispendiosos da \u00c1sia ou da Europa<\/p>\n<\/li>\n<li data-start=\"2398\" data-end=\"2436\">\n<p data-start=\"2400\" data-end=\"2436\">Reduzir os prazos de entrega e os custos de envio<\/p>\n<\/li>\n<li data-start=\"2437\" data-end=\"2490\">\n<p data-start=\"2439\" data-end=\"2490\">Apoiar os produtos fabricados em \u00c1frica e o desenvolvimento regional<\/p>\n<\/li>\n<li data-start=\"2491\" data-end=\"2557\">\n<p data-start=\"2493\" data-end=\"2557\">Manter n\u00edveis de stock flex\u00edveis com quantidades m\u00ednimas de encomenda reduzidas<\/p>\n<\/li>\n<\/ul>\n<p data-start=\"2559\" data-end=\"2682\">Esta abordagem \u00e9 especialmente \u00fatil para <strong data-start=\"2600\" data-end=\"2621\">Retalhistas africanos<\/strong>, <strong data-start=\"2623\" data-end=\"2641\">planeadores de eventos<\/strong>e <strong data-start=\"2647\" data-end=\"2681\">gabinetes de contratos p\u00fablicos<\/strong>.<\/p>\n<hr data-start=\"2684\" data-end=\"2687\" \/>\n<h3 data-start=\"2689\" data-end=\"2741\">Que produtos s\u00e3o eleg\u00edveis para o estatuto de isen\u00e7\u00e3o de direitos aduaneiros da SADC?<\/h3>\n<p data-start=\"2743\" data-end=\"2826\">A maior parte dos produtos fabricados pela F\u00e1brica de Festivais est\u00e1 abrangida pelas regras da SADC, incluindo<\/p>\n<ul data-start=\"2827\" data-end=\"2964\">\n<li data-start=\"2827\" data-end=\"2855\">\n<p data-start=\"2829\" data-end=\"2855\">Uniformes de marca da empresa<\/p>\n<\/li>\n<li data-start=\"2856\" data-end=\"2883\">\n<p data-start=\"2858\" data-end=\"2883\">Trajes para escolas e eventos<\/p>\n<\/li>\n<li data-start=\"2884\" data-end=\"2914\">\n<p data-start=\"2886\" data-end=\"2914\">Vestu\u00e1rio de moda leve<\/p>\n<\/li>\n<li data-start=\"2915\" data-end=\"2936\">\n<p data-start=\"2917\" data-end=\"2936\">Vestu\u00e1rio com a marca de uma ONG<\/p>\n<\/li>\n<li data-start=\"2937\" data-end=\"2964\">\n<p data-start=\"2939\" data-end=\"2964\">Roupa promocional sazonal<\/p>\n<\/li>\n<\/ul>\n<p data-start=\"2966\" data-end=\"3112\">A nossa produ\u00e7\u00e3o est\u00e1 totalmente em conformidade com <strong data-start=\"3005\" data-end=\"3024\">regras de origem<\/strong> ao abrigo do protocolo da SADC, e prestamos apoio log\u00edstico de ponta a ponta em toda a regi\u00e3o.<\/p>\n<hr data-start=\"3114\" data-end=\"3117\" \/>\n<h3 data-start=\"3119\" data-end=\"3176\">F\u00e1brica do Festival: O seu parceiro regional de fabrico<\/h3>\n<p data-start=\"3178\" data-end=\"3225\">Somos especializados no fornecimento de pa\u00edses da SADC com:<\/p>\n<ul data-start=\"3226\" data-end=\"3400\">\n<li data-start=\"3226\" data-end=\"3272\">\n<p data-start=\"3228\" data-end=\"3272\">Produ\u00e7\u00e3o r\u00e1pida e econ\u00f3mica de produtos t\u00eaxteis<\/p>\n<\/li>\n<li data-start=\"3273\" data-end=\"3316\">\n<p data-start=\"3275\" data-end=\"3316\">Documenta\u00e7\u00e3o e rotulagem em conformidade com a SADC<\/p>\n<\/li>\n<li data-start=\"3317\" data-end=\"3348\">\n<p data-start=\"3319\" data-end=\"3348\">Suporte em ingl\u00eas e franc\u00eas<\/p>\n<\/li>\n<li data-start=\"3349\" data-end=\"3400\">\n<p data-start=\"3351\" data-end=\"3400\">Cronogramas transparentes e comunica\u00e7\u00e3o em tempo real<\/p>\n<\/li>\n<\/ul>\n<p data-start=\"3402\" data-end=\"3551\">Quer esteja sediado em <strong data-start=\"3426\" data-end=\"3461\">Cidade do Cabo, Gaborone, Port Louis<\/strong>, ou <strong data-start=\"3466\" data-end=\"3476\">Maputo<\/strong>A F\u00e1brica do Festival garante a chegada dos seus envios <strong data-start=\"3525\" data-end=\"3550\">isento de direitos e atempado<\/strong>.<\/p>\n<hr data-start=\"3553\" data-end=\"3556\" \/>\n<h3 data-start=\"3558\" data-end=\"3598\">Vamos comercializar a n\u00edvel regional - e de forma mais inteligente<\/h3>\n<p data-start=\"3600\" data-end=\"3862\">Com o com\u00e9rcio intra-africano a ser um ponto fulcral da \u00c1rea de Com\u00e9rcio Livre Continental Africana (AfCFTA), este \u00e9 o momento perfeito para construir cadeias de abastecimento regionais fortes. A Festival Factory est\u00e1 pronta para ser o seu parceiro de fabrico a longo prazo no cora\u00e7\u00e3o do Oceano \u00cdndico.<\/p>\n<p data-start=\"3864\" data-end=\"3988\"><a href=\"https:\/\/festival-factory.com\/pt\/contact-us\/\">Contactar-nos<\/a> hoje para saber como o acordo da SADC pode reduzir os seus custos de importa\u00e7\u00e3o.<\/p>","protected":false},"excerpt":{"rendered":"<p>Introduction: Africa\u2019s Untapped Potential in Regional Trade As African economies  [&#8230;]<\/p>\n","protected":false},"author":2,"featured_media":0,"parent":3512,"menu_order":0,"comment_status":"closed","ping_status":"closed","template":"","meta":{"_acf_changed":false,"footnotes":""},"class_list":["post-3918","page","type-page","status-publish","hentry"],"acf":[],"yoast_head":"<!-- This site is optimized with the Yoast SEO plugin v27.4 - https:\/\/yoast.com\/product\/yoast-seo-wordpress\/ -->\n<title>SADC Trade Agreement \u2013 Duty-Free Shipping Across Africa<\/title>\n<meta name=\"description\" content=\"Festival Factory ships duty-free to African countries through the SADC trade agreement. Discover how this benefits businesses across the continent.\" \/>\n<meta name=\"robots\" content=\"index, follow, max-snippet:-1, max-image-preview:large, max-video-preview:-1\" \/>\n<link rel=\"canonical\" href=\"https:\/\/festival-factory.com\/pt\/duty-free-shipping\/sadc-africa-2\/\" \/>\n<meta property=\"og:locale\" content=\"pt_PT\" \/>\n<meta property=\"og:type\" content=\"article\" \/>\n<meta property=\"og:title\" content=\"SADC Trade Agreement \u2013 Duty-Free Shipping Across Africa\" \/>\n<meta property=\"og:description\" content=\"Festival Factory ships duty-free to African countries through the SADC trade agreement. Discover how this benefits businesses across the continent.\" \/>\n<meta property=\"og:url\" content=\"https:\/\/festival-factory.com\/pt\/duty-free-shipping\/sadc-africa-2\/\" \/>\n<meta property=\"og:site_name\" content=\"Festival Factory Madagascar\" \/>\n<meta property=\"article:modified_time\" content=\"2025-07-18T15:14:38+00:00\" \/>\n<meta name=\"twitter:card\" content=\"summary_large_image\" \/>\n<meta name=\"twitter:label1\" content=\"Tempo estimado de leitura\" \/>\n\t<meta name=\"twitter:data1\" content=\"2 minutos\" \/>\n<script type=\"application\/ld+json\" class=\"yoast-schema-graph\">{\"@context\":\"https:\\\/\\\/schema.org\",\"@graph\":[{\"@type\":\"WebPage\",\"@id\":\"https:\\\/\\\/festival-factory.com\\\/duty-free-shipping\\\/sadc-africa-2\\\/\",\"url\":\"https:\\\/\\\/festival-factory.com\\\/duty-free-shipping\\\/sadc-africa-2\\\/\",\"name\":\"SADC Trade Agreement \u2013 Duty-Free Shipping Across Africa\",\"isPartOf\":{\"@id\":\"https:\\\/\\\/festival-factory.com\\\/#website\"},\"datePublished\":\"2025-07-18T14:45:34+00:00\",\"dateModified\":\"2025-07-18T15:14:38+00:00\",\"description\":\"Festival Factory ships duty-free to African countries through the SADC trade agreement. Discover how this benefits businesses across the continent.\",\"breadcrumb\":{\"@id\":\"https:\\\/\\\/festival-factory.com\\\/duty-free-shipping\\\/sadc-africa-2\\\/#breadcrumb\"},\"inLanguage\":\"pt-PT\",\"potentialAction\":[{\"@type\":\"ReadAction\",\"target\":[\"https:\\\/\\\/festival-factory.com\\\/duty-free-shipping\\\/sadc-africa-2\\\/\"]}]},{\"@type\":\"BreadcrumbList\",\"@id\":\"https:\\\/\\\/festival-factory.com\\\/duty-free-shipping\\\/sadc-africa-2\\\/#breadcrumb\",\"itemListElement\":[{\"@type\":\"ListItem\",\"position\":1,\"name\":\"Home\",\"item\":\"https:\\\/\\\/festival-factory.com\\\/\"},{\"@type\":\"ListItem\",\"position\":2,\"name\":\"Duty-Free Shipping from Madagascar\",\"item\":\"https:\\\/\\\/festival-factory.com\\\/duty-free-shipping\\\/\"},{\"@type\":\"ListItem\",\"position\":3,\"name\":\"SADC \u2013 Duty-Free Shipping to African Countries\"}]},{\"@type\":\"WebSite\",\"@id\":\"https:\\\/\\\/festival-factory.com\\\/#website\",\"url\":\"https:\\\/\\\/festival-factory.com\\\/\",\"name\":\"Festival Factory Madagascar\",\"description\":\"Manufacturing apparel &amp; Costumes with decades of experience\",\"publisher\":{\"@id\":\"https:\\\/\\\/festival-factory.com\\\/#organization\"},\"potentialAction\":[{\"@type\":\"SearchAction\",\"target\":{\"@type\":\"EntryPoint\",\"urlTemplate\":\"https:\\\/\\\/festival-factory.com\\\/?s={search_term_string}\"},\"query-input\":{\"@type\":\"PropertyValueSpecification\",\"valueRequired\":true,\"valueName\":\"search_term_string\"}}],\"inLanguage\":\"pt-PT\"},{\"@type\":\"Organization\",\"@id\":\"https:\\\/\\\/festival-factory.com\\\/#organization\",\"name\":\"Festival Factory Madagascar\",\"url\":\"https:\\\/\\\/festival-factory.com\\\/\",\"logo\":{\"@type\":\"ImageObject\",\"inLanguage\":\"pt-PT\",\"@id\":\"https:\\\/\\\/festival-factory.com\\\/#\\\/schema\\\/logo\\\/image\\\/\",\"url\":\"https:\\\/\\\/festival-factory.com\\\/wp-content\\\/uploads\\\/2025\\\/02\\\/Festival-Logo.png\",\"contentUrl\":\"https:\\\/\\\/festival-factory.com\\\/wp-content\\\/uploads\\\/2025\\\/02\\\/Festival-Logo.png\",\"width\":2000,\"height\":519,\"caption\":\"Festival Factory Madagascar\"},\"image\":{\"@id\":\"https:\\\/\\\/festival-factory.com\\\/#\\\/schema\\\/logo\\\/image\\\/\"}}]}<\/script>\n<!-- \/ Yoast SEO plugin. -->","yoast_head_json":{"title":"Acordo Comercial da SADC - Transporte mar\u00edtimo isento de direitos aduaneiros em toda a \u00c1frica","description":"A Festival Factory envia produtos isentos de direitos para pa\u00edses africanos atrav\u00e9s do acordo comercial da SADC. Descubra como isto beneficia as empresas em todo o continente.","robots":{"index":"index","follow":"follow","max-snippet":"max-snippet:-1","max-image-preview":"max-image-preview:large","max-video-preview":"max-video-preview:-1"},"canonical":"https:\/\/festival-factory.com\/pt\/duty-free-shipping\/sadc-africa-2\/","og_locale":"pt_PT","og_type":"article","og_title":"SADC Trade Agreement \u2013 Duty-Free Shipping Across Africa","og_description":"Festival Factory ships duty-free to African countries through the SADC trade agreement. Discover how this benefits businesses across the continent.","og_url":"https:\/\/festival-factory.com\/pt\/duty-free-shipping\/sadc-africa-2\/","og_site_name":"Festival Factory Madagascar","article_modified_time":"2025-07-18T15:14:38+00:00","twitter_card":"summary_large_image","twitter_misc":{"Tempo estimado de leitura":"2 minutos"},"schema":{"@context":"https:\/\/schema.org","@graph":[{"@type":"WebPage","@id":"https:\/\/festival-factory.com\/duty-free-shipping\/sadc-africa-2\/","url":"https:\/\/festival-factory.com\/duty-free-shipping\/sadc-africa-2\/","name":"Acordo Comercial da SADC - Transporte mar\u00edtimo isento de direitos aduaneiros em toda a \u00c1frica","isPartOf":{"@id":"https:\/\/festival-factory.com\/#website"},"datePublished":"2025-07-18T14:45:34+00:00","dateModified":"2025-07-18T15:14:38+00:00","description":"A Festival Factory envia produtos isentos de direitos para pa\u00edses africanos atrav\u00e9s do acordo comercial da SADC. Descubra como isto beneficia as empresas em todo o continente.","breadcrumb":{"@id":"https:\/\/festival-factory.com\/duty-free-shipping\/sadc-africa-2\/#breadcrumb"},"inLanguage":"pt-PT","potentialAction":[{"@type":"ReadAction","target":["https:\/\/festival-factory.com\/duty-free-shipping\/sadc-africa-2\/"]}]},{"@type":"BreadcrumbList","@id":"https:\/\/festival-factory.com\/duty-free-shipping\/sadc-africa-2\/#breadcrumb","itemListElement":[{"@type":"ListItem","position":1,"name":"Home","item":"https:\/\/festival-factory.com\/"},{"@type":"ListItem","position":2,"name":"Duty-Free Shipping from Madagascar","item":"https:\/\/festival-factory.com\/duty-free-shipping\/"},{"@type":"ListItem","position":3,"name":"SADC \u2013 Duty-Free Shipping to African Countries"}]},{"@type":"WebSite","@id":"https:\/\/festival-factory.com\/#website","url":"https:\/\/festival-factory.com\/","name":"Festival Factory Madag\u00e1scar","description":"Fabrico de vestu\u00e1rio e fatos com d\u00e9cadas de experi\u00eancia","publisher":{"@id":"https:\/\/festival-factory.com\/#organization"},"potentialAction":[{"@type":"SearchAction","target":{"@type":"EntryPoint","urlTemplate":"https:\/\/festival-factory.com\/?s={search_term_string}"},"query-input":{"@type":"PropertyValueSpecification","valueRequired":true,"valueName":"search_term_string"}}],"inLanguage":"pt-PT"},{"@type":"Organization","@id":"https:\/\/festival-factory.com\/#organization","name":"Festival Factory Madag\u00e1scar","url":"https:\/\/festival-factory.com\/","logo":{"@type":"ImageObject","inLanguage":"pt-PT","@id":"https:\/\/festival-factory.com\/#\/schema\/logo\/image\/","url":"https:\/\/festival-factory.com\/wp-content\/uploads\/2025\/02\/Festival-Logo.png","contentUrl":"https:\/\/festival-factory.com\/wp-content\/uploads\/2025\/02\/Festival-Logo.png","width":2000,"height":519,"caption":"Festival Factory Madagascar"},"image":{"@id":"https:\/\/festival-factory.com\/#\/schema\/logo\/image\/"}}]}},"_links":{"self":[{"href":"https:\/\/festival-factory.com\/pt\/wp-json\/wp\/v2\/pages\/3918","targetHints":{"allow":["GET"]}}],"collection":[{"href":"https:\/\/festival-factory.com\/pt\/wp-json\/wp\/v2\/pages"}],"about":[{"href":"https:\/\/festival-factory.com\/pt\/wp-json\/wp\/v2\/types\/page"}],"author":[{"embeddable":true,"href":"https:\/\/festival-factory.com\/pt\/wp-json\/wp\/v2\/users\/2"}],"replies":[{"embeddable":true,"href":"https:\/\/festival-factory.com\/pt\/wp-json\/wp\/v2\/comments?post=3918"}],"version-history":[{"count":4,"href":"https:\/\/festival-factory.com\/pt\/wp-json\/wp\/v2\/pages\/3918\/revisions"}],"predecessor-version":[{"id":3937,"href":"https:\/\/festival-factory.com\/pt\/wp-json\/wp\/v2\/pages\/3918\/revisions\/3937"}],"up":[{"embeddable":true,"href":"https:\/\/festival-factory.com\/pt\/wp-json\/wp\/v2\/pages\/3512"}],"wp:attachment":[{"href":"https:\/\/festival-factory.com\/pt\/wp-json\/wp\/v2\/media?parent=3918"}],"curies":[{"name":"wp","href":"https:\/\/api.w.org\/{rel}","templated":true}]}}