{"id":3920,"date":"2025-07-18T14:46:21","date_gmt":"2025-07-18T14:46:21","guid":{"rendered":"https:\/\/festival-factory.com\/?page_id=3920"},"modified":"2025-07-18T15:14:47","modified_gmt":"2025-07-18T15:14:47","slug":"dcd-australia","status":"publish","type":"page","link":"https:\/\/festival-factory.com\/pt\/duty-free-shipping\/dcd-australia\/","title":{"rendered":"DCD - Expedi\u00e7\u00e3o isenta de direitos aduaneiros para a Austr\u00e1lia"},"content":{"rendered":"<h3 data-start=\"4347\" data-end=\"4416\">Introdu\u00e7\u00e3o: Reduzir os custos de importa\u00e7\u00e3o para os compradores australianos de vestu\u00e1rio<\/h3>\n<p data-start=\"4418\" data-end=\"4751\">Num pa\u00eds como <strong data-start=\"4436\" data-end=\"4449\">Austr\u00e1lia<\/strong>Na \u00c1sia, onde a maior parte do vestu\u00e1rio \u00e9 importada, a gest\u00e3o dos direitos de importa\u00e7\u00e3o \u00e9 uma parte essencial de qualquer estrat\u00e9gia de aprovisionamento. Para os compradores que olham para al\u00e9m da \u00c1sia, o aprovisionamento de Madag\u00e1scar oferece uma oportunidade atraente - especialmente sob a <strong data-start=\"4661\" data-end=\"4675\">Sistema DCD<\/strong>, o que permite <strong data-start=\"4694\" data-end=\"4715\">importa\u00e7\u00f5es com isen\u00e7\u00e3o de direitos<\/strong> dos pa\u00edses em desenvolvimento eleg\u00edveis.<\/p>\n<p data-start=\"4753\" data-end=\"4959\">Em <strong data-start=\"4756\" data-end=\"4776\">F\u00e1brica de Festas<\/strong>Ajudamos as marcas de moda australianas, os retalhistas e os fornecedores de vestu\u00e1rio a reduzir os seus custos de importa\u00e7\u00e3o, tirando partido da <strong data-start=\"4890\" data-end=\"4920\">Documento de Cr\u00e9dito de Direitos (DCD)<\/strong> ao expedir vestu\u00e1rio de Madag\u00e1scar.<\/p>\n<hr data-start=\"4961\" data-end=\"4964\" \/>\n<h3 data-start=\"4966\" data-end=\"4986\">O que \u00e9 a DCD?<\/h3>\n<p data-start=\"4988\" data-end=\"5316\">O <strong data-start=\"4992\" data-end=\"5022\">Documento de Cr\u00e9dito de Direitos (DCD)<\/strong> \u00e9 um sistema que permite o acesso com isen\u00e7\u00e3o de direitos ou com direitos reduzidos ao mercado australiano de mercadorias origin\u00e1rias de <strong data-start=\"5133\" data-end=\"5162\">pa\u00edses menos desenvolvidos<\/strong>. O objetivo \u00e9 promover o com\u00e9rcio com as economias em desenvolvimento, oferecendo simultaneamente aos importadores australianos <strong data-start=\"5255\" data-end=\"5286\">alternativas rent\u00e1veis<\/strong> para os centros de abastecimento tradicionais.<\/p>\n<p data-start=\"5318\" data-end=\"5452\">Madag\u00e1scar \u00e9 reconhecido por este sistema, o que faz com que os produtos da Festival Factory <strong data-start=\"5394\" data-end=\"5425\">eleg\u00edvel para isen\u00e7\u00e3o de direitos<\/strong> \u00e0 chegada \u00e0 Austr\u00e1lia.<\/p>\n<hr data-start=\"5454\" data-end=\"5457\" \/>\n<h3 data-start=\"5459\" data-end=\"5500\">Principais vantagens para os importadores australianos<\/h3>\n<p data-start=\"5502\" data-end=\"5562\">A colabora\u00e7\u00e3o com a F\u00e1brica do Festival no \u00e2mbito do sistema DCD permite<\/p>\n<ul data-start=\"5564\" data-end=\"5762\">\n<li data-start=\"5564\" data-end=\"5608\">\n<p data-start=\"5566\" data-end=\"5608\"><strong data-start=\"5566\" data-end=\"5588\">Zero direitos de importa\u00e7\u00e3o<\/strong> em vestu\u00e1rio eleg\u00edvel<\/p>\n<\/li>\n<li data-start=\"5609\" data-end=\"5639\">\n<p data-start=\"5611\" data-end=\"5639\">Custos globais mais baixos por unidade<\/p>\n<\/li>\n<li data-start=\"5640\" data-end=\"5690\">\n<p data-start=\"5642\" data-end=\"5690\">Cadeias de abastecimento mais curtas do que na \u00c1sia ou na Am\u00e9rica Latina<\/p>\n<\/li>\n<li data-start=\"5691\" data-end=\"5762\">\n<p data-start=\"5693\" data-end=\"5762\">Acesso a um parceiro de fabrico \u00fanico e \u00e9tico no Oceano \u00cdndico<\/p>\n<\/li>\n<\/ul>\n<p data-start=\"5764\" data-end=\"5918\">Quer seja um <strong data-start=\"5781\" data-end=\"5807\">marca de moda boutique<\/strong>, a <strong data-start=\"5811\" data-end=\"5843\">distribuidor de fatos sazonais<\/strong>, ou um <strong data-start=\"5851\" data-end=\"5873\">arranque do com\u00e9rcio eletr\u00f3nico<\/strong>A DCD pode tornar a sua empresa mais rent\u00e1vel.<\/p>\n<hr data-start=\"5920\" data-end=\"5923\" \/>\n<h3 data-start=\"5925\" data-end=\"5970\">Produtos eleg\u00edveis para a introdu\u00e7\u00e3o com isen\u00e7\u00e3o de direitos da DCD<\/h3>\n<p data-start=\"5972\" data-end=\"6058\">A Festival Factory fabrica uma vasta gama de vestu\u00e1rio eleg\u00edvel para os benef\u00edcios da DCD:<\/p>\n<ul data-start=\"6059\" data-end=\"6200\">\n<li data-start=\"6059\" data-end=\"6089\">\n<p data-start=\"6061\" data-end=\"6089\">Fatos de fantasia para crian\u00e7as<\/p>\n<\/li>\n<li data-start=\"6090\" data-end=\"6116\">\n<p data-start=\"6092\" data-end=\"6116\">Roupa de escola e de festa<\/p>\n<\/li>\n<li data-start=\"6117\" data-end=\"6139\">\n<p data-start=\"6119\" data-end=\"6139\">Uniformes de hotelaria<\/p>\n<\/li>\n<li data-start=\"6140\" data-end=\"6174\">\n<p data-start=\"6142\" data-end=\"6174\">Vestu\u00e1rio promocional leve<\/p>\n<\/li>\n<li data-start=\"6175\" data-end=\"6200\">\n<p data-start=\"6177\" data-end=\"6200\">Vestu\u00e1rio de marca personalizado<\/p>\n<\/li>\n<\/ul>\n<p data-start=\"6202\" data-end=\"6338\">Tamb\u00e9m fornecemos toda a documenta\u00e7\u00e3o de exporta\u00e7\u00e3o necess\u00e1ria para apoiar o estatuto de isen\u00e7\u00e3o de direitos ao abrigo da DCD e ajudamos o seu despachante aduaneiro a cumprir a legisla\u00e7\u00e3o.<\/p>\n<hr data-start=\"6340\" data-end=\"6343\" \/>\n<h3 data-start=\"6345\" data-end=\"6384\">Porqu\u00ea escolher Madag\u00e1scar para o aprovisionamento?<\/h3>\n<p data-start=\"6386\" data-end=\"6473\">Enquanto a Austr\u00e1lia importa tradicionalmente da China e do Sudeste Asi\u00e1tico, Madag\u00e1scar oferece:<\/p>\n<ul data-start=\"6474\" data-end=\"6675\">\n<li data-start=\"6474\" data-end=\"6506\">\n<p data-start=\"6476\" data-end=\"6506\">Expedi\u00e7\u00e3o com isen\u00e7\u00e3o de direitos habilitada para DCD<\/p>\n<\/li>\n<li data-start=\"6507\" data-end=\"6569\">\n<p data-start=\"6509\" data-end=\"6569\">Produ\u00e7\u00e3o de vestu\u00e1rio de alta qualidade com pr\u00e1ticas laborais \u00e9ticas<\/p>\n<\/li>\n<li data-start=\"6570\" data-end=\"6625\">\n<p data-start=\"6572\" data-end=\"6625\">Prazos de entrega competitivos para encomendas de pequeno a m\u00e9dio volume<\/p>\n<\/li>\n<li data-start=\"6626\" data-end=\"6675\">\n<p data-start=\"6628\" data-end=\"6675\">Acesso direto do transporte mar\u00edtimo de mercadorias aos portos australianos<\/p>\n<\/li>\n<\/ul>\n<hr data-start=\"6677\" data-end=\"6680\" \/>\n<h3 data-start=\"6682\" data-end=\"6740\">A experi\u00eancia da Festival Factory para o mercado australiano<\/h3>\n<p data-start=\"6742\" data-end=\"6802\">Compreendemos as necessidades dos importadores australianos e fornecemos:<\/p>\n<ul data-start=\"6803\" data-end=\"6987\">\n<li data-start=\"6803\" data-end=\"6840\">\n<p data-start=\"6805\" data-end=\"6840\">Gest\u00e3o de contas em ingl\u00eas<\/p>\n<\/li>\n<li data-start=\"6841\" data-end=\"6883\">\n<p data-start=\"6843\" data-end=\"6883\">Servi\u00e7os de amostragem e desenvolvimento personalizados<\/p>\n<\/li>\n<li data-start=\"6884\" data-end=\"6925\">\n<p data-start=\"6886\" data-end=\"6925\">Produ\u00e7\u00e3o fi\u00e1vel e controlo de qualidade<\/p>\n<\/li>\n<li data-start=\"6926\" data-end=\"6987\">\n<p data-start=\"6928\" data-end=\"6987\">Coordena\u00e7\u00e3o perfeita com transit\u00e1rios internacionais<\/p>\n<\/li>\n<\/ul>\n<hr data-start=\"6989\" data-end=\"6992\" \/>\n<h3 data-start=\"6994\" data-end=\"7022\">Preparado para obter fontes mais inteligentes?<\/h3>\n<p data-start=\"7024\" data-end=\"7154\">A nossa equipa est\u00e1 aqui para o ajudar a desbloquear as vantagens da DCD e a fazer crescer o seu neg\u00f3cio na Austr\u00e1lia com <strong data-start=\"7116\" data-end=\"7137\">importa\u00e7\u00f5es com isen\u00e7\u00e3o de direitos<\/strong> de Madag\u00e1scar.<\/p>\n<p data-start=\"7156\" data-end=\"7285\"><a href=\"https:\/\/festival-factory.com\/pt\/contact-us\/\">Entrar em contacto<\/a> para obter informa\u00e7\u00f5es sobre elegibilidade de produtos e pre\u00e7os.<\/p>","protected":false},"excerpt":{"rendered":"<p>Introduction: Reducing Import Costs for Australian Apparel Buyers In a  [&#8230;]<\/p>\n","protected":false},"author":2,"featured_media":0,"parent":3512,"menu_order":0,"comment_status":"closed","ping_status":"closed","template":"","meta":{"_acf_changed":false,"footnotes":""},"class_list":["post-3920","page","type-page","status-publish","hentry"],"acf":[],"yoast_head":"<!-- This site is optimized with the Yoast SEO plugin v27.4 - https:\/\/yoast.com\/product\/yoast-seo-wordpress\/ -->\n<title>DCD Agreement \u2013 Affordable Imports to Australia from Madagascar<\/title>\n<meta name=\"description\" content=\"Save on import costs with Festival Factory through Madagascar\u2019s DCD agreement with Australia. Enjoy duty-free apparel and costume shipments.\" \/>\n<meta name=\"robots\" content=\"index, follow, max-snippet:-1, max-image-preview:large, max-video-preview:-1\" \/>\n<link rel=\"canonical\" href=\"https:\/\/festival-factory.com\/pt\/duty-free-shipping\/dcd-australia\/\" \/>\n<meta property=\"og:locale\" content=\"pt_PT\" \/>\n<meta property=\"og:type\" content=\"article\" \/>\n<meta property=\"og:title\" content=\"DCD Agreement \u2013 Affordable Imports to Australia from Madagascar\" \/>\n<meta property=\"og:description\" content=\"Save on import costs with Festival Factory through Madagascar\u2019s DCD agreement with Australia. Enjoy duty-free apparel and costume shipments.\" \/>\n<meta property=\"og:url\" content=\"https:\/\/festival-factory.com\/pt\/duty-free-shipping\/dcd-australia\/\" \/>\n<meta property=\"og:site_name\" content=\"Festival Factory Madagascar\" \/>\n<meta property=\"article:modified_time\" content=\"2025-07-18T15:14:47+00:00\" \/>\n<meta name=\"twitter:card\" content=\"summary_large_image\" \/>\n<meta name=\"twitter:label1\" content=\"Tempo estimado de leitura\" \/>\n\t<meta name=\"twitter:data1\" content=\"2 minutos\" \/>\n<script type=\"application\/ld+json\" class=\"yoast-schema-graph\">{\"@context\":\"https:\\\/\\\/schema.org\",\"@graph\":[{\"@type\":\"WebPage\",\"@id\":\"https:\\\/\\\/festival-factory.com\\\/duty-free-shipping\\\/dcd-australia\\\/\",\"url\":\"https:\\\/\\\/festival-factory.com\\\/duty-free-shipping\\\/dcd-australia\\\/\",\"name\":\"DCD Agreement \u2013 Affordable Imports to Australia from Madagascar\",\"isPartOf\":{\"@id\":\"https:\\\/\\\/festival-factory.com\\\/#website\"},\"datePublished\":\"2025-07-18T14:46:21+00:00\",\"dateModified\":\"2025-07-18T15:14:47+00:00\",\"description\":\"Save on import costs with Festival Factory through Madagascar\u2019s DCD agreement with Australia. Enjoy duty-free apparel and costume shipments.\",\"breadcrumb\":{\"@id\":\"https:\\\/\\\/festival-factory.com\\\/duty-free-shipping\\\/dcd-australia\\\/#breadcrumb\"},\"inLanguage\":\"pt-PT\",\"potentialAction\":[{\"@type\":\"ReadAction\",\"target\":[\"https:\\\/\\\/festival-factory.com\\\/duty-free-shipping\\\/dcd-australia\\\/\"]}]},{\"@type\":\"BreadcrumbList\",\"@id\":\"https:\\\/\\\/festival-factory.com\\\/duty-free-shipping\\\/dcd-australia\\\/#breadcrumb\",\"itemListElement\":[{\"@type\":\"ListItem\",\"position\":1,\"name\":\"Home\",\"item\":\"https:\\\/\\\/festival-factory.com\\\/\"},{\"@type\":\"ListItem\",\"position\":2,\"name\":\"Duty-Free Shipping from Madagascar\",\"item\":\"https:\\\/\\\/festival-factory.com\\\/duty-free-shipping\\\/\"},{\"@type\":\"ListItem\",\"position\":3,\"name\":\"DCD \u2013 Duty-Free Shipping to Australia\"}]},{\"@type\":\"WebSite\",\"@id\":\"https:\\\/\\\/festival-factory.com\\\/#website\",\"url\":\"https:\\\/\\\/festival-factory.com\\\/\",\"name\":\"Festival Factory Madagascar\",\"description\":\"Manufacturing apparel &amp; Costumes with decades of experience\",\"publisher\":{\"@id\":\"https:\\\/\\\/festival-factory.com\\\/#organization\"},\"potentialAction\":[{\"@type\":\"SearchAction\",\"target\":{\"@type\":\"EntryPoint\",\"urlTemplate\":\"https:\\\/\\\/festival-factory.com\\\/?s={search_term_string}\"},\"query-input\":{\"@type\":\"PropertyValueSpecification\",\"valueRequired\":true,\"valueName\":\"search_term_string\"}}],\"inLanguage\":\"pt-PT\"},{\"@type\":\"Organization\",\"@id\":\"https:\\\/\\\/festival-factory.com\\\/#organization\",\"name\":\"Festival Factory Madagascar\",\"url\":\"https:\\\/\\\/festival-factory.com\\\/\",\"logo\":{\"@type\":\"ImageObject\",\"inLanguage\":\"pt-PT\",\"@id\":\"https:\\\/\\\/festival-factory.com\\\/#\\\/schema\\\/logo\\\/image\\\/\",\"url\":\"https:\\\/\\\/festival-factory.com\\\/wp-content\\\/uploads\\\/2025\\\/02\\\/Festival-Logo.png\",\"contentUrl\":\"https:\\\/\\\/festival-factory.com\\\/wp-content\\\/uploads\\\/2025\\\/02\\\/Festival-Logo.png\",\"width\":2000,\"height\":519,\"caption\":\"Festival Factory Madagascar\"},\"image\":{\"@id\":\"https:\\\/\\\/festival-factory.com\\\/#\\\/schema\\\/logo\\\/image\\\/\"}}]}<\/script>\n<!-- \/ Yoast SEO plugin. -->","yoast_head_json":{"title":"Acordo DCD - Importa\u00e7\u00f5es a pre\u00e7os acess\u00edveis para a Austr\u00e1lia a partir de Madag\u00e1scar","description":"Poupe nos custos de importa\u00e7\u00e3o com a Festival Factory atrav\u00e9s do acordo DCD de Madag\u00e1scar com a Austr\u00e1lia. Desfrute de envios de vestu\u00e1rio e fatos isentos de impostos.","robots":{"index":"index","follow":"follow","max-snippet":"max-snippet:-1","max-image-preview":"max-image-preview:large","max-video-preview":"max-video-preview:-1"},"canonical":"https:\/\/festival-factory.com\/pt\/duty-free-shipping\/dcd-australia\/","og_locale":"pt_PT","og_type":"article","og_title":"DCD Agreement \u2013 Affordable Imports to Australia from Madagascar","og_description":"Save on import costs with Festival Factory through Madagascar\u2019s DCD agreement with Australia. Enjoy duty-free apparel and costume shipments.","og_url":"https:\/\/festival-factory.com\/pt\/duty-free-shipping\/dcd-australia\/","og_site_name":"Festival Factory Madagascar","article_modified_time":"2025-07-18T15:14:47+00:00","twitter_card":"summary_large_image","twitter_misc":{"Tempo estimado de leitura":"2 minutos"},"schema":{"@context":"https:\/\/schema.org","@graph":[{"@type":"WebPage","@id":"https:\/\/festival-factory.com\/duty-free-shipping\/dcd-australia\/","url":"https:\/\/festival-factory.com\/duty-free-shipping\/dcd-australia\/","name":"Acordo DCD - Importa\u00e7\u00f5es a pre\u00e7os acess\u00edveis para a Austr\u00e1lia a partir de Madag\u00e1scar","isPartOf":{"@id":"https:\/\/festival-factory.com\/#website"},"datePublished":"2025-07-18T14:46:21+00:00","dateModified":"2025-07-18T15:14:47+00:00","description":"Poupe nos custos de importa\u00e7\u00e3o com a Festival Factory atrav\u00e9s do acordo DCD de Madag\u00e1scar com a Austr\u00e1lia. Desfrute de envios de vestu\u00e1rio e fatos isentos de impostos.","breadcrumb":{"@id":"https:\/\/festival-factory.com\/duty-free-shipping\/dcd-australia\/#breadcrumb"},"inLanguage":"pt-PT","potentialAction":[{"@type":"ReadAction","target":["https:\/\/festival-factory.com\/duty-free-shipping\/dcd-australia\/"]}]},{"@type":"BreadcrumbList","@id":"https:\/\/festival-factory.com\/duty-free-shipping\/dcd-australia\/#breadcrumb","itemListElement":[{"@type":"ListItem","position":1,"name":"Home","item":"https:\/\/festival-factory.com\/"},{"@type":"ListItem","position":2,"name":"Duty-Free Shipping from Madagascar","item":"https:\/\/festival-factory.com\/duty-free-shipping\/"},{"@type":"ListItem","position":3,"name":"DCD \u2013 Duty-Free Shipping to Australia"}]},{"@type":"WebSite","@id":"https:\/\/festival-factory.com\/#website","url":"https:\/\/festival-factory.com\/","name":"Festival Factory Madag\u00e1scar","description":"Fabrico de vestu\u00e1rio e fatos com d\u00e9cadas de experi\u00eancia","publisher":{"@id":"https:\/\/festival-factory.com\/#organization"},"potentialAction":[{"@type":"SearchAction","target":{"@type":"EntryPoint","urlTemplate":"https:\/\/festival-factory.com\/?s={search_term_string}"},"query-input":{"@type":"PropertyValueSpecification","valueRequired":true,"valueName":"search_term_string"}}],"inLanguage":"pt-PT"},{"@type":"Organization","@id":"https:\/\/festival-factory.com\/#organization","name":"Festival Factory Madag\u00e1scar","url":"https:\/\/festival-factory.com\/","logo":{"@type":"ImageObject","inLanguage":"pt-PT","@id":"https:\/\/festival-factory.com\/#\/schema\/logo\/image\/","url":"https:\/\/festival-factory.com\/wp-content\/uploads\/2025\/02\/Festival-Logo.png","contentUrl":"https:\/\/festival-factory.com\/wp-content\/uploads\/2025\/02\/Festival-Logo.png","width":2000,"height":519,"caption":"Festival Factory Madagascar"},"image":{"@id":"https:\/\/festival-factory.com\/#\/schema\/logo\/image\/"}}]}},"_links":{"self":[{"href":"https:\/\/festival-factory.com\/pt\/wp-json\/wp\/v2\/pages\/3920","targetHints":{"allow":["GET"]}}],"collection":[{"href":"https:\/\/festival-factory.com\/pt\/wp-json\/wp\/v2\/pages"}],"about":[{"href":"https:\/\/festival-factory.com\/pt\/wp-json\/wp\/v2\/types\/page"}],"author":[{"embeddable":true,"href":"https:\/\/festival-factory.com\/pt\/wp-json\/wp\/v2\/users\/2"}],"replies":[{"embeddable":true,"href":"https:\/\/festival-factory.com\/pt\/wp-json\/wp\/v2\/comments?post=3920"}],"version-history":[{"count":4,"href":"https:\/\/festival-factory.com\/pt\/wp-json\/wp\/v2\/pages\/3920\/revisions"}],"predecessor-version":[{"id":3936,"href":"https:\/\/festival-factory.com\/pt\/wp-json\/wp\/v2\/pages\/3920\/revisions\/3936"}],"up":[{"embeddable":true,"href":"https:\/\/festival-factory.com\/pt\/wp-json\/wp\/v2\/pages\/3512"}],"wp:attachment":[{"href":"https:\/\/festival-factory.com\/pt\/wp-json\/wp\/v2\/media?parent=3920"}],"curies":[{"name":"wp","href":"https:\/\/api.w.org\/{rel}","templated":true}]}}