{"id":3922,"date":"2025-07-18T14:47:30","date_gmt":"2025-07-18T14:47:30","guid":{"rendered":"https:\/\/festival-factory.com\/?page_id=3922"},"modified":"2025-07-18T19:41:07","modified_gmt":"2025-07-18T19:41:07","slug":"dcts-uk","status":"publish","type":"page","link":"https:\/\/festival-factory.com\/pt\/duty-free-shipping\/dcts-uk\/","title":{"rendered":"DCTS - Transporte mar\u00edtimo isento de direitos para a Gr\u00e3-Bretanha"},"content":{"rendered":"<h3 data-start=\"7646\" data-end=\"7712\">Introdu\u00e7\u00e3o: Uma nova era de com\u00e9rcio entre o Reino Unido e Madag\u00e1scar<\/h3>\n<p data-start=\"7714\" data-end=\"7954\">Desde o Brexit, o Reino Unido implementou novas pol\u00edticas comerciais para apoiar o abastecimento de pa\u00edses em desenvolvimento. Uma das ferramentas mais poderosas para os importadores \u00e9 a <strong data-start=\"7869\" data-end=\"7915\">Regime de com\u00e9rcio com os pa\u00edses em desenvolvimento (DCTS)<\/strong> - e Madag\u00e1scar \u00e9 um dos principais benefici\u00e1rios.<\/p>\n<p data-start=\"7956\" data-end=\"8216\">Em <strong data-start=\"7959\" data-end=\"7979\">F\u00e1brica de Festas<\/strong>Utilizamos o DCTS para fornecer aos nossos clientes sediados no Reino Unido <strong data-start=\"8030\" data-end=\"8099\">acesso com isen\u00e7\u00e3o de direitos aduaneiros a produtos de vestu\u00e1rio, trajes e t\u00eaxteis personalizados<\/strong>. Se estiver a importar de Madag\u00e1scar, a DCTS \u00e9 o seu atalho para <strong data-start=\"8163\" data-end=\"8215\">poupan\u00e7as significativas e desalfandegamento sem problemas<\/strong>.<\/p>\n<hr data-start=\"8218\" data-end=\"8221\" \/>\n<h3 data-start=\"8223\" data-end=\"8244\">O que \u00e9 o DCTS?<\/h3>\n<p data-start=\"8246\" data-end=\"8515\">Lan\u00e7ado em 2023, o <strong data-start=\"8268\" data-end=\"8314\">Regime de com\u00e9rcio com os pa\u00edses em desenvolvimento (DCTS)<\/strong> substitui o sistema SPG da UE para o com\u00e9rcio com os pa\u00edses em desenvolvimento. Este sistema permite <strong data-start=\"8390\" data-end=\"8431\">pa\u00edses de rendimento baixo e m\u00e9dio-baixo<\/strong> para exportar mercadorias para os <strong data-start=\"8455\" data-end=\"8478\">Mercado do Reino Unido com isen\u00e7\u00e3o de direitos<\/strong>desde que cumpram as regras de origem.<\/p>\n<p data-start=\"8517\" data-end=\"8626\">Madag\u00e1scar \u00e9 eleg\u00edvel a t\u00edtulo da <strong data-start=\"8548\" data-end=\"8577\">Escal\u00e3o de prefer\u00eancias refor\u00e7adas<\/strong>que abrange a maior parte do vestu\u00e1rio e dos produtos t\u00eaxteis.<\/p>\n<hr data-start=\"8628\" data-end=\"8631\" \/>\n<h3 data-start=\"8633\" data-end=\"8670\">Vantagens do DCTS para os importadores do Reino Unido<\/h3>\n<p data-start=\"8672\" data-end=\"8718\">Com a DCTS, a Festival Factory oferece aos clientes do Reino Unido:<\/p>\n<ul data-start=\"8719\" data-end=\"8909\">\n<li data-start=\"8719\" data-end=\"8766\">\n<p data-start=\"8721\" data-end=\"8766\"><strong data-start=\"8721\" data-end=\"8743\">Zero direitos de importa\u00e7\u00e3o<\/strong> em vestu\u00e1rio eleg\u00edvel<\/p>\n<\/li>\n<li data-start=\"8767\" data-end=\"8802\">\n<p data-start=\"8769\" data-end=\"8802\">Redu\u00e7\u00e3o da burocracia na fronteira do Reino Unido<\/p>\n<\/li>\n<li data-start=\"8803\" data-end=\"8855\">\n<p data-start=\"8805\" data-end=\"8855\">Melhores pre\u00e7os em rela\u00e7\u00e3o a parceiros comerciais n\u00e3o preferenciais<\/p>\n<\/li>\n<li data-start=\"8856\" data-end=\"8909\">\n<p data-start=\"8858\" data-end=\"8909\">Apoio r\u00e1pido e fi\u00e1vel em mat\u00e9ria de documenta\u00e7\u00e3o e log\u00edstica<\/p>\n<\/li>\n<\/ul>\n<hr data-start=\"8911\" data-end=\"8914\" \/>\n<h3 data-start=\"8916\" data-end=\"8944\">Quem deve utilizar o DCTS?<\/h3>\n<p data-start=\"8946\" data-end=\"8973\">O DCTS \u00e9 ideal para quem vive no Reino Unido:<\/p>\n<ul data-start=\"8974\" data-end=\"9122\">\n<li data-start=\"8974\" data-end=\"9014\">\n<p data-start=\"8976\" data-end=\"9014\">Startups de moda e marcas de streetwear<\/p>\n<\/li>\n<li data-start=\"9015\" data-end=\"9051\">\n<p data-start=\"9017\" data-end=\"9051\">Retalhistas e lojas de m\u00e1scaras em linha<\/p>\n<\/li>\n<li data-start=\"9052\" data-end=\"9084\">\n<p data-start=\"9054\" data-end=\"9084\">Empresas de vestu\u00e1rio promocional<\/p>\n<\/li>\n<li data-start=\"9085\" data-end=\"9122\">\n<p data-start=\"9087\" data-end=\"9122\">Organizadores de eventos e grupos de teatro<\/p>\n<\/li>\n<\/ul>\n<p data-start=\"9124\" data-end=\"9251\">Se est\u00e1 cansado de pagar direitos aduaneiros elevados da \u00c1sia ou de se debater com as regras de abastecimento da UE p\u00f3s-Brexit, Madag\u00e1scar \u00e9 a sua solu\u00e7\u00e3o.<\/p>\n<hr data-start=\"9253\" data-end=\"9256\" \/>\n<h3 data-start=\"9258\" data-end=\"9317\">Festival Factory: O seu parceiro de fabrico centrado no Reino Unido<\/h3>\n<p data-start=\"9319\" data-end=\"9371\">Estamos totalmente preparados para satisfazer as necessidades dos compradores do Reino Unido, oferecendo:<\/p>\n<ul data-start=\"9372\" data-end=\"9521\">\n<li data-start=\"9372\" data-end=\"9406\">\n<p data-start=\"9374\" data-end=\"9406\">Amostras e produ\u00e7\u00e3o a curto prazo<\/p>\n<\/li>\n<li data-start=\"9407\" data-end=\"9442\">\n<p data-start=\"9409\" data-end=\"9442\">Apoio ao cliente em ingl\u00eas<\/p>\n<\/li>\n<li data-start=\"9443\" data-end=\"9480\">\n<p data-start=\"9445\" data-end=\"9480\">Documenta\u00e7\u00e3o de exporta\u00e7\u00e3o em conformidade com a DCTS<\/p>\n<\/li>\n<li data-start=\"9481\" data-end=\"9521\">\n<p data-start=\"9483\" data-end=\"9521\">Entrega atempada e garantia de qualidade<\/p>\n<\/li>\n<\/ul>\n<hr data-start=\"9523\" data-end=\"9526\" \/>\n<h3 data-start=\"9528\" data-end=\"9554\">Que produtos s\u00e3o eleg\u00edveis?<\/h3>\n<p data-start=\"9556\" data-end=\"9625\">A maior parte do nosso vestu\u00e1rio insere-se nas categorias eleg\u00edveis para o DCTS, incluindo<\/p>\n<ul data-start=\"9626\" data-end=\"9741\">\n<li data-start=\"9626\" data-end=\"9655\">\n<p data-start=\"9628\" data-end=\"9655\">Trajes para festivais e eventos<\/p>\n<\/li>\n<li data-start=\"9656\" data-end=\"9684\">\n<p data-start=\"9658\" data-end=\"9684\">Vestu\u00e1rio infantil tem\u00e1tico<\/p>\n<\/li>\n<li data-start=\"9685\" data-end=\"9712\">\n<p data-start=\"9687\" data-end=\"9712\">Uniformes escolares e de grupo<\/p>\n<\/li>\n<li data-start=\"9713\" data-end=\"9741\">\n<p data-start=\"9715\" data-end=\"9741\">Vestu\u00e1rio promocional personalizado<\/p>\n<\/li>\n<\/ul>\n<p data-start=\"9743\" data-end=\"9845\">A nossa equipa assegura que cada remessa inclui as declara\u00e7\u00f5es de origem corretas para receber a isen\u00e7\u00e3o total de tarifas.<\/p>\n<hr data-start=\"9847\" data-end=\"9850\" \/>\n<h3 data-start=\"9852\" data-end=\"9888\">Vamos reduzir os seus custos p\u00f3s-Brexit<\/h3>\n<p data-start=\"9890\" data-end=\"10082\">Com tantos importadores do Reino Unido a procurarem diversificar as suas cadeias de abastecimento, Madag\u00e1scar oferece uma <strong data-start=\"9978\" data-end=\"9999\">alternativa fresca<\/strong> com vantagens econ\u00f3micas reais. O DCTS \u00e9 a ponte - a F\u00e1brica de Festivais \u00e9 o parceiro.<\/p>\n<p data-start=\"10084\" data-end=\"10223\"><a href=\"https:\/\/festival-factory.com\/pt\/contact-us\/\">Enviar-nos uma mensagem<\/a> para confirmar a elegibilidade e explorar a sua pr\u00f3xima produ\u00e7\u00e3o.<\/p>","protected":false},"excerpt":{"rendered":"<p>Introduction: A New Era of Trade Between the UK and  [&#8230;]<\/p>\n","protected":false},"author":2,"featured_media":0,"parent":3512,"menu_order":0,"comment_status":"closed","ping_status":"closed","template":"","meta":{"_acf_changed":false,"footnotes":""},"class_list":["post-3922","page","type-page","status-publish","hentry"],"acf":[],"yoast_head":"<!-- This site is optimized with the Yoast SEO plugin v27.4 - https:\/\/yoast.com\/product\/yoast-seo-wordpress\/ -->\n<title>DCTS Agreement \u2013 Duty-Free Trade with the UK Post-Brexit<\/title>\n<meta name=\"description\" content=\"Ship apparel duty-free to the UK with Festival Factory under the DCTS. Learn how this agreement simplifies imports for British buyers.\" \/>\n<meta name=\"robots\" content=\"index, follow, max-snippet:-1, max-image-preview:large, max-video-preview:-1\" \/>\n<link rel=\"canonical\" href=\"https:\/\/festival-factory.com\/pt\/duty-free-shipping\/dcts-uk\/\" \/>\n<meta property=\"og:locale\" content=\"pt_PT\" \/>\n<meta property=\"og:type\" content=\"article\" \/>\n<meta property=\"og:title\" content=\"DCTS Agreement \u2013 Duty-Free Trade with the UK Post-Brexit\" \/>\n<meta property=\"og:description\" content=\"Ship apparel duty-free to the UK with Festival Factory under the DCTS. Learn how this agreement simplifies imports for British buyers.\" \/>\n<meta property=\"og:url\" content=\"https:\/\/festival-factory.com\/pt\/duty-free-shipping\/dcts-uk\/\" \/>\n<meta property=\"og:site_name\" content=\"Festival Factory Madagascar\" \/>\n<meta property=\"article:modified_time\" content=\"2025-07-18T19:41:07+00:00\" \/>\n<meta name=\"twitter:card\" content=\"summary_large_image\" \/>\n<meta name=\"twitter:label1\" content=\"Tempo estimado de leitura\" \/>\n\t<meta name=\"twitter:data1\" content=\"2 minutos\" \/>\n<script type=\"application\/ld+json\" class=\"yoast-schema-graph\">{\"@context\":\"https:\\\/\\\/schema.org\",\"@graph\":[{\"@type\":\"WebPage\",\"@id\":\"https:\\\/\\\/festival-factory.com\\\/duty-free-shipping\\\/dcts-uk\\\/\",\"url\":\"https:\\\/\\\/festival-factory.com\\\/duty-free-shipping\\\/dcts-uk\\\/\",\"name\":\"DCTS Agreement \u2013 Duty-Free Trade with the UK Post-Brexit\",\"isPartOf\":{\"@id\":\"https:\\\/\\\/festival-factory.com\\\/#website\"},\"datePublished\":\"2025-07-18T14:47:30+00:00\",\"dateModified\":\"2025-07-18T19:41:07+00:00\",\"description\":\"Ship apparel duty-free to the UK with Festival Factory under the DCTS. Learn how this agreement simplifies imports for British buyers.\",\"breadcrumb\":{\"@id\":\"https:\\\/\\\/festival-factory.com\\\/duty-free-shipping\\\/dcts-uk\\\/#breadcrumb\"},\"inLanguage\":\"pt-PT\",\"potentialAction\":[{\"@type\":\"ReadAction\",\"target\":[\"https:\\\/\\\/festival-factory.com\\\/duty-free-shipping\\\/dcts-uk\\\/\"]}]},{\"@type\":\"BreadcrumbList\",\"@id\":\"https:\\\/\\\/festival-factory.com\\\/duty-free-shipping\\\/dcts-uk\\\/#breadcrumb\",\"itemListElement\":[{\"@type\":\"ListItem\",\"position\":1,\"name\":\"Home\",\"item\":\"https:\\\/\\\/festival-factory.com\\\/\"},{\"@type\":\"ListItem\",\"position\":2,\"name\":\"Duty-Free Shipping from Madagascar\",\"item\":\"https:\\\/\\\/festival-factory.com\\\/duty-free-shipping\\\/\"},{\"@type\":\"ListItem\",\"position\":3,\"name\":\"DCTS \u2013 Duty-Free Shipping to Great Britain\"}]},{\"@type\":\"WebSite\",\"@id\":\"https:\\\/\\\/festival-factory.com\\\/#website\",\"url\":\"https:\\\/\\\/festival-factory.com\\\/\",\"name\":\"Festival Factory Madagascar\",\"description\":\"Manufacturing apparel &amp; Costumes with decades of experience\",\"publisher\":{\"@id\":\"https:\\\/\\\/festival-factory.com\\\/#organization\"},\"potentialAction\":[{\"@type\":\"SearchAction\",\"target\":{\"@type\":\"EntryPoint\",\"urlTemplate\":\"https:\\\/\\\/festival-factory.com\\\/?s={search_term_string}\"},\"query-input\":{\"@type\":\"PropertyValueSpecification\",\"valueRequired\":true,\"valueName\":\"search_term_string\"}}],\"inLanguage\":\"pt-PT\"},{\"@type\":\"Organization\",\"@id\":\"https:\\\/\\\/festival-factory.com\\\/#organization\",\"name\":\"Festival Factory Madagascar\",\"url\":\"https:\\\/\\\/festival-factory.com\\\/\",\"logo\":{\"@type\":\"ImageObject\",\"inLanguage\":\"pt-PT\",\"@id\":\"https:\\\/\\\/festival-factory.com\\\/#\\\/schema\\\/logo\\\/image\\\/\",\"url\":\"https:\\\/\\\/festival-factory.com\\\/wp-content\\\/uploads\\\/2025\\\/02\\\/Festival-Logo.png\",\"contentUrl\":\"https:\\\/\\\/festival-factory.com\\\/wp-content\\\/uploads\\\/2025\\\/02\\\/Festival-Logo.png\",\"width\":2000,\"height\":519,\"caption\":\"Festival Factory Madagascar\"},\"image\":{\"@id\":\"https:\\\/\\\/festival-factory.com\\\/#\\\/schema\\\/logo\\\/image\\\/\"}}]}<\/script>\n<!-- \/ Yoast SEO plugin. -->","yoast_head_json":{"title":"Acordo DCTS - Com\u00e9rcio isento de direitos aduaneiros com o Reino Unido p\u00f3s-Brexit","description":"Envie vestu\u00e1rio com isen\u00e7\u00e3o de direitos para o Reino Unido com a Festival Factory ao abrigo do DCTS. Saiba como este acordo simplifica as importa\u00e7\u00f5es para os compradores brit\u00e2nicos.","robots":{"index":"index","follow":"follow","max-snippet":"max-snippet:-1","max-image-preview":"max-image-preview:large","max-video-preview":"max-video-preview:-1"},"canonical":"https:\/\/festival-factory.com\/pt\/duty-free-shipping\/dcts-uk\/","og_locale":"pt_PT","og_type":"article","og_title":"DCTS Agreement \u2013 Duty-Free Trade with the UK Post-Brexit","og_description":"Ship apparel duty-free to the UK with Festival Factory under the DCTS. Learn how this agreement simplifies imports for British buyers.","og_url":"https:\/\/festival-factory.com\/pt\/duty-free-shipping\/dcts-uk\/","og_site_name":"Festival Factory Madagascar","article_modified_time":"2025-07-18T19:41:07+00:00","twitter_card":"summary_large_image","twitter_misc":{"Tempo estimado de leitura":"2 minutos"},"schema":{"@context":"https:\/\/schema.org","@graph":[{"@type":"WebPage","@id":"https:\/\/festival-factory.com\/duty-free-shipping\/dcts-uk\/","url":"https:\/\/festival-factory.com\/duty-free-shipping\/dcts-uk\/","name":"Acordo DCTS - Com\u00e9rcio isento de direitos aduaneiros com o Reino Unido p\u00f3s-Brexit","isPartOf":{"@id":"https:\/\/festival-factory.com\/#website"},"datePublished":"2025-07-18T14:47:30+00:00","dateModified":"2025-07-18T19:41:07+00:00","description":"Envie vestu\u00e1rio com isen\u00e7\u00e3o de direitos para o Reino Unido com a Festival Factory ao abrigo do DCTS. Saiba como este acordo simplifica as importa\u00e7\u00f5es para os compradores brit\u00e2nicos.","breadcrumb":{"@id":"https:\/\/festival-factory.com\/duty-free-shipping\/dcts-uk\/#breadcrumb"},"inLanguage":"pt-PT","potentialAction":[{"@type":"ReadAction","target":["https:\/\/festival-factory.com\/duty-free-shipping\/dcts-uk\/"]}]},{"@type":"BreadcrumbList","@id":"https:\/\/festival-factory.com\/duty-free-shipping\/dcts-uk\/#breadcrumb","itemListElement":[{"@type":"ListItem","position":1,"name":"Home","item":"https:\/\/festival-factory.com\/"},{"@type":"ListItem","position":2,"name":"Duty-Free Shipping from Madagascar","item":"https:\/\/festival-factory.com\/duty-free-shipping\/"},{"@type":"ListItem","position":3,"name":"DCTS \u2013 Duty-Free Shipping to Great Britain"}]},{"@type":"WebSite","@id":"https:\/\/festival-factory.com\/#website","url":"https:\/\/festival-factory.com\/","name":"Festival Factory Madag\u00e1scar","description":"Fabrico de vestu\u00e1rio e fatos com d\u00e9cadas de experi\u00eancia","publisher":{"@id":"https:\/\/festival-factory.com\/#organization"},"potentialAction":[{"@type":"SearchAction","target":{"@type":"EntryPoint","urlTemplate":"https:\/\/festival-factory.com\/?s={search_term_string}"},"query-input":{"@type":"PropertyValueSpecification","valueRequired":true,"valueName":"search_term_string"}}],"inLanguage":"pt-PT"},{"@type":"Organization","@id":"https:\/\/festival-factory.com\/#organization","name":"Festival Factory Madag\u00e1scar","url":"https:\/\/festival-factory.com\/","logo":{"@type":"ImageObject","inLanguage":"pt-PT","@id":"https:\/\/festival-factory.com\/#\/schema\/logo\/image\/","url":"https:\/\/festival-factory.com\/wp-content\/uploads\/2025\/02\/Festival-Logo.png","contentUrl":"https:\/\/festival-factory.com\/wp-content\/uploads\/2025\/02\/Festival-Logo.png","width":2000,"height":519,"caption":"Festival Factory Madagascar"},"image":{"@id":"https:\/\/festival-factory.com\/#\/schema\/logo\/image\/"}}]}},"_links":{"self":[{"href":"https:\/\/festival-factory.com\/pt\/wp-json\/wp\/v2\/pages\/3922","targetHints":{"allow":["GET"]}}],"collection":[{"href":"https:\/\/festival-factory.com\/pt\/wp-json\/wp\/v2\/pages"}],"about":[{"href":"https:\/\/festival-factory.com\/pt\/wp-json\/wp\/v2\/types\/page"}],"author":[{"embeddable":true,"href":"https:\/\/festival-factory.com\/pt\/wp-json\/wp\/v2\/users\/2"}],"replies":[{"embeddable":true,"href":"https:\/\/festival-factory.com\/pt\/wp-json\/wp\/v2\/comments?post=3922"}],"version-history":[{"count":3,"href":"https:\/\/festival-factory.com\/pt\/wp-json\/wp\/v2\/pages\/3922\/revisions"}],"predecessor-version":[{"id":3934,"href":"https:\/\/festival-factory.com\/pt\/wp-json\/wp\/v2\/pages\/3922\/revisions\/3934"}],"up":[{"embeddable":true,"href":"https:\/\/festival-factory.com\/pt\/wp-json\/wp\/v2\/pages\/3512"}],"wp:attachment":[{"href":"https:\/\/festival-factory.com\/pt\/wp-json\/wp\/v2\/media?parent=3922"}],"curies":[{"name":"wp","href":"https:\/\/api.w.org\/{rel}","templated":true}]}}