{"id":3413,"date":"2025-02-12T15:07:38","date_gmt":"2025-02-12T15:07:38","guid":{"rendered":"https:\/\/festival-factory.com\/?page_id=3413"},"modified":"2025-06-24T09:33:48","modified_gmt":"2025-06-24T09:33:48","slug":"sample-room-pre-production","status":"publish","type":"page","link":"https:\/\/festival-factory.com\/sv\/sample-room-pre-production\/","title":{"rendered":"Provrum &amp; f\u00f6rproduktion"},"content":{"rendered":"<p><div class=\"fusion-fullwidth fullwidth-box fusion-builder-row-1 fusion-flex-container has-pattern-background has-mask-background nonhundred-percent-fullwidth non-hundred-percent-height-scrolling\" style=\"--awb-border-radius-top-left:0px;--awb-border-radius-top-right:0px;--awb-border-radius-bottom-right:0px;--awb-border-radius-bottom-left:0px;--awb-flex-wrap:wrap;\" ><div class=\"fusion-builder-row fusion-row fusion-flex-align-items-flex-start fusion-flex-content-wrap\" style=\"max-width:1372.8px;margin-left: calc(-4% \/ 2 );margin-right: calc(-4% \/ 2 );\"><div class=\"fusion-layout-column fusion_builder_column fusion-builder-column-0 fusion_builder_column_1_1 1_1 fusion-flex-column\" style=\"--awb-bg-size:cover;--awb-width-large:100%;--awb-margin-top-large:0px;--awb-spacing-right-large:1.92%;--awb-margin-bottom-large:20px;--awb-spacing-left-large:1.92%;--awb-width-medium:100%;--awb-order-medium:0;--awb-spacing-right-medium:1.92%;--awb-spacing-left-medium:1.92%;--awb-width-small:100%;--awb-order-small:0;--awb-spacing-right-small:1.92%;--awb-spacing-left-small:1.92%;\"><div class=\"fusion-column-wrapper fusion-column-has-shadow fusion-flex-justify-content-flex-start fusion-content-layout-column\"><div class=\"fusion-text fusion-text-1\"><p>V\u00e5r process med f\u00f6rproduktionsprover garanterar att dina specialdesignade kl\u00e4der och kostymer \u00e4r perfekta f\u00f6r produktion. Med en snabb leveranstid p\u00e5 2 veckor s\u00e4kerst\u00e4ller vi en smidig och effektiv \u00f6verg\u00e5ng till fullskalig produktion, vilket hj\u00e4lper dig att uppfylla sn\u00e4va tidsfrister och f\u00f6rv\u00e4ntningar.<\/p>\n<p>Varje prov och tekniskt paket som vi f\u00e5r in analyseras noggrant av v\u00e5rt skickliga f\u00f6rproduktionsteam f\u00f6r att s\u00e4kerst\u00e4lla precision och kvalitet i varje steg. V\u00e5rt expertteam med erfarna syerskor \u00e4r mycket stolta \u00f6ver sitt arbete och erbjuder o\u00f6vertr\u00e4ffad uppm\u00e4rksamhet p\u00e5 detaljer som s\u00e4kerst\u00e4ller att varje produkt uppfyller h\u00f6gsta standard.<\/p>\n<p>P\u00e5 v\u00e5r Madagaskar-baserade fabrik \u00e4r vi fast beslutna att leverera kl\u00e4der och dr\u00e4kter av h\u00f6gsta kvalitet samtidigt som vi uppr\u00e4tth\u00e5ller kostnadseffektivitet. V\u00e5rt m\u00e5l \u00e4r att f\u00f6rse dig med b\u00e4sta m\u00f6jliga produkt till det mest konkurrenskraftiga priset och s\u00e4kerst\u00e4lla tillfredsst\u00e4llelse i varje steg.<\/p>\n<\/div><\/div><\/div><\/div><\/div><div class=\"fusion-fullwidth fullwidth-box fusion-builder-row-2 fusion-flex-container has-pattern-background has-mask-background nonhundred-percent-fullwidth non-hundred-percent-height-scrolling\" style=\"--awb-border-radius-top-left:0px;--awb-border-radius-top-right:0px;--awb-border-radius-bottom-right:0px;--awb-border-radius-bottom-left:0px;--awb-flex-wrap:wrap;\" ><div class=\"fusion-builder-row fusion-row fusion-flex-align-items-flex-start fusion-flex-content-wrap\" style=\"max-width:1372.8px;margin-left: calc(-4% \/ 2 );margin-right: calc(-4% \/ 2 );\"><div class=\"fusion-layout-column fusion_builder_column fusion-builder-column-1 fusion_builder_column_1_3 1_3 fusion-flex-column\" style=\"--awb-bg-size:cover;--awb-width-large:33.333333333333%;--awb-margin-top-large:0px;--awb-spacing-right-large:5.76%;--awb-margin-bottom-large:20px;--awb-spacing-left-large:5.76%;--awb-width-medium:33.333333333333%;--awb-order-medium:0;--awb-spacing-right-medium:5.76%;--awb-spacing-left-medium:5.76%;--awb-width-small:100%;--awb-order-small:0;--awb-spacing-right-small:1.92%;--awb-spacing-left-small:1.92%;\"><div class=\"fusion-column-wrapper fusion-column-has-shadow fusion-flex-justify-content-flex-start fusion-content-layout-column\"><div class=\"fusion-image-element\" style=\"text-align:center;--awb-caption-title-font-family:var(--h2_typography-font-family);--awb-caption-title-font-weight:var(--h2_typography-font-weight);--awb-caption-title-font-style:var(--h2_typography-font-style);--awb-caption-title-size:var(--h2_typography-font-size);--awb-caption-title-transform:var(--h2_typography-text-transform);--awb-caption-title-line-height:var(--h2_typography-line-height);--awb-caption-title-letter-spacing:var(--h2_typography-letter-spacing);\"><span class=\"fusion-imageframe imageframe-none imageframe-1 hover-type-none\"><img decoding=\"async\" width=\"300\" height=\"300\" alt=\"Sample Room\" title=\"Provrum\" src=\"https:\/\/festival-factory.com\/wp-content\/uploads\/2025\/04\/IMG_6887-e1743692328956.jpeg\" data-orig-src=\"https:\/\/festival-factory.com\/wp-content\/uploads\/2025\/04\/IMG_6887-e1743692328956-300x300.jpeg\" class=\"lazyload img-responsive wp-image-3645\" srcset=\"data:image\/svg+xml,%3Csvg%20xmlns%3D%27http%3A%2F%2Fwww.w3.org%2F2000%2Fsvg%27%20width%3D%271536%27%20height%3D%271536%27%20viewBox%3D%270%200%201536%201536%27%3E%3Crect%20width%3D%271536%27%20height%3D%271536%27%20fill-opacity%3D%220%22%2F%3E%3C%2Fsvg%3E\" data-srcset=\"https:\/\/festival-factory.com\/wp-content\/uploads\/2025\/04\/IMG_6887-e1743692328956-200x200.jpeg 200w, https:\/\/festival-factory.com\/wp-content\/uploads\/2025\/04\/IMG_6887-e1743692328956-400x400.jpeg 400w, https:\/\/festival-factory.com\/wp-content\/uploads\/2025\/04\/IMG_6887-e1743692328956-600x600.jpeg 600w, https:\/\/festival-factory.com\/wp-content\/uploads\/2025\/04\/IMG_6887-e1743692328956-800x800.jpeg 800w, https:\/\/festival-factory.com\/wp-content\/uploads\/2025\/04\/IMG_6887-e1743692328956-1200x1200.jpeg 1200w, https:\/\/festival-factory.com\/wp-content\/uploads\/2025\/04\/IMG_6887-e1743692328956.jpeg 1536w\" data-sizes=\"auto\" data-orig-sizes=\"(max-width: 850px) 100vw, 400px\" \/><\/span><\/div><\/div><\/div><\/div><\/div><\/p>","protected":false},"excerpt":{"rendered":"","protected":false},"author":1,"featured_media":0,"parent":0,"menu_order":0,"comment_status":"closed","ping_status":"closed","template":"100-width.php","meta":{"_acf_changed":false,"footnotes":""},"class_list":["post-3413","page","type-page","status-publish","hentry"],"acf":[],"yoast_head":"<!-- This site is optimized with the Yoast SEO plugin v27.4 - https:\/\/yoast.com\/product\/yoast-seo-wordpress\/ -->\n<title>Sample Room &amp; Pre-Production - Festival Factory Madagascar<\/title>\n<meta name=\"description\" content=\"Festival Factory\u2019s Sample Room in Madagascar ensures precision in custom apparel and costume designs, offering a swift 2-week turnaround for flawless production.\" \/>\n<meta name=\"robots\" content=\"index, follow, max-snippet:-1, max-image-preview:large, max-video-preview:-1\" \/>\n<link rel=\"canonical\" href=\"https:\/\/festival-factory.com\/sv\/sample-room-pre-production\/\" \/>\n<meta property=\"og:locale\" content=\"sv_SE\" \/>\n<meta property=\"og:type\" content=\"article\" \/>\n<meta property=\"og:title\" content=\"Sample Room &amp; Pre-Production - Festival Factory Madagascar\" \/>\n<meta property=\"og:description\" content=\"Festival Factory\u2019s Sample Room in Madagascar ensures precision in custom apparel and costume designs, offering a swift 2-week turnaround for flawless production.\" \/>\n<meta property=\"og:url\" content=\"https:\/\/festival-factory.com\/sv\/sample-room-pre-production\/\" \/>\n<meta property=\"og:site_name\" content=\"Festival Factory Madagascar\" \/>\n<meta property=\"article:modified_time\" content=\"2025-06-24T09:33:48+00:00\" \/>\n<meta name=\"twitter:card\" content=\"summary_large_image\" \/>\n<meta name=\"twitter:label1\" content=\"Ber\u00e4knad l\u00e4stid\" \/>\n\t<meta name=\"twitter:data1\" content=\"1 minut\" \/>\n<script type=\"application\/ld+json\" class=\"yoast-schema-graph\">{\"@context\":\"https:\\\/\\\/schema.org\",\"@graph\":[{\"@type\":\"WebPage\",\"@id\":\"https:\\\/\\\/festival-factory.com\\\/sample-room-pre-production\\\/\",\"url\":\"https:\\\/\\\/festival-factory.com\\\/sample-room-pre-production\\\/\",\"name\":\"Sample Room & Pre-Production - Festival Factory Madagascar\",\"isPartOf\":{\"@id\":\"https:\\\/\\\/festival-factory.com\\\/#website\"},\"datePublished\":\"2025-02-12T15:07:38+00:00\",\"dateModified\":\"2025-06-24T09:33:48+00:00\",\"description\":\"Festival Factory\u2019s Sample Room in Madagascar ensures precision in custom apparel and costume designs, offering a swift 2-week turnaround for flawless production.\",\"breadcrumb\":{\"@id\":\"https:\\\/\\\/festival-factory.com\\\/sample-room-pre-production\\\/#breadcrumb\"},\"inLanguage\":\"sv-SE\",\"potentialAction\":[{\"@type\":\"ReadAction\",\"target\":[\"https:\\\/\\\/festival-factory.com\\\/sample-room-pre-production\\\/\"]}]},{\"@type\":\"BreadcrumbList\",\"@id\":\"https:\\\/\\\/festival-factory.com\\\/sample-room-pre-production\\\/#breadcrumb\",\"itemListElement\":[{\"@type\":\"ListItem\",\"position\":1,\"name\":\"Home\",\"item\":\"https:\\\/\\\/festival-factory.com\\\/\"},{\"@type\":\"ListItem\",\"position\":2,\"name\":\"Sample Room &#038; Pre-Production\"}]},{\"@type\":\"WebSite\",\"@id\":\"https:\\\/\\\/festival-factory.com\\\/#website\",\"url\":\"https:\\\/\\\/festival-factory.com\\\/\",\"name\":\"Festival Factory Madagascar\",\"description\":\"Manufacturing apparel &amp; Costumes with decades of experience\",\"publisher\":{\"@id\":\"https:\\\/\\\/festival-factory.com\\\/#organization\"},\"potentialAction\":[{\"@type\":\"SearchAction\",\"target\":{\"@type\":\"EntryPoint\",\"urlTemplate\":\"https:\\\/\\\/festival-factory.com\\\/?s={search_term_string}\"},\"query-input\":{\"@type\":\"PropertyValueSpecification\",\"valueRequired\":true,\"valueName\":\"search_term_string\"}}],\"inLanguage\":\"sv-SE\"},{\"@type\":\"Organization\",\"@id\":\"https:\\\/\\\/festival-factory.com\\\/#organization\",\"name\":\"Festival Factory Madagascar\",\"url\":\"https:\\\/\\\/festival-factory.com\\\/\",\"logo\":{\"@type\":\"ImageObject\",\"inLanguage\":\"sv-SE\",\"@id\":\"https:\\\/\\\/festival-factory.com\\\/#\\\/schema\\\/logo\\\/image\\\/\",\"url\":\"https:\\\/\\\/festival-factory.com\\\/wp-content\\\/uploads\\\/2025\\\/02\\\/Festival-Logo.png\",\"contentUrl\":\"https:\\\/\\\/festival-factory.com\\\/wp-content\\\/uploads\\\/2025\\\/02\\\/Festival-Logo.png\",\"width\":2000,\"height\":519,\"caption\":\"Festival Factory Madagascar\"},\"image\":{\"@id\":\"https:\\\/\\\/festival-factory.com\\\/#\\\/schema\\\/logo\\\/image\\\/\"}}]}<\/script>\n<!-- \/ Yoast SEO plugin. -->","yoast_head_json":{"title":"Provrum &amp; f\u00f6rproduktion - Festival Factory Madagaskar","description":"Festival Factorys Sample Room p\u00e5 Madagaskar s\u00e4kerst\u00e4ller precision i designen av kl\u00e4der och kostymer med tryck och erbjuder en snabb 2-veckors leveranstid f\u00f6r felfri produktion.","robots":{"index":"index","follow":"follow","max-snippet":"max-snippet:-1","max-image-preview":"max-image-preview:large","max-video-preview":"max-video-preview:-1"},"canonical":"https:\/\/festival-factory.com\/sv\/sample-room-pre-production\/","og_locale":"sv_SE","og_type":"article","og_title":"Sample Room & Pre-Production - Festival Factory Madagascar","og_description":"Festival Factory\u2019s Sample Room in Madagascar ensures precision in custom apparel and costume designs, offering a swift 2-week turnaround for flawless production.","og_url":"https:\/\/festival-factory.com\/sv\/sample-room-pre-production\/","og_site_name":"Festival Factory Madagascar","article_modified_time":"2025-06-24T09:33:48+00:00","twitter_card":"summary_large_image","twitter_misc":{"Ber\u00e4knad l\u00e4stid":"1 minut"},"schema":{"@context":"https:\/\/schema.org","@graph":[{"@type":"WebPage","@id":"https:\/\/festival-factory.com\/sample-room-pre-production\/","url":"https:\/\/festival-factory.com\/sample-room-pre-production\/","name":"Provrum &amp; f\u00f6rproduktion - Festival Factory Madagaskar","isPartOf":{"@id":"https:\/\/festival-factory.com\/#website"},"datePublished":"2025-02-12T15:07:38+00:00","dateModified":"2025-06-24T09:33:48+00:00","description":"Festival Factorys Sample Room p\u00e5 Madagaskar s\u00e4kerst\u00e4ller precision i designen av kl\u00e4der och kostymer med tryck och erbjuder en snabb 2-veckors leveranstid f\u00f6r felfri produktion.","breadcrumb":{"@id":"https:\/\/festival-factory.com\/sample-room-pre-production\/#breadcrumb"},"inLanguage":"sv-SE","potentialAction":[{"@type":"ReadAction","target":["https:\/\/festival-factory.com\/sample-room-pre-production\/"]}]},{"@type":"BreadcrumbList","@id":"https:\/\/festival-factory.com\/sample-room-pre-production\/#breadcrumb","itemListElement":[{"@type":"ListItem","position":1,"name":"Home","item":"https:\/\/festival-factory.com\/"},{"@type":"ListItem","position":2,"name":"Sample Room &#038; Pre-Production"}]},{"@type":"WebSite","@id":"https:\/\/festival-factory.com\/#website","url":"https:\/\/festival-factory.com\/","name":"Festival Factory Madagaskar","description":"Tillverkning av kl\u00e4der och kostymer med \u00e5rtionden av erfarenhet","publisher":{"@id":"https:\/\/festival-factory.com\/#organization"},"potentialAction":[{"@type":"SearchAction","target":{"@type":"EntryPoint","urlTemplate":"https:\/\/festival-factory.com\/?s={search_term_string}"},"query-input":{"@type":"PropertyValueSpecification","valueRequired":true,"valueName":"search_term_string"}}],"inLanguage":"sv-SE"},{"@type":"Organization","@id":"https:\/\/festival-factory.com\/#organization","name":"Festival Factory Madagaskar","url":"https:\/\/festival-factory.com\/","logo":{"@type":"ImageObject","inLanguage":"sv-SE","@id":"https:\/\/festival-factory.com\/#\/schema\/logo\/image\/","url":"https:\/\/festival-factory.com\/wp-content\/uploads\/2025\/02\/Festival-Logo.png","contentUrl":"https:\/\/festival-factory.com\/wp-content\/uploads\/2025\/02\/Festival-Logo.png","width":2000,"height":519,"caption":"Festival Factory Madagascar"},"image":{"@id":"https:\/\/festival-factory.com\/#\/schema\/logo\/image\/"}}]}},"_links":{"self":[{"href":"https:\/\/festival-factory.com\/sv\/wp-json\/wp\/v2\/pages\/3413","targetHints":{"allow":["GET"]}}],"collection":[{"href":"https:\/\/festival-factory.com\/sv\/wp-json\/wp\/v2\/pages"}],"about":[{"href":"https:\/\/festival-factory.com\/sv\/wp-json\/wp\/v2\/types\/page"}],"author":[{"embeddable":true,"href":"https:\/\/festival-factory.com\/sv\/wp-json\/wp\/v2\/users\/1"}],"replies":[{"embeddable":true,"href":"https:\/\/festival-factory.com\/sv\/wp-json\/wp\/v2\/comments?post=3413"}],"version-history":[{"count":12,"href":"https:\/\/festival-factory.com\/sv\/wp-json\/wp\/v2\/pages\/3413\/revisions"}],"predecessor-version":[{"id":3823,"href":"https:\/\/festival-factory.com\/sv\/wp-json\/wp\/v2\/pages\/3413\/revisions\/3823"}],"wp:attachment":[{"href":"https:\/\/festival-factory.com\/sv\/wp-json\/wp\/v2\/media?parent=3413"}],"curies":[{"name":"wp","href":"https:\/\/api.w.org\/{rel}","templated":true}]}}