{"id":3419,"date":"2025-02-12T15:09:47","date_gmt":"2025-02-12T15:09:47","guid":{"rendered":"https:\/\/festival-factory.com\/?page_id=3419"},"modified":"2025-06-24T09:22:12","modified_gmt":"2025-06-24T09:22:12","slug":"printing-sublimation","status":"publish","type":"page","link":"https:\/\/festival-factory.com\/sv\/printing-sublimation\/","title":{"rendered":"Tryckning &amp; sublimering"},"content":{"rendered":"<div class=\"fusion-fullwidth fullwidth-box fusion-builder-row-1 fusion-flex-container has-pattern-background has-mask-background nonhundred-percent-fullwidth non-hundred-percent-height-scrolling\" style=\"--awb-border-radius-top-left:0px;--awb-border-radius-top-right:0px;--awb-border-radius-bottom-right:0px;--awb-border-radius-bottom-left:0px;--awb-flex-wrap:wrap;\" ><div class=\"fusion-builder-row fusion-row fusion-flex-align-items-flex-start fusion-flex-content-wrap\" style=\"max-width:1372.8px;margin-left: calc(-4% \/ 2 );margin-right: calc(-4% \/ 2 );\"><div class=\"fusion-layout-column fusion_builder_column fusion-builder-column-0 fusion_builder_column_1_1 1_1 fusion-flex-column\" style=\"--awb-bg-size:cover;--awb-width-large:100%;--awb-margin-top-large:0px;--awb-spacing-right-large:1.92%;--awb-margin-bottom-large:20px;--awb-spacing-left-large:1.92%;--awb-width-medium:100%;--awb-order-medium:0;--awb-spacing-right-medium:1.92%;--awb-spacing-left-medium:1.92%;--awb-width-small:100%;--awb-order-small:0;--awb-spacing-right-small:1.92%;--awb-spacing-left-small:1.92%;\"><div class=\"fusion-column-wrapper fusion-column-has-shadow fusion-flex-justify-content-flex-start fusion-content-layout-column\"><div class=\"fusion-text fusion-text-1\"><p><span style=\"color: var(--awb-text-color); font-family: var(--awb-text-font-family); font-size: var(--awb-font-size); font-style: var(--awb-text-font-style); font-weight: var(--awb-text-font-weight); letter-spacing: var(--awb-letter-spacing); text-align: var(--awb-content-alignment); text-transform: var(--awb-text-transform); background-color: var(--awb-bg-color);\">V\u00e5r f\u00f6rstklassiga tryckutrustning ger 7-f\u00e4rgstryck av h\u00f6g kvalitet, vilket garanterar levande och detaljerade m\u00f6nster f\u00f6r kl\u00e4der och kostymer med tryck. Oavsett om du beh\u00f6ver dj\u00e4rv grafik eller invecklade m\u00f6nster ger v\u00e5r tryckteknik enast\u00e5ende resultat med exceptionell f\u00e4rgprecision.<\/span><\/p>\n<p>V\u00e5ra m\u00e5ngsidiga tryckmaskiner \u00e4r godk\u00e4nda f\u00f6r att uppfylla Adidas, Puma och Ottos kvalitetsstandarder, vilket garanterar att v\u00e5r produktion uppfyller de h\u00f6gsta branschriktm\u00e4rkena.<\/p>\n<p>Med 70 meter tryckbord har vi kapacitet f\u00f6r storskaliga utskrifter och kan producera upp till 8.000 tryck per dag, vilket g\u00f6r oss till den perfekta partnern f\u00f6r best\u00e4llningar av stora volymer.<\/p>\n<p>V\u00e5ra sublimeringstryckmaskiner har kapacitet att trycka upp till 1.000 meter h\u00f6gkvalitativ design per dag, vilket ger effektiva och konsekventa resultat f\u00f6r projekt med h\u00f6g efterfr\u00e5gan.<\/p>\n<p>Dessutom finns v\u00e5rt expertteam f\u00f6r grafisk design till hands f\u00f6r att hj\u00e4lpa till med att utveckla din design och se till att varje skapelse uppn\u00e5r de enast\u00e5ende resultat du f\u00f6rv\u00e4ntar dig.<\/p>\n<\/div><\/div><\/div><\/div><\/div>","protected":false},"excerpt":{"rendered":"","protected":false},"author":1,"featured_media":0,"parent":0,"menu_order":0,"comment_status":"closed","ping_status":"closed","template":"100-width.php","meta":{"_acf_changed":false,"footnotes":""},"class_list":["post-3419","page","type-page","status-publish","hentry"],"acf":[],"yoast_head":"<!-- This site is optimized with the Yoast SEO plugin v27.4 - https:\/\/yoast.com\/product\/yoast-seo-wordpress\/ -->\n<title>Printing &amp; Sublimation - Festival Factory Madagascar<\/title>\n<meta name=\"description\" content=\"Vibrant, durable sublimation printing at Festival Factory: full\u2011color, high\u2011resolution designs infused into polyester fabrics and coated substrates.\" \/>\n<meta name=\"robots\" content=\"index, follow, max-snippet:-1, max-image-preview:large, max-video-preview:-1\" \/>\n<link rel=\"canonical\" href=\"https:\/\/festival-factory.com\/sv\/printing-sublimation\/\" \/>\n<meta property=\"og:locale\" content=\"sv_SE\" \/>\n<meta property=\"og:type\" content=\"article\" \/>\n<meta property=\"og:title\" content=\"Printing &amp; Sublimation - Festival Factory Madagascar\" \/>\n<meta property=\"og:description\" content=\"Vibrant, durable sublimation printing at Festival Factory: full\u2011color, high\u2011resolution designs infused into polyester fabrics and coated substrates.\" \/>\n<meta property=\"og:url\" content=\"https:\/\/festival-factory.com\/sv\/printing-sublimation\/\" \/>\n<meta property=\"og:site_name\" content=\"Festival Factory Madagascar\" \/>\n<meta property=\"article:modified_time\" content=\"2025-06-24T09:22:12+00:00\" \/>\n<meta name=\"twitter:card\" content=\"summary_large_image\" \/>\n<meta name=\"twitter:label1\" content=\"Ber\u00e4knad l\u00e4stid\" \/>\n\t<meta name=\"twitter:data1\" content=\"1 minut\" \/>\n<script type=\"application\/ld+json\" class=\"yoast-schema-graph\">{\"@context\":\"https:\\\/\\\/schema.org\",\"@graph\":[{\"@type\":\"WebPage\",\"@id\":\"https:\\\/\\\/festival-factory.com\\\/printing-sublimation\\\/\",\"url\":\"https:\\\/\\\/festival-factory.com\\\/printing-sublimation\\\/\",\"name\":\"Printing & Sublimation - Festival Factory Madagascar\",\"isPartOf\":{\"@id\":\"https:\\\/\\\/festival-factory.com\\\/#website\"},\"datePublished\":\"2025-02-12T15:09:47+00:00\",\"dateModified\":\"2025-06-24T09:22:12+00:00\",\"description\":\"Vibrant, durable sublimation printing at Festival Factory: full\u2011color, high\u2011resolution designs infused into polyester fabrics and coated substrates.\",\"breadcrumb\":{\"@id\":\"https:\\\/\\\/festival-factory.com\\\/printing-sublimation\\\/#breadcrumb\"},\"inLanguage\":\"sv-SE\",\"potentialAction\":[{\"@type\":\"ReadAction\",\"target\":[\"https:\\\/\\\/festival-factory.com\\\/printing-sublimation\\\/\"]}]},{\"@type\":\"BreadcrumbList\",\"@id\":\"https:\\\/\\\/festival-factory.com\\\/printing-sublimation\\\/#breadcrumb\",\"itemListElement\":[{\"@type\":\"ListItem\",\"position\":1,\"name\":\"Home\",\"item\":\"https:\\\/\\\/festival-factory.com\\\/\"},{\"@type\":\"ListItem\",\"position\":2,\"name\":\"Printing &#038; Sublimation\"}]},{\"@type\":\"WebSite\",\"@id\":\"https:\\\/\\\/festival-factory.com\\\/#website\",\"url\":\"https:\\\/\\\/festival-factory.com\\\/\",\"name\":\"Festival Factory Madagascar\",\"description\":\"Manufacturing apparel &amp; Costumes with decades of experience\",\"publisher\":{\"@id\":\"https:\\\/\\\/festival-factory.com\\\/#organization\"},\"potentialAction\":[{\"@type\":\"SearchAction\",\"target\":{\"@type\":\"EntryPoint\",\"urlTemplate\":\"https:\\\/\\\/festival-factory.com\\\/?s={search_term_string}\"},\"query-input\":{\"@type\":\"PropertyValueSpecification\",\"valueRequired\":true,\"valueName\":\"search_term_string\"}}],\"inLanguage\":\"sv-SE\"},{\"@type\":\"Organization\",\"@id\":\"https:\\\/\\\/festival-factory.com\\\/#organization\",\"name\":\"Festival Factory Madagascar\",\"url\":\"https:\\\/\\\/festival-factory.com\\\/\",\"logo\":{\"@type\":\"ImageObject\",\"inLanguage\":\"sv-SE\",\"@id\":\"https:\\\/\\\/festival-factory.com\\\/#\\\/schema\\\/logo\\\/image\\\/\",\"url\":\"https:\\\/\\\/festival-factory.com\\\/wp-content\\\/uploads\\\/2025\\\/02\\\/Festival-Logo.png\",\"contentUrl\":\"https:\\\/\\\/festival-factory.com\\\/wp-content\\\/uploads\\\/2025\\\/02\\\/Festival-Logo.png\",\"width\":2000,\"height\":519,\"caption\":\"Festival Factory Madagascar\"},\"image\":{\"@id\":\"https:\\\/\\\/festival-factory.com\\\/#\\\/schema\\\/logo\\\/image\\\/\"}}]}<\/script>\n<!-- \/ Yoast SEO plugin. -->","yoast_head_json":{"title":"Tryck &amp; sublimering - Festival Factory Madagaskar","description":"Levande, h\u00e5llbart sublimeringstryck p\u00e5 Festival Factory: design i fullf\u00e4rg och h\u00f6g uppl\u00f6sning som infogas i polyestertyger och belagda substrat.","robots":{"index":"index","follow":"follow","max-snippet":"max-snippet:-1","max-image-preview":"max-image-preview:large","max-video-preview":"max-video-preview:-1"},"canonical":"https:\/\/festival-factory.com\/sv\/printing-sublimation\/","og_locale":"sv_SE","og_type":"article","og_title":"Printing & Sublimation - Festival Factory Madagascar","og_description":"Vibrant, durable sublimation printing at Festival Factory: full\u2011color, high\u2011resolution designs infused into polyester fabrics and coated substrates.","og_url":"https:\/\/festival-factory.com\/sv\/printing-sublimation\/","og_site_name":"Festival Factory Madagascar","article_modified_time":"2025-06-24T09:22:12+00:00","twitter_card":"summary_large_image","twitter_misc":{"Ber\u00e4knad l\u00e4stid":"1 minut"},"schema":{"@context":"https:\/\/schema.org","@graph":[{"@type":"WebPage","@id":"https:\/\/festival-factory.com\/printing-sublimation\/","url":"https:\/\/festival-factory.com\/printing-sublimation\/","name":"Tryck &amp; sublimering - Festival Factory Madagaskar","isPartOf":{"@id":"https:\/\/festival-factory.com\/#website"},"datePublished":"2025-02-12T15:09:47+00:00","dateModified":"2025-06-24T09:22:12+00:00","description":"Levande, h\u00e5llbart sublimeringstryck p\u00e5 Festival Factory: design i fullf\u00e4rg och h\u00f6g uppl\u00f6sning som infogas i polyestertyger och belagda substrat.","breadcrumb":{"@id":"https:\/\/festival-factory.com\/printing-sublimation\/#breadcrumb"},"inLanguage":"sv-SE","potentialAction":[{"@type":"ReadAction","target":["https:\/\/festival-factory.com\/printing-sublimation\/"]}]},{"@type":"BreadcrumbList","@id":"https:\/\/festival-factory.com\/printing-sublimation\/#breadcrumb","itemListElement":[{"@type":"ListItem","position":1,"name":"Home","item":"https:\/\/festival-factory.com\/"},{"@type":"ListItem","position":2,"name":"Printing &#038; Sublimation"}]},{"@type":"WebSite","@id":"https:\/\/festival-factory.com\/#website","url":"https:\/\/festival-factory.com\/","name":"Festival Factory Madagaskar","description":"Tillverkning av kl\u00e4der och kostymer med \u00e5rtionden av erfarenhet","publisher":{"@id":"https:\/\/festival-factory.com\/#organization"},"potentialAction":[{"@type":"SearchAction","target":{"@type":"EntryPoint","urlTemplate":"https:\/\/festival-factory.com\/?s={search_term_string}"},"query-input":{"@type":"PropertyValueSpecification","valueRequired":true,"valueName":"search_term_string"}}],"inLanguage":"sv-SE"},{"@type":"Organization","@id":"https:\/\/festival-factory.com\/#organization","name":"Festival Factory Madagaskar","url":"https:\/\/festival-factory.com\/","logo":{"@type":"ImageObject","inLanguage":"sv-SE","@id":"https:\/\/festival-factory.com\/#\/schema\/logo\/image\/","url":"https:\/\/festival-factory.com\/wp-content\/uploads\/2025\/02\/Festival-Logo.png","contentUrl":"https:\/\/festival-factory.com\/wp-content\/uploads\/2025\/02\/Festival-Logo.png","width":2000,"height":519,"caption":"Festival Factory Madagascar"},"image":{"@id":"https:\/\/festival-factory.com\/#\/schema\/logo\/image\/"}}]}},"_links":{"self":[{"href":"https:\/\/festival-factory.com\/sv\/wp-json\/wp\/v2\/pages\/3419","targetHints":{"allow":["GET"]}}],"collection":[{"href":"https:\/\/festival-factory.com\/sv\/wp-json\/wp\/v2\/pages"}],"about":[{"href":"https:\/\/festival-factory.com\/sv\/wp-json\/wp\/v2\/types\/page"}],"author":[{"embeddable":true,"href":"https:\/\/festival-factory.com\/sv\/wp-json\/wp\/v2\/users\/1"}],"replies":[{"embeddable":true,"href":"https:\/\/festival-factory.com\/sv\/wp-json\/wp\/v2\/comments?post=3419"}],"version-history":[{"count":7,"href":"https:\/\/festival-factory.com\/sv\/wp-json\/wp\/v2\/pages\/3419\/revisions"}],"predecessor-version":[{"id":3820,"href":"https:\/\/festival-factory.com\/sv\/wp-json\/wp\/v2\/pages\/3419\/revisions\/3820"}],"wp:attachment":[{"href":"https:\/\/festival-factory.com\/sv\/wp-json\/wp\/v2\/media?parent=3419"}],"curies":[{"name":"wp","href":"https:\/\/api.w.org\/{rel}","templated":true}]}}