{"id":3421,"date":"2025-02-12T15:10:27","date_gmt":"2025-02-12T15:10:27","guid":{"rendered":"https:\/\/festival-factory.com\/?page_id=3421"},"modified":"2025-06-24T09:23:40","modified_gmt":"2025-06-24T09:23:40","slug":"quality-control","status":"publish","type":"page","link":"https:\/\/festival-factory.com\/sv\/quality-control\/","title":{"rendered":"Kvalitetskontroll"},"content":{"rendered":"<p><div class=\"fusion-fullwidth fullwidth-box fusion-builder-row-1 fusion-flex-container has-pattern-background has-mask-background nonhundred-percent-fullwidth non-hundred-percent-height-scrolling\" style=\"--awb-border-radius-top-left:0px;--awb-border-radius-top-right:0px;--awb-border-radius-bottom-right:0px;--awb-border-radius-bottom-left:0px;--awb-flex-wrap:wrap;\" ><div class=\"fusion-builder-row fusion-row fusion-flex-align-items-flex-start fusion-flex-content-wrap\" style=\"max-width:1372.8px;margin-left: calc(-4% \/ 2 );margin-right: calc(-4% \/ 2 );\"><div class=\"fusion-layout-column fusion_builder_column fusion-builder-column-0 fusion_builder_column_1_1 1_1 fusion-flex-column\" style=\"--awb-bg-size:cover;--awb-width-large:100%;--awb-margin-top-large:0px;--awb-spacing-right-large:1.92%;--awb-margin-bottom-large:20px;--awb-spacing-left-large:1.92%;--awb-width-medium:100%;--awb-order-medium:0;--awb-spacing-right-medium:1.92%;--awb-spacing-left-medium:1.92%;--awb-width-small:100%;--awb-order-small:0;--awb-spacing-right-small:1.92%;--awb-spacing-left-small:1.92%;\"><div class=\"fusion-column-wrapper fusion-column-has-shadow fusion-flex-justify-content-flex-start fusion-content-layout-column\"><div class=\"fusion-text fusion-text-1\"><p><span style=\"color: var(--awb-text-color); font-family: var(--awb-text-font-family); font-size: var(--awb-font-size); font-style: var(--awb-text-font-style); font-weight: var(--awb-text-font-weight); letter-spacing: var(--awb-letter-spacing); text-align: var(--awb-content-alignment); text-transform: var(--awb-text-transform); background-color: var(--awb-bg-color-hover);\">V\u00e5ra produktionslinjer \u00e4r utformade f\u00f6r att s\u00e4kerst\u00e4lla kvalitetskontroll i varje steg, fr\u00e5n tygval till boxning, med inline-kontroller f\u00f6r kontinuerlig \u00f6vervakning under hela tillverkningsprocessen. Denna noggranna metod garanterar att varje plagg uppfyller v\u00e5ra h\u00f6ga kvalitetsstandarder.<\/span><\/p>\n<p>Alla produkter genomg\u00e5r noggranna tester f\u00f6r att uppfylla kraven i barns\u00e4kerhetslagstiftningen, vilket s\u00e4kerst\u00e4ller efterlevnad p\u00e5 alla marknader och uppr\u00e4tth\u00e5ller h\u00f6gsta s\u00e4kerhetsstandard f\u00f6r dina kunder.<\/p>\n<p>F\u00f6r extra sinnesfrid passerar alla ink\u00f6psorder (PO) genom metalldetektorer och genomg\u00e5r en slutlig revision f\u00f6re leverans. Under hela produktionsprocessen utf\u00f6r vi konsekventa revisioner och kontroller f\u00f6r att s\u00e4kerst\u00e4lla ett felfritt utf\u00f6rande och produktintegritet.<\/p>\n<p>Vi \u00e4r SMETA-certifierade f\u00f6r etiska aff\u00e4rsmetoder och efterlevnad, och v\u00e5r fabrik \u00e4r Tesco-granskad, vilket ytterligare visar v\u00e5rt engagemang f\u00f6r branschledande standarder inom tillverkning och s\u00e4kerhet.<\/p>\n<\/div><\/div><\/div><\/div><\/div><div class=\"fusion-fullwidth fullwidth-box fusion-builder-row-2 fusion-flex-container has-pattern-background has-mask-background nonhundred-percent-fullwidth non-hundred-percent-height-scrolling\" style=\"--awb-border-radius-top-left:0px;--awb-border-radius-top-right:0px;--awb-border-radius-bottom-right:0px;--awb-border-radius-bottom-left:0px;--awb-flex-wrap:wrap;\" ><div class=\"fusion-builder-row fusion-row fusion-flex-align-items-flex-start fusion-flex-content-wrap\" style=\"max-width:1372.8px;margin-left: calc(-4% \/ 2 );margin-right: calc(-4% \/ 2 );\"><div class=\"fusion-layout-column fusion_builder_column fusion-builder-column-1 fusion_builder_column_1_3 1_3 fusion-flex-column\" style=\"--awb-bg-size:cover;--awb-width-large:33.333333333333%;--awb-margin-top-large:0px;--awb-spacing-right-large:5.76%;--awb-margin-bottom-large:20px;--awb-spacing-left-large:5.76%;--awb-width-medium:33.333333333333%;--awb-order-medium:0;--awb-spacing-right-medium:5.76%;--awb-spacing-left-medium:5.76%;--awb-width-small:100%;--awb-order-small:0;--awb-spacing-right-small:1.92%;--awb-spacing-left-small:1.92%;\"><div class=\"fusion-column-wrapper fusion-column-has-shadow fusion-flex-justify-content-flex-start fusion-content-layout-column\"><div class=\"fusion-image-element\" style=\"--awb-caption-title-font-family:var(--h2_typography-font-family);--awb-caption-title-font-weight:var(--h2_typography-font-weight);--awb-caption-title-font-style:var(--h2_typography-font-style);--awb-caption-title-size:var(--h2_typography-font-size);--awb-caption-title-transform:var(--h2_typography-text-transform);--awb-caption-title-line-height:var(--h2_typography-line-height);--awb-caption-title-letter-spacing:var(--h2_typography-letter-spacing);\"><span class=\"fusion-imageframe imageframe-none imageframe-1 hover-type-none\"><a class=\"fusion-no-lightbox\" href=\"https:\/\/www.oeko-tex.com\/\" target=\"_blank\" aria-label=\"Oeko_tex_-_umbrella_brand_-_11_2022.svg\" rel=\"noopener noreferrer\"><img decoding=\"async\" width=\"300\" height=\"300\" src=\"https:\/\/festival-factory.com\/wp-content\/uploads\/2025\/04\/Oeko_tex_-_umbrella_brand_-_11_2022.svg.png\" data-orig-src=\"https:\/\/festival-factory.com\/wp-content\/uploads\/2025\/04\/Oeko_tex_-_umbrella_brand_-_11_2022.svg-300x300.png\" alt class=\"lazyload img-responsive wp-image-3680\" srcset=\"data:image\/svg+xml,%3Csvg%20xmlns%3D%27http%3A%2F%2Fwww.w3.org%2F2000%2Fsvg%27%20width%3D%271200%27%20height%3D%271200%27%20viewBox%3D%270%200%201200%201200%27%3E%3Crect%20width%3D%271200%27%20height%3D%271200%27%20fill-opacity%3D%220%22%2F%3E%3C%2Fsvg%3E\" data-srcset=\"https:\/\/festival-factory.com\/wp-content\/uploads\/2025\/04\/Oeko_tex_-_umbrella_brand_-_11_2022.svg-200x200.png 200w, https:\/\/festival-factory.com\/wp-content\/uploads\/2025\/04\/Oeko_tex_-_umbrella_brand_-_11_2022.svg-400x400.png 400w, https:\/\/festival-factory.com\/wp-content\/uploads\/2025\/04\/Oeko_tex_-_umbrella_brand_-_11_2022.svg-600x600.png 600w, https:\/\/festival-factory.com\/wp-content\/uploads\/2025\/04\/Oeko_tex_-_umbrella_brand_-_11_2022.svg-800x800.png 800w, https:\/\/festival-factory.com\/wp-content\/uploads\/2025\/04\/Oeko_tex_-_umbrella_brand_-_11_2022.svg.png 1200w\" data-sizes=\"auto\" data-orig-sizes=\"(max-width: 850px) 100vw, 400px\" \/><\/a><\/span><\/div><\/div><\/div><div class=\"fusion-layout-column fusion_builder_column fusion-builder-column-2 fusion_builder_column_2_3 2_3 fusion-flex-column\" style=\"--awb-bg-size:cover;--awb-width-large:66.666666666667%;--awb-margin-top-large:0px;--awb-spacing-right-large:2.88%;--awb-margin-bottom-large:20px;--awb-spacing-left-large:2.88%;--awb-width-medium:66.666666666667%;--awb-order-medium:0;--awb-spacing-right-medium:2.88%;--awb-spacing-left-medium:2.88%;--awb-width-small:100%;--awb-order-small:0;--awb-spacing-right-small:1.92%;--awb-spacing-left-small:1.92%;\"><div class=\"fusion-column-wrapper fusion-column-has-shadow fusion-flex-justify-content-flex-start fusion-content-layout-column\"><div class=\"fusion-text fusion-text-2\"><p><b>Engagemang f\u00f6r kvalitet och s\u00e4kerhet med OEKO-TEX\u00ae-certifiering<\/b><\/p>\n<p>P\u00e5 Festival Factory str\u00e4var vi efter att s\u00e4kerst\u00e4lla h\u00f6gsta m\u00f6jliga kvalitet och s\u00e4kerhet f\u00f6r varje produkt vi tillverkar. Som en del av v\u00e5rt engagemang f\u00f6r ansvarsfull tillverkning \u00e4r vi stolta \u00f6ver att b\u00e4ra OEKO-TEX\u00ae-certifieringen, en internationellt erk\u00e4nd standard f\u00f6r textilier.<\/p>\n<p>OEKO-TEX\u00ae \u00e4r ett certifieringssystem som s\u00e4kerst\u00e4ller att v\u00e5ra produkter \u00e4r fria fr\u00e5n skadliga \u00e4mnen och s\u00e4kra f\u00f6r m\u00e4nniskors h\u00e4lsa. Denna certifiering garanterar att de material som anv\u00e4nds i v\u00e5ra plagg och produkter genomg\u00e5r rigor\u00f6sa tester f\u00f6r skadliga kemikalier, vilket s\u00e4kerst\u00e4ller att de uppfyller strikta s\u00e4kerhets- och milj\u00f6kriterier. Oavsett om det g\u00e4ller tyg, f\u00e4rg\u00e4mnen eller f\u00e4rdiga produkter testas alla v\u00e5ra OEKO-TEX\u00ae-certifierade produkter f\u00f6r skadliga \u00e4mnen, vilket ger v\u00e5ra kunder sinnesro att de v\u00e4ljer produkter som \u00e4r tillverkade med omsorg om b\u00e5de m\u00e4nniskor och planeten.<\/p>\n<p>Genom att v\u00e4lja OEKO-TEX\u00ae-certifierade produkter fr\u00e5n Festival Factory kan du lita p\u00e5 att du v\u00e4ljer h\u00e5llbara varor av h\u00f6g kvalitet som prioriterar b\u00e5de s\u00e4kerhet och milj\u00f6p\u00e5verkan.<\/p>\n<\/div><\/div><\/div><\/div><\/div><div class=\"fusion-fullwidth fullwidth-box fusion-builder-row-3 fusion-flex-container has-pattern-background has-mask-background nonhundred-percent-fullwidth non-hundred-percent-height-scrolling\" style=\"--awb-border-radius-top-left:0px;--awb-border-radius-top-right:0px;--awb-border-radius-bottom-right:0px;--awb-border-radius-bottom-left:0px;--awb-flex-wrap:wrap;\" ><div class=\"fusion-builder-row fusion-row fusion-flex-align-items-flex-start fusion-flex-content-wrap\" style=\"max-width:1372.8px;margin-left: calc(-4% \/ 2 );margin-right: calc(-4% \/ 2 );\"><div class=\"fusion-layout-column fusion_builder_column fusion-builder-column-3 fusion_builder_column_1_3 1_3 fusion-flex-column\" style=\"--awb-bg-size:cover;--awb-width-large:33.333333333333%;--awb-margin-top-large:0px;--awb-spacing-right-large:5.76%;--awb-margin-bottom-large:20px;--awb-spacing-left-large:5.76%;--awb-width-medium:33.333333333333%;--awb-order-medium:0;--awb-spacing-right-medium:5.76%;--awb-spacing-left-medium:5.76%;--awb-width-small:100%;--awb-order-small:0;--awb-spacing-right-small:1.92%;--awb-spacing-left-small:1.92%;\"><div class=\"fusion-column-wrapper fusion-column-has-shadow fusion-flex-justify-content-flex-start fusion-content-layout-column\"><div class=\"fusion-image-element\" style=\"--awb-caption-title-font-family:var(--h2_typography-font-family);--awb-caption-title-font-weight:var(--h2_typography-font-weight);--awb-caption-title-font-style:var(--h2_typography-font-style);--awb-caption-title-size:var(--h2_typography-font-size);--awb-caption-title-transform:var(--h2_typography-text-transform);--awb-caption-title-line-height:var(--h2_typography-line-height);--awb-caption-title-letter-spacing:var(--h2_typography-letter-spacing);\"><span class=\"fusion-imageframe imageframe-none imageframe-2 hover-type-none\"><a class=\"fusion-no-lightbox\" href=\"https:\/\/www.sedex.com\/\" target=\"_blank\" aria-label=\"smeta-logo\" rel=\"noopener noreferrer\"><img decoding=\"async\" width=\"300\" height=\"158\" src=\"https:\/\/festival-factory.com\/wp-content\/uploads\/2025\/04\/smeta-logo.jpeg\" data-orig-src=\"https:\/\/festival-factory.com\/wp-content\/uploads\/2025\/04\/smeta-logo-300x158.jpeg\" alt class=\"lazyload img-responsive wp-image-3679\" srcset=\"data:image\/svg+xml,%3Csvg%20xmlns%3D%27http%3A%2F%2Fwww.w3.org%2F2000%2Fsvg%27%20width%3D%271200%27%20height%3D%27630%27%20viewBox%3D%270%200%201200%20630%27%3E%3Crect%20width%3D%271200%27%20height%3D%27630%27%20fill-opacity%3D%220%22%2F%3E%3C%2Fsvg%3E\" data-srcset=\"https:\/\/festival-factory.com\/wp-content\/uploads\/2025\/04\/smeta-logo-200x105.jpeg 200w, https:\/\/festival-factory.com\/wp-content\/uploads\/2025\/04\/smeta-logo-400x210.jpeg 400w, https:\/\/festival-factory.com\/wp-content\/uploads\/2025\/04\/smeta-logo-600x315.jpeg 600w, https:\/\/festival-factory.com\/wp-content\/uploads\/2025\/04\/smeta-logo-800x420.jpeg 800w, https:\/\/festival-factory.com\/wp-content\/uploads\/2025\/04\/smeta-logo.jpeg 1200w\" data-sizes=\"auto\" data-orig-sizes=\"(max-width: 850px) 100vw, 400px\" \/><\/a><\/span><\/div><\/div><\/div><div class=\"fusion-layout-column fusion_builder_column fusion-builder-column-4 fusion_builder_column_2_3 2_3 fusion-flex-column\" style=\"--awb-bg-size:cover;--awb-width-large:66.666666666667%;--awb-margin-top-large:0px;--awb-spacing-right-large:2.88%;--awb-margin-bottom-large:20px;--awb-spacing-left-large:2.88%;--awb-width-medium:66.666666666667%;--awb-order-medium:0;--awb-spacing-right-medium:2.88%;--awb-spacing-left-medium:2.88%;--awb-width-small:100%;--awb-order-small:0;--awb-spacing-right-small:1.92%;--awb-spacing-left-small:1.92%;\"><div class=\"fusion-column-wrapper fusion-column-has-shadow fusion-flex-justify-content-flex-start fusion-content-layout-column\"><div class=\"fusion-text fusion-text-3\"><p><b>V\u00e5rt \u00e5tagande f\u00f6r etisk aff\u00e4rspraxis med SMETA-certifiering<\/b><\/p>\n<p>P\u00e5 Festival Factory str\u00e4var vi efter att uppr\u00e4tth\u00e5lla de h\u00f6gsta etiska standarderna i alla aspekter av v\u00e5r verksamhet. Som en del av v\u00e5rt engagemang f\u00f6r socialt ansvar \u00e4r vi stolta \u00f6ver att vara SMETA-certifierade, vilket visar att vi f\u00f6ljer de rigor\u00f6sa etiska standarder som fastst\u00e4llts av Sedex Members Ethical Trade Audit (SMETA).<\/p>\n<p>SMETA \u00e4r ett av de mest anv\u00e4nda ramverken f\u00f6r social revision i v\u00e4rlden. Det fokuserar p\u00e5 fyra nyckelomr\u00e5den: arbetsnormer, h\u00e4lsa och s\u00e4kerhet, milj\u00f6p\u00e5verkan och aff\u00e4rsetik. Genom SMETA:s revisionsprocess s\u00e4kerst\u00e4ller vi att v\u00e5r fabrik drivs p\u00e5 ett r\u00e4ttvist, s\u00e4kert och h\u00e5llbart s\u00e4tt och att v\u00e5ra medarbetare behandlas med v\u00e4rdighet och respekt, samtidigt som vi minimerar v\u00e5r milj\u00f6p\u00e5verkan och ser till att alla lagkrav efterlevs.<\/p>\n<p>V\u00e5r SMETA-certifiering \u00e5terspeglar v\u00e5ra p\u00e5g\u00e5ende anstr\u00e4ngningar f\u00f6r att uppr\u00e4tth\u00e5lla principerna om r\u00e4ttvis handel, arbetstagarnas r\u00e4ttigheter och milj\u00f6ansvar, vilket s\u00e4kerst\u00e4ller att alla v\u00e5ra produkter tillverkas i enlighet med etiska metoder. Med SMETA f\u00f6rst\u00e4rker vi v\u00e5rt engagemang f\u00f6r transparens, st\u00e4ndiga f\u00f6rb\u00e4ttringar och att leverera produkter som inte bara \u00e4r av h\u00f6gsta kvalitet utan ocks\u00e5 etiskt producerade.<\/p>\n<\/div><\/div><\/div><\/div><\/div><\/p>","protected":false},"excerpt":{"rendered":"","protected":false},"author":1,"featured_media":0,"parent":0,"menu_order":0,"comment_status":"closed","ping_status":"closed","template":"100-width.php","meta":{"_acf_changed":false,"footnotes":""},"class_list":["post-3421","page","type-page","status-publish","hentry"],"acf":[],"yoast_head":"<!-- This site is optimized with the Yoast SEO plugin v27.4 - https:\/\/yoast.com\/product\/yoast-seo-wordpress\/ -->\n<title>Quality Control - Festival Factory Madagascar<\/title>\n<meta name=\"description\" content=\"Festival Factory ensures top-quality apparel through comprehensive in-line checks, child safety testing, metal detection, OEKO-TEX\u00ae and SMETA certifications.\" \/>\n<meta name=\"robots\" content=\"index, follow, max-snippet:-1, max-image-preview:large, max-video-preview:-1\" \/>\n<link rel=\"canonical\" href=\"https:\/\/festival-factory.com\/sv\/quality-control\/\" \/>\n<meta property=\"og:locale\" content=\"sv_SE\" \/>\n<meta property=\"og:type\" content=\"article\" \/>\n<meta property=\"og:title\" content=\"Quality Control - Festival Factory Madagascar\" \/>\n<meta property=\"og:description\" content=\"Festival Factory ensures top-quality apparel through comprehensive in-line checks, child safety testing, metal detection, OEKO-TEX\u00ae and SMETA certifications.\" \/>\n<meta property=\"og:url\" content=\"https:\/\/festival-factory.com\/sv\/quality-control\/\" \/>\n<meta property=\"og:site_name\" content=\"Festival Factory Madagascar\" \/>\n<meta property=\"article:modified_time\" content=\"2025-06-24T09:23:40+00:00\" \/>\n<meta name=\"twitter:card\" content=\"summary_large_image\" \/>\n<meta name=\"twitter:label1\" content=\"Ber\u00e4knad l\u00e4stid\" \/>\n\t<meta name=\"twitter:data1\" content=\"3 minuter\" \/>\n<script type=\"application\/ld+json\" class=\"yoast-schema-graph\">{\"@context\":\"https:\\\/\\\/schema.org\",\"@graph\":[{\"@type\":\"WebPage\",\"@id\":\"https:\\\/\\\/festival-factory.com\\\/quality-control\\\/\",\"url\":\"https:\\\/\\\/festival-factory.com\\\/quality-control\\\/\",\"name\":\"Quality Control - Festival Factory Madagascar\",\"isPartOf\":{\"@id\":\"https:\\\/\\\/festival-factory.com\\\/#website\"},\"datePublished\":\"2025-02-12T15:10:27+00:00\",\"dateModified\":\"2025-06-24T09:23:40+00:00\",\"description\":\"Festival Factory ensures top-quality apparel through comprehensive in-line checks, child safety testing, metal detection, OEKO-TEX\u00ae and SMETA certifications.\",\"breadcrumb\":{\"@id\":\"https:\\\/\\\/festival-factory.com\\\/quality-control\\\/#breadcrumb\"},\"inLanguage\":\"sv-SE\",\"potentialAction\":[{\"@type\":\"ReadAction\",\"target\":[\"https:\\\/\\\/festival-factory.com\\\/quality-control\\\/\"]}]},{\"@type\":\"BreadcrumbList\",\"@id\":\"https:\\\/\\\/festival-factory.com\\\/quality-control\\\/#breadcrumb\",\"itemListElement\":[{\"@type\":\"ListItem\",\"position\":1,\"name\":\"Home\",\"item\":\"https:\\\/\\\/festival-factory.com\\\/\"},{\"@type\":\"ListItem\",\"position\":2,\"name\":\"Quality Control\"}]},{\"@type\":\"WebSite\",\"@id\":\"https:\\\/\\\/festival-factory.com\\\/#website\",\"url\":\"https:\\\/\\\/festival-factory.com\\\/\",\"name\":\"Festival Factory Madagascar\",\"description\":\"Manufacturing apparel &amp; Costumes with decades of experience\",\"publisher\":{\"@id\":\"https:\\\/\\\/festival-factory.com\\\/#organization\"},\"potentialAction\":[{\"@type\":\"SearchAction\",\"target\":{\"@type\":\"EntryPoint\",\"urlTemplate\":\"https:\\\/\\\/festival-factory.com\\\/?s={search_term_string}\"},\"query-input\":{\"@type\":\"PropertyValueSpecification\",\"valueRequired\":true,\"valueName\":\"search_term_string\"}}],\"inLanguage\":\"sv-SE\"},{\"@type\":\"Organization\",\"@id\":\"https:\\\/\\\/festival-factory.com\\\/#organization\",\"name\":\"Festival Factory Madagascar\",\"url\":\"https:\\\/\\\/festival-factory.com\\\/\",\"logo\":{\"@type\":\"ImageObject\",\"inLanguage\":\"sv-SE\",\"@id\":\"https:\\\/\\\/festival-factory.com\\\/#\\\/schema\\\/logo\\\/image\\\/\",\"url\":\"https:\\\/\\\/festival-factory.com\\\/wp-content\\\/uploads\\\/2025\\\/02\\\/Festival-Logo.png\",\"contentUrl\":\"https:\\\/\\\/festival-factory.com\\\/wp-content\\\/uploads\\\/2025\\\/02\\\/Festival-Logo.png\",\"width\":2000,\"height\":519,\"caption\":\"Festival Factory Madagascar\"},\"image\":{\"@id\":\"https:\\\/\\\/festival-factory.com\\\/#\\\/schema\\\/logo\\\/image\\\/\"}}]}<\/script>\n<!-- \/ Yoast SEO plugin. -->","yoast_head_json":{"title":"Kvalitetskontroll - Festival Factory Madagaskar","description":"Festival Factory s\u00e4kerst\u00e4ller kl\u00e4der av h\u00f6gsta kvalitet genom omfattande kontroller i produktionslinjen, barns\u00e4kerhetstester, metalldetektering, OEKO-TEX\u00ae- och SMETA-certifieringar.","robots":{"index":"index","follow":"follow","max-snippet":"max-snippet:-1","max-image-preview":"max-image-preview:large","max-video-preview":"max-video-preview:-1"},"canonical":"https:\/\/festival-factory.com\/sv\/quality-control\/","og_locale":"sv_SE","og_type":"article","og_title":"Quality Control - Festival Factory Madagascar","og_description":"Festival Factory ensures top-quality apparel through comprehensive in-line checks, child safety testing, metal detection, OEKO-TEX\u00ae and SMETA certifications.","og_url":"https:\/\/festival-factory.com\/sv\/quality-control\/","og_site_name":"Festival Factory Madagascar","article_modified_time":"2025-06-24T09:23:40+00:00","twitter_card":"summary_large_image","twitter_misc":{"Ber\u00e4knad l\u00e4stid":"3 minuter"},"schema":{"@context":"https:\/\/schema.org","@graph":[{"@type":"WebPage","@id":"https:\/\/festival-factory.com\/quality-control\/","url":"https:\/\/festival-factory.com\/quality-control\/","name":"Kvalitetskontroll - Festival Factory Madagaskar","isPartOf":{"@id":"https:\/\/festival-factory.com\/#website"},"datePublished":"2025-02-12T15:10:27+00:00","dateModified":"2025-06-24T09:23:40+00:00","description":"Festival Factory s\u00e4kerst\u00e4ller kl\u00e4der av h\u00f6gsta kvalitet genom omfattande kontroller i produktionslinjen, barns\u00e4kerhetstester, metalldetektering, OEKO-TEX\u00ae- och SMETA-certifieringar.","breadcrumb":{"@id":"https:\/\/festival-factory.com\/quality-control\/#breadcrumb"},"inLanguage":"sv-SE","potentialAction":[{"@type":"ReadAction","target":["https:\/\/festival-factory.com\/quality-control\/"]}]},{"@type":"BreadcrumbList","@id":"https:\/\/festival-factory.com\/quality-control\/#breadcrumb","itemListElement":[{"@type":"ListItem","position":1,"name":"Home","item":"https:\/\/festival-factory.com\/"},{"@type":"ListItem","position":2,"name":"Quality Control"}]},{"@type":"WebSite","@id":"https:\/\/festival-factory.com\/#website","url":"https:\/\/festival-factory.com\/","name":"Festival Factory Madagaskar","description":"Tillverkning av kl\u00e4der och kostymer med \u00e5rtionden av erfarenhet","publisher":{"@id":"https:\/\/festival-factory.com\/#organization"},"potentialAction":[{"@type":"SearchAction","target":{"@type":"EntryPoint","urlTemplate":"https:\/\/festival-factory.com\/?s={search_term_string}"},"query-input":{"@type":"PropertyValueSpecification","valueRequired":true,"valueName":"search_term_string"}}],"inLanguage":"sv-SE"},{"@type":"Organization","@id":"https:\/\/festival-factory.com\/#organization","name":"Festival Factory Madagaskar","url":"https:\/\/festival-factory.com\/","logo":{"@type":"ImageObject","inLanguage":"sv-SE","@id":"https:\/\/festival-factory.com\/#\/schema\/logo\/image\/","url":"https:\/\/festival-factory.com\/wp-content\/uploads\/2025\/02\/Festival-Logo.png","contentUrl":"https:\/\/festival-factory.com\/wp-content\/uploads\/2025\/02\/Festival-Logo.png","width":2000,"height":519,"caption":"Festival Factory Madagascar"},"image":{"@id":"https:\/\/festival-factory.com\/#\/schema\/logo\/image\/"}}]}},"_links":{"self":[{"href":"https:\/\/festival-factory.com\/sv\/wp-json\/wp\/v2\/pages\/3421","targetHints":{"allow":["GET"]}}],"collection":[{"href":"https:\/\/festival-factory.com\/sv\/wp-json\/wp\/v2\/pages"}],"about":[{"href":"https:\/\/festival-factory.com\/sv\/wp-json\/wp\/v2\/types\/page"}],"author":[{"embeddable":true,"href":"https:\/\/festival-factory.com\/sv\/wp-json\/wp\/v2\/users\/1"}],"replies":[{"embeddable":true,"href":"https:\/\/festival-factory.com\/sv\/wp-json\/wp\/v2\/comments?post=3421"}],"version-history":[{"count":12,"href":"https:\/\/festival-factory.com\/sv\/wp-json\/wp\/v2\/pages\/3421\/revisions"}],"predecessor-version":[{"id":3821,"href":"https:\/\/festival-factory.com\/sv\/wp-json\/wp\/v2\/pages\/3421\/revisions\/3821"}],"wp:attachment":[{"href":"https:\/\/festival-factory.com\/sv\/wp-json\/wp\/v2\/media?parent=3421"}],"curies":[{"name":"wp","href":"https:\/\/api.w.org\/{rel}","templated":true}]}}