{"id":3606,"date":"2025-04-01T15:10:06","date_gmt":"2025-04-01T15:10:06","guid":{"rendered":"https:\/\/festival-factory.com\/?page_id=3606"},"modified":"2025-06-24T09:10:21","modified_gmt":"2025-06-24T09:10:21","slug":"employee-welfare","status":"publish","type":"page","link":"https:\/\/festival-factory.com\/sv\/employee-welfare\/","title":{"rendered":"Medarbetarnas v\u00e4lbefinnande"},"content":{"rendered":"<div class=\"fusion-fullwidth fullwidth-box fusion-builder-row-1 fusion-flex-container has-pattern-background has-mask-background nonhundred-percent-fullwidth non-hundred-percent-height-scrolling\" style=\"--awb-border-radius-top-left:0px;--awb-border-radius-top-right:0px;--awb-border-radius-bottom-right:0px;--awb-border-radius-bottom-left:0px;--awb-flex-wrap:wrap;\" ><div class=\"fusion-builder-row fusion-row fusion-flex-align-items-flex-start fusion-flex-content-wrap\" style=\"max-width:1372.8px;margin-left: calc(-4% \/ 2 );margin-right: calc(-4% \/ 2 );\"><div class=\"fusion-layout-column fusion_builder_column fusion-builder-column-0 fusion_builder_column_1_1 1_1 fusion-flex-column\" style=\"--awb-bg-size:cover;--awb-width-large:100%;--awb-margin-top-large:0px;--awb-spacing-right-large:1.92%;--awb-margin-bottom-large:20px;--awb-spacing-left-large:1.92%;--awb-width-medium:100%;--awb-order-medium:0;--awb-spacing-right-medium:1.92%;--awb-spacing-left-medium:1.92%;--awb-width-small:100%;--awb-order-small:0;--awb-spacing-right-small:1.92%;--awb-spacing-left-small:1.92%;\"><div class=\"fusion-column-wrapper fusion-column-has-shadow fusion-flex-justify-content-flex-start fusion-content-layout-column\"><div class=\"fusion-text fusion-text-1\"><h3 class=\"\" data-start=\"233\" data-end=\"298\"><strong data-start=\"237\" data-end=\"298\">Teambuilding-aktiviteter f\u00f6r att fr\u00e4mja ett starkare samarbete<\/strong><\/h3>\n<p class=\"\" data-start=\"299\" data-end=\"853\">P\u00e5 Festival Factory prioriterar vi att skapa en stark och sammanh\u00e5llen personalstyrka. F\u00f6r att uppn\u00e5 detta organiserar vi \u00e5rliga <strong data-start=\"412\" data-end=\"451\">evenemang och aktiviteter f\u00f6r teambuilding<\/strong> som uppmuntrar till samarbete och fr\u00e4mjar en positiv arbetsmilj\u00f6. Dessa evenemang \u00e4r inte bara utformade f\u00f6r att st\u00e4rka relationerna mellan medarbetarna utan ocks\u00e5 f\u00f6r att f\u00f6rb\u00e4ttra den \u00f6vergripande lagandan, produktiviteten och moralen. Vi anser att ett enat team \u00e4r grunden f\u00f6r en framg\u00e5ngsrik organisation, och v\u00e5ra <strong data-start=\"754\" data-end=\"789\">initiativ f\u00f6r att engagera medarbetarna<\/strong> se till att v\u00e5r personal f\u00f6rblir motiverad, fokuserad och inspirerad.<\/p>\n<h3 class=\"\" data-start=\"956\" data-end=\"1004\"><strong data-start=\"960\" data-end=\"1004\">Erk\u00e4nnandeprogram f\u00f6r \u00e5rets medarbetare<\/strong><\/h3>\n<p class=\"\" data-start=\"1005\" data-end=\"1598\">V\u00e5r str\u00e4van efter excellens \u00e5terspeglas i det erk\u00e4nnande och de bel\u00f6ningar vi erbjuder v\u00e5ra engagerade medarbetare. Varje \u00e5r hedrar vi exceptionella individer och <strong data-start=\"1163\" data-end=\"1183\">produktionslinjer<\/strong> genom v\u00e5r <strong data-start=\"1196\" data-end=\"1220\">\u00c5rets medarbetare<\/strong> utm\u00e4rkelser. Detta program uppm\u00e4rksammar enast\u00e5ende prestationer, h\u00f6g n\u00e4rvaro och produktion av <strong data-start=\"1317\" data-end=\"1342\">produkter av h\u00f6g kvalitet<\/strong>. Genom att bel\u00f6na h\u00e4ngivenhet och engagemang motiverar vi v\u00e5ra medarbetare att h\u00e5lla h\u00f6gsta standard, arbeta effektivt och bidra till f\u00f6retagets framg\u00e5ng. Detta erk\u00e4nnande f\u00f6rst\u00e4rker ocks\u00e5 v\u00e5r tro p\u00e5 att fr\u00e4mja en kultur av prestationer och excellens.<\/p>\n<h3 class=\"\" data-start=\"1730\" data-end=\"1784\"><strong data-start=\"1734\" data-end=\"1784\">H\u00e4lsa och v\u00e4lbefinnande p\u00e5 plats med egen klinik<\/strong><\/h3>\n<p class=\"\" data-start=\"1785\" data-end=\"2364\">V\u00e5ra medarbetares h\u00e4lsa och v\u00e4lbefinnande \u00e4r en central del av v\u00e5r verksamhet p\u00e5 Festival Factory. F\u00f6r att st\u00f6dja v\u00e5r personalstyrka erbjuder vi en <strong data-start=\"1917\" data-end=\"1936\">intern klinik<\/strong>, som dagligen bemannas av kvalificerad v\u00e5rdpersonal. Kliniken \u00e4r tillg\u00e4nglig f\u00f6r alla anst\u00e4llda och s\u00e4kerst\u00e4ller att de har tillg\u00e5ng till viktiga h\u00e4lsotj\u00e4nster n\u00e4r det beh\u00f6vs. Kliniken spelar en avg\u00f6rande roll f\u00f6r att uppr\u00e4tth\u00e5lla en frisk personalstyrka, ta itu med medicinska problem snabbt och bidra till \u00f6vergripande medarbetarn\u00f6jdhet och produktivitet. P\u00e5 Festival Factory tror vi att en frisk medarbetare \u00e4r en glad och produktiv medarbetare.<\/p>\n<h3 class=\"\" data-start=\"2470\" data-end=\"2526\"><strong data-start=\"2474\" data-end=\"2526\">N\u00e4ringsriktig daglig matsal f\u00f6r medarbetarnas v\u00e4lbefinnande<\/strong><\/h3>\n<p class=\"\" data-start=\"2527\" data-end=\"3073\">P\u00e5 Festival Factory tror vi att en v\u00e4ln\u00e4rd medarbetare \u00e4r en produktiv medarbetare. F\u00f6r att st\u00f6dja v\u00e5rt teams v\u00e4lbefinnande tillhandah\u00e5ller vi en <strong data-start=\"2652\" data-end=\"2667\">daglig lunch<\/strong> till alla anst\u00e4llda genom v\u00e5r matsal p\u00e5 plats. Vi str\u00e4var efter att uppr\u00e4tth\u00e5lla en h\u00f6g standard p\u00e5 matkvaliteten och v\u00e5ra matsalar testas regelbundet f\u00f6r att s\u00e4kerst\u00e4lla att maten och vattnet uppfyller de h\u00f6gsta hygien- och n\u00e4ringsstandarderna. Att erbjuda n\u00e4ringsriktiga m\u00e5ltider bidrar inte bara till en friskare personalstyrka utan s\u00e4kerst\u00e4ller ocks\u00e5 att v\u00e5ra medarbetare beh\u00e5ller energi och fokus under hela arbetsdagen.<\/p>\n<\/div><\/div><\/div><\/div><\/div>","protected":false},"excerpt":{"rendered":"","protected":false},"author":2,"featured_media":0,"parent":0,"menu_order":0,"comment_status":"closed","ping_status":"closed","template":"100-width.php","meta":{"_acf_changed":false,"footnotes":""},"class_list":["post-3606","page","type-page","status-publish","hentry"],"acf":[],"yoast_head":"<!-- This site is optimized with the Yoast SEO plugin v27.4 - https:\/\/yoast.com\/product\/yoast-seo-wordpress\/ -->\n<title>Employee Welfare - Festival Factory Madagascar<\/title>\n<meta name=\"description\" content=\"Discover Festival Factory\u2019s employee-first approach: mental health support, fair benefits, safe workplaces, regular wellness programs and staff growth initiatives.\" \/>\n<meta name=\"robots\" content=\"index, follow, max-snippet:-1, max-image-preview:large, max-video-preview:-1\" \/>\n<link rel=\"canonical\" href=\"https:\/\/festival-factory.com\/sv\/employee-welfare\/\" \/>\n<meta property=\"og:locale\" content=\"sv_SE\" \/>\n<meta property=\"og:type\" content=\"article\" \/>\n<meta property=\"og:title\" content=\"Employee Welfare - Festival Factory Madagascar\" \/>\n<meta property=\"og:description\" content=\"Discover Festival Factory\u2019s employee-first approach: mental health support, fair benefits, safe workplaces, regular wellness programs and staff growth initiatives.\" \/>\n<meta property=\"og:url\" content=\"https:\/\/festival-factory.com\/sv\/employee-welfare\/\" \/>\n<meta property=\"og:site_name\" content=\"Festival Factory Madagascar\" \/>\n<meta property=\"article:modified_time\" content=\"2025-06-24T09:10:21+00:00\" \/>\n<meta name=\"twitter:card\" content=\"summary_large_image\" \/>\n<meta name=\"twitter:label1\" content=\"Ber\u00e4knad l\u00e4stid\" \/>\n\t<meta name=\"twitter:data1\" content=\"2 minuter\" \/>\n<script type=\"application\/ld+json\" class=\"yoast-schema-graph\">{\"@context\":\"https:\\\/\\\/schema.org\",\"@graph\":[{\"@type\":\"WebPage\",\"@id\":\"https:\\\/\\\/festival-factory.com\\\/employee-welfare\\\/\",\"url\":\"https:\\\/\\\/festival-factory.com\\\/employee-welfare\\\/\",\"name\":\"Employee Welfare - Festival Factory Madagascar\",\"isPartOf\":{\"@id\":\"https:\\\/\\\/festival-factory.com\\\/#website\"},\"datePublished\":\"2025-04-01T15:10:06+00:00\",\"dateModified\":\"2025-06-24T09:10:21+00:00\",\"description\":\"Discover Festival Factory\u2019s employee-first approach: mental health support, fair benefits, safe workplaces, regular wellness programs and staff growth initiatives.\",\"breadcrumb\":{\"@id\":\"https:\\\/\\\/festival-factory.com\\\/employee-welfare\\\/#breadcrumb\"},\"inLanguage\":\"sv-SE\",\"potentialAction\":[{\"@type\":\"ReadAction\",\"target\":[\"https:\\\/\\\/festival-factory.com\\\/employee-welfare\\\/\"]}]},{\"@type\":\"BreadcrumbList\",\"@id\":\"https:\\\/\\\/festival-factory.com\\\/employee-welfare\\\/#breadcrumb\",\"itemListElement\":[{\"@type\":\"ListItem\",\"position\":1,\"name\":\"Home\",\"item\":\"https:\\\/\\\/festival-factory.com\\\/\"},{\"@type\":\"ListItem\",\"position\":2,\"name\":\"Employee Welfare\"}]},{\"@type\":\"WebSite\",\"@id\":\"https:\\\/\\\/festival-factory.com\\\/#website\",\"url\":\"https:\\\/\\\/festival-factory.com\\\/\",\"name\":\"Festival Factory Madagascar\",\"description\":\"Manufacturing apparel &amp; Costumes with decades of experience\",\"publisher\":{\"@id\":\"https:\\\/\\\/festival-factory.com\\\/#organization\"},\"potentialAction\":[{\"@type\":\"SearchAction\",\"target\":{\"@type\":\"EntryPoint\",\"urlTemplate\":\"https:\\\/\\\/festival-factory.com\\\/?s={search_term_string}\"},\"query-input\":{\"@type\":\"PropertyValueSpecification\",\"valueRequired\":true,\"valueName\":\"search_term_string\"}}],\"inLanguage\":\"sv-SE\"},{\"@type\":\"Organization\",\"@id\":\"https:\\\/\\\/festival-factory.com\\\/#organization\",\"name\":\"Festival Factory Madagascar\",\"url\":\"https:\\\/\\\/festival-factory.com\\\/\",\"logo\":{\"@type\":\"ImageObject\",\"inLanguage\":\"sv-SE\",\"@id\":\"https:\\\/\\\/festival-factory.com\\\/#\\\/schema\\\/logo\\\/image\\\/\",\"url\":\"https:\\\/\\\/festival-factory.com\\\/wp-content\\\/uploads\\\/2025\\\/02\\\/Festival-Logo.png\",\"contentUrl\":\"https:\\\/\\\/festival-factory.com\\\/wp-content\\\/uploads\\\/2025\\\/02\\\/Festival-Logo.png\",\"width\":2000,\"height\":519,\"caption\":\"Festival Factory Madagascar\"},\"image\":{\"@id\":\"https:\\\/\\\/festival-factory.com\\\/#\\\/schema\\\/logo\\\/image\\\/\"}}]}<\/script>\n<!-- \/ Yoast SEO plugin. -->","yoast_head_json":{"title":"Medarbetarnas v\u00e4lbefinnande - Festival Factory Madagaskar","description":"Uppt\u00e4ck hur Festival Factory s\u00e4tter medarbetarna i centrum: st\u00f6d f\u00f6r psykisk h\u00e4lsa, r\u00e4ttvisa f\u00f6rm\u00e5ner, s\u00e4kra arbetsplatser, regelbundna friskv\u00e5rdsprogram och initiativ f\u00f6r personalutveckling.","robots":{"index":"index","follow":"follow","max-snippet":"max-snippet:-1","max-image-preview":"max-image-preview:large","max-video-preview":"max-video-preview:-1"},"canonical":"https:\/\/festival-factory.com\/sv\/employee-welfare\/","og_locale":"sv_SE","og_type":"article","og_title":"Employee Welfare - Festival Factory Madagascar","og_description":"Discover Festival Factory\u2019s employee-first approach: mental health support, fair benefits, safe workplaces, regular wellness programs and staff growth initiatives.","og_url":"https:\/\/festival-factory.com\/sv\/employee-welfare\/","og_site_name":"Festival Factory Madagascar","article_modified_time":"2025-06-24T09:10:21+00:00","twitter_card":"summary_large_image","twitter_misc":{"Ber\u00e4knad l\u00e4stid":"2 minuter"},"schema":{"@context":"https:\/\/schema.org","@graph":[{"@type":"WebPage","@id":"https:\/\/festival-factory.com\/employee-welfare\/","url":"https:\/\/festival-factory.com\/employee-welfare\/","name":"Medarbetarnas v\u00e4lbefinnande - Festival Factory Madagaskar","isPartOf":{"@id":"https:\/\/festival-factory.com\/#website"},"datePublished":"2025-04-01T15:10:06+00:00","dateModified":"2025-06-24T09:10:21+00:00","description":"Uppt\u00e4ck hur Festival Factory s\u00e4tter medarbetarna i centrum: st\u00f6d f\u00f6r psykisk h\u00e4lsa, r\u00e4ttvisa f\u00f6rm\u00e5ner, s\u00e4kra arbetsplatser, regelbundna friskv\u00e5rdsprogram och initiativ f\u00f6r personalutveckling.","breadcrumb":{"@id":"https:\/\/festival-factory.com\/employee-welfare\/#breadcrumb"},"inLanguage":"sv-SE","potentialAction":[{"@type":"ReadAction","target":["https:\/\/festival-factory.com\/employee-welfare\/"]}]},{"@type":"BreadcrumbList","@id":"https:\/\/festival-factory.com\/employee-welfare\/#breadcrumb","itemListElement":[{"@type":"ListItem","position":1,"name":"Home","item":"https:\/\/festival-factory.com\/"},{"@type":"ListItem","position":2,"name":"Employee Welfare"}]},{"@type":"WebSite","@id":"https:\/\/festival-factory.com\/#website","url":"https:\/\/festival-factory.com\/","name":"Festival Factory Madagaskar","description":"Tillverkning av kl\u00e4der och kostymer med \u00e5rtionden av erfarenhet","publisher":{"@id":"https:\/\/festival-factory.com\/#organization"},"potentialAction":[{"@type":"SearchAction","target":{"@type":"EntryPoint","urlTemplate":"https:\/\/festival-factory.com\/?s={search_term_string}"},"query-input":{"@type":"PropertyValueSpecification","valueRequired":true,"valueName":"search_term_string"}}],"inLanguage":"sv-SE"},{"@type":"Organization","@id":"https:\/\/festival-factory.com\/#organization","name":"Festival Factory Madagaskar","url":"https:\/\/festival-factory.com\/","logo":{"@type":"ImageObject","inLanguage":"sv-SE","@id":"https:\/\/festival-factory.com\/#\/schema\/logo\/image\/","url":"https:\/\/festival-factory.com\/wp-content\/uploads\/2025\/02\/Festival-Logo.png","contentUrl":"https:\/\/festival-factory.com\/wp-content\/uploads\/2025\/02\/Festival-Logo.png","width":2000,"height":519,"caption":"Festival Factory Madagascar"},"image":{"@id":"https:\/\/festival-factory.com\/#\/schema\/logo\/image\/"}}]}},"_links":{"self":[{"href":"https:\/\/festival-factory.com\/sv\/wp-json\/wp\/v2\/pages\/3606","targetHints":{"allow":["GET"]}}],"collection":[{"href":"https:\/\/festival-factory.com\/sv\/wp-json\/wp\/v2\/pages"}],"about":[{"href":"https:\/\/festival-factory.com\/sv\/wp-json\/wp\/v2\/types\/page"}],"author":[{"embeddable":true,"href":"https:\/\/festival-factory.com\/sv\/wp-json\/wp\/v2\/users\/2"}],"replies":[{"embeddable":true,"href":"https:\/\/festival-factory.com\/sv\/wp-json\/wp\/v2\/comments?post=3606"}],"version-history":[{"count":5,"href":"https:\/\/festival-factory.com\/sv\/wp-json\/wp\/v2\/pages\/3606\/revisions"}],"predecessor-version":[{"id":3817,"href":"https:\/\/festival-factory.com\/sv\/wp-json\/wp\/v2\/pages\/3606\/revisions\/3817"}],"wp:attachment":[{"href":"https:\/\/festival-factory.com\/sv\/wp-json\/wp\/v2\/media?parent=3606"}],"curies":[{"name":"wp","href":"https:\/\/api.w.org\/{rel}","templated":true}]}}