{"id":3608,"date":"2025-04-01T15:10:46","date_gmt":"2025-04-01T15:10:46","guid":{"rendered":"https:\/\/festival-factory.com\/?page_id=3608"},"modified":"2025-06-24T09:04:35","modified_gmt":"2025-06-24T09:04:35","slug":"community-projects","status":"publish","type":"page","link":"https:\/\/festival-factory.com\/sv\/community-projects\/","title":{"rendered":"Gemenskapsprojekt"},"content":{"rendered":"<div class=\"fusion-fullwidth fullwidth-box fusion-builder-row-1 fusion-flex-container has-pattern-background has-mask-background nonhundred-percent-fullwidth non-hundred-percent-height-scrolling\" style=\"--awb-border-radius-top-left:0px;--awb-border-radius-top-right:0px;--awb-border-radius-bottom-right:0px;--awb-border-radius-bottom-left:0px;--awb-flex-wrap:wrap;\" ><div class=\"fusion-builder-row fusion-row fusion-flex-align-items-flex-start fusion-flex-content-wrap\" style=\"max-width:1372.8px;margin-left: calc(-4% \/ 2 );margin-right: calc(-4% \/ 2 );\"><div class=\"fusion-layout-column fusion_builder_column fusion-builder-column-0 fusion_builder_column_1_1 1_1 fusion-flex-column\" style=\"--awb-bg-size:cover;--awb-width-large:100%;--awb-margin-top-large:0px;--awb-spacing-right-large:1.92%;--awb-margin-bottom-large:20px;--awb-spacing-left-large:1.92%;--awb-width-medium:100%;--awb-order-medium:0;--awb-spacing-right-medium:1.92%;--awb-spacing-left-medium:1.92%;--awb-width-small:100%;--awb-order-small:0;--awb-spacing-right-small:1.92%;--awb-spacing-left-small:1.92%;\"><div class=\"fusion-column-wrapper fusion-column-has-shadow fusion-flex-justify-content-flex-start fusion-content-layout-column\"><div class=\"fusion-text fusion-text-1\"><h3 class=\"\" data-start=\"77\" data-end=\"137\"><strong data-start=\"81\" data-end=\"137\">Initiativ f\u00f6r \u00e5terbeskogning f\u00f6r att skydda milj\u00f6n<\/strong><\/h3>\n<p class=\"\" data-start=\"138\" data-end=\"779\">P\u00e5 Festival Factory \u00e4r vi stolta \u00f6ver v\u00e5rt st\u00e4ndiga engagemang f\u00f6r <strong data-start=\"202\" data-end=\"234\">milj\u00f6m\u00e4ssig h\u00e5llbarhet<\/strong>. Ett av v\u00e5ra viktigaste initiativ \u00e4r v\u00e5r <strong data-start=\"270\" data-end=\"304\">\u00c5rligt program f\u00f6r tr\u00e4dplantering<\/strong> i samarbete med <strong data-start=\"331\" data-end=\"362\">Milj\u00f6ministeriet<\/strong>. Varje \u00e5r engagerar vi v\u00e5ra medarbetare i att plantera och \u00f6vervaka tr\u00e4d, bidra till att \u00e5terst\u00e4lla naturliga livsmilj\u00f6er och hj\u00e4lpa till att bek\u00e4mpa avskogning. I genomsnitt, <strong data-start=\"531\" data-end=\"558\">1.500 tr\u00e4d planteras<\/strong> \u00e5rligen, med en anm\u00e4rkningsv\u00e4rd <strong data-start=\"587\" data-end=\"608\">86% \u00f6verlevnadsgrad<\/strong> f\u00f6r de tr\u00e4d som planteras 2024. Detta initiativ \u00e4r bara ett av de s\u00e4tt p\u00e5 vilka vi aktivt fr\u00e4mjar en <strong data-start=\"702\" data-end=\"720\">gr\u00f6nare framtid<\/strong> samtidigt som vi involverar v\u00e5rt team i praktiska milj\u00f6\u00e5tg\u00e4rder.<\/p>\n<h3 class=\"\" data-start=\"921\" data-end=\"972\"><strong data-start=\"925\" data-end=\"972\">\u00c5tervinningsprogram f\u00f6r att minska fabriksavfallet<\/strong><\/h3>\n<p class=\"\" data-start=\"973\" data-end=\"1590\">Som en del av v\u00e5rt engagemang f\u00f6r h\u00e5llbarhet, <strong data-start=\"1018\" data-end=\"1038\">Festivalfabriken<\/strong> har implementerat ett omfattande <strong data-start=\"1071\" data-end=\"1094\">\u00c5tervinningsprogram<\/strong> som syftar till att minska v\u00e5r milj\u00f6p\u00e5verkan. Vi s\u00e4kerst\u00e4ller att allt fabriksavfall sorteras och \u00e5tervinns p\u00e5 r\u00e4tt s\u00e4tt genom partnerskap med flera <strong data-start=\"1239\" data-end=\"1281\">statligt godk\u00e4nda \u00e5tervinningspartners<\/strong>. Detta initiativ hj\u00e4lper oss att minimera avfall, spara resurser och bidra till en <strong data-start=\"1364\" data-end=\"1384\">cirkul\u00e4r ekonomi<\/strong>Vi arbetar st\u00e4ndigt med \u00e5tervinning och ser till att v\u00e5ra produktionsprocesser \u00e4r s\u00e5 milj\u00f6v\u00e4nliga som m\u00f6jligt. V\u00e5ra \u00e5tervinningsinsatser \u00e4r en viktig del av v\u00e5rt bredare uppdrag att skapa en mer h\u00e5llbar och ansvarsfull tillverkningsprocess.<\/p>\n<h3 class=\"\" data-start=\"1721\" data-end=\"1781\"><strong data-start=\"1725\" data-end=\"1781\">Medarbetarnas deltagande i lokala traill\u00f6pningsevenemang<\/strong><\/h3>\n<p class=\"\" data-start=\"1782\" data-end=\"2314\">Festival Factory \u00e4r stolta \u00f6ver att uppmuntra en aktiv och h\u00e4lsosam livsstil bland sina anst\u00e4llda. Varje \u00e5r deltar ett team av v\u00e5ra engagerade medarbetare i den lokala <strong data-start=\"1945\" data-end=\"1962\">Terr\u00e4ngl\u00f6pning<\/strong> och visade p\u00e5 deras engagemang f\u00f6r tr\u00e4ning och lagarbete. \u00c5r 2024 deltog sex av v\u00e5ra medarbetare i loppet och slutade p\u00e5 <strong data-start=\"2092\" data-end=\"2126\">topp 65 av 240 deltagare<\/strong>- ett sant bevis p\u00e5 deras uth\u00e5llighet och engagemang. Detta \u00e5rliga evenemang fr\u00e4mjar inte bara det fysiska v\u00e4lbefinnandet utan st\u00e4rker ocks\u00e5 k\u00e4nslan av gemenskap och kamratskap bland v\u00e5r personal.<\/p>\n<h3 class=\"\" data-start=\"2442\" data-end=\"2498\"><strong data-start=\"2446\" data-end=\"2498\">Bygga upp starka partnerskap med icke-statliga organisationer<\/strong><\/h3>\n<p class=\"\" data-start=\"2499\" data-end=\"3097\">P\u00e5 Festival Factory tror vi p\u00e5 att ge tillbaka till det samh\u00e4lle som st\u00f6der oss. Vi \u00e4r stolta \u00f6ver att samarbeta med lokala <strong data-start=\"2616\" data-end=\"2657\">icke-statliga organisationer (NGO:er)<\/strong> f\u00f6r att skapa en positiv inverkan i regionen. V\u00e5ra samarbeten omfattar arbete med <strong data-start=\"2739\" data-end=\"2763\">barnhem, h\u00e4rb\u00e4rgen<\/strong>, och <strong data-start=\"2773\" data-end=\"2804\">F\u00f6reningen f\u00f6r \u00e4ldre m\u00e4nniskor<\/strong>d\u00e4r vi regelbundet sk\u00e4nker viktiga artiklar som <strong data-start=\"2853\" data-end=\"2901\">Kl\u00e4der, uniformer, ris, filtar och leksaker<\/strong>. Dessa partnerskap g\u00f6r det m\u00f6jligt f\u00f6r oss att bidra till v\u00e4lbefinnandet f\u00f6r dem som beh\u00f6ver det, st\u00e4rka den sociala strukturen i samh\u00e4llet och f\u00f6rst\u00e4rka v\u00e5ra v\u00e4rderingar om medk\u00e4nsla och socialt ansvar.<\/p>\n<\/div><\/div><\/div><\/div><\/div>","protected":false},"excerpt":{"rendered":"","protected":false},"author":2,"featured_media":0,"parent":0,"menu_order":0,"comment_status":"closed","ping_status":"closed","template":"100-width.php","meta":{"_acf_changed":false,"footnotes":""},"class_list":["post-3608","page","type-page","status-publish","hentry"],"acf":[],"yoast_head":"<!-- This site is optimized with the Yoast SEO plugin v27.4 - https:\/\/yoast.com\/product\/yoast-seo-wordpress\/ -->\n<title>Community Projects - Festival Factory Madagascar<\/title>\n<meta name=\"description\" content=\"Discover how Festival Factory supports communities through social impact initiatives, employee empowerment, and creative local partnerships\" \/>\n<meta name=\"robots\" content=\"index, follow, max-snippet:-1, max-image-preview:large, max-video-preview:-1\" \/>\n<link rel=\"canonical\" href=\"https:\/\/festival-factory.com\/sv\/community-projects\/\" \/>\n<meta property=\"og:locale\" content=\"sv_SE\" \/>\n<meta property=\"og:type\" content=\"article\" \/>\n<meta property=\"og:title\" content=\"Community Projects - Festival Factory Madagascar\" \/>\n<meta property=\"og:description\" content=\"Discover how Festival Factory supports communities through social impact initiatives, employee empowerment, and creative local partnerships\" \/>\n<meta property=\"og:url\" content=\"https:\/\/festival-factory.com\/sv\/community-projects\/\" \/>\n<meta property=\"og:site_name\" content=\"Festival Factory Madagascar\" \/>\n<meta property=\"article:modified_time\" content=\"2025-06-24T09:04:35+00:00\" \/>\n<meta name=\"twitter:card\" content=\"summary_large_image\" \/>\n<meta name=\"twitter:label1\" content=\"Ber\u00e4knad l\u00e4stid\" \/>\n\t<meta name=\"twitter:data1\" content=\"2 minuter\" \/>\n<script type=\"application\/ld+json\" class=\"yoast-schema-graph\">{\"@context\":\"https:\\\/\\\/schema.org\",\"@graph\":[{\"@type\":\"WebPage\",\"@id\":\"https:\\\/\\\/festival-factory.com\\\/community-projects\\\/\",\"url\":\"https:\\\/\\\/festival-factory.com\\\/community-projects\\\/\",\"name\":\"Community Projects - Festival Factory Madagascar\",\"isPartOf\":{\"@id\":\"https:\\\/\\\/festival-factory.com\\\/#website\"},\"datePublished\":\"2025-04-01T15:10:46+00:00\",\"dateModified\":\"2025-06-24T09:04:35+00:00\",\"description\":\"Discover how Festival Factory supports communities through social impact initiatives, employee empowerment, and creative local partnerships\",\"breadcrumb\":{\"@id\":\"https:\\\/\\\/festival-factory.com\\\/community-projects\\\/#breadcrumb\"},\"inLanguage\":\"sv-SE\",\"potentialAction\":[{\"@type\":\"ReadAction\",\"target\":[\"https:\\\/\\\/festival-factory.com\\\/community-projects\\\/\"]}]},{\"@type\":\"BreadcrumbList\",\"@id\":\"https:\\\/\\\/festival-factory.com\\\/community-projects\\\/#breadcrumb\",\"itemListElement\":[{\"@type\":\"ListItem\",\"position\":1,\"name\":\"Home\",\"item\":\"https:\\\/\\\/festival-factory.com\\\/\"},{\"@type\":\"ListItem\",\"position\":2,\"name\":\"Community Projects\"}]},{\"@type\":\"WebSite\",\"@id\":\"https:\\\/\\\/festival-factory.com\\\/#website\",\"url\":\"https:\\\/\\\/festival-factory.com\\\/\",\"name\":\"Festival Factory Madagascar\",\"description\":\"Manufacturing apparel &amp; Costumes with decades of experience\",\"publisher\":{\"@id\":\"https:\\\/\\\/festival-factory.com\\\/#organization\"},\"potentialAction\":[{\"@type\":\"SearchAction\",\"target\":{\"@type\":\"EntryPoint\",\"urlTemplate\":\"https:\\\/\\\/festival-factory.com\\\/?s={search_term_string}\"},\"query-input\":{\"@type\":\"PropertyValueSpecification\",\"valueRequired\":true,\"valueName\":\"search_term_string\"}}],\"inLanguage\":\"sv-SE\"},{\"@type\":\"Organization\",\"@id\":\"https:\\\/\\\/festival-factory.com\\\/#organization\",\"name\":\"Festival Factory Madagascar\",\"url\":\"https:\\\/\\\/festival-factory.com\\\/\",\"logo\":{\"@type\":\"ImageObject\",\"inLanguage\":\"sv-SE\",\"@id\":\"https:\\\/\\\/festival-factory.com\\\/#\\\/schema\\\/logo\\\/image\\\/\",\"url\":\"https:\\\/\\\/festival-factory.com\\\/wp-content\\\/uploads\\\/2025\\\/02\\\/Festival-Logo.png\",\"contentUrl\":\"https:\\\/\\\/festival-factory.com\\\/wp-content\\\/uploads\\\/2025\\\/02\\\/Festival-Logo.png\",\"width\":2000,\"height\":519,\"caption\":\"Festival Factory Madagascar\"},\"image\":{\"@id\":\"https:\\\/\\\/festival-factory.com\\\/#\\\/schema\\\/logo\\\/image\\\/\"}}]}<\/script>\n<!-- \/ Yoast SEO plugin. -->","yoast_head_json":{"title":"Samh\u00e4llsprojekt - Festival Factory Madagaskar","description":"Uppt\u00e4ck hur Festival Factory st\u00f6der samh\u00e4llen genom initiativ f\u00f6r social p\u00e5verkan, medarbetarinflytande och kreativa lokala partnerskap","robots":{"index":"index","follow":"follow","max-snippet":"max-snippet:-1","max-image-preview":"max-image-preview:large","max-video-preview":"max-video-preview:-1"},"canonical":"https:\/\/festival-factory.com\/sv\/community-projects\/","og_locale":"sv_SE","og_type":"article","og_title":"Community Projects - Festival Factory Madagascar","og_description":"Discover how Festival Factory supports communities through social impact initiatives, employee empowerment, and creative local partnerships","og_url":"https:\/\/festival-factory.com\/sv\/community-projects\/","og_site_name":"Festival Factory Madagascar","article_modified_time":"2025-06-24T09:04:35+00:00","twitter_card":"summary_large_image","twitter_misc":{"Ber\u00e4knad l\u00e4stid":"2 minuter"},"schema":{"@context":"https:\/\/schema.org","@graph":[{"@type":"WebPage","@id":"https:\/\/festival-factory.com\/community-projects\/","url":"https:\/\/festival-factory.com\/community-projects\/","name":"Samh\u00e4llsprojekt - Festival Factory Madagaskar","isPartOf":{"@id":"https:\/\/festival-factory.com\/#website"},"datePublished":"2025-04-01T15:10:46+00:00","dateModified":"2025-06-24T09:04:35+00:00","description":"Uppt\u00e4ck hur Festival Factory st\u00f6der samh\u00e4llen genom initiativ f\u00f6r social p\u00e5verkan, medarbetarinflytande och kreativa lokala partnerskap","breadcrumb":{"@id":"https:\/\/festival-factory.com\/community-projects\/#breadcrumb"},"inLanguage":"sv-SE","potentialAction":[{"@type":"ReadAction","target":["https:\/\/festival-factory.com\/community-projects\/"]}]},{"@type":"BreadcrumbList","@id":"https:\/\/festival-factory.com\/community-projects\/#breadcrumb","itemListElement":[{"@type":"ListItem","position":1,"name":"Home","item":"https:\/\/festival-factory.com\/"},{"@type":"ListItem","position":2,"name":"Community Projects"}]},{"@type":"WebSite","@id":"https:\/\/festival-factory.com\/#website","url":"https:\/\/festival-factory.com\/","name":"Festival Factory Madagaskar","description":"Tillverkning av kl\u00e4der och kostymer med \u00e5rtionden av erfarenhet","publisher":{"@id":"https:\/\/festival-factory.com\/#organization"},"potentialAction":[{"@type":"SearchAction","target":{"@type":"EntryPoint","urlTemplate":"https:\/\/festival-factory.com\/?s={search_term_string}"},"query-input":{"@type":"PropertyValueSpecification","valueRequired":true,"valueName":"search_term_string"}}],"inLanguage":"sv-SE"},{"@type":"Organization","@id":"https:\/\/festival-factory.com\/#organization","name":"Festival Factory Madagaskar","url":"https:\/\/festival-factory.com\/","logo":{"@type":"ImageObject","inLanguage":"sv-SE","@id":"https:\/\/festival-factory.com\/#\/schema\/logo\/image\/","url":"https:\/\/festival-factory.com\/wp-content\/uploads\/2025\/02\/Festival-Logo.png","contentUrl":"https:\/\/festival-factory.com\/wp-content\/uploads\/2025\/02\/Festival-Logo.png","width":2000,"height":519,"caption":"Festival Factory Madagascar"},"image":{"@id":"https:\/\/festival-factory.com\/#\/schema\/logo\/image\/"}}]}},"_links":{"self":[{"href":"https:\/\/festival-factory.com\/sv\/wp-json\/wp\/v2\/pages\/3608","targetHints":{"allow":["GET"]}}],"collection":[{"href":"https:\/\/festival-factory.com\/sv\/wp-json\/wp\/v2\/pages"}],"about":[{"href":"https:\/\/festival-factory.com\/sv\/wp-json\/wp\/v2\/types\/page"}],"author":[{"embeddable":true,"href":"https:\/\/festival-factory.com\/sv\/wp-json\/wp\/v2\/users\/2"}],"replies":[{"embeddable":true,"href":"https:\/\/festival-factory.com\/sv\/wp-json\/wp\/v2\/comments?post=3608"}],"version-history":[{"count":3,"href":"https:\/\/festival-factory.com\/sv\/wp-json\/wp\/v2\/pages\/3608\/revisions"}],"predecessor-version":[{"id":3814,"href":"https:\/\/festival-factory.com\/sv\/wp-json\/wp\/v2\/pages\/3608\/revisions\/3814"}],"wp:attachment":[{"href":"https:\/\/festival-factory.com\/sv\/wp-json\/wp\/v2\/media?parent=3608"}],"curies":[{"name":"wp","href":"https:\/\/api.w.org\/{rel}","templated":true}]}}