{"id":3911,"date":"2025-07-18T14:38:28","date_gmt":"2025-07-18T14:38:28","guid":{"rendered":"https:\/\/festival-factory.com\/?page_id=3911"},"modified":"2025-07-22T08:30:52","modified_gmt":"2025-07-22T08:30:52","slug":"agoa-us","status":"publish","type":"page","link":"https:\/\/festival-factory.com\/sv\/duty-free-shipping\/agoa-us\/","title":{"rendered":"AGOA - Tullfri frakt till USA"},"content":{"rendered":"<div class=\"fusion-fullwidth fullwidth-box fusion-builder-row-1 fusion-flex-container nonhundred-percent-fullwidth non-hundred-percent-height-scrolling\" style=\"--awb-border-radius-top-left:0px;--awb-border-radius-top-right:0px;--awb-border-radius-bottom-right:0px;--awb-border-radius-bottom-left:0px;--awb-flex-wrap:wrap;\" ><div class=\"fusion-builder-row fusion-row fusion-flex-align-items-flex-start fusion-flex-content-wrap\" style=\"max-width:1372.8px;margin-left: calc(-4% \/ 2 );margin-right: calc(-4% \/ 2 );\"><div class=\"fusion-layout-column fusion_builder_column fusion-builder-column-0 fusion_builder_column_1_1 1_1 fusion-flex-column\" style=\"--awb-bg-size:cover;--awb-width-large:100%;--awb-margin-top-large:0px;--awb-spacing-right-large:1.92%;--awb-margin-bottom-large:0px;--awb-spacing-left-large:1.92%;--awb-width-medium:100%;--awb-spacing-right-medium:1.92%;--awb-spacing-left-medium:1.92%;--awb-width-small:100%;--awb-spacing-right-small:1.92%;--awb-spacing-left-small:1.92%;\"><div class=\"fusion-column-wrapper fusion-flex-justify-content-flex-start fusion-content-layout-column\"><div class=\"fusion-text fusion-text-1\"><h3 data-start=\"1509\" data-end=\"1526\">Vad \u00e4r AGOA?<\/h3>\n<p data-start=\"1528\" data-end=\"1882\">Den <strong data-start=\"1532\" data-end=\"1577\">Lagen om tillv\u00e4xt och m\u00f6jligheter i Afrika (AGOA)<\/strong> \u00e4r ett amerikanskt handelsprogram som antogs \u00e5r 2000 och som ger <strong data-start=\"1632\" data-end=\"1674\">st\u00f6dber\u00e4ttigade l\u00e4nder i Afrika s\u00f6der om Sahara<\/strong> med <strong data-start=\"1680\" data-end=\"1700\">tullfri tillg\u00e5ng<\/strong> till den amerikanska marknaden f\u00f6r \u00f6ver 6.500 produktlinjer. Detta inkluderar en bred kategori av <strong data-start=\"1788\" data-end=\"1817\">textil- och bekl\u00e4dnadsvaror<\/strong>som ofta bel\u00e4ggs med h\u00f6ga tullar n\u00e4r de k\u00f6ps in fr\u00e5n andra l\u00e4nder.<\/p>\n<p data-start=\"1884\" data-end=\"1906\"><strong data-start=\"1884\" data-end=\"1906\">De viktigaste m\u00e5len f\u00f6r AGOA:<\/strong><\/p>\n<ul data-start=\"1907\" data-end=\"2074\">\n<li data-start=\"1907\" data-end=\"1956\">\n<p data-start=\"1909\" data-end=\"1956\">Fr\u00e4mja ekonomisk tillv\u00e4xt i Afrika genom handel<\/p>\n<\/li>\n<li data-start=\"1957\" data-end=\"2018\">\n<p data-start=\"1959\" data-end=\"2018\">F\u00f6rse amerikanska f\u00f6retag med kostnadseffektiva ink\u00f6psalternativ<\/p>\n<\/li>\n<li data-start=\"2019\" data-end=\"2074\">\n<p data-start=\"2021\" data-end=\"2074\">Uppmuntra l\u00e5ngsiktiga handels- och investeringspartnerskap<\/p>\n<\/li>\n<\/ul>\n<hr data-start=\"2076\" data-end=\"2079\" \/>\n<h3 data-start=\"2081\" data-end=\"2125\">Madagaskar: En certifierad AGOA-mottagare<\/h3>\n<p data-start=\"2127\" data-end=\"2388\">Madagaskar \u00e5terfick sin AGOA-st\u00f6dber\u00e4ttigande 2014 efter att ha gjort betydande framsteg i politiska och ekonomiska reformer. Som ett resultat av detta, <strong data-start=\"2257\" data-end=\"2294\">tillverkare baserade i Madagaskar<\/strong> - som Festival Factory - kan exportera kvalificerade produkter till F\u00f6renta staterna <strong>tullfritt (exklusive tullar)<\/strong>.<\/p>\n<p data-start=\"2390\" data-end=\"2458\">F\u00f6r amerikanska import\u00f6rer skapar detta en s\u00e4llsynt m\u00f6jlighet att dra nytta av:<\/p>\n<ul data-start=\"2459\" data-end=\"2624\">\n<li data-start=\"2459\" data-end=\"2504\">\n<p data-start=\"2461\" data-end=\"2504\"><strong data-start=\"2461\" data-end=\"2504\">Nolltullsimport p\u00e5 kvalificerade kl\u00e4der<\/strong><\/p>\n<\/li>\n<li data-start=\"2505\" data-end=\"2564\">\n<p data-start=\"2507\" data-end=\"2564\"><strong data-start=\"2507\" data-end=\"2538\">Kortare ledtider f\u00f6r leverans<\/strong> j\u00e4mf\u00f6rt med asiatiska marknader<\/p>\n<\/li>\n<li data-start=\"2565\" data-end=\"2624\">\n<p data-start=\"2567\" data-end=\"2624\"><strong data-start=\"2567\" data-end=\"2594\">Etiska arbetsnormer<\/strong> och transparenta leveranskedjor<\/p>\n<\/li>\n<\/ul>\n<hr data-start=\"2626\" data-end=\"2629\" \/>\n<h3 data-start=\"2631\" data-end=\"2668\">Vilka produkter \u00e4r kvalificerade enligt AGOA?<\/h3>\n<p data-start=\"2670\" data-end=\"2842\">AGOA st\u00f6der ett brett utbud av st\u00f6dber\u00e4ttigade produkter, men <strong data-start=\"2723\" data-end=\"2752\">kl\u00e4der och dr\u00e4ktvaror<\/strong> som tillverkas i Madagaskar \u00e4r s\u00e4rskilt v\u00e4l positionerade f\u00f6r att dra nytta av programmet.<\/p>\n<p data-start=\"2844\" data-end=\"2909\">Festival Factory \u00e4r specialiserat p\u00e5 AGOA-st\u00f6dber\u00e4ttigade kategorier som t.ex:<\/p>\n<ul data-start=\"2910\" data-end=\"3052\">\n<li data-start=\"2910\" data-end=\"2962\">\n<p data-start=\"2912\" data-end=\"2962\">Kostymkl\u00e4der f\u00f6r evenemang, parader och festivaler<\/p>\n<\/li>\n<li data-start=\"2963\" data-end=\"2990\">\n<p data-start=\"2965\" data-end=\"2990\">Uniformer och m\u00e4rkeskl\u00e4der<\/p>\n<\/li>\n<li data-start=\"2991\" data-end=\"3025\">\n<p data-start=\"2993\" data-end=\"3025\">Modeplagg f\u00f6r massf\u00f6rs\u00e4ljning<\/p>\n<\/li>\n<li data-start=\"3026\" data-end=\"3052\">\n<p data-start=\"3028\" data-end=\"3052\">Utkl\u00e4dningskl\u00e4der f\u00f6r barn<\/p>\n<\/li>\n<\/ul>\n<p data-start=\"3054\" data-end=\"3183\">Vi hanterar <strong data-start=\"3068\" data-end=\"3113\">AGOA-dokumentation och efterlevnadsprocess<\/strong>s\u00e5 att v\u00e5ra amerikanska kunder kan fokusera p\u00e5 tillv\u00e4xt och marknadsf\u00f6ring, inte p\u00e5 byr\u00e5krati.<\/p>\n<hr data-start=\"3185\" data-end=\"3188\" \/>\n<h3 data-start=\"3190\" data-end=\"3234\">Enkel efterlevnad och dokumentation<\/h3>\n<p data-start=\"3236\" data-end=\"3378\">F\u00f6r att dra nytta av AGOA-f\u00f6rm\u00e5nerna m\u00e5ste s\u00e4ndningarna uppfylla <strong data-start=\"3292\" data-end=\"3324\">krav p\u00e5 ursprungsregler<\/strong> och \u00e5tf\u00f6ljas av specifik dokumentation som t.ex:<\/p>\n<ul data-start=\"3379\" data-end=\"3483\">\n<li data-start=\"3379\" data-end=\"3406\">\n<p data-start=\"3381\" data-end=\"3406\"><strong data-start=\"3381\" data-end=\"3406\">Certifikat f\u00f6r ursprung<\/strong><\/p>\n<\/li>\n<li data-start=\"3407\" data-end=\"3428\">\n<p data-start=\"3409\" data-end=\"3428\"><strong data-start=\"3409\" data-end=\"3428\">AGOA visumst\u00e4mpel<\/strong><\/p>\n<\/li>\n<li data-start=\"3429\" data-end=\"3483\">\n<p data-start=\"3431\" data-end=\"3483\"><strong data-start=\"3431\" data-end=\"3483\">Handelsfaktura med kvalificerade produktkoder<\/strong><\/p>\n<\/li>\n<\/ul>\n<p data-start=\"3485\" data-end=\"3765\">P\u00e5 Festival Factory har v\u00e5rt export- och logistikteam erfarenhet av att f\u00f6rbereda allt n\u00f6dv\u00e4ndigt pappersarbete f\u00f6r att s\u00e4kerst\u00e4lla full \u00f6verensst\u00e4mmelse med AGOA-reglerna. Vi har ett n\u00e4ra samarbete med tullm\u00e4klare och spedit\u00f6rer f\u00f6r att se till att dina varor klarerar den amerikanska tullen <strong data-start=\"3734\" data-end=\"3764\">snabbt och utan dr\u00f6jsm\u00e5l<\/strong>.<\/p>\n<hr data-start=\"3767\" data-end=\"3770\" \/>\n<h3 data-start=\"3772\" data-end=\"3823\">Varf\u00f6r v\u00e4lja Madagaskar framf\u00f6r andra sourcinghubbar?<\/h3>\n<p data-start=\"3825\" data-end=\"3932\">M\u00e5nga amerikanska import\u00f6rer v\u00e4ljer asiatiska fabriker av kostnadssk\u00e4l, men Madagaskar erbjuder unika f\u00f6rdelar:<\/p>\n<ul data-start=\"3933\" data-end=\"4166\">\n<li data-start=\"3933\" data-end=\"4015\">\n<p data-start=\"3935\" data-end=\"4015\"><strong data-start=\"3935\" data-end=\"3960\">AGOA tullbefrielse<\/strong> (vs. 17-32% USA:s tullar p\u00e5 kl\u00e4der fr\u00e5n l\u00e4nder som inte omfattas av AGOA)<\/p>\n<\/li>\n<li data-start=\"4016\" data-end=\"4066\">\n<p data-start=\"4018\" data-end=\"4066\"><strong data-start=\"4018\" data-end=\"4066\">Kortare leveranskedjor till USA:s \u00f6stkust<\/strong><\/p>\n<\/li>\n<li data-start=\"4067\" data-end=\"4118\">\n<p data-start=\"4069\" data-end=\"4118\"><strong data-start=\"4069\" data-end=\"4118\">Etiska arbetsmetoder och social efterlevnad<\/strong><\/p>\n<\/li>\n<li data-start=\"4119\" data-end=\"4166\">\n<p data-start=\"4121\" data-end=\"4166\"><strong data-start=\"4121\" data-end=\"4166\">Fransk- och engelsktalande supportteam<\/strong><\/p>\n<\/li>\n<\/ul>\n<p data-start=\"4168\" data-end=\"4340\">Med Festival Factory f\u00e5r du f\u00f6rdelen av <strong data-start=\"4215\" data-end=\"4242\">flexibilitet f\u00f6r sm\u00e5 serier<\/strong>, <strong data-start=\"4244\" data-end=\"4270\">anpassade designtj\u00e4nster<\/strong>, och <strong data-start=\"4276\" data-end=\"4301\">snabba handl\u00e4ggningstider<\/strong>-allt under bibeh\u00e5llen priskonkurrens.<\/p>\n<hr data-start=\"4342\" data-end=\"4345\" \/>\n<h3 data-start=\"4347\" data-end=\"4393\">Verkliga till\u00e4mpningar f\u00f6r amerikanska import\u00f6rer<\/h3>\n<p data-start=\"4395\" data-end=\"4428\">AGOA-baserad sourcing \u00e4r idealisk f\u00f6r:<\/p>\n<ul data-start=\"4429\" data-end=\"4734\">\n<li data-start=\"4429\" data-end=\"4505\">\n<p data-start=\"4431\" data-end=\"4505\"><strong data-start=\"4431\" data-end=\"4455\">Sm\u00e5 modevarum\u00e4rken<\/strong> beh\u00f6ver tillverkning med l\u00e5g MOQQ och b\u00e4ttre marginaler<\/p>\n<\/li>\n<li data-start=\"4506\" data-end=\"4594\">\n<p data-start=\"4508\" data-end=\"4594\"><strong data-start=\"4508\" data-end=\"4525\">Detaljhandelskedjor<\/strong> vill diversifiera sin leverant\u00f6rsbas och minska beroendet av Asien<\/p>\n<\/li>\n<li data-start=\"4595\" data-end=\"4666\">\n<p data-start=\"4597\" data-end=\"4666\"><strong data-start=\"4597\" data-end=\"4618\">Varum\u00e4rken inom e-handel<\/strong> som v\u00e4rdes\u00e4tter snabbhet, kvalitet och etiska ink\u00f6p<\/p>\n<\/li>\n<li data-start=\"4667\" data-end=\"4734\">\n<p data-start=\"4669\" data-end=\"4734\"><strong data-start=\"4669\" data-end=\"4695\">F\u00f6retag som tillhandah\u00e5ller evenemang<\/strong> best\u00e4llning av s\u00e4songsbetonade kostymer eller uniformer<\/p>\n<\/li>\n<\/ul>\n<p data-start=\"4736\" data-end=\"4881\">V\u00e5ra kunder anv\u00e4nder AGOA:s f\u00f6rm\u00e5ner f\u00f6r att \u00e5terinvestera besparingar i marknadsf\u00f6ring, lagerh\u00e5llning eller produktutveckling - vilket ger dem ett kraftfullt \u00f6vertag p\u00e5 tr\u00e5nga marknader.<\/p>\n<hr data-start=\"4883\" data-end=\"4886\" \/>\n<h3 data-start=\"4888\" data-end=\"4937\">Kom ig\u00e5ng med AGOA-st\u00f6dd tillverkning<\/h3>\n<p data-start=\"4939\" data-end=\"5039\">Vi har hj\u00e4lpt dussintals amerikanska f\u00f6retag <strong data-start=\"4978\" data-end=\"5004\">maximera AGOA:s f\u00f6rdelar<\/strong> medan du njuter av Festival Factory's:<\/p>\n<ul data-start=\"5040\" data-end=\"5166\">\n<li data-start=\"5040\" data-end=\"5074\">\n<p data-start=\"5042\" data-end=\"5074\">Produktutveckling med full service<\/p>\n<\/li>\n<li data-start=\"5075\" data-end=\"5096\">\n<p data-start=\"5077\" data-end=\"5096\">Transparent priss\u00e4ttning<\/p>\n<\/li>\n<li data-start=\"5097\" data-end=\"5121\">\n<p data-start=\"5099\" data-end=\"5121\">Snabba produktionscykler<\/p>\n<\/li>\n<li data-start=\"5122\" data-end=\"5166\">\n<p data-start=\"5124\" data-end=\"5166\">Logistikst\u00f6d och tullsamordning<\/p>\n<\/li>\n<\/ul>\n<p data-start=\"5168\" data-end=\"5326\">Om du k\u00f6per in varor fr\u00e5n Kina eller Sydasien \u00e4r det dags att <strong data-start=\"5231\" data-end=\"5260\">ompr\u00f6va din leveranskedja<\/strong>. Madagaskar, under AGOA, erbjuder en smartare, smalare v\u00e4g till tillv\u00e4xt.<\/p>\n<hr data-start=\"5328\" data-end=\"5331\" \/>\n<h3 data-start=\"5333\" data-end=\"5353\">Kontakta oss idag<\/h3>\n<p data-start=\"5355\" data-end=\"5570\">Oavsett om du l\u00e4gger din f\u00f6rsta order eller vill flytta befintlig produktion till Madagaskar \u00e4r v\u00e5rt team redo att hj\u00e4lpa dig. L\u00e5t oss g\u00e5 igenom hur AGOA kan minska dina landningskostnader och effektivisera din verksamhet.<\/p>\n<p data-start=\"5355\" data-end=\"5570\">Kontakta oss om du vill veta mer om tullfri frakt enligt AGOA.<\/p>\n<\/div><\/div><\/div><\/div><\/div>","protected":false},"excerpt":{"rendered":"","protected":false},"author":2,"featured_media":0,"parent":3512,"menu_order":0,"comment_status":"closed","ping_status":"closed","template":"","meta":{"_acf_changed":false,"footnotes":""},"class_list":["post-3911","page","type-page","status-publish","hentry"],"acf":[],"yoast_head":"<!-- This site is optimized with the Yoast SEO plugin v27.4 - https:\/\/yoast.com\/product\/yoast-seo-wordpress\/ -->\n<title>Exporting to the USA with AGOA \u2013 Duty-Free Access from Madagascar<\/title>\n<meta name=\"description\" content=\"Learn how Festival Factory uses the AGOA trade agreement to ship apparel duty-free to the U.S. from Madagascar. Lower costs, smoother imports.\" \/>\n<meta name=\"robots\" content=\"index, follow, max-snippet:-1, max-image-preview:large, max-video-preview:-1\" \/>\n<link rel=\"canonical\" href=\"https:\/\/festival-factory.com\/sv\/duty-free-shipping\/agoa-us\/\" \/>\n<meta property=\"og:locale\" content=\"sv_SE\" \/>\n<meta property=\"og:type\" content=\"article\" \/>\n<meta property=\"og:title\" content=\"Exporting to the USA with AGOA \u2013 Duty-Free Access from Madagascar\" \/>\n<meta property=\"og:description\" content=\"Learn how Festival Factory uses the AGOA trade agreement to ship apparel duty-free to the U.S. from Madagascar. Lower costs, smoother imports.\" \/>\n<meta property=\"og:url\" content=\"https:\/\/festival-factory.com\/sv\/duty-free-shipping\/agoa-us\/\" \/>\n<meta property=\"og:site_name\" content=\"Festival Factory Madagascar\" \/>\n<meta property=\"article:modified_time\" content=\"2025-07-22T08:30:52+00:00\" \/>\n<meta name=\"twitter:card\" content=\"summary_large_image\" \/>\n<meta name=\"twitter:label1\" content=\"Ber\u00e4knad l\u00e4stid\" \/>\n\t<meta name=\"twitter:data1\" content=\"3 minuter\" \/>\n<script type=\"application\/ld+json\" class=\"yoast-schema-graph\">{\"@context\":\"https:\\\/\\\/schema.org\",\"@graph\":[{\"@type\":\"WebPage\",\"@id\":\"https:\\\/\\\/festival-factory.com\\\/duty-free-shipping\\\/agoa-us\\\/\",\"url\":\"https:\\\/\\\/festival-factory.com\\\/duty-free-shipping\\\/agoa-us\\\/\",\"name\":\"Exporting to the USA with AGOA \u2013 Duty-Free Access from Madagascar\",\"isPartOf\":{\"@id\":\"https:\\\/\\\/festival-factory.com\\\/#website\"},\"datePublished\":\"2025-07-18T14:38:28+00:00\",\"dateModified\":\"2025-07-22T08:30:52+00:00\",\"description\":\"Learn how Festival Factory uses the AGOA trade agreement to ship apparel duty-free to the U.S. from Madagascar. Lower costs, smoother imports.\",\"breadcrumb\":{\"@id\":\"https:\\\/\\\/festival-factory.com\\\/duty-free-shipping\\\/agoa-us\\\/#breadcrumb\"},\"inLanguage\":\"sv-SE\",\"potentialAction\":[{\"@type\":\"ReadAction\",\"target\":[\"https:\\\/\\\/festival-factory.com\\\/duty-free-shipping\\\/agoa-us\\\/\"]}]},{\"@type\":\"BreadcrumbList\",\"@id\":\"https:\\\/\\\/festival-factory.com\\\/duty-free-shipping\\\/agoa-us\\\/#breadcrumb\",\"itemListElement\":[{\"@type\":\"ListItem\",\"position\":1,\"name\":\"Home\",\"item\":\"https:\\\/\\\/festival-factory.com\\\/\"},{\"@type\":\"ListItem\",\"position\":2,\"name\":\"Duty-Free Shipping from Madagascar\",\"item\":\"https:\\\/\\\/festival-factory.com\\\/duty-free-shipping\\\/\"},{\"@type\":\"ListItem\",\"position\":3,\"name\":\"AGOA \u2013 Duty-Free Shipping to the United States\"}]},{\"@type\":\"WebSite\",\"@id\":\"https:\\\/\\\/festival-factory.com\\\/#website\",\"url\":\"https:\\\/\\\/festival-factory.com\\\/\",\"name\":\"Festival Factory Madagascar\",\"description\":\"Manufacturing apparel &amp; Costumes with decades of experience\",\"publisher\":{\"@id\":\"https:\\\/\\\/festival-factory.com\\\/#organization\"},\"potentialAction\":[{\"@type\":\"SearchAction\",\"target\":{\"@type\":\"EntryPoint\",\"urlTemplate\":\"https:\\\/\\\/festival-factory.com\\\/?s={search_term_string}\"},\"query-input\":{\"@type\":\"PropertyValueSpecification\",\"valueRequired\":true,\"valueName\":\"search_term_string\"}}],\"inLanguage\":\"sv-SE\"},{\"@type\":\"Organization\",\"@id\":\"https:\\\/\\\/festival-factory.com\\\/#organization\",\"name\":\"Festival Factory Madagascar\",\"url\":\"https:\\\/\\\/festival-factory.com\\\/\",\"logo\":{\"@type\":\"ImageObject\",\"inLanguage\":\"sv-SE\",\"@id\":\"https:\\\/\\\/festival-factory.com\\\/#\\\/schema\\\/logo\\\/image\\\/\",\"url\":\"https:\\\/\\\/festival-factory.com\\\/wp-content\\\/uploads\\\/2025\\\/02\\\/Festival-Logo.png\",\"contentUrl\":\"https:\\\/\\\/festival-factory.com\\\/wp-content\\\/uploads\\\/2025\\\/02\\\/Festival-Logo.png\",\"width\":2000,\"height\":519,\"caption\":\"Festival Factory Madagascar\"},\"image\":{\"@id\":\"https:\\\/\\\/festival-factory.com\\\/#\\\/schema\\\/logo\\\/image\\\/\"}}]}<\/script>\n<!-- \/ Yoast SEO plugin. -->","yoast_head_json":{"title":"Export till USA med AGOA - tullfri tillg\u00e5ng fr\u00e5n Madagaskar","description":"L\u00e4s om hur Festival Factory anv\u00e4nder handelsavtalet AGOA f\u00f6r att skicka kl\u00e4der tullfritt till USA fr\u00e5n Madagaskar. L\u00e4gre kostnader, smidigare import.","robots":{"index":"index","follow":"follow","max-snippet":"max-snippet:-1","max-image-preview":"max-image-preview:large","max-video-preview":"max-video-preview:-1"},"canonical":"https:\/\/festival-factory.com\/sv\/duty-free-shipping\/agoa-us\/","og_locale":"sv_SE","og_type":"article","og_title":"Exporting to the USA with AGOA \u2013 Duty-Free Access from Madagascar","og_description":"Learn how Festival Factory uses the AGOA trade agreement to ship apparel duty-free to the U.S. from Madagascar. Lower costs, smoother imports.","og_url":"https:\/\/festival-factory.com\/sv\/duty-free-shipping\/agoa-us\/","og_site_name":"Festival Factory Madagascar","article_modified_time":"2025-07-22T08:30:52+00:00","twitter_card":"summary_large_image","twitter_misc":{"Ber\u00e4knad l\u00e4stid":"3 minuter"},"schema":{"@context":"https:\/\/schema.org","@graph":[{"@type":"WebPage","@id":"https:\/\/festival-factory.com\/duty-free-shipping\/agoa-us\/","url":"https:\/\/festival-factory.com\/duty-free-shipping\/agoa-us\/","name":"Export till USA med AGOA - tullfri tillg\u00e5ng fr\u00e5n Madagaskar","isPartOf":{"@id":"https:\/\/festival-factory.com\/#website"},"datePublished":"2025-07-18T14:38:28+00:00","dateModified":"2025-07-22T08:30:52+00:00","description":"L\u00e4s om hur Festival Factory anv\u00e4nder handelsavtalet AGOA f\u00f6r att skicka kl\u00e4der tullfritt till USA fr\u00e5n Madagaskar. L\u00e4gre kostnader, smidigare import.","breadcrumb":{"@id":"https:\/\/festival-factory.com\/duty-free-shipping\/agoa-us\/#breadcrumb"},"inLanguage":"sv-SE","potentialAction":[{"@type":"ReadAction","target":["https:\/\/festival-factory.com\/duty-free-shipping\/agoa-us\/"]}]},{"@type":"BreadcrumbList","@id":"https:\/\/festival-factory.com\/duty-free-shipping\/agoa-us\/#breadcrumb","itemListElement":[{"@type":"ListItem","position":1,"name":"Home","item":"https:\/\/festival-factory.com\/"},{"@type":"ListItem","position":2,"name":"Duty-Free Shipping from Madagascar","item":"https:\/\/festival-factory.com\/duty-free-shipping\/"},{"@type":"ListItem","position":3,"name":"AGOA \u2013 Duty-Free Shipping to the United States"}]},{"@type":"WebSite","@id":"https:\/\/festival-factory.com\/#website","url":"https:\/\/festival-factory.com\/","name":"Festival Factory Madagaskar","description":"Tillverkning av kl\u00e4der och kostymer med \u00e5rtionden av erfarenhet","publisher":{"@id":"https:\/\/festival-factory.com\/#organization"},"potentialAction":[{"@type":"SearchAction","target":{"@type":"EntryPoint","urlTemplate":"https:\/\/festival-factory.com\/?s={search_term_string}"},"query-input":{"@type":"PropertyValueSpecification","valueRequired":true,"valueName":"search_term_string"}}],"inLanguage":"sv-SE"},{"@type":"Organization","@id":"https:\/\/festival-factory.com\/#organization","name":"Festival Factory Madagaskar","url":"https:\/\/festival-factory.com\/","logo":{"@type":"ImageObject","inLanguage":"sv-SE","@id":"https:\/\/festival-factory.com\/#\/schema\/logo\/image\/","url":"https:\/\/festival-factory.com\/wp-content\/uploads\/2025\/02\/Festival-Logo.png","contentUrl":"https:\/\/festival-factory.com\/wp-content\/uploads\/2025\/02\/Festival-Logo.png","width":2000,"height":519,"caption":"Festival Factory Madagascar"},"image":{"@id":"https:\/\/festival-factory.com\/#\/schema\/logo\/image\/"}}]}},"_links":{"self":[{"href":"https:\/\/festival-factory.com\/sv\/wp-json\/wp\/v2\/pages\/3911","targetHints":{"allow":["GET"]}}],"collection":[{"href":"https:\/\/festival-factory.com\/sv\/wp-json\/wp\/v2\/pages"}],"about":[{"href":"https:\/\/festival-factory.com\/sv\/wp-json\/wp\/v2\/types\/page"}],"author":[{"embeddable":true,"href":"https:\/\/festival-factory.com\/sv\/wp-json\/wp\/v2\/users\/2"}],"replies":[{"embeddable":true,"href":"https:\/\/festival-factory.com\/sv\/wp-json\/wp\/v2\/comments?post=3911"}],"version-history":[{"count":7,"href":"https:\/\/festival-factory.com\/sv\/wp-json\/wp\/v2\/pages\/3911\/revisions"}],"predecessor-version":[{"id":3947,"href":"https:\/\/festival-factory.com\/sv\/wp-json\/wp\/v2\/pages\/3911\/revisions\/3947"}],"up":[{"embeddable":true,"href":"https:\/\/festival-factory.com\/sv\/wp-json\/wp\/v2\/pages\/3512"}],"wp:attachment":[{"href":"https:\/\/festival-factory.com\/sv\/wp-json\/wp\/v2\/media?parent=3911"}],"curies":[{"name":"wp","href":"https:\/\/api.w.org\/{rel}","templated":true}]}}