{"id":3916,"date":"2025-07-18T14:44:27","date_gmt":"2025-07-18T14:44:27","guid":{"rendered":"https:\/\/festival-factory.com\/?page_id=3916"},"modified":"2025-07-18T15:14:54","modified_gmt":"2025-07-18T15:14:54","slug":"eur1-eu","status":"publish","type":"page","link":"https:\/\/festival-factory.com\/sv\/duty-free-shipping\/eur1-eu\/","title":{"rendered":"EUR.1 - Tullfri frakt till Europeiska unionen"},"content":{"rendered":"<h3 data-start=\"643\" data-end=\"704\">Inledning: Styrkan i f\u00f6rm\u00e5nshandeln med Europa<\/h3>\n<p data-start=\"706\" data-end=\"1018\">Importtullar kan \u00f6ka dina varukostnader avsev\u00e4rt, s\u00e4rskilt inom textil- och kl\u00e4dindustrin. F\u00f6r europeiska varum\u00e4rken och detaljhandlare som k\u00f6per internationellt \u00e4r det viktigt att arbeta med leverant\u00f6rer som kan erbjuda <strong data-start=\"914\" data-end=\"936\">tullfri frakt<\/strong> genom <strong data-start=\"945\" data-end=\"978\">f\u00f6rm\u00e5nliga handelsavtal<\/strong> ger en tydlig konkurrensf\u00f6rdel.<\/p>\n<p data-start=\"1020\" data-end=\"1280\">Vid <strong data-start=\"1023\" data-end=\"1043\">Festivalfabriken<\/strong>hj\u00e4lper vi v\u00e5ra EU-kunder att s\u00e4nka sina landningskostnader och effektivisera tullhanteringen genom att utnyttja <strong data-start=\"1134\" data-end=\"1165\">EUR.1 Ursprungsintyg<\/strong> - ett viktigt dokument som s\u00e4kerst\u00e4ller <strong data-start=\"1196\" data-end=\"1235\">tullfritt tilltr\u00e4de f\u00f6r ber\u00e4ttigade varor<\/strong> fr\u00e5n Madagaskar in i <strong data-start=\"1261\" data-end=\"1279\">Europeiska unionen<\/strong>.<\/p>\n<hr data-start=\"1282\" data-end=\"1285\" \/>\n<h3 data-start=\"1287\" data-end=\"1321\">Vad \u00e4r EUR.1-certifikatet?<\/h3>\n<p data-start=\"1323\" data-end=\"1637\">Den <strong data-start=\"1327\" data-end=\"1348\">EUR.1-certifikat<\/strong> \u00e4r ett tulldokument som anv\u00e4nds inom ramen f\u00f6r handelsavtal mellan Europeiska unionen och vissa l\u00e4nder utanf\u00f6r EU, t.ex. <strong data-start=\"1482\" data-end=\"1496\">Madagaskar<\/strong>. Den fungerar som <strong data-start=\"1511\" data-end=\"1530\">bevis p\u00e5 ursprung<\/strong> f\u00f6r varor, som bekr\u00e4ftar att de har tillverkats i ett land som \u00e4r ber\u00e4ttigat till f\u00f6rm\u00e5nlig tullbehandling.<\/p>\n<p data-start=\"1639\" data-end=\"1702\">N\u00e4r du importerar produkter till EU med ett EUR.1-certifikat:<\/p>\n<ul data-start=\"1703\" data-end=\"1870\">\n<li data-start=\"1703\" data-end=\"1738\">\n<p data-start=\"1705\" data-end=\"1738\">Du <strong data-start=\"1709\" data-end=\"1738\">inte betala tullavgifter<\/strong><\/p>\n<\/li>\n<li data-start=\"1739\" data-end=\"1786\">\n<p data-start=\"1741\" data-end=\"1786\">Tullf\u00f6rfarandena \u00e4r <strong data-start=\"1764\" data-end=\"1786\">snabbare och enklare<\/strong><\/p>\n<\/li>\n<li data-start=\"1787\" data-end=\"1870\">\n<p data-start=\"1789\" data-end=\"1870\">Du drar nytta av villkoren i <strong data-start=\"1823\" data-end=\"1870\">EU:s avtal om ekonomiskt partnerskap (EPA)<\/strong><\/p>\n<\/li>\n<\/ul>\n<hr data-start=\"1872\" data-end=\"1875\" \/>\n<h3 data-start=\"1877\" data-end=\"1931\">Madagaskar och EU: Starka handelsf\u00f6rbindelser<\/h3>\n<p data-start=\"1933\" data-end=\"2089\">Madagaskar \u00e4r ett av de l\u00e4nder i Afrika, V\u00e4stindien och Stillahavsomr\u00e5det (AVS) som har en <strong data-start=\"2013\" data-end=\"2042\">gynnsamt handelsavtal<\/strong> p\u00e5 plats med EU. Detta avtal ger:<\/p>\n<ul data-start=\"2090\" data-end=\"2299\">\n<li data-start=\"2090\" data-end=\"2159\">\n<p data-start=\"2092\" data-end=\"2159\"><strong data-start=\"2092\" data-end=\"2117\">Fullst\u00e4ndig tullfri tillg\u00e5ng<\/strong> till EU:s marknader f\u00f6r de flesta tillverkade varor<\/p>\n<\/li>\n<li data-start=\"2160\" data-end=\"2233\">\n<p data-start=\"2162\" data-end=\"2233\"><strong data-start=\"2162\" data-end=\"2181\">Ursprungsregler<\/strong> som till\u00e5ter regional input under flexibla f\u00f6rh\u00e5llanden<\/p>\n<\/li>\n<li data-start=\"2234\" data-end=\"2299\">\n<p data-start=\"2236\" data-end=\"2299\">Ett tydligt regelverk f\u00f6r b\u00e5de stora och sm\u00e5 import\u00f6rer<\/p>\n<\/li>\n<\/ul>\n<p data-start=\"2301\" data-end=\"2515\">Som en Madagaskar-baserad tillverkare, <strong data-start=\"2337\" data-end=\"2357\">Festivalfabriken<\/strong> utf\u00e4rdar EUR.1 certifikat f\u00f6r varje godk\u00e4nd f\u00f6rs\u00e4ndelse och hj\u00e4lper f\u00f6retag i EU att spara <strong data-start=\"2441\" data-end=\"2454\">upp till 12%<\/strong> eller mer i importtullar, beroende p\u00e5 produktkategori.<\/p>\n<hr data-start=\"2517\" data-end=\"2520\" \/>\n<h3 data-start=\"2522\" data-end=\"2570\">Vilka produkter kvalificerar sig f\u00f6r tullfri status?<\/h3>\n<p data-start=\"2572\" data-end=\"2743\">De flesta kl\u00e4d- och kostymprodukter som tillverkas av Festival Factory omfattas av EUR.1-baserad tullfri import till EU, f\u00f6rutsatt att de uppfyller ursprungskriterierna. Detta inkluderar:<\/p>\n<ul data-start=\"2744\" data-end=\"2909\">\n<li data-start=\"2744\" data-end=\"2778\">\n<p data-start=\"2746\" data-end=\"2778\">Eventkostymer och temakl\u00e4der<\/p>\n<\/li>\n<li data-start=\"2779\" data-end=\"2817\">\n<p data-start=\"2781\" data-end=\"2817\">Anpassade uniformer och m\u00e4rkeskl\u00e4der<\/p>\n<\/li>\n<li data-start=\"2818\" data-end=\"2860\">\n<p data-start=\"2820\" data-end=\"2860\">Kostymer och utkl\u00e4dningsdr\u00e4kter f\u00f6r barn<\/p>\n<\/li>\n<li data-start=\"2861\" data-end=\"2909\">\n<p data-start=\"2863\" data-end=\"2909\">L\u00e4ttviktsplagg f\u00f6r detaljhandel och e-handel<\/p>\n<\/li>\n<\/ul>\n<p data-start=\"2911\" data-end=\"3091\">Om din produkt \u00e4r designad och tillverkad i Madagaskar med hj\u00e4lp av godk\u00e4nda regionala insatsvaror \u00e4r den sannolikt ber\u00e4ttigad. V\u00e5rt team hj\u00e4lper dig att verifiera ber\u00e4ttigandet och f\u00f6rbereda r\u00e4tt dokumentation.<\/p>\n<hr data-start=\"3093\" data-end=\"3096\" \/>\n<h3 data-start=\"3098\" data-end=\"3136\">F\u00f6rdelarna med EUR.1 f\u00f6r EU-import\u00f6rer<\/h3>\n<p data-start=\"3138\" data-end=\"3226\">Import genom EUR.1 ger flera tydliga f\u00f6rdelar f\u00f6r f\u00f6retag i hela Europa:<\/p>\n<h4 data-start=\"3228\" data-end=\"3258\">1. <strong data-start=\"3236\" data-end=\"3258\">L\u00e4gre importkostnader<\/strong><\/h4>\n<p data-start=\"3259\" data-end=\"3393\">Utan importtullar kan du \u00e5terinvestera besparingar i marknadsf\u00f6ring, produktutvidgning eller priss\u00e4ttningsstrategier f\u00f6r att ligga steget f\u00f6re konkurrenterna.<\/p>\n<h4 data-start=\"3395\" data-end=\"3435\">2. <strong data-start=\"3403\" data-end=\"3435\">F\u00f6renklad tullklarering<\/strong><\/h4>\n<p data-start=\"3436\" data-end=\"3568\">EU:s tullmyndigheter erk\u00e4nner EUR.1-dokumentation och behandlar s\u00e5dana f\u00f6rs\u00e4ndelser mer effektivt, vilket minskar f\u00f6rseningar och administrativa kostnader.<\/p>\n<h4 data-start=\"3570\" data-end=\"3606\">3. <strong data-start=\"3578\" data-end=\"3606\">Diversifiering av ink\u00f6p<\/strong><\/h4>\n<p data-start=\"3607\" data-end=\"3750\">I en global milj\u00f6 som pr\u00e4glas av st\u00f6rningar och ett alltf\u00f6r stort beroende av Asien bidrar ink\u00f6p fr\u00e5n Madagaskar till att minska riskerna och \u00f6ka flexibiliteten.<\/p>\n<hr data-start=\"3752\" data-end=\"3755\" \/>\n<h3 data-start=\"3757\" data-end=\"3786\">EU-l\u00e4nder som gynnas<\/h3>\n<p data-start=\"3788\" data-end=\"3881\">Varje land i Europeiska unionen accepterar EUR.1-certifierade varor fr\u00e5n Madagaskar, inklusive:<\/p>\n<ul data-start=\"3883\" data-end=\"4036\">\n<li data-start=\"3883\" data-end=\"3893\">\n<p data-start=\"3885\" data-end=\"3893\">Frankrike<\/p>\n<\/li>\n<li data-start=\"3894\" data-end=\"3905\">\n<p data-start=\"3896\" data-end=\"3905\">Tyskland<\/p>\n<\/li>\n<li data-start=\"3906\" data-end=\"3915\">\n<p data-start=\"3908\" data-end=\"3915\">Italien<\/p>\n<\/li>\n<li data-start=\"3916\" data-end=\"3925\">\n<p data-start=\"3918\" data-end=\"3925\">Spanien<\/p>\n<\/li>\n<li data-start=\"3926\" data-end=\"3945\">\n<p data-start=\"3928\" data-end=\"3945\">Nederl\u00e4nderna<\/p>\n<\/li>\n<li data-start=\"3946\" data-end=\"3956\">\n<p data-start=\"3948\" data-end=\"3956\">Sverige<\/p>\n<\/li>\n<li data-start=\"3957\" data-end=\"3968\">\n<p data-start=\"3959\" data-end=\"3968\">Belgien<\/p>\n<\/li>\n<li data-start=\"3969\" data-end=\"3980\">\n<p data-start=\"3971\" data-end=\"3980\">\u00d6sterrike<\/p>\n<\/li>\n<li data-start=\"3981\" data-end=\"3992\">\n<p data-start=\"3983\" data-end=\"3992\">Irland<\/p>\n<\/li>\n<li data-start=\"3993\" data-end=\"4036\">\n<p data-start=\"3995\" data-end=\"4036\">Polen<br data-start=\"4001\" data-end=\"4004\" \/>...och alla andra EU-l\u00e4nder.<\/p>\n<\/li>\n<\/ul>\n<p data-start=\"4038\" data-end=\"4153\">Oavsett om du \u00e4r ett franskt modevarum\u00e4rke eller en tysk e-handelsbutik \u00e4r kostnadsbesparingarna omedelbara och betydande.<\/p>\n<hr data-start=\"4155\" data-end=\"4158\" \/>\n<h3 data-start=\"4160\" data-end=\"4218\">Festivalfabrikens roll: Fr\u00e5n tillverkning till tull<\/h3>\n<p data-start=\"4220\" data-end=\"4360\">P\u00e5 Festival Factory g\u00f6r vi mer \u00e4n att bara tillverka - vi \u00e4r din exportpartner med full service. H\u00e4r \u00e4r vad vi erbjuder med varje EU-leverans:<\/p>\n<ul data-start=\"4362\" data-end=\"4565\">\n<li data-start=\"4362\" data-end=\"4406\">\n<p data-start=\"4364\" data-end=\"4406\"><strong data-start=\"4364\" data-end=\"4406\">Korrekt f\u00f6rberedelse f\u00f6r EUR.1-certifikat<\/strong><\/p>\n<\/li>\n<li data-start=\"4407\" data-end=\"4446\">\n<p data-start=\"4409\" data-end=\"4446\"><strong data-start=\"4409\" data-end=\"4446\">Kontroll av efterlevnad av ursprungsregler<\/strong><\/p>\n<\/li>\n<li data-start=\"4447\" data-end=\"4509\">\n<p data-start=\"4449\" data-end=\"4509\">Samordning med <strong data-start=\"4467\" data-end=\"4509\">spedit\u00f6rer och tullombud<\/strong><\/p>\n<\/li>\n<li data-start=\"4510\" data-end=\"4565\">\n<p data-start=\"4512\" data-end=\"4565\"><strong data-start=\"4512\" data-end=\"4545\">Tillf\u00f6rlitliga tidslinjer f\u00f6r produktionen<\/strong> och kvalitetskontroll<\/p>\n<\/li>\n<\/ul>\n<p data-start=\"4567\" data-end=\"4686\">V\u00e5rt team f\u00f6rst\u00e5r den europeiska marknadens f\u00f6rv\u00e4ntningar och hj\u00e4lper dina produkter att uppfylla b\u00e5de design- och myndighetskrav.<\/p>\n<hr data-start=\"4688\" data-end=\"4691\" \/>\n<h3 data-start=\"4693\" data-end=\"4732\">Vem b\u00f6r \u00f6verv\u00e4ga EUR.1 Sourcing?<\/h3>\n<p data-start=\"4734\" data-end=\"4779\">V\u00e5r tullfria EU-exporttj\u00e4nst \u00e4r idealisk f\u00f6r:<\/p>\n<ul data-start=\"4781\" data-end=\"5013\">\n<li data-start=\"4781\" data-end=\"4845\">\n<p data-start=\"4783\" data-end=\"4845\"><strong data-start=\"4783\" data-end=\"4813\">Europeiska kl\u00e4dhandlare<\/strong> ink\u00f6p av produkter under eget varum\u00e4rke<\/p>\n<\/li>\n<li data-start=\"4846\" data-end=\"4882\">\n<p data-start=\"4848\" data-end=\"4882\"><strong data-start=\"4848\" data-end=\"4882\">Grossister f\u00f6r barndr\u00e4kter<\/strong><\/p>\n<\/li>\n<li data-start=\"4883\" data-end=\"4945\">\n<p data-start=\"4885\" data-end=\"4945\"><strong data-start=\"4885\" data-end=\"4916\">Nystartade f\u00f6retag inom e-handel och mode<\/strong> behov av prisv\u00e4rda inventarier<\/p>\n<\/li>\n<li data-start=\"4946\" data-end=\"5013\">\n<p data-start=\"4948\" data-end=\"5013\"><strong data-start=\"4948\" data-end=\"4967\">Leverant\u00f6rer av evenemang<\/strong> som arbetar med f\u00f6retagskunder i hela Europa<\/p>\n<\/li>\n<\/ul>\n<p data-start=\"5015\" data-end=\"5161\">Med l\u00e5ga minimikrav, snabb leveranstid och den extra f\u00f6rdelen med tullfri frakt \u00e4r vi en p\u00e5litlig partner f\u00f6r b\u00e5de v\u00e4xande och etablerade varum\u00e4rken.<\/p>\n<hr data-start=\"5163\" data-end=\"5166\" \/>\n<h3 data-start=\"5168\" data-end=\"5208\">F\u00e5 ut mesta m\u00f6jliga av EUR.1-f\u00f6rdelen<\/h3>\n<p data-start=\"5210\" data-end=\"5506\">Oavsett om du importerar sm\u00e5 serier eller bulks\u00e4ndningar kan du genom att dra nytta av EUR.1-handelspreferensen avsev\u00e4rt minska dina landningskostnader och \u00f6ka din vinst. Festival Factory hanterar varje steg - fr\u00e5n design och provtagning till dokumentation och logistik - med precision och omsorg.<\/p>\n<hr data-start=\"5508\" data-end=\"5511\" \/>\n<h3 data-start=\"5513\" data-end=\"5534\">L\u00e5t oss komma ig\u00e5ng<\/h3>\n<p data-start=\"5536\" data-end=\"5735\">Vill du \u00f6ka din n\u00e4rvaro i Europa utan att \u00f6ka dina kostnader? Kontakta Festival Factory idag f\u00f6r att f\u00e5 veta mer om v\u00e5ra <strong data-start=\"5661\" data-end=\"5708\">tullfri tillverkning och exporttj\u00e4nster<\/strong> enligt EUR.1-avtalet.<\/p>\n<p data-start=\"5737\" data-end=\"5863\"><a href=\"https:\/\/festival-factory.com\/sv\/contact-us\/\">Ta kontakt med oss<\/a> f\u00f6r en anpassad offert eller kontroll av efterlevnad.<\/p>","protected":false},"excerpt":{"rendered":"<p>Introduction: The Power of Preferential Trade with Europe Import duties  [&#8230;]<\/p>\n","protected":false},"author":2,"featured_media":0,"parent":3512,"menu_order":0,"comment_status":"closed","ping_status":"closed","template":"","meta":{"_acf_changed":false,"footnotes":""},"class_list":["post-3916","page","type-page","status-publish","hentry"],"acf":[],"yoast_head":"<!-- This site is optimized with the Yoast SEO plugin v27.4 - https:\/\/yoast.com\/product\/yoast-seo-wordpress\/ -->\n<title>EUR.1 Certificate \u2013 Duty-Free Trade Between Madagascar and the EU<\/title>\n<meta name=\"description\" content=\"Festival Factory offers duty-free shipping to EU countries using the EUR.1 certificate. Explore how your business can benefit from reduced import costs.\" \/>\n<meta name=\"robots\" content=\"index, follow, max-snippet:-1, max-image-preview:large, max-video-preview:-1\" \/>\n<link rel=\"canonical\" href=\"https:\/\/festival-factory.com\/sv\/duty-free-shipping\/eur1-eu\/\" \/>\n<meta property=\"og:locale\" content=\"sv_SE\" \/>\n<meta property=\"og:type\" content=\"article\" \/>\n<meta property=\"og:title\" content=\"EUR.1 Certificate \u2013 Duty-Free Trade Between Madagascar and the EU\" \/>\n<meta property=\"og:description\" content=\"Festival Factory offers duty-free shipping to EU countries using the EUR.1 certificate. Explore how your business can benefit from reduced import costs.\" \/>\n<meta property=\"og:url\" content=\"https:\/\/festival-factory.com\/sv\/duty-free-shipping\/eur1-eu\/\" \/>\n<meta property=\"og:site_name\" content=\"Festival Factory Madagascar\" \/>\n<meta property=\"article:modified_time\" content=\"2025-07-18T15:14:54+00:00\" \/>\n<meta name=\"twitter:card\" content=\"summary_large_image\" \/>\n<meta name=\"twitter:label1\" content=\"Ber\u00e4knad l\u00e4stid\" \/>\n\t<meta name=\"twitter:data1\" content=\"4 minuter\" \/>\n<script type=\"application\/ld+json\" class=\"yoast-schema-graph\">{\"@context\":\"https:\\\/\\\/schema.org\",\"@graph\":[{\"@type\":\"WebPage\",\"@id\":\"https:\\\/\\\/festival-factory.com\\\/duty-free-shipping\\\/eur1-eu\\\/\",\"url\":\"https:\\\/\\\/festival-factory.com\\\/duty-free-shipping\\\/eur1-eu\\\/\",\"name\":\"EUR.1 Certificate \u2013 Duty-Free Trade Between Madagascar and the EU\",\"isPartOf\":{\"@id\":\"https:\\\/\\\/festival-factory.com\\\/#website\"},\"datePublished\":\"2025-07-18T14:44:27+00:00\",\"dateModified\":\"2025-07-18T15:14:54+00:00\",\"description\":\"Festival Factory offers duty-free shipping to EU countries using the EUR.1 certificate. Explore how your business can benefit from reduced import costs.\",\"breadcrumb\":{\"@id\":\"https:\\\/\\\/festival-factory.com\\\/duty-free-shipping\\\/eur1-eu\\\/#breadcrumb\"},\"inLanguage\":\"sv-SE\",\"potentialAction\":[{\"@type\":\"ReadAction\",\"target\":[\"https:\\\/\\\/festival-factory.com\\\/duty-free-shipping\\\/eur1-eu\\\/\"]}]},{\"@type\":\"BreadcrumbList\",\"@id\":\"https:\\\/\\\/festival-factory.com\\\/duty-free-shipping\\\/eur1-eu\\\/#breadcrumb\",\"itemListElement\":[{\"@type\":\"ListItem\",\"position\":1,\"name\":\"Home\",\"item\":\"https:\\\/\\\/festival-factory.com\\\/\"},{\"@type\":\"ListItem\",\"position\":2,\"name\":\"Duty-Free Shipping from Madagascar\",\"item\":\"https:\\\/\\\/festival-factory.com\\\/duty-free-shipping\\\/\"},{\"@type\":\"ListItem\",\"position\":3,\"name\":\"EUR.1 \u2013 Duty-Free Shipping to the European Union\"}]},{\"@type\":\"WebSite\",\"@id\":\"https:\\\/\\\/festival-factory.com\\\/#website\",\"url\":\"https:\\\/\\\/festival-factory.com\\\/\",\"name\":\"Festival Factory Madagascar\",\"description\":\"Manufacturing apparel &amp; Costumes with decades of experience\",\"publisher\":{\"@id\":\"https:\\\/\\\/festival-factory.com\\\/#organization\"},\"potentialAction\":[{\"@type\":\"SearchAction\",\"target\":{\"@type\":\"EntryPoint\",\"urlTemplate\":\"https:\\\/\\\/festival-factory.com\\\/?s={search_term_string}\"},\"query-input\":{\"@type\":\"PropertyValueSpecification\",\"valueRequired\":true,\"valueName\":\"search_term_string\"}}],\"inLanguage\":\"sv-SE\"},{\"@type\":\"Organization\",\"@id\":\"https:\\\/\\\/festival-factory.com\\\/#organization\",\"name\":\"Festival Factory Madagascar\",\"url\":\"https:\\\/\\\/festival-factory.com\\\/\",\"logo\":{\"@type\":\"ImageObject\",\"inLanguage\":\"sv-SE\",\"@id\":\"https:\\\/\\\/festival-factory.com\\\/#\\\/schema\\\/logo\\\/image\\\/\",\"url\":\"https:\\\/\\\/festival-factory.com\\\/wp-content\\\/uploads\\\/2025\\\/02\\\/Festival-Logo.png\",\"contentUrl\":\"https:\\\/\\\/festival-factory.com\\\/wp-content\\\/uploads\\\/2025\\\/02\\\/Festival-Logo.png\",\"width\":2000,\"height\":519,\"caption\":\"Festival Factory Madagascar\"},\"image\":{\"@id\":\"https:\\\/\\\/festival-factory.com\\\/#\\\/schema\\\/logo\\\/image\\\/\"}}]}<\/script>\n<!-- \/ Yoast SEO plugin. -->","yoast_head_json":{"title":"EUR.1 Certifikat - Tullfri handel mellan Madagaskar och EU","description":"Festival Factory erbjuder tullfri frakt till EU-l\u00e4nder med EUR.1-certifikat. Utforska hur ditt f\u00f6retag kan dra nytta av minskade importkostnader.","robots":{"index":"index","follow":"follow","max-snippet":"max-snippet:-1","max-image-preview":"max-image-preview:large","max-video-preview":"max-video-preview:-1"},"canonical":"https:\/\/festival-factory.com\/sv\/duty-free-shipping\/eur1-eu\/","og_locale":"sv_SE","og_type":"article","og_title":"EUR.1 Certificate \u2013 Duty-Free Trade Between Madagascar and the EU","og_description":"Festival Factory offers duty-free shipping to EU countries using the EUR.1 certificate. Explore how your business can benefit from reduced import costs.","og_url":"https:\/\/festival-factory.com\/sv\/duty-free-shipping\/eur1-eu\/","og_site_name":"Festival Factory Madagascar","article_modified_time":"2025-07-18T15:14:54+00:00","twitter_card":"summary_large_image","twitter_misc":{"Ber\u00e4knad l\u00e4stid":"4 minuter"},"schema":{"@context":"https:\/\/schema.org","@graph":[{"@type":"WebPage","@id":"https:\/\/festival-factory.com\/duty-free-shipping\/eur1-eu\/","url":"https:\/\/festival-factory.com\/duty-free-shipping\/eur1-eu\/","name":"EUR.1 Certifikat - Tullfri handel mellan Madagaskar och EU","isPartOf":{"@id":"https:\/\/festival-factory.com\/#website"},"datePublished":"2025-07-18T14:44:27+00:00","dateModified":"2025-07-18T15:14:54+00:00","description":"Festival Factory erbjuder tullfri frakt till EU-l\u00e4nder med EUR.1-certifikat. Utforska hur ditt f\u00f6retag kan dra nytta av minskade importkostnader.","breadcrumb":{"@id":"https:\/\/festival-factory.com\/duty-free-shipping\/eur1-eu\/#breadcrumb"},"inLanguage":"sv-SE","potentialAction":[{"@type":"ReadAction","target":["https:\/\/festival-factory.com\/duty-free-shipping\/eur1-eu\/"]}]},{"@type":"BreadcrumbList","@id":"https:\/\/festival-factory.com\/duty-free-shipping\/eur1-eu\/#breadcrumb","itemListElement":[{"@type":"ListItem","position":1,"name":"Home","item":"https:\/\/festival-factory.com\/"},{"@type":"ListItem","position":2,"name":"Duty-Free Shipping from Madagascar","item":"https:\/\/festival-factory.com\/duty-free-shipping\/"},{"@type":"ListItem","position":3,"name":"EUR.1 \u2013 Duty-Free Shipping to the European Union"}]},{"@type":"WebSite","@id":"https:\/\/festival-factory.com\/#website","url":"https:\/\/festival-factory.com\/","name":"Festival Factory Madagaskar","description":"Tillverkning av kl\u00e4der och kostymer med \u00e5rtionden av erfarenhet","publisher":{"@id":"https:\/\/festival-factory.com\/#organization"},"potentialAction":[{"@type":"SearchAction","target":{"@type":"EntryPoint","urlTemplate":"https:\/\/festival-factory.com\/?s={search_term_string}"},"query-input":{"@type":"PropertyValueSpecification","valueRequired":true,"valueName":"search_term_string"}}],"inLanguage":"sv-SE"},{"@type":"Organization","@id":"https:\/\/festival-factory.com\/#organization","name":"Festival Factory Madagaskar","url":"https:\/\/festival-factory.com\/","logo":{"@type":"ImageObject","inLanguage":"sv-SE","@id":"https:\/\/festival-factory.com\/#\/schema\/logo\/image\/","url":"https:\/\/festival-factory.com\/wp-content\/uploads\/2025\/02\/Festival-Logo.png","contentUrl":"https:\/\/festival-factory.com\/wp-content\/uploads\/2025\/02\/Festival-Logo.png","width":2000,"height":519,"caption":"Festival Factory Madagascar"},"image":{"@id":"https:\/\/festival-factory.com\/#\/schema\/logo\/image\/"}}]}},"_links":{"self":[{"href":"https:\/\/festival-factory.com\/sv\/wp-json\/wp\/v2\/pages\/3916","targetHints":{"allow":["GET"]}}],"collection":[{"href":"https:\/\/festival-factory.com\/sv\/wp-json\/wp\/v2\/pages"}],"about":[{"href":"https:\/\/festival-factory.com\/sv\/wp-json\/wp\/v2\/types\/page"}],"author":[{"embeddable":true,"href":"https:\/\/festival-factory.com\/sv\/wp-json\/wp\/v2\/users\/2"}],"replies":[{"embeddable":true,"href":"https:\/\/festival-factory.com\/sv\/wp-json\/wp\/v2\/comments?post=3916"}],"version-history":[{"count":5,"href":"https:\/\/festival-factory.com\/sv\/wp-json\/wp\/v2\/pages\/3916\/revisions"}],"predecessor-version":[{"id":3939,"href":"https:\/\/festival-factory.com\/sv\/wp-json\/wp\/v2\/pages\/3916\/revisions\/3939"}],"up":[{"embeddable":true,"href":"https:\/\/festival-factory.com\/sv\/wp-json\/wp\/v2\/pages\/3512"}],"wp:attachment":[{"href":"https:\/\/festival-factory.com\/sv\/wp-json\/wp\/v2\/media?parent=3916"}],"curies":[{"name":"wp","href":"https:\/\/api.w.org\/{rel}","templated":true}]}}