{"id":3918,"date":"2025-07-18T14:45:34","date_gmt":"2025-07-18T14:45:34","guid":{"rendered":"https:\/\/festival-factory.com\/?page_id=3918"},"modified":"2025-07-18T15:14:38","modified_gmt":"2025-07-18T15:14:38","slug":"sadc-africa-2","status":"publish","type":"page","link":"https:\/\/festival-factory.com\/sv\/duty-free-shipping\/sadc-africa-2\/","title":{"rendered":"SADC - Tullfri frakt till afrikanska l\u00e4nder"},"content":{"rendered":"<h3 data-start=\"629\" data-end=\"692\">Inledning: Afrikas outnyttjade potential inom regional handel<\/h3>\n<p data-start=\"694\" data-end=\"1006\">I takt med att de afrikanska ekonomierna v\u00e4xer och den regionala integrationen f\u00f6rdjupas \u00f6kar betydelsen av <strong data-start=\"772\" data-end=\"795\">intraafrikansk handel<\/strong> har aldrig varit st\u00f6rre. Det <strong data-start=\"824\" data-end=\"848\">SADC:s frihandelsomr\u00e5de<\/strong> bidrar till att undanr\u00f6ja handelshinder mellan medlemsl\u00e4nderna, vilket g\u00f6r det m\u00f6jligt f\u00f6r f\u00f6retag att k\u00f6pa, producera och s\u00e4lja \u00f6ver hela kontinenten <strong data-start=\"973\" data-end=\"1005\">utan att betala importtullar<\/strong>.<\/p>\n<p data-start=\"1008\" data-end=\"1204\">F\u00f6r f\u00f6retag i Afrika som k\u00f6per fr\u00e5n Madagaskar tillhandah\u00e5ller Festival Factory <strong data-start=\"1084\" data-end=\"1128\">tullfri frakt till alla SADC-l\u00e4nder<\/strong>och ser till att dina best\u00e4llningar av kl\u00e4der och kostymer kommer fram snabbare och kostar mindre.<\/p>\n<hr data-start=\"1206\" data-end=\"1209\" \/>\n<h3 data-start=\"1211\" data-end=\"1248\">Vad \u00e4r SADC:s handelsavtal?<\/h3>\n<p data-start=\"1250\" data-end=\"1592\">Den <strong data-start=\"1254\" data-end=\"1303\">S\u00f6dra Afrikas utvecklingsgemenskap (SADC)<\/strong> \u00e4r ett regionalt block best\u00e5ende av 16 afrikanska l\u00e4nder som har \u00e5tagit sig att fr\u00e4mja h\u00e5llbar ekonomisk tillv\u00e4xt och utveckling. Under <strong data-start=\"1425\" data-end=\"1453\">SADC:s frihandelsprotokoll<\/strong>medlemsstater \u00e5tnjuter <strong data-start=\"1475\" data-end=\"1502\">s\u00e4nkta tullar eller inga tullar alls<\/strong> p\u00e5 varor som handlas inom regionen, f\u00f6rutsatt att de uppfyller kraven p\u00e5 ursprung och efterlevnad.<\/p>\n<p data-start=\"1594\" data-end=\"1634\"><strong data-start=\"1594\" data-end=\"1634\">Viktiga m\u00e5l f\u00f6r SADC:s handelssamarbete:<\/strong><\/p>\n<ul data-start=\"1635\" data-end=\"1772\">\n<li data-start=\"1635\" data-end=\"1686\">\n<p data-start=\"1637\" data-end=\"1686\">Stimulera afrikansk industrialisering och tillverkning<\/p>\n<\/li>\n<li data-start=\"1687\" data-end=\"1732\">\n<p data-start=\"1689\" data-end=\"1732\">Underl\u00e4tta effektiva regionala leveranskedjor<\/p>\n<\/li>\n<li data-start=\"1733\" data-end=\"1772\">\n<p data-start=\"1735\" data-end=\"1772\">Minska kostnaderna f\u00f6r gr\u00e4ns\u00f6verskridande handel<\/p>\n<\/li>\n<\/ul>\n<hr data-start=\"1774\" data-end=\"1777\" \/>\n<h3 data-start=\"1779\" data-end=\"1808\">Madagaskars roll i SADC<\/h3>\n<p data-start=\"1810\" data-end=\"1924\">Som fullv\u00e4rdig medlem av SADC kan Madagaskar exportera kvalificerade varor <strong data-start=\"1875\" data-end=\"1912\">tullfritt till andra SADC-l\u00e4nder<\/strong>, inklusive:<\/p>\n<ul data-start=\"1926\" data-end=\"2075\">\n<li data-start=\"1926\" data-end=\"1944\">\n<p data-start=\"1928\" data-end=\"1944\"><strong data-start=\"1928\" data-end=\"1944\">Sydafrika<\/strong><\/p>\n<\/li>\n<li data-start=\"1945\" data-end=\"1959\">\n<p data-start=\"1947\" data-end=\"1959\"><strong data-start=\"1947\" data-end=\"1959\">Botswana<\/strong><\/p>\n<\/li>\n<li data-start=\"1960\" data-end=\"1973\">\n<p data-start=\"1962\" data-end=\"1973\"><strong data-start=\"1962\" data-end=\"1973\">Namibia<\/strong><\/p>\n<\/li>\n<li data-start=\"1974\" data-end=\"1989\">\n<p data-start=\"1976\" data-end=\"1989\"><strong data-start=\"1976\" data-end=\"1989\">Mauritius<\/strong><\/p>\n<\/li>\n<li data-start=\"1990\" data-end=\"2006\">\n<p data-start=\"1992\" data-end=\"2006\"><strong data-start=\"1992\" data-end=\"2006\">Mo\u00e7ambique<\/strong><\/p>\n<\/li>\n<li data-start=\"2007\" data-end=\"2019\">\n<p data-start=\"2009\" data-end=\"2019\"><strong data-start=\"2009\" data-end=\"2019\">Zambia<\/strong><\/p>\n<\/li>\n<li data-start=\"2020\" data-end=\"2034\">\n<p data-start=\"2022\" data-end=\"2034\"><strong data-start=\"2022\" data-end=\"2034\">Zimbabwe<\/strong><\/p>\n<\/li>\n<li data-start=\"2035\" data-end=\"2048\">\n<p data-start=\"2037\" data-end=\"2048\"><strong data-start=\"2037\" data-end=\"2048\">Lesotho<\/strong><\/p>\n<\/li>\n<li data-start=\"2049\" data-end=\"2075\">\n<p data-start=\"2051\" data-end=\"2075\"><strong data-start=\"2051\" data-end=\"2063\">Tanzania<\/strong>och andra<\/p>\n<\/li>\n<\/ul>\n<p data-start=\"2077\" data-end=\"2228\">Festival Factory tillhandah\u00e5ller all n\u00f6dv\u00e4ndig dokumentation (inklusive <strong data-start=\"2142\" data-end=\"2173\">SADC-ursprungscertifikat<\/strong>) f\u00f6r att s\u00e4kerst\u00e4lla smidig tullbehandling och nolltullar.<\/p>\n<hr data-start=\"2230\" data-end=\"2233\" \/>\n<h3 data-start=\"2235\" data-end=\"2267\">Varf\u00f6r det \u00e4r viktigt att k\u00f6pa lokalt<\/h3>\n<p data-start=\"2269\" data-end=\"2348\">Genom att k\u00f6pa in fr\u00e5n ett SADC-medlemsland som Madagaskar kan afrikanska f\u00f6retag:<\/p>\n<ul data-start=\"2349\" data-end=\"2557\">\n<li data-start=\"2349\" data-end=\"2397\">\n<p data-start=\"2351\" data-end=\"2397\">Undvik kostsamma importtullar fr\u00e5n Asien eller Europa<\/p>\n<\/li>\n<li data-start=\"2398\" data-end=\"2436\">\n<p data-start=\"2400\" data-end=\"2436\">Minska ledtider och fraktkostnader<\/p>\n<\/li>\n<li data-start=\"2437\" data-end=\"2490\">\n<p data-start=\"2439\" data-end=\"2490\">St\u00f6dja afrikansktillverkade varor och regional utveckling<\/p>\n<\/li>\n<li data-start=\"2491\" data-end=\"2557\">\n<p data-start=\"2493\" data-end=\"2557\">Uppr\u00e4tth\u00e5lla flexibla lagerniv\u00e5er med l\u00e5ga minsta orderkvantiteter<\/p>\n<\/li>\n<\/ul>\n<p data-start=\"2559\" data-end=\"2682\">Detta tillv\u00e4gag\u00e5ngss\u00e4tt \u00e4r s\u00e4rskilt v\u00e4rdefullt f\u00f6r <strong data-start=\"2600\" data-end=\"2621\">Afrikanska \u00e5terf\u00f6rs\u00e4ljare<\/strong>, <strong data-start=\"2623\" data-end=\"2641\">Eventplanerare<\/strong>, och <strong data-start=\"2647\" data-end=\"2681\">statliga upphandlingskontor<\/strong>.<\/p>\n<hr data-start=\"2684\" data-end=\"2687\" \/>\n<h3 data-start=\"2689\" data-end=\"2741\">Vilka produkter \u00e4r ber\u00e4ttigade till tullfrihet enligt SADC?<\/h3>\n<p data-start=\"2743\" data-end=\"2826\">De flesta produkter som tillverkas av Festival Factory omfattas av SADC:s regler, bland annat<\/p>\n<ul data-start=\"2827\" data-end=\"2964\">\n<li data-start=\"2827\" data-end=\"2855\">\n<p data-start=\"2829\" data-end=\"2855\">F\u00f6retagsuniformer med varum\u00e4rke<\/p>\n<\/li>\n<li data-start=\"2856\" data-end=\"2883\">\n<p data-start=\"2858\" data-end=\"2883\">Kostymer f\u00f6r skolor och evenemang<\/p>\n<\/li>\n<li data-start=\"2884\" data-end=\"2914\">\n<p data-start=\"2886\" data-end=\"2914\">L\u00e4ttviktiga modeplagg<\/p>\n<\/li>\n<li data-start=\"2915\" data-end=\"2936\">\n<p data-start=\"2917\" data-end=\"2936\">Kl\u00e4der med NGO-m\u00e4rke<\/p>\n<\/li>\n<li data-start=\"2937\" data-end=\"2964\">\n<p data-start=\"2939\" data-end=\"2964\">S\u00e4songsbetonade profilkl\u00e4der<\/p>\n<\/li>\n<\/ul>\n<p data-start=\"2966\" data-end=\"3112\">V\u00e5r produktion \u00e4r helt f\u00f6renlig med <strong data-start=\"3005\" data-end=\"3024\">ursprungsregler<\/strong> under SADC-protokollet, och vi tillhandah\u00e5ller logistiskt st\u00f6d fr\u00e5n b\u00f6rjan till slut i hela regionen.<\/p>\n<hr data-start=\"3114\" data-end=\"3117\" \/>\n<h3 data-start=\"3119\" data-end=\"3176\">Festival Factory: Din regionala tillverkningspartner<\/h3>\n<p data-start=\"3178\" data-end=\"3225\">Vi \u00e4r specialiserade p\u00e5 att f\u00f6rse SADC-l\u00e4nderna med:<\/p>\n<ul data-start=\"3226\" data-end=\"3400\">\n<li data-start=\"3226\" data-end=\"3272\">\n<p data-start=\"3228\" data-end=\"3272\">Snabb och prisv\u00e4rd produktion av textilvaror<\/p>\n<\/li>\n<li data-start=\"3273\" data-end=\"3316\">\n<p data-start=\"3275\" data-end=\"3316\">SADC-kompatibel dokumentation och m\u00e4rkning<\/p>\n<\/li>\n<li data-start=\"3317\" data-end=\"3348\">\n<p data-start=\"3319\" data-end=\"3348\">Support p\u00e5 engelska och franska<\/p>\n<\/li>\n<li data-start=\"3349\" data-end=\"3400\">\n<p data-start=\"3351\" data-end=\"3400\">Transparenta tidslinjer och kommunikation i realtid<\/p>\n<\/li>\n<\/ul>\n<p data-start=\"3402\" data-end=\"3551\">Oavsett om du \u00e4r baserad i <strong data-start=\"3426\" data-end=\"3461\">Kapstaden, Gaborone, Port Louis<\/strong>, eller <strong data-start=\"3466\" data-end=\"3476\">Maputo<\/strong>, Festival Factory s\u00e4kerst\u00e4ller att dina leveranser anl\u00e4nder <strong data-start=\"3525\" data-end=\"3550\">tullfritt och i tid<\/strong>.<\/p>\n<hr data-start=\"3553\" data-end=\"3556\" \/>\n<h3 data-start=\"3558\" data-end=\"3598\">L\u00e5t oss handla regionalt - och smartare<\/h3>\n<p data-start=\"3600\" data-end=\"3862\">Eftersom handel inom Afrika \u00e4r ett viktigt fokus f\u00f6r African Continental Free Trade Area (AfCFTA) \u00e4r det nu den perfekta tiden att bygga upp starka regionala leveranskedjor. Festival Factory \u00e4r redo att bli din l\u00e5ngsiktiga tillverkningspartner i hj\u00e4rtat av Indiska oceanen.<\/p>\n<p data-start=\"3864\" data-end=\"3988\"><a href=\"https:\/\/festival-factory.com\/sv\/contact-us\/\">Kontakta oss<\/a> idag f\u00f6r att f\u00e5 veta hur SADC-avtalet kan s\u00e4nka dina importkostnader.<\/p>","protected":false},"excerpt":{"rendered":"<p>Introduction: Africa\u2019s Untapped Potential in Regional Trade As African economies  [&#8230;]<\/p>\n","protected":false},"author":2,"featured_media":0,"parent":3512,"menu_order":0,"comment_status":"closed","ping_status":"closed","template":"","meta":{"_acf_changed":false,"footnotes":""},"class_list":["post-3918","page","type-page","status-publish","hentry"],"acf":[],"yoast_head":"<!-- This site is optimized with the Yoast SEO plugin v27.5 - https:\/\/yoast.com\/product\/yoast-seo-wordpress\/ -->\n<title>SADC Trade Agreement \u2013 Duty-Free Shipping Across Africa<\/title>\n<meta name=\"description\" content=\"Festival Factory ships duty-free to African countries through the SADC trade agreement. Discover how this benefits businesses across the continent.\" \/>\n<meta name=\"robots\" content=\"index, follow, max-snippet:-1, max-image-preview:large, max-video-preview:-1\" \/>\n<link rel=\"canonical\" href=\"https:\/\/festival-factory.com\/sv\/duty-free-shipping\/sadc-africa-2\/\" \/>\n<meta property=\"og:locale\" content=\"sv_SE\" \/>\n<meta property=\"og:type\" content=\"article\" \/>\n<meta property=\"og:title\" content=\"SADC Trade Agreement \u2013 Duty-Free Shipping Across Africa\" \/>\n<meta property=\"og:description\" content=\"Festival Factory ships duty-free to African countries through the SADC trade agreement. Discover how this benefits businesses across the continent.\" \/>\n<meta property=\"og:url\" content=\"https:\/\/festival-factory.com\/sv\/duty-free-shipping\/sadc-africa-2\/\" \/>\n<meta property=\"og:site_name\" content=\"Festival Factory Madagascar\" \/>\n<meta property=\"article:modified_time\" content=\"2025-07-18T15:14:38+00:00\" \/>\n<meta name=\"twitter:card\" content=\"summary_large_image\" \/>\n<meta name=\"twitter:label1\" content=\"Ber\u00e4knad l\u00e4stid\" \/>\n\t<meta name=\"twitter:data1\" content=\"2 minuter\" \/>\n<script type=\"application\/ld+json\" class=\"yoast-schema-graph\">{\"@context\":\"https:\\\/\\\/schema.org\",\"@graph\":[{\"@type\":\"WebPage\",\"@id\":\"https:\\\/\\\/festival-factory.com\\\/duty-free-shipping\\\/sadc-africa-2\\\/\",\"url\":\"https:\\\/\\\/festival-factory.com\\\/duty-free-shipping\\\/sadc-africa-2\\\/\",\"name\":\"SADC Trade Agreement \u2013 Duty-Free Shipping Across Africa\",\"isPartOf\":{\"@id\":\"https:\\\/\\\/festival-factory.com\\\/#website\"},\"datePublished\":\"2025-07-18T14:45:34+00:00\",\"dateModified\":\"2025-07-18T15:14:38+00:00\",\"description\":\"Festival Factory ships duty-free to African countries through the SADC trade agreement. Discover how this benefits businesses across the continent.\",\"breadcrumb\":{\"@id\":\"https:\\\/\\\/festival-factory.com\\\/duty-free-shipping\\\/sadc-africa-2\\\/#breadcrumb\"},\"inLanguage\":\"sv-SE\",\"potentialAction\":[{\"@type\":\"ReadAction\",\"target\":[\"https:\\\/\\\/festival-factory.com\\\/duty-free-shipping\\\/sadc-africa-2\\\/\"]}]},{\"@type\":\"BreadcrumbList\",\"@id\":\"https:\\\/\\\/festival-factory.com\\\/duty-free-shipping\\\/sadc-africa-2\\\/#breadcrumb\",\"itemListElement\":[{\"@type\":\"ListItem\",\"position\":1,\"name\":\"Home\",\"item\":\"https:\\\/\\\/festival-factory.com\\\/\"},{\"@type\":\"ListItem\",\"position\":2,\"name\":\"Duty-Free Shipping from Madagascar\",\"item\":\"https:\\\/\\\/festival-factory.com\\\/duty-free-shipping\\\/\"},{\"@type\":\"ListItem\",\"position\":3,\"name\":\"SADC \u2013 Duty-Free Shipping to African Countries\"}]},{\"@type\":\"WebSite\",\"@id\":\"https:\\\/\\\/festival-factory.com\\\/#website\",\"url\":\"https:\\\/\\\/festival-factory.com\\\/\",\"name\":\"Festival Factory Madagascar\",\"description\":\"Manufacturing apparel &amp; Costumes with decades of experience\",\"publisher\":{\"@id\":\"https:\\\/\\\/festival-factory.com\\\/#organization\"},\"potentialAction\":[{\"@type\":\"SearchAction\",\"target\":{\"@type\":\"EntryPoint\",\"urlTemplate\":\"https:\\\/\\\/festival-factory.com\\\/?s={search_term_string}\"},\"query-input\":{\"@type\":\"PropertyValueSpecification\",\"valueRequired\":true,\"valueName\":\"search_term_string\"}}],\"inLanguage\":\"sv-SE\"},{\"@type\":\"Organization\",\"@id\":\"https:\\\/\\\/festival-factory.com\\\/#organization\",\"name\":\"Festival Factory Madagascar\",\"url\":\"https:\\\/\\\/festival-factory.com\\\/\",\"logo\":{\"@type\":\"ImageObject\",\"inLanguage\":\"sv-SE\",\"@id\":\"https:\\\/\\\/festival-factory.com\\\/#\\\/schema\\\/logo\\\/image\\\/\",\"url\":\"https:\\\/\\\/festival-factory.com\\\/wp-content\\\/uploads\\\/2025\\\/02\\\/Festival-Logo.png\",\"contentUrl\":\"https:\\\/\\\/festival-factory.com\\\/wp-content\\\/uploads\\\/2025\\\/02\\\/Festival-Logo.png\",\"width\":2000,\"height\":519,\"caption\":\"Festival Factory Madagascar\"},\"image\":{\"@id\":\"https:\\\/\\\/festival-factory.com\\\/#\\\/schema\\\/logo\\\/image\\\/\"}}]}<\/script>\n<!-- \/ Yoast SEO plugin. -->","yoast_head_json":{"title":"SADC-handelsavtal - tullfri frakt \u00f6ver hela Afrika","description":"Festival Factory levererar tullfritt till afrikanska l\u00e4nder genom handelsavtalet SADC. Uppt\u00e4ck hur detta gynnar f\u00f6retag \u00f6ver hela kontinenten.","robots":{"index":"index","follow":"follow","max-snippet":"max-snippet:-1","max-image-preview":"max-image-preview:large","max-video-preview":"max-video-preview:-1"},"canonical":"https:\/\/festival-factory.com\/sv\/duty-free-shipping\/sadc-africa-2\/","og_locale":"sv_SE","og_type":"article","og_title":"SADC Trade Agreement \u2013 Duty-Free Shipping Across Africa","og_description":"Festival Factory ships duty-free to African countries through the SADC trade agreement. Discover how this benefits businesses across the continent.","og_url":"https:\/\/festival-factory.com\/sv\/duty-free-shipping\/sadc-africa-2\/","og_site_name":"Festival Factory Madagascar","article_modified_time":"2025-07-18T15:14:38+00:00","twitter_card":"summary_large_image","twitter_misc":{"Ber\u00e4knad l\u00e4stid":"2 minuter"},"schema":{"@context":"https:\/\/schema.org","@graph":[{"@type":"WebPage","@id":"https:\/\/festival-factory.com\/duty-free-shipping\/sadc-africa-2\/","url":"https:\/\/festival-factory.com\/duty-free-shipping\/sadc-africa-2\/","name":"SADC-handelsavtal - tullfri frakt \u00f6ver hela Afrika","isPartOf":{"@id":"https:\/\/festival-factory.com\/#website"},"datePublished":"2025-07-18T14:45:34+00:00","dateModified":"2025-07-18T15:14:38+00:00","description":"Festival Factory levererar tullfritt till afrikanska l\u00e4nder genom handelsavtalet SADC. Uppt\u00e4ck hur detta gynnar f\u00f6retag \u00f6ver hela kontinenten.","breadcrumb":{"@id":"https:\/\/festival-factory.com\/duty-free-shipping\/sadc-africa-2\/#breadcrumb"},"inLanguage":"sv-SE","potentialAction":[{"@type":"ReadAction","target":["https:\/\/festival-factory.com\/duty-free-shipping\/sadc-africa-2\/"]}]},{"@type":"BreadcrumbList","@id":"https:\/\/festival-factory.com\/duty-free-shipping\/sadc-africa-2\/#breadcrumb","itemListElement":[{"@type":"ListItem","position":1,"name":"Home","item":"https:\/\/festival-factory.com\/"},{"@type":"ListItem","position":2,"name":"Duty-Free Shipping from Madagascar","item":"https:\/\/festival-factory.com\/duty-free-shipping\/"},{"@type":"ListItem","position":3,"name":"SADC \u2013 Duty-Free Shipping to African Countries"}]},{"@type":"WebSite","@id":"https:\/\/festival-factory.com\/#website","url":"https:\/\/festival-factory.com\/","name":"Festival Factory Madagaskar","description":"Tillverkning av kl\u00e4der och kostymer med \u00e5rtionden av erfarenhet","publisher":{"@id":"https:\/\/festival-factory.com\/#organization"},"potentialAction":[{"@type":"SearchAction","target":{"@type":"EntryPoint","urlTemplate":"https:\/\/festival-factory.com\/?s={search_term_string}"},"query-input":{"@type":"PropertyValueSpecification","valueRequired":true,"valueName":"search_term_string"}}],"inLanguage":"sv-SE"},{"@type":"Organization","@id":"https:\/\/festival-factory.com\/#organization","name":"Festival Factory Madagaskar","url":"https:\/\/festival-factory.com\/","logo":{"@type":"ImageObject","inLanguage":"sv-SE","@id":"https:\/\/festival-factory.com\/#\/schema\/logo\/image\/","url":"https:\/\/festival-factory.com\/wp-content\/uploads\/2025\/02\/Festival-Logo.png","contentUrl":"https:\/\/festival-factory.com\/wp-content\/uploads\/2025\/02\/Festival-Logo.png","width":2000,"height":519,"caption":"Festival Factory Madagascar"},"image":{"@id":"https:\/\/festival-factory.com\/#\/schema\/logo\/image\/"}}]}},"_links":{"self":[{"href":"https:\/\/festival-factory.com\/sv\/wp-json\/wp\/v2\/pages\/3918","targetHints":{"allow":["GET"]}}],"collection":[{"href":"https:\/\/festival-factory.com\/sv\/wp-json\/wp\/v2\/pages"}],"about":[{"href":"https:\/\/festival-factory.com\/sv\/wp-json\/wp\/v2\/types\/page"}],"author":[{"embeddable":true,"href":"https:\/\/festival-factory.com\/sv\/wp-json\/wp\/v2\/users\/2"}],"replies":[{"embeddable":true,"href":"https:\/\/festival-factory.com\/sv\/wp-json\/wp\/v2\/comments?post=3918"}],"version-history":[{"count":4,"href":"https:\/\/festival-factory.com\/sv\/wp-json\/wp\/v2\/pages\/3918\/revisions"}],"predecessor-version":[{"id":3937,"href":"https:\/\/festival-factory.com\/sv\/wp-json\/wp\/v2\/pages\/3918\/revisions\/3937"}],"up":[{"embeddable":true,"href":"https:\/\/festival-factory.com\/sv\/wp-json\/wp\/v2\/pages\/3512"}],"wp:attachment":[{"href":"https:\/\/festival-factory.com\/sv\/wp-json\/wp\/v2\/media?parent=3918"}],"curies":[{"name":"wp","href":"https:\/\/api.w.org\/{rel}","templated":true}]}}