{"id":3920,"date":"2025-07-18T14:46:21","date_gmt":"2025-07-18T14:46:21","guid":{"rendered":"https:\/\/festival-factory.com\/?page_id=3920"},"modified":"2025-07-18T15:14:47","modified_gmt":"2025-07-18T15:14:47","slug":"dcd-australia","status":"publish","type":"page","link":"https:\/\/festival-factory.com\/sv\/duty-free-shipping\/dcd-australia\/","title":{"rendered":"DCD - Tullfri frakt till Australien"},"content":{"rendered":"<h3 data-start=\"4347\" data-end=\"4416\">Introduktion: S\u00e4nkta importkostnader f\u00f6r australiensiska kl\u00e4dk\u00f6pare<\/h3>\n<p data-start=\"4418\" data-end=\"4751\">I ett land som <strong data-start=\"4436\" data-end=\"4449\">Australien<\/strong>Eftersom Madagaskar \u00e4r det land d\u00e4r de flesta kl\u00e4der importeras \u00e4r hanteringen av importtullar en viktig del av alla ink\u00f6psstrategier. F\u00f6r ink\u00f6pare som ser bortom Asien erbjuder ink\u00f6p fr\u00e5n Madagaskar en \u00f6vertygande m\u00f6jlighet - s\u00e4rskilt under <strong data-start=\"4661\" data-end=\"4675\">DCD-system<\/strong>vilket g\u00f6r det m\u00f6jligt att <strong data-start=\"4694\" data-end=\"4715\">tullfri import<\/strong> fr\u00e5n st\u00f6dber\u00e4ttigade utvecklingsl\u00e4nder.<\/p>\n<p data-start=\"4753\" data-end=\"4959\">Vid <strong data-start=\"4756\" data-end=\"4776\">Festivalfabriken<\/strong>hj\u00e4lper vi australiensiska modevarum\u00e4rken, detaljhandlare och kostymleverant\u00f6rer att minska sina landningskostnader genom att utnyttja <strong data-start=\"4890\" data-end=\"4920\">Dokument f\u00f6r tullkredit (DCD)<\/strong> vid frakt av kl\u00e4der fr\u00e5n Madagaskar.<\/p>\n<hr data-start=\"4961\" data-end=\"4964\" \/>\n<h3 data-start=\"4966\" data-end=\"4986\">Vad \u00e4r DCD?<\/h3>\n<p data-start=\"4988\" data-end=\"5316\">Den <strong data-start=\"4992\" data-end=\"5022\">Dokument f\u00f6r tullkredit (DCD)<\/strong> \u00e4r ett system som m\u00f6jligg\u00f6r tullfritt eller tullreducerat tilltr\u00e4de till den australiska marknaden f\u00f6r varor med ursprung i <strong data-start=\"5133\" data-end=\"5162\">de minst utvecklade l\u00e4nderna<\/strong>. M\u00e5let \u00e4r att fr\u00e4mja handeln med utvecklingsekonomier och samtidigt erbjuda australiensiska import\u00f6rer <strong data-start=\"5255\" data-end=\"5286\">kostnadseffektiva alternativ<\/strong> till traditionella ink\u00f6psnav.<\/p>\n<p data-start=\"5318\" data-end=\"5452\">Madagaskar \u00e4r erk\u00e4nt enligt detta system, vilket g\u00f6r att Festival Factorys varor <strong data-start=\"5394\" data-end=\"5425\">ber\u00e4ttigad till tullbefrielse<\/strong> vid ankomsten till Australien.<\/p>\n<hr data-start=\"5454\" data-end=\"5457\" \/>\n<h3 data-start=\"5459\" data-end=\"5500\">Viktiga f\u00f6rdelar f\u00f6r australiska import\u00f6rer<\/h3>\n<p data-start=\"5502\" data-end=\"5562\">Att arbeta med Festival Factory under DCD-systemet ger:<\/p>\n<ul data-start=\"5564\" data-end=\"5762\">\n<li data-start=\"5564\" data-end=\"5608\">\n<p data-start=\"5566\" data-end=\"5608\"><strong data-start=\"5566\" data-end=\"5588\">Inga importtullar<\/strong> p\u00e5 kvalificerade kl\u00e4der<\/p>\n<\/li>\n<li data-start=\"5609\" data-end=\"5639\">\n<p data-start=\"5611\" data-end=\"5639\">L\u00e4gre totala kostnader per enhet<\/p>\n<\/li>\n<li data-start=\"5640\" data-end=\"5690\">\n<p data-start=\"5642\" data-end=\"5690\">Kortare leveranskedjor \u00e4n i Asien och Latinamerika<\/p>\n<\/li>\n<li data-start=\"5691\" data-end=\"5762\">\n<p data-start=\"5693\" data-end=\"5762\">Tillg\u00e5ng till en unik, etisk tillverkningspartner i Indiska oceanen<\/p>\n<\/li>\n<\/ul>\n<p data-start=\"5764\" data-end=\"5918\">Oavsett om du \u00e4r en <strong data-start=\"5781\" data-end=\"5807\">Boutique-modevarum\u00e4rke<\/strong>, a <strong data-start=\"5811\" data-end=\"5843\">s\u00e4songsbetonad kostymdistribut\u00f6r<\/strong>eller en <strong data-start=\"5851\" data-end=\"5873\">nystartad e-handel<\/strong>DCD kan g\u00f6ra ditt f\u00f6retag mer l\u00f6nsamt.<\/p>\n<hr data-start=\"5920\" data-end=\"5923\" \/>\n<h3 data-start=\"5925\" data-end=\"5970\">Produkter som \u00e4r ber\u00e4ttigade till tullfri inf\u00f6rsel enligt DCD<\/h3>\n<p data-start=\"5972\" data-end=\"6058\">Festival Factory tillverkar ett brett sortiment av kl\u00e4der som ber\u00e4ttigar till DCD-f\u00f6rm\u00e5ner:<\/p>\n<ul data-start=\"6059\" data-end=\"6200\">\n<li data-start=\"6059\" data-end=\"6089\">\n<p data-start=\"6061\" data-end=\"6089\">Utkl\u00e4dningskl\u00e4der f\u00f6r barn<\/p>\n<\/li>\n<li data-start=\"6090\" data-end=\"6116\">\n<p data-start=\"6092\" data-end=\"6116\">Skol- och festivalkl\u00e4der<\/p>\n<\/li>\n<li data-start=\"6117\" data-end=\"6139\">\n<p data-start=\"6119\" data-end=\"6139\">Uniformer f\u00f6r hotell- och restaurangbranschen<\/p>\n<\/li>\n<li data-start=\"6140\" data-end=\"6174\">\n<p data-start=\"6142\" data-end=\"6174\">L\u00e4ttviktskl\u00e4der f\u00f6r reklam\u00e4ndam\u00e5l<\/p>\n<\/li>\n<li data-start=\"6175\" data-end=\"6200\">\n<p data-start=\"6177\" data-end=\"6200\">Anpassade m\u00e4rkesplagg<\/p>\n<\/li>\n<\/ul>\n<p data-start=\"6202\" data-end=\"6338\">Vi tillhandah\u00e5ller ocks\u00e5 all n\u00f6dv\u00e4ndig exportdokumentation f\u00f6r att st\u00f6dja tullfri status enligt DCD och hj\u00e4lper din tullm\u00e4klare med efterlevnaden.<\/p>\n<hr data-start=\"6340\" data-end=\"6343\" \/>\n<h3 data-start=\"6345\" data-end=\"6384\">Varf\u00f6r v\u00e4lja Madagaskar f\u00f6r sourcing?<\/h3>\n<p data-start=\"6386\" data-end=\"6473\">Medan Australien traditionellt importerar fr\u00e5n Kina och Sydostasien, erbjuder Madagaskar:<\/p>\n<ul data-start=\"6474\" data-end=\"6675\">\n<li data-start=\"6474\" data-end=\"6506\">\n<p data-start=\"6476\" data-end=\"6506\">Tullfri frakt med DCD-aktivering<\/p>\n<\/li>\n<li data-start=\"6507\" data-end=\"6569\">\n<p data-start=\"6509\" data-end=\"6569\">H\u00f6gkvalitativ kl\u00e4dproduktion med etiska arbetsmetoder<\/p>\n<\/li>\n<li data-start=\"6570\" data-end=\"6625\">\n<p data-start=\"6572\" data-end=\"6625\">Konkurrenskraftiga ledtider f\u00f6r best\u00e4llningar av sm\u00e5 till medelstora volymer<\/p>\n<\/li>\n<li data-start=\"6626\" data-end=\"6675\">\n<p data-start=\"6628\" data-end=\"6675\">Direkt tillg\u00e5ng till australiska hamnar f\u00f6r sj\u00f6frakt<\/p>\n<\/li>\n<\/ul>\n<hr data-start=\"6677\" data-end=\"6680\" \/>\n<h3 data-start=\"6682\" data-end=\"6740\">Festival Factorys expertis f\u00f6r den australiensiska marknaden<\/h3>\n<p data-start=\"6742\" data-end=\"6802\">Vi f\u00f6rst\u00e5r de australiska import\u00f6rernas behov och tillhandah\u00e5ller:<\/p>\n<ul data-start=\"6803\" data-end=\"6987\">\n<li data-start=\"6803\" data-end=\"6840\">\n<p data-start=\"6805\" data-end=\"6840\">Engelsktalande kundansvariga<\/p>\n<\/li>\n<li data-start=\"6841\" data-end=\"6883\">\n<p data-start=\"6843\" data-end=\"6883\">Anpassade provtagnings- och utvecklingstj\u00e4nster<\/p>\n<\/li>\n<li data-start=\"6884\" data-end=\"6925\">\n<p data-start=\"6886\" data-end=\"6925\">Tillf\u00f6rlitlig produktion och kvalitetskontroll<\/p>\n<\/li>\n<li data-start=\"6926\" data-end=\"6987\">\n<p data-start=\"6928\" data-end=\"6987\">Smidig samordning med internationella spedit\u00f6rer<\/p>\n<\/li>\n<\/ul>\n<hr data-start=\"6989\" data-end=\"6992\" \/>\n<h3 data-start=\"6994\" data-end=\"7022\">\u00c4r du redo att k\u00f6pa smartare?<\/h3>\n<p data-start=\"7024\" data-end=\"7154\">V\u00e5rt team finns h\u00e4r f\u00f6r att hj\u00e4lpa dig att utnyttja DCD:s f\u00f6rdelar och utveckla ditt f\u00f6retag i Australien med <strong data-start=\"7116\" data-end=\"7137\">tullfri import<\/strong> fr\u00e5n Madagaskar.<\/p>\n<p data-start=\"7156\" data-end=\"7285\"><a href=\"https:\/\/festival-factory.com\/sv\/contact-us\/\">Ta kontakt med oss<\/a> f\u00f6r information om vilka produkter som \u00e4r ber\u00e4ttigade och priser.<\/p>","protected":false},"excerpt":{"rendered":"<p>Introduction: Reducing Import Costs for Australian Apparel Buyers In a  [&#8230;]<\/p>\n","protected":false},"author":2,"featured_media":0,"parent":3512,"menu_order":0,"comment_status":"closed","ping_status":"closed","template":"","meta":{"_acf_changed":false,"footnotes":""},"class_list":["post-3920","page","type-page","status-publish","hentry"],"acf":[],"yoast_head":"<!-- This site is optimized with the Yoast SEO plugin v27.5 - https:\/\/yoast.com\/product\/yoast-seo-wordpress\/ -->\n<title>DCD Agreement \u2013 Affordable Imports to Australia from Madagascar<\/title>\n<meta name=\"description\" content=\"Save on import costs with Festival Factory through Madagascar\u2019s DCD agreement with Australia. Enjoy duty-free apparel and costume shipments.\" \/>\n<meta name=\"robots\" content=\"index, follow, max-snippet:-1, max-image-preview:large, max-video-preview:-1\" \/>\n<link rel=\"canonical\" href=\"https:\/\/festival-factory.com\/sv\/duty-free-shipping\/dcd-australia\/\" \/>\n<meta property=\"og:locale\" content=\"sv_SE\" \/>\n<meta property=\"og:type\" content=\"article\" \/>\n<meta property=\"og:title\" content=\"DCD Agreement \u2013 Affordable Imports to Australia from Madagascar\" \/>\n<meta property=\"og:description\" content=\"Save on import costs with Festival Factory through Madagascar\u2019s DCD agreement with Australia. Enjoy duty-free apparel and costume shipments.\" \/>\n<meta property=\"og:url\" content=\"https:\/\/festival-factory.com\/sv\/duty-free-shipping\/dcd-australia\/\" \/>\n<meta property=\"og:site_name\" content=\"Festival Factory Madagascar\" \/>\n<meta property=\"article:modified_time\" content=\"2025-07-18T15:14:47+00:00\" \/>\n<meta name=\"twitter:card\" content=\"summary_large_image\" \/>\n<meta name=\"twitter:label1\" content=\"Ber\u00e4knad l\u00e4stid\" \/>\n\t<meta name=\"twitter:data1\" content=\"2 minuter\" \/>\n<script type=\"application\/ld+json\" class=\"yoast-schema-graph\">{\"@context\":\"https:\\\/\\\/schema.org\",\"@graph\":[{\"@type\":\"WebPage\",\"@id\":\"https:\\\/\\\/festival-factory.com\\\/duty-free-shipping\\\/dcd-australia\\\/\",\"url\":\"https:\\\/\\\/festival-factory.com\\\/duty-free-shipping\\\/dcd-australia\\\/\",\"name\":\"DCD Agreement \u2013 Affordable Imports to Australia from Madagascar\",\"isPartOf\":{\"@id\":\"https:\\\/\\\/festival-factory.com\\\/#website\"},\"datePublished\":\"2025-07-18T14:46:21+00:00\",\"dateModified\":\"2025-07-18T15:14:47+00:00\",\"description\":\"Save on import costs with Festival Factory through Madagascar\u2019s DCD agreement with Australia. Enjoy duty-free apparel and costume shipments.\",\"breadcrumb\":{\"@id\":\"https:\\\/\\\/festival-factory.com\\\/duty-free-shipping\\\/dcd-australia\\\/#breadcrumb\"},\"inLanguage\":\"sv-SE\",\"potentialAction\":[{\"@type\":\"ReadAction\",\"target\":[\"https:\\\/\\\/festival-factory.com\\\/duty-free-shipping\\\/dcd-australia\\\/\"]}]},{\"@type\":\"BreadcrumbList\",\"@id\":\"https:\\\/\\\/festival-factory.com\\\/duty-free-shipping\\\/dcd-australia\\\/#breadcrumb\",\"itemListElement\":[{\"@type\":\"ListItem\",\"position\":1,\"name\":\"Home\",\"item\":\"https:\\\/\\\/festival-factory.com\\\/\"},{\"@type\":\"ListItem\",\"position\":2,\"name\":\"Duty-Free Shipping from Madagascar\",\"item\":\"https:\\\/\\\/festival-factory.com\\\/duty-free-shipping\\\/\"},{\"@type\":\"ListItem\",\"position\":3,\"name\":\"DCD \u2013 Duty-Free Shipping to Australia\"}]},{\"@type\":\"WebSite\",\"@id\":\"https:\\\/\\\/festival-factory.com\\\/#website\",\"url\":\"https:\\\/\\\/festival-factory.com\\\/\",\"name\":\"Festival Factory Madagascar\",\"description\":\"Manufacturing apparel &amp; Costumes with decades of experience\",\"publisher\":{\"@id\":\"https:\\\/\\\/festival-factory.com\\\/#organization\"},\"potentialAction\":[{\"@type\":\"SearchAction\",\"target\":{\"@type\":\"EntryPoint\",\"urlTemplate\":\"https:\\\/\\\/festival-factory.com\\\/?s={search_term_string}\"},\"query-input\":{\"@type\":\"PropertyValueSpecification\",\"valueRequired\":true,\"valueName\":\"search_term_string\"}}],\"inLanguage\":\"sv-SE\"},{\"@type\":\"Organization\",\"@id\":\"https:\\\/\\\/festival-factory.com\\\/#organization\",\"name\":\"Festival Factory Madagascar\",\"url\":\"https:\\\/\\\/festival-factory.com\\\/\",\"logo\":{\"@type\":\"ImageObject\",\"inLanguage\":\"sv-SE\",\"@id\":\"https:\\\/\\\/festival-factory.com\\\/#\\\/schema\\\/logo\\\/image\\\/\",\"url\":\"https:\\\/\\\/festival-factory.com\\\/wp-content\\\/uploads\\\/2025\\\/02\\\/Festival-Logo.png\",\"contentUrl\":\"https:\\\/\\\/festival-factory.com\\\/wp-content\\\/uploads\\\/2025\\\/02\\\/Festival-Logo.png\",\"width\":2000,\"height\":519,\"caption\":\"Festival Factory Madagascar\"},\"image\":{\"@id\":\"https:\\\/\\\/festival-factory.com\\\/#\\\/schema\\\/logo\\\/image\\\/\"}}]}<\/script>\n<!-- \/ Yoast SEO plugin. -->","yoast_head_json":{"title":"DCD-avtal - Prisv\u00e4rd import till Australien fr\u00e5n Madagaskar","description":"Spara p\u00e5 importkostnader med Festival Factory genom Madagaskars DCD-avtal med Australien. Njut av tullfria f\u00f6rs\u00e4ndelser av kl\u00e4der och kostymer.","robots":{"index":"index","follow":"follow","max-snippet":"max-snippet:-1","max-image-preview":"max-image-preview:large","max-video-preview":"max-video-preview:-1"},"canonical":"https:\/\/festival-factory.com\/sv\/duty-free-shipping\/dcd-australia\/","og_locale":"sv_SE","og_type":"article","og_title":"DCD Agreement \u2013 Affordable Imports to Australia from Madagascar","og_description":"Save on import costs with Festival Factory through Madagascar\u2019s DCD agreement with Australia. Enjoy duty-free apparel and costume shipments.","og_url":"https:\/\/festival-factory.com\/sv\/duty-free-shipping\/dcd-australia\/","og_site_name":"Festival Factory Madagascar","article_modified_time":"2025-07-18T15:14:47+00:00","twitter_card":"summary_large_image","twitter_misc":{"Ber\u00e4knad l\u00e4stid":"2 minuter"},"schema":{"@context":"https:\/\/schema.org","@graph":[{"@type":"WebPage","@id":"https:\/\/festival-factory.com\/duty-free-shipping\/dcd-australia\/","url":"https:\/\/festival-factory.com\/duty-free-shipping\/dcd-australia\/","name":"DCD-avtal - Prisv\u00e4rd import till Australien fr\u00e5n Madagaskar","isPartOf":{"@id":"https:\/\/festival-factory.com\/#website"},"datePublished":"2025-07-18T14:46:21+00:00","dateModified":"2025-07-18T15:14:47+00:00","description":"Spara p\u00e5 importkostnader med Festival Factory genom Madagaskars DCD-avtal med Australien. Njut av tullfria f\u00f6rs\u00e4ndelser av kl\u00e4der och kostymer.","breadcrumb":{"@id":"https:\/\/festival-factory.com\/duty-free-shipping\/dcd-australia\/#breadcrumb"},"inLanguage":"sv-SE","potentialAction":[{"@type":"ReadAction","target":["https:\/\/festival-factory.com\/duty-free-shipping\/dcd-australia\/"]}]},{"@type":"BreadcrumbList","@id":"https:\/\/festival-factory.com\/duty-free-shipping\/dcd-australia\/#breadcrumb","itemListElement":[{"@type":"ListItem","position":1,"name":"Home","item":"https:\/\/festival-factory.com\/"},{"@type":"ListItem","position":2,"name":"Duty-Free Shipping from Madagascar","item":"https:\/\/festival-factory.com\/duty-free-shipping\/"},{"@type":"ListItem","position":3,"name":"DCD \u2013 Duty-Free Shipping to Australia"}]},{"@type":"WebSite","@id":"https:\/\/festival-factory.com\/#website","url":"https:\/\/festival-factory.com\/","name":"Festival Factory Madagaskar","description":"Tillverkning av kl\u00e4der och kostymer med \u00e5rtionden av erfarenhet","publisher":{"@id":"https:\/\/festival-factory.com\/#organization"},"potentialAction":[{"@type":"SearchAction","target":{"@type":"EntryPoint","urlTemplate":"https:\/\/festival-factory.com\/?s={search_term_string}"},"query-input":{"@type":"PropertyValueSpecification","valueRequired":true,"valueName":"search_term_string"}}],"inLanguage":"sv-SE"},{"@type":"Organization","@id":"https:\/\/festival-factory.com\/#organization","name":"Festival Factory Madagaskar","url":"https:\/\/festival-factory.com\/","logo":{"@type":"ImageObject","inLanguage":"sv-SE","@id":"https:\/\/festival-factory.com\/#\/schema\/logo\/image\/","url":"https:\/\/festival-factory.com\/wp-content\/uploads\/2025\/02\/Festival-Logo.png","contentUrl":"https:\/\/festival-factory.com\/wp-content\/uploads\/2025\/02\/Festival-Logo.png","width":2000,"height":519,"caption":"Festival Factory Madagascar"},"image":{"@id":"https:\/\/festival-factory.com\/#\/schema\/logo\/image\/"}}]}},"_links":{"self":[{"href":"https:\/\/festival-factory.com\/sv\/wp-json\/wp\/v2\/pages\/3920","targetHints":{"allow":["GET"]}}],"collection":[{"href":"https:\/\/festival-factory.com\/sv\/wp-json\/wp\/v2\/pages"}],"about":[{"href":"https:\/\/festival-factory.com\/sv\/wp-json\/wp\/v2\/types\/page"}],"author":[{"embeddable":true,"href":"https:\/\/festival-factory.com\/sv\/wp-json\/wp\/v2\/users\/2"}],"replies":[{"embeddable":true,"href":"https:\/\/festival-factory.com\/sv\/wp-json\/wp\/v2\/comments?post=3920"}],"version-history":[{"count":4,"href":"https:\/\/festival-factory.com\/sv\/wp-json\/wp\/v2\/pages\/3920\/revisions"}],"predecessor-version":[{"id":3936,"href":"https:\/\/festival-factory.com\/sv\/wp-json\/wp\/v2\/pages\/3920\/revisions\/3936"}],"up":[{"embeddable":true,"href":"https:\/\/festival-factory.com\/sv\/wp-json\/wp\/v2\/pages\/3512"}],"wp:attachment":[{"href":"https:\/\/festival-factory.com\/sv\/wp-json\/wp\/v2\/media?parent=3920"}],"curies":[{"name":"wp","href":"https:\/\/api.w.org\/{rel}","templated":true}]}}