{"id":3922,"date":"2025-07-18T14:47:30","date_gmt":"2025-07-18T14:47:30","guid":{"rendered":"https:\/\/festival-factory.com\/?page_id=3922"},"modified":"2025-07-18T19:41:07","modified_gmt":"2025-07-18T19:41:07","slug":"dcts-uk","status":"publish","type":"page","link":"https:\/\/festival-factory.com\/sv\/duty-free-shipping\/dcts-uk\/","title":{"rendered":"DCTS - Tullfri frakt till Storbritannien"},"content":{"rendered":"<h3 data-start=\"7646\" data-end=\"7712\">Inledning: En ny era av handel mellan Storbritannien och Madagaskar<\/h3>\n<p data-start=\"7714\" data-end=\"7954\">Sedan Brexit har Storbritannien inf\u00f6rt nya handelspolitiska \u00e5tg\u00e4rder f\u00f6r att st\u00f6dja ink\u00f6p fr\u00e5n utvecklingsl\u00e4nder. Ett av de mest kraftfulla verktygen f\u00f6r import\u00f6rer \u00e4r <strong data-start=\"7869\" data-end=\"7915\">System f\u00f6r handel med utsl\u00e4ppsr\u00e4tter i utvecklingsl\u00e4nder (DCTS)<\/strong> - och Madagaskar \u00e4r en viktig mottagare.<\/p>\n<p data-start=\"7956\" data-end=\"8216\">Vid <strong data-start=\"7959\" data-end=\"7979\">Festivalfabriken<\/strong>anv\u00e4nder vi DCTS f\u00f6r att f\u00f6rse v\u00e5ra kunder i Storbritannien med <strong data-start=\"8030\" data-end=\"8099\">tullfritt tilltr\u00e4de till specialtillverkade kl\u00e4der, dr\u00e4kter och textilprodukter<\/strong>. Om du importerar fr\u00e5n Madagaskar \u00e4r DCTS din genv\u00e4g till <strong data-start=\"8163\" data-end=\"8215\">betydande besparingar och smidig tullklarering<\/strong>.<\/p>\n<hr data-start=\"8218\" data-end=\"8221\" \/>\n<h3 data-start=\"8223\" data-end=\"8244\">Vad \u00e4r DCTS?<\/h3>\n<p data-start=\"8246\" data-end=\"8515\">Lanseras \u00e5r 2023, och <strong data-start=\"8268\" data-end=\"8314\">System f\u00f6r handel med utsl\u00e4ppsr\u00e4tter i utvecklingsl\u00e4nder (DCTS)<\/strong> ers\u00e4tter EU:s GSP-system f\u00f6r handel med utvecklingsl\u00e4nder. Det m\u00f6jligg\u00f6r <strong data-start=\"8390\" data-end=\"8431\">l\u00e5g- och l\u00e4gre medelinkomstl\u00e4nder<\/strong> att exportera varor till <strong data-start=\"8455\" data-end=\"8478\">UK-marknaden taxfree<\/strong>, f\u00f6rutsatt att de uppfyller ursprungsreglerna.<\/p>\n<p data-start=\"8517\" data-end=\"8626\">Madagaskar uppfyller kraven enligt <strong data-start=\"8548\" data-end=\"8577\">Niv\u00e5 f\u00f6r ut\u00f6kade f\u00f6rm\u00e5ner<\/strong>, som omfattar de flesta kl\u00e4der och textilprodukter.<\/p>\n<hr data-start=\"8628\" data-end=\"8631\" \/>\n<h3 data-start=\"8633\" data-end=\"8670\">F\u00f6rdelar med DCTS f\u00f6r brittiska import\u00f6rer<\/h3>\n<p data-start=\"8672\" data-end=\"8718\">Med DCTS erbjuder Festival Factory sina kunder i Storbritannien:<\/p>\n<ul data-start=\"8719\" data-end=\"8909\">\n<li data-start=\"8719\" data-end=\"8766\">\n<p data-start=\"8721\" data-end=\"8766\"><strong data-start=\"8721\" data-end=\"8743\">Inga importtullar<\/strong> p\u00e5 kvalificerade plagg<\/p>\n<\/li>\n<li data-start=\"8767\" data-end=\"8802\">\n<p data-start=\"8769\" data-end=\"8802\">Minskad byr\u00e5krati vid gr\u00e4nsen till Storbritannien<\/p>\n<\/li>\n<li data-start=\"8803\" data-end=\"8855\">\n<p data-start=\"8805\" data-end=\"8855\">B\u00e4ttre priss\u00e4ttning j\u00e4mf\u00f6rt med handelspartner utan f\u00f6rm\u00e5nsbehandling<\/p>\n<\/li>\n<li data-start=\"8856\" data-end=\"8909\">\n<p data-start=\"8858\" data-end=\"8909\">Snabb och p\u00e5litlig support med pappersarbete och logistik<\/p>\n<\/li>\n<\/ul>\n<hr data-start=\"8911\" data-end=\"8914\" \/>\n<h3 data-start=\"8916\" data-end=\"8944\">Vem b\u00f6r anv\u00e4nda DCTS?<\/h3>\n<p data-start=\"8946\" data-end=\"8973\">DCTS \u00e4r perfekt f\u00f6r dig som \u00e4r baserad i Storbritannien:<\/p>\n<ul data-start=\"8974\" data-end=\"9122\">\n<li data-start=\"8974\" data-end=\"9014\">\n<p data-start=\"8976\" data-end=\"9014\">Nystartade modef\u00f6retag och streetwear-varum\u00e4rken<\/p>\n<\/li>\n<li data-start=\"9015\" data-end=\"9051\">\n<p data-start=\"9017\" data-end=\"9051\">Online-\u00e5terf\u00f6rs\u00e4ljare och kostymbutiker<\/p>\n<\/li>\n<li data-start=\"9052\" data-end=\"9084\">\n<p data-start=\"9054\" data-end=\"9084\">F\u00f6retag som s\u00e4ljer profilkl\u00e4der<\/p>\n<\/li>\n<li data-start=\"9085\" data-end=\"9122\">\n<p data-start=\"9087\" data-end=\"9122\">Eventarrang\u00f6rer och teatergrupper<\/p>\n<\/li>\n<\/ul>\n<p data-start=\"9124\" data-end=\"9251\">Om du \u00e4r tr\u00f6tt p\u00e5 att betala h\u00f6ga tullar fr\u00e5n Asien eller k\u00e4mpa med EU:s ink\u00f6psregler efter brexit \u00e4r Madagaskar din l\u00f6sning.<\/p>\n<hr data-start=\"9253\" data-end=\"9256\" \/>\n<h3 data-start=\"9258\" data-end=\"9317\">Festival Factory: Din tillverkningspartner med fokus p\u00e5 Storbritannien<\/h3>\n<p data-start=\"9319\" data-end=\"9371\">Vi \u00e4r helt inst\u00e4llda p\u00e5 att m\u00f6ta brittiska k\u00f6pares behov och erbjuder:<\/p>\n<ul data-start=\"9372\" data-end=\"9521\">\n<li data-start=\"9372\" data-end=\"9406\">\n<p data-start=\"9374\" data-end=\"9406\">Stickprov och korttidsproduktion<\/p>\n<\/li>\n<li data-start=\"9407\" data-end=\"9442\">\n<p data-start=\"9409\" data-end=\"9442\">Engelskspr\u00e5kig kundsupport<\/p>\n<\/li>\n<li data-start=\"9443\" data-end=\"9480\">\n<p data-start=\"9445\" data-end=\"9480\">DCTS-kompatibel exportdokumentation<\/p>\n<\/li>\n<li data-start=\"9481\" data-end=\"9521\">\n<p data-start=\"9483\" data-end=\"9521\">Leverans i tid och kvalitetss\u00e4kring<\/p>\n<\/li>\n<\/ul>\n<hr data-start=\"9523\" data-end=\"9526\" \/>\n<h3 data-start=\"9528\" data-end=\"9554\">Vilka produkter kvalificerar sig?<\/h3>\n<p data-start=\"9556\" data-end=\"9625\">De flesta av v\u00e5ra kl\u00e4der faller inom DCTS-ber\u00e4ttigade kategorier, inklusive:<\/p>\n<ul data-start=\"9626\" data-end=\"9741\">\n<li data-start=\"9626\" data-end=\"9655\">\n<p data-start=\"9628\" data-end=\"9655\">Kostymer f\u00f6r festivaler och evenemang<\/p>\n<\/li>\n<li data-start=\"9656\" data-end=\"9684\">\n<p data-start=\"9658\" data-end=\"9684\">Barnkl\u00e4der med tema<\/p>\n<\/li>\n<li data-start=\"9685\" data-end=\"9712\">\n<p data-start=\"9687\" data-end=\"9712\">Skol- och gruppuniformer<\/p>\n<\/li>\n<li data-start=\"9713\" data-end=\"9741\">\n<p data-start=\"9715\" data-end=\"9741\">Kampanjkl\u00e4der med tryck<\/p>\n<\/li>\n<\/ul>\n<p data-start=\"9743\" data-end=\"9845\">V\u00e5rt team ser till att varje s\u00e4ndning inneh\u00e5ller r\u00e4tt ursprungsdeklarationer f\u00f6r att f\u00e5 full tullfrihet.<\/p>\n<hr data-start=\"9847\" data-end=\"9850\" \/>\n<h3 data-start=\"9852\" data-end=\"9888\">L\u00e5t oss s\u00e4nka dina kostnader efter Brexit<\/h3>\n<p data-start=\"9890\" data-end=\"10082\">Med s\u00e5 m\u00e5nga brittiska import\u00f6rer som vill diversifiera sina leveranskedjor erbjuder Madagaskar en <strong data-start=\"9978\" data-end=\"9999\">fr\u00e4scht alternativ<\/strong> med verkliga ekonomiska f\u00f6rdelar. DCTS \u00e4r bron - Festival Factory \u00e4r partnern.<\/p>\n<p data-start=\"10084\" data-end=\"10223\"><a href=\"https:\/\/festival-factory.com\/sv\/contact-us\/\">Meddelande till oss<\/a> f\u00f6r att bekr\u00e4fta beh\u00f6righet och unders\u00f6ka din n\u00e4sta produktionsk\u00f6rning.<\/p>","protected":false},"excerpt":{"rendered":"<p>Introduction: A New Era of Trade Between the UK and  [&#8230;]<\/p>\n","protected":false},"author":2,"featured_media":0,"parent":3512,"menu_order":0,"comment_status":"closed","ping_status":"closed","template":"","meta":{"_acf_changed":false,"footnotes":""},"class_list":["post-3922","page","type-page","status-publish","hentry"],"acf":[],"yoast_head":"<!-- This site is optimized with the Yoast SEO plugin v27.4 - https:\/\/yoast.com\/product\/yoast-seo-wordpress\/ -->\n<title>DCTS Agreement \u2013 Duty-Free Trade with the UK Post-Brexit<\/title>\n<meta name=\"description\" content=\"Ship apparel duty-free to the UK with Festival Factory under the DCTS. Learn how this agreement simplifies imports for British buyers.\" \/>\n<meta name=\"robots\" content=\"index, follow, max-snippet:-1, max-image-preview:large, max-video-preview:-1\" \/>\n<link rel=\"canonical\" href=\"https:\/\/festival-factory.com\/sv\/duty-free-shipping\/dcts-uk\/\" \/>\n<meta property=\"og:locale\" content=\"sv_SE\" \/>\n<meta property=\"og:type\" content=\"article\" \/>\n<meta property=\"og:title\" content=\"DCTS Agreement \u2013 Duty-Free Trade with the UK Post-Brexit\" \/>\n<meta property=\"og:description\" content=\"Ship apparel duty-free to the UK with Festival Factory under the DCTS. Learn how this agreement simplifies imports for British buyers.\" \/>\n<meta property=\"og:url\" content=\"https:\/\/festival-factory.com\/sv\/duty-free-shipping\/dcts-uk\/\" \/>\n<meta property=\"og:site_name\" content=\"Festival Factory Madagascar\" \/>\n<meta property=\"article:modified_time\" content=\"2025-07-18T19:41:07+00:00\" \/>\n<meta name=\"twitter:card\" content=\"summary_large_image\" \/>\n<meta name=\"twitter:label1\" content=\"Ber\u00e4knad l\u00e4stid\" \/>\n\t<meta name=\"twitter:data1\" content=\"2 minuter\" \/>\n<script type=\"application\/ld+json\" class=\"yoast-schema-graph\">{\"@context\":\"https:\\\/\\\/schema.org\",\"@graph\":[{\"@type\":\"WebPage\",\"@id\":\"https:\\\/\\\/festival-factory.com\\\/duty-free-shipping\\\/dcts-uk\\\/\",\"url\":\"https:\\\/\\\/festival-factory.com\\\/duty-free-shipping\\\/dcts-uk\\\/\",\"name\":\"DCTS Agreement \u2013 Duty-Free Trade with the UK Post-Brexit\",\"isPartOf\":{\"@id\":\"https:\\\/\\\/festival-factory.com\\\/#website\"},\"datePublished\":\"2025-07-18T14:47:30+00:00\",\"dateModified\":\"2025-07-18T19:41:07+00:00\",\"description\":\"Ship apparel duty-free to the UK with Festival Factory under the DCTS. Learn how this agreement simplifies imports for British buyers.\",\"breadcrumb\":{\"@id\":\"https:\\\/\\\/festival-factory.com\\\/duty-free-shipping\\\/dcts-uk\\\/#breadcrumb\"},\"inLanguage\":\"sv-SE\",\"potentialAction\":[{\"@type\":\"ReadAction\",\"target\":[\"https:\\\/\\\/festival-factory.com\\\/duty-free-shipping\\\/dcts-uk\\\/\"]}]},{\"@type\":\"BreadcrumbList\",\"@id\":\"https:\\\/\\\/festival-factory.com\\\/duty-free-shipping\\\/dcts-uk\\\/#breadcrumb\",\"itemListElement\":[{\"@type\":\"ListItem\",\"position\":1,\"name\":\"Home\",\"item\":\"https:\\\/\\\/festival-factory.com\\\/\"},{\"@type\":\"ListItem\",\"position\":2,\"name\":\"Duty-Free Shipping from Madagascar\",\"item\":\"https:\\\/\\\/festival-factory.com\\\/duty-free-shipping\\\/\"},{\"@type\":\"ListItem\",\"position\":3,\"name\":\"DCTS \u2013 Duty-Free Shipping to Great Britain\"}]},{\"@type\":\"WebSite\",\"@id\":\"https:\\\/\\\/festival-factory.com\\\/#website\",\"url\":\"https:\\\/\\\/festival-factory.com\\\/\",\"name\":\"Festival Factory Madagascar\",\"description\":\"Manufacturing apparel &amp; Costumes with decades of experience\",\"publisher\":{\"@id\":\"https:\\\/\\\/festival-factory.com\\\/#organization\"},\"potentialAction\":[{\"@type\":\"SearchAction\",\"target\":{\"@type\":\"EntryPoint\",\"urlTemplate\":\"https:\\\/\\\/festival-factory.com\\\/?s={search_term_string}\"},\"query-input\":{\"@type\":\"PropertyValueSpecification\",\"valueRequired\":true,\"valueName\":\"search_term_string\"}}],\"inLanguage\":\"sv-SE\"},{\"@type\":\"Organization\",\"@id\":\"https:\\\/\\\/festival-factory.com\\\/#organization\",\"name\":\"Festival Factory Madagascar\",\"url\":\"https:\\\/\\\/festival-factory.com\\\/\",\"logo\":{\"@type\":\"ImageObject\",\"inLanguage\":\"sv-SE\",\"@id\":\"https:\\\/\\\/festival-factory.com\\\/#\\\/schema\\\/logo\\\/image\\\/\",\"url\":\"https:\\\/\\\/festival-factory.com\\\/wp-content\\\/uploads\\\/2025\\\/02\\\/Festival-Logo.png\",\"contentUrl\":\"https:\\\/\\\/festival-factory.com\\\/wp-content\\\/uploads\\\/2025\\\/02\\\/Festival-Logo.png\",\"width\":2000,\"height\":519,\"caption\":\"Festival Factory Madagascar\"},\"image\":{\"@id\":\"https:\\\/\\\/festival-factory.com\\\/#\\\/schema\\\/logo\\\/image\\\/\"}}]}<\/script>\n<!-- \/ Yoast SEO plugin. -->","yoast_head_json":{"title":"DCTS-avtalet - tullfri handel med Storbritannien efter brexit","description":"Skicka kl\u00e4der tullfritt till Storbritannien med Festival Factory under DCTS. L\u00e4s mer om hur detta avtal f\u00f6renklar importen f\u00f6r brittiska k\u00f6pare.","robots":{"index":"index","follow":"follow","max-snippet":"max-snippet:-1","max-image-preview":"max-image-preview:large","max-video-preview":"max-video-preview:-1"},"canonical":"https:\/\/festival-factory.com\/sv\/duty-free-shipping\/dcts-uk\/","og_locale":"sv_SE","og_type":"article","og_title":"DCTS Agreement \u2013 Duty-Free Trade with the UK Post-Brexit","og_description":"Ship apparel duty-free to the UK with Festival Factory under the DCTS. Learn how this agreement simplifies imports for British buyers.","og_url":"https:\/\/festival-factory.com\/sv\/duty-free-shipping\/dcts-uk\/","og_site_name":"Festival Factory Madagascar","article_modified_time":"2025-07-18T19:41:07+00:00","twitter_card":"summary_large_image","twitter_misc":{"Ber\u00e4knad l\u00e4stid":"2 minuter"},"schema":{"@context":"https:\/\/schema.org","@graph":[{"@type":"WebPage","@id":"https:\/\/festival-factory.com\/duty-free-shipping\/dcts-uk\/","url":"https:\/\/festival-factory.com\/duty-free-shipping\/dcts-uk\/","name":"DCTS-avtalet - tullfri handel med Storbritannien efter brexit","isPartOf":{"@id":"https:\/\/festival-factory.com\/#website"},"datePublished":"2025-07-18T14:47:30+00:00","dateModified":"2025-07-18T19:41:07+00:00","description":"Skicka kl\u00e4der tullfritt till Storbritannien med Festival Factory under DCTS. L\u00e4s mer om hur detta avtal f\u00f6renklar importen f\u00f6r brittiska k\u00f6pare.","breadcrumb":{"@id":"https:\/\/festival-factory.com\/duty-free-shipping\/dcts-uk\/#breadcrumb"},"inLanguage":"sv-SE","potentialAction":[{"@type":"ReadAction","target":["https:\/\/festival-factory.com\/duty-free-shipping\/dcts-uk\/"]}]},{"@type":"BreadcrumbList","@id":"https:\/\/festival-factory.com\/duty-free-shipping\/dcts-uk\/#breadcrumb","itemListElement":[{"@type":"ListItem","position":1,"name":"Home","item":"https:\/\/festival-factory.com\/"},{"@type":"ListItem","position":2,"name":"Duty-Free Shipping from Madagascar","item":"https:\/\/festival-factory.com\/duty-free-shipping\/"},{"@type":"ListItem","position":3,"name":"DCTS \u2013 Duty-Free Shipping to Great Britain"}]},{"@type":"WebSite","@id":"https:\/\/festival-factory.com\/#website","url":"https:\/\/festival-factory.com\/","name":"Festival Factory Madagaskar","description":"Tillverkning av kl\u00e4der och kostymer med \u00e5rtionden av erfarenhet","publisher":{"@id":"https:\/\/festival-factory.com\/#organization"},"potentialAction":[{"@type":"SearchAction","target":{"@type":"EntryPoint","urlTemplate":"https:\/\/festival-factory.com\/?s={search_term_string}"},"query-input":{"@type":"PropertyValueSpecification","valueRequired":true,"valueName":"search_term_string"}}],"inLanguage":"sv-SE"},{"@type":"Organization","@id":"https:\/\/festival-factory.com\/#organization","name":"Festival Factory Madagaskar","url":"https:\/\/festival-factory.com\/","logo":{"@type":"ImageObject","inLanguage":"sv-SE","@id":"https:\/\/festival-factory.com\/#\/schema\/logo\/image\/","url":"https:\/\/festival-factory.com\/wp-content\/uploads\/2025\/02\/Festival-Logo.png","contentUrl":"https:\/\/festival-factory.com\/wp-content\/uploads\/2025\/02\/Festival-Logo.png","width":2000,"height":519,"caption":"Festival Factory Madagascar"},"image":{"@id":"https:\/\/festival-factory.com\/#\/schema\/logo\/image\/"}}]}},"_links":{"self":[{"href":"https:\/\/festival-factory.com\/sv\/wp-json\/wp\/v2\/pages\/3922","targetHints":{"allow":["GET"]}}],"collection":[{"href":"https:\/\/festival-factory.com\/sv\/wp-json\/wp\/v2\/pages"}],"about":[{"href":"https:\/\/festival-factory.com\/sv\/wp-json\/wp\/v2\/types\/page"}],"author":[{"embeddable":true,"href":"https:\/\/festival-factory.com\/sv\/wp-json\/wp\/v2\/users\/2"}],"replies":[{"embeddable":true,"href":"https:\/\/festival-factory.com\/sv\/wp-json\/wp\/v2\/comments?post=3922"}],"version-history":[{"count":3,"href":"https:\/\/festival-factory.com\/sv\/wp-json\/wp\/v2\/pages\/3922\/revisions"}],"predecessor-version":[{"id":3934,"href":"https:\/\/festival-factory.com\/sv\/wp-json\/wp\/v2\/pages\/3922\/revisions\/3934"}],"up":[{"embeddable":true,"href":"https:\/\/festival-factory.com\/sv\/wp-json\/wp\/v2\/pages\/3512"}],"wp:attachment":[{"href":"https:\/\/festival-factory.com\/sv\/wp-json\/wp\/v2\/media?parent=3922"}],"curies":[{"name":"wp","href":"https:\/\/api.w.org\/{rel}","templated":true}]}}